{"id":2846,"date":"2024-04-19T06:59:54","date_gmt":"2024-04-19T06:59:54","guid":{"rendered":"https:\/\/moyahousehold.com\/?post_type=product&#038;p=2846"},"modified":"2025-02-06T10:16:57","modified_gmt":"2025-02-06T10:16:57","slug":"wholesale-350ml-stylish-insulated-water-bottles-with-handle","status":"publish","type":"product","link":"https:\/\/moyahousehold.com\/ar\/product\/wholesale-350ml-stylish-insulated-water-bottles-with-handle\/","title":{"rendered":"\u0632\u062c\u0627\u062c\u0627\u062a \u0645\u064a\u0627\u0647 \u0623\u0646\u064a\u0642\u0629 \u0645\u0639\u0632\u0648\u0644\u0629 \u0645\u0639 \u0645\u0642\u0628\u0636 \u0628\u0627\u0644\u062c\u0645\u0644\u0629 \u0633\u0639\u0629 350 \u0645\u0644 - \u0627\u0644\u0634\u0631\u0643\u0629 \u0627\u0644\u0645\u0635\u0646\u0639\u0629 \u0644\u0632\u062c\u0627\u062c\u0627\u062a \u0627\u0644\u0645\u064a\u0627\u0647 MOYA"},"content":{"rendered":"<div class=\"wp-block-columns is-layout-flex wp-container-core-columns-is-layout-9d6595d7 wp-block-columns-is-layout-flex\">\n<div class=\"wp-block-column is-layout-flow wp-block-column-is-layout-flow\">\n<h3 class=\"wp-block-heading\">\u0645\u0639\u0644\u0645\u0627\u062a \u0632\u062c\u0627\u062c\u0629 \u0627\u0644\u0645\u064a\u0627\u0647 \u0627\u0644\u0645\u0639\u0632\u0648\u0644\u0629<\/h3>\n\n\n\n<figure class=\"wp-block-table\"><table class=\"has-fixed-layout\"><tbody><tr><td>\u0627\u0644\u0645\u0646\u062a\u062c&nbsp;<\/td><td>\u0627\u0644\u0637\u0627\u0642\u0629 \u0627\u0644\u0627\u0633\u062a\u064a\u0639\u0627\u0628\u064a\u0629<\/td><td>\u0627\u0644\u0637\u0631\u0627\u0632<\/td><td>\u0627\u0644\u0644\u0648\u0646<\/td><td>\u0627\u0644\u0645\u0648\u0627\u062f<\/td><td>\u0627\u0644\u0623\u0628\u0639\u0627\u062f<\/td><td>\u0627\u0644\u0648\u0632\u0646 \u0627\u0644\u0625\u062c\u0645\u0627\u0644\u064a<\/td><\/tr><tr><td>\u0645\u0642\u0628\u0636 350 \u0645\u0644\u0644\u064a<br>\u0632\u062c\u0627\u062c\u0629 \u062d\u0631\u0627\u0631\u064a\u0629<\/td><td>350 \u0645\u0644<\/td><td>MY0764<\/td><td>\u0623\u0633\u0648\u062f,<br>\u0623\u0628\u064a\u0636,<br>\u0648\u0631\u062f\u064a,<br>\u0631\u0645\u0627\u062f\u064a \u0641\u0627\u062a\u062d<\/td><td>PP\u060c 304 \u0645\u0646 \u0627\u0644\u0641\u0648\u0644\u0627\u0630 \u0627\u0644\u0645\u0642\u0627\u0648\u0645 \u0644\u0644\u0635\u062f\u0623 \uff0c \u062c\u0644 \u0627\u0644\u0633\u064a\u0644\u064a\u0643\u0627<\/td><td>75\u00d775\u00d775\u00d7185 \u0645\u0645<\/td><td>0.3 \u0643\u062c\u0645<\/td><\/tr><tr><td>\u0645\u0642\u0628\u0636 500 \u0645\u0644\u0644\u064a\u062a\u0631<br>\u0632\u062c\u0627\u062c\u0629 \u062d\u0631\u0627\u0631\u064a\u0629<\/td><td>500 \u0645\u0644<\/td><td>MY0894<\/td><td>\u0623\u0633\u0648\u062f,<br>\u0623\u0628\u064a\u0636,<br>\u0648\u0631\u062f\u064a,<br>\u0631\u0645\u0627\u062f\u064a \u0641\u0627\u062a\u062d<\/td><td>PP\u060c 304 \u0645\u0646 \u0627\u0644\u0641\u0648\u0644\u0627\u0630 \u0627\u0644\u0645\u0642\u0627\u0648\u0645 \u0644\u0644\u0635\u062f\u0623 \uff0c \u062c\u0644 \u0627\u0644\u0633\u064a\u0644\u064a\u0643\u0627<\/td><td>75 \u00d7 75 \u00d7 75 \u00d7 228 \u0645\u0645<\/td><td>0.4 \u0643\u062c\u0645<\/td><\/tr><\/tbody><\/table><\/figure>\n\n\n\n<h3 class=\"wp-block-heading\">\u062e\u064a\u0627\u0631 \u0632\u062c\u0627\u062c\u0629 \u0627\u0644\u0645\u064a\u0627\u0647 \u0627\u0644\u0645\u0639\u0632\u0648\u0644\u0629 \u0627\u0644\u0645\u062e\u0635\u0635\u0629<\/h3>\n\n\n\n<p><strong>\u0627\u0644\u0623\u063a\u0637\u064a\u0629:<\/strong>&nbsp;\u063a\u0637\u0627\u0621 \u0636\u063a\u0637 \u0645\u0646 \u0627\u0644\u0641\u0648\u0644\u0627\u0630 \u0627\u0644\u0645\u0642\u0627\u0648\u0645 \u0644\u0644\u0635\u062f\u0623\u060c \u063a\u0637\u0627\u0621 \u0628\u0645\u0642\u0628\u0636\u060c \u063a\u0637\u0627\u0621 \u062e\u0634\u0628\u064a.<br><strong>\u0627\u0644\u0634\u0639\u0627\u0631:&nbsp;<\/strong>\u062a\u062e\u0635\u064a\u0635 \u0634\u0639\u0627\u0631 \u0639\u0644\u0627\u0645\u062a\u0643 \u0627\u0644\u062a\u062c\u0627\u0631\u064a\u0629 \u0639\u0644\u0649 \u0627\u0644\u0645\u0646\u062a\u062c\u0627\u062a \u0648\u0627\u0644\u062a\u063a\u0644\u064a\u0641.<br><strong>\u062e\u064a\u0627\u0631\u0627\u062a \u0627\u0644\u0634\u0639\u0627\u0631:<\/strong>&nbsp;\u0634\u0639\u0627\u0631 \u0645\u0637\u0628\u0648\u0639\u060c \u0634\u0639\u0627\u0631 \u0645\u062d\u0641\u0648\u0631 \u0628\u0627\u0644\u0644\u064a\u0632\u0631\u060c \u0625\u0644\u062e.<br><strong>\u0627\u0644\u0623\u0646\u0645\u0627\u0637:<\/strong>&nbsp;\u0637\u0628\u0627\u0639\u0629 \u0627\u0644\u0623\u0646\u0645\u0627\u0637 \u0639\u0644\u0649 \u0632\u062c\u0627\u062c\u0627\u062a \u0627\u0644\u0645\u064a\u0627\u0647 \u0627\u0644\u0645\u0639\u0632\u0648\u0644\u0629.<br><strong>\u062a\u0642\u0646\u064a\u0629 \u0627\u0644\u0637\u0628\u0627\u0639\u0629:<\/strong>&nbsp;\u0627\u0644\u0637\u0628\u0627\u0639\u0629 \u0628\u0627\u0644\u0646\u0642\u0644 \u0627\u0644\u0645\u0627\u0626\u064a\u060c \u0648\u0637\u0628\u0627\u0639\u0629 \u0627\u0644\u0634\u0627\u0634\u0629 \u0627\u0644\u062d\u0631\u064a\u0631\u064a\u0629\u060c \u0648\u0637\u0628\u0627\u0639\u0629 \u0627\u0644\u0646\u0642\u0644 \u0627\u0644\u062d\u0631\u0627\u0631\u064a\u060c \u0648\u0637\u0628\u0627\u0639\u0629 \u0627\u0644\u0646\u0642\u0644 \u0627\u0644\u062d\u0631\u0627\u0631\u064a\u060c \u0648\u0646\u0642\u0644 \u0627\u0644\u062a\u0633\u0627\u0645\u064a \u0648\u063a\u064a\u0631\u0647\u0627.<br><strong>\u0627\u0644\u062a\u0639\u0628\u0626\u0629 \u0648\u0627\u0644\u062a\u063a\u0644\u064a\u0641:<\/strong>&nbsp;\u0635\u0646\u062f\u0648\u0642 \u0623\u0644\u0648\u0627\u0646.<br><a href=\"https:\/\/moyahousehold.com\/ar\/custom-solution\/\" target=\"_blank\" rel=\"noreferrer noopener\"><strong>\u0627\u0643\u062a\u0634\u0641 \u0627\u0644\u0645\u0632\u064a\u062f \u0639\u0646 \u062d\u0644\u0648\u0644 \u0632\u062c\u0627\u062c\u0627\u062a \u0627\u0644\u0645\u064a\u0627\u0647 \u0627\u0644\u0645\u0639\u0632\u0648\u0644\u0629 \u0627\u0644\u0645\u062e\u0635\u0635\u0629.<\/strong><\/a><\/p>\n<\/div>\n<\/div>\n\n\n\n<div class=\"wp-block-columns is-layout-flex wp-container-core-columns-is-layout-9d6595d7 wp-block-columns-is-layout-flex\">\n<div class=\"wp-block-column is-layout-flow wp-block-column-is-layout-flow\">\n<figure class=\"wp-block-image size-full\"><img fetchpriority=\"high\" decoding=\"async\" width=\"1600\" height=\"1600\" src=\"https:\/\/moyahousehold.com\/wp-content\/uploads\/2024\/04\/350mL-insulated-water-bottle-detail-3.webp\" alt=\"\u0632\u062c\u0627\u062c\u0629 \u0645\u064a\u0627\u0647 \u0645\u0639\u0632\u0648\u0644\u0629 \u0633\u0639\u0629 350 \u0645\u0644\u0644\u064a\u062a\u0631 \u062a\u0641\u0627\u0635\u064a\u0644 (3)\" class=\"wp-image-10288\" srcset=\"https:\/\/moyahousehold.com\/wp-content\/uploads\/2024\/04\/350mL-insulated-water-bottle-detail-3.webp 1600w, https:\/\/moyahousehold.com\/wp-content\/uploads\/2024\/04\/350mL-insulated-water-bottle-detail-3-300x300.webp 300w, https:\/\/moyahousehold.com\/wp-content\/uploads\/2024\/04\/350mL-insulated-water-bottle-detail-3-150x150.webp 150w, https:\/\/moyahousehold.com\/wp-content\/uploads\/2024\/04\/350mL-insulated-water-bottle-detail-3-768x768.webp 768w, https:\/\/moyahousehold.com\/wp-content\/uploads\/2024\/04\/350mL-insulated-water-bottle-detail-3-12x12.webp 12w, https:\/\/moyahousehold.com\/wp-content\/uploads\/2024\/04\/350mL-insulated-water-bottle-detail-3-285x285.webp 285w, https:\/\/moyahousehold.com\/wp-content\/uploads\/2024\/04\/350mL-insulated-water-bottle-detail-3-270x270.webp 270w, https:\/\/moyahousehold.com\/wp-content\/uploads\/2024\/04\/350mL-insulated-water-bottle-detail-3-540x540.webp 540w, https:\/\/moyahousehold.com\/wp-content\/uploads\/2024\/04\/350mL-insulated-water-bottle-detail-3-660x660.webp 660w\" sizes=\"(max-width: 1600px) 100vw, 1600px\" \/><\/figure>\n<\/div>\n\n\n\n<div class=\"wp-block-column is-layout-flow wp-block-column-is-layout-flow\">\n<figure class=\"wp-block-image size-full\"><img decoding=\"async\" width=\"1600\" height=\"1600\" src=\"https:\/\/moyahousehold.com\/wp-content\/uploads\/2024\/04\/350mL-insulated-water-bottle-detail-4.webp\" alt=\"\u0632\u062c\u0627\u062c\u0629 \u0645\u064a\u0627\u0647 \u0645\u0639\u0632\u0648\u0644\u0629 \u0633\u0639\u0629 350 \u0645\u0644\u0644\u064a\u062a\u0631 \u062a\u0641\u0627\u0635\u064a\u0644 (4)\" class=\"wp-image-10289\" srcset=\"https:\/\/moyahousehold.com\/wp-content\/uploads\/2024\/04\/350mL-insulated-water-bottle-detail-4.webp 1600w, https:\/\/moyahousehold.com\/wp-content\/uploads\/2024\/04\/350mL-insulated-water-bottle-detail-4-300x300.webp 300w, https:\/\/moyahousehold.com\/wp-content\/uploads\/2024\/04\/350mL-insulated-water-bottle-detail-4-150x150.webp 150w, https:\/\/moyahousehold.com\/wp-content\/uploads\/2024\/04\/350mL-insulated-water-bottle-detail-4-768x768.webp 768w, https:\/\/moyahousehold.com\/wp-content\/uploads\/2024\/04\/350mL-insulated-water-bottle-detail-4-12x12.webp 12w, https:\/\/moyahousehold.com\/wp-content\/uploads\/2024\/04\/350mL-insulated-water-bottle-detail-4-285x285.webp 285w, https:\/\/moyahousehold.com\/wp-content\/uploads\/2024\/04\/350mL-insulated-water-bottle-detail-4-270x270.webp 270w, https:\/\/moyahousehold.com\/wp-content\/uploads\/2024\/04\/350mL-insulated-water-bottle-detail-4-540x540.webp 540w, https:\/\/moyahousehold.com\/wp-content\/uploads\/2024\/04\/350mL-insulated-water-bottle-detail-4-660x660.webp 660w\" sizes=\"(max-width: 1600px) 100vw, 1600px\" \/><\/figure>\n<\/div>\n<\/div>","protected":false},"excerpt":{"rendered":"<div>\u0634\u0631\u0643\u0629 MOYA \u0627\u0644\u0645\u0635\u0646\u0639\u0629 \u0644\u0632\u062c\u0627\u062c\u0627\u062a \u0627\u0644\u0645\u064a\u0627\u0647 MOYA\u060c \u0632\u062c\u0627\u062c\u0627\u062a \u0627\u0644\u0645\u064a\u0627\u0647 \u0627\u0644\u0645\u0639\u0632\u0648\u0644\u0629 \u0633\u0639\u0629 350 \u0645\u0644\u060c \u062a\u0635\u0645\u064a\u0645\u0647\u0627 \u0630\u0648 \u0627\u0644\u0641\u062a\u062d\u0629 \u0627\u0644\u0648\u0627\u0633\u0639\u0629 \u0645\u0646\u0627\u0633\u0628 \u0644\u0635\u0628 \u0627\u0644\u0645\u0627\u0621 \u0648\u0625\u0636\u0627\u0641\u0629 \u0645\u0643\u0639\u0628\u0627\u062a \u0627\u0644\u062b\u0644\u062c\u060c \u0645\u0645\u0627 \u064a\u0644\u0628\u064a \u0627\u0644\u0627\u062d\u062a\u064a\u0627\u062c\u0627\u062a \u0627\u0644\u0645\u062e\u062a\u0644\u0641\u0629. 100% \u0645\u0627\u062f\u0629 \u062e\u0627\u0644\u064a\u0629 \u0645\u0646 \u0645\u0627\u062f\u0629 BPA\u060c \u0645\u0645\u0627 \u064a\u0636\u0645\u0646 \u0627\u0644\u0635\u062d\u0629 \u0648\u0627\u0644\u0633\u0644\u0627\u0645\u0629. \u0646\u062d\u0646 \u0646\u0642\u062f\u0645 \u062e\u062f\u0645\u0627\u062a \u0627\u0644\u0628\u064a\u0639 \u0628\u0627\u0644\u062c\u0645\u0644\u0629 \u0627\u0644\u0627\u062d\u062a\u0631\u0627\u0641\u064a\u0629\u060c \u0648\u0646\u062f\u0639\u0645 \u062a\u0635\u0646\u064a\u0639 \u0627\u0644\u0645\u0639\u062f\u0627\u062a \u0627\u0644\u0623\u0635\u0644\u064a\u0629 \u0648\u062a\u0635\u0646\u064a\u0639 \u0627\u0644\u062a\u0635\u0645\u064a\u0645 \u0627\u0644\u0623\u0635\u0644\u064a\u060c \u0627\u062a\u0635\u0644 \u0628\u0646\u0627 \u0644\u0644\u062d\u0635\u0648\u0644 \u0639\u0644\u0649 \u0639\u0631\u0636 \u0623\u0633\u0639\u0627\u0631.<\/div>\n<h3>\u0645\u064a\u0632\u0627\u062a \u0648\u0641\u0648\u0627\u0626\u062f \u0632\u062c\u0627\u062c\u0629 \u0627\u0644\u0645\u064a\u0627\u0647 \u0627\u0644\u0645\u0639\u0632\u0648\u0644\u0629 \u0633\u0639\u0629 350 \u0645\u0644\u0644\u062a\u0631<\/h3>\n<div>\n<div>\n<p><strong>\u0627\u0644\u0645\u0648\u0627\u062f \u0627\u0644\u0635\u062d\u064a\u0629:<\/strong> \u0625\u0646 \u0632\u062c\u0627\u062c\u0629 \u0627\u0644\u0645\u064a\u0627\u0647 \u0627\u0644\u0645\u0639\u0632\u0648\u0644\u0629 \u0645\u0635\u0646\u0648\u0639\u0629 \u0645\u0646 \u0627\u0644\u0641\u0648\u0644\u0627\u0630 \u0627\u0644\u0645\u0642\u0627\u0648\u0645 \u0644\u0644\u0635\u062f\u0623 304 \u0627\u0644\u0645\u0642\u0627\u0648\u0645 \u0644\u0644\u0635\u062f\u0623 \u0645\u0646 \u0627\u0644\u062f\u0631\u062c\u0629 \u0627\u0644\u063a\u0630\u0627\u0626\u064a\u0629\u060c \u0648\u0647\u064a \u0645\u062a\u064a\u0646\u0629 \u0644\u0644\u063a\u0627\u064a\u0629 \u0648\u064a\u0645\u0643\u0646\u0647\u0627 \u062a\u062e\u0632\u064a\u0646 \u0627\u0644\u0645\u0634\u0631\u0648\u0628\u0627\u062a \u0627\u0644\u0628\u0627\u0631\u062f\u0629 \u0623\u0648 \u0627\u0644\u0633\u0627\u062e\u0646\u0629 \u0648\u0633\u0647\u0644\u0629 \u0627\u0644\u062a\u0646\u0638\u064a\u0641.<\/p>\n<p><strong>\u062a\u0635\u0645\u064a\u0645 \u0642\u0627\u0639 \u0639\u0645\u0644\u064a:<\/strong> \u0635\u064f\u0645\u0645 \u0627\u0644\u062c\u0632\u0621 \u0627\u0644\u0633\u0641\u0644\u064a \u0645\u0646 \u0632\u062c\u0627\u062c\u0629 \u0627\u0644\u0645\u064a\u0627\u0647 \u0627\u0644\u0645\u0639\u0632\u0648\u0644\u0629 \u062e\u0635\u064a\u0635\u064b\u0627 \u0628\u0648\u0638\u0627\u0626\u0641 \u0645\u0627\u0646\u0639\u0629 \u0644\u0644\u0627\u0646\u0632\u0644\u0627\u0642 \u0648\u0645\u0636\u0627\u062f\u0629 \u0644\u0644\u062a\u0644\u0641\u060c \u0645\u0645\u0627 \u064a\u062c\u0639\u0644\u0647\u0627 \u0623\u0643\u062b\u0631 \u0623\u0645\u0627\u0646\u064b\u0627 \u0639\u0646\u062f \u0627\u0644\u0627\u0633\u062a\u062e\u062f\u0627\u0645.<\/p>\n<p><strong>\u062a\u0635\u0645\u064a\u0645 \u0627\u0644\u0645\u0642\u0628\u0636:<\/strong> \u062a\u0635\u0645\u064a\u0645 \u0627\u0644\u063a\u0637\u0627\u0621 \u0645\u0631\u064a\u062d\u060c \u0648\u0632\u062c\u0627\u062c\u0629 \u0627\u0644\u0645\u064a\u0627\u0647 \u0627\u0644\u0645\u0639\u0632\u0648\u0644\u0629 \u0645\u0632\u0648\u062f\u0629 \u0628\u0645\u0642\u0628\u0636 \u064a\u0633\u0647\u0644 \u062d\u0645\u0644\u0647\u0627\u060c \u0645\u0645\u0627 \u064a\u0633\u0647\u0644 \u062d\u0645\u0644\u0647\u0627 \u0645\u0642\u0627\u0631\u0646\u0629 \u0628\u0632\u062c\u0627\u062c\u0627\u062a \u0627\u0644\u062a\u0631\u0645\u0633 \u0627\u0644\u0639\u0627\u062f\u064a\u0629 \u0648\u064a\u062d\u0633\u0646 \u0645\u0646 \u0643\u0641\u0627\u0621\u0629 \u0627\u0644\u0627\u0633\u062a\u062e\u062f\u0627\u0645.<\/p>\n<p><strong>\u062a\u0635\u0645\u064a\u0645 \u0628\u0633\u064a\u0637 \u0648\u062c\u0645\u064a\u0644:<\/strong> \u0627\u0644\u0645\u0638\u0647\u0631 \u0628\u0633\u064a\u0637 \u0648\u062c\u0645\u064a\u0644 \u0648\u0645\u062d\u0628\u0648\u0628 \u0644\u0644\u063a\u0627\u064a\u0629 \u0645\u0646 \u0642\u0628\u0644 \u0627\u0644\u0646\u0627\u0633 \u0648\u0645\u0646\u0627\u0633\u0628 \u0644\u0644\u0627\u0633\u062a\u062e\u062f\u0627\u0645 \u0641\u064a \u0645\u062e\u062a\u0644\u0641 \u0627\u0644\u0645\u0646\u0627\u0633\u0628\u0627\u062a.<\/p>\n<p><strong>\u0639\u0645\u0644\u064a\u0629 \u0627\u0644\u0637\u0644\u0627\u0621 \u0628\u0627\u0644\u062e\u0628\u0632:<\/strong> \u064a\u0639\u062a\u0645\u062f \u0633\u0637\u062d \u0632\u062c\u0627\u062c\u0629 \u0627\u0644\u0645\u064a\u0627\u0647 \u0627\u0644\u0645\u0639\u0632\u0648\u0644\u0629 \u0639\u0644\u0649 \u0639\u0645\u0644\u064a\u0629 \u0637\u0644\u0627\u0621 \u0627\u0644\u062e\u0628\u0632\u060c \u0648\u0627\u0644\u0645\u0638\u0647\u0631 \u0644\u064a\u0633 \u0645\u0646 \u0627\u0644\u0633\u0647\u0644 \u062e\u062f\u0634\u0647\u060c \u0643\u0645\u0627 \u0623\u0646\u0647 \u064a\u062d\u0627\u0641\u0638 \u0639\u0644\u0649 \u062c\u0645\u0627\u0644\u0647 \u0639\u0644\u0649 \u0627\u0644\u0645\u062f\u0649 \u0627\u0644\u0637\u0648\u064a\u0644.<\/p>\n<p><strong>\u062e\u062f\u0645\u0629 \u0627\u0644\u0628\u064a\u0639 \u0628\u0627\u0644\u062c\u0645\u0644\u0629:<\/strong> \u062a\u0642\u062f\u0645 MOYA \u0623\u0643\u062b\u0631 \u062d\u0644\u0648\u0644 \u0632\u062c\u0627\u062c\u0627\u062a \u0627\u0644\u0645\u064a\u0627\u0647 \u0627\u0644\u0645\u0639\u0632\u0648\u0644\u0629 \u0634\u0645\u0648\u0644\u0627\u064b \u0644\u0644\u0628\u064a\u0639 \u0628\u0627\u0644\u062c\u0645\u0644\u0629\u060c \u062d\u064a\u062b \u062a\u062f\u0639\u0645 \u0637\u0644\u0628\u0627\u062a \u0627\u0644\u0634\u0631\u0627\u0621 \u0639\u0644\u0649 \u062f\u0641\u0639\u0627\u062a \u0635\u063a\u064a\u0631\u0629 \u0648\u0639\u0645\u0644\u064a\u0627\u062a \u0627\u0644\u0634\u0631\u0627\u0621 \u0639\u0644\u0649 \u0646\u0637\u0627\u0642 \u0648\u0627\u0633\u0639 \u0644\u062a\u0644\u0628\u064a\u0629 \u0627\u062d\u062a\u064a\u0627\u062c\u0627\u062a \u0627\u0644\u0639\u0645\u0644\u0627\u0621 \u0627\u0644\u0645\u062e\u062a\u0644\u0641\u064a\u0646.<\/p>\n<p><strong>\u062e\u062f\u0645\u0629 \u062a\u062e\u0635\u064a\u0635 OEM \u0648 ODM:<\/strong> \u0646\u062d\u0646 \u0646\u062f\u0639\u0645 \u0645\u062c\u0645\u0648\u0639\u0629 \u0645\u062a\u0646\u0648\u0639\u0629 \u0645\u0646 \u062d\u0644\u0648\u0644 \u0627\u0644\u062a\u062e\u0635\u064a\u0635 \u0628\u0645\u0627 \u0641\u064a \u0630\u0644\u0643 \u0627\u0644\u0634\u0639\u0627\u0631 \u0648\u0627\u0644\u062a\u0639\u0628\u0626\u0629 \u0648\u0627\u0644\u062a\u063a\u0644\u064a\u0641 \u0648\u0627\u0644\u0645\u0642\u0627\u0628\u0636 \u0648\u0645\u0627 \u0625\u0644\u0649 \u0630\u0644\u0643 \u0644\u062a\u0644\u0628\u064a\u0629 \u0627\u0644\u0627\u062d\u062a\u064a\u0627\u062c\u0627\u062a \u0627\u0644\u0634\u062e\u0635\u064a\u0629.<\/p>\n<\/div>\n<\/div>","protected":false},"featured_media":10284,"comment_status":"closed","ping_status":"closed","template":"","meta":[],"product_cat":[53],"product_tag":[104],"class_list":{"0":"post-2846","1":"product","2":"type-product","3":"status-publish","4":"has-post-thumbnail","6":"product_cat-vacuum-bottle-wholesale","7":"product_tag-wholesale-350ml-insulated-water-bottles","9":"first","10":"instock","11":"shipping-taxable","12":"product-type-simple"},"_links":{"self":[{"href":"https:\/\/moyahousehold.com\/ar\/wp-json\/wp\/v2\/product\/2846","targetHints":{"allow":["GET"]}}],"collection":[{"href":"https:\/\/moyahousehold.com\/ar\/wp-json\/wp\/v2\/product"}],"about":[{"href":"https:\/\/moyahousehold.com\/ar\/wp-json\/wp\/v2\/types\/product"}],"replies":[{"embeddable":true,"href":"https:\/\/moyahousehold.com\/ar\/wp-json\/wp\/v2\/comments?post=2846"}],"version-history":[{"count":1,"href":"https:\/\/moyahousehold.com\/ar\/wp-json\/wp\/v2\/product\/2846\/revisions"}],"predecessor-version":[{"id":12724,"href":"https:\/\/moyahousehold.com\/ar\/wp-json\/wp\/v2\/product\/2846\/revisions\/12724"}],"wp:featuredmedia":[{"embeddable":true,"href":"https:\/\/moyahousehold.com\/ar\/wp-json\/wp\/v2\/media\/10284"}],"wp:attachment":[{"href":"https:\/\/moyahousehold.com\/ar\/wp-json\/wp\/v2\/media?parent=2846"}],"wp:term":[{"taxonomy":"product_cat","embeddable":true,"href":"https:\/\/moyahousehold.com\/ar\/wp-json\/wp\/v2\/product_cat?post=2846"},{"taxonomy":"product_tag","embeddable":true,"href":"https:\/\/moyahousehold.com\/ar\/wp-json\/wp\/v2\/product_tag?post=2846"}],"curies":[{"name":"wp","href":"https:\/\/api.w.org\/{rel}","templated":true}]}}