{"id":3048,"date":"2024-04-20T09:40:32","date_gmt":"2024-04-20T09:40:32","guid":{"rendered":"https:\/\/moyahousehold.com\/?post_type=product&#038;p=3048"},"modified":"2025-02-06T10:16:46","modified_gmt":"2025-02-06T10:16:46","slug":"wholesale-vacuum-bottle-long-my0809","status":"publish","type":"product","link":"https:\/\/moyahousehold.com\/ar\/product\/wholesale-vacuum-bottle-long-my0809\/","title":{"rendered":"\u0632\u062c\u0627\u062c\u0629 \u0645\u0641\u0631\u063a\u0629 \u0645\u0646 \u0627\u0644\u0641\u0648\u0644\u0627\u0630 \u0627\u0644\u0645\u0642\u0627\u0648\u0645 \u0644\u0644\u0635\u062f\u0623 \u0633\u0639\u0629 350 \u0645\u0644\u060c \u0632\u062c\u0627\u062c\u0627\u062a \u0645\u064a\u0627\u0647 \u0645\u0639\u0632\u0648\u0644\u0629 \u0644\u0637\u064a\u0641\u0629 \u0628\u0627\u0644\u062c\u0645\u0644\u0629\u060c \u062a\u062f\u0639\u0645 \u062a\u0635\u0646\u064a\u0639 \u0627\u0644\u0645\u0639\u062f\u0627\u062a \u0627\u0644\u0623\u0635\u0644\u064a\u0629 \u0648\u062a\u0635\u0646\u064a\u0639 \u0627\u0644\u062a\u0635\u0645\u064a\u0645 \u0627\u0644\u0634\u062e\u0635\u064a"},"content":{"rendered":"<div class=\"wp-block-columns is-layout-flex wp-container-core-columns-is-layout-9d6595d7 wp-block-columns-is-layout-flex\">\n<div class=\"wp-block-column is-layout-flow wp-block-column-is-layout-flow\">\n<h3 class=\"wp-block-heading\">\u0645\u0639\u0644\u0645\u0627\u062a \u0632\u062c\u0627\u062c\u0629 \u062a\u0641\u0631\u064a\u063a \u0627\u0644\u0647\u0648\u0627\u0621 \u0645\u0646 \u0627\u0644\u0641\u0648\u0644\u0627\u0630 \u0627\u0644\u0645\u0642\u0627\u0648\u0645 \u0644\u0644\u0635\u062f\u0623 \u0633\u0639\u0629 350 \u0645\u0644<\/h3>\n\n\n\n<figure class=\"wp-block-table\"><table class=\"has-fixed-layout\"><tbody><tr><td>\u0627\u0644\u0645\u0646\u062a\u062c&nbsp;<\/td><td>\u0627\u0644\u0637\u0627\u0642\u0629 \u0627\u0644\u0627\u0633\u062a\u064a\u0639\u0627\u0628\u064a\u0629<\/td><td>\u0627\u0644\u0637\u0631\u0627\u0632<\/td><td>\u0627\u0644\u0644\u0648\u0646<\/td><td>\u0627\u0644\u0645\u0648\u0627\u062f<\/td><td>\u0627\u0644\u0623\u0628\u0639\u0627\u062f<\/td><td>\u0627\u0644\u0648\u0632\u0646 \u0627\u0644\u0625\u062c\u0645\u0627\u0644\u064a<\/td><\/tr><tr><td>\u0632\u062c\u0627\u062c\u0629 \u0645\u064a\u0627\u0647 \u0636\u064a\u0642\u0629 \u0627\u0644\u0641\u0645 \u0645\u0639\u0632\u0648\u0644 350 \u0645\u0644\u0644\u064a\u062a\u0631<\/td><td>350 \u0645\u0644<\/td><td>MY0809<\/td><td>\u0623\u0633\u0648\u062f,<br>\u0623\u0628\u064a\u0636,<br>\u0623\u062e\u0636\u0631 \u062f\u0627\u0643\u0646<\/td><td>PP\u060c 304 \u0645\u0646 \u0627\u0644\u0641\u0648\u0644\u0627\u0630 \u0627\u0644\u0645\u0642\u0627\u0648\u0645 \u0644\u0644\u0635\u062f\u0623 \uff0c \u062c\u0644 \u0627\u0644\u0633\u064a\u0644\u064a\u0643\u0627<\/td><td>70 \u00d7 70 \u00d7 70 \u00d7 192 \u0645\u0645<\/td><td>0.4 \u0643\u062c\u0645<\/td><\/tr><\/tbody><\/table><\/figure>\n<\/div>\n<\/div>\n\n\n\n<h3 class=\"wp-block-heading\">\u062e\u064a\u0627\u0631\u0627\u062a \u0632\u062c\u0627\u062c\u0629 \u062a\u0641\u0631\u064a\u063a \u0627\u0644\u0647\u0648\u0627\u0621 \u0645\u0646 \u0627\u0644\u0641\u0648\u0644\u0627\u0630 \u0627\u0644\u0645\u0642\u0627\u0648\u0645 \u0644\u0644\u0635\u062f\u0623 \u0627\u0644\u0645\u062e\u0635\u0635\u0629<\/h3>\n\n\n\n<p><strong>\u0627\u0644\u0623\u063a\u0637\u064a\u0629: <\/strong>\u063a\u0637\u0627\u0621 \u0636\u063a\u0637 \u0645\u0646 \u0627\u0644\u0641\u0648\u0644\u0627\u0630 \u0627\u0644\u0645\u0642\u0627\u0648\u0645 \u0644\u0644\u0635\u062f\u0623\u060c \u063a\u0637\u0627\u0621 \u0628\u0645\u0642\u0628\u0636\u060c \u063a\u0637\u0627\u0621 \u062e\u0634\u0628\u064a.<br><strong>\u0627\u0644\u0634\u0639\u0627\u0631:<\/strong> \u062a\u062e\u0635\u064a\u0635 \u0634\u0639\u0627\u0631 \u0639\u0644\u0627\u0645\u062a\u0643 \u0627\u0644\u062a\u062c\u0627\u0631\u064a\u0629 \u0639\u0644\u0649 \u0627\u0644\u0645\u0646\u062a\u062c \u0648\u0627\u0644\u0639\u0628\u0648\u0629.<br><strong>\u062e\u064a\u0627\u0631\u0627\u062a \u0627\u0644\u0634\u0639\u0627\u0631:<\/strong> \u0634\u0639\u0627\u0631 \u0645\u0637\u0628\u0648\u0639\u060c \u0634\u0639\u0627\u0631 \u0645\u062d\u0641\u0648\u0631 \u0628\u0627\u0644\u0644\u064a\u0632\u0631\u060c \u0625\u0644\u062e.<br><strong>\u0627\u0644\u0646\u0645\u0637:<\/strong> \u0637\u0628\u0627\u0639\u0629 \u0627\u0644\u0623\u0646\u0645\u0627\u0637 \u0639\u0644\u0649 \u0627\u0644\u0632\u062c\u0627\u062c\u0627\u062a \u0627\u0644\u0645\u0641\u0631\u063a\u0629 \u0645\u0646 \u0627\u0644\u0647\u0648\u0627\u0621.<br><strong>\u062a\u0642\u0646\u064a\u0629 \u0627\u0644\u0637\u0628\u0627\u0639\u0629:<\/strong> \u0637\u0628\u0627\u0639\u0629 \u0646\u0642\u0644 \u0627\u0644\u0645\u0627\u0621\u060c \u0637\u0628\u0627\u0639\u0629 \u0627\u0644\u0634\u0627\u0634\u0629 \u0627\u0644\u062d\u0631\u064a\u0631\u064a\u0629\u060c \u0637\u0628\u0627\u0639\u0629 \u0646\u0642\u0644 \u0627\u0644\u062d\u0631\u0627\u0631\u0629\u060c \u0646\u0642\u0644 \u0627\u0644\u062d\u0631\u0627\u0631\u0629\u060c \u0646\u0642\u0644 \u0627\u0644\u062a\u0633\u0627\u0645\u064a\u060c \u0625\u0644\u062e. \u0627\u0644\u0639\u0628\u0648\u0629: \u0635\u0646\u062f\u0648\u0642 \u0623\u0644\u0648\u0627\u0646<\/p>\n\n\n\n<div class=\"wp-block-columns is-layout-flex wp-container-core-columns-is-layout-9d6595d7 wp-block-columns-is-layout-flex\">\n<div class=\"wp-block-column is-layout-flow wp-block-column-is-layout-flow\">\n<figure class=\"wp-block-image size-full\"><img fetchpriority=\"high\" decoding=\"async\" width=\"1600\" height=\"1600\" src=\"https:\/\/moyahousehold.com\/wp-content\/uploads\/2024\/04\/350mL-Stainless-Steel-Vacuum-Bottle-Details-5.webp\" alt=\"\u062a\u0641\u0627\u0635\u064a\u0644 \u0632\u062c\u0627\u062c\u0629 \u062a\u0641\u0631\u064a\u063a \u0627\u0644\u0647\u0648\u0627\u0621 \u0645\u0646 \u0627\u0644\u0641\u0648\u0644\u0627\u0630 \u0627\u0644\u0645\u0642\u0627\u0648\u0645 \u0644\u0644\u0635\u062f\u0623 \u0633\u0639\u0629 350 \u0645\u0644 (5)\" class=\"wp-image-10339\" srcset=\"https:\/\/moyahousehold.com\/wp-content\/uploads\/2024\/04\/350mL-Stainless-Steel-Vacuum-Bottle-Details-5.webp 1600w, https:\/\/moyahousehold.com\/wp-content\/uploads\/2024\/04\/350mL-Stainless-Steel-Vacuum-Bottle-Details-5-300x300.webp 300w, https:\/\/moyahousehold.com\/wp-content\/uploads\/2024\/04\/350mL-Stainless-Steel-Vacuum-Bottle-Details-5-150x150.webp 150w, https:\/\/moyahousehold.com\/wp-content\/uploads\/2024\/04\/350mL-Stainless-Steel-Vacuum-Bottle-Details-5-768x768.webp 768w, https:\/\/moyahousehold.com\/wp-content\/uploads\/2024\/04\/350mL-Stainless-Steel-Vacuum-Bottle-Details-5-12x12.webp 12w, https:\/\/moyahousehold.com\/wp-content\/uploads\/2024\/04\/350mL-Stainless-Steel-Vacuum-Bottle-Details-5-285x285.webp 285w, https:\/\/moyahousehold.com\/wp-content\/uploads\/2024\/04\/350mL-Stainless-Steel-Vacuum-Bottle-Details-5-270x270.webp 270w, https:\/\/moyahousehold.com\/wp-content\/uploads\/2024\/04\/350mL-Stainless-Steel-Vacuum-Bottle-Details-5-540x540.webp 540w, https:\/\/moyahousehold.com\/wp-content\/uploads\/2024\/04\/350mL-Stainless-Steel-Vacuum-Bottle-Details-5-660x660.webp 660w\" sizes=\"(max-width: 1600px) 100vw, 1600px\" \/><\/figure>\n<\/div>\n\n\n\n<div class=\"wp-block-column is-layout-flow wp-block-column-is-layout-flow\">\n<figure class=\"wp-block-image size-full\"><img decoding=\"async\" width=\"1600\" height=\"1600\" src=\"https:\/\/moyahousehold.com\/wp-content\/uploads\/2024\/04\/350mL-Stainless-Steel-Vacuum-Bottle-Details-6.webp\" alt=\"\u062a\u0641\u0627\u0635\u064a\u0644 \u0632\u062c\u0627\u062c\u0629 \u062a\u0641\u0631\u064a\u063a \u0627\u0644\u0647\u0648\u0627\u0621 \u0645\u0646 \u0627\u0644\u0641\u0648\u0644\u0627\u0630 \u0627\u0644\u0645\u0642\u0627\u0648\u0645 \u0644\u0644\u0635\u062f\u0623 \u0633\u0639\u0629 350 \u0645\u0644 (6)\" class=\"wp-image-10340\" srcset=\"https:\/\/moyahousehold.com\/wp-content\/uploads\/2024\/04\/350mL-Stainless-Steel-Vacuum-Bottle-Details-6.webp 1600w, https:\/\/moyahousehold.com\/wp-content\/uploads\/2024\/04\/350mL-Stainless-Steel-Vacuum-Bottle-Details-6-300x300.webp 300w, https:\/\/moyahousehold.com\/wp-content\/uploads\/2024\/04\/350mL-Stainless-Steel-Vacuum-Bottle-Details-6-150x150.webp 150w, https:\/\/moyahousehold.com\/wp-content\/uploads\/2024\/04\/350mL-Stainless-Steel-Vacuum-Bottle-Details-6-768x768.webp 768w, https:\/\/moyahousehold.com\/wp-content\/uploads\/2024\/04\/350mL-Stainless-Steel-Vacuum-Bottle-Details-6-12x12.webp 12w, https:\/\/moyahousehold.com\/wp-content\/uploads\/2024\/04\/350mL-Stainless-Steel-Vacuum-Bottle-Details-6-285x285.webp 285w, https:\/\/moyahousehold.com\/wp-content\/uploads\/2024\/04\/350mL-Stainless-Steel-Vacuum-Bottle-Details-6-270x270.webp 270w, https:\/\/moyahousehold.com\/wp-content\/uploads\/2024\/04\/350mL-Stainless-Steel-Vacuum-Bottle-Details-6-540x540.webp 540w, https:\/\/moyahousehold.com\/wp-content\/uploads\/2024\/04\/350mL-Stainless-Steel-Vacuum-Bottle-Details-6-660x660.webp 660w\" sizes=\"(max-width: 1600px) 100vw, 1600px\" \/><\/figure>\n<\/div>\n<\/div>","protected":false},"excerpt":{"rendered":"<p>\u0632\u062c\u0627\u062c\u0629 \u0645\u0641\u0631\u063a\u0629 \u0645\u0646 \u0627\u0644\u0641\u0648\u0644\u0627\u0630 \u0627\u0644\u0645\u0642\u0627\u0648\u0645 \u0644\u0644\u0635\u062f\u0623 \u0633\u0639\u0629 350 \u0645\u0644\u060c \u0645\u0635\u0646\u0648\u0639\u0629 \u0645\u0646 \u0627\u0644\u0641\u0648\u0644\u0627\u0630 \u0627\u0644\u0645\u0642\u0627\u0648\u0645 \u0644\u0644\u0635\u062f\u0623 \u0628\u062f\u0631\u062c\u0629 \u0627\u0644\u0637\u0639\u0627\u0645 304\u060c \u0644\u0627 \u062a\u062d\u062a\u0648\u064a \u0639\u0644\u0649 \u0645\u0648\u0627\u062f \u0643\u064a\u0645\u064a\u0627\u0626\u064a\u0629 \u0636\u0627\u0631\u0629\u060c \u0648\u0645\u0646\u0627\u0633\u0628\u0629 \u0644\u0644\u0627\u0633\u062a\u062e\u062f\u0627\u0645 \u0637\u0648\u064a\u0644 \u0627\u0644\u0623\u0645\u062f \u0645\u0646 \u0642\u0628\u0644 \u0627\u0644\u0639\u0627\u0626\u0644\u0627\u062a \u0648\u0627\u0644\u0623\u0641\u0631\u0627\u062f. \u062a\u062a\u0648\u0641\u0631 \u0645\u062c\u0645\u0648\u0639\u0629 \u0645\u062a\u0646\u0648\u0639\u0629 \u0645\u0646 \u0627\u0644\u0623\u0644\u0648\u0627\u0646 \u0644\u062a\u0644\u0628\u064a\u0629 \u062a\u0641\u0636\u064a\u0644\u0627\u062a \u0627\u0644\u0645\u0633\u062a\u062e\u062f\u0645\u064a\u0646 \u0627\u0644\u0645\u062e\u062a\u0644\u0641\u064a\u0646. \u062f\u0639\u0645 OEM \u0648 ODM\u060c \u0645\u0631\u062d\u0628\u064b\u0627 \u0628\u0643\u0645 \u0641\u064a \u0627\u0644\u0627\u062a\u0635\u0627\u0644 \u0628\u0646\u0627 \u0644\u0644\u062d\u0635\u0648\u0644 \u0639\u0644\u0649 \u0639\u0631\u0636 \u0623\u0633\u0639\u0627\u0631.<\/p>\n<h3>\u0645\u0632\u0627\u064a\u0627 \u0648\u0641\u0648\u0627\u0626\u062f \u0632\u062c\u0627\u062c\u0629 \u062a\u0641\u0631\u064a\u063a \u0627\u0644\u0647\u0648\u0627\u0621 \u0645\u0646 \u0627\u0644\u0641\u0648\u0644\u0627\u0630 \u0627\u0644\u0645\u0642\u0627\u0648\u0645 \u0644\u0644\u0635\u062f\u0623 \u0633\u0639\u0629 350 \u0645\u0644<\/h3>\n<div>\n<p><strong>\u0623\u062f\u0627\u0621 \u0639\u0632\u0644 \u0645\u0645\u062a\u0627\u0632:<\/strong> \u062a\u0639\u062a\u0645\u062f \u0632\u062c\u0627\u062c\u0629 \u0627\u0644\u062a\u0641\u0631\u064a\u063a \u0627\u0644\u0645\u0635\u0646\u0648\u0639\u0629 \u0645\u0646 \u0627\u0644\u0641\u0648\u0644\u0627\u0630 \u0627\u0644\u0645\u0642\u0627\u0648\u0645 \u0644\u0644\u0635\u062f\u0623 \u0639\u0644\u0649 \u062a\u0635\u0645\u064a\u0645 \u0641\u0639\u0627\u0644 \u0645\u0646 \u0627\u0644\u0641\u0648\u0644\u0627\u0630 \u0627\u0644\u0645\u0642\u0627\u0648\u0645 \u0644\u0644\u0635\u062f\u0623 \u0628\u0637\u0628\u0642\u062a\u064a\u0646 \u064a\u062a\u0645\u064a\u0632 \u0628\u0623\u062f\u0627\u0621 \u0639\u0632\u0644 \u0645\u0645\u062a\u0627\u0632 \u0648\u064a\u0645\u0643\u0646\u0647 \u0627\u0644\u062d\u0641\u0627\u0638 \u0639\u0644\u0649 \u0627\u0644\u0645\u0634\u0631\u0648\u0628\u0627\u062a \u0627\u0644\u0633\u0627\u062e\u0646\u0629 \u062f\u0627\u0641\u0626\u0629 \u0644\u0623\u0643\u062b\u0631 \u0645\u0646 12 \u0633\u0627\u0639\u0629.<\/p>\n<p><strong>\u0645\u0638\u0647\u0631 \u0627\u0644\u0623\u0632\u064a\u0627\u0621:<\/strong> \u062a\u062a\u0645\u064a\u0632 \u0632\u062c\u0627\u062c\u0629 \u062a\u0641\u0631\u064a\u063a \u0627\u0644\u0647\u0648\u0627\u0621 \u0627\u0644\u0645\u0635\u0646\u0648\u0639\u0629 \u0645\u0646 \u0627\u0644\u0641\u0648\u0644\u0627\u0630 \u0627\u0644\u0645\u0642\u0627\u0648\u0645 \u0644\u0644\u0635\u062f\u0623 \u0628\u062a\u0635\u0645\u064a\u0645 \u0628\u0633\u064a\u0637 \u0648\u0623\u0646\u064a\u0642 \u0648\u062a\u0648\u0641\u0631 \u0645\u062c\u0645\u0648\u0639\u0629 \u0645\u062a\u0646\u0648\u0639\u0629 \u0645\u0646 \u062e\u064a\u0627\u0631\u0627\u062a \u0627\u0644\u0623\u0644\u0648\u0627\u0646\u060c \u0645\u0646\u0627\u0633\u0628\u0629 \u0644\u0645\u062e\u062a\u0644\u0641 \u0627\u0644\u0645\u0633\u062a\u062e\u062f\u0645\u064a\u0646\u060c \u0648\u0647\u064a \u0639\u0645\u0644\u064a\u0629 \u0648\u062c\u0645\u064a\u0644\u0629 \u0641\u064a \u0622\u0646 \u0648\u0627\u062d\u062f.<\/p>\n<p><strong>\u0633\u0647\u0644\u0629 \u0627\u0644\u062a\u0646\u0638\u064a\u0641:<\/strong> \u0625\u0646 \u063a\u0637\u0627\u0621 \u0627\u0644\u0643\u0648\u0628 \u0627\u0644\u0639\u0644\u0648\u064a \u0644\u0644\u0632\u062c\u0627\u062c\u0629 \u0627\u0644\u0645\u0641\u0631\u063a\u0629 \u0645\u0646 \u0627\u0644\u0641\u0648\u0644\u0627\u0630 \u0627\u0644\u0645\u0642\u0627\u0648\u0645 \u0644\u0644\u0635\u062f\u0623 \u0642\u0627\u0628\u0644 \u0644\u0644\u0625\u0632\u0627\u0644\u0629\u060c \u0648\u0627\u0644\u062c\u0632\u0621 \u0627\u0644\u062f\u0627\u062e\u0644\u064a \u0623\u0645\u0644\u0633 \u0648\u0633\u0647\u0644 \u0627\u0644\u062a\u0646\u0638\u064a\u0641.<\/p>\n<p><strong>\u0633\u0647\u0648\u0644\u0629 \u0635\u0628 \u0627\u0644\u0645\u0627\u0621 \u0628\u0633\u0647\u0648\u0644\u0629:<\/strong> \u064a\u0645\u0643\u0646 \u0644\u0632\u062c\u0627\u062c\u0629 \u0627\u0644\u062a\u0641\u0631\u064a\u063a \u0627\u0644\u0645\u0635\u0646\u0648\u0639\u0629 \u0645\u0646 \u0627\u0644\u0641\u0648\u0644\u0627\u0630 \u0627\u0644\u0645\u0642\u0627\u0648\u0645 \u0644\u0644\u0635\u062f\u0623 \u0623\u0646 \u062a\u0637\u0644\u0642 \u0627\u0644\u0645\u0627\u0621 \u0628\u0632\u0627\u0648\u064a\u0629 360 \u062f\u0631\u062c\u0629 \u0628\u0645\u062c\u0631\u062f \u0636\u063a\u0637\u0629 \u062e\u0641\u064a\u0641\u0629 \u0639\u0644\u0649 \u063a\u0637\u0627\u0621 \u0627\u0644\u0643\u0648\u0628\u060c \u0645\u0645\u0627 \u064a\u0636\u0645\u0646 \u062a\u062f\u0641\u0642 \u0627\u0644\u0645\u0627\u0621 \u0628\u0633\u0644\u0627\u0633\u0629 \u0648\u0639\u062f\u0645 \u062a\u0633\u0631\u0628 \u0627\u0644\u0645\u0627\u0621 \u0628\u0639\u062f \u0627\u0644\u0625\u063a\u0644\u0627\u0642.<\/p>\n<p><strong>\u062e\u062f\u0645\u0629 \u0627\u0644\u0628\u064a\u0639 \u0628\u0627\u0644\u062c\u0645\u0644\u0629:<\/strong> \u0646\u062d\u0646 \u0646\u0648\u0641\u0631 \u062e\u062f\u0645\u0629 \u062a\u0641\u0631\u064a\u063a \u0627\u0644\u0632\u062c\u0627\u062c\u0627\u062a \u0628\u0627\u0644\u062c\u0645\u0644\u0629 \u0628\u0623\u0633\u0639\u0627\u0631 \u0627\u0644\u0645\u0635\u0646\u0639\u060c \u0648\u0639\u064a\u0646\u0627\u062a \u0645\u062c\u0627\u0646\u064a\u0629\u060c \u0648\u064a\u0645\u0643\u0646\u0646\u0627 \u062a\u062e\u0635\u064a\u0635 \u0637\u0628\u0627\u0639\u0629 \u0627\u0644\u0632\u062c\u0627\u062c\u0627\u062a \u0648\u0641\u0642\u064b\u0627 \u0644\u0644\u0627\u062d\u062a\u064a\u0627\u062c\u0627\u062a \u0644\u0645\u0633\u0627\u0639\u062f\u062a\u0643 \u0639\u0644\u0649 \u062a\u062d\u0633\u064a\u0646 \u0635\u0648\u0631\u0629 \u0639\u0644\u0627\u0645\u062a\u0643 \u0627\u0644\u062a\u062c\u0627\u0631\u064a\u0629,<\/p>\n<\/div>\n<p><a href=\"https:\/\/moyahousehold.com\/ar\/custom-solution\/\">\u062a\u0648\u0641\u064a\u0631 \u062d\u0644\u0648\u0644 \u0632\u062c\u0627\u062c\u0629 \u062a\u0641\u0631\u064a\u063a \u0627\u0644\u0647\u0648\u0627\u0621 \u0627\u0644\u0645\u0635\u0646\u0648\u0639\u0629 \u0645\u0646 \u0627\u0644\u0641\u0648\u0644\u0627\u0630 \u0627\u0644\u0645\u0642\u0627\u0648\u0645 \u0644\u0644\u0635\u062f\u0623 OEM&amp;ODM \u0627\u0644\u0645\u062e\u0635\u0635\u0629.<\/a><\/p>","protected":false},"featured_media":10332,"comment_status":"closed","ping_status":"closed","template":"","meta":[],"product_cat":[53],"product_tag":[104],"class_list":{"0":"post-3048","1":"product","2":"type-product","3":"status-publish","4":"has-post-thumbnail","6":"product_cat-vacuum-bottle-wholesale","7":"product_tag-wholesale-350ml-insulated-water-bottles","9":"first","10":"instock","11":"shipping-taxable","12":"product-type-simple"},"_links":{"self":[{"href":"https:\/\/moyahousehold.com\/ar\/wp-json\/wp\/v2\/product\/3048","targetHints":{"allow":["GET"]}}],"collection":[{"href":"https:\/\/moyahousehold.com\/ar\/wp-json\/wp\/v2\/product"}],"about":[{"href":"https:\/\/moyahousehold.com\/ar\/wp-json\/wp\/v2\/types\/product"}],"replies":[{"embeddable":true,"href":"https:\/\/moyahousehold.com\/ar\/wp-json\/wp\/v2\/comments?post=3048"}],"version-history":[{"count":0,"href":"https:\/\/moyahousehold.com\/ar\/wp-json\/wp\/v2\/product\/3048\/revisions"}],"wp:featuredmedia":[{"embeddable":true,"href":"https:\/\/moyahousehold.com\/ar\/wp-json\/wp\/v2\/media\/10332"}],"wp:attachment":[{"href":"https:\/\/moyahousehold.com\/ar\/wp-json\/wp\/v2\/media?parent=3048"}],"wp:term":[{"taxonomy":"product_cat","embeddable":true,"href":"https:\/\/moyahousehold.com\/ar\/wp-json\/wp\/v2\/product_cat?post=3048"},{"taxonomy":"product_tag","embeddable":true,"href":"https:\/\/moyahousehold.com\/ar\/wp-json\/wp\/v2\/product_tag?post=3048"}],"curies":[{"name":"wp","href":"https:\/\/api.w.org\/{rel}","templated":true}]}}