{"id":3419,"date":"2024-04-21T11:07:00","date_gmt":"2024-04-21T11:07:00","guid":{"rendered":"https:\/\/moyahousehold.com\/?post_type=product&#038;p=3419"},"modified":"2025-02-05T06:30:09","modified_gmt":"2025-02-05T06:30:09","slug":"wholesale-custom-thermos-flask","status":"publish","type":"product","link":"https:\/\/moyahousehold.com\/ar\/product\/\u0642\u0627\u0631\u0648\u0631\u0629-\u062a\u0631\u0645\u0633-\u0645\u062e\u0635\u0635\u0629-\u0644\u0644\u0628\u064a\u0639-\u0628\u0627\u0644\u062c\u0645\u0644\u0629\/","title":{"rendered":"\u0642\u0627\u0631\u0648\u0631\u0629 \u062a\u0631\u0645\u0633 \u0645\u062e\u0635\u0635\u0629 \u0644\u0644\u0628\u064a\u0639 \u0628\u0627\u0644\u062c\u0645\u0644\u0629\u060c \u0642\u0627\u0631\u0648\u0631\u0629 \u062a\u0631\u0645\u0633 \u0645\u062e\u0635\u0635\u0629\u060c \u0625\u0628\u0631\u064a\u0642 \u062a\u0631\u0645\u0633 \u0639\u0635\u0631\u064a \u0633\u0639\u0629 1000 \u0645\u0644\u060c \u062f\u0639\u0645 \u062a\u0635\u0646\u064a\u0639 \u0627\u0644\u0645\u0639\u062f\u0627\u062a \u0627\u0644\u0623\u0635\u0644\u064a\u0629 \u0648\u062a\u0635\u0646\u064a\u0639 \u0627\u0644\u062a\u0635\u0645\u064a\u0645 \u0627\u0644\u0634\u062e\u0635\u064a"},"content":{"rendered":"<div class=\"wp-block-columns is-layout-flex wp-container-core-columns-is-layout-9d6595d7 wp-block-columns-is-layout-flex\">\n<div class=\"wp-block-column is-layout-flow wp-block-column-is-layout-flow\">\n<h3 class=\"wp-block-heading\">\u0645\u0639\u0644\u0645\u0627\u062a \u062f\u0648\u0631\u0642 \u0627\u0644\u062a\u0631\u0645\u0633<\/h3>\n\n\n\n<p><strong>\u0631\u0642\u0645 \u0627\u0644\u0645\u0648\u062f\u064a\u0644:<\/strong> MY808<br><strong>\u0627\u0644\u0645\u0627\u062f\u0629: <\/strong>\u0628\u0648\u0631\u0648\u0633\u064a\u0644\u064a\u0643\u0627\u062a + \u0628\u0648\u0644\u064a \u0628\u0631\u0648\u0628\u064a\u0644\u064a\u0646 + \u0633\u064a\u0644\u064a\u0643\u0627\u062c\u0644 <br><strong>\u0627\u0644\u0648\u0632\u0646 \u0627\u0644\u0625\u062c\u0645\u0627\u0644\u064a:<\/strong> 0.9 \u0643\u062c\u0645<br><strong>\u0627\u0644\u0628\u064f\u0639\u062f:<\/strong> 70 \u00d7 70 \u00d7 70 \u00d7 190 \u0645\u0645<br><strong>\u0627\u0644\u0644\u0648\u0646:<\/strong> \u0628\u064a\u062c\/\u0632\u0647\u0631\u064a\/\u0631\u0645\u0627\u062f\u064a \u0641\u0627\u062a\u062d\/\u0623\u0633\u0648\u062f<br><strong>\u062e\u0627\u0644\u064a\u0629 \u0645\u0646 BPA<\/strong><\/p>\n<\/div>\n\n\n\n<div class=\"wp-block-column is-layout-flow wp-block-column-is-layout-flow\">\n<h3 class=\"wp-block-heading\">\u062e\u064a\u0627\u0631\u0627\u062a \u0642\u0627\u0631\u0648\u0631\u0629 \u0627\u0644\u062a\u0631\u0645\u0633 \u0627\u0644\u0645\u062e\u0635\u0635\u0629<\/h3>\n\n\n\n<p><strong>\u0627\u0644\u0623\u063a\u0637\u064a\u0629:<\/strong> \u063a\u0637\u0627\u0621 \u0636\u063a\u0637 \u0645\u0646 \u0627\u0644\u0641\u0648\u0644\u0627\u0630 \u0627\u0644\u0645\u0642\u0627\u0648\u0645 \u0644\u0644\u0635\u062f\u0623<br><strong>\u0627\u0644\u0634\u0639\u0627\u0631:<\/strong> \u062a\u062e\u0635\u064a\u0635 \u0634\u0639\u0627\u0631 \u0639\u0644\u0627\u0645\u062a\u0643 \u0627\u0644\u062a\u062c\u0627\u0631\u064a\u0629 \u0639\u0644\u0649 \u0627\u0644\u0645\u0646\u062a\u062c \u0648\u0627\u0644\u0639\u0628\u0648\u0629.<br><strong>\u062e\u064a\u0627\u0631\u0627\u062a \u0627\u0644\u0634\u0639\u0627\u0631:<\/strong> \u0634\u0639\u0627\u0631 \u0645\u0637\u0628\u0648\u0639\u060c \u0634\u0639\u0627\u0631 \u0645\u062d\u0641\u0648\u0631 \u0628\u0627\u0644\u0644\u064a\u0632\u0631\u060c \u0625\u0644\u062e.<br><strong>\u0627\u0644\u0646\u0645\u0637:<\/strong> \u0637\u0628\u0627\u0639\u0629 \u0627\u0644\u0623\u0646\u0645\u0627\u0637 \u0639\u0644\u0649 \u0627\u0644\u0623\u0628\u0627\u0631\u064a\u0642 \u0627\u0644\u0645\u0639\u0632\u0648\u0644\u0629.<br><strong>\u062a\u0642\u0646\u064a\u0629 \u0627\u0644\u0637\u0628\u0627\u0639\u0629:<\/strong> \u0627\u0644\u0637\u0628\u0627\u0639\u0629 \u0628\u0627\u0644\u0646\u0642\u0644 \u0627\u0644\u0645\u0627\u0626\u064a\u060c \u0648\u0637\u0628\u0627\u0639\u0629 \u0627\u0644\u0634\u0627\u0634\u0629 \u0627\u0644\u062d\u0631\u064a\u0631\u064a\u0629\u060c \u0648\u0637\u0628\u0627\u0639\u0629 \u0646\u0642\u0644 \u0627\u0644\u062d\u0631\u0627\u0631\u0629\u060c \u0648\u0646\u0642\u0644 \u0627\u0644\u062a\u0633\u0627\u0645\u064a \u0648\u063a\u064a\u0631\u0647\u0627.<br><strong>\u0627\u0644\u062a\u0639\u0628\u0626\u0629 \u0648\u0627\u0644\u062a\u063a\u0644\u064a\u0641:<\/strong> \u0635\u0646\u062f\u0648\u0642 \u0623\u0644\u0648\u0627\u0646<br><a href=\"https:\/\/moyahousehold.com\/ar\/custom-solution\/\"><strong>\u0627\u0633\u062a\u0643\u0634\u0641 \u0627\u0644\u0645\u0632\u064a\u062f \u0645\u0646 \u062d\u0644\u0648\u0644 \u0642\u0627\u0631\u0648\u0631\u0629 \u0627\u0644\u062a\u0631\u0645\u0633 \u0627\u0644\u0645\u062e\u0635\u0635\u0629<\/strong><\/a><\/p>\n\n\n\n<p><br><\/p>\n<\/div>\n<\/div>\n\n\n\n<div class=\"wp-block-columns is-layout-flex wp-container-core-columns-is-layout-9d6595d7 wp-block-columns-is-layout-flex\">\n<div class=\"wp-block-column is-layout-flow wp-block-column-is-layout-flow\">\n<figure class=\"wp-block-image size-full\"><img fetchpriority=\"high\" decoding=\"async\" width=\"660\" height=\"660\" src=\"https:\/\/moyahousehold.com\/wp-content\/uploads\/2024\/04\/Wholesale-Thermos-Flask-Display-2.webp\" alt=\"\u0639\u0631\u0636 \u0642\u0648\u0627\u0631\u064a\u0631 \u0627\u0644\u062a\u0631\u0645\u0633 \u0628\u0627\u0644\u062c\u0645\u0644\u0629 (2)\" class=\"wp-image-9927\" srcset=\"https:\/\/moyahousehold.com\/wp-content\/uploads\/2024\/04\/Wholesale-Thermos-Flask-Display-2.webp 660w, https:\/\/moyahousehold.com\/wp-content\/uploads\/2024\/04\/Wholesale-Thermos-Flask-Display-2-300x300.webp 300w, https:\/\/moyahousehold.com\/wp-content\/uploads\/2024\/04\/Wholesale-Thermos-Flask-Display-2-150x150.webp 150w, https:\/\/moyahousehold.com\/wp-content\/uploads\/2024\/04\/Wholesale-Thermos-Flask-Display-2-12x12.webp 12w, https:\/\/moyahousehold.com\/wp-content\/uploads\/2024\/04\/Wholesale-Thermos-Flask-Display-2-285x285.webp 285w, https:\/\/moyahousehold.com\/wp-content\/uploads\/2024\/04\/Wholesale-Thermos-Flask-Display-2-270x270.webp 270w, https:\/\/moyahousehold.com\/wp-content\/uploads\/2024\/04\/Wholesale-Thermos-Flask-Display-2-540x540.webp 540w\" sizes=\"(max-width: 660px) 100vw, 660px\" \/><\/figure>\n<\/div>\n\n\n\n<div class=\"wp-block-column is-layout-flow wp-block-column-is-layout-flow\">\n<figure class=\"wp-block-image size-full\"><img decoding=\"async\" width=\"660\" height=\"660\" src=\"https:\/\/moyahousehold.com\/wp-content\/uploads\/2024\/04\/Wholesale-Thermos-Flask-Display-3.webp\" alt=\"\u0639\u0631\u0636 \u0642\u0627\u0631\u0648\u0631\u0629 \u0627\u0644\u062a\u0631\u0645\u0633 \u0628\u0627\u0644\u062c\u0645\u0644\u0629 (3)\" class=\"wp-image-9928\" srcset=\"https:\/\/moyahousehold.com\/wp-content\/uploads\/2024\/04\/Wholesale-Thermos-Flask-Display-3.webp 660w, https:\/\/moyahousehold.com\/wp-content\/uploads\/2024\/04\/Wholesale-Thermos-Flask-Display-3-300x300.webp 300w, https:\/\/moyahousehold.com\/wp-content\/uploads\/2024\/04\/Wholesale-Thermos-Flask-Display-3-150x150.webp 150w, https:\/\/moyahousehold.com\/wp-content\/uploads\/2024\/04\/Wholesale-Thermos-Flask-Display-3-12x12.webp 12w, https:\/\/moyahousehold.com\/wp-content\/uploads\/2024\/04\/Wholesale-Thermos-Flask-Display-3-285x285.webp 285w, https:\/\/moyahousehold.com\/wp-content\/uploads\/2024\/04\/Wholesale-Thermos-Flask-Display-3-270x270.webp 270w, https:\/\/moyahousehold.com\/wp-content\/uploads\/2024\/04\/Wholesale-Thermos-Flask-Display-3-540x540.webp 540w\" sizes=\"(max-width: 660px) 100vw, 660px\" \/><\/figure>\n<\/div>\n<\/div>","protected":false},"excerpt":{"rendered":"<p>\u0642\u0648\u0627\u0631\u064a\u0631 \u0627\u0644\u062a\u0631\u0645\u0633 \u0627\u0644\u0642\u0627\u0628\u0644\u0629 \u0644\u0644\u062a\u062e\u0635\u064a\u0635 \u0628\u0627\u0644\u062c\u0645\u0644\u0629\u060c \u062a\u0642\u062f\u0645 MOYA \u0645\u062c\u0645\u0648\u0639\u0629 \u0645\u062a\u0646\u0648\u0639\u0629 \u0645\u0646 \u0627\u0644\u0623\u0646\u0645\u0627\u0637 \u0644\u0644\u0627\u062e\u062a\u064a\u0627\u0631 \u0645\u0646 \u0628\u064a\u0646\u0647\u0627. \u062a\u062d\u062a\u0648\u064a \u0647\u0630\u0647 \u0627\u0644\u0642\u0627\u0631\u0648\u0631\u0629 \u0627\u0644\u062a\u0631\u0645\u0633 \u0639\u0644\u0649 \u0628\u0637\u0627\u0646\u0629 \u0632\u062c\u0627\u062c\u064a\u0629 \u062d\u0645\u0631\u0627\u0621\u060c \u0648\u0627\u0644\u062a\u064a \u064a\u0645\u0643\u0646 \u0623\u0646 \u062a\u062d\u0627\u0641\u0638 \u0639\u0644\u0649 \u0627\u0644\u062f\u0641\u0621 \u0628\u0634\u0643\u0644 \u0641\u0639\u0627\u0644 \u0644\u0645\u062f\u0629 \u062a\u0635\u0644 \u0625\u0644\u0649 24 \u0633\u0627\u0639\u0629. \u0625\u0646\u0647\u0627 \u062e\u064a\u0627\u0631 \u0645\u062b\u0627\u0644\u064a \u0644\u0644\u0627\u0633\u062a\u062e\u062f\u0627\u0645 \u0627\u0644\u0645\u0646\u0632\u0644\u064a\u060c \u0623\u0648 \u0627\u0644\u0645\u0639\u062f\u0627\u062a \u0627\u0644\u0645\u0643\u062a\u0628\u064a\u0629\u060c \u0623\u0648 \u0635\u0646\u0627\u0639\u0629 \u0627\u0644\u0641\u0646\u0627\u062f\u0642 \u0648\u0627\u0644\u0645\u0637\u0627\u0639\u0645. \u0646\u062d\u0646 \u0646\u0642\u062f\u0645 \u062e\u062f\u0645\u0629 \u0642\u0648\u0627\u0631\u064a\u0631 \u0627\u0644\u062a\u0631\u0645\u0633 \u0627\u0644\u0645\u062e\u0635\u0635\u0629 OEM \u0648 ODM\u060c \u0648\u0646\u062f\u0639\u0645 \u0627\u0644\u0645\u0638\u0647\u0631 \u0627\u0644\u0645\u062e\u0635\u0635 \u0648\u0627\u0644\u0645\u0648\u0627\u062f \u0648\u0627\u0644\u0644\u0648\u0646 \u0648\u0634\u0639\u0627\u0631 \u0627\u0644\u0639\u0644\u0627\u0645\u0629 \u0627\u0644\u062a\u062c\u0627\u0631\u064a\u0629 \u0648\u0627\u0644\u062a\u0643\u0648\u064a\u0646 \u0627\u0644\u0648\u0638\u064a\u0641\u064a. \u0645\u0631\u062d\u0628\u064b\u0627 \u0628\u0643\u0645 \u0641\u064a \u0627\u0644\u0627\u062a\u0635\u0627\u0644 \u0628\u0646\u0627.<\/p>\n<h3>\u0645\u064a\u0632\u0627\u062a \u0642\u0627\u0631\u0648\u0631\u0629 \u0627\u0644\u062a\u0631\u0645\u0633 \u0627\u0644\u0642\u0627\u0628\u0644\u0629 \u0644\u0644\u062a\u062e\u0635\u064a\u0635<\/h3>\n<p><strong>\u062e\u064a\u0627\u0631\u0627\u062a \u0623\u0644\u0648\u0627\u0646 \u0645\u062a\u0639\u062f\u062f\u0629:<\/strong> \u062a\u062a\u0648\u0627\u0641\u0631 \u0642\u0627\u0631\u0648\u0631\u0629 \u0627\u0644\u062a\u0631\u0645\u0633 \u0647\u0630\u0647 \u0628\u0623\u0631\u0628\u0639\u0629 \u0623\u0644\u0648\u0627\u0646\u060c \u0628\u0645\u0627 \u0641\u064a \u0630\u0644\u0643 \u0627\u0644\u0623\u0633\u0648\u062f \u0627\u0644\u0643\u0644\u0627\u0633\u064a\u0643\u064a \u0623\u0648 \u0627\u0644\u0623\u0628\u064a\u0636 \u0627\u0644\u0623\u0646\u064a\u0642 \u0623\u0648 \u0627\u0644\u0623\u0635\u0641\u0631 \u0648\u0627\u0644\u0648\u0631\u062f\u064a \u0627\u0644\u0646\u0627\u0628\u0636 \u0628\u0627\u0644\u062d\u064a\u0627\u0629 \u0644\u062a\u0644\u0628\u064a\u0629 \u0627\u0644\u0627\u062d\u062a\u064a\u0627\u062c\u0627\u062a \u0627\u0644\u0634\u062e\u0635\u064a\u0629 \u0644\u0645\u062e\u062a\u0644\u0641 \u0627\u0644\u0645\u0633\u062a\u0647\u0644\u0643\u064a\u0646.<\/p>\n<p><strong>\u0645\u0648\u0627\u062f \u0639\u0627\u0644\u064a\u0629 \u0627\u0644\u062c\u0648\u062f\u0629:<\/strong> \u062a\u062d\u062a\u0648\u064a \u0647\u0630\u0647 \u0627\u0644\u0642\u0627\u0631\u0648\u0631\u0629 \u0627\u0644\u062a\u0631\u0645\u0633 \u0639\u0644\u0649 \u0628\u0637\u0627\u0646\u0629 \u0632\u062c\u0627\u062c\u064a\u0629 \u062d\u0645\u0631\u0627\u0621 \u0645\u062f\u0645\u062c\u0629 \u062a\u062a\u0645\u062a\u0639 \u0628\u0639\u0632\u0644 \u0623\u0641\u0636\u0644 \u0645\u0646 \u0627\u0644\u0628\u0637\u0627\u0646\u0629 \u0627\u0644\u0632\u062c\u0627\u062c\u064a\u0629 \u0627\u0644\u0639\u0627\u062f\u064a\u0629 \u0648\u062a\u0648\u0641\u0631 \u0639\u0632\u0644\u064b\u0627 \u064a\u0635\u0644 \u0625\u0644\u0649 24 \u0633\u0627\u0639\u0629.<\/p>\n<p><strong>\u0633\u0647\u0644\u0629 \u0627\u0644\u062a\u0646\u0638\u064a\u0641 \u0648\u0627\u0644\u0627\u0633\u062a\u0628\u062f\u0627\u0644:<\/strong> \u0627\u0644\u062c\u0632\u0621 \u0627\u0644\u0633\u0641\u0644\u064a \u0645\u0646 \u0647\u0630\u0647 \u0627\u0644\u0642\u0627\u0631\u0648\u0631\u0629 \u0627\u0644\u062d\u0631\u0627\u0631\u064a\u0629 \u0642\u0627\u0628\u0644 \u0644\u0644\u0641\u0635\u0644\u060c \u0648\u064a\u0645\u0643\u0646 \u0627\u0633\u062a\u0628\u062f\u0627\u0644 \u0627\u0644\u0628\u0637\u0627\u0646\u0629 \u0648\u062a\u0646\u0638\u064a\u0641\u0647\u0627 \u0628\u0633\u0647\u0648\u0644\u0629 \u0644\u0636\u0645\u0627\u0646 \u0627\u0644\u0646\u0638\u0627\u0641\u0629 \u0648\u0627\u0644\u0646\u0638\u0627\u0641\u0629 \u0627\u0644\u062f\u0627\u062e\u0644\u064a\u0629.<\/p>\n<p><strong>\u062a\u0635\u0645\u064a\u0645 \u0639\u0645\u0644\u064a:<\/strong> \u064a\u0645\u0643\u0646 \u062a\u0634\u063a\u064a\u0644 \u0645\u062e\u0631\u062c \u0627\u0644\u0645\u0627\u0621 \u0648\u0625\u064a\u0642\u0627\u0641 \u062a\u0634\u063a\u064a\u0644\u0647 \u0628\u0636\u063a\u0637\u0629 \u0632\u0631 \u0648\u0627\u062d\u062f\u0629 \u0641\u064a \u0627\u0644\u0623\u0639\u0644\u0649\u060c \u0648\u064a\u062a\u0642\u0627\u0631\u0628 \u0639\u0645\u0648\u062f \u0627\u0644\u0645\u0627\u0621 \u0628\u0633\u0644\u0627\u0633\u0629 \u0644\u0645\u0646\u0639 \u062a\u0633\u0631\u0628 \u0627\u0644\u0645\u0627\u0621.<\/p>\n<p><strong>\u062e\u062f\u0645\u0629 \u0627\u0644\u062a\u062e\u0635\u064a\u0635<\/strong>: \u0646\u062d\u0646 \u0646\u0642\u062f\u0645 \u062e\u062f\u0645\u0627\u062a \u062a\u0635\u0646\u064a\u0639 \u0627\u0644\u0645\u0639\u062f\u0627\u062a \u0627\u0644\u0623\u0635\u0644\u064a\u0629 \u0648\u062a\u0635\u0646\u064a\u0639 \u0627\u0644\u062a\u0635\u0645\u064a\u0645 \u0627\u0644\u0634\u062e\u0635\u064a \u0644\u0642\u0627\u0631\u0648\u0631\u0629 \u0627\u0644\u062a\u0631\u0645\u0633 \u062d\u0633\u0628 \u0627\u0644\u0637\u0644\u0628\u060c \u0648\u0646\u0648\u0641\u0631 \u0645\u062c\u0645\u0648\u0639\u0629 \u0648\u0627\u0633\u0639\u0629 \u0645\u0646 \u062e\u064a\u0627\u0631\u0627\u062a \u0627\u0644\u062a\u062e\u0635\u064a\u0635\u060c \u0648\u0646\u062f\u0639\u0645 \u0637\u0644\u0628\u0627\u062a \u0627\u0644\u062f\u064f\u0641\u0639\u0627\u062a \u0627\u0644\u0635\u063a\u064a\u0631\u0629.<\/p>","protected":false},"featured_media":9923,"comment_status":"closed","ping_status":"closed","template":"","meta":[],"product_cat":[54],"product_tag":[66,84],"class_list":{"0":"post-3419","1":"product","2":"type-product","3":"status-publish","4":"has-post-thumbnail","6":"product_cat-thermal-carafe-wholesale","7":"product_tag-wholesale-1000ml-thermos-carafe","8":"product_tag-wholesale-glass-liner-thermos-carafe","10":"first","11":"instock","12":"shipping-taxable","13":"product-type-simple"},"_links":{"self":[{"href":"https:\/\/moyahousehold.com\/ar\/wp-json\/wp\/v2\/product\/3419","targetHints":{"allow":["GET"]}}],"collection":[{"href":"https:\/\/moyahousehold.com\/ar\/wp-json\/wp\/v2\/product"}],"about":[{"href":"https:\/\/moyahousehold.com\/ar\/wp-json\/wp\/v2\/types\/product"}],"replies":[{"embeddable":true,"href":"https:\/\/moyahousehold.com\/ar\/wp-json\/wp\/v2\/comments?post=3419"}],"version-history":[{"count":0,"href":"https:\/\/moyahousehold.com\/ar\/wp-json\/wp\/v2\/product\/3419\/revisions"}],"wp:featuredmedia":[{"embeddable":true,"href":"https:\/\/moyahousehold.com\/ar\/wp-json\/wp\/v2\/media\/9923"}],"wp:attachment":[{"href":"https:\/\/moyahousehold.com\/ar\/wp-json\/wp\/v2\/media?parent=3419"}],"wp:term":[{"taxonomy":"product_cat","embeddable":true,"href":"https:\/\/moyahousehold.com\/ar\/wp-json\/wp\/v2\/product_cat?post=3419"},{"taxonomy":"product_tag","embeddable":true,"href":"https:\/\/moyahousehold.com\/ar\/wp-json\/wp\/v2\/product_tag?post=3419"}],"curies":[{"name":"wp","href":"https:\/\/api.w.org\/{rel}","templated":true}]}}