{"id":3506,"date":"2024-04-21T14:19:14","date_gmt":"2024-04-21T14:19:14","guid":{"rendered":"https:\/\/moyahousehold.com\/?post_type=product&#038;p=3506"},"modified":"2025-04-19T09:43:34","modified_gmt":"2025-04-19T09:43:34","slug":"custom-thermal-carafe-mala-style","status":"publish","type":"product","link":"https:\/\/moyahousehold.com\/ar\/product\/custom-thermal-carafe-mala-style\/","title":{"rendered":"\u0623\u0628\u0627\u0631\u064a\u0642 \u0642\u0647\u0648\u0629 \u062d\u0631\u0627\u0631\u064a\u0629 \u0623\u0646\u064a\u0642\u0629 \u0648\u0623\u0646\u064a\u0642\u0629 (\u0646\u0645\u0637 \u0645\u0627\u0644\u0627)\u060c \u0625\u0628\u0631\u064a\u0642 \u0642\u0647\u0648\u0629 \u0628\u0627\u0644\u062c\u0645\u0644\u0629 \u0633\u0639\u0629 1.0 \u0644\u062a\u0631 \u0644\u0644\u0628\u064a\u0639\u060c \u062f\u0639\u0645 \u062a\u0635\u0646\u064a\u0639 \u0627\u0644\u0645\u0639\u062f\u0627\u062a \u0627\u0644\u0623\u0635\u0644\u064a\u0629 \u0648\u062a\u0635\u0646\u064a\u0639 \u0627\u0644\u062a\u0635\u0645\u064a\u0645 \u0627\u0644\u0634\u062e\u0635\u064a"},"content":{"rendered":"<div class=\"wp-block-columns is-layout-flex wp-container-core-columns-is-layout-9d6595d7 wp-block-columns-is-layout-flex\">\n<div class=\"wp-block-column is-layout-flow wp-block-column-is-layout-flow\">\n<h3 class=\"wp-block-heading\">\u0645\u0639\u0644\u0645\u0627\u062a \u0627\u0644\u0642\u0648\u0627\u0631\u064a\u0631 \u0627\u0644\u062d\u0631\u0627\u0631\u064a\u0629<\/h3>\n\n\n\n<p><strong>\u0631\u0642\u0645 \u0627\u0644\u0645\u0648\u062f\u064a\u0644<\/strong>:MY0251<br><strong>\u0627\u0644\u0645\u0648\u0627\u062f<\/strong>:: \u0628\u0648\u0631\u0648\u0633\u064a\u0644\u064a\u0643\u0627\u062a + \u0628\u0648\u0644\u064a \u0628\u0631\u0648\u0628\u064a\u0644\u064a\u0646 + \u0647\u0644\u0627\u0645 \u0627\u0644\u0633\u064a\u0644\u064a\u0643\u0627 <br><strong>\u0627\u0644\u0648\u0632\u0646 \u0627\u0644\u0625\u062c\u0645\u0627\u0644\u064a<\/strong>:: 0.5 \u0643\u062c\u0645<br><strong>\u0627\u0644\u0628\u064f\u0639\u062f<\/strong>:: 162 \u00d7 162 \u00d7 162 \u00d7 242 \u0645\u0645<br><strong>\u0627\u0644\u0644\u0648\u0646<\/strong>:\u0648\u0631\u062f\u064a\/\u0623\u062e\u0636\u0631 \u0646\u0639\u0646\u0627\u0639\u064a\/\u0628\u064a\u062c<br><strong>\u062e\u0627\u0644\u064a\u0629 \u0645\u0646 BPA<\/strong><\/p>\n<\/div>\n\n\n\n<div class=\"wp-block-column is-layout-flow wp-block-column-is-layout-flow\">\n<h3 class=\"wp-block-heading\">\u062e\u064a\u0627\u0631\u0627\u062a \u0627\u0644\u0642\u0627\u0631\u0648\u0631\u0629 \u0627\u0644\u062d\u0631\u0627\u0631\u064a\u0629 \u0627\u0644\u0645\u062e\u0635\u0635\u0629<\/h3>\n\n\n\n<p><strong>\u0627\u0644\u0623\u063a\u0637\u064a\u0629:<\/strong> \u063a\u0637\u0627\u0621 \u0636\u063a\u0637 \u0645\u0646 \u0627\u0644\u0641\u0648\u0644\u0627\u0630 \u0627\u0644\u0645\u0642\u0627\u0648\u0645 \u0644\u0644\u0635\u062f\u0623.<br><strong>\u0627\u0644\u0634\u0639\u0627\u0631: <\/strong>\u062e\u0635\u0635 \u0634\u0639\u0627\u0631 \u0639\u0644\u0627\u0645\u062a\u0643 \u0627\u0644\u062a\u062c\u0627\u0631\u064a\u0629 \u0639\u0644\u0649 \u0627\u0644\u0645\u0646\u062a\u062c \u0648\u0627\u0644\u062a\u063a\u0644\u064a\u0641.<br><strong>\u062e\u064a\u0627\u0631\u0627\u062a \u0627\u0644\u0634\u0639\u0627\u0631: <\/strong>\u0634\u0639\u0627\u0631 \u0645\u0637\u0628\u0648\u0639\u060c \u0634\u0639\u0627\u0631 \u0645\u062d\u0641\u0648\u0631 \u0628\u0627\u0644\u0644\u064a\u0632\u0631\u060c \u0625\u0644\u062e.<br><strong>\u0627\u0644\u0646\u0645\u0637:<\/strong> \u0637\u0628\u0627\u0639\u0629 \u0627\u0644\u0623\u0646\u0645\u0627\u0637 \u0639\u0644\u0649 \u0627\u0644\u0642\u0627\u0631\u0648\u0631\u0627\u062a \u0627\u0644\u062d\u0631\u0627\u0631\u064a\u0629.<br><strong>\u062a\u0642\u0646\u064a\u0629 \u0627\u0644\u0637\u0628\u0627\u0639\u0629: <\/strong>\u0627\u0644\u0637\u0628\u0627\u0639\u0629 \u0628\u0627\u0644\u0646\u0642\u0644 \u0627\u0644\u0645\u0627\u0626\u064a \u0648\u0637\u0628\u0627\u0639\u0629 \u0627\u0644\u0634\u0627\u0634\u0629 \u0627\u0644\u062d\u0631\u064a\u0631\u064a\u0629 \u0648\u0637\u0628\u0627\u0639\u0629 \u0627\u0644\u0646\u0642\u0644 \u0627\u0644\u062d\u0631\u0627\u0631\u064a \u0648\u0637\u0628\u0627\u0639\u0629 \u0627\u0644\u0646\u0642\u0644 \u0627\u0644\u062d\u0631\u0627\u0631\u064a \u0648\u0646\u0642\u0644 \u0627\u0644\u062a\u0633\u0627\u0645\u064a \u0648\u0645\u0627 \u0625\u0644\u0649 \u0630\u0644\u0643.<br><strong>\u0627\u0644\u062a\u0639\u0628\u0626\u0629 \u0648\u0627\u0644\u062a\u063a\u0644\u064a\u0641: <\/strong>\u0635\u0646\u062f\u0648\u0642 \u0623\u0644\u0648\u0627\u0646<br><a href=\"https:\/\/moyahousehold.com\/ar\/custom-solution\/\" target=\"_blank\" rel=\"noreferrer noopener\"><strong>\u0627\u0633\u062a\u0643\u0634\u0641 \u0627\u0644\u0645\u0632\u064a\u062f \u062d\u0648\u0644 \u062d\u0644\u0648\u0644 \u0627\u0644\u0623\u0628\u0627\u0631\u064a\u0642 \u0627\u0644\u062d\u0631\u0627\u0631\u064a\u0629 \u0627\u0644\u0645\u062e\u0635\u0635\u0629 <\/strong><\/a><\/p>\n\n\n\n<p><br><\/p>\n<\/div>\n<\/div>\n\n\n\n<div class=\"wp-block-columns is-layout-flex wp-container-core-columns-is-layout-9d6595d7 wp-block-columns-is-layout-flex\">\n<div class=\"wp-block-column is-layout-flow wp-block-column-is-layout-flow\">\n<figure class=\"wp-block-image size-full\"><img fetchpriority=\"high\" decoding=\"async\" width=\"605\" height=\"605\" src=\"https:\/\/moyahousehold.com\/wp-content\/uploads\/2024\/04\/Thermal-Carafe-Detail-1.jpg\" alt=\"\" class=\"wp-image-9867\" srcset=\"https:\/\/moyahousehold.com\/wp-content\/uploads\/2024\/04\/Thermal-Carafe-Detail-1.jpg 605w, https:\/\/moyahousehold.com\/wp-content\/uploads\/2024\/04\/Thermal-Carafe-Detail-1-300x300.jpg 300w, https:\/\/moyahousehold.com\/wp-content\/uploads\/2024\/04\/Thermal-Carafe-Detail-1-150x150.jpg 150w, https:\/\/moyahousehold.com\/wp-content\/uploads\/2024\/04\/Thermal-Carafe-Detail-1-12x12.jpg 12w, https:\/\/moyahousehold.com\/wp-content\/uploads\/2024\/04\/Thermal-Carafe-Detail-1-285x285.jpg 285w, https:\/\/moyahousehold.com\/wp-content\/uploads\/2024\/04\/Thermal-Carafe-Detail-1-270x270.jpg 270w, https:\/\/moyahousehold.com\/wp-content\/uploads\/2024\/04\/Thermal-Carafe-Detail-1-540x540.jpg 540w\" sizes=\"(max-width: 605px) 100vw, 605px\" \/><\/figure>\n<\/div>\n\n\n\n<div class=\"wp-block-column is-layout-flow wp-block-column-is-layout-flow\">\n<figure class=\"wp-block-image size-full\"><img decoding=\"async\" width=\"540\" height=\"540\" src=\"https:\/\/moyahousehold.com\/wp-content\/uploads\/2024\/04\/Thermal-Carafe-Detail-2.jpg\" alt=\"\u062a\u0641\u0627\u0635\u064a\u0644 \u0627\u0644\u0642\u0627\u0631\u0648\u0631\u0629 \u0627\u0644\u062d\u0631\u0627\u0631\u064a\u0629 (2)\" class=\"wp-image-9868\" srcset=\"https:\/\/moyahousehold.com\/wp-content\/uploads\/2024\/04\/Thermal-Carafe-Detail-2.jpg 540w, https:\/\/moyahousehold.com\/wp-content\/uploads\/2024\/04\/Thermal-Carafe-Detail-2-300x300.jpg 300w, https:\/\/moyahousehold.com\/wp-content\/uploads\/2024\/04\/Thermal-Carafe-Detail-2-150x150.jpg 150w, https:\/\/moyahousehold.com\/wp-content\/uploads\/2024\/04\/Thermal-Carafe-Detail-2-12x12.jpg 12w, https:\/\/moyahousehold.com\/wp-content\/uploads\/2024\/04\/Thermal-Carafe-Detail-2-285x285.jpg 285w, https:\/\/moyahousehold.com\/wp-content\/uploads\/2024\/04\/Thermal-Carafe-Detail-2-270x270.jpg 270w\" sizes=\"(max-width: 540px) 100vw, 540px\" \/><\/figure>\n<\/div>\n<\/div>","protected":false},"excerpt":{"rendered":"<p>\u063a\u0644\u0627\u064a\u0629 \u062d\u0631\u0627\u0631\u064a\u0629 \u0631\u0627\u0626\u0639\u0629 \u0645\u0646 \u0637\u0631\u0627\u0632 MALA \u0628\u0627\u0644\u062c\u0645\u0644\u0629. \u0647\u0630\u0647 \u063a\u0644\u0627\u064a\u0629 \u062d\u0631\u0627\u0631\u064a\u0629 \u0628\u062a\u0635\u0645\u064a\u0645 \u062c\u062f\u064a\u062f \u0648\u0645\u0638\u0647\u0631 \u0628\u0633\u064a\u0637 \u0648\u0641\u0627\u062e\u0631 \u0648\u062c\u0630\u0627\u0628. \u064a\u0633\u062a\u062e\u062f\u0645 \u0627\u0644\u062c\u0632\u0621 \u0627\u0644\u062f\u0627\u062e\u0644\u064a \u0628\u0637\u0627\u0646\u0629 \u0632\u062c\u0627\u062c\u064a\u0629\u060c \u0648\u0627\u0644\u062a\u064a \u064a\u0645\u0643\u0646 \u0623\u0646 \u062a\u062d\u0627\u0641\u0638 \u0639\u0644\u0649 \u0627\u0644\u0633\u062e\u0648\u0646\u0629 \u0623\u0648 \u0627\u0644\u0628\u0631\u0648\u062f\u0629 \u0644\u0645\u062f\u0629 \u062a\u0635\u0644 \u0625\u0644\u0649 24 \u0633\u0627\u0639\u0629. \u062f\u0639\u0645 OEM &amp; ODM\u060c \u0645\u0631\u062d\u0628\u064b\u0627 \u0628\u0643\u0645 \u0641\u064a \u0627\u0644\u0627\u062a\u0635\u0627\u0644 \u0628\u0646\u0627.<\/p>\n<h3>\u0645\u064a\u0632\u0627\u062a \u0648\u0641\u0648\u0627\u0626\u062f \u0625\u0628\u0631\u064a\u0642 \u0627\u0644\u062a\u0631\u0645\u0633 MALA \u0633\u0639\u0629 1.0 \u0644\u062a\u0631<\/h3>\n<p><strong>\u062a\u0635\u0645\u064a\u0645 \u062c\u062f\u064a\u062f \u062a\u0645\u0627\u0645\u0627\u064b:<\/strong> \u064a\u062a\u0645\u064a\u0651\u0632 \u0627\u0644\u0625\u0628\u0631\u064a\u0642 \u0627\u0644\u062d\u0631\u0627\u0631\u064a \u0627\u0644\u0645\u0635\u0645\u0645 \u062d\u062f\u064a\u062b\u064b\u0627 \u0645\u0646 \u0637\u0631\u0627\u0632 MALA \u0628\u0645\u0638\u0647\u0631 \u0623\u0646\u064a\u0642 \u0648\u0641\u0627\u062e\u0631\u060c \u064a\u062a\u0643\u0627\u0645\u0644 \u062a\u0645\u0627\u0645\u064b\u0627 \u0645\u0639 \u062f\u064a\u0643\u0648\u0631 \u0627\u0644\u0645\u0646\u0632\u0644 \u0627\u0644\u0639\u0635\u0631\u064a.<\/p>\n<p><strong>\u062e\u064a\u0627\u0631\u0627\u062a \u0623\u0644\u0648\u0627\u0646 \u0645\u062a\u0639\u062f\u062f\u0629:<\/strong> \u0628\u0627\u0644\u0646\u0633\u0628\u0629 \u0644\u0647\u0630\u0627 \u0627\u0644\u0625\u0646\u0627\u0621 \u0627\u0644\u062d\u0631\u0627\u0631\u064a\u060c \u0646\u0642\u062f\u0645 \u0644\u0643 \u0645\u062c\u0645\u0648\u0639\u0629 \u0645\u062a\u0646\u0648\u0639\u0629 \u0645\u0646 \u062e\u064a\u0627\u0631\u0627\u062a \u0627\u0644\u0623\u0644\u0648\u0627\u0646\u060c \u0628\u0645\u0627 \u0641\u064a \u0630\u0644\u0643 \u0627\u0644\u0623\u0635\u0641\u0631 \u0627\u0644\u062f\u0627\u0641\u0626 \u0648\u0627\u0644\u0623\u062e\u0636\u0631 \u0627\u0644\u0632\u0645\u0631\u062f\u064a \u0648\u0627\u0644\u0648\u0631\u062f\u064a \u0627\u0644\u062c\u0645\u064a\u0644.<\/p>\n<p><strong>\u0623\u062f\u0627\u0621 \u0639\u0632\u0644 \u062d\u0631\u0627\u0631\u064a \u0645\u0645\u062a\u0627\u0632:<\/strong> \u0625\u0646 \u0627\u0644\u0628\u0637\u0627\u0646\u0629 \u0627\u0644\u062f\u0627\u062e\u0644\u064a\u0629 \u0644\u0647\u0630\u0627 \u0627\u0644\u0625\u0628\u0631\u064a\u0642 \u0627\u0644\u062d\u0631\u0627\u0631\u064a \u0645\u0635\u0646\u0648\u0639\u0629 \u0645\u0646 \u0632\u062c\u0627\u062c \u0627\u0644\u063a\u0627\u0644 \u0627\u0644\u0623\u062d\u0645\u0631 \u0627\u0644\u0630\u064a \u064a\u0648\u0641\u0631 \u0639\u0627\u0632\u0644 \u0644\u0644\u062d\u0631\u0627\u0631\u0629 \u0648\u0627\u0644\u0628\u0631\u0648\u062f\u0629 \u0639\u0644\u0649 \u0645\u062f\u0627\u0631 24 \u0633\u0627\u0639\u0629.<\/p>\n<p><strong>\u062a\u0635\u0645\u064a\u0645 \u0645\u0636\u0627\u062f \u0644\u0644\u062a\u0633\u0631\u0628 \u0627\u0644\u062c\u0627\u0646\u0628\u064a:<\/strong> \u064a\u0639\u062a\u0645\u062f \u0635\u0646\u0628\u0648\u0631 \u0647\u0630\u0627 \u0627\u0644\u0625\u0628\u0631\u064a\u0642 \u0627\u0644\u062d\u0631\u0627\u0631\u064a \u062a\u0635\u0645\u064a\u0645 \u0645\u0646\u0642\u0627\u0631 \u0627\u0644\u0646\u0633\u0631\u060c \u0648\u064a\u062a\u0642\u0627\u0631\u0628 \u0639\u0645\u0648\u062f \u0627\u0644\u0645\u0627\u0621 \u0648\u0644\u064a\u0633 \u0645\u0646 \u0627\u0644\u0633\u0647\u0644 \u062a\u0641\u0631\u064a\u0642\u0647\u060c \u0645\u0645\u0627 \u064a\u0645\u0646\u0639 \u0627\u0644\u062d\u0631\u0648\u0642 \u0628\u0634\u0643\u0644 \u0641\u0639\u0627\u0644.<\/p>\n<p><strong>\u062a\u0634\u063a\u064a\u0644 \u0633\u0647\u0644:<\/strong> \u064a\u0645\u0643\u0646 \u0635\u0628 \u0627\u0644\u0645\u0627\u0621 \u0628\u0636\u063a\u0637\u0629 \u062e\u0641\u064a\u0641\u0629 \u0641\u0642\u0637\u060c \u0648\u0647\u0648 \u0623\u0645\u0631 \u0628\u0633\u064a\u0637 \u0648\u0645\u0648\u0641\u0631 \u0644\u0644\u0639\u0645\u0627\u0644\u0629.<\/p>\n<p><strong>\u062e\u062f\u0645\u0629 OEM \u0648 ODM \u0627\u0644\u0645\u062e\u0635\u0635\u0629:<\/strong> \u0646\u062d\u0646 \u0646\u0648\u0641\u0631 \u062d\u0644\u0648\u0644\u0627\u064b \u0627\u062d\u062a\u0631\u0627\u0641\u064a\u0629 \u0644\u062a\u0635\u0646\u064a\u0639 \u0627\u0644\u0645\u0639\u062f\u0627\u062a \u0627\u0644\u0623\u0635\u0644\u064a\u0629 \u0648\u062a\u0635\u0646\u064a\u0639 \u0627\u0644\u062a\u0635\u0645\u064a\u0645 \u0627\u0644\u0634\u062e\u0635\u064a \u0644\u0644\u0642\u0648\u0627\u0631\u064a\u0631 \u0627\u0644\u062d\u0631\u0627\u0631\u064a\u0629 \u0627\u0644\u0645\u062e\u0635\u0635\u0629 \u0644\u0625\u0646\u0634\u0627\u0621 \u0623\u0646\u0645\u0627\u0637 \u0645\u062e\u062a\u0644\u0641\u0629 \u0645\u0646 \u0627\u0644\u0642\u0648\u0627\u0631\u064a\u0631 \u0627\u0644\u062d\u0631\u0627\u0631\u064a\u0629 \u0630\u0627\u062a \u0627\u0644\u0639\u0644\u0627\u0645\u0627\u062a \u0627\u0644\u062a\u062c\u0627\u0631\u064a\u0629 \u0645\u0646 \u0623\u062c\u0644\u0643.<\/p>","protected":false},"featured_media":9874,"comment_status":"closed","ping_status":"closed","template":"","meta":[],"product_cat":[54],"product_tag":[66,84],"class_list":{"0":"post-3506","1":"product","2":"type-product","3":"status-publish","4":"has-post-thumbnail","6":"product_cat-thermal-carafe-wholesale","7":"product_tag-wholesale-1000ml-thermos-carafe","8":"product_tag-wholesale-glass-liner-thermos-carafe","10":"first","11":"instock","12":"shipping-taxable","13":"product-type-simple"},"_links":{"self":[{"href":"https:\/\/moyahousehold.com\/ar\/wp-json\/wp\/v2\/product\/3506","targetHints":{"allow":["GET"]}}],"collection":[{"href":"https:\/\/moyahousehold.com\/ar\/wp-json\/wp\/v2\/product"}],"about":[{"href":"https:\/\/moyahousehold.com\/ar\/wp-json\/wp\/v2\/types\/product"}],"replies":[{"embeddable":true,"href":"https:\/\/moyahousehold.com\/ar\/wp-json\/wp\/v2\/comments?post=3506"}],"version-history":[{"count":0,"href":"https:\/\/moyahousehold.com\/ar\/wp-json\/wp\/v2\/product\/3506\/revisions"}],"wp:featuredmedia":[{"embeddable":true,"href":"https:\/\/moyahousehold.com\/ar\/wp-json\/wp\/v2\/media\/9874"}],"wp:attachment":[{"href":"https:\/\/moyahousehold.com\/ar\/wp-json\/wp\/v2\/media?parent=3506"}],"wp:term":[{"taxonomy":"product_cat","embeddable":true,"href":"https:\/\/moyahousehold.com\/ar\/wp-json\/wp\/v2\/product_cat?post=3506"},{"taxonomy":"product_tag","embeddable":true,"href":"https:\/\/moyahousehold.com\/ar\/wp-json\/wp\/v2\/product_tag?post=3506"}],"curies":[{"name":"wp","href":"https:\/\/api.w.org\/{rel}","templated":true}]}}