{"id":3890,"date":"2024-04-30T07:53:19","date_gmt":"2024-04-30T07:53:19","guid":{"rendered":"https:\/\/moyahousehold.com\/?post_type=product&#038;p=3890"},"modified":"2026-04-13T07:47:15","modified_gmt":"2026-04-13T07:47:15","slug":"wholesale-steamer-pot","status":"publish","type":"product","link":"https:\/\/moyahousehold.com\/ar\/product\/\u0642\u062f\u0631-\u0628\u062e\u0627\u0631\u064a-\u0628\u0627\u0644\u062c\u0645\u0644\u0629\/","title":{"rendered":"Wholesale Three Layer Steel Steamer Pot | Multi-Use, Fast Heating &amp; Energy Efficient Cookware"},"content":{"rendered":"<figure class=\"wp-block-image size-full\"><img fetchpriority=\"high\" decoding=\"async\" width=\"3454\" height=\"3454\" src=\"https:\/\/moyahousehold.com\/wp-content\/uploads\/2024\/04\/ML-\u83ab\u5229\u4e9a-52.jpg\" alt=\"MOLIJIA 304 Stainless Steel Steamer Pot with Built-in Steam Rack, Steaming Pumpkin and Vegetables on Induction Cooktop\" class=\"wp-image-12988\" srcset=\"https:\/\/moyahousehold.com\/wp-content\/uploads\/2024\/04\/ML-\u83ab\u5229\u4e9a-52.jpg 3454w, https:\/\/moyahousehold.com\/wp-content\/uploads\/2024\/04\/ML-\u83ab\u5229\u4e9a-52-300x300.jpg 300w, https:\/\/moyahousehold.com\/wp-content\/uploads\/2024\/04\/ML-\u83ab\u5229\u4e9a-52-150x150.jpg 150w, https:\/\/moyahousehold.com\/wp-content\/uploads\/2024\/04\/ML-\u83ab\u5229\u4e9a-52-768x768.jpg 768w, https:\/\/moyahousehold.com\/wp-content\/uploads\/2024\/04\/ML-\u83ab\u5229\u4e9a-52-12x12.jpg 12w, https:\/\/moyahousehold.com\/wp-content\/uploads\/2024\/04\/ML-\u83ab\u5229\u4e9a-52-285x285.jpg 285w, https:\/\/moyahousehold.com\/wp-content\/uploads\/2024\/04\/ML-\u83ab\u5229\u4e9a-52-1600x1600.jpg 1600w, https:\/\/moyahousehold.com\/wp-content\/uploads\/2024\/04\/ML-\u83ab\u5229\u4e9a-52-270x270.jpg 270w, https:\/\/moyahousehold.com\/wp-content\/uploads\/2024\/04\/ML-\u83ab\u5229\u4e9a-52-540x540.jpg 540w, https:\/\/moyahousehold.com\/wp-content\/uploads\/2024\/04\/ML-\u83ab\u5229\u4e9a-52-660x660.jpg 660w\" sizes=\"(max-width: 3454px) 100vw, 3454px\" \/><\/figure>\n\n\n\n<div class=\"wp-block-columns is-layout-flex wp-container-core-columns-is-layout-9d6595d7 wp-block-columns-is-layout-flex\">\n<div class=\"wp-block-column is-layout-flow wp-block-column-is-layout-flow\">\n<h3 class=\"wp-block-heading\">\u0645\u0639\u0644\u0645\u0627\u062a \u0642\u062f\u0631 \u0627\u0644\u0628\u062e\u0627\u0631 \u0627\u0644\u0645\u0635\u0646\u0648\u0639 \u0645\u0646 \u0627\u0644\u0641\u0648\u0644\u0627\u0630 \u0627\u0644\u0645\u0642\u0627\u0648\u0645 \u0644\u0644\u0635\u062f\u0623<\/h3>\n\n\n\n<figure class=\"wp-block-table\"><table class=\"has-fixed-layout\"><tbody><tr><td><strong>\u0631\u0642\u0645 \u0627\u0644\u0645\u0648\u062f\u064a\u0644<\/strong><\/td><td><strong>\u0627\u0644\u0645\u0648\u0627\u062f<\/strong><\/td><td><strong>\u0627\u0644\u0637\u0627\u0642\u0629 \u0627\u0644\u0627\u0633\u062a\u064a\u0639\u0627\u0628\u064a\u0629<\/strong><\/td><td><strong>\u0627\u0644\u0628\u064f\u0639\u062f<\/strong><\/td><td><strong>PCS\/\u062d\u0627\u0644\u0629<\/strong><\/td><td><strong>\u0646.\u0648.\/PCS<\/strong><\/td><\/tr><tr><td>MYHL003<\/td><td rowspan=\"2\">Body: 304 three-layer steel<br>Handle: 201<br>Lid: Glass + Silicone<\/td><td>4L<\/td><td>24 \u00d7 24 \u00d7 24 \u00d7 11 \u0633\u0645<\/td><td>8<\/td><td>2.09 \u0643\u062c\u0645<\/td><\/tr><tr><td>MYHL004<\/td><td>4L<\/td><td>28x28x28x20.5 \u0633\u0645<\/td><td>8<\/td><td>2.55 \u0643\u062c\u0645<\/td><\/tr><\/tbody><\/table><\/figure>\n\n\n\n<h3 class=\"wp-block-heading\">Custom Stainless Steel Steamer Pot Options<\/h3>\n\n\n\n<p><strong>\u0627\u0644\u0634\u0639\u0627\u0631:\u00a0<\/strong>Customize your brand logo on cookware products and packaging.<br><strong>Logo Options:<\/strong>\u00a0Printed logo, laser engraved logo, etc.<br><strong>External Surface:\u00a0<\/strong>Customize the appearance of your cookware.<br><strong>\u0627\u0644\u062a\u0639\u0628\u0626\u0629 \u0648\u0627\u0644\u062a\u063a\u0644\u064a\u0641:\u00a0<\/strong>Color box<br><strong>\u0627\u0644\u062d\u062c\u0645 \u0648\u0627\u0644\u0633\u0639\u0629<\/strong>: Customize cookware size and capacity<br><strong><a href=\"https:\/\/moyahousehold.com\/ar\/custom-solution\/\" target=\"_blank\" rel=\"noreferrer noopener\">\u0627\u0643\u062a\u0634\u0641 \u0627\u0644\u0645\u0632\u064a\u062f \u0639\u0646 \u062d\u0644\u0648\u0644 \u0623\u0648\u0627\u0646\u064a \u0627\u0644\u0637\u0647\u064a \u0627\u0644\u0645\u062e\u0635\u0635\u0629.<\/a><\/strong><\/p>\n\n\n\n<div class=\"wp-block-columns is-layout-flex wp-container-core-columns-is-layout-9d6595d7 wp-block-columns-is-layout-flex\">\n<div class=\"wp-block-column is-layout-flow wp-block-column-is-layout-flow\">\n<figure class=\"wp-block-image size-full\"><img decoding=\"async\" width=\"3642\" height=\"3642\" src=\"https:\/\/moyahousehold.com\/wp-content\/uploads\/2024\/04\/ML-\u83ab\u5229\u4e9a-51.jpg\" alt=\"MOLIJIA 304 Stainless Steel Steamer Pot with Built-in Steam Rack, Steaming Pumpkin and Vegetables on Induction Cooktop\" class=\"wp-image-12985\" srcset=\"https:\/\/moyahousehold.com\/wp-content\/uploads\/2024\/04\/ML-\u83ab\u5229\u4e9a-51.jpg 3642w, https:\/\/moyahousehold.com\/wp-content\/uploads\/2024\/04\/ML-\u83ab\u5229\u4e9a-51-300x300.jpg 300w, https:\/\/moyahousehold.com\/wp-content\/uploads\/2024\/04\/ML-\u83ab\u5229\u4e9a-51-150x150.jpg 150w, https:\/\/moyahousehold.com\/wp-content\/uploads\/2024\/04\/ML-\u83ab\u5229\u4e9a-51-768x768.jpg 768w, https:\/\/moyahousehold.com\/wp-content\/uploads\/2024\/04\/ML-\u83ab\u5229\u4e9a-51-12x12.jpg 12w, https:\/\/moyahousehold.com\/wp-content\/uploads\/2024\/04\/ML-\u83ab\u5229\u4e9a-51-285x285.jpg 285w, https:\/\/moyahousehold.com\/wp-content\/uploads\/2024\/04\/ML-\u83ab\u5229\u4e9a-51-1600x1600.jpg 1600w, https:\/\/moyahousehold.com\/wp-content\/uploads\/2024\/04\/ML-\u83ab\u5229\u4e9a-51-270x270.jpg 270w, https:\/\/moyahousehold.com\/wp-content\/uploads\/2024\/04\/ML-\u83ab\u5229\u4e9a-51-540x540.jpg 540w, https:\/\/moyahousehold.com\/wp-content\/uploads\/2024\/04\/ML-\u83ab\u5229\u4e9a-51-660x660.jpg 660w\" sizes=\"(max-width: 3642px) 100vw, 3642px\" \/><\/figure>\n<\/div>\n\n\n\n<div class=\"wp-block-column is-layout-flow wp-block-column-is-layout-flow\">\n<figure class=\"wp-block-image size-full\"><img decoding=\"async\" width=\"3485\" height=\"3485\" src=\"https:\/\/moyahousehold.com\/wp-content\/uploads\/2024\/04\/ML-\u83ab\u5229\u4e9a-2.jpg\" alt=\"MOLIJIA 304 Stainless Steel Steamer Pot with Built-in Steam Rack, Steaming Pumpkin and Vegetables on Induction Cooktop\" class=\"wp-image-12987\" srcset=\"https:\/\/moyahousehold.com\/wp-content\/uploads\/2024\/04\/ML-\u83ab\u5229\u4e9a-2.jpg 3485w, https:\/\/moyahousehold.com\/wp-content\/uploads\/2024\/04\/ML-\u83ab\u5229\u4e9a-2-300x300.jpg 300w, https:\/\/moyahousehold.com\/wp-content\/uploads\/2024\/04\/ML-\u83ab\u5229\u4e9a-2-150x150.jpg 150w, https:\/\/moyahousehold.com\/wp-content\/uploads\/2024\/04\/ML-\u83ab\u5229\u4e9a-2-768x768.jpg 768w, https:\/\/moyahousehold.com\/wp-content\/uploads\/2024\/04\/ML-\u83ab\u5229\u4e9a-2-12x12.jpg 12w, https:\/\/moyahousehold.com\/wp-content\/uploads\/2024\/04\/ML-\u83ab\u5229\u4e9a-2-285x285.jpg 285w, https:\/\/moyahousehold.com\/wp-content\/uploads\/2024\/04\/ML-\u83ab\u5229\u4e9a-2-1600x1600.jpg 1600w, https:\/\/moyahousehold.com\/wp-content\/uploads\/2024\/04\/ML-\u83ab\u5229\u4e9a-2-270x270.jpg 270w, https:\/\/moyahousehold.com\/wp-content\/uploads\/2024\/04\/ML-\u83ab\u5229\u4e9a-2-540x540.jpg 540w, https:\/\/moyahousehold.com\/wp-content\/uploads\/2024\/04\/ML-\u83ab\u5229\u4e9a-2-660x660.jpg 660w\" sizes=\"(max-width: 3485px) 100vw, 3485px\" \/><\/figure>\n<\/div>\n<\/div>\n<\/div>\n<\/div>\n\n\n\n<div class=\"wp-block-columns is-layout-flex wp-container-core-columns-is-layout-9d6595d7 wp-block-columns-is-layout-flex\">\n<div class=\"wp-block-column is-layout-flow wp-block-column-is-layout-flow\">\n<figure class=\"wp-block-image size-full\"><img loading=\"lazy\" decoding=\"async\" width=\"3629\" height=\"3629\" src=\"https:\/\/moyahousehold.com\/wp-content\/uploads\/2024\/04\/ML-\u83ab\u5229\u4e9a-41.jpg\" alt=\"MOLIJIA 304 Stainless Steel Steamer Pot with Built-in Steam Rack, Steaming Pumpkin and Vegetables on Induction Cooktop\" class=\"wp-image-12986\" srcset=\"https:\/\/moyahousehold.com\/wp-content\/uploads\/2024\/04\/ML-\u83ab\u5229\u4e9a-41.jpg 3629w, https:\/\/moyahousehold.com\/wp-content\/uploads\/2024\/04\/ML-\u83ab\u5229\u4e9a-41-300x300.jpg 300w, https:\/\/moyahousehold.com\/wp-content\/uploads\/2024\/04\/ML-\u83ab\u5229\u4e9a-41-150x150.jpg 150w, https:\/\/moyahousehold.com\/wp-content\/uploads\/2024\/04\/ML-\u83ab\u5229\u4e9a-41-768x768.jpg 768w, https:\/\/moyahousehold.com\/wp-content\/uploads\/2024\/04\/ML-\u83ab\u5229\u4e9a-41-12x12.jpg 12w, https:\/\/moyahousehold.com\/wp-content\/uploads\/2024\/04\/ML-\u83ab\u5229\u4e9a-41-285x285.jpg 285w, https:\/\/moyahousehold.com\/wp-content\/uploads\/2024\/04\/ML-\u83ab\u5229\u4e9a-41-1600x1600.jpg 1600w, https:\/\/moyahousehold.com\/wp-content\/uploads\/2024\/04\/ML-\u83ab\u5229\u4e9a-41-270x270.jpg 270w, https:\/\/moyahousehold.com\/wp-content\/uploads\/2024\/04\/ML-\u83ab\u5229\u4e9a-41-540x540.jpg 540w, https:\/\/moyahousehold.com\/wp-content\/uploads\/2024\/04\/ML-\u83ab\u5229\u4e9a-41-660x660.jpg 660w\" sizes=\"(max-width: 3629px) 100vw, 3629px\" \/><\/figure>\n<\/div>\n\n\n\n<div class=\"wp-block-column is-layout-flow wp-block-column-is-layout-flow\">\n<figure class=\"wp-block-image size-full\"><img fetchpriority=\"high\" decoding=\"async\" width=\"3454\" height=\"3454\" src=\"https:\/\/moyahousehold.com\/wp-content\/uploads\/2024\/04\/ML-\u83ab\u5229\u4e9a-52.jpg\" alt=\"MOLIJIA 304 Stainless Steel Steamer Pot with Built-in Steam Rack, Steaming Pumpkin and Vegetables on Induction Cooktop\" class=\"wp-image-12988\" srcset=\"https:\/\/moyahousehold.com\/wp-content\/uploads\/2024\/04\/ML-\u83ab\u5229\u4e9a-52.jpg 3454w, https:\/\/moyahousehold.com\/wp-content\/uploads\/2024\/04\/ML-\u83ab\u5229\u4e9a-52-300x300.jpg 300w, https:\/\/moyahousehold.com\/wp-content\/uploads\/2024\/04\/ML-\u83ab\u5229\u4e9a-52-150x150.jpg 150w, https:\/\/moyahousehold.com\/wp-content\/uploads\/2024\/04\/ML-\u83ab\u5229\u4e9a-52-768x768.jpg 768w, https:\/\/moyahousehold.com\/wp-content\/uploads\/2024\/04\/ML-\u83ab\u5229\u4e9a-52-12x12.jpg 12w, https:\/\/moyahousehold.com\/wp-content\/uploads\/2024\/04\/ML-\u83ab\u5229\u4e9a-52-285x285.jpg 285w, https:\/\/moyahousehold.com\/wp-content\/uploads\/2024\/04\/ML-\u83ab\u5229\u4e9a-52-1600x1600.jpg 1600w, https:\/\/moyahousehold.com\/wp-content\/uploads\/2024\/04\/ML-\u83ab\u5229\u4e9a-52-270x270.jpg 270w, https:\/\/moyahousehold.com\/wp-content\/uploads\/2024\/04\/ML-\u83ab\u5229\u4e9a-52-540x540.jpg 540w, https:\/\/moyahousehold.com\/wp-content\/uploads\/2024\/04\/ML-\u83ab\u5229\u4e9a-52-660x660.jpg 660w\" sizes=\"(max-width: 3454px) 100vw, 3454px\" \/><\/figure>\n<\/div>\n<\/div>\n\n\n\n<p><\/p>","protected":false},"excerpt":{"rendered":"<p>\u0642\u062f\u0631 \u0628\u062e\u0627\u0631 \u0623\u0646\u064a\u0642 \u0645\u0646 \u0627\u0644\u0641\u0648\u0644\u0627\u0630 \u0627\u0644\u0645\u0642\u0627\u0648\u0645 \u0644\u0644\u0635\u062f\u0623 \u0628\u0627\u0644\u062c\u0645\u0644\u0629\u060c \u0628\u062a\u0635\u0645\u064a\u0645 \u0639\u0635\u0631\u064a \u0648\u0648\u0638\u0627\u0626\u0641 \u0645\u0645\u062a\u0627\u0632\u0629\u060c \u0645\u0635\u0646\u0648\u0639 \u0645\u0646 \u0645\u0627\u062f\u0629 \u0627\u0644\u0641\u0648\u0644\u0627\u0630 \u0627\u0644\u0645\u0642\u0627\u0648\u0645 \u0644\u0644\u0635\u062f\u0623 \u0639\u0627\u0644\u064a\u0629 \u0627\u0644\u062c\u0648\u062f\u0629\u060c \u0645\u0639 \u0645\u062a\u0627\u0646\u0629 \u062c\u064a\u062f\u0629\u060c \u0648\u0627\u0633\u062a\u062e\u062f\u0627\u0645 \u0637\u0648\u064a\u0644 \u0627\u0644\u0623\u0645\u062f \u0644\u064a\u0633 \u0645\u0646 \u0627\u0644\u0633\u0647\u0644 \u0623\u0646 \u064a\u062a\u0622\u0643\u0644. \u064a\u0648\u0641\u0631 \u0627\u0644\u062c\u0632\u0621 \u0627\u0644\u0633\u0641\u0644\u064a \u0627\u0644\u0645\u0631\u0643\u0628 \u0627\u0644\u0645\u0635\u0646\u0648\u0639 \u0645\u0646 \u0627\u0644\u0641\u0648\u0644\u0627\u0630 \u0627\u0644\u0645\u0642\u0627\u0648\u0645 \u0644\u0644\u0635\u062f\u0623 \u062a\u0648\u0635\u064a\u0644\u064b\u0627 \u062d\u0631\u0627\u0631\u064a\u064b\u0627 \u0645\u0645\u062a\u0627\u0632\u064b\u0627\u060c \u0645\u0645\u0627 \u064a\u0633\u0627\u0639\u062f \u0639\u0644\u0649 \u0637\u0647\u064a \u0645\u062c\u0645\u0648\u0639\u0629 \u0645\u062a\u0646\u0648\u0639\u0629 \u0645\u0646 \u0627\u0644\u0623\u0637\u0639\u0645\u0629 \u0627\u0644\u0644\u0630\u064a\u0630\u0629 \u0628\u0633\u0631\u0639\u0629. \u0625\u0646\u0647 \u062e\u064a\u0627\u0631 \u0645\u062b\u0627\u0644\u064a \u0644\u0644\u0645\u0637\u0627\u0639\u0645 \u0648\u0627\u0644\u0645\u0637\u0627\u0628\u062e \u0627\u0644\u0645\u0646\u0632\u0644\u064a\u0629. \u0645\u0631\u062d\u0628\u064b\u0627 \u0628\u0643\u0645 \u0641\u064a \u0627\u0644\u0627\u062a\u0635\u0627\u0644 \u0628\u0646\u0627 \u0644\u0644\u062d\u0635\u0648\u0644 \u0639\u0644\u0649 \u0639\u0631\u0636 \u0623\u0633\u0639\u0627\u0631.<\/p>\n<h3>\u0645\u064a\u0632\u0627\u062a \u0648\u0641\u0648\u0627\u0626\u062f \u0648\u0639\u0627\u0621 \u0627\u0644\u0628\u0627\u062e\u0631\u0629<\/h3>\n<p><strong>Stylish and Simple Design:<\/strong> This three layer steel steamer pot has a simple and stylish appearance, which can enhance the overall beauty of the kitchen and make you fall in love with cooking. <\/p>\n<p><strong>Multi-Function:<\/strong> This three layer steel steamer pot combines the functions of a steamer and a soup pot. Users can steam food and cook soup at the same time, saving cooking time. <\/p>\n<p><strong>Thickened Material:<\/strong> \u062a\u0645 \u062a\u0635\u0645\u064a\u0645 \u0647\u064a\u0643\u0644 \u0627\u0644\u0648\u0639\u0627\u0621 \u0645\u0646 \u0627\u0644\u0641\u0648\u0644\u0627\u0630 \u0627\u0644\u0645\u0642\u0627\u0648\u0645 \u0644\u0644\u0635\u062f\u0623 \u0627\u0644\u0633\u0645\u064a\u0643\u060c \u0645\u0645\u0627 \u064a\u062d\u0633\u0651\u0646 \u0627\u0644\u062b\u0628\u0627\u062a \u0648\u0627\u0644\u0645\u062a\u0627\u0646\u0629 \u0648\u064a\u0637\u064a\u0644 \u0639\u0645\u0631 \u0627\u0644\u062e\u062f\u0645\u0629. <\/p>\n<p><strong>Composite Pot Bottom:<\/strong> \u0625\u0646 \u0642\u0627\u0639 \u0627\u0644\u0642\u062f\u0631 \u0645\u0635\u0646\u0648\u0639 \u0645\u0646 \u0627\u0644\u0641\u0648\u0644\u0627\u0630 \u0627\u0644\u0645\u0642\u0627\u0648\u0645 \u0644\u0644\u0635\u062f\u0623 \u0645\u062a\u0639\u062f\u062f \u0627\u0644\u0637\u0628\u0642\u0627\u062a\u060c \u0645\u0645\u0627 \u064a\u062c\u0639\u0644 \u062d\u0631\u0627\u0631\u0629 \u0627\u0644\u0642\u062f\u0631 \u0623\u0643\u062b\u0631 \u062a\u0648\u0627\u0632\u0646\u0627\u064b \u0648\u064a\u0645\u0643\u0646 \u062a\u0633\u062e\u064a\u0646 \u0627\u0644\u0637\u0639\u0627\u0645 \u0623\u0648 \u0637\u0647\u064a\u0647 \u0639\u0644\u0649 \u0627\u0644\u0628\u062e\u0627\u0631 \u0628\u0633\u0631\u0639\u0629 \u0623\u0643\u0628\u0631\u060c \u0648\u0647\u0648 \u0645\u0646\u0627\u0633\u0628 \u0644\u0644\u0645\u0637\u0627\u0628\u062e \u0627\u0644\u0645\u0646\u0632\u0644\u064a\u0629 \u0648\u0627\u0644\u062a\u062c\u0627\u0631\u064a\u0629. <\/p>\n<p><strong>OEM&amp;ODM Service:<\/strong> \u0628\u0635\u0641\u062a\u0647\u0627 \u0634\u0631\u0643\u0629 \u0645\u062d\u062a\u0631\u0641\u0629 \u0641\u064a \u062a\u0635\u0646\u064a\u0639 \u0623\u0648\u0627\u0646\u064a \u0627\u0644\u0637\u0647\u064a \u0627\u0644\u0645\u062a\u062e\u0635\u0635\u0629\u060c \u062a\u0648\u0641\u0631 MOYA \u062d\u0644\u0648\u0644 \u0623\u0648\u0627\u0646\u064a \u0627\u0644\u0637\u0647\u064a \u0627\u0644\u0645\u062e\u0635\u0635\u0629 \u0644\u062a\u0635\u0646\u064a\u0639 \u0627\u0644\u0645\u0639\u062f\u0627\u062a \u0627\u0644\u0623\u0635\u0644\u064a\u0629 \u0648\u062a\u0635\u0646\u064a\u0639 \u0627\u0644\u062a\u0635\u0645\u064a\u0645 \u062d\u0633\u0628 \u0627\u0644\u0637\u0644\u0628\u060c \u0648\u0627\u0644\u062a\u064a \u062a\u063a\u0637\u064a \u0645\u0648\u0627\u062f \u0623\u0648\u0627\u0646\u064a \u0627\u0644\u0637\u0647\u064a \u0627\u0644\u0645\u062e\u0635\u0635\u0629 \u0648\u0627\u0644\u0623\u062d\u062c\u0627\u0645 \u0648\u0627\u0644\u062a\u0639\u0628\u0626\u0629 \u0648\u0627\u0644\u062a\u063a\u0644\u064a\u0641 \u0648\u063a\u064a\u0631\u0647\u0627. <\/p>","protected":false},"featured_media":9712,"comment_status":"open","ping_status":"closed","template":"","meta":[],"product_cat":[56],"product_tag":[162,163],"class_list":{"0":"post-3890","1":"product","2":"type-product","3":"status-publish","4":"has-post-thumbnail","6":"product_cat-stainless-steel-cookware-wholesale","7":"product_tag-4-0l-steamer-pot","8":"product_tag-three-layer-steel-steamer-pot","10":"first","11":"instock","12":"shipping-taxable","13":"product-type-simple"},"_links":{"self":[{"href":"https:\/\/moyahousehold.com\/ar\/wp-json\/wp\/v2\/product\/3890","targetHints":{"allow":["GET"]}}],"collection":[{"href":"https:\/\/moyahousehold.com\/ar\/wp-json\/wp\/v2\/product"}],"about":[{"href":"https:\/\/moyahousehold.com\/ar\/wp-json\/wp\/v2\/types\/product"}],"replies":[{"embeddable":true,"href":"https:\/\/moyahousehold.com\/ar\/wp-json\/wp\/v2\/comments?post=3890"}],"version-history":[{"count":2,"href":"https:\/\/moyahousehold.com\/ar\/wp-json\/wp\/v2\/product\/3890\/revisions"}],"predecessor-version":[{"id":12993,"href":"https:\/\/moyahousehold.com\/ar\/wp-json\/wp\/v2\/product\/3890\/revisions\/12993"}],"wp:featuredmedia":[{"embeddable":true,"href":"https:\/\/moyahousehold.com\/ar\/wp-json\/wp\/v2\/media\/9712"}],"wp:attachment":[{"href":"https:\/\/moyahousehold.com\/ar\/wp-json\/wp\/v2\/media?parent=3890"}],"wp:term":[{"taxonomy":"product_cat","embeddable":true,"href":"https:\/\/moyahousehold.com\/ar\/wp-json\/wp\/v2\/product_cat?post=3890"},{"taxonomy":"product_tag","embeddable":true,"href":"https:\/\/moyahousehold.com\/ar\/wp-json\/wp\/v2\/product_tag?post=3890"}],"curies":[{"name":"wp","href":"https:\/\/api.w.org\/{rel}","templated":true}]}}