{"id":3975,"date":"2024-04-30T10:16:39","date_gmt":"2024-04-30T10:16:39","guid":{"rendered":"https:\/\/moyahousehold.com\/?post_type=product&#038;p=3975"},"modified":"2025-01-09T03:18:39","modified_gmt":"2025-01-09T03:18:39","slug":"wholesale-beautiful-stainless-steel-mixing-bowls","status":"publish","type":"product","link":"https:\/\/moyahousehold.com\/ar\/product\/wholesale-beautiful-stainless-steel-mixing-bowls\/","title":{"rendered":"\u0623\u0648\u0639\u064a\u0629 \u062e\u0644\u0637 \u062c\u0645\u064a\u0644\u0629 \u0645\u0646 \u0627\u0644\u0641\u0648\u0644\u0627\u0630 \u0627\u0644\u0645\u0642\u0627\u0648\u0645 \u0644\u0644\u0635\u062f\u0623 \u0628\u0627\u0644\u062c\u0645\u0644\u0629 \u0644\u0644\u0645\u0637\u0627\u0628\u062e \u0627\u0644\u0627\u062d\u062a\u0631\u0627\u0641\u064a\u0629 \u0648\u0627\u0644\u0627\u0633\u062a\u062e\u062f\u0627\u0645 \u0627\u0644\u0645\u0646\u0632\u0644\u064a"},"content":{"rendered":"<div class=\"wp-block-columns is-layout-flex wp-container-core-columns-is-layout-9d6595d7 wp-block-columns-is-layout-flex\">\n<div class=\"wp-block-column is-layout-flow wp-block-column-is-layout-flow\">\n<h3 class=\"wp-block-heading\">\u0645\u0639\u0644\u0645\u0627\u062a \u0648\u0639\u0627\u0621 \u0627\u0644\u062e\u0644\u0637 \u0627\u0644\u062c\u0645\u064a\u0644<\/h3>\n\n\n\n<p>\u0627\u0644\u062e\u0627\u0645\u0629: \u0641\u0648\u0644\u0627\u0630 \u0645\u0642\u0627\u0648\u0645 \u0644\u0644\u0635\u062f\u0623 304 <br>\u0627\u0644\u0644\u0648\u0646: \u0628\u064a\u062c\/\u0643\u0627\u0643\u064a<br><strong>\u0631\u0642\u0645 \u0627\u0644\u0645\u0648\u062f\u064a\u0644: MYTY006<\/strong><br>\u0627\u0644\u0633\u0639\u0629: 16 \u0633\u0645<br>\u0623\u0628\u0639\u0627\u062f \u0627\u0644\u0645\u0646\u062a\u062c:16 \u00d7 16 \u00d7 16 \u00d7 7 \u0633\u0645<br>\u0623\u0628\u0639\u0627\u062f \u0627\u0644\u0635\u0646\u062f\u0648\u0642:32 \u00d7 16 \u00d7 27 \u0633\u0645<br>\u0627\u0644\u0648\u0632\u0646 \u0627\u0644\u0635\u0627\u0641\u064a:0.13 \u0643\u062c\u0645<br>\u0627\u0644\u0648\u0632\u0646 \u0627\u0644\u0625\u062c\u0645\u0627\u0644\u064a \u0644\u0643\u0644 \u0635\u0646\u062f\u0648\u0642: 39.6 \u0643\u062c\u0645<br><strong>\u0631\u0642\u0645 \u0627\u0644\u0645\u0648\u062f\u064a\u0644: MYTY007<\/strong><br>\u0627\u0644\u0633\u0639\u0629: 19 \u0633\u0645<br>\u0623\u0628\u0639\u0627\u062f \u0627\u0644\u0645\u0646\u062a\u062c:19 \u00d7 19 \u00d7 19 \u00d7 8 \u0633\u0645<br>\u0623\u0628\u0639\u0627\u062f \u0627\u0644\u0635\u0646\u062f\u0648\u0642:38 \u00d7 19 \u00d7 29 \u0633\u0645<br>\u0627\u0644\u0648\u0632\u0646 \u0627\u0644\u0635\u0627\u0641\u064a:0.2 \u0643\u062c\u0645<br>\u0627\u0644\u0648\u0632\u0646 \u0627\u0644\u0625\u062c\u0645\u0627\u0644\u064a \u0644\u0643\u0644 \u0635\u0646\u062f\u0648\u0642: 40 \u0643\u062c\u0645<br><strong>\u0631\u0642\u0645 \u0627\u0644\u0645\u0648\u062f\u064a\u0644: MYTY008<\/strong><br>\u0627\u0644\u0633\u0639\u0629: 22 \u0633\u0645<br>\u0623\u0628\u0639\u0627\u062f \u0627\u0644\u0645\u0646\u062a\u062c:22 \u00d7 22 \u00d7 22 \u00d7 10 \u0633\u0645<br>\u0623\u0628\u0639\u0627\u062f \u0627\u0644\u0635\u0646\u062f\u0648\u0642:22x22x22x37 \u0633\u0645<br>\u0627\u0644\u0648\u0632\u0646 \u0627\u0644\u0635\u0627\u0641\u064a:0.24 \u0643\u062c\u0645<br>\u0627\u0644\u0648\u0632\u0646 \u0627\u0644\u0625\u062c\u0645\u0627\u0644\u064a \u0644\u0643\u0644 \u0635\u0646\u062f\u0648\u0642: 35.2 \u0643\u062c\u0645<br><\/p>\n<\/div>\n\n\n\n<div class=\"wp-block-column is-layout-flow wp-block-column-is-layout-flow\">\n<h3 class=\"wp-block-heading\">\u062e\u064a\u0627\u0631\u0627\u062a \u0648\u0639\u0627\u0621 \u0627\u0644\u062e\u0644\u0637 \u0627\u0644\u0645\u062e\u0635\u0635<\/h3>\n\n\n\n<p><strong>\u0627\u0644\u0634\u0639\u0627\u0631:<\/strong> \u062a\u062e\u0635\u064a\u0635 \u0634\u0639\u0627\u0631 \u0639\u0644\u0627\u0645\u062a\u0643 \u0627\u0644\u062a\u062c\u0627\u0631\u064a\u0629 \u0639\u0644\u0649 \u0627\u0644\u0645\u0646\u062a\u062c \u0648\u0627\u0644\u0639\u0628\u0648\u0629.<br><strong>\u062e\u064a\u0627\u0631\u0627\u062a \u0627\u0644\u0634\u0639\u0627\u0631:<\/strong> \u0634\u0639\u0627\u0631 \u0645\u0637\u0628\u0648\u0639\u060c \u0634\u0639\u0627\u0631 \u0645\u062d\u0641\u0648\u0631 \u0628\u0627\u0644\u0644\u064a\u0632\u0631\u060c \u0625\u0644\u062e.<br><strong>\u0627\u0644\u0646\u0645\u0637:<\/strong> \u0637\u0628\u0627\u0639\u0629 \u0623\u0646\u0645\u0627\u0637 \u0627\u0644\u0637\u0628\u0627\u0639\u0629 \u0639\u0644\u0649 \u0648\u0639\u0627\u0621 \u0627\u0644\u0633\u0644\u0637\u0629.<br><strong>\u062a\u0642\u0646\u064a\u0629 \u0627\u0644\u0637\u0628\u0627\u0639\u0629: <\/strong>\u0646\u0642\u0644 \u0627\u0644\u0645\u064a\u0627\u0647.<br>\u0627\u0644\u0637\u0628\u0627\u0639\u0629\u060c \u0637\u0628\u0627\u0639\u0629 \u0627\u0644\u0634\u0627\u0634\u0629 \u0627\u0644\u062d\u0631\u064a\u0631\u064a\u0629\u060c \u0637\u0628\u0627\u0639\u0629 \u0646\u0642\u0644 \u0627\u0644\u062d\u0631\u0627\u0631\u0629\u060c \u0625\u0644\u062e.<br><strong>\u0627\u0644\u062a\u0639\u0628\u0626\u0629 \u0648\u0627\u0644\u062a\u063a\u0644\u064a\u0641:<\/strong> \u0635\u0646\u062f\u0648\u0642 \u0623\u0644\u0648\u0627\u0646.<br><a href=\"https:\/\/moyahousehold.com\/ar\/custom-solution\/\"><strong>\u0627\u0643\u062a\u0634\u0641 \u0627\u0644\u0645\u0632\u064a\u062f \u0645\u0646 \u062d\u0644\u0648\u0644 \u0623\u0637\u0628\u0627\u0642 \u0627\u0644\u0633\u0644\u0637\u0629 \u0627\u0644\u0645\u062e\u0635\u0635\u0629<\/strong><\/a><br><br><strong>\u0631\u0642\u0645 \u0627\u0644\u0645\u0648\u062f\u064a\u0644: MYTY009<\/strong><br>\u0627\u0644\u0633\u0639\u0629: 25 \u0633\u0645<br>\u0623\u0628\u0639\u0627\u062f \u0627\u0644\u0645\u0646\u062a\u062c:25 \u00d7 25 \u00d7 25 \u00d7 10.5 \u0633\u0645<br>\u0623\u0628\u0639\u0627\u062f \u0627\u0644\u0635\u0646\u062f\u0648\u0642:25x25x25x32 \u0633\u0645<br>\u0627\u0644\u0648\u0632\u0646 \u0627\u0644\u0635\u0627\u0641\u064a:0.34 \u0643\u062c\u0645<br>\u0627\u0644\u0648\u0632\u0646 \u0627\u0644\u0625\u062c\u0645\u0627\u0644\u064a \u0644\u0643\u0644 \u0635\u0646\u062f\u0648\u0642: 32.4 \u0643\u062c\u0645<br><strong>\u0631\u0642\u0645 \u0627\u0644\u0645\u0648\u062f\u064a\u0644: MYTY01010<\/strong><br>\u0627\u0644\u0633\u0639\u0629: 28 \u0633\u0645<br>\u0623\u0628\u0639\u0627\u062f \u0627\u0644\u0645\u0646\u062a\u062c:28x28x28x12 \u0633\u0645<br>\u0623\u0628\u0639\u0627\u062f \u0627\u0644\u0635\u0646\u062f\u0648\u0642:28 \u00d7 28 \u00d7 26 \u0633\u0645<br>\u0627\u0644\u0648\u0632\u0646 \u0627\u0644\u0635\u0627\u0641\u064a:0.43 \u0643\u062c\u0645<br>\u0627\u0644\u0648\u0632\u0646 \u0627\u0644\u0625\u062c\u0645\u0627\u0644\u064a \u0644\u0643\u0644 \u0635\u0646\u062f\u0648\u0642: 25.2 \u0643\u062c\u0645<br><\/p>\n<\/div>\n<\/div>\n\n\n\n<div class=\"wp-block-columns is-layout-flex wp-container-core-columns-is-layout-9d6595d7 wp-block-columns-is-layout-flex\">\n<div class=\"wp-block-column is-layout-flow wp-block-column-is-layout-flow\">\n<figure class=\"wp-block-image size-full\"><img fetchpriority=\"high\" decoding=\"async\" width=\"3584\" height=\"3339\" src=\"https:\/\/moyahousehold.com\/wp-content\/uploads\/2024\/04\/actual-mixing-bowl-photo.webp\" alt=\"\u0635\u0648\u0631\u0629 \u0648\u0639\u0627\u0621 \u0627\u0644\u062e\u0644\u0637 \u0627\u0644\u0641\u0639\u0644\u064a\" class=\"wp-image-7900\" srcset=\"https:\/\/moyahousehold.com\/wp-content\/uploads\/2024\/04\/actual-mixing-bowl-photo.webp 3584w, https:\/\/moyahousehold.com\/wp-content\/uploads\/2024\/04\/actual-mixing-bowl-photo-300x279.webp 300w, https:\/\/moyahousehold.com\/wp-content\/uploads\/2024\/04\/actual-mixing-bowl-photo-768x716.webp 768w, https:\/\/moyahousehold.com\/wp-content\/uploads\/2024\/04\/actual-mixing-bowl-photo-13x12.webp 13w, https:\/\/moyahousehold.com\/wp-content\/uploads\/2024\/04\/actual-mixing-bowl-photo-285x266.webp 285w, https:\/\/moyahousehold.com\/wp-content\/uploads\/2024\/04\/actual-mixing-bowl-photo-1600x1491.webp 1600w, https:\/\/moyahousehold.com\/wp-content\/uploads\/2024\/04\/actual-mixing-bowl-photo-660x615.webp 660w, https:\/\/moyahousehold.com\/wp-content\/uploads\/2024\/04\/actual-mixing-bowl-photo-150x140.webp 150w\" sizes=\"(max-width: 3584px) 100vw, 3584px\" \/><\/figure>\n<\/div>\n\n\n\n<div class=\"wp-block-column is-layout-flow wp-block-column-is-layout-flow\">\n<figure class=\"wp-block-image size-full\"><img decoding=\"async\" width=\"3553\" height=\"3293\" src=\"https:\/\/moyahousehold.com\/wp-content\/uploads\/2024\/04\/actual-mixing-bowl-photo-2.webp\" alt=\"\u0635\u0648\u0631\u0629 \u0648\u0639\u0627\u0621 \u0627\u0644\u062e\u0644\u0637 \u0627\u0644\u0641\u0639\u0644\u064a (2)\" class=\"wp-image-7899\" srcset=\"https:\/\/moyahousehold.com\/wp-content\/uploads\/2024\/04\/actual-mixing-bowl-photo-2.webp 3553w, https:\/\/moyahousehold.com\/wp-content\/uploads\/2024\/04\/actual-mixing-bowl-photo-2-300x278.webp 300w, https:\/\/moyahousehold.com\/wp-content\/uploads\/2024\/04\/actual-mixing-bowl-photo-2-768x712.webp 768w, https:\/\/moyahousehold.com\/wp-content\/uploads\/2024\/04\/actual-mixing-bowl-photo-2-13x12.webp 13w, https:\/\/moyahousehold.com\/wp-content\/uploads\/2024\/04\/actual-mixing-bowl-photo-2-285x264.webp 285w, https:\/\/moyahousehold.com\/wp-content\/uploads\/2024\/04\/actual-mixing-bowl-photo-2-1600x1483.webp 1600w, https:\/\/moyahousehold.com\/wp-content\/uploads\/2024\/04\/actual-mixing-bowl-photo-2-660x612.webp 660w, https:\/\/moyahousehold.com\/wp-content\/uploads\/2024\/04\/actual-mixing-bowl-photo-2-150x139.webp 150w\" sizes=\"(max-width: 3553px) 100vw, 3553px\" \/><\/figure>\n<\/div>\n<\/div>\n\n\n\n<div class=\"wp-block-columns is-layout-flex wp-container-core-columns-is-layout-9d6595d7 wp-block-columns-is-layout-flex\">\n<div class=\"wp-block-column is-layout-flow wp-block-column-is-layout-flow\"><\/div>\n\n\n\n<div class=\"wp-block-column is-layout-flow wp-block-column-is-layout-flow\"><\/div>\n<\/div>","protected":false},"excerpt":{"rendered":"<p>\u062a\u0648\u0641\u0631 \u0627\u0644\u0634\u0631\u0643\u0629 \u0627\u0644\u0645\u0635\u0646\u0639\u0629 \u0644\u0648\u0639\u0627\u0621 \u0627\u0644\u062e\u0644\u0637 \u0645\u0646 \u0645\u0648\u064a\u0627 \u0623\u0648\u0639\u064a\u0629 \u062e\u0644\u0637 \u0628\u0627\u0644\u062c\u0645\u0644\u0629. \u064a\u062d\u062a\u0648\u064a \u0648\u0639\u0627\u0621 \u0627\u0644\u062e\u0644\u0637 \u0627\u0644\u062c\u0645\u064a\u0644 \u0647\u0630\u0627 \u0639\u0644\u0649 \u0645\u062c\u0645\u0648\u0639\u0629 \u0645\u062a\u0646\u0648\u0639\u0629 \u0645\u0646 \u0627\u0644\u062a\u0635\u0627\u0645\u064a\u0645 \u0630\u0627\u062a \u0627\u0644\u0633\u0639\u0629 \u0627\u0644\u0645\u062e\u062a\u0644\u0641\u0629\u060c \u0648\u0647\u0648 \u0645\u0646\u0627\u0633\u0628 \u0644\u0627\u0633\u062a\u064a\u0639\u0627\u0628 \u0645\u062c\u0645\u0648\u0639\u0629 \u0645\u062a\u0646\u0648\u0639\u0629 \u0645\u0646 \u0627\u0644\u062e\u0636\u0631\u0648\u0627\u062a \u0648\u0627\u0644\u0641\u0648\u0627\u0643\u0647 \u0627\u0644\u0637\u0627\u0632\u062c\u0629. \u064a\u0636\u064a\u0641 \u0627\u0644\u0634\u0643\u0644 \u0627\u0644\u062e\u0627\u0631\u062c\u064a \u0627\u0644\u0631\u0627\u0626\u0639 \u0625\u062d\u0633\u0627\u0633\u064b\u0627 \u0628\u0627\u0644\u0645\u0648\u0636\u0629 \u0625\u0644\u0649 \u0627\u0644\u0645\u0637\u0628\u062e. \u0646\u062d\u0646 \u0646\u062f\u0639\u0645 \u062a\u062e\u0635\u064a\u0635 OEM \u0648 ODM\u060c \u0645\u0631\u062d\u0628\u064b\u0627 \u0628\u0643\u0645 \u0641\u064a \u0627\u0644\u0627\u062a\u0635\u0627\u0644 \u0628\u0646\u0627.<\/p>\n<h3>\u0645\u064a\u0632\u0627\u062a \u0648\u0641\u0648\u0627\u0626\u062f \u0648\u0639\u0627\u0621 \u0627\u0644\u062e\u0644\u0637<\/h3>\n<p><strong>\u062e\u0627\u0645\u0629 \u0645\u062a\u064a\u0646\u0629:<\/strong> \u064a\u0633\u062a\u062e\u062f\u0645 \u0648\u0639\u0627\u0621 \u0627\u0644\u062e\u0644\u0637 \u0627\u0644\u062c\u0645\u064a\u0644 \u0647\u0630\u0627 \u0645\u0646 \u0627\u0644\u0641\u0648\u0644\u0627\u0630 \u0627\u0644\u0645\u0642\u0627\u0648\u0645 \u0644\u0644\u0635\u062f\u0623 \u0639\u0627\u0644\u064a \u0627\u0644\u062c\u0648\u062f\u0629 \u0648\u0645\u0627\u062f\u0629 \u062e\u0627\u0631\u062c\u064a\u0629 \u0645\u062a\u064a\u0646\u0629 \u0644\u0636\u0645\u0627\u0646 \u0639\u062f\u0645 \u062a\u0644\u0641 \u0648\u0639\u0627\u0621 \u0627\u0644\u0633\u0644\u0637\u0629 \u0628\u0633\u0647\u0648\u0644\u0629 \u0641\u064a \u0627\u0644\u0627\u0633\u062a\u062e\u062f\u0627\u0645 \u0627\u0644\u064a\u0648\u0645\u064a \u0648\u0644\u0636\u0645\u0627\u0646 \u0639\u0645\u0631 \u062e\u062f\u0645\u0629 \u0637\u0648\u064a\u0644.<\/p>\n<p><strong>\u062a\u0635\u0645\u064a\u0645 \u062c\u0645\u064a\u0644:<\/strong> \u064a\u0639\u062a\u0645\u062f \u0648\u0639\u0627\u0621 \u0627\u0644\u062e\u0644\u0637 \u0647\u0630\u0627 \u0639\u0644\u0649 \u062a\u0635\u0645\u064a\u0645 \u0628\u0633\u064a\u0637 \u0648\u0623\u0646\u064a\u0642 \u0627\u0644\u0645\u0638\u0647\u0631\u060c \u0648\u0627\u0644\u0630\u064a \u064a\u0645\u0643\u0646 \u0623\u0646 \u064a\u062a\u0646\u0627\u0633\u0628 \u0645\u0639 \u0645\u062e\u062a\u0644\u0641 \u0623\u0646\u0645\u0627\u0637 \u0627\u0644\u0645\u0637\u0628\u062e \u0644\u062a\u0639\u0632\u064a\u0632 \u062c\u0645\u0627\u0644 \u0627\u0644\u0645\u0637\u0628\u062e \u0628\u0634\u0643\u0644 \u0639\u0627\u0645.<\/p>\n<p><strong>\u0633\u0647\u0644\u0629 \u0627\u0644\u062a\u0646\u0638\u064a\u0641:<\/strong> \u0625\u0646 \u0627\u0644\u062c\u062f\u0627\u0631 \u0627\u0644\u062f\u0627\u062e\u0644\u064a \u0627\u0644\u0623\u0645\u0644\u0633 \u0648\u0627\u0644\u062a\u0635\u0645\u064a\u0645 \u0627\u0644\u062e\u0627\u0631\u062c\u064a \u0644\u0648\u0639\u0627\u0621 \u0627\u0644\u062e\u0644\u0637 \u0627\u0644\u0646\u0627\u0639\u0645 \u064a\u062c\u0639\u0644 \u0627\u0644\u062a\u0646\u0638\u064a\u0641 \u0633\u0647\u0644\u0627\u064b\u060c \u0633\u0648\u0627\u0621 \u0643\u0627\u0646 \u0630\u0644\u0643 \u0628\u0627\u0644\u063a\u0633\u0644 \u0627\u0644\u064a\u062f\u0648\u064a \u0623\u0648 \u0648\u0636\u0639\u0647 \u0641\u064a \u063a\u0633\u0627\u0644\u0629 \u0627\u0644\u0623\u0637\u0628\u0627\u0642.<\/p>\n<p><strong>\u0627\u0633\u062a\u062e\u062f\u0627\u0645 \u0645\u062a\u0639\u062f\u062f \u0627\u0644\u0648\u0638\u0627\u0626\u0641:<\/strong> \u0628\u0627\u0644\u0625\u0636\u0627\u0641\u0629 \u0625\u0644\u0649 \u062a\u0642\u062f\u064a\u0645 \u0627\u0644\u0633\u0644\u0637\u0629\u060c \u064a\u0645\u0643\u0646 \u0627\u0633\u062a\u062e\u062f\u0627\u0645\u0647 \u0623\u064a\u0636\u064b\u0627 \u0643\u0648\u0639\u0627\u0621 \u0644\u0644\u062e\u0644\u0637 \u0623\u0648 \u0646\u0642\u0639 \u0627\u0644\u0645\u0643\u0648\u0646\u0627\u062a \u0623\u0648 \u062e\u0644\u0637 \u0627\u0644\u0645\u0643\u0648\u0646\u0627\u062a \u0627\u0644\u0645\u062e\u062a\u0644\u0641\u0629 \u0628\u0648\u0638\u0627\u0626\u0641 \u0645\u062e\u062a\u0644\u0641\u0629.<\/p>\n<p><strong>\u062a\u0635\u0645\u064a\u0645 \u0627\u0644\u062a\u0643\u062f\u064a\u0633:<\/strong> \u0646\u0648\u0641\u0631 5 \u0623\u062d\u062c\u0627\u0645 \u0645\u0646 \u0623\u0648\u0639\u064a\u0629 \u0627\u0644\u062e\u0644\u0637 \u0627\u0644\u062a\u064a \u064a\u0645\u0643\u0646 \u062a\u0643\u062f\u064a\u0633\u0647\u0627 \u0641\u0648\u0642 \u0628\u0639\u0636\u0647\u0627 \u0627\u0644\u0628\u0639\u0636 \u0644\u062a\u0648\u0641\u064a\u0631 \u0645\u0633\u0627\u062d\u0629 \u0627\u0644\u062a\u062e\u0632\u064a\u0646 \u0648\u0627\u0644\u062d\u0641\u0627\u0638 \u0639\u0644\u0649 \u0627\u0644\u0645\u0637\u0628\u062e \u0645\u0631\u062a\u0628\u0627\u064b \u0648\u0623\u0646\u064a\u0642\u0627\u064b.<\/p>\n<p><strong>\u0645\u0642\u064a\u0627\u0633 \u0643\u0648\u0628 \u0627\u0644\u0642\u064a\u0627\u0633:<\/strong> \u064a\u062d\u062a\u0648\u064a \u0627\u0644\u062c\u062f\u0627\u0631 \u0627\u0644\u062f\u0627\u062e\u0644\u064a \u0644\u0648\u0639\u0627\u0621 \u0627\u0644\u062e\u0644\u0637 \u0639\u0644\u0649 \u0645\u0642\u064a\u0627\u0633 \u0643\u0648\u0628 \u0642\u064a\u0627\u0633 \u0634\u0641\u0627\u0641\u060c \u0648\u0647\u0648 \u0645\u0646\u0627\u0633\u0628 \u0644\u0642\u064a\u0627\u0633 \u0627\u0644\u0633\u0648\u0627\u0626\u0644 \u0648\u0627\u0644\u0645\u0643\u0648\u0646\u0627\u062a \u0628\u062f\u0642\u0629.<\/p>","protected":false},"featured_media":9840,"comment_status":"closed","ping_status":"closed","template":"","meta":[],"product_cat":[55],"product_tag":[],"class_list":{"0":"post-3975","1":"product","2":"type-product","3":"status-publish","4":"has-post-thumbnail","6":"product_cat-salad-bowl-wholesale","8":"first","9":"instock","10":"shipping-taxable","11":"product-type-simple"},"_links":{"self":[{"href":"https:\/\/moyahousehold.com\/ar\/wp-json\/wp\/v2\/product\/3975","targetHints":{"allow":["GET"]}}],"collection":[{"href":"https:\/\/moyahousehold.com\/ar\/wp-json\/wp\/v2\/product"}],"about":[{"href":"https:\/\/moyahousehold.com\/ar\/wp-json\/wp\/v2\/types\/product"}],"replies":[{"embeddable":true,"href":"https:\/\/moyahousehold.com\/ar\/wp-json\/wp\/v2\/comments?post=3975"}],"version-history":[{"count":0,"href":"https:\/\/moyahousehold.com\/ar\/wp-json\/wp\/v2\/product\/3975\/revisions"}],"wp:featuredmedia":[{"embeddable":true,"href":"https:\/\/moyahousehold.com\/ar\/wp-json\/wp\/v2\/media\/9840"}],"wp:attachment":[{"href":"https:\/\/moyahousehold.com\/ar\/wp-json\/wp\/v2\/media?parent=3975"}],"wp:term":[{"taxonomy":"product_cat","embeddable":true,"href":"https:\/\/moyahousehold.com\/ar\/wp-json\/wp\/v2\/product_cat?post=3975"},{"taxonomy":"product_tag","embeddable":true,"href":"https:\/\/moyahousehold.com\/ar\/wp-json\/wp\/v2\/product_tag?post=3975"}],"curies":[{"name":"wp","href":"https:\/\/api.w.org\/{rel}","templated":true}]}}