{"id":4860,"date":"2024-05-21T03:56:43","date_gmt":"2024-05-21T03:56:43","guid":{"rendered":"https:\/\/moyahousehold.com\/?post_type=product&#038;p=4860"},"modified":"2025-02-05T10:18:25","modified_gmt":"2025-02-05T10:18:25","slug":"wholesale-food-storage-containers-commercial","status":"publish","type":"product","link":"https:\/\/moyahousehold.com\/ar\/product\/wholesale-food-storage-containers-commercial\/","title":{"rendered":"\u062d\u0627\u0648\u064a\u0627\u062a \u062a\u062e\u0632\u064a\u0646 \u0627\u0644\u0623\u063a\u0630\u064a\u0629 \u0627\u0644\u062a\u062c\u0627\u0631\u064a\u0629 \u0628\u0627\u0644\u062c\u0645\u0644\u0629 \u0644\u0644\u0645\u0637\u0627\u0628\u062e \u0627\u0644\u062a\u062c\u0627\u0631\u064a\u0629 \u0628\u0627\u0644\u062c\u0645\u0644\u0629 \u0645\u0639 \u0642\u0631\u0635 \u0644\u0644\u062a\u0627\u0631\u064a\u062e"},"content":{"rendered":"<h3 class=\"wp-block-heading\">\u0645\u0639\u0644\u0645\u0627\u062a \u062d\u0627\u0648\u064a\u0627\u062a \u062a\u062e\u0632\u064a\u0646 \u0627\u0644\u0637\u0639\u0627\u0645 \u0641\u064a \u0627\u0644\u0645\u0637\u0628\u062e \u0627\u0644\u062a\u062c\u0627\u0631\u064a<\/h3>\n\n\n\n<p><strong>\u0627\u0644\u0645\u0627\u062f\u0629:<\/strong>304 \u0641\u0648\u0644\u0627\u0630 \u0645\u0642\u0627\u0648\u0645 \u0644\u0644\u0635\u062f\u0623 304 + \u0628\u0648\u0644\u064a \u0628\u0631\u0648\u0628\u064a\u0644\u064a\u0646<br><strong>\u0627\u0644\u0644\u0648\u0646:<\/strong>\u063a\u0637\u0627\u0621 \u0634\u0641\u0627\u0641 \u0628\u064a\u062c\/\u0643\u0627\u0643\u064a \u0627\u0644\u0644\u0648\u0646 \u0627\u0644\u0628\u064a\u062c\/\u0627\u0644\u0643\u0627\u0643\u064a\u060c \u0647\u064a\u0643\u0644 \u0645\u0646 \u0627\u0644\u0641\u0648\u0644\u0627\u0630<\/p>\n\n\n\n<div class=\"wp-block-columns is-layout-flex wp-container-core-columns-is-layout-9d6595d7 wp-block-columns-is-layout-flex\">\n<div class=\"wp-block-column is-layout-flow wp-block-column-is-layout-flow\">\n<div class=\"wp-block-columns is-layout-flex wp-container-core-columns-is-layout-9d6595d7 wp-block-columns-is-layout-flex\">\n<div class=\"wp-block-column is-layout-flow wp-block-column-is-layout-flow\">\n<p><strong>\u0631\u0642\u0645 \u0627\u0644\u0645\u0648\u062f\u064a\u0644:MYJD044<\/strong><br>\u0627\u0644\u0633\u0639\u0629: 300 \u0645\u0644<br>\u0623\u0628\u0639\u0627\u062f \u0627\u0644\u0645\u0646\u062a\u062c: 11.6\u00d79.5\u00d75 \u0633\u0645<br>\u0623\u0628\u0639\u0627\u062f \u0627\u0644\u0635\u0646\u062f\u0648\u0642 \u0627\u0644\u062e\u0627\u0631\u062c\u064a:60\u00d739\u00d727 \u0633\u0645<br>\u0627\u0644\u0643\u0645\u064a\u0629 \u0644\u0643\u0644 \u0635\u0646\u062f\u0648\u0642:100<br>\u0627\u0644\u0648\u0632\u0646 \u0627\u0644\u0635\u0627\u0641\u064a:0.11 \u0643\u062c\u0645<br>\u0627\u0644\u0648\u0632\u0646 \u0627\u0644\u0625\u062c\u0645\u0627\u0644\u064a \u0644\u0643\u0644 \u0635\u0646\u062f\u0648\u0642: 12.88 \u0643\u062c\u0645<br><strong>\u0631\u0642\u0645 \u0627\u0644\u0645\u0648\u062f\u064a\u0644:MYJD045<\/strong><br>\u0627\u0644\u0633\u0639\u0629: 500 \u0645\u0644<br>\u0623\u0628\u0639\u0627\u062f \u0627\u0644\u0645\u0646\u062a\u062c: 11.6 \u00d7 9.5 \u00d7 7.5 \u00d7 7.5<br>\u0623\u0628\u0639\u0627\u062f \u0627\u0644\u0635\u0646\u062f\u0648\u0642 \u0627\u0644\u062e\u0627\u0631\u062c\u064a:60\u00d739.5\u00d732.5 \u0633\u0645<br>\u0627\u0644\u0643\u0645\u064a\u0629 \u0644\u0643\u0644 \u0635\u0646\u062f\u0648\u0642:80<br>\u0627\u0644\u0648\u0632\u0646 \u0627\u0644\u0635\u0627\u0641\u064a:0.12 \u0643\u062c\u0645<br>\u0627\u0644\u0648\u0632\u0646 \u0627\u0644\u0625\u062c\u0645\u0627\u0644\u064a \u0644\u0643\u0644 \u0635\u0646\u062f\u0648\u0642: 10.93 \u0643\u062c\u0645<br>\u0646\u0648\u0639 \u0627\u0644\u063a\u0637\u0627\u0621:\u063a\u0637\u0627\u0621 \u0645\u0631\u062a\u0641\u0639 \u0645\u0639 \u0645\u0642\u0628\u0636<br><strong>\u0631\u0642\u0645 \u0627\u0644\u0645\u0648\u062f\u064a\u0644:MYJD046<\/strong><br>\u0627\u0644\u0633\u0639\u0629: 600 \u0645\u0644<br>\u0623\u0628\u0639\u0627\u062f \u0627\u0644\u0645\u0646\u062a\u062c: 11.6 \u00d7 9.5 \u00d7 9.5 \u00d7 9.5 \u0633\u0645<br>\u0623\u0628\u0639\u0627\u062f \u0627\u0644\u0635\u0646\u062f\u0648\u0642 \u0627\u0644\u062e\u0627\u0631\u062c\u064a:60\u00d739\u00d740 \u0633\u0645<br>\u0627\u0644\u0643\u0645\u064a\u0629 \u0644\u0643\u0644 \u0635\u0646\u062f\u0648\u0642:80<br>\u0627\u0644\u0648\u0632\u0646 \u0627\u0644\u0635\u0627\u0641\u064a:0.16 \u0643\u062c\u0645<br>\u0627\u0644\u0648\u0632\u0646 \u0627\u0644\u0625\u062c\u0645\u0627\u0644\u064a \u0644\u0643\u0644 \u0635\u0646\u062f\u0648\u0642: 14 \u0643\u062c\u0645<br><strong>\u0631\u0642\u0645 \u0627\u0644\u0645\u0648\u062f\u064a\u0644: MYJD047<\/strong><br>\u0627\u0644\u0633\u0639\u0629: 700 \u0645\u0644<br>\u0623\u0628\u0639\u0627\u062f \u0627\u0644\u0645\u0646\u062a\u062c: 19\u00d711.7\u00d75 \u0633\u0645<br>\u0623\u0628\u0639\u0627\u062f \u0627\u0644\u0635\u0646\u062f\u0648\u0642 \u0627\u0644\u062e\u0627\u0631\u062c\u064a:60\u00d739\u00d741.5 \u0633\u0645<br>\u0627\u0644\u0643\u0645\u064a\u0629 \u0644\u0643\u0644 \u0635\u0646\u062f\u0648\u0642:80<br>\u0627\u0644\u0648\u0632\u0646 \u0627\u0644\u0635\u0627\u0641\u064a:0.21 \u0643\u062c\u0645<br>\u0627\u0644\u0648\u0632\u0646 \u0627\u0644\u0625\u062c\u0645\u0627\u0644\u064a \u0644\u0643\u0644 \u0635\u0646\u062f\u0648\u0642: 17.67 \u0643\u062c\u0645<br><strong>\u0631\u0642\u0645 \u0627\u0644\u0645\u0648\u062f\u064a\u0644: MYJD048<\/strong><br>\u0627\u0644\u0633\u0639\u0629: 1100 \u0645\u0644<br>\u0623\u0628\u0639\u0627\u062f \u0627\u0644\u0645\u0646\u062a\u062c: 19 \u00d7 11.7 \u00d7 7.5 \u0633\u0645<br>\u0623\u0628\u0639\u0627\u062f \u0627\u0644\u0635\u0646\u062f\u0648\u0642 \u0627\u0644\u062e\u0627\u0631\u062c\u064a:60\u00d739.5\u00d746.5 \u0633\u0645<br>\u0627\u0644\u0643\u0645\u064a\u0629 \u0644\u0643\u0644 \u0635\u0646\u062f\u0648\u0642:60<br>\u0627\u0644\u0648\u0632\u0646 \u0627\u0644\u0635\u0627\u0641\u064a:0.23 \u0643\u062c\u0645<br>\u0627\u0644\u0648\u0632\u0646 \u0627\u0644\u0625\u062c\u0645\u0627\u0644\u064a \u0644\u0643\u0644 \u0635\u0646\u062f\u0648\u0642: 15.28 \u0643\u062c\u0645<\/p>\n<\/div>\n\n\n\n<div class=\"wp-block-column is-layout-flow wp-block-column-is-layout-flow\">\n<p><strong>\u0631\u0642\u0645 \u0627\u0644\u0645\u0648\u062f\u064a\u0644: MYJD049<\/strong><br>\u0627\u0644\u0633\u0639\u0629: 1400 \u0645\u0644<br>\u0623\u0628\u0639\u0627\u062f \u0627\u0644\u0645\u0646\u062a\u062c: 19\u00d711.7\u00d79.5 \u0633\u0645<br>\u0623\u0628\u0639\u0627\u062f \u0627\u0644\u0635\u0646\u062f\u0648\u0642 \u0627\u0644\u062e\u0627\u0631\u062c\u064a:60\u00d739.5\u00d749.5 \u0633\u0645<br>\u0627\u0644\u0643\u0645\u064a\u0629 \u0644\u0643\u0644 \u0635\u0646\u062f\u0648\u0642:60<br>\u0627\u0644\u0648\u0632\u0646 \u0627\u0644\u0635\u0627\u0641\u064a:0.28 \u0643\u062c\u0645<br>\u0627\u0644\u0648\u0632\u0646 \u0627\u0644\u0625\u062c\u0645\u0627\u0644\u064a \u0644\u0643\u0644 \u0635\u0646\u062f\u0648\u0642: 17.97 \u0643\u062c\u0645<br><strong>\u0631\u0642\u0645 \u0627\u0644\u0645\u0648\u062f\u064a\u0644:MYJD050<\/strong><br>\u0627\u0644\u0633\u0639\u0629: 1700 \u0645\u0644<br>\u0623\u0628\u0639\u0627\u062f \u0627\u0644\u0645\u0646\u062a\u062c: 23.5\u00d719.1\u00d75.6 \u0633\u0645<br>\u0623\u0628\u0639\u0627\u062f \u0627\u0644\u0639\u0644\u0628\u0629 \u0627\u0644\u062e\u0627\u0631\u062c\u064a\u0629: 59 \u00d7 48 \u00d7 54.5 \u0633\u0645<br>\u0627\u0644\u0643\u0645\u064a\u0629 \u0644\u0643\u0644 \u0635\u0646\u062f\u0648\u0642:48<br>\u0627\u0644\u0648\u0632\u0646 \u0627\u0644\u0635\u0627\u0641\u064a:0.39 \u0643\u062c\u0645<br>\u0627\u0644\u0648\u0632\u0646 \u0627\u0644\u0625\u062c\u0645\u0627\u0644\u064a \u0644\u0643\u0644 \u0635\u0646\u062f\u0648\u0642: 20.36 \u0643\u062c\u0645<br><strong>\u0631\u0642\u0645 \u0627\u0644\u0645\u0648\u062f\u064a\u0644:MYJD051<\/strong><br>\u0627\u0644\u0633\u0639\u0629: 2400 \u0645\u0644<br>\u0623\u0628\u0639\u0627\u062f \u0627\u0644\u0645\u0646\u062a\u062c: 23.5\u00d719.1\u00d77.6 \u0633\u0645<br>\u0623\u0628\u0639\u0627\u062f \u0627\u0644\u0635\u0646\u062f\u0648\u0642 \u0627\u0644\u062e\u0627\u0631\u062c\u064a: 59\u00d748\u00d761.5 \u0633\u0645<br>\u0627\u0644\u0643\u0645\u064a\u0629 \u0644\u0643\u0644 \u0635\u0646\u062f\u0648\u0642:48<br>\u0627\u0644\u0648\u0632\u0646 \u0627\u0644\u0635\u0627\u0641\u064a:0.42 \u0643\u062c\u0645<br>\u0627\u0644\u0648\u0632\u0646 \u0627\u0644\u0625\u062c\u0645\u0627\u0644\u064a \u0644\u0643\u0644 \u0635\u0646\u062f\u0648\u0642: 23.5 \u0643\u062c\u0645<br><strong>\u0631\u0642\u0645 \u0627\u0644\u0645\u0648\u062f\u064a\u0644:MYJD052<\/strong><br>\u0627\u0644\u0633\u0639\u0629: 3200 \u0645\u0644<br>\u0623\u0628\u0639\u0627\u062f \u0627\u0644\u0645\u0646\u062a\u062c: 23.5 \u00d7 23.5 \u00d7<em>19.1<\/em>\u00d7 9.6 \u0633\u0645<br>\u0623\u0628\u0639\u0627\u062f \u0627\u0644\u0635\u0646\u062f\u0648\u0642 \u0627\u0644\u062e\u0627\u0631\u062c\u064a: 59 \u00d7 48 \u00d7 59 \u0633\u0645<br>\u0627\u0644\u0643\u0645\u064a\u0629 \u0644\u0643\u0644 \u0635\u0646\u062f\u0648\u0642:36<br>\u0627\u0644\u0648\u0632\u0646 \u0627\u0644\u0635\u0627\u0641\u064a:0.46 \u0643\u062c\u0645<br>\u0627\u0644\u0648\u0632\u0646 \u0627\u0644\u0625\u062c\u0645\u0627\u0644\u064a \u0644\u0643\u0644 \u0635\u0646\u062f\u0648\u0642: 18.35 \u0643\u062c\u0645<\/p>\n<\/div>\n<\/div>\n<\/div>\n<\/div>\n\n\n\n<h3 class=\"wp-block-heading\">\u062e\u064a\u0627\u0631\u0627\u062a \u062d\u0627\u0648\u064a\u0627\u062a \u062a\u062e\u0632\u064a\u0646 \u0627\u0644\u0623\u063a\u0630\u064a\u0629 \u0627\u0644\u062a\u062c\u0627\u0631\u064a\u0629 \u0627\u0644\u0645\u062e\u0635\u0635\u0629<\/h3>\n\n\n\n<p><strong>\u0627\u0644\u0634\u0639\u0627\u0631:<\/strong> \u062a\u062e\u0635\u064a\u0635 \u0634\u0639\u0627\u0631 \u0639\u0644\u0627\u0645\u062a\u0643 \u0627\u0644\u062a\u062c\u0627\u0631\u064a\u0629 \u0639\u0644\u0649 \u0627\u0644\u0645\u0646\u062a\u062c \u0648\u0627\u0644\u0639\u0628\u0648\u0629.<br><strong>\u0627\u0644\u063a\u0637\u0627\u0621: <\/strong>\u063a\u0637\u0627\u0621 \u0632\u062c\u0627\u062c\u064a\u060c \u063a\u0637\u0627\u0621 PP<br><strong>\u062e\u064a\u0627\u0631\u0627\u062a \u0627\u0644\u0634\u0639\u0627\u0631: <\/strong>\u0634\u0639\u0627\u0631 \u0645\u0637\u0628\u0648\u0639\u060c \u0634\u0639\u0627\u0631 \u0645\u062d\u0641\u0648\u0631 \u0628\u0627\u0644\u0644\u064a\u0632\u0631\u060c \u0625\u0644\u062e.<br><strong>\u0627\u0644\u0646\u0645\u0637:<\/strong> \u0637\u0628\u0627\u0639\u0629 \u0627\u0644\u0623\u0646\u0645\u0627\u0637 \u0639\u0644\u0649 \u062d\u0627\u0648\u064a\u0627\u062a \u062a\u062e\u0632\u064a\u0646 \u0627\u0644\u0637\u0639\u0627\u0645.<br><strong>\u062a\u0642\u0646\u064a\u0629 \u0627\u0644\u0637\u0628\u0627\u0639\u0629:<\/strong> \u0637\u0628\u0627\u0639\u0629 \u0627\u0644\u0646\u0642\u0644 \u0627\u0644\u0645\u0627\u0626\u064a\u060c \u0637\u0628\u0627\u0639\u0629 \u0627\u0644\u0634\u0627\u0634\u0629 \u0627\u0644\u062d\u0631\u064a\u0631\u064a\u0629\u060c \u0637\u0628\u0627\u0639\u0629 \u0646\u0642\u0644 \u0627\u0644\u062d\u0631\u0627\u0631\u0629\u060c \u0625\u0644\u062e.<br><strong>\u0627\u0644\u062d\u0632\u0645\u0629: <\/strong>\u0635\u0646\u062f\u0648\u0642 \u0623\u0644\u0648\u0627\u0646<br><a href=\"https:\/\/moyahousehold.com\/ar\/custom-solution\/\" data-type=\"page\" data-id=\"2817\"><strong>\u0627\u0643\u062a\u0634\u0641 \u0627\u0644\u0645\u0632\u064a\u062f \u0639\u0646 \u062d\u0644\u0648\u0644 \u062d\u0627\u0648\u064a\u0627\u062a \u0627\u0644\u0637\u0639\u0627\u0645 \u0627\u0644\u0645\u062e\u0635\u0635\u0629. <\/strong><\/a><\/p>\n\n\n\n<div class=\"wp-block-columns is-layout-flex wp-container-core-columns-is-layout-9d6595d7 wp-block-columns-is-layout-flex\">\n<div class=\"wp-block-column is-layout-flow wp-block-column-is-layout-flow\">\n<figure class=\"wp-block-image size-full\"><img fetchpriority=\"high\" decoding=\"async\" width=\"1500\" height=\"1500\" src=\"https:\/\/moyahousehold.com\/wp-content\/uploads\/2024\/05\/commercial-kitchen-food-storage-containers-1.jpg\" alt=\"\u062d\u0627\u0648\u064a\u0627\u062a \u062a\u062e\u0632\u064a\u0646 \u0627\u0644\u0637\u0639\u0627\u0645 \u0644\u0644\u0645\u0637\u0627\u0628\u062e \u0627\u0644\u062a\u062c\u0627\u0631\u064a\u0629 (1)\" class=\"wp-image-9191\" srcset=\"https:\/\/moyahousehold.com\/wp-content\/uploads\/2024\/05\/commercial-kitchen-food-storage-containers-1.jpg 1500w, https:\/\/moyahousehold.com\/wp-content\/uploads\/2024\/05\/commercial-kitchen-food-storage-containers-1-300x300.jpg 300w, https:\/\/moyahousehold.com\/wp-content\/uploads\/2024\/05\/commercial-kitchen-food-storage-containers-1-150x150.jpg 150w, https:\/\/moyahousehold.com\/wp-content\/uploads\/2024\/05\/commercial-kitchen-food-storage-containers-1-768x768.jpg 768w, https:\/\/moyahousehold.com\/wp-content\/uploads\/2024\/05\/commercial-kitchen-food-storage-containers-1-12x12.jpg 12w, https:\/\/moyahousehold.com\/wp-content\/uploads\/2024\/05\/commercial-kitchen-food-storage-containers-1-285x285.jpg 285w, https:\/\/moyahousehold.com\/wp-content\/uploads\/2024\/05\/commercial-kitchen-food-storage-containers-1-270x270.jpg 270w, https:\/\/moyahousehold.com\/wp-content\/uploads\/2024\/05\/commercial-kitchen-food-storage-containers-1-540x540.jpg 540w, https:\/\/moyahousehold.com\/wp-content\/uploads\/2024\/05\/commercial-kitchen-food-storage-containers-1-660x660.jpg 660w\" sizes=\"(max-width: 1500px) 100vw, 1500px\" \/><\/figure>\n<\/div>\n\n\n\n<div class=\"wp-block-column is-layout-flow wp-block-column-is-layout-flow\">\n<figure class=\"wp-block-image size-full\"><img decoding=\"async\" width=\"1500\" height=\"1500\" src=\"https:\/\/moyahousehold.com\/wp-content\/uploads\/2024\/05\/commercial-kitchen-food-storage-containers-2.jpg\" alt=\"\u062d\u0627\u0648\u064a\u0627\u062a \u062a\u062e\u0632\u064a\u0646 \u0627\u0644\u0637\u0639\u0627\u0645 \u0644\u0644\u0645\u0637\u0627\u0628\u062e \u0627\u0644\u062a\u062c\u0627\u0631\u064a\u0629 (2)\" class=\"wp-image-9192\" srcset=\"https:\/\/moyahousehold.com\/wp-content\/uploads\/2024\/05\/commercial-kitchen-food-storage-containers-2.jpg 1500w, https:\/\/moyahousehold.com\/wp-content\/uploads\/2024\/05\/commercial-kitchen-food-storage-containers-2-300x300.jpg 300w, https:\/\/moyahousehold.com\/wp-content\/uploads\/2024\/05\/commercial-kitchen-food-storage-containers-2-150x150.jpg 150w, https:\/\/moyahousehold.com\/wp-content\/uploads\/2024\/05\/commercial-kitchen-food-storage-containers-2-768x768.jpg 768w, https:\/\/moyahousehold.com\/wp-content\/uploads\/2024\/05\/commercial-kitchen-food-storage-containers-2-12x12.jpg 12w, https:\/\/moyahousehold.com\/wp-content\/uploads\/2024\/05\/commercial-kitchen-food-storage-containers-2-285x285.jpg 285w, https:\/\/moyahousehold.com\/wp-content\/uploads\/2024\/05\/commercial-kitchen-food-storage-containers-2-270x270.jpg 270w, https:\/\/moyahousehold.com\/wp-content\/uploads\/2024\/05\/commercial-kitchen-food-storage-containers-2-540x540.jpg 540w, https:\/\/moyahousehold.com\/wp-content\/uploads\/2024\/05\/commercial-kitchen-food-storage-containers-2-660x660.jpg 660w\" sizes=\"(max-width: 1500px) 100vw, 1500px\" \/><\/figure>\n<\/div>\n<\/div>\n\n\n\n<p><\/p>","protected":false},"excerpt":{"rendered":"<p>\u062d\u0627\u0648\u064a\u0627\u062a \u062a\u062e\u0632\u064a\u0646 \u0627\u0644\u0645\u0648\u0627\u062f \u0627\u0644\u063a\u0630\u0627\u0626\u064a\u0629 \u0627\u0644\u062a\u062c\u0627\u0631\u064a\u0629 \u0627\u0644\u0645\u0635\u0646\u0648\u0639\u0629 \u0645\u0646 \u0627\u0644\u0641\u0648\u0644\u0627\u0630 \u0627\u0644\u0645\u0642\u0627\u0648\u0645 \u0644\u0644\u0635\u062f\u0623 \u0628\u0627\u0644\u062c\u0645\u0644\u0629\u060c \u0627\u0644\u0645\u0635\u0645\u0645\u0629 \u0644\u0635\u0646\u0627\u0639\u0629 \u0627\u0644\u0645\u0637\u0627\u0639\u0645 \u0639\u0644\u0649 \u0646\u0637\u0627\u0642 \u0648\u0627\u0633\u0639\u060c \u0645\u0635\u0646\u0648\u0639\u0629 \u0645\u0646 \u0645\u0648\u0627\u062f \u0639\u0627\u0644\u064a\u0629 \u0627\u0644\u062c\u0648\u062f\u0629\u060c \u062a\u062e\u0632\u0646 \u0648\u062a\u062d\u0645\u064a \u0628\u0634\u0643\u0644 \u0641\u0639\u0627\u0644 \u0646\u0636\u0627\u0631\u0629 \u0648\u062c\u0648\u062f\u0629 \u0627\u0644\u0645\u0643\u0648\u0646\u0627\u062a \u0627\u0644\u0645\u062e\u062a\u0644\u0641\u0629. \u062a\u062a\u0645 \u0645\u0639\u0627\u0644\u062c\u0629 \u0633\u0637\u062d \u0627\u0644\u062d\u0627\u0648\u064a\u0629 \u0628\u0639\u0645\u0644\u064a\u0629 \u0627\u0644\u062a\u062d\u0644\u064a\u0644 \u0627\u0644\u0643\u0647\u0631\u0628\u0627\u0626\u064a\u060c \u0645\u0645\u0627 \u064a\u0642\u0644\u0644 \u0628\u0634\u0643\u0644 \u0643\u0628\u064a\u0631 \u0645\u0646 \u0627\u0644\u0648\u0642\u062a \u0627\u0644\u0644\u0627\u0632\u0645 \u0644\u0644\u062a\u0646\u0638\u064a\u0641\u060c \u0648\u0647\u0648 \u0645\u0646\u0627\u0633\u0628 \u062c\u062f\u064b\u0627 \u0644\u0644\u0645\u0637\u0627\u0628\u062e \u0627\u0644\u062a\u062c\u0627\u0631\u064a\u0629 \u0627\u0644\u062a\u064a \u062a\u062d\u062a\u0627\u062c \u0625\u0644\u0649 \u0627\u0633\u062a\u062e\u062f\u0627\u0645 \u0645\u062a\u0643\u0631\u0631. \u0627\u062a\u0635\u0644 \u0628\u0646\u0627 \u0644\u0644\u062d\u0635\u0648\u0644 \u0639\u0644\u0649 \u0639\u0631\u0636 \u0623\u0633\u0639\u0627\u0631.<\/p>\n<h3>\u0645\u064a\u0632\u0627\u062a \u0648\u0641\u0648\u0627\u0626\u062f \u062d\u0627\u0648\u064a\u0627\u062a \u062a\u062e\u0632\u064a\u0646 \u0627\u0644\u0637\u0639\u0627\u0645 \u0627\u0644\u062a\u062c\u0627\u0631\u064a\u0629<\/h3>\n<p><strong>\u0645\u0627\u062f\u0629 \u0627\u0644\u0641\u0648\u0644\u0627\u0630 \u0627\u0644\u0645\u0642\u0627\u0648\u0645 \u0644\u0644\u0635\u062f\u0623 304:<\/strong> \u062d\u0627\u0648\u064a\u0629 \u062a\u062e\u0632\u064a\u0646 \u0627\u0644\u0637\u0639\u0627\u0645 \u0627\u0644\u062a\u062c\u0627\u0631\u064a\u0629 \u0645\u0635\u0646\u0648\u0639\u0629 \u0645\u0646 \u0627\u0644\u0641\u0648\u0644\u0627\u0630 \u0627\u0644\u0645\u0642\u0627\u0648\u0645 \u0644\u0644\u0635\u062f\u0623 304 \u0639\u0627\u0644\u064a \u0627\u0644\u062c\u0648\u062f\u0629 \u0645\u0635\u0646\u0648\u0639\u0629 \u0645\u0646 \u0627\u0644\u0641\u0648\u0644\u0627\u0630 \u0627\u0644\u0645\u0642\u0627\u0648\u0645 \u0644\u0644\u0635\u062f\u0623 304\u060c \u0648\u0647\u064a \u0645\u062a\u064a\u0646\u0629 \u0648\u0645\u062a\u064a\u0646\u0629\u060c \u0645\u0645\u0627 \u064a\u0636\u0645\u0646 \u0639\u062f\u0645 \u0635\u062f\u0623\u0647\u0627 \u0628\u0639\u062f \u0627\u0644\u0627\u0633\u062a\u062e\u062f\u0627\u0645 \u0637\u0648\u064a\u0644 \u0627\u0644\u0623\u0645\u062f\u060c \u0648\u0647\u064a \u0622\u0645\u0646\u0629 \u0648\u063a\u064a\u0631 \u0636\u0627\u0631\u0629\u060c \u0648\u0645\u0646\u0627\u0633\u0628\u0629 \u0644\u062a\u062e\u0632\u064a\u0646 \u062c\u0645\u064a\u0639 \u0623\u0646\u0648\u0627\u0639 \u0627\u0644\u0637\u0639\u0627\u0645.<\/p>\n<p><strong>\u062a\u0635\u0645\u064a\u0645 \u0633\u0645\u064a\u0643 \u0645\u0637\u0648\u0631 \u0648\u0645\u0637\u0648\u0651\u0631:<\/strong> \u0628\u0639\u062f \u0627\u0644\u062a\u062b\u062e\u064a\u0646\u060c \u062a\u062a\u0645\u062a\u0639 \u062d\u0627\u0648\u064a\u0627\u062a \u062a\u062e\u0632\u064a\u0646 \u0627\u0644\u0637\u0639\u0627\u0645 \u0641\u064a \u0627\u0644\u0645\u0637\u0628\u062e \u0627\u0644\u062a\u062c\u0627\u0631\u064a \u0628\u0645\u0642\u0627\u0648\u0645\u0629 \u0623\u0642\u0648\u0649 \u0644\u062f\u0631\u062c\u0627\u062a \u0627\u0644\u062d\u0631\u0627\u0631\u0629 \u0627\u0644\u0639\u0627\u0644\u064a\u0629 \u0648\u0627\u0644\u062a\u0622\u0643\u0644\u060c \u0648\u064a\u0645\u0643\u0646\u0647\u0627 \u062a\u062d\u0645\u0644 \u0627\u0644\u062a\u063a\u064a\u0631\u0627\u062a \u0641\u064a \u062f\u0631\u062c\u0627\u062a \u0627\u0644\u062d\u0631\u0627\u0631\u0629 \u0627\u0644\u0639\u0627\u0644\u064a\u0629 \u0648\u0627\u0644\u0627\u0633\u062a\u062e\u062f\u0627\u0645 \u0637\u0648\u064a\u0644 \u0627\u0644\u0623\u0645\u062f\u060c \u0648\u0644\u064a\u0633 \u0645\u0646 \u0627\u0644\u0633\u0647\u0644 \u062a\u0634\u0648\u064a\u0647\u0647\u0627.<\/p>\n<p><strong>\u0645\u0648\u0627\u0635\u0641\u0627\u062a \u0645\u062a\u0639\u062f\u062f\u0629 \u0645\u062a\u0648\u0641\u0631\u0629:<\/strong> \u062a\u062a\u0648\u0641\u0631 \u062a\u0633\u0639 \u0645\u0648\u0627\u0635\u0641\u0627\u062a \u0645\u062e\u062a\u0644\u0641\u0629 \u0644\u062a\u0644\u0628\u064a\u0629 \u0627\u0644\u0627\u062d\u062a\u064a\u0627\u062c\u0627\u062a \u0627\u0644\u0645\u062e\u062a\u0644\u0641\u0629. \u0633\u0648\u0627\u0621 \u0643\u0627\u0646 \u063a\u062f\u0627\u0621 \u0639\u0645\u0644\u060c \u0623\u0648 \u0646\u0632\u0647\u0629 \u0633\u0641\u0631\u060c \u0623\u0648 \u062d\u0627\u062c\u0629 \u0644\u062a\u062e\u0632\u064a\u0646 \u0627\u0644\u0637\u0639\u0627\u0645 \u0641\u064a \u0627\u0644\u0645\u0637\u0639\u0645\u060c \u064a\u0645\u0643\u0646\u0643 \u0627\u0644\u0639\u062b\u0648\u0631 \u0639\u0644\u0649 \u0627\u0644\u062d\u062c\u0645 \u0627\u0644\u0645\u0646\u0627\u0633\u0628.<\/p>\n<p><strong>\u064a\u0648\u0635\u0649 \u0628\u0627\u0633\u062a\u062e\u062f\u0627\u0645\u0647 \u0645\u0639 \u0643\u0645\u0627\u062f\u0627\u062a \u0627\u0644\u062b\u0644\u062c:<\/strong> \u0644\u0644\u062d\u0641\u0627\u0638 \u0639\u0644\u0649 \u0627\u0644\u0637\u0639\u0627\u0645 \u0637\u0627\u0632\u062c\u0627\u064b \u0648\u0628\u0627\u0631\u062f\u0627\u064b\u060c \u064a\u0648\u0635\u0649 \u0628\u0627\u0633\u062a\u062e\u062f\u0627\u0645 \u0623\u0643\u064a\u0627\u0633 \u0627\u0644\u062b\u0644\u062c \u0627\u0644\u062a\u064a \u062a\u0646\u0627\u0633\u0628 \u0627\u0644\u062d\u0641\u0627\u0638 \u0639\u0644\u0649 \u0627\u0644\u0637\u0639\u0627\u0645 \u0637\u0627\u0632\u062c\u0627\u064b \u0644\u0641\u062a\u0631\u0629 \u0637\u0648\u064a\u0644\u0629 \u0641\u064a \u0627\u0644\u0637\u0642\u0633 \u0627\u0644\u062d\u0627\u0631.<\/p>\n<p><strong>\u0645\u0646\u0627\u0633\u0628 \u0644\u0645\u062c\u0645\u0648\u0639\u0629 \u0645\u062a\u0646\u0648\u0639\u0629 \u0645\u0646 \u0627\u0644\u0623\u0637\u0639\u0645\u0629: <\/strong>\u062d\u0627\u0648\u064a\u0627\u062a \u0627\u0644\u0645\u0637\u0628\u062e \u0647\u0630\u0647 \u0627\u0644\u0645\u0635\u0646\u0648\u0639\u0629 \u0645\u0646 \u0627\u0644\u0641\u0648\u0644\u0627\u0630 \u0627\u0644\u0645\u0642\u0627\u0648\u0645 \u0644\u0644\u0635\u062f\u0623 \u0645\u0646\u0627\u0633\u0628\u0629 \u062c\u062f\u064b\u0627 \u0644\u062a\u062e\u0632\u064a\u0646 \u0645\u062c\u0645\u0648\u0639\u0629 \u0645\u062a\u0646\u0648\u0639\u0629 \u0645\u0646 \u0627\u0644\u0623\u0637\u0639\u0645\u0629\u060c \u0628\u0645\u0627 \u0641\u064a \u0630\u0644\u0643 \u0627\u0644\u0633\u0648\u0627\u0626\u0644 \u0648\u0627\u0644\u0633\u0644\u0639 \u0627\u0644\u062c\u0627\u0641\u0629 \u0648\u0627\u0644\u0635\u0644\u0635\u0627\u062a \u0648\u0627\u0644\u062d\u0633\u0627\u0621 \u0648\u0645\u0627 \u0625\u0644\u0649 \u0630\u0644\u0643. \u0646\u0638\u0631\u064b\u0627 \u0644\u0639\u062f\u0645 \u0646\u0641\u0627\u0630\u064a\u062a\u0647\u0627\u060c \u064a\u0645\u0643\u0646\u0647\u0627 \u062d\u0645\u0627\u064a\u0629 \u0645\u0630\u0627\u0642 \u0627\u0644\u0637\u0639\u0627\u0645 \u0648\u0642\u0648\u0627\u0645\u0647 \u0628\u0634\u0643\u0644 \u0641\u0639\u0627\u0644.<\/p>\n<p><strong>\u0633\u0647\u0644\u0629 \u0627\u0644\u062a\u0643\u062f\u064a\u0633 \u0648\u0627\u0644\u062a\u062e\u0632\u064a\u0646:<\/strong> \u0635\u064f\u0645\u0645\u062a \u062d\u0627\u0648\u064a\u0627\u062a \u0627\u0644\u0637\u0639\u0627\u0645 \u0627\u0644\u062a\u062c\u0627\u0631\u064a\u0629 \u0647\u0630\u0647 \u0627\u0644\u0645\u0635\u0646\u0648\u0639\u0629 \u0645\u0646 \u0627\u0644\u0641\u0648\u0644\u0627\u0630 \u0627\u0644\u0645\u0642\u0627\u0648\u0645 \u0644\u0644\u0635\u062f\u0623 \u0644\u062a\u0643\u062f\u064a\u0633\u0647\u0627 \u0644\u062a\u0648\u0641\u064a\u0631 \u0645\u0633\u0627\u062d\u0629 \u0627\u0644\u062a\u062e\u0632\u064a\u0646\u060c \u0648\u0647\u064a \u0645\u0646\u0627\u0633\u0628\u0629 \u0628\u0634\u0643\u0644 \u062e\u0627\u0635 \u0644\u0644\u0628\u064a\u0626\u0627\u062a \u0627\u0644\u062a\u062c\u0627\u0631\u064a\u0629 \u0645\u062b\u0644 \u0627\u0644\u0645\u0637\u0627\u0639\u0645 \u0648\u0645\u0635\u0627\u0646\u0639 \u062a\u062c\u0647\u064a\u0632 \u0627\u0644\u0623\u063a\u0630\u064a\u0629 \u0627\u0644\u062a\u064a \u062a\u062a\u0637\u0644\u0628 \u0627\u0644\u0643\u062b\u064a\u0631 \u0645\u0646 \u0627\u0644\u062a\u062e\u0632\u064a\u0646.<\/p>\n<p>&nbsp;<\/p>","protected":false},"featured_media":9166,"comment_status":"open","ping_status":"closed","template":"","meta":[],"product_cat":[57],"product_tag":[95,99],"class_list":{"0":"post-4860","1":"product","2":"type-product","3":"status-publish","4":"has-post-thumbnail","6":"product_cat-food-storage-container-wholesale","7":"product_tag-wholesale-food-storage-containers-with-date-dial","8":"product_tag-wholesale-rectangle-food-storage-containers","10":"first","11":"instock","12":"shipping-taxable","13":"product-type-simple"},"_links":{"self":[{"href":"https:\/\/moyahousehold.com\/ar\/wp-json\/wp\/v2\/product\/4860","targetHints":{"allow":["GET"]}}],"collection":[{"href":"https:\/\/moyahousehold.com\/ar\/wp-json\/wp\/v2\/product"}],"about":[{"href":"https:\/\/moyahousehold.com\/ar\/wp-json\/wp\/v2\/types\/product"}],"replies":[{"embeddable":true,"href":"https:\/\/moyahousehold.com\/ar\/wp-json\/wp\/v2\/comments?post=4860"}],"version-history":[{"count":0,"href":"https:\/\/moyahousehold.com\/ar\/wp-json\/wp\/v2\/product\/4860\/revisions"}],"wp:featuredmedia":[{"embeddable":true,"href":"https:\/\/moyahousehold.com\/ar\/wp-json\/wp\/v2\/media\/9166"}],"wp:attachment":[{"href":"https:\/\/moyahousehold.com\/ar\/wp-json\/wp\/v2\/media?parent=4860"}],"wp:term":[{"taxonomy":"product_cat","embeddable":true,"href":"https:\/\/moyahousehold.com\/ar\/wp-json\/wp\/v2\/product_cat?post=4860"},{"taxonomy":"product_tag","embeddable":true,"href":"https:\/\/moyahousehold.com\/ar\/wp-json\/wp\/v2\/product_tag?post=4860"}],"curies":[{"name":"wp","href":"https:\/\/api.w.org\/{rel}","templated":true}]}}