{"id":10098,"date":"2025-02-04T07:12:20","date_gmt":"2025-02-04T07:12:20","guid":{"rendered":"https:\/\/moyahousehold.com\/?post_type=product&#038;p=10098"},"modified":"2026-04-02T09:44:40","modified_gmt":"2026-04-02T09:44:40","slug":"wholesale-2100ml-exquisite-thermal-carafe","status":"publish","type":"product","link":"https:\/\/moyahousehold.com\/de\/produkt\/wholesale-2100ml-exquisite-thermal-carafe\/","title":{"rendered":"Wholesale 2.1L Exquisite Japanese Style Thermal Carafe, Bulk Large Capacity Insulated Carafe for Sale, Support OEM &amp; ODM"},"content":{"rendered":"<h3 class=\"wp-block-heading\">Parameter der 2.1L Thermokaraffe<\/h3>\n\n\n\n<figure class=\"wp-block-table\"><table class=\"has-fixed-layout\"><tbody><tr><td>Produkt&nbsp;<\/td><td>Kapazit\u00e4t<\/td><td>Modell<\/td><td>Farbe<\/td><td>Material<\/td><td>Abmessungen<\/td><td>Bruttogewicht<\/td><\/tr><tr><td>2.1L Thermokaraffe im japanischen Stil<\/td><td>2.1L<\/td><td>MY0450<\/td><td>Chinese Red\/<br>Beige\/Black\/Nature<\/td><td>304+PP+Silica Gel\/Beech<\/td><td>20.7*14.6*22.6<\/td><td>1,2 kg<\/td><\/tr><\/tbody><\/table><\/figure>\n\n\n\n<h3 class=\"wp-block-heading\">Kundenspezifische Thermokaraffe Option<\/h3>\n\n\n\n<p><strong>Logo: <\/strong>Ihr Markenlogo auf Produkt und Verpackung anbringen.<br><strong>Logo-Optionen:<\/strong> gedrucktes Logo, lasergraviertes Logo, usw.<br><strong>Muster:<\/strong> Druckmuster <br><strong>Drucktechnik: <\/strong>Wassertransferdruck, Siebdruck, W\u00e4rmetransferdruck, Sublimationstransfer, usw.<br><strong>Verpackung:<\/strong> Farbkasten<br><a href=\"https:\/\/moyahousehold.com\/de\/individuelle-losung\/\"><strong>Erfahren Sie mehr \u00fcber individuelle L\u00f6sungen f\u00fcr Thermokaraffen. <\/strong><\/a><\/p>\n\n\n\n<div class=\"wp-block-columns is-layout-flex wp-container-core-columns-is-layout-9d6595d7 wp-block-columns-is-layout-flex\">\n<div class=\"wp-block-column is-layout-flow wp-block-column-is-layout-flow\">\n<div class=\"wp-block-columns is-layout-flex wp-container-core-columns-is-layout-9d6595d7 wp-block-columns-is-layout-flex\">\n<div class=\"wp-block-column is-layout-flow wp-block-column-is-layout-flow\" style=\"flex-basis:100%\">\n<div class=\"wp-block-columns is-layout-flex wp-container-core-columns-is-layout-9d6595d7 wp-block-columns-is-layout-flex\">\n<div class=\"wp-block-column is-layout-flow wp-block-column-is-layout-flow\">\n<figure class=\"wp-block-image size-full\"><img fetchpriority=\"high\" decoding=\"async\" width=\"2210\" height=\"2210\" src=\"https:\/\/moyahousehold.com\/wp-content\/uploads\/2025\/02\/2.png\" alt=\"MOYA Japanese Style Stainless Steel Thermal Coffee Carafe with Wooden Handle, Vacuum Insulated Tea Pot\" class=\"wp-image-12577\" srcset=\"https:\/\/moyahousehold.com\/wp-content\/uploads\/2025\/02\/2.png 2210w, https:\/\/moyahousehold.com\/wp-content\/uploads\/2025\/02\/2-300x300.png 300w, https:\/\/moyahousehold.com\/wp-content\/uploads\/2025\/02\/2-150x150.png 150w, https:\/\/moyahousehold.com\/wp-content\/uploads\/2025\/02\/2-768x768.png 768w, https:\/\/moyahousehold.com\/wp-content\/uploads\/2025\/02\/2-12x12.png 12w, https:\/\/moyahousehold.com\/wp-content\/uploads\/2025\/02\/2-285x285.png 285w, https:\/\/moyahousehold.com\/wp-content\/uploads\/2025\/02\/2-1600x1600.png 1600w, https:\/\/moyahousehold.com\/wp-content\/uploads\/2025\/02\/2-270x270.png 270w, https:\/\/moyahousehold.com\/wp-content\/uploads\/2025\/02\/2-540x540.png 540w, https:\/\/moyahousehold.com\/wp-content\/uploads\/2025\/02\/2-660x660.png 660w\" sizes=\"(max-width: 2210px) 100vw, 2210px\" \/><\/figure>\n<\/div>\n\n\n\n<div class=\"wp-block-column is-layout-flow wp-block-column-is-layout-flow\">\n<figure class=\"wp-block-image size-full\"><img decoding=\"async\" width=\"2103\" height=\"2103\" src=\"https:\/\/moyahousehold.com\/wp-content\/uploads\/2025\/02\/5.png\" alt=\"MOYA Japanese Style Stainless Steel Thermal Coffee Carafe with Wooden Handle, Vacuum Insulated Tea Pot\" class=\"wp-image-12575\" srcset=\"https:\/\/moyahousehold.com\/wp-content\/uploads\/2025\/02\/5.png 2103w, https:\/\/moyahousehold.com\/wp-content\/uploads\/2025\/02\/5-300x300.png 300w, https:\/\/moyahousehold.com\/wp-content\/uploads\/2025\/02\/5-150x150.png 150w, https:\/\/moyahousehold.com\/wp-content\/uploads\/2025\/02\/5-768x768.png 768w, https:\/\/moyahousehold.com\/wp-content\/uploads\/2025\/02\/5-12x12.png 12w, https:\/\/moyahousehold.com\/wp-content\/uploads\/2025\/02\/5-285x285.png 285w, https:\/\/moyahousehold.com\/wp-content\/uploads\/2025\/02\/5-1600x1600.png 1600w, https:\/\/moyahousehold.com\/wp-content\/uploads\/2025\/02\/5-270x270.png 270w, https:\/\/moyahousehold.com\/wp-content\/uploads\/2025\/02\/5-540x540.png 540w, https:\/\/moyahousehold.com\/wp-content\/uploads\/2025\/02\/5-660x660.png 660w\" sizes=\"(max-width: 2103px) 100vw, 2103px\" \/><\/figure>\n<\/div>\n<\/div>\n<\/div>\n<\/div>\n<\/div>\n<\/div>\n\n\n\n<div class=\"wp-block-columns is-layout-flex wp-container-core-columns-is-layout-9d6595d7 wp-block-columns-is-layout-flex\">\n<div class=\"wp-block-column is-layout-flow wp-block-column-is-layout-flow\">\n<figure class=\"wp-block-image size-full\"><img decoding=\"async\" width=\"2187\" height=\"2187\" src=\"https:\/\/moyahousehold.com\/wp-content\/uploads\/2025\/02\/6.png\" alt=\"MOYA Japanese Style Stainless Steel Thermal Coffee Carafe with Wooden Handle, Vacuum Insulated Tea Pot\" class=\"wp-image-12576\" srcset=\"https:\/\/moyahousehold.com\/wp-content\/uploads\/2025\/02\/6.png 2187w, https:\/\/moyahousehold.com\/wp-content\/uploads\/2025\/02\/6-300x300.png 300w, https:\/\/moyahousehold.com\/wp-content\/uploads\/2025\/02\/6-150x150.png 150w, https:\/\/moyahousehold.com\/wp-content\/uploads\/2025\/02\/6-768x768.png 768w, https:\/\/moyahousehold.com\/wp-content\/uploads\/2025\/02\/6-12x12.png 12w, https:\/\/moyahousehold.com\/wp-content\/uploads\/2025\/02\/6-285x285.png 285w, https:\/\/moyahousehold.com\/wp-content\/uploads\/2025\/02\/6-1600x1600.png 1600w, https:\/\/moyahousehold.com\/wp-content\/uploads\/2025\/02\/6-270x270.png 270w, https:\/\/moyahousehold.com\/wp-content\/uploads\/2025\/02\/6-540x540.png 540w, https:\/\/moyahousehold.com\/wp-content\/uploads\/2025\/02\/6-660x660.png 660w\" sizes=\"(max-width: 2187px) 100vw, 2187px\" \/><\/figure>\n<\/div>\n\n\n\n<div class=\"wp-block-column is-layout-flow wp-block-column-is-layout-flow\">\n<figure class=\"wp-block-image size-full\"><img loading=\"lazy\" decoding=\"async\" width=\"2232\" height=\"2232\" src=\"https:\/\/moyahousehold.com\/wp-content\/uploads\/2025\/02\/1.png\" alt=\"MOYA Japanese Style Stainless Steel Thermal Coffee Carafe with Wooden Handle, Vacuum Insulated Tea Pot\" class=\"wp-image-12574\" srcset=\"https:\/\/moyahousehold.com\/wp-content\/uploads\/2025\/02\/1.png 2232w, https:\/\/moyahousehold.com\/wp-content\/uploads\/2025\/02\/1-300x300.png 300w, https:\/\/moyahousehold.com\/wp-content\/uploads\/2025\/02\/1-150x150.png 150w, https:\/\/moyahousehold.com\/wp-content\/uploads\/2025\/02\/1-768x768.png 768w, https:\/\/moyahousehold.com\/wp-content\/uploads\/2025\/02\/1-12x12.png 12w, https:\/\/moyahousehold.com\/wp-content\/uploads\/2025\/02\/1-285x285.png 285w, https:\/\/moyahousehold.com\/wp-content\/uploads\/2025\/02\/1-1600x1600.png 1600w, https:\/\/moyahousehold.com\/wp-content\/uploads\/2025\/02\/1-270x270.png 270w, https:\/\/moyahousehold.com\/wp-content\/uploads\/2025\/02\/1-540x540.png 540w, https:\/\/moyahousehold.com\/wp-content\/uploads\/2025\/02\/1-660x660.png 660w\" sizes=\"(max-width: 2232px) 100vw, 2232px\" \/><\/figure>\n<\/div>\n<\/div>\n\n\n\n<div class=\"wp-block-columns is-layout-flex wp-container-core-columns-is-layout-9d6595d7 wp-block-columns-is-layout-flex\">\n<div class=\"wp-block-column is-layout-flow wp-block-column-is-layout-flow\">\n<figure class=\"wp-block-image size-full\"><img loading=\"lazy\" decoding=\"async\" width=\"800\" height=\"800\" src=\"https:\/\/moyahousehold.com\/wp-content\/uploads\/2025\/02\/6.jpg\" alt=\"MOYA Japanese Style Stainless Steel Thermal Coffee Carafe with Wooden Handle, Vacuum Insulated Tea Pot\" class=\"wp-image-12545\" srcset=\"https:\/\/moyahousehold.com\/wp-content\/uploads\/2025\/02\/6.jpg 800w, https:\/\/moyahousehold.com\/wp-content\/uploads\/2025\/02\/6-300x300.jpg 300w, https:\/\/moyahousehold.com\/wp-content\/uploads\/2025\/02\/6-150x150.jpg 150w, https:\/\/moyahousehold.com\/wp-content\/uploads\/2025\/02\/6-768x768.jpg 768w, https:\/\/moyahousehold.com\/wp-content\/uploads\/2025\/02\/6-12x12.jpg 12w, https:\/\/moyahousehold.com\/wp-content\/uploads\/2025\/02\/6-285x285.jpg 285w, https:\/\/moyahousehold.com\/wp-content\/uploads\/2025\/02\/6-270x270.jpg 270w, https:\/\/moyahousehold.com\/wp-content\/uploads\/2025\/02\/6-540x540.jpg 540w, https:\/\/moyahousehold.com\/wp-content\/uploads\/2025\/02\/6-660x660.jpg 660w\" sizes=\"(max-width: 800px) 100vw, 800px\" \/><\/figure>\n<\/div>\n\n\n\n<div class=\"wp-block-column is-layout-flow wp-block-column-is-layout-flow\">\n<figure class=\"wp-block-image size-full\"><img loading=\"lazy\" decoding=\"async\" width=\"800\" height=\"800\" src=\"https:\/\/moyahousehold.com\/wp-content\/uploads\/2025\/02\/4.jpg\" alt=\"MOYA Japanese Style Stainless Steel Thermal Coffee Carafe with Wooden Handle, Vacuum Insulated Tea Pot\" class=\"wp-image-12546\" srcset=\"https:\/\/moyahousehold.com\/wp-content\/uploads\/2025\/02\/4.jpg 800w, https:\/\/moyahousehold.com\/wp-content\/uploads\/2025\/02\/4-300x300.jpg 300w, https:\/\/moyahousehold.com\/wp-content\/uploads\/2025\/02\/4-150x150.jpg 150w, https:\/\/moyahousehold.com\/wp-content\/uploads\/2025\/02\/4-768x768.jpg 768w, https:\/\/moyahousehold.com\/wp-content\/uploads\/2025\/02\/4-12x12.jpg 12w, https:\/\/moyahousehold.com\/wp-content\/uploads\/2025\/02\/4-285x285.jpg 285w, https:\/\/moyahousehold.com\/wp-content\/uploads\/2025\/02\/4-270x270.jpg 270w, https:\/\/moyahousehold.com\/wp-content\/uploads\/2025\/02\/4-540x540.jpg 540w, https:\/\/moyahousehold.com\/wp-content\/uploads\/2025\/02\/4-660x660.jpg 660w\" sizes=\"(max-width: 800px) 100vw, 800px\" \/><\/figure>\n<\/div>\n<\/div>\n\n\n\n<p><\/p>","protected":false},"excerpt":{"rendered":"<p>Gro\u00dfhandel 2.1L japanischen Stil thermische Karaffe, Doppelschicht-Vakuum-Edelstahl-Struktur, mit ausgezeichneten W\u00e4rmeschutz Leistung, effektive W\u00e4rmeerhaltung f\u00fcr mehr als 12 Stunden, in einer Vielzahl von Farben erh\u00e4ltlich, leicht zu einer Vielzahl von Haus und B\u00fcro Umgebungen passen. Wir unterst\u00fctzen OEM und ODM, Gro\u00dfh\u00e4ndler und Einzelh\u00e4ndler k\u00f6nnen uns gerne f\u00fcr Angebote kontaktieren.<\/p>\n<h3>Eigenschaften und Vorteile der 2.1L Thermokaraffe<\/h3>\n<p><strong>Gro\u00dfes Fassungsverm\u00f6gen:<\/strong> Die Thermokaraffe hat ein Fassungsverm\u00f6gen von 2100 ml, was den Bedarf an kontinuierlicher Wasserversorgung f\u00fcr 4-6 Personen bei Meetings\/Familientreffen deckt.<\/p>\n<p><strong>Modisches mehrfarbiges Design:<\/strong> Die Thermokaraffe bietet eine Vielzahl von Farboptionen, darunter Beige, Rotbuch, Schwarz usw., die sich f\u00fcr Wohnungen im nordischen Stil, kreative B\u00fcror\u00e4ume, Boutique-Caf\u00e9s und andere unterschiedliche Szenen eignen.<\/p>\n<p><strong>Pr\u00e4zise Ausgusst\u00fclle:<\/strong> Die Thermokaraffe verf\u00fcgt \u00fcber einen abgeschr\u00e4gten Ausguss, der Wasserfluss kann pr\u00e4zise gesteuert werden, um Spritzer zu vermeiden, und das Ausgie\u00dfen des Wassers ist gleichm\u00e4\u00dfiger.<\/p>\n<p><strong>Abnehmbare Ausf\u00fchrung:<\/strong> Der Boden ist herausnehmbar, der Innentank kann leicht entfernt werden, ist leicht zu reinigen, verhindert das Wachstum von Ger\u00fcchen und Bakterien und eignet sich f\u00fcr die Lagerung von Getr\u00e4nken wie Milch und Kaffee.<\/p>\n<p><strong>OEM- und ODM-Service:<\/strong> Als Hersteller von Thermokaraffen bieten wir leichte und tiefgreifende Anpassungen an, um Ihre Markenanforderungen zu erf\u00fcllen.<\/p>\n<p><strong><a href=\"https:\/\/moyahousehold.com\/de\/individuelle-losung\/\">Erfahren Sie mehr \u00fcber individuelle L\u00f6sungen f\u00fcr Thermokaraffen.<\/a><\/strong><\/p>","protected":false},"featured_media":10104,"comment_status":"closed","ping_status":"closed","template":"","meta":[],"product_cat":[54],"product_tag":[79,85],"class_list":{"0":"post-10098","1":"product","2":"type-product","3":"status-publish","4":"has-post-thumbnail","6":"product_cat-thermal-carafe-wholesale","7":"product_tag-wholesale-2100ml-thermos-carafe","8":"product_tag-wholesale-stainless-steel-liner-thermos-carafe","10":"first","11":"instock","12":"shipping-taxable","13":"product-type-simple"},"_links":{"self":[{"href":"https:\/\/moyahousehold.com\/de\/wp-json\/wp\/v2\/product\/10098","targetHints":{"allow":["GET"]}}],"collection":[{"href":"https:\/\/moyahousehold.com\/de\/wp-json\/wp\/v2\/product"}],"about":[{"href":"https:\/\/moyahousehold.com\/de\/wp-json\/wp\/v2\/types\/product"}],"replies":[{"embeddable":true,"href":"https:\/\/moyahousehold.com\/de\/wp-json\/wp\/v2\/comments?post=10098"}],"version-history":[{"count":3,"href":"https:\/\/moyahousehold.com\/de\/wp-json\/wp\/v2\/product\/10098\/revisions"}],"predecessor-version":[{"id":12586,"href":"https:\/\/moyahousehold.com\/de\/wp-json\/wp\/v2\/product\/10098\/revisions\/12586"}],"wp:featuredmedia":[{"embeddable":true,"href":"https:\/\/moyahousehold.com\/de\/wp-json\/wp\/v2\/media\/10104"}],"wp:attachment":[{"href":"https:\/\/moyahousehold.com\/de\/wp-json\/wp\/v2\/media?parent=10098"}],"wp:term":[{"taxonomy":"product_cat","embeddable":true,"href":"https:\/\/moyahousehold.com\/de\/wp-json\/wp\/v2\/product_cat?post=10098"},{"taxonomy":"product_tag","embeddable":true,"href":"https:\/\/moyahousehold.com\/de\/wp-json\/wp\/v2\/product_tag?post=10098"}],"curies":[{"name":"wp","href":"https:\/\/api.w.org\/{rel}","templated":true}]}}