{"id":10112,"date":"2025-02-04T07:45:47","date_gmt":"2025-02-04T07:45:47","guid":{"rendered":"https:\/\/moyahousehold.com\/?post_type=product&#038;p=10112"},"modified":"2025-04-19T10:00:43","modified_gmt":"2025-04-19T10:00:43","slug":"wholesale-1500ml-practical-thermos-kettle","status":"publish","type":"product","link":"https:\/\/moyahousehold.com\/de\/produkt\/wholesale-1500ml-practical-thermos-kettle\/","title":{"rendered":"Gro\u00dfhandel 1.5L Praktische Thermoskanne Wasserkocher - MOYA Thermoskanne Wasserkocher Hersteller"},"content":{"rendered":"<h3 class=\"wp-block-heading\">Parameter des 1.5L Thermoskessels<\/h3>\n\n\n\n<figure class=\"wp-block-table\"><table class=\"has-fixed-layout\"><tbody><tr><td>Produkt&nbsp;<\/td><td>Kapazit\u00e4t<\/td><td>Modell<\/td><td>Farbe<\/td><td>Material<\/td><td>Abmessungen<\/td><td>Bruttogewicht<\/td><\/tr><tr><td>2.1L Praktischer Thermoskanne-Wasserkocher<\/td><td>2.1L<\/td><td>MY0820<\/td><td>Beige, Wei\u00df, Schwarz, Braun, Rot, Gr\u00fcn<\/td><td>PP, Edelstahl 304, Kieselgel<\/td><td>202x140x200cm<\/td><td>1,1 kg<\/td><\/tr><\/tbody><\/table><\/figure>\n\n\n\n<h3 class=\"wp-block-heading\">Kundenspezifische Thermoskessel-Option<\/h3>\n\n\n\n<p><strong>Logo: <\/strong>Ihr Markenlogo auf Produkt und Verpackung anbringen.<br><strong>Logo-Optionen:<\/strong> gedrucktes Logo, lasergraviertes Logo, usw.<br><strong>Muster:<\/strong> Druckmuster <br><strong>Drucktechnik: <\/strong>Wassertransferdruck, Siebdruck, W\u00e4rmetransferdruck, Sublimationstransfer, usw.<br><strong>Verpackung:<\/strong> Farbkasten<br><a href=\"https:\/\/moyahousehold.com\/de\/individuelle-losung\/\"><strong>Erfahren Sie mehr \u00fcber individuelle Thermoskannenl\u00f6sungen. <\/strong><\/a><\/p>\n\n\n\n<div class=\"wp-block-columns is-layout-flex wp-container-core-columns-is-layout-9d6595d7 wp-block-columns-is-layout-flex\">\n<div class=\"wp-block-column is-layout-flow wp-block-column-is-layout-flow\">\n<figure class=\"wp-block-image size-full\"><img fetchpriority=\"high\" decoding=\"async\" width=\"1600\" height=\"1600\" src=\"https:\/\/moyahousehold.com\/wp-content\/uploads\/2025\/02\/1.5-thermos-kettle-details-3.jpg\" alt=\"1.5 Thermoskanne Details (3)\" class=\"wp-image-10115\" srcset=\"https:\/\/moyahousehold.com\/wp-content\/uploads\/2025\/02\/1.5-thermos-kettle-details-3.jpg 1600w, https:\/\/moyahousehold.com\/wp-content\/uploads\/2025\/02\/1.5-thermos-kettle-details-3-300x300.jpg 300w, https:\/\/moyahousehold.com\/wp-content\/uploads\/2025\/02\/1.5-thermos-kettle-details-3-150x150.jpg 150w, https:\/\/moyahousehold.com\/wp-content\/uploads\/2025\/02\/1.5-thermos-kettle-details-3-768x768.jpg 768w, https:\/\/moyahousehold.com\/wp-content\/uploads\/2025\/02\/1.5-thermos-kettle-details-3-12x12.jpg 12w, https:\/\/moyahousehold.com\/wp-content\/uploads\/2025\/02\/1.5-thermos-kettle-details-3-285x285.jpg 285w, https:\/\/moyahousehold.com\/wp-content\/uploads\/2025\/02\/1.5-thermos-kettle-details-3-270x270.jpg 270w, https:\/\/moyahousehold.com\/wp-content\/uploads\/2025\/02\/1.5-thermos-kettle-details-3-540x540.jpg 540w, https:\/\/moyahousehold.com\/wp-content\/uploads\/2025\/02\/1.5-thermos-kettle-details-3-660x660.jpg 660w\" sizes=\"(max-width: 1600px) 100vw, 1600px\" \/><\/figure>\n<\/div>\n\n\n\n<div class=\"wp-block-column is-layout-flow wp-block-column-is-layout-flow\">\n<figure class=\"wp-block-image size-full\"><img decoding=\"async\" width=\"719\" height=\"719\" src=\"https:\/\/moyahousehold.com\/wp-content\/uploads\/2025\/02\/1.5-thermos-kettle-details-4.jpg\" alt=\"1.5 Thermoskanne Details (4)\" class=\"wp-image-10116\" srcset=\"https:\/\/moyahousehold.com\/wp-content\/uploads\/2025\/02\/1.5-thermos-kettle-details-4.jpg 719w, https:\/\/moyahousehold.com\/wp-content\/uploads\/2025\/02\/1.5-thermos-kettle-details-4-300x300.jpg 300w, https:\/\/moyahousehold.com\/wp-content\/uploads\/2025\/02\/1.5-thermos-kettle-details-4-150x150.jpg 150w, https:\/\/moyahousehold.com\/wp-content\/uploads\/2025\/02\/1.5-thermos-kettle-details-4-12x12.jpg 12w, https:\/\/moyahousehold.com\/wp-content\/uploads\/2025\/02\/1.5-thermos-kettle-details-4-285x285.jpg 285w, https:\/\/moyahousehold.com\/wp-content\/uploads\/2025\/02\/1.5-thermos-kettle-details-4-270x270.jpg 270w, https:\/\/moyahousehold.com\/wp-content\/uploads\/2025\/02\/1.5-thermos-kettle-details-4-540x540.jpg 540w, https:\/\/moyahousehold.com\/wp-content\/uploads\/2025\/02\/1.5-thermos-kettle-details-4-660x660.jpg 660w\" sizes=\"(max-width: 719px) 100vw, 719px\" \/><\/figure>\n<\/div>\n<\/div>","protected":false},"excerpt":{"rendered":"<p>Gro\u00dfhandel 1.5L praktische Thermoskanne, innovative One-Touch-Wasser-Funktion, keine Notwendigkeit, den Deckel abzuschrauben, bequemer zu bedienen. Doppelschichtige Vakuum-Isolierung Design, kann die ideale Temperatur des Getr\u00e4nks f\u00fcr eine lange Zeit zu halten. Wir unterst\u00fctzen OEM und ODM, bitte kontaktieren Sie uns f\u00fcr ein Angebot.<\/p>\n<h3>Eigenschaften und Vorteile des 1.5L Thermoskochers<\/h3>\n<p><strong>Leistungsstarke W\u00e4rmekonservierung:<\/strong> Der Thermoskessel verwendet lebensmittelechten Edelstahl als Innentank, und der Kesselk\u00f6rper besteht aus hochwertigem PP-Material in Lebensmittelqualit\u00e4t. Das doppelschichtige Vakuumdesign hat eine ausgezeichnete W\u00e4rmed\u00e4mmung und die W\u00e4rmeerhaltungszeit betr\u00e4gt bis zu 12 Stunden oder mehr.<\/p>\n<p><strong>Praktisches Design:<\/strong> Der Thermoskessel verf\u00fcgt \u00fcber ein Ein-Knopf-Wasserauslassdesign, ein auslaufsicheres Design und ein Adlerschnabeldesign f\u00fcr einfaches Ausgie\u00dfen; eine Vielzahl praktischer Designs macht diesen Thermoskessel noch benutzerfreundlicher.<\/p>\n<p><strong>Herausnehmbarer Filter:<\/strong> Der Thermoskessel ist mit einem herausnehmbaren Edelstahlsieb ausgestattet, das f\u00fcr die Zubereitung von Tee oder Kaffee geeignet ist und verhindert, dass Teebl\u00e4tter oder Kaffeesatz in das Getr\u00e4nk gelangen, und h\u00e4lt das Getr\u00e4nk sauber.<\/p>\n<p><strong>Modisches und modernes Design:<\/strong> Dieser Thermoskessel hat eine schlichte und elegante Form, die sich f\u00fcr verschiedene Wohn- oder B\u00fcroumgebungen eignet und das Modebewusstsein des Raums unterstreicht.<\/p>\n<p><strong>OEM- und ODM-Service:<\/strong> Wir bieten professionelle OEM- und ODM-Dienstleistungen an, um hochwertige Markenthermoskessel f\u00fcr Sie zu entwickeln.<\/p>\n<p><strong><a href=\"https:\/\/moyahousehold.com\/de\/individuelle-losung\/\">Erfahren Sie mehr \u00fcber individuelle Thermoskannenl\u00f6sungen.<\/a><\/strong><\/p>","protected":false},"featured_media":10117,"comment_status":"closed","ping_status":"closed","template":"","meta":[],"product_cat":[54],"product_tag":[78,85],"class_list":{"0":"post-10112","1":"product","2":"type-product","3":"status-publish","4":"has-post-thumbnail","6":"product_cat-thermal-carafe-wholesale","7":"product_tag-wholesale-1500ml-thermos-carafe","8":"product_tag-wholesale-stainless-steel-liner-thermos-carafe","10":"first","11":"instock","12":"shipping-taxable","13":"product-type-simple"},"_links":{"self":[{"href":"https:\/\/moyahousehold.com\/de\/wp-json\/wp\/v2\/product\/10112","targetHints":{"allow":["GET"]}}],"collection":[{"href":"https:\/\/moyahousehold.com\/de\/wp-json\/wp\/v2\/product"}],"about":[{"href":"https:\/\/moyahousehold.com\/de\/wp-json\/wp\/v2\/types\/product"}],"replies":[{"embeddable":true,"href":"https:\/\/moyahousehold.com\/de\/wp-json\/wp\/v2\/comments?post=10112"}],"version-history":[{"count":0,"href":"https:\/\/moyahousehold.com\/de\/wp-json\/wp\/v2\/product\/10112\/revisions"}],"wp:featuredmedia":[{"embeddable":true,"href":"https:\/\/moyahousehold.com\/de\/wp-json\/wp\/v2\/media\/10117"}],"wp:attachment":[{"href":"https:\/\/moyahousehold.com\/de\/wp-json\/wp\/v2\/media?parent=10112"}],"wp:term":[{"taxonomy":"product_cat","embeddable":true,"href":"https:\/\/moyahousehold.com\/de\/wp-json\/wp\/v2\/product_cat?post=10112"},{"taxonomy":"product_tag","embeddable":true,"href":"https:\/\/moyahousehold.com\/de\/wp-json\/wp\/v2\/product_tag?post=10112"}],"curies":[{"name":"wp","href":"https:\/\/api.w.org\/{rel}","templated":true}]}}