{"id":10128,"date":"2025-02-04T08:12:25","date_gmt":"2025-02-04T08:12:25","guid":{"rendered":"https:\/\/moyahousehold.com\/?post_type=product&#038;p=10128"},"modified":"2025-04-24T09:33:31","modified_gmt":"2025-04-24T09:33:31","slug":"wholesale-insulated-carafe-with-a-smart-digital-display","status":"publish","type":"product","link":"https:\/\/moyahousehold.com\/de\/produkt\/wholesale-insulated-carafe-with-a-smart-digital-display\/","title":{"rendered":"Gro\u00dfhandel isolierte Karaffe mit einem Smart Digital Display (1.0L) - MOYA isolierte Karaffe Hersteller, OEM und ODM verf\u00fcgbar"},"content":{"rendered":"<h3 class=\"wp-block-heading\">Parameter der Isolierkanne mit intelligenter Digitalanzeige<\/h3>\n\n\n\n<figure class=\"wp-block-table\"><table class=\"has-fixed-layout\"><tbody><tr><td>Produkt&nbsp;<\/td><td>Kapazit\u00e4t<\/td><td>Modell<\/td><td>Farbe<\/td><td>Material<\/td><td>Abmessungen<\/td><td>Bruttogewicht<\/td><\/tr><tr><td>2.1L Praktischer Thermoskanne-Wasserkocher<\/td><td>1.0L<\/td><td>MY0896<\/td><td>schwarz,<br>wei\u00df,<br>chinesisches Rot<\/td><td>PP, Edelstahl 304, Kieselgel<\/td><td>188*125*254cm<\/td><td>1,4 kg<\/td><\/tr><\/tbody><\/table><\/figure>\n\n\n\n<h3 class=\"wp-block-heading\">Isolierte Karaffe als Option<\/h3>\n\n\n\n<p><strong>Logo: <\/strong>Ihr Markenlogo auf Produkt und Verpackung anbringen.<br><strong>Logo-Optionen:<\/strong> gedrucktes Logo, lasergraviertes Logo, usw.<br><strong>Muster:<\/strong> Druckmuster <br><strong>Drucktechnik: <\/strong>Wassertransferdruck, Siebdruck, W\u00e4rmetransferdruck, Sublimationstransfer, usw.<br><strong>Verpackung:<\/strong> Farbkasten<br><a href=\"https:\/\/moyahousehold.com\/de\/individuelle-losung\/\"><strong>Erfahren Sie mehr \u00fcber individuelle L\u00f6sungen f\u00fcr Isolierkannen. <\/strong><\/a><\/p>\n\n\n\n<div class=\"wp-block-columns is-layout-flex wp-container-core-columns-is-layout-9d6595d7 wp-block-columns-is-layout-flex\">\n<div class=\"wp-block-column is-layout-flow wp-block-column-is-layout-flow\">\n<figure class=\"wp-block-image size-full\"><img fetchpriority=\"high\" decoding=\"async\" width=\"2181\" height=\"2181\" src=\"https:\/\/moyahousehold.com\/wp-content\/uploads\/2025\/02\/Smart-digital-display-insulated-carafe-details-1.webp\" alt=\"Isolierte Karaffe mit intelligenter Digitalanzeige Details (1)\" class=\"wp-image-10129\" srcset=\"https:\/\/moyahousehold.com\/wp-content\/uploads\/2025\/02\/Smart-digital-display-insulated-carafe-details-1.webp 2181w, https:\/\/moyahousehold.com\/wp-content\/uploads\/2025\/02\/Smart-digital-display-insulated-carafe-details-1-300x300.webp 300w, https:\/\/moyahousehold.com\/wp-content\/uploads\/2025\/02\/Smart-digital-display-insulated-carafe-details-1-150x150.webp 150w, https:\/\/moyahousehold.com\/wp-content\/uploads\/2025\/02\/Smart-digital-display-insulated-carafe-details-1-768x768.webp 768w, https:\/\/moyahousehold.com\/wp-content\/uploads\/2025\/02\/Smart-digital-display-insulated-carafe-details-1-12x12.webp 12w, https:\/\/moyahousehold.com\/wp-content\/uploads\/2025\/02\/Smart-digital-display-insulated-carafe-details-1-285x285.webp 285w, https:\/\/moyahousehold.com\/wp-content\/uploads\/2025\/02\/Smart-digital-display-insulated-carafe-details-1-1600x1600.webp 1600w, https:\/\/moyahousehold.com\/wp-content\/uploads\/2025\/02\/Smart-digital-display-insulated-carafe-details-1-270x270.webp 270w, https:\/\/moyahousehold.com\/wp-content\/uploads\/2025\/02\/Smart-digital-display-insulated-carafe-details-1-540x540.webp 540w, https:\/\/moyahousehold.com\/wp-content\/uploads\/2025\/02\/Smart-digital-display-insulated-carafe-details-1-660x660.webp 660w\" sizes=\"(max-width: 2181px) 100vw, 2181px\" \/><\/figure>\n<\/div>\n\n\n\n<div class=\"wp-block-column is-layout-flow wp-block-column-is-layout-flow\">\n<figure class=\"wp-block-image size-full\"><img decoding=\"async\" width=\"1600\" height=\"1600\" src=\"https:\/\/moyahousehold.com\/wp-content\/uploads\/2025\/02\/Smart-digital-display-insulated-carafe-details-2.webp\" alt=\"Details der isolierten Karaffe mit intelligenter Digitalanzeige (2)\" class=\"wp-image-10130\" srcset=\"https:\/\/moyahousehold.com\/wp-content\/uploads\/2025\/02\/Smart-digital-display-insulated-carafe-details-2.webp 1600w, https:\/\/moyahousehold.com\/wp-content\/uploads\/2025\/02\/Smart-digital-display-insulated-carafe-details-2-300x300.webp 300w, https:\/\/moyahousehold.com\/wp-content\/uploads\/2025\/02\/Smart-digital-display-insulated-carafe-details-2-150x150.webp 150w, https:\/\/moyahousehold.com\/wp-content\/uploads\/2025\/02\/Smart-digital-display-insulated-carafe-details-2-768x768.webp 768w, https:\/\/moyahousehold.com\/wp-content\/uploads\/2025\/02\/Smart-digital-display-insulated-carafe-details-2-12x12.webp 12w, https:\/\/moyahousehold.com\/wp-content\/uploads\/2025\/02\/Smart-digital-display-insulated-carafe-details-2-285x285.webp 285w, https:\/\/moyahousehold.com\/wp-content\/uploads\/2025\/02\/Smart-digital-display-insulated-carafe-details-2-270x270.webp 270w, https:\/\/moyahousehold.com\/wp-content\/uploads\/2025\/02\/Smart-digital-display-insulated-carafe-details-2-540x540.webp 540w, https:\/\/moyahousehold.com\/wp-content\/uploads\/2025\/02\/Smart-digital-display-insulated-carafe-details-2-660x660.webp 660w\" sizes=\"(max-width: 1600px) 100vw, 1600px\" \/><\/figure>\n<\/div>\n<\/div>\n\n\n\n<p><\/p>","protected":false},"excerpt":{"rendered":"<p>Gro\u00dfhandel isolierte Karaffe mit einer intelligenten digitalen Anzeige, Echtzeit-Anzeige der Fl\u00fcssigkeitstemperatur. Die W\u00e4rmeerhaltungszeit betr\u00e4gt mehr als 12 Stunden, und es ist aus sicheren und gesunden Materialien hergestellt, um die Gesundheit der Benutzer zu gew\u00e4hrleisten. Als Hersteller von isolierten Karaffen, bieten wir Gro\u00dfhandel und ma\u00dfgeschneiderte isolierte Karaffe Dienstleistungen zu Fabrikpreisen, willkommen, uns f\u00fcr ein Angebot zu kontaktieren.<\/p>\n<h3>Merkmale und Vorteile der Isolierkanne mit intelligenter Digitalanzeige<\/h3>\n<p><strong>Intelligente digitale Anzeige:<\/strong> Die Isolierkaraffe ist mit einer digitalen Temperaturanzeige ausgestattet, die die Fl\u00fcssigkeitstemperatur in Echtzeit anzeigt. So k\u00f6nnen Sie die Temperatur Ihres Getr\u00e4nks jederzeit im Auge behalten und eine \u00dcberhitzung oder Unterk\u00fchlung vermeiden.<\/p>\n<p><strong>Effiziente Isolierleistung:<\/strong> Die isolierte Karaffe besteht aus einer doppelschichtigen Vakuum-Edelstahlstruktur, die die Temperatur des Getr\u00e4nks lange Zeit aufrechterhalten kann, egal ob es sich um hei\u00dfe oder kalte Getr\u00e4nke handelt.<\/p>\n<p><strong>Mehrfarbige Auswahl:<\/strong> Wir bieten eine Vielzahl von Farben zur Auswahl, darunter Rot, Wei\u00df und Schwarz, und unterst\u00fctzen die individuelle Gestaltung.<\/p>\n<p><strong>Umweltfreundliches Material:<\/strong> Der Innentank besteht aus lebensmittelechtem Edelstahl und die Au\u00dfenh\u00fclle aus lebensmittelechtem PP-Material, das sicher und ungiftig ist, um eine gesunde Nutzung zu gew\u00e4hrleisten.<\/p>\n<p><strong>OEM- und ODM-Service:<\/strong> Wir bieten flexible, kundenspezifische Dienstleistungen f\u00fcr isolierte Karaffen. Ob Gro\u00dfeinkauf oder individuelle Anpassung, wir k\u00f6nnen effiziente und professionelle L\u00f6sungen anbieten.<\/p>\n<p><strong><a href=\"https:\/\/moyahousehold.com\/de\/wholesale-thermal-carafe-with-smart-digital-display\/\" target=\"_blank\" rel=\"noopener\">Erfahren Sie mehr \u00fcber die Thermokaraffe mit intelligenter Digitalanzeige.<\/a><\/strong><\/p>","protected":false},"featured_media":10132,"comment_status":"closed","ping_status":"closed","template":"","meta":[],"product_cat":[54],"product_tag":[66,85],"class_list":{"0":"post-10128","1":"product","2":"type-product","3":"status-publish","4":"has-post-thumbnail","6":"product_cat-thermal-carafe-wholesale","7":"product_tag-wholesale-1000ml-thermos-carafe","8":"product_tag-wholesale-stainless-steel-liner-thermos-carafe","10":"first","11":"instock","12":"shipping-taxable","13":"product-type-simple"},"_links":{"self":[{"href":"https:\/\/moyahousehold.com\/de\/wp-json\/wp\/v2\/product\/10128","targetHints":{"allow":["GET"]}}],"collection":[{"href":"https:\/\/moyahousehold.com\/de\/wp-json\/wp\/v2\/product"}],"about":[{"href":"https:\/\/moyahousehold.com\/de\/wp-json\/wp\/v2\/types\/product"}],"replies":[{"embeddable":true,"href":"https:\/\/moyahousehold.com\/de\/wp-json\/wp\/v2\/comments?post=10128"}],"version-history":[{"count":0,"href":"https:\/\/moyahousehold.com\/de\/wp-json\/wp\/v2\/product\/10128\/revisions"}],"wp:featuredmedia":[{"embeddable":true,"href":"https:\/\/moyahousehold.com\/de\/wp-json\/wp\/v2\/media\/10132"}],"wp:attachment":[{"href":"https:\/\/moyahousehold.com\/de\/wp-json\/wp\/v2\/media?parent=10128"}],"wp:term":[{"taxonomy":"product_cat","embeddable":true,"href":"https:\/\/moyahousehold.com\/de\/wp-json\/wp\/v2\/product_cat?post=10128"},{"taxonomy":"product_tag","embeddable":true,"href":"https:\/\/moyahousehold.com\/de\/wp-json\/wp\/v2\/product_tag?post=10128"}],"curies":[{"name":"wp","href":"https:\/\/api.w.org\/{rel}","templated":true}]}}