{"id":10345,"date":"2025-02-06T08:22:02","date_gmt":"2025-02-06T08:22:02","guid":{"rendered":"https:\/\/moyahousehold.com\/?post_type=product&#038;p=10345"},"modified":"2025-02-06T10:09:34","modified_gmt":"2025-02-06T10:09:34","slug":"wholesale-customized-insulated-water-bottles","status":"publish","type":"product","link":"https:\/\/moyahousehold.com\/de\/produkt\/wholesale-customized-insulated-water-bottles\/","title":{"rendered":"Ma\u00dfgeschneiderte isolierte Wasserflaschen Fabrik Direktverkauf, Bulk 350mL Edelstahl Wasserflasche, OEM und ODM verf\u00fcgbar"},"content":{"rendered":"<h3 class=\"wp-block-heading\">Parameter der 350mL-Edelstahl-Wasserflasche<\/h3>\n\n\n\n<figure class=\"wp-block-table\"><table class=\"has-fixed-layout\"><tbody><tr><td>Produkt&nbsp;<\/td><td>Kapazit\u00e4t<\/td><td>Modell<\/td><td>Farbe<\/td><td>Material<\/td><td>Abmessungen<\/td><td>Bruttogewicht<\/td><\/tr><tr><td>350mL Edelstahl Isolierte Wasserflasche<\/td><td>350mL<\/td><td>MY0839-A<\/td><td>schwarz,<br>rosa,<br>wei\u00df,<br>Stahl<\/td><td>PP, Edelstahl 304, Kieselgel<\/td><td>73x73x180mm<\/td><td>0,4 kg<\/td><\/tr><\/tbody><\/table><\/figure>\n\n\n\n<h3 class=\"wp-block-heading\">Individuelle Edelstahl-Wasserflaschen-Optionen<\/h3>\n\n\n\n<p><strong>Logo:<\/strong> Ihr eigenes Markenlogo auf Produkt und Verpackung.<br><strong>Logo-Optionen:<\/strong> gedrucktes Logo, lasergraviertes Logo, usw.<br><strong>Muster:<\/strong> Druckmuster <br><strong>Drucktechnik:<\/strong> Wassertransferdruck, Siebdruck, W\u00e4rmetransferdruck, Sublimationstransfer, etc.<br><strong>Verpackung:<\/strong> Farbkasten<br><a href=\"https:\/\/moyahousehold.com\/de\/individuelle-losung\/\"><strong>Erfahren Sie mehr \u00fcber individuelle L\u00f6sungen f\u00fcr Wasserflaschen aus Edelstahl.<\/strong><\/a><\/p>\n\n\n\n<div class=\"wp-block-columns is-layout-flex wp-container-core-columns-is-layout-9d6595d7 wp-block-columns-is-layout-flex\">\n<div class=\"wp-block-column is-layout-flow wp-block-column-is-layout-flow\">\n<figure class=\"wp-block-image size-full\"><img fetchpriority=\"high\" decoding=\"async\" width=\"1600\" height=\"1600\" src=\"https:\/\/moyahousehold.com\/wp-content\/uploads\/2025\/02\/stainless-steel-insulated-water-bottle-details-2.webp\" alt=\"Isolierte Wasserflasche aus Edelstahl Details (2)\" class=\"wp-image-10347\" srcset=\"https:\/\/moyahousehold.com\/wp-content\/uploads\/2025\/02\/stainless-steel-insulated-water-bottle-details-2.webp 1600w, https:\/\/moyahousehold.com\/wp-content\/uploads\/2025\/02\/stainless-steel-insulated-water-bottle-details-2-300x300.webp 300w, https:\/\/moyahousehold.com\/wp-content\/uploads\/2025\/02\/stainless-steel-insulated-water-bottle-details-2-150x150.webp 150w, https:\/\/moyahousehold.com\/wp-content\/uploads\/2025\/02\/stainless-steel-insulated-water-bottle-details-2-768x768.webp 768w, https:\/\/moyahousehold.com\/wp-content\/uploads\/2025\/02\/stainless-steel-insulated-water-bottle-details-2-12x12.webp 12w, https:\/\/moyahousehold.com\/wp-content\/uploads\/2025\/02\/stainless-steel-insulated-water-bottle-details-2-285x285.webp 285w, https:\/\/moyahousehold.com\/wp-content\/uploads\/2025\/02\/stainless-steel-insulated-water-bottle-details-2-270x270.webp 270w, https:\/\/moyahousehold.com\/wp-content\/uploads\/2025\/02\/stainless-steel-insulated-water-bottle-details-2-540x540.webp 540w, https:\/\/moyahousehold.com\/wp-content\/uploads\/2025\/02\/stainless-steel-insulated-water-bottle-details-2-660x660.webp 660w\" sizes=\"(max-width: 1600px) 100vw, 1600px\" \/><\/figure>\n<\/div>\n\n\n\n<div class=\"wp-block-column is-layout-flow wp-block-column-is-layout-flow\">\n<figure class=\"wp-block-image size-full\"><img decoding=\"async\" width=\"1600\" height=\"1600\" src=\"https:\/\/moyahousehold.com\/wp-content\/uploads\/2025\/02\/stainless-steel-insulated-water-bottle-details-3.webp\" alt=\"isolierte Wasserflasche aus Edelstahl Details (3)\" class=\"wp-image-10348\" srcset=\"https:\/\/moyahousehold.com\/wp-content\/uploads\/2025\/02\/stainless-steel-insulated-water-bottle-details-3.webp 1600w, https:\/\/moyahousehold.com\/wp-content\/uploads\/2025\/02\/stainless-steel-insulated-water-bottle-details-3-300x300.webp 300w, https:\/\/moyahousehold.com\/wp-content\/uploads\/2025\/02\/stainless-steel-insulated-water-bottle-details-3-150x150.webp 150w, https:\/\/moyahousehold.com\/wp-content\/uploads\/2025\/02\/stainless-steel-insulated-water-bottle-details-3-768x768.webp 768w, https:\/\/moyahousehold.com\/wp-content\/uploads\/2025\/02\/stainless-steel-insulated-water-bottle-details-3-12x12.webp 12w, https:\/\/moyahousehold.com\/wp-content\/uploads\/2025\/02\/stainless-steel-insulated-water-bottle-details-3-285x285.webp 285w, https:\/\/moyahousehold.com\/wp-content\/uploads\/2025\/02\/stainless-steel-insulated-water-bottle-details-3-270x270.webp 270w, https:\/\/moyahousehold.com\/wp-content\/uploads\/2025\/02\/stainless-steel-insulated-water-bottle-details-3-540x540.webp 540w, https:\/\/moyahousehold.com\/wp-content\/uploads\/2025\/02\/stainless-steel-insulated-water-bottle-details-3-660x660.webp 660w\" sizes=\"(max-width: 1600px) 100vw, 1600px\" \/><\/figure>\n<\/div>\n<\/div>","protected":false},"excerpt":{"rendered":"<p>Gro\u00dfhandel 350mL Edelstahl isolierte Wasserflaschen, breiter Mund, bequem zum Gie\u00dfen und Reinigen, aus Lebensmittelqualit\u00e4t 304 Edelstahl, langlebig und korrosionsbest\u00e4ndig, kann verwendet werden, um andere Fl\u00fcssigkeiten, wie Saft, Tee, etc. zu halten, mit einer breiten Palette von Anwendungen. MOYA Wasserflasche Hersteller unterst\u00fctzt OEM und ODM, willkommen, uns f\u00fcr ein Angebot zu kontaktieren.<\/p>\n<h3>Eigenschaften und Vorteile der isolierten Wasserflasche aus Edelstahl<\/h3>\n<p><strong>Materielle Sicherheit:<\/strong> Die isolierte Wasserflasche aus Edelstahl mit einem Fassungsverm\u00f6gen von 350 ml ist aus lebensmittelechtem Edelstahl gefertigt, der keine sch\u00e4dlichen Stoffe enth\u00e4lt und die Sicherheit und Gesundheit des Trinkwassers gew\u00e4hrleistet.<\/p>\n<p><strong>Umweltfreundlich und wiederverwendbar:<\/strong> Die isolierte Wasserflasche aus Edelstahl kann die Verwendung von Einweg-Plastikflaschen reduzieren, was umweltfreundlicher ist und dem Konzept der nachhaltigen Entwicklung entspricht.<\/p>\n<p><strong>Starke Haltbarkeit:<\/strong> Der Flaschenk\u00f6rper aus Edelstahl ist robust und langlebig, verschlei\u00dffest und korrosionsbest\u00e4ndig, hat eine lange Lebensdauer und ist nicht leicht zu besch\u00e4digen.<\/p>\n<p><strong>Gute Abdichtung:<\/strong> Die isolierte 350-ml-Edelstahl-Wasserflasche verf\u00fcgt \u00fcber eine gut abdichtende Struktur des Flaschenverschlusses, die das Auslaufen von Fl\u00fcssigkeit verhindert und sicher in einer Tasche verstaut werden kann, ohne dass man sich Sorgen machen muss, dass die Dinge nass werden.<\/p>\n<p><strong>OEM- und ODM-Service:<\/strong> MOYA Edelstahl-Wasserflaschenhersteller bietet professionelle Anpassungsdienste und kann Ihr Markenlogo auf die isolierte Wasserflasche gravieren oder eine neue Wasserflasche f\u00fcr Sie entwerfen.<\/p>\n<p><strong><a href=\"https:\/\/moyahousehold.com\/de\/individuelle-losung\/\">Erfahren Sie mehr \u00fcber OEM&amp;ODM-L\u00f6sungen f\u00fcr Wasserflaschen aus Edelstahl.<\/a><\/strong><\/p>","protected":false},"featured_media":10354,"comment_status":"closed","ping_status":"closed","template":"","meta":[],"product_cat":[53],"product_tag":[104],"class_list":{"0":"post-10345","1":"product","2":"type-product","3":"status-publish","4":"has-post-thumbnail","6":"product_cat-vacuum-bottle-wholesale","7":"product_tag-wholesale-350ml-insulated-water-bottles","9":"first","10":"instock","11":"shipping-taxable","12":"product-type-simple"},"_links":{"self":[{"href":"https:\/\/moyahousehold.com\/de\/wp-json\/wp\/v2\/product\/10345","targetHints":{"allow":["GET"]}}],"collection":[{"href":"https:\/\/moyahousehold.com\/de\/wp-json\/wp\/v2\/product"}],"about":[{"href":"https:\/\/moyahousehold.com\/de\/wp-json\/wp\/v2\/types\/product"}],"replies":[{"embeddable":true,"href":"https:\/\/moyahousehold.com\/de\/wp-json\/wp\/v2\/comments?post=10345"}],"version-history":[{"count":0,"href":"https:\/\/moyahousehold.com\/de\/wp-json\/wp\/v2\/product\/10345\/revisions"}],"wp:featuredmedia":[{"embeddable":true,"href":"https:\/\/moyahousehold.com\/de\/wp-json\/wp\/v2\/media\/10354"}],"wp:attachment":[{"href":"https:\/\/moyahousehold.com\/de\/wp-json\/wp\/v2\/media?parent=10345"}],"wp:term":[{"taxonomy":"product_cat","embeddable":true,"href":"https:\/\/moyahousehold.com\/de\/wp-json\/wp\/v2\/product_cat?post=10345"},{"taxonomy":"product_tag","embeddable":true,"href":"https:\/\/moyahousehold.com\/de\/wp-json\/wp\/v2\/product_tag?post=10345"}],"curies":[{"name":"wp","href":"https:\/\/api.w.org\/{rel}","templated":true}]}}