{"id":10361,"date":"2025-02-06T08:59:05","date_gmt":"2025-02-06T08:59:05","guid":{"rendered":"https:\/\/moyahousehold.com\/?post_type=product&#038;p=10361"},"modified":"2025-02-06T10:09:22","modified_gmt":"2025-02-06T10:09:22","slug":"bulk-350ml-304-stainless-steel-insulated-water-bottles","status":"publish","type":"product","link":"https:\/\/moyahousehold.com\/de\/produkt\/bulk-350ml-304-stainless-steel-insulated-water-bottles\/","title":{"rendered":"Bulk 350mL 304 Edelstahl isolierte Wasserflaschen, benutzerdefinierte isolierte Wasserflaschen Service verf\u00fcgbar"},"content":{"rendered":"<h3 class=\"wp-block-heading\">Parameter von isolierten Wasserflaschen aus Edelstahl 304<\/h3>\n\n\n\n<figure class=\"wp-block-table\"><table class=\"has-fixed-layout\"><tbody><tr><td>Produkt&nbsp;<\/td><td>Kapazit\u00e4t<\/td><td>Modell<\/td><td>Farbe<\/td><td>Material<\/td><td>Abmessungen<\/td><td>Bruttogewicht<\/td><\/tr><tr><td>350mL Edelstahl Isolierte Wasserflasche<\/td><td>350mL<\/td><td>MY0839-B<\/td><td>schwarz,<br>rosa,<br>wei\u00df,<br>Stahl<\/td><td>PP, Edelstahl 304, Kieselgel<\/td><td>82x82x175mm<\/td><td>0,4 kg<\/td><\/tr><\/tbody><\/table><\/figure>\n\n\n\n<h3 class=\"wp-block-heading\">Individuelle Edelstahl-Wasserflaschen-Optionen<\/h3>\n\n\n\n<p><strong>Logo:<\/strong> Ihr Markenlogo auf Produkten und Verpackungen anbringen.<br><strong>Logo-Optionen:<\/strong> gedrucktes Logo, lasergraviertes Logo, usw.<br><strong>Muster:<\/strong> Druckmuster <br><strong>Drucktechnik:<\/strong> Wassertransferdruck, Siebdruck, W\u00e4rmetransferdruck, Sublimationstransfer, usw.<br><strong>Verpackung:<\/strong> Farbkasten<br><a href=\"https:\/\/moyahousehold.com\/de\/individuelle-losung\/\"><strong>Erfahren Sie mehr \u00fcber individuelle L\u00f6sungen f\u00fcr Wasserflaschen aus Edelstahl.<\/strong><\/a><\/p>\n\n\n\n<div class=\"wp-block-columns is-layout-flex wp-container-core-columns-is-layout-9d6595d7 wp-block-columns-is-layout-flex\">\n<div class=\"wp-block-column is-layout-flow wp-block-column-is-layout-flow\">\n<figure class=\"wp-block-image size-full\"><img fetchpriority=\"high\" decoding=\"async\" width=\"1600\" height=\"1600\" src=\"https:\/\/moyahousehold.com\/wp-content\/uploads\/2025\/02\/304-stainless-steel-water-bottle-details-4.webp\" alt=\"Wasserflasche aus Edelstahl 304 Details (4)\" class=\"wp-image-10371\" srcset=\"https:\/\/moyahousehold.com\/wp-content\/uploads\/2025\/02\/304-stainless-steel-water-bottle-details-4.webp 1600w, https:\/\/moyahousehold.com\/wp-content\/uploads\/2025\/02\/304-stainless-steel-water-bottle-details-4-300x300.webp 300w, https:\/\/moyahousehold.com\/wp-content\/uploads\/2025\/02\/304-stainless-steel-water-bottle-details-4-150x150.webp 150w, https:\/\/moyahousehold.com\/wp-content\/uploads\/2025\/02\/304-stainless-steel-water-bottle-details-4-768x768.webp 768w, https:\/\/moyahousehold.com\/wp-content\/uploads\/2025\/02\/304-stainless-steel-water-bottle-details-4-12x12.webp 12w, https:\/\/moyahousehold.com\/wp-content\/uploads\/2025\/02\/304-stainless-steel-water-bottle-details-4-285x285.webp 285w, https:\/\/moyahousehold.com\/wp-content\/uploads\/2025\/02\/304-stainless-steel-water-bottle-details-4-270x270.webp 270w, https:\/\/moyahousehold.com\/wp-content\/uploads\/2025\/02\/304-stainless-steel-water-bottle-details-4-540x540.webp 540w, https:\/\/moyahousehold.com\/wp-content\/uploads\/2025\/02\/304-stainless-steel-water-bottle-details-4-660x660.webp 660w\" sizes=\"(max-width: 1600px) 100vw, 1600px\" \/><\/figure>\n<\/div>\n\n\n\n<div class=\"wp-block-column is-layout-flow wp-block-column-is-layout-flow\">\n<figure class=\"wp-block-image size-full\"><img decoding=\"async\" width=\"1600\" height=\"1600\" src=\"https:\/\/moyahousehold.com\/wp-content\/uploads\/2025\/02\/304-stainless-steel-water-bottle-details-5.webp\" alt=\"Wasserflasche aus Edelstahl 304 Details (5)\" class=\"wp-image-10372\" srcset=\"https:\/\/moyahousehold.com\/wp-content\/uploads\/2025\/02\/304-stainless-steel-water-bottle-details-5.webp 1600w, https:\/\/moyahousehold.com\/wp-content\/uploads\/2025\/02\/304-stainless-steel-water-bottle-details-5-300x300.webp 300w, https:\/\/moyahousehold.com\/wp-content\/uploads\/2025\/02\/304-stainless-steel-water-bottle-details-5-150x150.webp 150w, https:\/\/moyahousehold.com\/wp-content\/uploads\/2025\/02\/304-stainless-steel-water-bottle-details-5-768x768.webp 768w, https:\/\/moyahousehold.com\/wp-content\/uploads\/2025\/02\/304-stainless-steel-water-bottle-details-5-12x12.webp 12w, https:\/\/moyahousehold.com\/wp-content\/uploads\/2025\/02\/304-stainless-steel-water-bottle-details-5-285x285.webp 285w, https:\/\/moyahousehold.com\/wp-content\/uploads\/2025\/02\/304-stainless-steel-water-bottle-details-5-270x270.webp 270w, https:\/\/moyahousehold.com\/wp-content\/uploads\/2025\/02\/304-stainless-steel-water-bottle-details-5-540x540.webp 540w, https:\/\/moyahousehold.com\/wp-content\/uploads\/2025\/02\/304-stainless-steel-water-bottle-details-5-660x660.webp 660w\" sizes=\"(max-width: 1600px) 100vw, 1600px\" \/><\/figure>\n<\/div>\n<\/div>","protected":false},"excerpt":{"rendered":"<p>Bulk anpassbare Edelstahl isolierte Wasserflaschen zum Verkauf, kann mehr als 12 Stunden W\u00e4rmekonservierung oder K\u00e4ltekonservierung Wirkung zu erreichen, geeignet f\u00fcr Fernreisen oder Outdoor-Aktivit\u00e4ten, entworfen, um das Auto Becherhalter passen, bequem f\u00fcr den Einsatz w\u00e4hrend der Fahrt. MOYA unterst\u00fctzt OEM und ODM, kontaktieren Sie uns f\u00fcr ein Angebot.<\/p>\n<h3>Eigenschaften und Vorteile der isolierten Wasserflasche aus Edelstahl<\/h3>\n<p><strong>Ausgezeichnete Isolierleistung:<\/strong> Die doppelschichtige Edelstahlkonstruktion kann die Temperatur von hei\u00dfen und kalten Getr\u00e4nken mehr als 12 Stunden lang aufrechterhalten.<\/p>\n<p><strong>Geruchsneutrales Design:<\/strong> Aus lebensmittelechtem Edelstahl gefertigt, nimmt das Innere der Thermosflasche nicht so leicht Ger\u00fcche an und h\u00e4lt die Getr\u00e4nke rein und frisch.<\/p>\n<p><strong>Ergonomisch:<\/strong> Das Design dieser isolierten Wasserflasche aus Edelstahl ist ergonomisch und angenehm zu halten.<\/p>\n<p><strong>Geeignet f\u00fcr verschiedene Autobecherhalter:<\/strong> Diese isolierte Wasserflasche aus Edelstahl eignet sich f\u00fcr den Getr\u00e4nkehalter im Auto. Sie ist bequem w\u00e4hrend der Fahrt zu benutzen und nimmt nicht zu viel Platz ein.<\/p>\n<p><strong>Anpassbarer Logodruck:<\/strong> Der individuelle Druck kann nach den Bed\u00fcrfnissen von Privatpersonen oder Unternehmen durchgef\u00fchrt werden und eignet sich f\u00fcr Markenprodukte oder Geschenke.<\/p>\n<p><strong>OEM- und ODM-Dienstleistungen:<\/strong> MOYA Edelstahl-Wasserflaschenhersteller bieten professionelle Anpassungsdienste an, die es den Kunden erm\u00f6glichen, die Spezifikationen, Materialien, Farben und das Erscheinungsbild von isolierten Wasserflaschen nach ihren eigenen Markenanforderungen anzupassen.<\/p>\n<p><strong><a href=\"https:\/\/moyahousehold.com\/de\/individuelle-losung\/\">Erfahren Sie mehr \u00fcber OEM&amp;ODM-L\u00f6sungen f\u00fcr Wasserflaschen aus Edelstahl.<\/a><\/strong><\/p>","protected":false},"featured_media":10362,"comment_status":"closed","ping_status":"closed","template":"","meta":[],"product_cat":[53],"product_tag":[104],"class_list":{"0":"post-10361","1":"product","2":"type-product","3":"status-publish","4":"has-post-thumbnail","6":"product_cat-vacuum-bottle-wholesale","7":"product_tag-wholesale-350ml-insulated-water-bottles","9":"first","10":"instock","11":"shipping-taxable","12":"product-type-simple"},"_links":{"self":[{"href":"https:\/\/moyahousehold.com\/de\/wp-json\/wp\/v2\/product\/10361","targetHints":{"allow":["GET"]}}],"collection":[{"href":"https:\/\/moyahousehold.com\/de\/wp-json\/wp\/v2\/product"}],"about":[{"href":"https:\/\/moyahousehold.com\/de\/wp-json\/wp\/v2\/types\/product"}],"replies":[{"embeddable":true,"href":"https:\/\/moyahousehold.com\/de\/wp-json\/wp\/v2\/comments?post=10361"}],"version-history":[{"count":0,"href":"https:\/\/moyahousehold.com\/de\/wp-json\/wp\/v2\/product\/10361\/revisions"}],"wp:featuredmedia":[{"embeddable":true,"href":"https:\/\/moyahousehold.com\/de\/wp-json\/wp\/v2\/media\/10362"}],"wp:attachment":[{"href":"https:\/\/moyahousehold.com\/de\/wp-json\/wp\/v2\/media?parent=10361"}],"wp:term":[{"taxonomy":"product_cat","embeddable":true,"href":"https:\/\/moyahousehold.com\/de\/wp-json\/wp\/v2\/product_cat?post=10361"},{"taxonomy":"product_tag","embeddable":true,"href":"https:\/\/moyahousehold.com\/de\/wp-json\/wp\/v2\/product_tag?post=10361"}],"curies":[{"name":"wp","href":"https:\/\/api.w.org\/{rel}","templated":true}]}}