{"id":10377,"date":"2025-02-06T09:28:41","date_gmt":"2025-02-06T09:28:41","guid":{"rendered":"https:\/\/moyahousehold.com\/?post_type=product&#038;p=10377"},"modified":"2025-02-06T10:09:10","modified_gmt":"2025-02-06T10:09:10","slug":"wholesale-custom-350ml-thermos-bottles","status":"publish","type":"product","link":"https:\/\/moyahousehold.com\/de\/produkt\/wholesale-custom-350ml-thermos-bottles\/","title":{"rendered":"Benutzerdefinierte Thermosflasche verf\u00fcgbar, Gro\u00dfhandel Bulk 350mL Thermosflaschen - MOYA Wasserflasche Hersteller"},"content":{"rendered":"<h3 class=\"wp-block-heading\">Parameter der 350mL Thermosflasche<\/h3>\n\n\n\n<figure class=\"wp-block-table\"><table class=\"has-fixed-layout\"><tbody><tr><td>Produkt&nbsp;<\/td><td>Kapazit\u00e4t<\/td><td>Modell<\/td><td>Farbe<\/td><td>Material<\/td><td>Abmessungen<\/td><td>Bruttogewicht<\/td><\/tr><tr><td>350mL Edelstahl Isolierte Wasserflasche<\/td><td>350mL<\/td><td>MY0839-B<\/td><td>schwarz,<br>rosa,<br>wei\u00df,<br>Stahl<\/td><td>PP, Edelstahl 304, Kieselgel<\/td><td>82x82x175mm<\/td><td>0,4 kg<\/td><\/tr><\/tbody><\/table><\/figure>\n\n\n\n<h3 class=\"wp-block-heading\">Individuelle Thermosflaschen-Optionen<\/h3>\n\n\n\n<p><strong>Logo:<\/strong> Ihr Markenlogo auf Produkten und Verpackungen anbringen.<br><strong>Logo-Optionen:<\/strong> gedrucktes Logo, lasergraviertes Logo, usw.<br><strong>Muster:<\/strong> Druckmuster <br><strong>Drucktechnik:<\/strong> Wassertransferdruck, Siebdruck, W\u00e4rmetransferdruck, Sublimationstransfer, usw.<br><strong>Verpackung:<\/strong> Farbkasten<br><a href=\"https:\/\/moyahousehold.com\/de\/individuelle-losung\/\"><strong>Erfahren Sie mehr \u00fcber individuelle L\u00f6sungen f\u00fcr Thermosflaschen.<\/strong><\/a><\/p>\n\n\n\n<div class=\"wp-block-columns is-layout-flex wp-container-core-columns-is-layout-9d6595d7 wp-block-columns-is-layout-flex\">\n<div class=\"wp-block-column is-layout-flow wp-block-column-is-layout-flow\">\n<figure class=\"wp-block-image size-full\"><img fetchpriority=\"high\" decoding=\"async\" width=\"1600\" height=\"1600\" src=\"https:\/\/moyahousehold.com\/wp-content\/uploads\/2025\/02\/Bulk-Custom-Thermos-Bottle-Details-5.webp\" alt=\"Bulk Custom Thermosflasche Details (5)\" class=\"wp-image-10384\" srcset=\"https:\/\/moyahousehold.com\/wp-content\/uploads\/2025\/02\/Bulk-Custom-Thermos-Bottle-Details-5.webp 1600w, https:\/\/moyahousehold.com\/wp-content\/uploads\/2025\/02\/Bulk-Custom-Thermos-Bottle-Details-5-300x300.webp 300w, https:\/\/moyahousehold.com\/wp-content\/uploads\/2025\/02\/Bulk-Custom-Thermos-Bottle-Details-5-150x150.webp 150w, https:\/\/moyahousehold.com\/wp-content\/uploads\/2025\/02\/Bulk-Custom-Thermos-Bottle-Details-5-768x768.webp 768w, https:\/\/moyahousehold.com\/wp-content\/uploads\/2025\/02\/Bulk-Custom-Thermos-Bottle-Details-5-12x12.webp 12w, https:\/\/moyahousehold.com\/wp-content\/uploads\/2025\/02\/Bulk-Custom-Thermos-Bottle-Details-5-285x285.webp 285w, https:\/\/moyahousehold.com\/wp-content\/uploads\/2025\/02\/Bulk-Custom-Thermos-Bottle-Details-5-270x270.webp 270w, https:\/\/moyahousehold.com\/wp-content\/uploads\/2025\/02\/Bulk-Custom-Thermos-Bottle-Details-5-540x540.webp 540w, https:\/\/moyahousehold.com\/wp-content\/uploads\/2025\/02\/Bulk-Custom-Thermos-Bottle-Details-5-660x660.webp 660w\" sizes=\"(max-width: 1600px) 100vw, 1600px\" \/><\/figure>\n<\/div>\n\n\n\n<div class=\"wp-block-column is-layout-flow wp-block-column-is-layout-flow\">\n<figure class=\"wp-block-image size-full\"><img decoding=\"async\" width=\"1600\" height=\"1600\" src=\"https:\/\/moyahousehold.com\/wp-content\/uploads\/2025\/02\/Bulk-Custom-Thermos-Bottle-Details-6.webp\" alt=\"Bulk Custom Thermosflasche Details (6)\" class=\"wp-image-10385\" srcset=\"https:\/\/moyahousehold.com\/wp-content\/uploads\/2025\/02\/Bulk-Custom-Thermos-Bottle-Details-6.webp 1600w, https:\/\/moyahousehold.com\/wp-content\/uploads\/2025\/02\/Bulk-Custom-Thermos-Bottle-Details-6-300x300.webp 300w, https:\/\/moyahousehold.com\/wp-content\/uploads\/2025\/02\/Bulk-Custom-Thermos-Bottle-Details-6-150x150.webp 150w, https:\/\/moyahousehold.com\/wp-content\/uploads\/2025\/02\/Bulk-Custom-Thermos-Bottle-Details-6-768x768.webp 768w, https:\/\/moyahousehold.com\/wp-content\/uploads\/2025\/02\/Bulk-Custom-Thermos-Bottle-Details-6-12x12.webp 12w, https:\/\/moyahousehold.com\/wp-content\/uploads\/2025\/02\/Bulk-Custom-Thermos-Bottle-Details-6-285x285.webp 285w, https:\/\/moyahousehold.com\/wp-content\/uploads\/2025\/02\/Bulk-Custom-Thermos-Bottle-Details-6-270x270.webp 270w, https:\/\/moyahousehold.com\/wp-content\/uploads\/2025\/02\/Bulk-Custom-Thermos-Bottle-Details-6-540x540.webp 540w, https:\/\/moyahousehold.com\/wp-content\/uploads\/2025\/02\/Bulk-Custom-Thermos-Bottle-Details-6-660x660.webp 660w\" sizes=\"(max-width: 1600px) 100vw, 1600px\" \/><\/figure>\n<\/div>\n<\/div>","protected":false},"excerpt":{"rendered":"<p>Gro\u00dfhandel anpassbare Thermosflaschen, geeignet f\u00fcr den Einsatz in verschiedenen Szenarien wie B\u00fcros, Fitness-Studios und Camping. Die speziell entwickelte Dichtung wird nicht auslaufen, so dass es besser geeignet f\u00fcr Outdoor-Aktivit\u00e4ten. Die effektive Warmhaltezeit betr\u00e4gt mehr als 18 Stunden. Wir unterst\u00fctzen OEM und ODM, bitte kontaktieren Sie uns f\u00fcr ein Angebot.<\/p>\n<h3>Eigenschaften und Vorteile der isolierten Wasserflasche aus Edelstahl<\/h3>\n<p><strong>Ausgezeichnete Isolierleistung:<\/strong> Diese Thermosflasche besteht aus doppelschichtigem Edelstahl, der die Temperaturschwankungen von au\u00dfen wirksam isoliert und daf\u00fcr sorgt, dass hei\u00dfe Getr\u00e4nke stundenlang warm und kalte Getr\u00e4nke k\u00fchl bleiben.<\/p>\n<p><strong>Einfach zu bedienen:<\/strong> Der obere Deckelknopf kann gedr\u00fcckt werden, um Wasser auszugie\u00dfen, was mit einer Hand bedient werden kann, so dass der Benutzer beim Sport oder beim Autofahren bequem trinken kann.<\/p>\n<p><strong>Gute Haltbarkeit:<\/strong> Die Thermosflasche wird in einem anspruchsvollen Verfahren hergestellt, um die Haltbarkeit des Flaschenk\u00f6rpers zu gew\u00e4hrleisten, der auch nach langem Gebrauch nicht leicht besch\u00e4digt werden kann.<\/p>\n<p><strong>Design der Lagerung:<\/strong> Durch sein kompaktes Design nimmt er nur wenig Platz in Koffern und Rucks\u00e4cken ein und l\u00e4sst sich so bequem auf Reisen verstauen.<\/p>\n<p><strong>Humanisiertes Design:<\/strong> Durch die ergonomische Flaschenform liegt die Flasche besser in der Hand und l\u00e4sst sich leichter trinken.<\/p>\n<p><strong>OEM- und ODM-Dienstleistungen:<\/strong> MOYA bietet eine ma\u00dfgeschneiderte L\u00f6sung f\u00fcr Thermosflaschen aus einer Hand. Kunden k\u00f6nnen ihr eigenes Markenlogo auf das Produkt drucken oder ein neues Thermosflaschenprodukt kreieren.<\/p>\n<p><strong><a href=\"https:\/\/moyahousehold.com\/de\/individuelle-losung\/\">Erfahren Sie mehr \u00fcber individuelle Thermosflaschenl\u00f6sungen.<\/a><\/strong><\/p>","protected":false},"featured_media":10378,"comment_status":"closed","ping_status":"closed","template":"","meta":[],"product_cat":[53],"product_tag":[104],"class_list":{"0":"post-10377","1":"product","2":"type-product","3":"status-publish","4":"has-post-thumbnail","6":"product_cat-vacuum-bottle-wholesale","7":"product_tag-wholesale-350ml-insulated-water-bottles","9":"first","10":"instock","11":"shipping-taxable","12":"product-type-simple"},"_links":{"self":[{"href":"https:\/\/moyahousehold.com\/de\/wp-json\/wp\/v2\/product\/10377","targetHints":{"allow":["GET"]}}],"collection":[{"href":"https:\/\/moyahousehold.com\/de\/wp-json\/wp\/v2\/product"}],"about":[{"href":"https:\/\/moyahousehold.com\/de\/wp-json\/wp\/v2\/types\/product"}],"replies":[{"embeddable":true,"href":"https:\/\/moyahousehold.com\/de\/wp-json\/wp\/v2\/comments?post=10377"}],"version-history":[{"count":0,"href":"https:\/\/moyahousehold.com\/de\/wp-json\/wp\/v2\/product\/10377\/revisions"}],"wp:featuredmedia":[{"embeddable":true,"href":"https:\/\/moyahousehold.com\/de\/wp-json\/wp\/v2\/media\/10378"}],"wp:attachment":[{"href":"https:\/\/moyahousehold.com\/de\/wp-json\/wp\/v2\/media?parent=10377"}],"wp:term":[{"taxonomy":"product_cat","embeddable":true,"href":"https:\/\/moyahousehold.com\/de\/wp-json\/wp\/v2\/product_cat?post=10377"},{"taxonomy":"product_tag","embeddable":true,"href":"https:\/\/moyahousehold.com\/de\/wp-json\/wp\/v2\/product_tag?post=10377"}],"curies":[{"name":"wp","href":"https:\/\/api.w.org\/{rel}","templated":true}]}}