{"id":10389,"date":"2025-02-10T23:58:57","date_gmt":"2025-02-08T07:19:18","guid":{"rendered":"https:\/\/moyahousehold.com\/?post_type=product&#038;p=10389"},"modified":"2025-02-11T00:53:34","modified_gmt":"2025-02-11T00:53:34","slug":"wholesale-multi-compartment-lunch-boxes-for-kid","status":"publish","type":"product","link":"https:\/\/moyahousehold.com\/de\/produkt\/wholesale-multi-compartment-lunch-boxes-for-kid\/","title":{"rendered":"Gro\u00dfhandel Multi Compartment Lunch-Boxen, beste Kinder Lunch-Boxen f\u00fcr die Schule, Unterst\u00fctzung OEM und ODM"},"content":{"rendered":"<h2 class=\"wp-block-heading\">Parameter der Multi Compartment Kids' Lunch Box f\u00fcr die Schule<\/h2>\n\n\n\n<p><strong>Material:<\/strong> 304 + PP <strong> Farbe:<\/strong> Schwarz\u3001Wei\u00df<\/p>\n\n\n\n<figure class=\"wp-block-table\"><table class=\"has-fixed-layout\"><tbody><tr><td>Artikel<\/td><td>Kapazit\u00e4t<\/td><td>Gr\u00f6\u00dfe\/PCS<\/td><td>PCS\/Koffer<\/td><td>N.W.\/PCS<\/td><td>G.W.\/Fall<\/td><\/tr><tr><td>MYSK013<\/td><td>5 Raster<\/td><td>27*19.8*6<\/td><td>\/<\/td><td>0.37kg<\/td><td>\/<\/td><\/tr><\/tbody><\/table><\/figure>\n\n\n\n<h3 class=\"wp-block-heading\">Individuelle Lunchbox-Optionen<\/h3>\n\n\n\n<p><strong>Logo<\/strong>: Gestalten Sie Ihr Markenlogo auf der Bento-Box aus Edelstahl und der Verpackung.<br><strong>Logo-Optionen<\/strong>: gedrucktes Logo, lasergraviertes Logo, etc.<br><strong>Muster<\/strong>: Druckmuster auf Produkten und Verpackungen.<br><strong>Drucktechnik<\/strong>Wassertransferdruck, Siebdruck, W\u00e4rmetransferdruck, Sublimationstransfer, etc.<br><strong>Verpackung:<\/strong>Farbkasten.<br><a href=\"https:\/\/moyahousehold.com\/de\/individuelle-losung\/\"><strong>Erfahren Sie mehr \u00fcber individuelle L\u00f6sungen f\u00fcr Lunchpakete.<\/strong><\/a><\/p>\n\n\n\n<div class=\"wp-block-columns is-layout-flex wp-container-core-columns-is-layout-9d6595d7 wp-block-columns-is-layout-flex\">\n<div class=\"wp-block-column is-layout-flow wp-block-column-is-layout-flow\">\n<figure class=\"wp-block-image size-full\"><img fetchpriority=\"high\" decoding=\"async\" width=\"1500\" height=\"1500\" src=\"https:\/\/moyahousehold.com\/wp-content\/uploads\/2025\/02\/wholesale-multi-compartment-lunch-box-for-kid-2.jpg\" alt=\"Gro\u00dfhandel Multi-Fach-Lunch-Box f\u00fcr Kind (2)\" class=\"wp-image-10425\" srcset=\"https:\/\/moyahousehold.com\/wp-content\/uploads\/2025\/02\/wholesale-multi-compartment-lunch-box-for-kid-2.jpg 1500w, https:\/\/moyahousehold.com\/wp-content\/uploads\/2025\/02\/wholesale-multi-compartment-lunch-box-for-kid-2-300x300.jpg 300w, https:\/\/moyahousehold.com\/wp-content\/uploads\/2025\/02\/wholesale-multi-compartment-lunch-box-for-kid-2-150x150.jpg 150w, https:\/\/moyahousehold.com\/wp-content\/uploads\/2025\/02\/wholesale-multi-compartment-lunch-box-for-kid-2-768x768.jpg 768w, https:\/\/moyahousehold.com\/wp-content\/uploads\/2025\/02\/wholesale-multi-compartment-lunch-box-for-kid-2-12x12.jpg 12w, https:\/\/moyahousehold.com\/wp-content\/uploads\/2025\/02\/wholesale-multi-compartment-lunch-box-for-kid-2-285x285.jpg 285w, https:\/\/moyahousehold.com\/wp-content\/uploads\/2025\/02\/wholesale-multi-compartment-lunch-box-for-kid-2-270x270.jpg 270w, https:\/\/moyahousehold.com\/wp-content\/uploads\/2025\/02\/wholesale-multi-compartment-lunch-box-for-kid-2-540x540.jpg 540w, https:\/\/moyahousehold.com\/wp-content\/uploads\/2025\/02\/wholesale-multi-compartment-lunch-box-for-kid-2-660x660.jpg 660w\" sizes=\"(max-width: 1500px) 100vw, 1500px\" \/><\/figure>\n<\/div>\n\n\n\n<div class=\"wp-block-column is-layout-flow wp-block-column-is-layout-flow\">\n<figure class=\"wp-block-image size-full\"><img decoding=\"async\" width=\"1500\" height=\"1500\" src=\"https:\/\/moyahousehold.com\/wp-content\/uploads\/2025\/02\/wholesale-multi-compartment-lunch-box-for-kid-3.jpg\" alt=\"Gro\u00dfhandel Multi-Fach-Lunch-Box f\u00fcr Kind (3)\" class=\"wp-image-10426\" srcset=\"https:\/\/moyahousehold.com\/wp-content\/uploads\/2025\/02\/wholesale-multi-compartment-lunch-box-for-kid-3.jpg 1500w, https:\/\/moyahousehold.com\/wp-content\/uploads\/2025\/02\/wholesale-multi-compartment-lunch-box-for-kid-3-300x300.jpg 300w, https:\/\/moyahousehold.com\/wp-content\/uploads\/2025\/02\/wholesale-multi-compartment-lunch-box-for-kid-3-150x150.jpg 150w, https:\/\/moyahousehold.com\/wp-content\/uploads\/2025\/02\/wholesale-multi-compartment-lunch-box-for-kid-3-768x768.jpg 768w, https:\/\/moyahousehold.com\/wp-content\/uploads\/2025\/02\/wholesale-multi-compartment-lunch-box-for-kid-3-12x12.jpg 12w, https:\/\/moyahousehold.com\/wp-content\/uploads\/2025\/02\/wholesale-multi-compartment-lunch-box-for-kid-3-285x285.jpg 285w, https:\/\/moyahousehold.com\/wp-content\/uploads\/2025\/02\/wholesale-multi-compartment-lunch-box-for-kid-3-270x270.jpg 270w, https:\/\/moyahousehold.com\/wp-content\/uploads\/2025\/02\/wholesale-multi-compartment-lunch-box-for-kid-3-540x540.jpg 540w, https:\/\/moyahousehold.com\/wp-content\/uploads\/2025\/02\/wholesale-multi-compartment-lunch-box-for-kid-3-660x660.jpg 660w\" sizes=\"(max-width: 1500px) 100vw, 1500px\" \/><\/figure>\n<\/div>\n<\/div>\n\n\n\n<div class=\"wp-block-columns is-layout-flex wp-container-core-columns-is-layout-9d6595d7 wp-block-columns-is-layout-flex\">\n<div class=\"wp-block-column is-layout-flow wp-block-column-is-layout-flow\">\n<figure class=\"wp-block-image size-full\"><img decoding=\"async\" width=\"1500\" height=\"1500\" src=\"https:\/\/moyahousehold.com\/wp-content\/uploads\/2025\/02\/wholesale-multi-compartment-lunch-box-for-kid-4.jpg\" alt=\"Gro\u00dfhandel Multi-Fach-Lunch-Box f\u00fcr Kind (4)\" class=\"wp-image-10427\" srcset=\"https:\/\/moyahousehold.com\/wp-content\/uploads\/2025\/02\/wholesale-multi-compartment-lunch-box-for-kid-4.jpg 1500w, https:\/\/moyahousehold.com\/wp-content\/uploads\/2025\/02\/wholesale-multi-compartment-lunch-box-for-kid-4-300x300.jpg 300w, https:\/\/moyahousehold.com\/wp-content\/uploads\/2025\/02\/wholesale-multi-compartment-lunch-box-for-kid-4-150x150.jpg 150w, https:\/\/moyahousehold.com\/wp-content\/uploads\/2025\/02\/wholesale-multi-compartment-lunch-box-for-kid-4-768x768.jpg 768w, https:\/\/moyahousehold.com\/wp-content\/uploads\/2025\/02\/wholesale-multi-compartment-lunch-box-for-kid-4-12x12.jpg 12w, https:\/\/moyahousehold.com\/wp-content\/uploads\/2025\/02\/wholesale-multi-compartment-lunch-box-for-kid-4-285x285.jpg 285w, https:\/\/moyahousehold.com\/wp-content\/uploads\/2025\/02\/wholesale-multi-compartment-lunch-box-for-kid-4-270x270.jpg 270w, https:\/\/moyahousehold.com\/wp-content\/uploads\/2025\/02\/wholesale-multi-compartment-lunch-box-for-kid-4-540x540.jpg 540w, https:\/\/moyahousehold.com\/wp-content\/uploads\/2025\/02\/wholesale-multi-compartment-lunch-box-for-kid-4-660x660.jpg 660w\" sizes=\"(max-width: 1500px) 100vw, 1500px\" \/><\/figure>\n<\/div>\n\n\n\n<div class=\"wp-block-column is-layout-flow wp-block-column-is-layout-flow\">\n<figure class=\"wp-block-image size-full\"><img loading=\"lazy\" decoding=\"async\" width=\"1500\" height=\"1500\" src=\"https:\/\/moyahousehold.com\/wp-content\/uploads\/2025\/02\/wholesale-multi-compartment-lunch-box-for-kid-1.jpg\" alt=\"Gro\u00dfhandel Multi-Fach-Lunch-Box f\u00fcr Kind (1)\" class=\"wp-image-10423\" srcset=\"https:\/\/moyahousehold.com\/wp-content\/uploads\/2025\/02\/wholesale-multi-compartment-lunch-box-for-kid-1.jpg 1500w, https:\/\/moyahousehold.com\/wp-content\/uploads\/2025\/02\/wholesale-multi-compartment-lunch-box-for-kid-1-300x300.jpg 300w, https:\/\/moyahousehold.com\/wp-content\/uploads\/2025\/02\/wholesale-multi-compartment-lunch-box-for-kid-1-150x150.jpg 150w, https:\/\/moyahousehold.com\/wp-content\/uploads\/2025\/02\/wholesale-multi-compartment-lunch-box-for-kid-1-768x768.jpg 768w, https:\/\/moyahousehold.com\/wp-content\/uploads\/2025\/02\/wholesale-multi-compartment-lunch-box-for-kid-1-12x12.jpg 12w, https:\/\/moyahousehold.com\/wp-content\/uploads\/2025\/02\/wholesale-multi-compartment-lunch-box-for-kid-1-285x285.jpg 285w, https:\/\/moyahousehold.com\/wp-content\/uploads\/2025\/02\/wholesale-multi-compartment-lunch-box-for-kid-1-270x270.jpg 270w, https:\/\/moyahousehold.com\/wp-content\/uploads\/2025\/02\/wholesale-multi-compartment-lunch-box-for-kid-1-540x540.jpg 540w, https:\/\/moyahousehold.com\/wp-content\/uploads\/2025\/02\/wholesale-multi-compartment-lunch-box-for-kid-1-660x660.jpg 660w\" sizes=\"(max-width: 1500px) 100vw, 1500px\" \/><\/figure>\n<\/div>\n<\/div>\n\n\n\n<p><\/p>","protected":false},"excerpt":{"rendered":"<p>Gro\u00dfhandel Edelstahl Schule Multi-Fach-Lunch-Box f\u00fcr Kind, perfekt f\u00fcr Portionskontrolle und gesunde Ern\u00e4hrung Ermutigen Sie Kinder, Portionskontrolle zu lernen, w\u00e4hrend sie ihre Mahlzeiten genie\u00dfen. Diese Brotdose ist aus langlebigem, lebensmittelechtem Edelstahl gefertigt, um Sicherheit und Haltbarkeit zu gew\u00e4hrleisten. Als zuverl\u00e4ssiger Hersteller von Brotdosen bietet MOYA anpassbare OEM- und ODM-Dienstleistungen. Wir freuen uns, wenn Sie uns f\u00fcr eine Zusammenarbeit kontaktieren.<\/p>\n<h3>Eigenschaften von Multi Compartment Kids' Lunch Box f\u00fcr die Schule<\/h3>\n<p><strong>Attraktives Design:<\/strong> Die Lunchbox aus Edelstahl mit mehreren F\u00e4chern ist in leuchtenden Farben und mit lustigen Cartoon-Motiven gestaltet, um das Interesse der Kinder an den Mahlzeiten zu wecken und ihnen das Essen schmackhafter zu machen.<\/p>\n<p><strong>Multifunktionale F\u00e4cher:<\/strong> Unsere Lunchbox mit mehreren F\u00e4chern ist mit 2 oder 3 F\u00e4chern erh\u00e4ltlich und verhindert, dass sich die Geschmacksrichtungen vermischen, und f\u00f6rdert eine ausgewogene Ern\u00e4hrung.<\/p>\n<p><strong>Umweltfreundliche und sichere Materialien:<\/strong> Unsere Gro\u00dfhandels-Lunchboxen sind aus 100% lebensmittelechtem Edelstahl gefertigt, ISO- und FDA-zertifiziert und gew\u00e4hrleisten die h\u00f6chsten Gesundheits- und Sicherheitsstandards f\u00fcr Kinder.<\/p>\n<p><strong>Mehrere Auswahlm\u00f6glichkeiten:<\/strong> Unsere Gro\u00dfhandels-Lunchboxen gibt es in einer Vielzahl von Farben, Stilen und Fassungsverm\u00f6gen, um verschiedenen Vorlieben und Altersgruppen gerecht zu werden - perfekt f\u00fcr jedes Kind.<\/p>\n<p><strong>Benutzerfreundliches Design:<\/strong> Der leicht zu \u00f6ffnende Deckel ist f\u00fcr kleine Kinderh\u00e4nde konzipiert, damit sie die Brotdose leicht \u00f6ffnen und schlie\u00dfen k\u00f6nnen. Leicht und kompakt, passt sie problemlos in die Schultasche und ist damit die beste Lunchbox f\u00fcr die Schule.<\/p>\n<p>W\u00e4hlen Sie die MOYA-Edelstahl-Lunchboxen, um Funktionalit\u00e4t, Sicherheit und Spa\u00df f\u00fcr Ihre Kleinen zu kombinieren! Kontaktieren Sie uns noch heute, um Ihre Bestellung aufzugeben.<\/p>","protected":false},"featured_media":10424,"comment_status":"closed","ping_status":"closed","template":"","meta":[],"product_cat":[58],"product_tag":[87,92],"class_list":{"0":"post-10389","1":"product","2":"type-product","3":"status-publish","4":"has-post-thumbnail","6":"product_cat-lunch-box-wholesale","7":"product_tag-wholesale-multi-compartment-lunch-box","8":"product_tag-wholesale-rectangle-lunch-box","10":"first","11":"instock","12":"shipping-taxable","13":"product-type-simple"},"_links":{"self":[{"href":"https:\/\/moyahousehold.com\/de\/wp-json\/wp\/v2\/product\/10389","targetHints":{"allow":["GET"]}}],"collection":[{"href":"https:\/\/moyahousehold.com\/de\/wp-json\/wp\/v2\/product"}],"about":[{"href":"https:\/\/moyahousehold.com\/de\/wp-json\/wp\/v2\/types\/product"}],"replies":[{"embeddable":true,"href":"https:\/\/moyahousehold.com\/de\/wp-json\/wp\/v2\/comments?post=10389"}],"version-history":[{"count":0,"href":"https:\/\/moyahousehold.com\/de\/wp-json\/wp\/v2\/product\/10389\/revisions"}],"wp:featuredmedia":[{"embeddable":true,"href":"https:\/\/moyahousehold.com\/de\/wp-json\/wp\/v2\/media\/10424"}],"wp:attachment":[{"href":"https:\/\/moyahousehold.com\/de\/wp-json\/wp\/v2\/media?parent=10389"}],"wp:term":[{"taxonomy":"product_cat","embeddable":true,"href":"https:\/\/moyahousehold.com\/de\/wp-json\/wp\/v2\/product_cat?post=10389"},{"taxonomy":"product_tag","embeddable":true,"href":"https:\/\/moyahousehold.com\/de\/wp-json\/wp\/v2\/product_tag?post=10389"}],"curies":[{"name":"wp","href":"https:\/\/api.w.org\/{rel}","templated":true}]}}