{"id":10402,"date":"2025-02-11T01:49:42","date_gmt":"2025-02-08T07:52:29","guid":{"rendered":"https:\/\/moyahousehold.com\/?post_type=product&#038;p=10402"},"modified":"2026-04-04T10:09:27","modified_gmt":"2026-04-04T10:09:27","slug":"wholesale-childrens-metal-lunch-box","status":"publish","type":"product","link":"https:\/\/moyahousehold.com\/de\/produkt\/wholesale-childrens-metal-lunch-box\/","title":{"rendered":"Gro\u00dfhandel Kinder Metall Lunch Box, Bulk-Edelstahl niedlich Lunch-Boxen f\u00fcr Jugendliche, Unterst\u00fctzung OEM und ODM"},"content":{"rendered":"<h2 class=\"wp-block-heading\">Parameter der Edelstahl-Lunchbox f\u00fcr Kinder<\/h2>\n\n\n\n<p><strong>Material:<\/strong> 304 + PP + Silicone <strong> Farbe:<\/strong> Beige\/Khaki<\/p>\n\n\n\n<figure class=\"wp-block-table\"><table class=\"has-fixed-layout\"><tbody><tr><td>Artikel<\/td><td>Kapazit\u00e4t<\/td><td>Gr\u00f6\u00dfe\/PCS<\/td><td>PCS\/Koffer<\/td><td>N.W.\/PCS<\/td><td>G.W.\/Fall<\/td><\/tr><tr><td>MYSK012<\/td><td>Single Grid<\/td><td>13.8*10.8*7.3<\/td><td>100<\/td><td>0.2kg<\/td><td>25<\/td><\/tr><\/tbody><\/table><\/figure>\n\n\n\n<h3 class=\"wp-block-heading\">Individuelle Lunchbox-Optionen<\/h3>\n\n\n\n<p><strong>Logo<\/strong>: Customize your brand logo on the stainless steel lunch box and packaging.<br><strong>Logo-Optionen<\/strong>: Printed logo, laser engraved logo, etc.<br><strong>Muster<\/strong>: Druck von individuellen Mustern auf Produkte und Verpackungen.<br><strong>Drucktechnik<\/strong>: Water transfer printing, silk screen printing, heat transfer printing, sublimation transfer, etc.<br><strong>Verpackung:<\/strong> Color box.<br><a href=\"https:\/\/moyahousehold.com\/de\/individuelle-losung\/\"><strong>Erfahren Sie mehr \u00fcber individuelle L\u00f6sungen f\u00fcr Lunchpakete.<\/strong><\/a><\/p>\n\n\n\n<div class=\"wp-block-columns is-layout-flex wp-container-core-columns-is-layout-9d6595d7 wp-block-columns-is-layout-flex\">\n<div class=\"wp-block-column is-layout-flow wp-block-column-is-layout-flow\">\n<figure class=\"wp-block-image size-full\"><img fetchpriority=\"high\" decoding=\"async\" width=\"1500\" height=\"1500\" src=\"https:\/\/moyahousehold.com\/wp-content\/uploads\/2025\/02\/Wholesale-Cute-Childrens-Metal-Lunch-Box-5.jpg\" alt=\"Gro\u00dfhandel niedlich Kinder Metall Lunch-Box (5)\" class=\"wp-image-10446\" srcset=\"https:\/\/moyahousehold.com\/wp-content\/uploads\/2025\/02\/Wholesale-Cute-Childrens-Metal-Lunch-Box-5.jpg 1500w, https:\/\/moyahousehold.com\/wp-content\/uploads\/2025\/02\/Wholesale-Cute-Childrens-Metal-Lunch-Box-5-300x300.jpg 300w, https:\/\/moyahousehold.com\/wp-content\/uploads\/2025\/02\/Wholesale-Cute-Childrens-Metal-Lunch-Box-5-150x150.jpg 150w, https:\/\/moyahousehold.com\/wp-content\/uploads\/2025\/02\/Wholesale-Cute-Childrens-Metal-Lunch-Box-5-768x768.jpg 768w, https:\/\/moyahousehold.com\/wp-content\/uploads\/2025\/02\/Wholesale-Cute-Childrens-Metal-Lunch-Box-5-12x12.jpg 12w, https:\/\/moyahousehold.com\/wp-content\/uploads\/2025\/02\/Wholesale-Cute-Childrens-Metal-Lunch-Box-5-285x285.jpg 285w, https:\/\/moyahousehold.com\/wp-content\/uploads\/2025\/02\/Wholesale-Cute-Childrens-Metal-Lunch-Box-5-270x270.jpg 270w, https:\/\/moyahousehold.com\/wp-content\/uploads\/2025\/02\/Wholesale-Cute-Childrens-Metal-Lunch-Box-5-540x540.jpg 540w, https:\/\/moyahousehold.com\/wp-content\/uploads\/2025\/02\/Wholesale-Cute-Childrens-Metal-Lunch-Box-5-660x660.jpg 660w\" sizes=\"(max-width: 1500px) 100vw, 1500px\" \/><\/figure>\n<\/div>\n\n\n\n<div class=\"wp-block-column is-layout-flow wp-block-column-is-layout-flow\">\n<figure class=\"wp-block-image size-full\"><img decoding=\"async\" width=\"1500\" height=\"1500\" src=\"https:\/\/moyahousehold.com\/wp-content\/uploads\/2025\/02\/Wholesale-Cute-Childrens-Metal-Lunch-Box-6.jpg\" alt=\"Gro\u00dfhandel niedlich Kinder Metall Lunch-Box (6)\" class=\"wp-image-10447\" srcset=\"https:\/\/moyahousehold.com\/wp-content\/uploads\/2025\/02\/Wholesale-Cute-Childrens-Metal-Lunch-Box-6.jpg 1500w, https:\/\/moyahousehold.com\/wp-content\/uploads\/2025\/02\/Wholesale-Cute-Childrens-Metal-Lunch-Box-6-300x300.jpg 300w, https:\/\/moyahousehold.com\/wp-content\/uploads\/2025\/02\/Wholesale-Cute-Childrens-Metal-Lunch-Box-6-150x150.jpg 150w, https:\/\/moyahousehold.com\/wp-content\/uploads\/2025\/02\/Wholesale-Cute-Childrens-Metal-Lunch-Box-6-768x768.jpg 768w, https:\/\/moyahousehold.com\/wp-content\/uploads\/2025\/02\/Wholesale-Cute-Childrens-Metal-Lunch-Box-6-12x12.jpg 12w, https:\/\/moyahousehold.com\/wp-content\/uploads\/2025\/02\/Wholesale-Cute-Childrens-Metal-Lunch-Box-6-285x285.jpg 285w, https:\/\/moyahousehold.com\/wp-content\/uploads\/2025\/02\/Wholesale-Cute-Childrens-Metal-Lunch-Box-6-270x270.jpg 270w, https:\/\/moyahousehold.com\/wp-content\/uploads\/2025\/02\/Wholesale-Cute-Childrens-Metal-Lunch-Box-6-540x540.jpg 540w, https:\/\/moyahousehold.com\/wp-content\/uploads\/2025\/02\/Wholesale-Cute-Childrens-Metal-Lunch-Box-6-660x660.jpg 660w\" sizes=\"(max-width: 1500px) 100vw, 1500px\" \/><\/figure>\n<\/div>\n<\/div>","protected":false},"excerpt":{"rendered":"<p>Entdecken Sie unsere Kollektion niedlicher Lunchboxen f\u00fcr Kinder im Gro\u00dfhandel, die Ihrem Kind Freude und Bequemlichkeit bei den Mahlzeiten bringen. Das Multi-Raster-Design ist ein Werkzeug, um Kindern Portionskontrolle und gesunde Essgewohnheiten beizubringen. Diese Brotdosen sind ideal f\u00fcr Eltern, die etwas suchen, das sowohl praktisch als auch niedlich ist. Wir unterst\u00fctzen OEM und ODM, kontaktieren Sie uns f\u00fcr ein Angebot.<\/p>\n<h3>Eigenschaften der niedlichen Metall-Lunchbox f\u00fcr Kinder<\/h3>\n<p><strong>Niedliches und charmantes Design:<\/strong> Unsere Lunchbox f\u00fcr Kinder aus Metall hat leuchtende Farben und ansprechende Cartoon-Muster, die die Essenszeit spannend machen. Wecken Sie den Appetit Ihrer Kinder und sie werden sich jeden Tag darauf freuen, ihre Brotdose zu \u00f6ffnen!<\/p>\n<p><strong>Hervorragende Fertigungsqualit\u00e4t:<\/strong> Die Cartoon Children's Metal Lunch Box ist aus hochfestem, lebensmittelechtem Edelstahl gefertigt, ISO- und FDA-zertifiziert und sehr langlebig. Das luftdichte Deckeldesign sorgt daf\u00fcr, dass sie 100% auslaufsicher und bruchsicher sind und dem Test des t\u00e4glichen Gebrauchs standhalten k\u00f6nnen.<\/p>\n<p><strong>Mehrere Auswahlm\u00f6glichkeiten:<\/strong> Mit einer Vielzahl von Farben und Stilen gibt es immer eine Brotdose, die den Vorlieben jedes Kindes entspricht. Wir bieten auch Produkte in verschiedenen Gr\u00f6\u00dfen an, um den Bed\u00fcrfnissen von Kindern in verschiedenen Wachstumsphasen gerecht zu werden.<\/p>\n<p><strong>Benutzerfreundliches Design:<\/strong> Unsere Lunchboxen f\u00fcr den Gro\u00dfhandel sind f\u00fcr kleine H\u00e4nde konzipiert, und die Deckel lassen sich leicht \u00f6ffnen, damit die Kinder ihr Essen selbstst\u00e4ndig einnehmen k\u00f6nnen. Sie sind leicht und kompakt und passen bequem in jede Schultasche, so dass sie der perfekte Begleiter f\u00fcr das Mittagessen sind.<\/p>\n<p><strong>MOYAs OEM- und ODM-Dienstleistungen:<\/strong> Wir bei MOYA wissen, dass jedes Kind einzigartig ist und jede Marke ihre eigene Vision hat. Deshalb bieten wir umfassende OEM- und ODM-Dienstleistungen an. Ganz gleich, ob Sie ein Design anpassen, ein Logo hinzuf\u00fcgen oder ein v\u00f6llig neues Konzept erstellen m\u00f6chten, unser Expertenteam wird Ihre Idee in die Tat umsetzen.<\/p>\n<p>Verpassen Sie nicht die Gelegenheit, Ihren Kindern eine Lunchbox zu schenken, die stilvoll, sicher und praktisch ist. Kontaktieren Sie uns noch heute, um Ihre Anforderungen zu besprechen und Ihre Bestellung aufzugeben!<\/p>","protected":false},"featured_media":10442,"comment_status":"closed","ping_status":"closed","template":"","meta":[],"product_cat":[58],"product_tag":[87,92],"class_list":{"0":"post-10402","1":"product","2":"type-product","3":"status-publish","4":"has-post-thumbnail","6":"product_cat-lunch-box-wholesale","7":"product_tag-wholesale-multi-compartment-lunch-box","8":"product_tag-wholesale-rectangle-lunch-box","10":"first","11":"instock","12":"shipping-taxable","13":"product-type-simple"},"_links":{"self":[{"href":"https:\/\/moyahousehold.com\/de\/wp-json\/wp\/v2\/product\/10402","targetHints":{"allow":["GET"]}}],"collection":[{"href":"https:\/\/moyahousehold.com\/de\/wp-json\/wp\/v2\/product"}],"about":[{"href":"https:\/\/moyahousehold.com\/de\/wp-json\/wp\/v2\/types\/product"}],"replies":[{"embeddable":true,"href":"https:\/\/moyahousehold.com\/de\/wp-json\/wp\/v2\/comments?post=10402"}],"version-history":[{"count":2,"href":"https:\/\/moyahousehold.com\/de\/wp-json\/wp\/v2\/product\/10402\/revisions"}],"predecessor-version":[{"id":12610,"href":"https:\/\/moyahousehold.com\/de\/wp-json\/wp\/v2\/product\/10402\/revisions\/12610"}],"wp:featuredmedia":[{"embeddable":true,"href":"https:\/\/moyahousehold.com\/de\/wp-json\/wp\/v2\/media\/10442"}],"wp:attachment":[{"href":"https:\/\/moyahousehold.com\/de\/wp-json\/wp\/v2\/media?parent=10402"}],"wp:term":[{"taxonomy":"product_cat","embeddable":true,"href":"https:\/\/moyahousehold.com\/de\/wp-json\/wp\/v2\/product_cat?post=10402"},{"taxonomy":"product_tag","embeddable":true,"href":"https:\/\/moyahousehold.com\/de\/wp-json\/wp\/v2\/product_tag?post=10402"}],"curies":[{"name":"wp","href":"https:\/\/api.w.org\/{rel}","templated":true}]}}