{"id":10412,"date":"2025-02-11T00:54:01","date_gmt":"2025-02-10T09:04:08","guid":{"rendered":"https:\/\/moyahousehold.com\/?post_type=product&#038;p=10412"},"modified":"2025-02-11T02:45:56","modified_gmt":"2025-02-11T02:45:56","slug":"wholesale-colorful-3-compartment-lunch-box","status":"publish","type":"product","link":"https:\/\/moyahousehold.com\/de\/produkt\/wholesale-colorful-3-compartment-lunch-box\/","title":{"rendered":"Gro\u00dfhandel 3 Compartment Lunch Box, Bulk-Edelstahl bunten Lunch-Box, ideal f\u00fcr B\u00fcro, Schule und Familie Outings"},"content":{"rendered":"<h2 class=\"wp-block-heading\">Parameter der 3-Fach bunte Lunch-Box<\/h2>\n\n\n\n<p><strong>Material:<\/strong> 304 + PP <strong> Farbe:<\/strong> Gelb\u3001Wei\u00df<\/p>\n\n\n\n<figure class=\"wp-block-table\"><table class=\"has-fixed-layout\"><tbody><tr><td>Artikel<\/td><td>Kapazit\u00e4t<\/td><td>Gr\u00f6\u00dfe\/PCS<\/td><\/tr><tr><td>MYJD281<\/td><td>3 Raster<\/td><td>22*17*6<\/td><\/tr><\/tbody><\/table><\/figure>\n\n\n\n<h3 class=\"wp-block-heading\">Individuelle Lunchbox-Optionen<\/h3>\n\n\n\n<p><strong>Logo<\/strong>: Gestalten Sie Ihr Markenlogo auf der Bento-Box aus Edelstahl und der Verpackung.<br><strong>Logo-Optionen<\/strong>: gedrucktes Logo, lasergraviertes Logo, etc.<br><strong>Muster<\/strong>: Druck von kundenspezifischen Mustern auf Produkte und Verpackungen.<br><strong>Drucktechnik<\/strong>Wassertransferdruck, Siebdruck, W\u00e4rmetransferdruck, Sublimationstransfer, etc.<br><strong>Paket<\/strong>: Farbkasten.<br><a href=\"https:\/\/moyahousehold.com\/de\/individuelle-losung\/\"><strong>Erfahren Sie mehr \u00fcber individuelle L\u00f6sungen f\u00fcr Lunchpakete.<\/strong><\/a><\/p>\n\n\n\n<div class=\"wp-block-columns is-layout-flex wp-container-core-columns-is-layout-9d6595d7 wp-block-columns-is-layout-flex\">\n<div class=\"wp-block-column is-layout-flow wp-block-column-is-layout-flow\">\n<figure class=\"wp-block-image size-full\"><img fetchpriority=\"high\" decoding=\"async\" width=\"1500\" height=\"1500\" src=\"https:\/\/moyahousehold.com\/wp-content\/uploads\/2025\/02\/wholesale-coloful-3-compartment-lunch-box-3.jpg\" alt=\"Gro\u00dfhandel coloful 3 Fach Mittagessen Box (3)\" class=\"wp-image-10434\" srcset=\"https:\/\/moyahousehold.com\/wp-content\/uploads\/2025\/02\/wholesale-coloful-3-compartment-lunch-box-3.jpg 1500w, https:\/\/moyahousehold.com\/wp-content\/uploads\/2025\/02\/wholesale-coloful-3-compartment-lunch-box-3-300x300.jpg 300w, https:\/\/moyahousehold.com\/wp-content\/uploads\/2025\/02\/wholesale-coloful-3-compartment-lunch-box-3-150x150.jpg 150w, https:\/\/moyahousehold.com\/wp-content\/uploads\/2025\/02\/wholesale-coloful-3-compartment-lunch-box-3-768x768.jpg 768w, https:\/\/moyahousehold.com\/wp-content\/uploads\/2025\/02\/wholesale-coloful-3-compartment-lunch-box-3-12x12.jpg 12w, https:\/\/moyahousehold.com\/wp-content\/uploads\/2025\/02\/wholesale-coloful-3-compartment-lunch-box-3-285x285.jpg 285w, https:\/\/moyahousehold.com\/wp-content\/uploads\/2025\/02\/wholesale-coloful-3-compartment-lunch-box-3-270x270.jpg 270w, https:\/\/moyahousehold.com\/wp-content\/uploads\/2025\/02\/wholesale-coloful-3-compartment-lunch-box-3-540x540.jpg 540w, https:\/\/moyahousehold.com\/wp-content\/uploads\/2025\/02\/wholesale-coloful-3-compartment-lunch-box-3-660x660.jpg 660w\" sizes=\"(max-width: 1500px) 100vw, 1500px\" \/><\/figure>\n<\/div>\n\n\n\n<div class=\"wp-block-column is-layout-flow wp-block-column-is-layout-flow\">\n<figure class=\"wp-block-image size-full\"><img decoding=\"async\" width=\"1500\" height=\"1500\" src=\"https:\/\/moyahousehold.com\/wp-content\/uploads\/2025\/02\/wholesale-coloful-3-compartment-lunch-box-4.jpg\" alt=\"Gro\u00dfhandel coloful 3 Fach Mittagessen Box (4)\" class=\"wp-image-10435\" srcset=\"https:\/\/moyahousehold.com\/wp-content\/uploads\/2025\/02\/wholesale-coloful-3-compartment-lunch-box-4.jpg 1500w, https:\/\/moyahousehold.com\/wp-content\/uploads\/2025\/02\/wholesale-coloful-3-compartment-lunch-box-4-300x300.jpg 300w, https:\/\/moyahousehold.com\/wp-content\/uploads\/2025\/02\/wholesale-coloful-3-compartment-lunch-box-4-150x150.jpg 150w, https:\/\/moyahousehold.com\/wp-content\/uploads\/2025\/02\/wholesale-coloful-3-compartment-lunch-box-4-768x768.jpg 768w, https:\/\/moyahousehold.com\/wp-content\/uploads\/2025\/02\/wholesale-coloful-3-compartment-lunch-box-4-12x12.jpg 12w, https:\/\/moyahousehold.com\/wp-content\/uploads\/2025\/02\/wholesale-coloful-3-compartment-lunch-box-4-285x285.jpg 285w, https:\/\/moyahousehold.com\/wp-content\/uploads\/2025\/02\/wholesale-coloful-3-compartment-lunch-box-4-270x270.jpg 270w, https:\/\/moyahousehold.com\/wp-content\/uploads\/2025\/02\/wholesale-coloful-3-compartment-lunch-box-4-540x540.jpg 540w, https:\/\/moyahousehold.com\/wp-content\/uploads\/2025\/02\/wholesale-coloful-3-compartment-lunch-box-4-660x660.jpg 660w\" sizes=\"(max-width: 1500px) 100vw, 1500px\" \/><\/figure>\n<\/div>\n<\/div>\n\n\n\n<div class=\"wp-block-columns is-layout-flex wp-container-core-columns-is-layout-9d6595d7 wp-block-columns-is-layout-flex\">\n<div class=\"wp-block-column is-layout-flow wp-block-column-is-layout-flow\">\n<figure class=\"wp-block-image size-full\"><img decoding=\"async\" width=\"1500\" height=\"1500\" src=\"https:\/\/moyahousehold.com\/wp-content\/uploads\/2025\/02\/wholesale-coloful-3-compartment-lunch-box-5.jpg\" alt=\"Gro\u00dfhandel coloful 3 Fach Mittagessen Box (5)\" class=\"wp-image-10436\" srcset=\"https:\/\/moyahousehold.com\/wp-content\/uploads\/2025\/02\/wholesale-coloful-3-compartment-lunch-box-5.jpg 1500w, https:\/\/moyahousehold.com\/wp-content\/uploads\/2025\/02\/wholesale-coloful-3-compartment-lunch-box-5-300x300.jpg 300w, https:\/\/moyahousehold.com\/wp-content\/uploads\/2025\/02\/wholesale-coloful-3-compartment-lunch-box-5-150x150.jpg 150w, https:\/\/moyahousehold.com\/wp-content\/uploads\/2025\/02\/wholesale-coloful-3-compartment-lunch-box-5-768x768.jpg 768w, https:\/\/moyahousehold.com\/wp-content\/uploads\/2025\/02\/wholesale-coloful-3-compartment-lunch-box-5-12x12.jpg 12w, https:\/\/moyahousehold.com\/wp-content\/uploads\/2025\/02\/wholesale-coloful-3-compartment-lunch-box-5-285x285.jpg 285w, https:\/\/moyahousehold.com\/wp-content\/uploads\/2025\/02\/wholesale-coloful-3-compartment-lunch-box-5-270x270.jpg 270w, https:\/\/moyahousehold.com\/wp-content\/uploads\/2025\/02\/wholesale-coloful-3-compartment-lunch-box-5-540x540.jpg 540w, https:\/\/moyahousehold.com\/wp-content\/uploads\/2025\/02\/wholesale-coloful-3-compartment-lunch-box-5-660x660.jpg 660w\" sizes=\"(max-width: 1500px) 100vw, 1500px\" \/><\/figure>\n<\/div>\n\n\n\n<div class=\"wp-block-column is-layout-flow wp-block-column-is-layout-flow\">\n<figure class=\"wp-block-image size-full\"><img loading=\"lazy\" decoding=\"async\" width=\"1500\" height=\"1500\" src=\"https:\/\/moyahousehold.com\/wp-content\/uploads\/2025\/02\/wholesale-coloful-3-compartment-lunch-box-6.jpg\" alt=\"Gro\u00dfhandel coloful 3 Fach Mittagessen Box (6)\" class=\"wp-image-10437\" srcset=\"https:\/\/moyahousehold.com\/wp-content\/uploads\/2025\/02\/wholesale-coloful-3-compartment-lunch-box-6.jpg 1500w, https:\/\/moyahousehold.com\/wp-content\/uploads\/2025\/02\/wholesale-coloful-3-compartment-lunch-box-6-300x300.jpg 300w, https:\/\/moyahousehold.com\/wp-content\/uploads\/2025\/02\/wholesale-coloful-3-compartment-lunch-box-6-150x150.jpg 150w, https:\/\/moyahousehold.com\/wp-content\/uploads\/2025\/02\/wholesale-coloful-3-compartment-lunch-box-6-768x768.jpg 768w, https:\/\/moyahousehold.com\/wp-content\/uploads\/2025\/02\/wholesale-coloful-3-compartment-lunch-box-6-12x12.jpg 12w, https:\/\/moyahousehold.com\/wp-content\/uploads\/2025\/02\/wholesale-coloful-3-compartment-lunch-box-6-285x285.jpg 285w, https:\/\/moyahousehold.com\/wp-content\/uploads\/2025\/02\/wholesale-coloful-3-compartment-lunch-box-6-270x270.jpg 270w, https:\/\/moyahousehold.com\/wp-content\/uploads\/2025\/02\/wholesale-coloful-3-compartment-lunch-box-6-540x540.jpg 540w, https:\/\/moyahousehold.com\/wp-content\/uploads\/2025\/02\/wholesale-coloful-3-compartment-lunch-box-6-660x660.jpg 660w\" sizes=\"(max-width: 1500px) 100vw, 1500px\" \/><\/figure>\n<\/div>\n<\/div>","protected":false},"excerpt":{"rendered":"<p>Gro\u00dfhandel bunte 3-Fach-Lunch-Box, die gut gestaltete Fachsystem erm\u00f6glicht es Benutzern, genau zu portionieren Mahlzeiten, und die erweiterte Verriegelungsdeckel bietet nicht nur eine dichte Abdichtung, um Leckagen zu verhindern, sondern auch widersteht kleinere St\u00f6\u00dfe, so dass es vertrauensw\u00fcrdig im t\u00e4glichen Gebrauch. Unterst\u00fctzung OEM und ODM, MOYA Lunchbox Hersteller bietet Ihnen Gro\u00dfhandel und kundenspezifische Dienstleistungen, kontaktieren Sie uns, um ein Angebot zu erhalten.<\/p>\n<h3><strong>Eigenschaften von Gro\u00dfhandel bunte Lunch-Box<\/strong><\/h3>\n<p><strong>Professionelle \u00c4sthetik:<\/strong> Unsere Lunchboxen f\u00fcr den Gro\u00dfhandel zeichnen sich durch ein minimalistisches und dennoch modernes Design aus, das in jede Umgebung f\u00fcr Erwachsene passt, egal ob es sich um ein Firmenb\u00fcro oder ein Outdoor-Abenteuer handelt. Die dezenten Farben und die glatte Oberfl\u00e4che strahlen Raffinesse aus.<\/p>\n<p><strong>Mehrere F\u00e4cher:<\/strong> Es gibt Lunchboxen mit 2 F\u00e4chern, 3 F\u00e4chern und sogar 4 F\u00e4chern, so dass Sie verschiedene Lebensmittel effektiv trennen k\u00f6nnen.<\/p>\n<p><strong>Hygienisch und nachhaltig:<\/strong> Unsere Gro\u00dfhandels-Lunchbox ist vollst\u00e4ndig aus 100%-Edelstahl gefertigt, leicht zu reinigen und eine umweltfreundliche Alternative zu Einweg-Lunchboxen. Es entspricht auch allen relevanten internationalen Sicherheitszertifizierungen wie CE und LFGB.<\/p>\n<p><strong>Anpassbare Gr\u00f6\u00dfen und Stile:<\/strong> Erh\u00e4ltlich in verschiedenen Gr\u00f6\u00dfen f\u00fcr unterschiedlichen Appetit und Essenspl\u00e4ne. Dar\u00fcber hinaus kann die Lunchbox mit Farbe, Logoplatzierung und sogar der Konfiguration der Innenf\u00e4cher an Ihre speziellen Bed\u00fcrfnisse angepasst werden.<\/p>\n<p><strong>Ergonomisches Design:<\/strong> Der Deckel der Lunchbox f\u00fcr den Gro\u00dfhandel ist mit einem griffigen Mechanismus ausgestattet, so dass sich die Lunchbox auch mit einer Hand leicht \u00f6ffnen und schlie\u00dfen l\u00e4sst. Seine leichte und dennoch robuste Konstruktion macht es einfach, in einer Aktentasche, einem Rucksack oder einer Tragetasche zu tragen.<\/p>\n<p>Entscheiden Sie sich f\u00fcr die MOYA-Edelstahl-Lunchbox, die perfekte Mischung aus Funktionalit\u00e4t, Stil und Sicherheit, um Ihr t\u00e4gliches Essverhalten zu verbessern! Kontaktieren Sie uns noch heute, um individuelle Details zu besprechen und Ihre Bestellung aufzugeben.<\/p>","protected":false},"featured_media":10432,"comment_status":"closed","ping_status":"closed","template":"","meta":[],"product_cat":[58],"product_tag":[87,92],"class_list":{"0":"post-10412","1":"product","2":"type-product","3":"status-publish","4":"has-post-thumbnail","6":"product_cat-lunch-box-wholesale","7":"product_tag-wholesale-multi-compartment-lunch-box","8":"product_tag-wholesale-rectangle-lunch-box","10":"first","11":"instock","12":"shipping-taxable","13":"product-type-simple"},"_links":{"self":[{"href":"https:\/\/moyahousehold.com\/de\/wp-json\/wp\/v2\/product\/10412","targetHints":{"allow":["GET"]}}],"collection":[{"href":"https:\/\/moyahousehold.com\/de\/wp-json\/wp\/v2\/product"}],"about":[{"href":"https:\/\/moyahousehold.com\/de\/wp-json\/wp\/v2\/types\/product"}],"replies":[{"embeddable":true,"href":"https:\/\/moyahousehold.com\/de\/wp-json\/wp\/v2\/comments?post=10412"}],"version-history":[{"count":0,"href":"https:\/\/moyahousehold.com\/de\/wp-json\/wp\/v2\/product\/10412\/revisions"}],"wp:featuredmedia":[{"embeddable":true,"href":"https:\/\/moyahousehold.com\/de\/wp-json\/wp\/v2\/media\/10432"}],"wp:attachment":[{"href":"https:\/\/moyahousehold.com\/de\/wp-json\/wp\/v2\/media?parent=10412"}],"wp:term":[{"taxonomy":"product_cat","embeddable":true,"href":"https:\/\/moyahousehold.com\/de\/wp-json\/wp\/v2\/product_cat?post=10412"},{"taxonomy":"product_tag","embeddable":true,"href":"https:\/\/moyahousehold.com\/de\/wp-json\/wp\/v2\/product_tag?post=10412"}],"curies":[{"name":"wp","href":"https:\/\/api.w.org\/{rel}","templated":true}]}}