{"id":10583,"date":"2025-03-22T07:17:11","date_gmt":"2025-03-14T08:41:33","guid":{"rendered":"https:\/\/moyahousehold.com\/?post_type=product&#038;p=10583"},"modified":"2025-03-22T08:16:58","modified_gmt":"2025-03-22T08:16:58","slug":"wholesale-multi-compartment-bento-boxes-for-kids","status":"publish","type":"product","link":"https:\/\/moyahousehold.com\/de\/produkt\/wholesale-multi-compartment-bento-boxes-for-kids\/","title":{"rendered":"Gro\u00dfhandel Multi Compartment Bento Boxen, beste Edelstahl-Bento-Box f\u00fcr Kinder zur Schule"},"content":{"rendered":"<h2 class=\"wp-block-heading\">Parameter der Multi Compartment Kids' Lunch Box f\u00fcr die Schule<\/h2>\n\n\n\n<p><strong>Material:<\/strong> 304 + PP <strong> Farbe:<\/strong> Schwarz\u3001Khaki\u3001Gelb<\/p>\n\n\n\n<figure class=\"wp-block-table\"><table class=\"has-fixed-layout\"><tbody><tr><td>Artikel<\/td><td>Kapazit\u00e4t<\/td><td>Gr\u00f6\u00dfe\/PCS<\/td><td>PCS\/Koffer<\/td><td>N.W.\/PCS<\/td><td>G.W.\/Fall<\/td><\/tr><tr><td>MYJD284-286<\/td><td>3 Raster<br>4 Raster<br>5 Raster<\/td><td>27*21*8<\/td><td>\/<\/td><td>\/<\/td><td>\/<\/td><\/tr><\/tbody><\/table><\/figure>\n\n\n\n<h3 class=\"wp-block-heading\">Individuelle Lunchbox-Optionen<\/h3>\n\n\n\n<p><strong>Logo<\/strong>: Gestalten Sie Ihr Markenlogo auf der Bento-Box aus Edelstahl und der Verpackung.<br><strong>Logo-Optionen<\/strong>: gedrucktes Logo, lasergraviertes Logo, etc.<br><strong>Muster<\/strong>: Druckmuster auf Produkten und Verpackungen.<br><strong>Drucktechnik<\/strong>Wassertransferdruck, Siebdruck, W\u00e4rmetransferdruck, Sublimationstransfer, etc.<br><strong>Verpackung:<\/strong>Farbkasten.<br><a href=\"https:\/\/moyahousehold.com\/de\/individuelle-losung\/\"><strong>Erfahren Sie mehr \u00fcber individuelle L\u00f6sungen f\u00fcr Lunchpakete.<\/strong><\/a><\/p>\n\n\n\n<div class=\"wp-block-columns is-layout-flex wp-container-core-columns-is-layout-9d6595d7 wp-block-columns-is-layout-flex\">\n<div class=\"wp-block-column is-layout-flow wp-block-column-is-layout-flow\">\n<figure class=\"wp-block-image size-full\"><img fetchpriority=\"high\" decoding=\"async\" width=\"2500\" height=\"2500\" src=\"https:\/\/moyahousehold.com\/wp-content\/uploads\/2025\/03\/Multi-compartment-bento-box-details-1.webp\" alt=\"Bento-Box mit mehreren F\u00e4chern Details (1)\" class=\"wp-image-10615\" srcset=\"https:\/\/moyahousehold.com\/wp-content\/uploads\/2025\/03\/Multi-compartment-bento-box-details-1.webp 2500w, https:\/\/moyahousehold.com\/wp-content\/uploads\/2025\/03\/Multi-compartment-bento-box-details-1-300x300.webp 300w, https:\/\/moyahousehold.com\/wp-content\/uploads\/2025\/03\/Multi-compartment-bento-box-details-1-150x150.webp 150w, https:\/\/moyahousehold.com\/wp-content\/uploads\/2025\/03\/Multi-compartment-bento-box-details-1-768x768.webp 768w, https:\/\/moyahousehold.com\/wp-content\/uploads\/2025\/03\/Multi-compartment-bento-box-details-1-12x12.webp 12w, https:\/\/moyahousehold.com\/wp-content\/uploads\/2025\/03\/Multi-compartment-bento-box-details-1-285x285.webp 285w, https:\/\/moyahousehold.com\/wp-content\/uploads\/2025\/03\/Multi-compartment-bento-box-details-1-1600x1600.webp 1600w, https:\/\/moyahousehold.com\/wp-content\/uploads\/2025\/03\/Multi-compartment-bento-box-details-1-270x270.webp 270w, https:\/\/moyahousehold.com\/wp-content\/uploads\/2025\/03\/Multi-compartment-bento-box-details-1-540x540.webp 540w, https:\/\/moyahousehold.com\/wp-content\/uploads\/2025\/03\/Multi-compartment-bento-box-details-1-660x660.webp 660w\" sizes=\"(max-width: 2500px) 100vw, 2500px\" \/><\/figure>\n<\/div>\n\n\n\n<div class=\"wp-block-column is-layout-flow wp-block-column-is-layout-flow\">\n<figure class=\"wp-block-image size-full\"><img decoding=\"async\" width=\"2500\" height=\"2500\" src=\"https:\/\/moyahousehold.com\/wp-content\/uploads\/2025\/03\/Multi-compartment-bento-box-details-2.webp\" alt=\"Bento-Box mit mehreren F\u00e4chern (2)\" class=\"wp-image-10616\" srcset=\"https:\/\/moyahousehold.com\/wp-content\/uploads\/2025\/03\/Multi-compartment-bento-box-details-2.webp 2500w, https:\/\/moyahousehold.com\/wp-content\/uploads\/2025\/03\/Multi-compartment-bento-box-details-2-300x300.webp 300w, https:\/\/moyahousehold.com\/wp-content\/uploads\/2025\/03\/Multi-compartment-bento-box-details-2-150x150.webp 150w, https:\/\/moyahousehold.com\/wp-content\/uploads\/2025\/03\/Multi-compartment-bento-box-details-2-768x768.webp 768w, https:\/\/moyahousehold.com\/wp-content\/uploads\/2025\/03\/Multi-compartment-bento-box-details-2-12x12.webp 12w, https:\/\/moyahousehold.com\/wp-content\/uploads\/2025\/03\/Multi-compartment-bento-box-details-2-285x285.webp 285w, https:\/\/moyahousehold.com\/wp-content\/uploads\/2025\/03\/Multi-compartment-bento-box-details-2-1600x1600.webp 1600w, https:\/\/moyahousehold.com\/wp-content\/uploads\/2025\/03\/Multi-compartment-bento-box-details-2-270x270.webp 270w, https:\/\/moyahousehold.com\/wp-content\/uploads\/2025\/03\/Multi-compartment-bento-box-details-2-540x540.webp 540w, https:\/\/moyahousehold.com\/wp-content\/uploads\/2025\/03\/Multi-compartment-bento-box-details-2-660x660.webp 660w\" sizes=\"(max-width: 2500px) 100vw, 2500px\" \/><\/figure>\n<\/div>\n<\/div>\n\n\n\n<div class=\"wp-block-columns is-layout-flex wp-container-core-columns-is-layout-9d6595d7 wp-block-columns-is-layout-flex\">\n<div class=\"wp-block-column is-layout-flow wp-block-column-is-layout-flow\">\n<figure class=\"wp-block-image size-full\"><img decoding=\"async\" width=\"2500\" height=\"2500\" src=\"https:\/\/moyahousehold.com\/wp-content\/uploads\/2025\/03\/Multi-compartment-bento-box-details-3.webp\" alt=\"Mehrf\u00e4cher-Bento-Box Details (3)\" class=\"wp-image-10617\" srcset=\"https:\/\/moyahousehold.com\/wp-content\/uploads\/2025\/03\/Multi-compartment-bento-box-details-3.webp 2500w, https:\/\/moyahousehold.com\/wp-content\/uploads\/2025\/03\/Multi-compartment-bento-box-details-3-300x300.webp 300w, https:\/\/moyahousehold.com\/wp-content\/uploads\/2025\/03\/Multi-compartment-bento-box-details-3-150x150.webp 150w, https:\/\/moyahousehold.com\/wp-content\/uploads\/2025\/03\/Multi-compartment-bento-box-details-3-768x768.webp 768w, https:\/\/moyahousehold.com\/wp-content\/uploads\/2025\/03\/Multi-compartment-bento-box-details-3-12x12.webp 12w, https:\/\/moyahousehold.com\/wp-content\/uploads\/2025\/03\/Multi-compartment-bento-box-details-3-285x285.webp 285w, https:\/\/moyahousehold.com\/wp-content\/uploads\/2025\/03\/Multi-compartment-bento-box-details-3-1600x1600.webp 1600w, https:\/\/moyahousehold.com\/wp-content\/uploads\/2025\/03\/Multi-compartment-bento-box-details-3-270x270.webp 270w, https:\/\/moyahousehold.com\/wp-content\/uploads\/2025\/03\/Multi-compartment-bento-box-details-3-540x540.webp 540w, https:\/\/moyahousehold.com\/wp-content\/uploads\/2025\/03\/Multi-compartment-bento-box-details-3-660x660.webp 660w\" sizes=\"(max-width: 2500px) 100vw, 2500px\" \/><\/figure>\n<\/div>\n\n\n\n<div class=\"wp-block-column is-layout-flow wp-block-column-is-layout-flow\">\n<figure class=\"wp-block-image size-full\"><img loading=\"lazy\" decoding=\"async\" width=\"2500\" height=\"2500\" src=\"https:\/\/moyahousehold.com\/wp-content\/uploads\/2025\/03\/Multi-compartment-bento-box-details-4.webp\" alt=\"Mehrf\u00e4cher-Bento-Box Details (4)\" class=\"wp-image-10618\" srcset=\"https:\/\/moyahousehold.com\/wp-content\/uploads\/2025\/03\/Multi-compartment-bento-box-details-4.webp 2500w, https:\/\/moyahousehold.com\/wp-content\/uploads\/2025\/03\/Multi-compartment-bento-box-details-4-300x300.webp 300w, https:\/\/moyahousehold.com\/wp-content\/uploads\/2025\/03\/Multi-compartment-bento-box-details-4-150x150.webp 150w, https:\/\/moyahousehold.com\/wp-content\/uploads\/2025\/03\/Multi-compartment-bento-box-details-4-768x768.webp 768w, https:\/\/moyahousehold.com\/wp-content\/uploads\/2025\/03\/Multi-compartment-bento-box-details-4-12x12.webp 12w, https:\/\/moyahousehold.com\/wp-content\/uploads\/2025\/03\/Multi-compartment-bento-box-details-4-285x285.webp 285w, https:\/\/moyahousehold.com\/wp-content\/uploads\/2025\/03\/Multi-compartment-bento-box-details-4-1600x1600.webp 1600w, https:\/\/moyahousehold.com\/wp-content\/uploads\/2025\/03\/Multi-compartment-bento-box-details-4-270x270.webp 270w, https:\/\/moyahousehold.com\/wp-content\/uploads\/2025\/03\/Multi-compartment-bento-box-details-4-540x540.webp 540w, https:\/\/moyahousehold.com\/wp-content\/uploads\/2025\/03\/Multi-compartment-bento-box-details-4-660x660.webp 660w\" sizes=\"(max-width: 2500px) 100vw, 2500px\" \/><\/figure>\n<\/div>\n<\/div>","protected":false},"excerpt":{"rendered":"<p>Gro\u00dfhandel Multi-Fach-Edelstahl-Bento-Boxen, aus Lebensmittelqualit\u00e4t 304 Edelstahl, mit Multi-Fach-Design f\u00fcr die einfache Klassifizierung von verschiedenen Lebensmitteln, geeignet f\u00fcr Studenten und Mitarbeiter, unterst\u00fctzt OEM &amp; ODM Anpassung, genie\u00dfen Vorzugspreise f\u00fcr Gro\u00dfeink\u00e4ufe, willkommen zu diskutieren Zusammenarbeit!<\/p>\n<h3>Merkmale der mehrteiligen Edelstahl-Lunchbox<\/h3>\n<p>Suchen Sie eine tolle Brotdose f\u00fcr Ihr Kind? Unsere Dosen aus Edelstahl mit mehreren F\u00e4chern sind perfekt!<\/p>\n<p><strong>Lustiges Design:<\/strong> Leuchtende Farben und niedliche Cartoons machen die Mahlzeiten spannend.<br \/><strong>Intelligente F\u00e4cher:<\/strong> 2 oder 3 F\u00e4cher halten Lebensmittel getrennt und helfen bei der Portionskontrolle.<br \/><strong>Sicheres Material:<\/strong> Hergestellt aus lebensmittelechtem Edelstahl 100%, ISO- und FDA-zertifiziert.<br \/><strong>Viele Optionen:<\/strong> Erh\u00e4ltlich in verschiedenen Farben, Ausf\u00fchrungen und Kapazit\u00e4ten.<br \/><strong>Kinderfreundlich:<\/strong> Einfach zu \u00f6ffnender Deckel, leicht und kompakt f\u00fcr die Schultasche.<\/p>\n<p>Personalisierung<br \/>Als f\u00fchrender Hersteller von Lunchboxen bietet MOYA OEM- und ODM-Dienstleistungen an.<br \/>W\u00e4hlen Sie MOYA f\u00fcr ein gesundes, unterhaltsames Mittagessen. Kontaktieren Sie uns zum Anpassen und Bestellen!<\/p>","protected":false},"featured_media":10628,"comment_status":"closed","ping_status":"closed","template":"","meta":[],"product_cat":[58],"product_tag":[87,92],"class_list":{"0":"post-10583","1":"product","2":"type-product","3":"status-publish","4":"has-post-thumbnail","6":"product_cat-lunch-box-wholesale","7":"product_tag-wholesale-multi-compartment-lunch-box","8":"product_tag-wholesale-rectangle-lunch-box","10":"first","11":"instock","12":"shipping-taxable","13":"product-type-simple"},"_links":{"self":[{"href":"https:\/\/moyahousehold.com\/de\/wp-json\/wp\/v2\/product\/10583","targetHints":{"allow":["GET"]}}],"collection":[{"href":"https:\/\/moyahousehold.com\/de\/wp-json\/wp\/v2\/product"}],"about":[{"href":"https:\/\/moyahousehold.com\/de\/wp-json\/wp\/v2\/types\/product"}],"replies":[{"embeddable":true,"href":"https:\/\/moyahousehold.com\/de\/wp-json\/wp\/v2\/comments?post=10583"}],"version-history":[{"count":0,"href":"https:\/\/moyahousehold.com\/de\/wp-json\/wp\/v2\/product\/10583\/revisions"}],"wp:featuredmedia":[{"embeddable":true,"href":"https:\/\/moyahousehold.com\/de\/wp-json\/wp\/v2\/media\/10628"}],"wp:attachment":[{"href":"https:\/\/moyahousehold.com\/de\/wp-json\/wp\/v2\/media?parent=10583"}],"wp:term":[{"taxonomy":"product_cat","embeddable":true,"href":"https:\/\/moyahousehold.com\/de\/wp-json\/wp\/v2\/product_cat?post=10583"},{"taxonomy":"product_tag","embeddable":true,"href":"https:\/\/moyahousehold.com\/de\/wp-json\/wp\/v2\/product_tag?post=10583"}],"curies":[{"name":"wp","href":"https:\/\/api.w.org\/{rel}","templated":true}]}}