{"id":11077,"date":"2025-06-16T02:53:22","date_gmt":"2025-06-16T02:53:22","guid":{"rendered":"https:\/\/moyahousehold.com\/?post_type=product&#038;p=11077"},"modified":"2025-06-17T09:36:49","modified_gmt":"2025-06-17T09:36:49","slug":"wholesale-new-steel-cover-bento-boxes-304-stainless-steel-bento-box-crisper","status":"publish","type":"product","link":"https:\/\/moyahousehold.com\/de\/produkt\/wholesale-new-steel-cover-bento-boxes-304-stainless-steel-bento-box-crisper\/","title":{"rendered":"Gro\u00dfhandel neue Stahl Abdeckung Bento Boxen 304 Edelstahl Bento Box Crisper"},"content":{"rendered":"<p><strong>Material:<\/strong> 304 + PP <strong> Farbe:<\/strong> Schwarz\/Stahl<\/p>\n\n\n\n<figure class=\"wp-block-table\"><table class=\"has-fixed-layout\"><tbody><tr><td>Artikel<\/td><td>Kapazit\u00e4t<\/td><td>Gr\u00f6\u00dfe\/PCS<\/td><td>PCS\/Koffer<\/td><td>N.W.\/PCS<\/td><td>G.W.\/Fall<\/td><\/tr><tr><td>MYJD294<\/td><td>580ml<\/td><td>18.2*12*6.7<\/td><td>80<\/td><td>0.3&nbsp;<\/td><td>22.0&nbsp;<\/td><\/tr><tr><td>MYJD295<\/td><td>880ml<\/td><td>18.2*12*9.2<\/td><td>60<\/td><td>0.3&nbsp;<\/td><td>18.4&nbsp;<\/td><\/tr><tr><td>MYJD296<\/td><td>1180ml<\/td><td>18.2*12*11.6<\/td><td>50<\/td><td>0.4&nbsp;<\/td><td>18.6&nbsp;<\/td><\/tr><tr><td>MYJD297<\/td><td>1000ml<\/td><td>22*15.4*6.7<\/td><td>56<\/td><td>0.4&nbsp;<\/td><td>22.9&nbsp;<\/td><\/tr><tr><td>MYJD298<\/td><td>1600ml<\/td><td>22*15.4*9.2<\/td><td>40<\/td><td>0.4&nbsp;<\/td><td>18.4&nbsp;<\/td><\/tr><tr><td>MYJD299<\/td><td>2100ml<\/td><td>22*15.4*11.6<\/td><td>32<\/td><td>0.5&nbsp;<\/td><td>17.3&nbsp;<\/td><\/tr><tr><td>MYJD300<\/td><td>1500ml<\/td><td>25.7*19*6.7<\/td><td>48<\/td><td>0.5&nbsp;<\/td><td>27.2&nbsp;<\/td><\/tr><tr><td>MYJD301<\/td><td>2300ml<\/td><td>25.7*19*9.2<\/td><td>36<\/td><td>0.6&nbsp;<\/td><td>22.5&nbsp;<\/td><\/tr><tr><td>MYJD302<\/td><td>3100ml<\/td><td>25.7*19*11.6<\/td><td>24<\/td><td>0.7&nbsp;<\/td><td>17.4&nbsp;<\/td><\/tr><tr><td>MYJD303<\/td><td>1100ml<\/td><td>19.2*19.2*6.7<\/td><td>60<\/td><td>0.41&nbsp;<\/td><td>25.72&nbsp;<\/td><\/tr><tr><td>MYJD304<\/td><td>1700ml<\/td><td>19.2*19.2*9.2<\/td><td>36<\/td><td>0.44&nbsp;<\/td><td>16.88&nbsp;<\/td><\/tr><tr><td>MYJD305<\/td><td>2300ml<\/td><td>19.2*19.2*11.6<\/td><td>24<\/td><td>0.52&nbsp;<\/td><td>13.36&nbsp;<\/td><\/tr><tr><td>MYJD306<\/td><td>450ml<\/td><td>15*15*6.3<\/td><td>80<\/td><td>0.22&nbsp;<\/td><td>18.28&nbsp;<\/td><\/tr><tr><td>MYJD307<\/td><td>680ml<\/td><td>15*15*8.7<\/td><td>56<\/td><td>0.24&nbsp;<\/td><td>14.66&nbsp;<\/td><\/tr><tr><td>MYJD308<\/td><td>900ml<\/td><td>15*15*10.8<\/td><td>40<\/td><td>0.27&nbsp;<\/td><td>11.80&nbsp;<\/td><\/tr><\/tbody><\/table><\/figure>\n\n\n\n<h3 class=\"wp-block-heading\">Individuelle Lunchbox-Optionen<\/h3>\n\n\n\n<p><strong>Logo<\/strong>: Gestalten Sie Ihr Markenlogo auf der Bento-Box aus Edelstahl und der Verpackung.<br><strong>Logo-Optionen<\/strong>: gedrucktes Logo, lasergraviertes Logo, etc.<br><strong>Muster<\/strong>: Druckmuster auf Produkten und Verpackungen.<br><strong>Drucktechnik<\/strong>Wassertransferdruck, Siebdruck, W\u00e4rmetransferdruck, Sublimationstransfer, etc.<br><strong>Verpackung:<\/strong>Farbkasten.<br><a href=\"https:\/\/moyahousehold.com\/de\/individuelle-losung\/\"><strong>Erfahren Sie mehr \u00fcber individuelle L\u00f6sungen f\u00fcr Lunchpakete.<\/strong><\/a><\/p>\n\n\n\n<div class=\"wp-block-columns is-layout-flex wp-container-core-columns-is-layout-9d6595d7 wp-block-columns-is-layout-flex\">\n<div class=\"wp-block-column is-layout-flow wp-block-column-is-layout-flow\">\n<figure class=\"wp-block-image size-full\"><img fetchpriority=\"high\" decoding=\"async\" width=\"3702\" height=\"3702\" src=\"https:\/\/moyahousehold.com\/wp-content\/uploads\/2025\/06\/Steel-Cover-Storage-Box-17_\u526f\u672c.webp\" alt=\"Stahldeckel-Stapelbox\" class=\"wp-image-11094\" srcset=\"https:\/\/moyahousehold.com\/wp-content\/uploads\/2025\/06\/Steel-Cover-Storage-Box-17_\u526f\u672c.webp 3702w, https:\/\/moyahousehold.com\/wp-content\/uploads\/2025\/06\/Steel-Cover-Storage-Box-17_\u526f\u672c-300x300.webp 300w, https:\/\/moyahousehold.com\/wp-content\/uploads\/2025\/06\/Steel-Cover-Storage-Box-17_\u526f\u672c-150x150.webp 150w, https:\/\/moyahousehold.com\/wp-content\/uploads\/2025\/06\/Steel-Cover-Storage-Box-17_\u526f\u672c-768x768.webp 768w, https:\/\/moyahousehold.com\/wp-content\/uploads\/2025\/06\/Steel-Cover-Storage-Box-17_\u526f\u672c-12x12.webp 12w, https:\/\/moyahousehold.com\/wp-content\/uploads\/2025\/06\/Steel-Cover-Storage-Box-17_\u526f\u672c-285x285.webp 285w, https:\/\/moyahousehold.com\/wp-content\/uploads\/2025\/06\/Steel-Cover-Storage-Box-17_\u526f\u672c-1600x1600.webp 1600w, https:\/\/moyahousehold.com\/wp-content\/uploads\/2025\/06\/Steel-Cover-Storage-Box-17_\u526f\u672c-270x270.webp 270w, https:\/\/moyahousehold.com\/wp-content\/uploads\/2025\/06\/Steel-Cover-Storage-Box-17_\u526f\u672c-540x540.webp 540w, https:\/\/moyahousehold.com\/wp-content\/uploads\/2025\/06\/Steel-Cover-Storage-Box-17_\u526f\u672c-660x660.webp 660w\" sizes=\"(max-width: 3702px) 100vw, 3702px\" \/><\/figure>\n<\/div>\n\n\n\n<div class=\"wp-block-column is-layout-flow wp-block-column-is-layout-flow\">\n<figure class=\"wp-block-image size-full\"><img decoding=\"async\" width=\"4160\" height=\"4160\" src=\"https:\/\/moyahousehold.com\/wp-content\/uploads\/2025\/06\/Steel-Cover-Storage-Box-19_\u526f\u672c.webp\" alt=\"Stahldeckel-Stapelbox\" class=\"wp-image-11096\" srcset=\"https:\/\/moyahousehold.com\/wp-content\/uploads\/2025\/06\/Steel-Cover-Storage-Box-19_\u526f\u672c.webp 4160w, https:\/\/moyahousehold.com\/wp-content\/uploads\/2025\/06\/Steel-Cover-Storage-Box-19_\u526f\u672c-300x300.webp 300w, https:\/\/moyahousehold.com\/wp-content\/uploads\/2025\/06\/Steel-Cover-Storage-Box-19_\u526f\u672c-150x150.webp 150w, https:\/\/moyahousehold.com\/wp-content\/uploads\/2025\/06\/Steel-Cover-Storage-Box-19_\u526f\u672c-768x768.webp 768w, https:\/\/moyahousehold.com\/wp-content\/uploads\/2025\/06\/Steel-Cover-Storage-Box-19_\u526f\u672c-12x12.webp 12w, https:\/\/moyahousehold.com\/wp-content\/uploads\/2025\/06\/Steel-Cover-Storage-Box-19_\u526f\u672c-285x285.webp 285w, https:\/\/moyahousehold.com\/wp-content\/uploads\/2025\/06\/Steel-Cover-Storage-Box-19_\u526f\u672c-1600x1600.webp 1600w, https:\/\/moyahousehold.com\/wp-content\/uploads\/2025\/06\/Steel-Cover-Storage-Box-19_\u526f\u672c-270x270.webp 270w, https:\/\/moyahousehold.com\/wp-content\/uploads\/2025\/06\/Steel-Cover-Storage-Box-19_\u526f\u672c-540x540.webp 540w, https:\/\/moyahousehold.com\/wp-content\/uploads\/2025\/06\/Steel-Cover-Storage-Box-19_\u526f\u672c-660x660.webp 660w\" sizes=\"(max-width: 4160px) 100vw, 4160px\" \/><\/figure>\n<\/div>\n<\/div>\n\n\n\n<div class=\"wp-block-columns is-layout-flex wp-container-core-columns-is-layout-9d6595d7 wp-block-columns-is-layout-flex\">\n<div class=\"wp-block-column is-layout-flow wp-block-column-is-layout-flow\">\n<figure class=\"wp-block-image size-full\"><img decoding=\"async\" width=\"4093\" height=\"4093\" src=\"https:\/\/moyahousehold.com\/wp-content\/uploads\/2025\/06\/Steel-Cover-Storage-Box-18_\u526f\u672c.webp\" alt=\"Stahldeckel-Stapelbox\" class=\"wp-image-11095\" srcset=\"https:\/\/moyahousehold.com\/wp-content\/uploads\/2025\/06\/Steel-Cover-Storage-Box-18_\u526f\u672c.webp 4093w, https:\/\/moyahousehold.com\/wp-content\/uploads\/2025\/06\/Steel-Cover-Storage-Box-18_\u526f\u672c-300x300.webp 300w, https:\/\/moyahousehold.com\/wp-content\/uploads\/2025\/06\/Steel-Cover-Storage-Box-18_\u526f\u672c-150x150.webp 150w, https:\/\/moyahousehold.com\/wp-content\/uploads\/2025\/06\/Steel-Cover-Storage-Box-18_\u526f\u672c-768x768.webp 768w, https:\/\/moyahousehold.com\/wp-content\/uploads\/2025\/06\/Steel-Cover-Storage-Box-18_\u526f\u672c-12x12.webp 12w, https:\/\/moyahousehold.com\/wp-content\/uploads\/2025\/06\/Steel-Cover-Storage-Box-18_\u526f\u672c-285x285.webp 285w, https:\/\/moyahousehold.com\/wp-content\/uploads\/2025\/06\/Steel-Cover-Storage-Box-18_\u526f\u672c-1600x1600.webp 1600w, https:\/\/moyahousehold.com\/wp-content\/uploads\/2025\/06\/Steel-Cover-Storage-Box-18_\u526f\u672c-270x270.webp 270w, https:\/\/moyahousehold.com\/wp-content\/uploads\/2025\/06\/Steel-Cover-Storage-Box-18_\u526f\u672c-540x540.webp 540w, https:\/\/moyahousehold.com\/wp-content\/uploads\/2025\/06\/Steel-Cover-Storage-Box-18_\u526f\u672c-660x660.webp 660w\" sizes=\"(max-width: 4093px) 100vw, 4093px\" \/><\/figure>\n<\/div>\n\n\n\n<div class=\"wp-block-column is-layout-flow wp-block-column-is-layout-flow\">\n<figure class=\"wp-block-image size-full\"><img loading=\"lazy\" decoding=\"async\" width=\"3593\" height=\"3593\" src=\"https:\/\/moyahousehold.com\/wp-content\/uploads\/2025\/06\/Steel-Cover-Storage-Box-16_\u526f\u672c.webp\" alt=\"Stahldeckel-Stapelbox\" class=\"wp-image-11093\" srcset=\"https:\/\/moyahousehold.com\/wp-content\/uploads\/2025\/06\/Steel-Cover-Storage-Box-16_\u526f\u672c.webp 3593w, https:\/\/moyahousehold.com\/wp-content\/uploads\/2025\/06\/Steel-Cover-Storage-Box-16_\u526f\u672c-300x300.webp 300w, https:\/\/moyahousehold.com\/wp-content\/uploads\/2025\/06\/Steel-Cover-Storage-Box-16_\u526f\u672c-150x150.webp 150w, https:\/\/moyahousehold.com\/wp-content\/uploads\/2025\/06\/Steel-Cover-Storage-Box-16_\u526f\u672c-768x768.webp 768w, https:\/\/moyahousehold.com\/wp-content\/uploads\/2025\/06\/Steel-Cover-Storage-Box-16_\u526f\u672c-12x12.webp 12w, https:\/\/moyahousehold.com\/wp-content\/uploads\/2025\/06\/Steel-Cover-Storage-Box-16_\u526f\u672c-285x285.webp 285w, https:\/\/moyahousehold.com\/wp-content\/uploads\/2025\/06\/Steel-Cover-Storage-Box-16_\u526f\u672c-1600x1600.webp 1600w, https:\/\/moyahousehold.com\/wp-content\/uploads\/2025\/06\/Steel-Cover-Storage-Box-16_\u526f\u672c-270x270.webp 270w, https:\/\/moyahousehold.com\/wp-content\/uploads\/2025\/06\/Steel-Cover-Storage-Box-16_\u526f\u672c-540x540.webp 540w, https:\/\/moyahousehold.com\/wp-content\/uploads\/2025\/06\/Steel-Cover-Storage-Box-16_\u526f\u672c-660x660.webp 660w\" sizes=\"(max-width: 3593px) 100vw, 3593px\" \/><\/figure>\n<\/div>\n<\/div>\n\n\n\n<p><\/p>","protected":false},"excerpt":{"rendered":"<h3 class=\"header-OdWb_u auto-hide-last-sibling-br\">Gro\u00dfhandel Edelstahl-Konservierungsbeh\u00e4lter mit Stahldeckeln - versiegelte Frische, anpassbare L\u00f6sungen<\/h3>\n<h4 class=\"header-OdWb_u auto-hide-last-sibling-br\">Zentrale Produktvorteile<\/h4>\n<div class=\"auto-hide-last-sibling-br paragraph-Oc488D paragraph-element br-paragraph-space\"><strong>Lebensmittelgeeignetes Material aus Edelstahl<\/strong><br class=\"container-Vdm5p7 wrapper-_7axQ_ undefined\" \/>Hergestellt aus hochwertigem, lebensmittelechtem Edelstahl, der von ma\u00dfgeblichen Institutionen zertifiziert ist und keine Giftstoffe, Korrosionsbest\u00e4ndigkeit und Geruchsneutralit\u00e4t gew\u00e4hrleistet. Leicht zu reinigen und sicher f\u00fcr den direkten Kontakt mit Lebensmitteln, um die Gesundheit zu sch\u00fctzen.<\/div>\n<div>\u00a0<\/div>\n<div class=\"auto-hide-last-sibling-br paragraph-Oc488D paragraph-element br-paragraph-space\"><strong>Hocheffizientes versiegeltes Stahldeckeldesign<\/strong><br class=\"container-Vdm5p7 wrapper-_7axQ_ undefined\" \/>Ausgestattet mit einem dicht schlie\u00dfenden Stahldeckel und einem Silikondichtungsring, der einen stark luftdichten Raum bildet. Blockiert effektiv Luft und Feuchtigkeit, verhindert die Vermischung von Ger\u00fcchen und den Verderb von Lebensmitteln und verl\u00e4ngert die Frische erheblich. Beh\u00e4lt die Lebensmittelqualit\u00e4t bei, egal ob gek\u00fchlt oder bei Raumtemperatur gelagert.<\/div>\n<div>\u00a0<\/div>\n<div class=\"auto-hide-last-sibling-br paragraph-Oc488D paragraph-element br-paragraph-space\"><strong>Verschiedene Gr\u00f6\u00dfen und Spezifikationen<\/strong><br class=\"container-Vdm5p7 wrapper-_7axQ_ undefined\" \/>Bietet eine gro\u00dfe Auswahl an Gr\u00f6\u00dfen und Fassungsverm\u00f6gen - von Mini-Beh\u00e4ltern f\u00fcr So\u00dfen\/Snacks bis hin zu gro\u00dfen Beh\u00e4ltern f\u00fcr die Aufbewahrung von Familienmahlzeiten. Passt sich an unterschiedliche Aufbewahrungsszenarien an und erf\u00fcllt verschiedene Nutzungsanforderungen.<\/div>\n<div>\u00a0<\/div>\n<div class=\"auto-hide-last-sibling-br paragraph-Oc488D paragraph-element br-paragraph-space\"><strong>Anpassungsdienste<\/strong><br class=\"container-Vdm5p7 wrapper-_7axQ_ undefined\" \/>Unterst\u00fctzt OEM- und ODM-Anpassung: ma\u00dfgeschneiderte Stahldeckelmuster, Beh\u00e4lterfarben, Markenlogos usw. Perfekt f\u00fcr den personalisierten Heimgebrauch, Firmengeschenke oder Werbeartikel, um exklusive Produkte zu schaffen, die mit dem Markenimage \u00fcbereinstimmen.<\/div>\n<div>\u00a0<\/div>\n<div class=\"auto-hide-last-sibling-br paragraph-Oc488D paragraph-element br-paragraph-space\"><strong>Rabatte bei Gro\u00dfeinkauf<\/strong><br class=\"container-Vdm5p7 wrapper-_7axQ_ undefined\" \/>Bietet attraktive Preise f\u00fcr Gro\u00dfh\u00e4ndler, Einzelh\u00e4ndler und Firmenkunden. Gr\u00f6\u00dfere Bestellungen bedeuten h\u00f6here Rabatte, mit flexiblen Kooperationsmodellen zur Senkung der Beschaffungskosten.<\/div>","protected":false},"featured_media":11089,"comment_status":"closed","ping_status":"closed","template":"","meta":[],"product_cat":[57],"product_tag":[87,92],"class_list":{"0":"post-11077","1":"product","2":"type-product","3":"status-publish","4":"has-post-thumbnail","6":"product_cat-food-storage-container-wholesale","7":"product_tag-wholesale-multi-compartment-lunch-box","8":"product_tag-wholesale-rectangle-lunch-box","10":"first","11":"instock","12":"shipping-taxable","13":"product-type-simple"},"_links":{"self":[{"href":"https:\/\/moyahousehold.com\/de\/wp-json\/wp\/v2\/product\/11077","targetHints":{"allow":["GET"]}}],"collection":[{"href":"https:\/\/moyahousehold.com\/de\/wp-json\/wp\/v2\/product"}],"about":[{"href":"https:\/\/moyahousehold.com\/de\/wp-json\/wp\/v2\/types\/product"}],"replies":[{"embeddable":true,"href":"https:\/\/moyahousehold.com\/de\/wp-json\/wp\/v2\/comments?post=11077"}],"version-history":[{"count":0,"href":"https:\/\/moyahousehold.com\/de\/wp-json\/wp\/v2\/product\/11077\/revisions"}],"wp:featuredmedia":[{"embeddable":true,"href":"https:\/\/moyahousehold.com\/de\/wp-json\/wp\/v2\/media\/11089"}],"wp:attachment":[{"href":"https:\/\/moyahousehold.com\/de\/wp-json\/wp\/v2\/media?parent=11077"}],"wp:term":[{"taxonomy":"product_cat","embeddable":true,"href":"https:\/\/moyahousehold.com\/de\/wp-json\/wp\/v2\/product_cat?post=11077"},{"taxonomy":"product_tag","embeddable":true,"href":"https:\/\/moyahousehold.com\/de\/wp-json\/wp\/v2\/product_tag?post=11077"}],"curies":[{"name":"wp","href":"https:\/\/api.w.org\/{rel}","templated":true}]}}