{"id":11178,"date":"2025-06-28T09:54:27","date_gmt":"2025-06-28T09:54:27","guid":{"rendered":"https:\/\/moyahousehold.com\/?post_type=product&#038;p=11178"},"modified":"2025-06-28T10:05:03","modified_gmt":"2025-06-28T10:05:03","slug":"304-stainless-steel-portable-bento-lunch-box-with-compartment-for-working-adults","status":"publish","type":"product","link":"https:\/\/moyahousehold.com\/de\/produkt\/304-stainless-steel-portable-bento-lunch-box-with-compartment-for-working-adults\/","title":{"rendered":"304 Edelstahl Portable Bento Lunch Box mit Fach f\u00fcr arbeitende Erwachsene"},"content":{"rendered":"<h2 class=\"wp-block-heading\">Parameter der Multi Compartment Kids' Lunch Box f\u00fcr die Schule<\/h2>\n\n\n\n<p><strong>Material:<\/strong> 304 + PP <strong> Farbe:<\/strong> Schwarz\u3001Khaki\u3001Rosa\u3001Gr\u00fcn<\/p>\n\n\n\n<figure class=\"wp-block-table\"><table class=\"has-fixed-layout\"><tbody><tr><td>Artikel<\/td><td>Kapazit\u00e4t<\/td><td>Gr\u00f6\u00dfe\/PCS<\/td><td>PCS\/Koffer<\/td><td>N.W.\/PCS<\/td><td>G.W.\/Fall<\/td><\/tr><tr><td>MYJD412<\/td><td>4 Roste+Suppensch\u00fcssel<\/td><td>27.3*19*7.2<\/td><td>36<\/td><td>0.7<\/td><td>27.2<\/td><\/tr><tr><td>MYJD413<\/td><td>5 Roste+Suppensch\u00fcssel<\/td><td>27.3*19*7.2<\/td><td>36<\/td><td>0.7<\/td><td>27.2<\/td><\/tr><\/tbody><\/table><\/figure>\n\n\n\n<h3 class=\"wp-block-heading\">Individuelle Lunchbox-Optionen<\/h3>\n\n\n\n<p><strong>Logo<\/strong>: Gestalten Sie Ihr Markenlogo auf der Bento-Box aus Edelstahl und der Verpackung.<br><strong>Logo-Optionen<\/strong>: gedrucktes Logo, lasergraviertes Logo, etc.<br><strong>Muster<\/strong>: Druckmuster auf Produkten und Verpackungen.<br><strong>Drucktechnik<\/strong>Wassertransferdruck, Siebdruck, W\u00e4rmetransferdruck, Sublimationstransfer, etc.<br><strong>Verpackung:<\/strong>Farbkasten.<br><a href=\"https:\/\/moyahousehold.com\/de\/individuelle-losung\/\"><strong>Erfahren Sie mehr \u00fcber individuelle L\u00f6sungen f\u00fcr Lunchpakete.<\/strong><\/a><\/p>\n\n\n\n<div class=\"wp-block-columns is-layout-flex wp-container-core-columns-is-layout-9d6595d7 wp-block-columns-is-layout-flex\">\n<div class=\"wp-block-column is-layout-flow wp-block-column-is-layout-flow\">\n<figure class=\"wp-block-image size-full\"><img fetchpriority=\"high\" decoding=\"async\" width=\"3575\" height=\"3575\" src=\"https:\/\/moyahousehold.com\/wp-content\/uploads\/2025\/06\/Stainless-Steel-Lunch-Box-2.webp\" alt=\"Lunchbox aus Edelstahl\" class=\"wp-image-11195\" srcset=\"https:\/\/moyahousehold.com\/wp-content\/uploads\/2025\/06\/Stainless-Steel-Lunch-Box-2.webp 3575w, https:\/\/moyahousehold.com\/wp-content\/uploads\/2025\/06\/Stainless-Steel-Lunch-Box-2-300x300.webp 300w, https:\/\/moyahousehold.com\/wp-content\/uploads\/2025\/06\/Stainless-Steel-Lunch-Box-2-150x150.webp 150w, https:\/\/moyahousehold.com\/wp-content\/uploads\/2025\/06\/Stainless-Steel-Lunch-Box-2-768x768.webp 768w, https:\/\/moyahousehold.com\/wp-content\/uploads\/2025\/06\/Stainless-Steel-Lunch-Box-2-12x12.webp 12w, https:\/\/moyahousehold.com\/wp-content\/uploads\/2025\/06\/Stainless-Steel-Lunch-Box-2-285x285.webp 285w, https:\/\/moyahousehold.com\/wp-content\/uploads\/2025\/06\/Stainless-Steel-Lunch-Box-2-1600x1600.webp 1600w, https:\/\/moyahousehold.com\/wp-content\/uploads\/2025\/06\/Stainless-Steel-Lunch-Box-2-270x270.webp 270w, https:\/\/moyahousehold.com\/wp-content\/uploads\/2025\/06\/Stainless-Steel-Lunch-Box-2-540x540.webp 540w, https:\/\/moyahousehold.com\/wp-content\/uploads\/2025\/06\/Stainless-Steel-Lunch-Box-2-660x660.webp 660w\" sizes=\"(max-width: 3575px) 100vw, 3575px\" \/><\/figure>\n<\/div>\n\n\n\n<div class=\"wp-block-column is-layout-flow wp-block-column-is-layout-flow\">\n<figure class=\"wp-block-image size-full\"><img decoding=\"async\" width=\"3235\" height=\"3235\" src=\"https:\/\/moyahousehold.com\/wp-content\/uploads\/2025\/06\/Stainless-Steel-Lunch-Box-4.webp\" alt=\"Lunchbox aus Edelstahl\" class=\"wp-image-11197\" srcset=\"https:\/\/moyahousehold.com\/wp-content\/uploads\/2025\/06\/Stainless-Steel-Lunch-Box-4.webp 3235w, https:\/\/moyahousehold.com\/wp-content\/uploads\/2025\/06\/Stainless-Steel-Lunch-Box-4-300x300.webp 300w, https:\/\/moyahousehold.com\/wp-content\/uploads\/2025\/06\/Stainless-Steel-Lunch-Box-4-150x150.webp 150w, https:\/\/moyahousehold.com\/wp-content\/uploads\/2025\/06\/Stainless-Steel-Lunch-Box-4-768x768.webp 768w, https:\/\/moyahousehold.com\/wp-content\/uploads\/2025\/06\/Stainless-Steel-Lunch-Box-4-12x12.webp 12w, https:\/\/moyahousehold.com\/wp-content\/uploads\/2025\/06\/Stainless-Steel-Lunch-Box-4-285x285.webp 285w, https:\/\/moyahousehold.com\/wp-content\/uploads\/2025\/06\/Stainless-Steel-Lunch-Box-4-1600x1600.webp 1600w, https:\/\/moyahousehold.com\/wp-content\/uploads\/2025\/06\/Stainless-Steel-Lunch-Box-4-270x270.webp 270w, https:\/\/moyahousehold.com\/wp-content\/uploads\/2025\/06\/Stainless-Steel-Lunch-Box-4-540x540.webp 540w, https:\/\/moyahousehold.com\/wp-content\/uploads\/2025\/06\/Stainless-Steel-Lunch-Box-4-660x660.webp 660w\" sizes=\"(max-width: 3235px) 100vw, 3235px\" \/><\/figure>\n<\/div>\n<\/div>\n\n\n\n<div class=\"wp-block-columns is-layout-flex wp-container-core-columns-is-layout-9d6595d7 wp-block-columns-is-layout-flex\">\n<div class=\"wp-block-column is-layout-flow wp-block-column-is-layout-flow\">\n<figure class=\"wp-block-image size-full\"><img decoding=\"async\" width=\"3608\" height=\"3608\" src=\"https:\/\/moyahousehold.com\/wp-content\/uploads\/2025\/06\/Stainless-Steel-Lunch-Box-5.webp\" alt=\"Lunchbox aus Edelstahl\" class=\"wp-image-11198\" srcset=\"https:\/\/moyahousehold.com\/wp-content\/uploads\/2025\/06\/Stainless-Steel-Lunch-Box-5.webp 3608w, https:\/\/moyahousehold.com\/wp-content\/uploads\/2025\/06\/Stainless-Steel-Lunch-Box-5-300x300.webp 300w, https:\/\/moyahousehold.com\/wp-content\/uploads\/2025\/06\/Stainless-Steel-Lunch-Box-5-150x150.webp 150w, https:\/\/moyahousehold.com\/wp-content\/uploads\/2025\/06\/Stainless-Steel-Lunch-Box-5-768x768.webp 768w, https:\/\/moyahousehold.com\/wp-content\/uploads\/2025\/06\/Stainless-Steel-Lunch-Box-5-12x12.webp 12w, https:\/\/moyahousehold.com\/wp-content\/uploads\/2025\/06\/Stainless-Steel-Lunch-Box-5-285x285.webp 285w, https:\/\/moyahousehold.com\/wp-content\/uploads\/2025\/06\/Stainless-Steel-Lunch-Box-5-1600x1600.webp 1600w, https:\/\/moyahousehold.com\/wp-content\/uploads\/2025\/06\/Stainless-Steel-Lunch-Box-5-270x270.webp 270w, https:\/\/moyahousehold.com\/wp-content\/uploads\/2025\/06\/Stainless-Steel-Lunch-Box-5-540x540.webp 540w, https:\/\/moyahousehold.com\/wp-content\/uploads\/2025\/06\/Stainless-Steel-Lunch-Box-5-660x660.webp 660w\" sizes=\"(max-width: 3608px) 100vw, 3608px\" \/><\/figure>\n<\/div>\n\n\n\n<div class=\"wp-block-column is-layout-flow wp-block-column-is-layout-flow\">\n<figure class=\"wp-block-image size-full\"><img loading=\"lazy\" decoding=\"async\" width=\"3575\" height=\"3575\" src=\"https:\/\/moyahousehold.com\/wp-content\/uploads\/2025\/06\/Stainless-Steel-Lunch-Box-3.webp\" alt=\"Lunchbox aus Edelstahl\" class=\"wp-image-11196\" srcset=\"https:\/\/moyahousehold.com\/wp-content\/uploads\/2025\/06\/Stainless-Steel-Lunch-Box-3.webp 3575w, https:\/\/moyahousehold.com\/wp-content\/uploads\/2025\/06\/Stainless-Steel-Lunch-Box-3-300x300.webp 300w, https:\/\/moyahousehold.com\/wp-content\/uploads\/2025\/06\/Stainless-Steel-Lunch-Box-3-150x150.webp 150w, https:\/\/moyahousehold.com\/wp-content\/uploads\/2025\/06\/Stainless-Steel-Lunch-Box-3-768x768.webp 768w, https:\/\/moyahousehold.com\/wp-content\/uploads\/2025\/06\/Stainless-Steel-Lunch-Box-3-12x12.webp 12w, https:\/\/moyahousehold.com\/wp-content\/uploads\/2025\/06\/Stainless-Steel-Lunch-Box-3-285x285.webp 285w, https:\/\/moyahousehold.com\/wp-content\/uploads\/2025\/06\/Stainless-Steel-Lunch-Box-3-1600x1600.webp 1600w, https:\/\/moyahousehold.com\/wp-content\/uploads\/2025\/06\/Stainless-Steel-Lunch-Box-3-270x270.webp 270w, https:\/\/moyahousehold.com\/wp-content\/uploads\/2025\/06\/Stainless-Steel-Lunch-Box-3-540x540.webp 540w, https:\/\/moyahousehold.com\/wp-content\/uploads\/2025\/06\/Stainless-Steel-Lunch-Box-3-660x660.webp 660w\" sizes=\"(max-width: 3575px) 100vw, 3575px\" \/><\/figure>\n<\/div>\n<\/div>","protected":false},"excerpt":{"rendered":"<div class=\"inter-tejLiY\">\n<div class=\"container-Cxy479\">\n<div class=\"item-InGWJf\">\n<div class=\"container-S3UiLA chrome70-container\">\n<div class=\"inner-Jx6WFr inner-item-WP6NRr\" data-target-id=\"message-box-target-id\" data-testid=\"union_message\">\n<div class=\"message-block-container-yay_EG\" data-testid=\"message-block-container\">\n<div class=\"flex flex-row w-full w-full max-w-full s-font-base text-s-color-text-secondary p-0 rounded-s-radius-s bg-transparent group data-[attr=select-mode]:-mt-10 data-[attr=select-mode]:py-10 data-[attr=select-mode]:px-16 data-[attr=select-mode]:sm:p-10 data-[attr=select-mode]:hover:bg-s-color-bg-base data-[attr=select-mode]:hover:rounded-s-radius-xs data-[attr=select-mode]:has-[:checked]:bg-s-color-bg-base data-[attr=select-mode]:has-[:checked]:rounded-s-radius-xs data-[attr=select-mode]:pointer-events-none\" data-testid=\"receive_message\">\n<div class=\"flex flex-col flex-grow max-w-full min-w-0\">\n<div class=\"flex flex-row w-full\" data-testid=\"message_content\" data-message-id=\"10338114480324610\">\n<div class=\"w-full\" data-plugin-identifier=\"Symbol(infra:receive-message-box:text)\">\n<div class=\"container-n4oTXW flow-markdown-body theme-samantha-qFInyN text-content-nhvb3V\" dir=\"ltr\" data-testid=\"message_text_content\" data-show-indicator=\"false\">\n<h3 class=\"header-ZWWO7s auto-hide-last-sibling-br\">Gro\u00dfhandel Multi-Compartment Edelstahl Bento Boxen<\/h3>\n<div class=\"auto-hide-last-sibling-br paragraph-jgxDqs paragraph-element br-paragraph-space\"><strong>Hochwertige Qualit\u00e4t und praktisches Design<\/strong><br class=\"container-sJOC95 wrapper-Blebgw undefined\" \/>Diese aus lebensmittelechtem Edelstahl 304 gefertigten Bento-Boxen verf\u00fcgen \u00fcber mehrere F\u00e4cher, die eine einfache Klassifizierung der verschiedenen Lebensmittel erm\u00f6glichen. Sie sind ideal f\u00fcr Studenten und B\u00fcroangestellte und sorgen daf\u00fcr, dass die Mahlzeiten frisch, geordnet und ohne Unordnung bleiben. Mit Gro\u00dfabnehmerrabatten und Unterst\u00fctzung f\u00fcr OEM- und ODM-Anpassungen freuen wir uns auf die Zusammenarbeit mit Ihnen, um Ihre spezifischen Anforderungen zu erf\u00fcllen.<\/div>\n<h3 class=\"header-ZWWO7s auto-hide-last-sibling-br\">Merkmale der mehrteiligen Edelstahl-Lunchbox<\/h3>\n<h4 class=\"header-ZWWO7s auto-hide-last-sibling-br\">1.\u00a0<strong>Lustiges Design<\/strong><\/h4>\n<ul class=\"auto-hide-last-sibling-br\">\n<li>Kr\u00e4ftige Farben und niedliche Cartoon-Muster machen die Mahlzeit zu einem aufregenden Erlebnis, besonders f\u00fcr Kinder.<\/li>\n<li>Eine ansprechende \u00c4sthetik macht Lunchboxen attraktiv und f\u00f6rdert gesunde Essgewohnheiten.<\/li>\n<\/ul>\n<h4 class=\"header-ZWWO7s auto-hide-last-sibling-br\">2.\u00a0<strong>Smart Compartment System<\/strong><\/h4>\n<ul class=\"auto-hide-last-sibling-br\">\n<li>In 2 oder 3 separaten F\u00e4chern werden Gerichte wie Salate, Hauptgerichte und Snacks getrennt aufbewahrt, so dass sich die Aromen nicht vermischen.<\/li>\n<li>Hilft bei der Portionskontrolle und eignet sich daher f\u00fcr ausgewogene Di\u00e4ten und Ern\u00e4hrungsmanagement.<\/li>\n<\/ul>\n<h4 class=\"header-ZWWO7s auto-hide-last-sibling-br\">3.\u00a0<strong>Sicheres und zertifiziertes Material<\/strong><\/h4>\n<ul class=\"auto-hide-last-sibling-br\">\n<li>Hergestellt aus lebensmittelechtem Edelstahl 100%, frei von BPA und sch\u00e4dlichen Chemikalien.<\/li>\n<li>ISO- und FDA-zertifiziert, um die Einhaltung internationaler Lebensmittelsicherheitsstandards zu gew\u00e4hrleisten.<\/li>\n<\/ul>\n<h4 class=\"header-ZWWO7s auto-hide-last-sibling-br\">4.\u00a0<strong>Vielf\u00e4ltige Optionen<\/strong><\/h4>\n<ul class=\"auto-hide-last-sibling-br\">\n<li>Erh\u00e4ltlich in verschiedenen Farben (z. B. blau, rosa, gr\u00fcn), Stilen (minimalistisch oder verspielt) und Fassungsverm\u00f6gen (500ml-1500ml).<\/li>\n<li>Das vielseitige Design eignet sich f\u00fcr verschiedene Altersgruppen und Nutzungsszenarien, von der Schule bis zur Arbeit.<\/li>\n<\/ul>\n<h4 class=\"header-ZWWO7s auto-hide-last-sibling-br\">5.\u00a0<strong>Kinderfreundliche Details<\/strong><\/h4>\n<ul class=\"auto-hide-last-sibling-br\">\n<li>Leicht zu \u00f6ffnende Deckel f\u00fcr kleine H\u00e4nde, um Frustrationen w\u00e4hrend der Mahlzeit zu vermeiden.<\/li>\n<li>Leicht und kompakt, passt nahtlos in Schultaschen oder Rucks\u00e4cke, ohne aufzutragen.<\/li>\n<\/ul>\n<h3 class=\"header-ZWWO7s auto-hide-last-sibling-br\">Anpassungsdienste<\/h3>\n<div class=\"auto-hide-last-sibling-br paragraph-jgxDqs paragraph-element br-paragraph-space\">Als ein f\u00fchrender Hersteller von Lunchboxen bietet MOYA umfassende\u00a0<strong>OEM- und ODM-L\u00f6sungen<\/strong>:<\/div>\n<p><br class=\"container-sJOC95 wrapper-Blebgw undefined\" \/><\/p>\n<ul class=\"auto-hide-last-sibling-br\">\n<li><strong>OEM<\/strong>: Passen Sie Logos, Drucke oder Verpackungen an Ihre Markenidentit\u00e4t an.<\/li>\n<li><strong>ODM<\/strong>: Arbeiten Sie am Produktdesign mit, von der Anordnung der F\u00e4cher bis hin zu den Materialoberfl\u00e4chen, um einzigartige, marktgerechte L\u00f6sungen zu schaffen.<\/li>\n<\/ul>\n<p>&nbsp;<\/p>\n<\/div>\n<\/div>\n<\/div>\n<\/div>\n<\/div>\n<\/div>\n<\/div>\n<\/div>\n<\/div>\n<\/div>\n<\/div>","protected":false},"featured_media":11199,"comment_status":"closed","ping_status":"closed","template":"","meta":[],"product_cat":[58],"product_tag":[87,92],"class_list":{"0":"post-11178","1":"product","2":"type-product","3":"status-publish","4":"has-post-thumbnail","6":"product_cat-lunch-box-wholesale","7":"product_tag-wholesale-multi-compartment-lunch-box","8":"product_tag-wholesale-rectangle-lunch-box","10":"first","11":"instock","12":"shipping-taxable","13":"product-type-simple"},"_links":{"self":[{"href":"https:\/\/moyahousehold.com\/de\/wp-json\/wp\/v2\/product\/11178","targetHints":{"allow":["GET"]}}],"collection":[{"href":"https:\/\/moyahousehold.com\/de\/wp-json\/wp\/v2\/product"}],"about":[{"href":"https:\/\/moyahousehold.com\/de\/wp-json\/wp\/v2\/types\/product"}],"replies":[{"embeddable":true,"href":"https:\/\/moyahousehold.com\/de\/wp-json\/wp\/v2\/comments?post=11178"}],"version-history":[{"count":0,"href":"https:\/\/moyahousehold.com\/de\/wp-json\/wp\/v2\/product\/11178\/revisions"}],"wp:featuredmedia":[{"embeddable":true,"href":"https:\/\/moyahousehold.com\/de\/wp-json\/wp\/v2\/media\/11199"}],"wp:attachment":[{"href":"https:\/\/moyahousehold.com\/de\/wp-json\/wp\/v2\/media?parent=11178"}],"wp:term":[{"taxonomy":"product_cat","embeddable":true,"href":"https:\/\/moyahousehold.com\/de\/wp-json\/wp\/v2\/product_cat?post=11178"},{"taxonomy":"product_tag","embeddable":true,"href":"https:\/\/moyahousehold.com\/de\/wp-json\/wp\/v2\/product_tag?post=11178"}],"curies":[{"name":"wp","href":"https:\/\/api.w.org\/{rel}","templated":true}]}}