{"id":11204,"date":"2025-06-28T10:18:29","date_gmt":"2025-06-28T10:07:19","guid":{"rendered":"https:\/\/moyahousehold.com\/?post_type=product&#038;p=11204"},"modified":"2025-06-28T10:19:44","modified_gmt":"2025-06-28T10:19:44","slug":"new-style-food-grade-sealed-container-lunch-box-tiffin-bento-lunch-box-with-lid","status":"publish","type":"product","link":"https:\/\/moyahousehold.com\/de\/produkt\/new-style-food-grade-sealed-container-lunch-box-tiffin-bento-lunch-box-with-lid\/","title":{"rendered":"New-style Food Grade Sealed Container Lunch Box Tiffin Bento Lunch Box mit Deckel"},"content":{"rendered":"<h2 class=\"wp-block-heading\">Parameter der stapelbaren runden Brotdose<\/h2>\n\n\n\n<p><strong>Material:<\/strong>316\/304\/Keramik\/Glas + PP <strong> Farbe:<\/strong>Rot\/Khaki\/Gr\u00fcn\/Gelb<\/p>\n\n\n\n<figure class=\"wp-block-table\"><table class=\"has-fixed-layout\"><tbody><tr><td>Artikel<\/td><td>Material<\/td><td>Kapazit\u00e4t<\/td><td>Gr\u00f6\u00dfe\/PCS<\/td><td>PCS\/Koffer<\/td><td>N.W.\/PCS<\/td><td>G.W.\/Fall<\/td><\/tr><tr><td>MYSK014<\/td><td rowspan=\"5\">PP+Silikon+<br>Keramik<\/td><td>420ml<\/td><td>13.3*13.3*7.7<\/td><td>60<\/td><td>0.42<\/td><td>27.2&nbsp;<\/td><\/tr><tr><td>MYSK015<\/td><td>600ml<\/td><td>13.3*13.3*10.2<\/td><td>48<\/td><td>0.5<\/td><td>26.0&nbsp;<\/td><\/tr><tr><td>MYSK016<\/td><td>Zwei Packungen \u00e0 1020ml<br>(1 gro\u00dfer 1 kleiner + Isoliertasche)<\/td><td>14.3*14.3*18<\/td><td>20<\/td><td>1<\/td><td>22.0&nbsp;<\/td><\/tr><tr><td>MYSK017<\/td><td>1440ml in 3 Packungen<br>(1 gro\u00dfer 2 kleine + isolierte Tasche)<\/td><td>14.3*14.3*25<\/td><td>16<\/td><td>1.5<\/td><td>26.0&nbsp;<\/td><\/tr><tr><td>MYSK018<\/td><td>Vier Packungen mit 2040ml<br>(2 gro\u00dfe 2 kleine + Isoliertasche)<\/td><td>27.5*14.5*17.8<\/td><td>12<\/td><td>2<\/td><td>26.0&nbsp;<\/td><\/tr><tr><td>MYSK019<\/td><td rowspan=\"5\">PP+Silikon+Glas<\/td><td>420ml<\/td><td>13.3*13.3*7.7<\/td><td>60<\/td><td>0.26<\/td><td>17.6&nbsp;<\/td><\/tr><tr><td>MYSK020<\/td><td>600ml<\/td><td>13.3*13.3*10.2<\/td><td>48<\/td><td>0.32<\/td><td>17.4&nbsp;<\/td><\/tr><tr><td>MYSK021<\/td><td>Zwei Packungen \u00e0 1020ml<br>(1 gro\u00dfer 1 kleiner + Isoliertasche)<\/td><td>14.3*14.3*18<\/td><td>20<\/td><td>0.68<\/td><td>15.6&nbsp;<\/td><\/tr><tr><td>MYSK022<\/td><td>1440ml in 3 Packungen<br>(1 gro\u00dfer 2 kleine + isolierte Tasche)<\/td><td>14.3*14.3*25<\/td><td>16<\/td><td>0.96<\/td><td>17.4&nbsp;<\/td><\/tr><tr><td>MYSK023<\/td><td>Vier Packungen mit 2040ml<br>(2 gro\u00dfe 2 kleine + Isoliertasche)<\/td><td>27.5*14.5*17.8<\/td><td>12<\/td><td>1.3<\/td><td>17.6&nbsp;<\/td><\/tr><tr><td>MYSK024<\/td><td rowspan=\"5\">PP+Silikon+<br>304<\/td><td>420ml<\/td><td>13.3*13.3*7.7<\/td><td>60<\/td><td>0.2<\/td><td>14.0&nbsp;<\/td><\/tr><tr><td>MYSK025<\/td><td>600ml<\/td><td>13.3*13.3*10.2<\/td><td>48<\/td><td>0.23<\/td><td>13.0&nbsp;<\/td><\/tr><tr><td>MYSK026<\/td><td>Zwei Packungen \u00e0 1020ml<br>(1 gro\u00dfer 1 kleiner + Isoliertasche)<\/td><td>14.3*14.3*18<\/td><td>20<\/td><td>0.54<\/td><td>12.8&nbsp;<\/td><\/tr><tr><td>MYSK027<\/td><td>1440ml in 3 Packungen<br>(1 gro\u00dfer 2 kleine + isolierte Tasche)<\/td><td>14.3*14.3*25<\/td><td>16<\/td><td>0.75<\/td><td>14.0&nbsp;<\/td><\/tr><tr><td>MYSK028<\/td><td>Vier Packungen mit 2040ml<br>(2 gro\u00dfe 2 kleine + Isoliertasche)<\/td><td>27.5*14.5*17.8<\/td><td>12<\/td><td>1<\/td><td>14.0&nbsp;<\/td><\/tr><tr><td>MYSK029<\/td><td rowspan=\"5\">PP+Silikon+<br>316<\/td><td>420ml<\/td><td>13.3*13.3*7.7<\/td><td>60<\/td><td>0.2<\/td><td>14.0&nbsp;<\/td><\/tr><tr><td>MYSK030<\/td><td>600ml<\/td><td>13.3*13.3*10.2<\/td><td>48<\/td><td>0.23<\/td><td>13.0&nbsp;<\/td><\/tr><tr><td>MYSK031<\/td><td>Zwei Packungen \u00e0 1020ml<br>(1 gro\u00dfer 1 kleiner + Isoliertasche)<\/td><td>14.3*14.3*18<\/td><td>20<\/td><td>0.54<\/td><td>12.8&nbsp;<\/td><\/tr><tr><td>MYSK032<\/td><td>1440ml in 3 Packungen<br>(1 gro\u00dfer 2 kleine + isolierte Tasche)<\/td><td>14.3*14.3*25<\/td><td>16<\/td><td>0.75<\/td><td>14.0&nbsp;<\/td><\/tr><tr><td>MYSK033<\/td><td>Vier Packungen mit 2040ml<br>(2 gro\u00dfe 2 kleine + Isoliertasche)<\/td><td>27.5*14.5*17.8<\/td><td>12<\/td><td>1<\/td><td>14.0&nbsp;<\/td><\/tr><\/tbody><\/table><\/figure>\n\n\n\n<h3 class=\"wp-block-heading\">Ma\u00dfgeschneiderte Lunchbox Optionen<\/h3>\n\n\n\n<p><strong>Logo: <\/strong>Gestalten Sie Ihr Markenlogo auf Bento-Boxen und Verpackungen.<br><strong>Logo-Optionen:<\/strong> gedrucktes Logo, lasergraviertes Logo, usw.<br><strong>Muster: <\/strong>Druckmuster <br><strong>Drucktechnik: <\/strong>Wassertransferdruck, Siebdruck, W\u00e4rmetransferdruck, Sublimationstransfer, etc.<br><strong>Verpackung: <\/strong>Farbkasten<br><a href=\"https:\/\/moyahousehold.com\/de\/individuelle-losung\/\"><strong>Erfahren Sie mehr \u00fcber ma\u00dfgeschneiderte Bento-Box-L\u00f6sungen<\/strong><\/a><\/p>\n\n\n\n<div class=\"wp-block-columns is-layout-flex wp-container-core-columns-is-layout-9d6595d7 wp-block-columns-is-layout-flex\">\n<div class=\"wp-block-column is-layout-flow wp-block-column-is-layout-flow\">\n<figure class=\"wp-block-image size-full\"><img fetchpriority=\"high\" decoding=\"async\" width=\"3933\" height=\"3933\" src=\"https:\/\/moyahousehold.com\/wp-content\/uploads\/2025\/06\/Detachable-lunch-box-13.webp\" alt=\"Abnehmbare Brotdose\" class=\"wp-image-11191\" srcset=\"https:\/\/moyahousehold.com\/wp-content\/uploads\/2025\/06\/Detachable-lunch-box-13.webp 3933w, https:\/\/moyahousehold.com\/wp-content\/uploads\/2025\/06\/Detachable-lunch-box-13-300x300.webp 300w, https:\/\/moyahousehold.com\/wp-content\/uploads\/2025\/06\/Detachable-lunch-box-13-150x150.webp 150w, https:\/\/moyahousehold.com\/wp-content\/uploads\/2025\/06\/Detachable-lunch-box-13-768x768.webp 768w, https:\/\/moyahousehold.com\/wp-content\/uploads\/2025\/06\/Detachable-lunch-box-13-12x12.webp 12w, https:\/\/moyahousehold.com\/wp-content\/uploads\/2025\/06\/Detachable-lunch-box-13-285x285.webp 285w, https:\/\/moyahousehold.com\/wp-content\/uploads\/2025\/06\/Detachable-lunch-box-13-1600x1600.webp 1600w, https:\/\/moyahousehold.com\/wp-content\/uploads\/2025\/06\/Detachable-lunch-box-13-270x270.webp 270w, https:\/\/moyahousehold.com\/wp-content\/uploads\/2025\/06\/Detachable-lunch-box-13-540x540.webp 540w, https:\/\/moyahousehold.com\/wp-content\/uploads\/2025\/06\/Detachable-lunch-box-13-660x660.webp 660w\" sizes=\"(max-width: 3933px) 100vw, 3933px\" \/><\/figure>\n<\/div>\n\n\n\n<div class=\"wp-block-column is-layout-flow wp-block-column-is-layout-flow\">\n<figure class=\"wp-block-image size-full\"><img decoding=\"async\" width=\"3849\" height=\"3849\" src=\"https:\/\/moyahousehold.com\/wp-content\/uploads\/2025\/06\/Detachable-lunch-box-1.webp\" alt=\"Abnehmbare Brotdose\" class=\"wp-image-11179\" srcset=\"https:\/\/moyahousehold.com\/wp-content\/uploads\/2025\/06\/Detachable-lunch-box-1.webp 3849w, https:\/\/moyahousehold.com\/wp-content\/uploads\/2025\/06\/Detachable-lunch-box-1-300x300.webp 300w, https:\/\/moyahousehold.com\/wp-content\/uploads\/2025\/06\/Detachable-lunch-box-1-150x150.webp 150w, https:\/\/moyahousehold.com\/wp-content\/uploads\/2025\/06\/Detachable-lunch-box-1-768x768.webp 768w, https:\/\/moyahousehold.com\/wp-content\/uploads\/2025\/06\/Detachable-lunch-box-1-12x12.webp 12w, https:\/\/moyahousehold.com\/wp-content\/uploads\/2025\/06\/Detachable-lunch-box-1-285x285.webp 285w, https:\/\/moyahousehold.com\/wp-content\/uploads\/2025\/06\/Detachable-lunch-box-1-1600x1600.webp 1600w, https:\/\/moyahousehold.com\/wp-content\/uploads\/2025\/06\/Detachable-lunch-box-1-270x270.webp 270w, https:\/\/moyahousehold.com\/wp-content\/uploads\/2025\/06\/Detachable-lunch-box-1-540x540.webp 540w, https:\/\/moyahousehold.com\/wp-content\/uploads\/2025\/06\/Detachable-lunch-box-1-660x660.webp 660w\" sizes=\"(max-width: 3849px) 100vw, 3849px\" \/><\/figure>\n<\/div>\n<\/div>\n\n\n\n<div class=\"wp-block-columns is-layout-flex wp-container-core-columns-is-layout-9d6595d7 wp-block-columns-is-layout-flex\">\n<div class=\"wp-block-column is-layout-flow wp-block-column-is-layout-flow\">\n<figure class=\"wp-block-image size-full\"><img decoding=\"async\" width=\"3798\" height=\"3798\" src=\"https:\/\/moyahousehold.com\/wp-content\/uploads\/2025\/06\/Detachable-lunch-box-15.webp\" alt=\"Abnehmbare Brotdose\" class=\"wp-image-11193\" srcset=\"https:\/\/moyahousehold.com\/wp-content\/uploads\/2025\/06\/Detachable-lunch-box-15.webp 3798w, https:\/\/moyahousehold.com\/wp-content\/uploads\/2025\/06\/Detachable-lunch-box-15-300x300.webp 300w, https:\/\/moyahousehold.com\/wp-content\/uploads\/2025\/06\/Detachable-lunch-box-15-150x150.webp 150w, https:\/\/moyahousehold.com\/wp-content\/uploads\/2025\/06\/Detachable-lunch-box-15-768x768.webp 768w, https:\/\/moyahousehold.com\/wp-content\/uploads\/2025\/06\/Detachable-lunch-box-15-12x12.webp 12w, https:\/\/moyahousehold.com\/wp-content\/uploads\/2025\/06\/Detachable-lunch-box-15-285x285.webp 285w, https:\/\/moyahousehold.com\/wp-content\/uploads\/2025\/06\/Detachable-lunch-box-15-1600x1600.webp 1600w, https:\/\/moyahousehold.com\/wp-content\/uploads\/2025\/06\/Detachable-lunch-box-15-270x270.webp 270w, https:\/\/moyahousehold.com\/wp-content\/uploads\/2025\/06\/Detachable-lunch-box-15-540x540.webp 540w, https:\/\/moyahousehold.com\/wp-content\/uploads\/2025\/06\/Detachable-lunch-box-15-660x660.webp 660w\" sizes=\"(max-width: 3798px) 100vw, 3798px\" \/><\/figure>\n<\/div>\n\n\n\n<div class=\"wp-block-column is-layout-flow wp-block-column-is-layout-flow\">\n<figure class=\"wp-block-image size-full\"><img loading=\"lazy\" decoding=\"async\" width=\"3813\" height=\"3813\" src=\"https:\/\/moyahousehold.com\/wp-content\/uploads\/2025\/06\/Detachable-lunch-box-14.webp\" alt=\"Abnehmbare Brotdose\" class=\"wp-image-11192\" srcset=\"https:\/\/moyahousehold.com\/wp-content\/uploads\/2025\/06\/Detachable-lunch-box-14.webp 3813w, https:\/\/moyahousehold.com\/wp-content\/uploads\/2025\/06\/Detachable-lunch-box-14-300x300.webp 300w, https:\/\/moyahousehold.com\/wp-content\/uploads\/2025\/06\/Detachable-lunch-box-14-150x150.webp 150w, https:\/\/moyahousehold.com\/wp-content\/uploads\/2025\/06\/Detachable-lunch-box-14-768x768.webp 768w, https:\/\/moyahousehold.com\/wp-content\/uploads\/2025\/06\/Detachable-lunch-box-14-12x12.webp 12w, https:\/\/moyahousehold.com\/wp-content\/uploads\/2025\/06\/Detachable-lunch-box-14-285x285.webp 285w, https:\/\/moyahousehold.com\/wp-content\/uploads\/2025\/06\/Detachable-lunch-box-14-1600x1600.webp 1600w, https:\/\/moyahousehold.com\/wp-content\/uploads\/2025\/06\/Detachable-lunch-box-14-270x270.webp 270w, https:\/\/moyahousehold.com\/wp-content\/uploads\/2025\/06\/Detachable-lunch-box-14-540x540.webp 540w, https:\/\/moyahousehold.com\/wp-content\/uploads\/2025\/06\/Detachable-lunch-box-14-660x660.webp 660w\" sizes=\"(max-width: 3813px) 100vw, 3813px\" \/><\/figure>\n<\/div>\n<\/div>","protected":false},"excerpt":{"rendered":"<h3 class=\"header-ZWWO7s auto-hide-last-sibling-br\">Gro\u00dfhandel abnehmbare Liner Lunch-Boxen mit Keramik, Glas &amp; Edelstahl-Optionen<\/h3>\n<div class=\"auto-hide-last-sibling-br paragraph-jgxDqs paragraph-element br-paragraph-space\">Entdecken Sie unsere vielseitigen Lunchboxen mit herausnehmbaren Beuteln aus Premium-Keramik, Glas und Edelstahl, die f\u00fcr einen modernen Lebensstil entwickelt wurden, der Funktionalit\u00e4t, Hygiene und Stil erfordert. Diese Lunchboxen eignen sich perfekt f\u00fcr die Zubereitung von Mahlzeiten, f\u00fcr das Essen unterwegs oder f\u00fcr umweltbewusste Verbraucher und verbinden Langlebigkeit mit einfacher Pflege. Wir bieten Gro\u00dfhandelspreise und einen umfassenden Anpassungsservice f\u00fcr Gro\u00dfbestellungen - kontaktieren Sie uns, um die M\u00f6glichkeiten einer Partnerschaft zu erkunden!<\/div>\n<h3 class=\"header-ZWWO7s auto-hide-last-sibling-br\">Hauptmerkmale und Vorteile<\/h3>\n<h4 class=\"header-ZWWO7s auto-hide-last-sibling-br\">1.\u00a0<strong>Herausnehmbare Einlagen aus Tri-Material<\/strong><\/h4>\n<ul class=\"auto-hide-last-sibling-br\">\n<li><strong>Keramische Auskleidung<\/strong>:\n<ul class=\"auto-hide-last-sibling-br\">\n<li>Die porenfreie, kratzfeste Oberfl\u00e4che verhindert die Aufnahme von Lebensmittelger\u00fcchen und -geschmack.<\/li>\n<li>Ideal zum Aufw\u00e4rmen im Backofen (bis zu 230\u00b0C) oder zum direkten Servieren von warmen Speisen.<\/li>\n<\/ul>\n<\/li>\n<li><strong>Glas-Liner<\/strong>:\n<ul class=\"auto-hide-last-sibling-br\">\n<li>Borosilikatglas ist hitzebest\u00e4ndig, mikrowellen- und sp\u00fclmaschinengeeignet.<\/li>\n<li>Das transparente Design erm\u00f6glicht es dem Benutzer, den Inhalt auf einen Blick zu sehen.<\/li>\n<\/ul>\n<\/li>\n<li><strong>Edelstahl-Liner<\/strong>:\n<ul class=\"auto-hide-last-sibling-br\">\n<li>Der lebensmittelechte 304er Stahl garantiert Langlebigkeit und Korrosionsbest\u00e4ndigkeit.<\/li>\n<li>Leicht und perfekt f\u00fcr kalte Mahlzeiten, Snacks oder auslaufsichere Aufbewahrung.<\/li>\n<\/ul>\n<\/li>\n<\/ul>\n<h4 class=\"header-ZWWO7s auto-hide-last-sibling-br\">2.\u00a0<strong>Abnehmbare Konstruktion f\u00fcr einfache Wartung<\/strong><\/h4>\n<ul class=\"auto-hide-last-sibling-br\">\n<li>Die Liner lassen sich f\u00fcr eine gr\u00fcndliche Reinigung von der Au\u00dfenh\u00fclle trennen (keine schwer zug\u00e4nglichen Ecken).<\/li>\n<li>Auswechselbare Einlagen verl\u00e4ngern die Lebensdauer des Produkts - tauschen Sie die Materialien je nach Mahlzeitentyp oder Vorlieben aus.<\/li>\n<\/ul>\n<h4 class=\"header-ZWWO7s auto-hide-last-sibling-br\">3.\u00a0<strong>Lecksichere und isolierte Konstruktion<\/strong><\/h4>\n<ul class=\"auto-hide-last-sibling-br\">\n<li>Deckel mit Silikondichtung verhindern das Auslaufen von Fl\u00fcssigkeiten, geeignet f\u00fcr Suppen, Salate oder So\u00dfen.<\/li>\n<li>Doppelwandige Au\u00dfenschalen (PP- oder ABS-Kunststoff) sorgen f\u00fcr W\u00e4rmed\u00e4mmung:\n<ul class=\"auto-hide-last-sibling-br\">\n<li>H\u00e4lt hei\u00dfe Speisen 4-6 Stunden lang warm*.<\/li>\n<li>H\u00e4lt kalte Waren 6-8 Stunden lang frisch*.<\/li>\n<\/ul>\n<\/li>\n<\/ul>\n<p>&nbsp;<\/p>\n<div class=\"auto-hide-last-sibling-br paragraph-jgxDqs paragraph-element br-paragraph-space\"><em>Hinweis: Die D\u00e4mmleistung variiert je nach Auskleidungsmaterial und Umgebungsbedingungen.<\/em><\/div>\n<h4 class=\"header-ZWWO7s auto-hide-last-sibling-br\">4.\u00a0<strong>Vielseitige Gr\u00f6\u00dfen- und Abteilungsoptionen<\/strong><\/h4>\n<ul class=\"auto-hide-last-sibling-br\">\n<li>Einschichtige (500ml-1L) und mehrteilige (2-3 Schichten) Ausf\u00fchrungen:\n<ul class=\"auto-hide-last-sibling-br\">\n<li>Modelle mit mehreren F\u00e4chern trennen Proteine, Getreide und Gem\u00fcse f\u00fcr ausgewogene Mahlzeiten.<\/li>\n<\/ul>\n<\/li>\n<li>Das stapelbare Design spart Stauraum in K\u00fcchen, B\u00fcros oder Schr\u00e4nken.<\/li>\n<\/ul>\n<h4 class=\"header-ZWWO7s auto-hide-last-sibling-br\">5.\u00a0<strong>Umweltvertr\u00e4gliche und sichere Materialien<\/strong><\/h4>\n<ul class=\"auto-hide-last-sibling-br\">\n<li>Alle Eins\u00e4tze und Schalen sind BPA-frei, FDA-zertifiziert und entsprechen den EU-Normen f\u00fcr Lebensmittelsicherheit.<\/li>\n<li>Keramik- und Glaseins\u00e4tze sind ungiftig und frei von Schwermetallen, ideal f\u00fcr gesundheitsbewusste Nutzer.<\/li>\n<\/ul>\n<h3 class=\"header-ZWWO7s auto-hide-last-sibling-br\">Gro\u00dfhandel und kundenspezifische Dienstleistungen<\/h3>\n<div class=\"auto-hide-last-sibling-br paragraph-jgxDqs paragraph-element br-paragraph-space\">Als ein f\u00fchrender Hersteller bieten wir:<\/div>\n<p>&nbsp;<\/p>\n<ul class=\"auto-hide-last-sibling-br\">\n<li><strong>Rabatte bei Gro\u00dfbestellungen<\/strong>: Konkurrenzf\u00e4hige Preise f\u00fcr Bestellungen \u2265200 St\u00fcck, mit ma\u00dfgeschneiderten Angeboten f\u00fcr Gro\u00dfauftr\u00e4ge.<\/li>\n<li><strong>OEM\/ODM-F\u00e4higkeiten<\/strong>:\n<ul class=\"auto-hide-last-sibling-br\">\n<li><strong>Branding<\/strong>: Einbringen von Logos durch Laser\u00e4tzung, Siebdruck oder gepr\u00e4gte Etiketten.<\/li>\n<li><strong>Ma\u00dfgeschneiderte Liner<\/strong>: Beschaffen Sie spezielle Materialien (z. B. farbige Keramik, gemustertes Glas) oder passen Sie die Dicke der Auskleidung an.<\/li>\n<li><strong>Verpackung<\/strong>: Entwerfen Sie individuelle Schachteln, Eins\u00e4tze oder umweltfreundliche Verpackungen, um die Attraktivit\u00e4t f\u00fcr den Einzelhandel zu erh\u00f6hen.<\/li>\n<\/ul>\n<\/li>\n<li><strong>Musterpr\u00fcfung<\/strong>: Fordern Sie kostenlose Muster an, um Materialqualit\u00e4t, Funktionalit\u00e4t und Design vor einer Gro\u00dfbestellung zu beurteilen.<\/li>\n<\/ul>","protected":false},"featured_media":11206,"comment_status":"closed","ping_status":"closed","template":"","meta":[],"product_cat":[58],"product_tag":[86,91],"class_list":{"0":"post-11204","1":"product","2":"type-product","3":"status-publish","4":"has-post-thumbnail","6":"product_cat-lunch-box-wholesale","7":"product_tag-wholesale-insulated-lunch-box","8":"product_tag-wholesale-round-lunch-box","10":"first","11":"instock","12":"shipping-taxable","13":"product-type-simple"},"_links":{"self":[{"href":"https:\/\/moyahousehold.com\/de\/wp-json\/wp\/v2\/product\/11204","targetHints":{"allow":["GET"]}}],"collection":[{"href":"https:\/\/moyahousehold.com\/de\/wp-json\/wp\/v2\/product"}],"about":[{"href":"https:\/\/moyahousehold.com\/de\/wp-json\/wp\/v2\/types\/product"}],"replies":[{"embeddable":true,"href":"https:\/\/moyahousehold.com\/de\/wp-json\/wp\/v2\/comments?post=11204"}],"version-history":[{"count":0,"href":"https:\/\/moyahousehold.com\/de\/wp-json\/wp\/v2\/product\/11204\/revisions"}],"wp:featuredmedia":[{"embeddable":true,"href":"https:\/\/moyahousehold.com\/de\/wp-json\/wp\/v2\/media\/11206"}],"wp:attachment":[{"href":"https:\/\/moyahousehold.com\/de\/wp-json\/wp\/v2\/media?parent=11204"}],"wp:term":[{"taxonomy":"product_cat","embeddable":true,"href":"https:\/\/moyahousehold.com\/de\/wp-json\/wp\/v2\/product_cat?post=11204"},{"taxonomy":"product_tag","embeddable":true,"href":"https:\/\/moyahousehold.com\/de\/wp-json\/wp\/v2\/product_tag?post=11204"}],"curies":[{"name":"wp","href":"https:\/\/api.w.org\/{rel}","templated":true}]}}