{"id":11263,"date":"2025-07-11T08:07:45","date_gmt":"2025-07-11T08:07:45","guid":{"rendered":"https:\/\/moyahousehold.com\/?post_type=product&#038;p=11263"},"modified":"2025-07-11T09:43:04","modified_gmt":"2025-07-11T09:43:04","slug":"wholesale-denmark-style-thermal-water-kettle-with-wooden-handle-1-3l","status":"publish","type":"product","link":"https:\/\/moyahousehold.com\/de\/produkt\/wholesale-denmark-style-thermal-water-kettle-with-wooden-handle-1-3l\/","title":{"rendered":"Gro\u00dfhandel D\u00e4nemark Stil Thermal Wasserkocher mit Holzgriff 1.3L"},"content":{"rendered":"<h3 class=\"wp-block-heading\">Parameter der Isolierkanne im D\u00e4nemark-Stil<\/h3>\n\n\n\n<figure class=\"wp-block-table\"><table><tbody><tr><td>Produktname<\/td><td>Farbe<\/td><td>Material<\/td><td>Gr\u00f6\u00dfe des Produkts<\/td><td>Bruttogewicht(kg)<\/td><\/tr><tr><td>1.3L D\u00e4nische Isolierkanne mit Holzgriff<\/td><td>schwarz\/beige<\/td><td>PP, Edelstahl 304, Kieselgel, Buche<\/td><td>179x111x225mm<\/td><td>1.4<\/td><\/tr><\/tbody><\/table><\/figure>\n\n\n\n<h3 class=\"wp-block-heading\">Kundenspezifische Optionen f\u00fcr Thermokaraffen<\/h3>\n\n\n\n<p><strong>Logo: <\/strong>Ihr Markenlogo auf der Thermokaraffe und der Verpackung anbringen.<br><strong>Logo-Optionen: <\/strong>gedrucktes Logo, lasergraviertes Logo, usw.<br><strong>Muster: <\/strong>Druckmuster<br><strong>Drucktechnik:<\/strong> Wassertransferdruck, Siebdruck, W\u00e4rmetransferdruck, Sublimationstransfer, etc. <br><strong>Verpackung: <\/strong>Farbkasten<br><a href=\"https:\/\/moyahousehold.com\/de\/individuelle-losung\/\"><strong>Entdecken Sie mehr \u00fcber die individuelle Gestaltung von Thermokaraffen<\/strong><\/a><\/p>\n\n\n\n<div class=\"wp-block-columns is-layout-flex wp-container-core-columns-is-layout-9d6595d7 wp-block-columns-is-layout-flex\">\n<div class=\"wp-block-column is-layout-flow wp-block-column-is-layout-flow\">\n<figure class=\"wp-block-image size-full\"><img fetchpriority=\"high\" decoding=\"async\" width=\"4118\" height=\"4118\" src=\"https:\/\/moyahousehold.com\/wp-content\/uploads\/2025\/07\/1.3L-Danish-thermos-flask-4.webp\" alt=\"1.3L D\u00e4nische Thermoskanne\" class=\"wp-image-11267\" srcset=\"https:\/\/moyahousehold.com\/wp-content\/uploads\/2025\/07\/1.3L-Danish-thermos-flask-4.webp 4118w, https:\/\/moyahousehold.com\/wp-content\/uploads\/2025\/07\/1.3L-Danish-thermos-flask-4-300x300.webp 300w, https:\/\/moyahousehold.com\/wp-content\/uploads\/2025\/07\/1.3L-Danish-thermos-flask-4-150x150.webp 150w, https:\/\/moyahousehold.com\/wp-content\/uploads\/2025\/07\/1.3L-Danish-thermos-flask-4-768x768.webp 768w, https:\/\/moyahousehold.com\/wp-content\/uploads\/2025\/07\/1.3L-Danish-thermos-flask-4-12x12.webp 12w, https:\/\/moyahousehold.com\/wp-content\/uploads\/2025\/07\/1.3L-Danish-thermos-flask-4-285x285.webp 285w, https:\/\/moyahousehold.com\/wp-content\/uploads\/2025\/07\/1.3L-Danish-thermos-flask-4-1600x1600.webp 1600w, https:\/\/moyahousehold.com\/wp-content\/uploads\/2025\/07\/1.3L-Danish-thermos-flask-4-270x270.webp 270w, https:\/\/moyahousehold.com\/wp-content\/uploads\/2025\/07\/1.3L-Danish-thermos-flask-4-540x540.webp 540w, https:\/\/moyahousehold.com\/wp-content\/uploads\/2025\/07\/1.3L-Danish-thermos-flask-4-660x660.webp 660w\" sizes=\"(max-width: 4118px) 100vw, 4118px\" \/><\/figure>\n<\/div>\n\n\n\n<div class=\"wp-block-column is-layout-flow wp-block-column-is-layout-flow\">\n<figure class=\"wp-block-image size-full\"><img decoding=\"async\" width=\"2750\" height=\"2750\" src=\"https:\/\/moyahousehold.com\/wp-content\/uploads\/2025\/07\/1.3L-Danish-thermos-flask-5.webp\" alt=\"1.3L D\u00e4nische Thermoskanne\" class=\"wp-image-11268\" srcset=\"https:\/\/moyahousehold.com\/wp-content\/uploads\/2025\/07\/1.3L-Danish-thermos-flask-5.webp 2750w, https:\/\/moyahousehold.com\/wp-content\/uploads\/2025\/07\/1.3L-Danish-thermos-flask-5-300x300.webp 300w, https:\/\/moyahousehold.com\/wp-content\/uploads\/2025\/07\/1.3L-Danish-thermos-flask-5-150x150.webp 150w, https:\/\/moyahousehold.com\/wp-content\/uploads\/2025\/07\/1.3L-Danish-thermos-flask-5-768x768.webp 768w, https:\/\/moyahousehold.com\/wp-content\/uploads\/2025\/07\/1.3L-Danish-thermos-flask-5-12x12.webp 12w, https:\/\/moyahousehold.com\/wp-content\/uploads\/2025\/07\/1.3L-Danish-thermos-flask-5-285x285.webp 285w, https:\/\/moyahousehold.com\/wp-content\/uploads\/2025\/07\/1.3L-Danish-thermos-flask-5-1600x1600.webp 1600w, https:\/\/moyahousehold.com\/wp-content\/uploads\/2025\/07\/1.3L-Danish-thermos-flask-5-270x270.webp 270w, https:\/\/moyahousehold.com\/wp-content\/uploads\/2025\/07\/1.3L-Danish-thermos-flask-5-540x540.webp 540w, https:\/\/moyahousehold.com\/wp-content\/uploads\/2025\/07\/1.3L-Danish-thermos-flask-5-660x660.webp 660w\" sizes=\"(max-width: 2750px) 100vw, 2750px\" \/><\/figure>\n<\/div>\n<\/div>\n\n\n\n<p><\/p>","protected":false},"excerpt":{"rendered":"<h1 class=\"header-vfC6AV auto-hide-last-sibling-br\">Gro\u00dfhandel D\u00e4nischer Stil Thermoskanne<\/h1>\n<div class=\"auto-hide-last-sibling-br paragraph-JOTKXA paragraph-element br-paragraph-space\">Diese Isolierkanne im d\u00e4nischen Stil bietet mit ihrem schlichten, \u00e4sthetischen Design ein hervorragendes visuelles Erlebnis. Der Holzgriff liegt gut in der Hand und verleiht Ihrem Zuhause einen Hauch von nat\u00fcrlicher Eleganz. Praktischerweise verf\u00fcgt sie \u00fcber ein doppelschichtiges Vakuumdesign, das Getr\u00e4nke bis zu 24 Stunden lang auf ihrer urspr\u00fcnglichen Temperatur halten kann. Bitte kontaktieren Sie uns f\u00fcr ein Angebot.<\/div>\n<h2 class=\"header-vfC6AV auto-hide-last-sibling-br\">Merkmale der Thermischen Isolierkanne<\/h2>\n<ul class=\"auto-hide-last-sibling-br\">\n<li><strong>Einfaches Design<\/strong>: Diese Thermoskanne verf\u00fcgt \u00fcber ein minimalistisches, \u00e4sthetisches Designkonzept, das einen eleganten und modernen Look bietet. Sie l\u00e4sst sich leicht in verschiedene Wohn-, B\u00fcro- oder Hotelumgebungen integrieren.<\/li>\n<li><strong>Griff aus Holz<\/strong>: Diese Thermoskanne ist mit einem ergonomischen Holzgriff ausgestattet, der f\u00fcr ein angenehmes Gef\u00fchl in der Hand sorgt und den Komfort erh\u00f6ht.<\/li>\n<li><strong>Hervorragende W\u00e4rmed\u00e4mmleistung<\/strong>: Die doppelschichtige Vakuum-Isolationstechnologie reduziert effektiv den W\u00e4rmeverlust und h\u00e4lt die Temperatur der Getr\u00e4nke \u00fcber einen l\u00e4ngeren Zeitraum aufrecht.<\/li>\n<li><strong>Umweltfreundliche Materialien<\/strong>: Die Isolierkanne besteht aus BPA-freien, umweltfreundlichen Materialien, die den internationalen Umweltstandards entsprechen und verhindern, dass sch\u00e4dliche Substanzen in den menschlichen K\u00f6rper gelangen.<\/li>\n<li><strong>Wasserabgabe mit einem Knopfdruck<\/strong>: Das einzigartige Design des Ausgie\u00dfers macht das Ausgie\u00dfen sanfter und kontrollierbarer und verhindert das Verspritzen von Wasser. Sie eignet sich zum Ausgie\u00dfen von Tee, Kaffee und hei\u00dfem Wasser.<\/li>\n<li><strong>Design mit kleiner Kapazit\u00e4t<\/strong>: Das Fassungsverm\u00f6gen von 1,3 Litern ist ideal f\u00fcr den pers\u00f6nlichen Gebrauch oder den Gebrauch in einer kleinen Familie und deckt den t\u00e4glichen Trinkbedarf einer einzelnen Person und den Bedarf f\u00fcr kurze Reisen.<\/li>\n<li><strong>OEM- und ODM-Anpassungsl\u00f6sungen<\/strong>: Moya, der Hersteller von Thermokaraffen, kann das Aussehen des Produkts, das Fassungsverm\u00f6gen, die Farbe, das Markenlogo und vieles mehr an die individuellen Bed\u00fcrfnisse der Kunden anpassen.<\/li>\n<\/ul>","protected":false},"featured_media":11264,"comment_status":"closed","ping_status":"closed","template":"","meta":[],"product_cat":[54],"product_tag":[81,85],"class_list":{"0":"post-11263","1":"product","2":"type-product","3":"status-publish","4":"has-post-thumbnail","6":"product_cat-thermal-carafe-wholesale","7":"product_tag-wholesale-600ml-thermos-carafe","8":"product_tag-wholesale-stainless-steel-liner-thermos-carafe","10":"first","11":"instock","12":"shipping-taxable","13":"product-type-simple"},"_links":{"self":[{"href":"https:\/\/moyahousehold.com\/de\/wp-json\/wp\/v2\/product\/11263","targetHints":{"allow":["GET"]}}],"collection":[{"href":"https:\/\/moyahousehold.com\/de\/wp-json\/wp\/v2\/product"}],"about":[{"href":"https:\/\/moyahousehold.com\/de\/wp-json\/wp\/v2\/types\/product"}],"replies":[{"embeddable":true,"href":"https:\/\/moyahousehold.com\/de\/wp-json\/wp\/v2\/comments?post=11263"}],"version-history":[{"count":0,"href":"https:\/\/moyahousehold.com\/de\/wp-json\/wp\/v2\/product\/11263\/revisions"}],"wp:featuredmedia":[{"embeddable":true,"href":"https:\/\/moyahousehold.com\/de\/wp-json\/wp\/v2\/media\/11264"}],"wp:attachment":[{"href":"https:\/\/moyahousehold.com\/de\/wp-json\/wp\/v2\/media?parent=11263"}],"wp:term":[{"taxonomy":"product_cat","embeddable":true,"href":"https:\/\/moyahousehold.com\/de\/wp-json\/wp\/v2\/product_cat?post=11263"},{"taxonomy":"product_tag","embeddable":true,"href":"https:\/\/moyahousehold.com\/de\/wp-json\/wp\/v2\/product_tag?post=11263"}],"curies":[{"name":"wp","href":"https:\/\/api.w.org\/{rel}","templated":true}]}}