{"id":11299,"date":"2025-07-12T02:23:16","date_gmt":"2025-07-12T02:23:16","guid":{"rendered":"https:\/\/moyahousehold.com\/?post_type=product&#038;p=11299"},"modified":"2025-07-12T02:29:33","modified_gmt":"2025-07-12T02:29:33","slug":"wholesale-glass-inner-vacuum-insulated-coffee-carafe%ef%bc%880-6l-and-1-0l%ef%bc%89-moya-thermal-carafe-manufacturer","status":"publish","type":"product","link":"https:\/\/moyahousehold.com\/de\/produkt\/wholesale-glass-inner-vacuum-insulated-coffee-carafe%ef%bc%880-6l-and-1-0l%ef%bc%89-moya-thermal-carafe-manufacturer\/","title":{"rendered":"Gro\u00dfhandel Glas innere Vakuum isolierte Kaffee Karaffe\uff080.6L und 1.0L\uff09 - MOYA Thermokaraffe Hersteller"},"content":{"rendered":"<h3 class=\"wp-block-heading\">Parameter der vakuumisolierten Kaffeekaraffe<\/h3>\n\n\n\n<figure class=\"wp-block-table\"><table><tbody><tr><td>Kapazit\u00e4t<\/td><td>Material<\/td><td>Gr\u00f6\u00dfe des Produkts<\/td><td>\u00c4u\u00dfere Gr\u00f6\u00dfe der Box<\/td><td>Menge pro Kiste<\/td><td>Farbe<\/td><\/tr><tr><td>0.6L<\/td><td rowspan=\"2\">Holz, PP, Borosilikat, Edelstahl<br>Stahl, Silikon<\/td><td>19.9*13.4*20.9cm<\/td><td>\/<\/td><td>12<\/td><td>Schwarz,Off white,Stahl<\/td><\/tr><tr><td>1.0L<\/td><td>19.9*13.4*24.4cm<\/td><td>\/<\/td><td>12<\/td><td>Schwarz,Off white,Stahl<\/td><\/tr><\/tbody><\/table><\/figure>\n\n\n\n<h3 class=\"wp-block-heading\">Individuelle Kaffeekannen-Optionen<\/h3>\n\n\n\n<p><strong>Deckel: <\/strong>Druckdeckel aus rostfreiem Stahl<br><strong>Logo:<\/strong> Ihr eigenes Markenlogo auf Produkt und Verpackung.<br><strong>Logo-Optionen:<\/strong> gedrucktes Logo, lasergraviertes Logo, usw.<br><strong>Muster: <\/strong>Druck von Mustern auf Thermosflaschen.<br><strong>Drucktechnik: <\/strong>Wassertransferdruck, Siebdruck, W\u00e4rmetransferdruck, Sublimationstransfer und mehr.<br><strong>Verpackung:<\/strong> Farbkasten<br><a href=\"https:\/\/moyahousehold.com\/de\/individuelle-losung\/\"><strong>Entdecken Sie weitere individuelle L\u00f6sungen f\u00fcr Kaffeekaraffen.<\/strong><\/a><\/p>\n\n\n\n<div class=\"wp-block-columns is-layout-flex wp-container-core-columns-is-layout-9d6595d7 wp-block-columns-is-layout-flex\">\n<div class=\"wp-block-column is-layout-flow wp-block-column-is-layout-flow\">\n<figure class=\"wp-block-image size-full\"><img fetchpriority=\"high\" decoding=\"async\" width=\"3512\" height=\"3512\" src=\"https:\/\/moyahousehold.com\/wp-content\/uploads\/2025\/07\/Glass-lined-pizza-thermos-9.webp\" alt=\"Pizzathermoskanne mit Glaseinsatz\" class=\"wp-image-11278\" srcset=\"https:\/\/moyahousehold.com\/wp-content\/uploads\/2025\/07\/Glass-lined-pizza-thermos-9.webp 3512w, https:\/\/moyahousehold.com\/wp-content\/uploads\/2025\/07\/Glass-lined-pizza-thermos-9-300x300.webp 300w, https:\/\/moyahousehold.com\/wp-content\/uploads\/2025\/07\/Glass-lined-pizza-thermos-9-150x150.webp 150w, https:\/\/moyahousehold.com\/wp-content\/uploads\/2025\/07\/Glass-lined-pizza-thermos-9-768x768.webp 768w, https:\/\/moyahousehold.com\/wp-content\/uploads\/2025\/07\/Glass-lined-pizza-thermos-9-12x12.webp 12w, https:\/\/moyahousehold.com\/wp-content\/uploads\/2025\/07\/Glass-lined-pizza-thermos-9-285x285.webp 285w, https:\/\/moyahousehold.com\/wp-content\/uploads\/2025\/07\/Glass-lined-pizza-thermos-9-1600x1600.webp 1600w, https:\/\/moyahousehold.com\/wp-content\/uploads\/2025\/07\/Glass-lined-pizza-thermos-9-270x270.webp 270w, https:\/\/moyahousehold.com\/wp-content\/uploads\/2025\/07\/Glass-lined-pizza-thermos-9-540x540.webp 540w, https:\/\/moyahousehold.com\/wp-content\/uploads\/2025\/07\/Glass-lined-pizza-thermos-9-660x660.webp 660w\" sizes=\"(max-width: 3512px) 100vw, 3512px\" \/><\/figure>\n<\/div>\n\n\n\n<div class=\"wp-block-column is-layout-flow wp-block-column-is-layout-flow\">\n<figure class=\"wp-block-image size-full\"><img decoding=\"async\" width=\"3476\" height=\"3476\" src=\"https:\/\/moyahousehold.com\/wp-content\/uploads\/2025\/07\/Glass-lined-pizza-thermos-8.webp\" alt=\"Pizzathermoskanne mit Glaseinsatz\" class=\"wp-image-11277\" srcset=\"https:\/\/moyahousehold.com\/wp-content\/uploads\/2025\/07\/Glass-lined-pizza-thermos-8.webp 3476w, https:\/\/moyahousehold.com\/wp-content\/uploads\/2025\/07\/Glass-lined-pizza-thermos-8-300x300.webp 300w, https:\/\/moyahousehold.com\/wp-content\/uploads\/2025\/07\/Glass-lined-pizza-thermos-8-150x150.webp 150w, https:\/\/moyahousehold.com\/wp-content\/uploads\/2025\/07\/Glass-lined-pizza-thermos-8-768x768.webp 768w, https:\/\/moyahousehold.com\/wp-content\/uploads\/2025\/07\/Glass-lined-pizza-thermos-8-12x12.webp 12w, https:\/\/moyahousehold.com\/wp-content\/uploads\/2025\/07\/Glass-lined-pizza-thermos-8-285x285.webp 285w, https:\/\/moyahousehold.com\/wp-content\/uploads\/2025\/07\/Glass-lined-pizza-thermos-8-1600x1600.webp 1600w, https:\/\/moyahousehold.com\/wp-content\/uploads\/2025\/07\/Glass-lined-pizza-thermos-8-270x270.webp 270w, https:\/\/moyahousehold.com\/wp-content\/uploads\/2025\/07\/Glass-lined-pizza-thermos-8-540x540.webp 540w, https:\/\/moyahousehold.com\/wp-content\/uploads\/2025\/07\/Glass-lined-pizza-thermos-8-660x660.webp 660w\" sizes=\"(max-width: 3476px) 100vw, 3476px\" \/><\/figure>\n<\/div>\n<\/div>\n\n\n\n<p><\/p>","protected":false},"excerpt":{"rendered":"<h1 class=\"header-vfC6AV auto-hide-last-sibling-br\">Gro\u00dfhandel isoliert Glas Liner Kaffee Karaffe<\/h1>\n<div class=\"auto-hide-last-sibling-br paragraph-JOTKXA paragraph-element br-paragraph-space\">Diese isolierte Kaffeekaraffe verf\u00fcgt \u00fcber einen au\u00dfergew\u00f6hnlichen W\u00e4rmespeichereffekt und erm\u00f6glicht eine einfache Wasserabgabe mit einem Knopfdruck. Mit ihrem schlichten und stilvollen Aussehen ist sie sowohl f\u00fcr den Gebrauch zu Hause als auch im B\u00fcro geeignet. Wir bieten Gro\u00dfhandelsservices f\u00fcr isolierte Kaffeekaraffen sowie ma\u00dfgeschneiderte L\u00f6sungen - Sie k\u00f6nnen uns jederzeit kontaktieren.<\/div>\n<h2 class=\"header-vfC6AV auto-hide-last-sibling-br\">Eigenschaften der Isolierglas-Kaffeekaraffe Liner<\/h2>\n<ul class=\"auto-hide-last-sibling-br\">\n<li>\n<div class=\"auto-hide-last-sibling-br paragraph-JOTKXA paragraph-element br-paragraph-space\"><strong>Einfaches und stilvolles Aussehen<\/strong>: Diese isolierte Kaffeekaraffe im minimalistischen Design ist in den klassischen Farben Schwarz und Beige erh\u00e4ltlich. Ihr elegantes Aussehen f\u00fcgt sich nahtlos in verschiedene Wohn-, B\u00fcro- oder Gesch\u00e4ftsumgebungen ein.<\/div>\n<\/li>\n<li>\n<div class=\"auto-hide-last-sibling-br paragraph-JOTKXA paragraph-element br-paragraph-space\"><strong>Glaseinlage<\/strong>: Der hochwertige Glaseinsatz gew\u00e4hrleistet Langlebigkeit und Robustheit und bewahrt die Sicherheit und den reinen Geschmack von Wasser, Kaffee und anderen Getr\u00e4nken.<\/div>\n<\/li>\n<li>\n<div class=\"auto-hide-last-sibling-br paragraph-JOTKXA paragraph-element br-paragraph-space\"><strong>Design mit einem Knopfdruck<\/strong>: Ausgestattet mit einem innovativen Ein-Knopf-Druckmechanismus, der die umst\u00e4ndliche Bedienung herk\u00f6mmlicher Thermokaraffen \u00fcberfl\u00fcssig macht und die Nutzung bequemer macht.<\/div>\n<\/li>\n<li>\n<div class=\"auto-hide-last-sibling-br paragraph-JOTKXA paragraph-element br-paragraph-space\"><strong>Lang anhaltende Isolierwirkung<\/strong>: Dank der Vakuum-Isolationstechnologie kann diese Karaffe Fl\u00fcssigkeiten \u00fcber einen l\u00e4ngeren Zeitraum hei\u00df halten, so dass Kaffee, Tee und andere Getr\u00e4nke \u00fcber Stunden ihre optimale Trinktemperatur behalten.<\/div>\n<\/li>\n<li>\n<div class=\"auto-hide-last-sibling-br paragraph-JOTKXA paragraph-element br-paragraph-space\"><strong>Gro\u00dfhandelspreise<\/strong>: Die Hersteller von Moya bieten \u00e4u\u00dferst wettbewerbsf\u00e4hige Gro\u00dfhandelspreise, ideal f\u00fcr Einzelh\u00e4ndler, Gro\u00dfh\u00e4ndler und Gro\u00dfabnehmer in der Gastronomie.<\/div>\n<\/li>\n<li>\n<div class=\"auto-hide-last-sibling-br paragraph-JOTKXA paragraph-element br-paragraph-space\"><strong>OEM- und ODM-Anpassungsdienste<\/strong>: Durch unseren OEM- und ODM-Service k\u00f6nnen Sie das Aussehen, das Fassungsverm\u00f6gen und das Markenlogo der Karaffe individuell gestalten und so einzigartige, ma\u00dfgeschneiderte Produkte schaffen.<\/div>\n<\/li>\n<\/ul>","protected":false},"featured_media":11276,"comment_status":"open","ping_status":"closed","template":"","meta":[],"product_cat":[54],"product_tag":[66,78,85],"class_list":{"0":"post-11299","1":"product","2":"type-product","3":"status-publish","4":"has-post-thumbnail","6":"product_cat-thermal-carafe-wholesale","7":"product_tag-wholesale-1000ml-thermos-carafe","8":"product_tag-wholesale-1500ml-thermos-carafe","9":"product_tag-wholesale-stainless-steel-liner-thermos-carafe","11":"first","12":"instock","13":"shipping-taxable","14":"product-type-simple"},"_links":{"self":[{"href":"https:\/\/moyahousehold.com\/de\/wp-json\/wp\/v2\/product\/11299","targetHints":{"allow":["GET"]}}],"collection":[{"href":"https:\/\/moyahousehold.com\/de\/wp-json\/wp\/v2\/product"}],"about":[{"href":"https:\/\/moyahousehold.com\/de\/wp-json\/wp\/v2\/types\/product"}],"replies":[{"embeddable":true,"href":"https:\/\/moyahousehold.com\/de\/wp-json\/wp\/v2\/comments?post=11299"}],"version-history":[{"count":0,"href":"https:\/\/moyahousehold.com\/de\/wp-json\/wp\/v2\/product\/11299\/revisions"}],"wp:featuredmedia":[{"embeddable":true,"href":"https:\/\/moyahousehold.com\/de\/wp-json\/wp\/v2\/media\/11276"}],"wp:attachment":[{"href":"https:\/\/moyahousehold.com\/de\/wp-json\/wp\/v2\/media?parent=11299"}],"wp:term":[{"taxonomy":"product_cat","embeddable":true,"href":"https:\/\/moyahousehold.com\/de\/wp-json\/wp\/v2\/product_cat?post=11299"},{"taxonomy":"product_tag","embeddable":true,"href":"https:\/\/moyahousehold.com\/de\/wp-json\/wp\/v2\/product_tag?post=11299"}],"curies":[{"name":"wp","href":"https:\/\/api.w.org\/{rel}","templated":true}]}}