{"id":11308,"date":"2025-07-12T02:41:39","date_gmt":"2025-07-12T02:41:39","guid":{"rendered":"https:\/\/moyahousehold.com\/?post_type=product&#038;p=11308"},"modified":"2025-07-12T02:49:25","modified_gmt":"2025-07-12T02:49:25","slug":"new-release-glass-inne-insulated-carafe-enhanced-insulation-leakproof-design","status":"publish","type":"product","link":"https:\/\/moyahousehold.com\/de\/produkt\/new-release-glass-inne-insulated-carafe-enhanced-insulation-leakproof-design\/","title":{"rendered":"New Release Glass Inne Insulated Carafe - Verbesserte Isolierung und auslaufsicheres Design"},"content":{"rendered":"<h3 class=\"wp-block-heading\">Parameter der vakuumisolierten Kaffeekaraffe<\/h3>\n\n\n\n<figure class=\"wp-block-table\"><table><tbody><tr><td>Kapazit\u00e4t<\/td><td>Material<\/td><td>Gr\u00f6\u00dfe des Produkts<\/td><td>\u00c4u\u00dfere Gr\u00f6\u00dfe der Box<\/td><td>Menge pro Kiste<\/td><td>Farbe<\/td><\/tr><tr><td>0.6L<\/td><td rowspan=\"2\">Holz, PP, Borosilikat, Edelstahl<br>Stahl, Silikon<\/td><td>17.5*12*29.9cm<\/td><td>\/<\/td><td>12<\/td><td>Schwarz,Off white,Stahl<\/td><\/tr><tr><td>1.0L<\/td><td>19*12.9*33.9cm<\/td><td>\/<\/td><td>12<\/td><td>Schwarz,Off white,Stahl<\/td><\/tr><\/tbody><\/table><\/figure>\n\n\n\n<h3 class=\"wp-block-heading\">Individuelle Kaffeekannen-Optionen<\/h3>\n\n\n\n<p><strong>Deckel: <\/strong>PP-Druckdeckel<br><strong>Logo:<\/strong> Ihr eigenes Markenlogo auf Produkt und Verpackung.<br><strong>Logo-Optionen:<\/strong> gedrucktes Logo, lasergraviertes Logo, usw.<br><strong>Muster: <\/strong>Druck von Mustern auf Thermosflaschen.<br><strong>Drucktechnik: <\/strong>Wassertransferdruck, Siebdruck, W\u00e4rmetransferdruck, Sublimationstransfer und mehr.<br><strong>Verpackung:<\/strong> Farbkasten<br><a href=\"https:\/\/moyahousehold.com\/de\/individuelle-losung\/\"><strong>Entdecken Sie weitere individuelle L\u00f6sungen f\u00fcr Kaffeekaraffen.<\/strong><\/a><\/p>\n\n\n\n<div class=\"wp-block-columns is-layout-flex wp-container-core-columns-is-layout-9d6595d7 wp-block-columns-is-layout-flex\">\n<div class=\"wp-block-column is-layout-flow wp-block-column-is-layout-flow\">\n<figure class=\"wp-block-image size-full\"><img fetchpriority=\"high\" decoding=\"async\" width=\"4158\" height=\"4158\" src=\"https:\/\/moyahousehold.com\/wp-content\/uploads\/2025\/07\/Spire-insulated-kettle-14.webp\" alt=\"Spire isolierter Wasserkocher \" class=\"wp-image-11295\" srcset=\"https:\/\/moyahousehold.com\/wp-content\/uploads\/2025\/07\/Spire-insulated-kettle-14.webp 4158w, https:\/\/moyahousehold.com\/wp-content\/uploads\/2025\/07\/Spire-insulated-kettle-14-300x300.webp 300w, https:\/\/moyahousehold.com\/wp-content\/uploads\/2025\/07\/Spire-insulated-kettle-14-150x150.webp 150w, https:\/\/moyahousehold.com\/wp-content\/uploads\/2025\/07\/Spire-insulated-kettle-14-768x768.webp 768w, https:\/\/moyahousehold.com\/wp-content\/uploads\/2025\/07\/Spire-insulated-kettle-14-12x12.webp 12w, https:\/\/moyahousehold.com\/wp-content\/uploads\/2025\/07\/Spire-insulated-kettle-14-285x285.webp 285w, https:\/\/moyahousehold.com\/wp-content\/uploads\/2025\/07\/Spire-insulated-kettle-14-1600x1600.webp 1600w, https:\/\/moyahousehold.com\/wp-content\/uploads\/2025\/07\/Spire-insulated-kettle-14-270x270.webp 270w, https:\/\/moyahousehold.com\/wp-content\/uploads\/2025\/07\/Spire-insulated-kettle-14-540x540.webp 540w, https:\/\/moyahousehold.com\/wp-content\/uploads\/2025\/07\/Spire-insulated-kettle-14-660x660.webp 660w\" sizes=\"(max-width: 4158px) 100vw, 4158px\" \/><\/figure>\n<\/div>\n\n\n\n<div class=\"wp-block-column is-layout-flow wp-block-column-is-layout-flow\">\n<figure class=\"wp-block-image size-full\"><img decoding=\"async\" width=\"4077\" height=\"4077\" src=\"https:\/\/moyahousehold.com\/wp-content\/uploads\/2025\/07\/Spire-insulated-kettle-1.webp\" alt=\"Spire isolierter Wasserkocher \" class=\"wp-image-11282\" srcset=\"https:\/\/moyahousehold.com\/wp-content\/uploads\/2025\/07\/Spire-insulated-kettle-1.webp 4077w, https:\/\/moyahousehold.com\/wp-content\/uploads\/2025\/07\/Spire-insulated-kettle-1-300x300.webp 300w, https:\/\/moyahousehold.com\/wp-content\/uploads\/2025\/07\/Spire-insulated-kettle-1-150x150.webp 150w, https:\/\/moyahousehold.com\/wp-content\/uploads\/2025\/07\/Spire-insulated-kettle-1-768x768.webp 768w, https:\/\/moyahousehold.com\/wp-content\/uploads\/2025\/07\/Spire-insulated-kettle-1-12x12.webp 12w, https:\/\/moyahousehold.com\/wp-content\/uploads\/2025\/07\/Spire-insulated-kettle-1-285x285.webp 285w, https:\/\/moyahousehold.com\/wp-content\/uploads\/2025\/07\/Spire-insulated-kettle-1-1600x1600.webp 1600w, https:\/\/moyahousehold.com\/wp-content\/uploads\/2025\/07\/Spire-insulated-kettle-1-270x270.webp 270w, https:\/\/moyahousehold.com\/wp-content\/uploads\/2025\/07\/Spire-insulated-kettle-1-540x540.webp 540w, https:\/\/moyahousehold.com\/wp-content\/uploads\/2025\/07\/Spire-insulated-kettle-1-660x660.webp 660w\" sizes=\"(max-width: 4077px) 100vw, 4077px\" \/><\/figure>\n<\/div>\n<\/div>\n\n\n\n<p><\/p>","protected":false},"excerpt":{"rendered":"<div class=\"inter-jQQQ8P\">\n<div class=\"container-PrUkKo\">\n<div class=\"item-hGGxLi\">\n<div class=\"container-arOxqB chrome70-container\">\n<div class=\"inner-FyM8gE inner-item-swzCut\" data-target-id=\"message-box-target-id\" data-testid=\"union_message\">\n<div class=\"message-block-container-aFugD6\" data-testid=\"message-block-container\">\n<div class=\"flex flex-row w-full w-full max-w-full s-font-base text-s-color-text-secondary p-0 rounded-s-radius-s bg-transparent group data-[attr=select-mode]:-mt-10 data-[attr=select-mode]:py-10 data-[attr=select-mode]:px-16 data-[attr=select-mode]:sm:p-10 data-[attr=select-mode]:hover:bg-s-color-bg-base data-[attr=select-mode]:hover:rounded-s-radius-xs data-[attr=select-mode]:has-[:checked]:bg-s-color-bg-trans data-[attr=select-mode]:has-[:checked]:rounded-s-radius-xs data-[attr=select-mode]:pointer-events-none\" data-testid=\"receive_message\">\n<div class=\"flex flex-col flex-grow max-w-full min-w-0\">\n<div class=\"flex flex-row w-full\" data-testid=\"message_content\" data-message-id=\"11906409299183362\">\n<div class=\"w-full\" data-plugin-identifier=\"Symbol(receive-write-text-content)\">\n<div class=\"container-ZYIsnH flow-markdown-body theme-samantha-Nbr9UN\" dir=\"ltr\" data-testid=\"message_text_content\" data-show-indicator=\"false\">\n<h1 class=\"header-vfC6AV auto-hide-last-sibling-br\">Neuerscheinung: Isolierte Kaffeekaraffe mit Glaseinsatz<\/h1>\n<div class=\"auto-hide-last-sibling-br paragraph-JOTKXA paragraph-element br-paragraph-space\">Diese neu auf den Markt gebrachte isolierte Kaffeekaraffe zeichnet sich durch eine au\u00dfergew\u00f6hnliche W\u00e4rmespeicherung aus, gepaart mit einer praktischen Ein-Knopf-Ausgabe f\u00fcr m\u00fchelosen Gebrauch. Ihr schlankes, minimalistisches Aussehen macht sie zu einem perfekten Begleiter f\u00fcr zu Hause und im B\u00fcro. Wir bieten Gro\u00dfhandelsservices f\u00fcr diese neue emaillierte Isolierkanne sowie flexible Anpassungsl\u00f6sungen an - Sie k\u00f6nnen sich jederzeit an uns wenden.<\/div>\n<h2 class=\"header-vfC6AV auto-hide-last-sibling-br\">Eigenschaften der neuen isolierten Kaffeekaraffe mit Glaseinsatz<\/h2>\n<ul class=\"auto-hide-last-sibling-br\">\n<li>\n<div class=\"auto-hide-last-sibling-br paragraph-JOTKXA paragraph-element br-paragraph-space\"><strong>Schlankes und zeitloses Design<\/strong>: Mit ihrer minimalistischen \u00c4sthetik und den klassischen Farben Schwarz und Beige f\u00fcgt sich diese neue Karaffe nahtlos in Wohn-, B\u00fcro- oder Gesch\u00e4ftsr\u00e4ume ein und verleiht ihnen einen Hauch von schlichter Eleganz.<\/div>\n<\/li>\n<li>\n<div class=\"auto-hide-last-sibling-br paragraph-JOTKXA paragraph-element br-paragraph-space\"><strong>Premium Glas Liner<\/strong>: Der hochwertige Innenbeh\u00e4lter aus Glas sorgt f\u00fcr Langlebigkeit und bewahrt den reinen Geschmack von Wasser, Kaffee und anderen Getr\u00e4nken - frei von unerw\u00fcnschten Ger\u00fcchen oder R\u00fcckst\u00e4nden, was ein sicheres Trinkerlebnis garantiert.<\/div>\n<\/li>\n<li>\n<div class=\"auto-hide-last-sibling-br paragraph-JOTKXA paragraph-element br-paragraph-space\"><strong>Bedienung mit einem Knopfdruck<\/strong>: Der innovative One-Touch-Mechanismus macht das m\u00fchsame Ausgie\u00dfen herk\u00f6mmlicher Thermokaraffen \u00fcberfl\u00fcssig und erm\u00f6glicht ein schnelles und einfaches Ausgie\u00dfen, sogar mit einer Hand.<\/div>\n<\/li>\n<li>\n<div class=\"auto-hide-last-sibling-br paragraph-JOTKXA paragraph-element br-paragraph-space\"><strong>Langanhaltende Temperaturspeicherung<\/strong>: Dank der fortschrittlichen Vakuum-Isolationstechnologie h\u00e4lt diese neue Karaffe Fl\u00fcssigkeiten \u00fcber einen l\u00e4ngeren Zeitraum hei\u00df und sorgt daf\u00fcr, dass Kaffee, Tee und andere Hei\u00dfgetr\u00e4nke ihre optimale Trinktemperatur behalten.<\/div>\n<\/li>\n<li>\n<div class=\"auto-hide-last-sibling-br paragraph-JOTKXA paragraph-element br-paragraph-space\"><strong>Wettbewerbsf\u00e4hige Gro\u00dfhandelspreise<\/strong>: Die Hersteller von Moya bieten f\u00fcr diese Neuerscheinung \u00e4u\u00dferst wettbewerbsf\u00e4hige Gro\u00dfhandelspreise an, die sich an Einzelh\u00e4ndler, Gro\u00dfh\u00e4ndler und Gro\u00dfabnehmer in der Foodservice-Branche richten.<\/div>\n<\/li>\n<li>\n<div class=\"auto-hide-last-sibling-br paragraph-JOTKXA paragraph-element br-paragraph-space\"><strong>OEM- und ODM-Anpassung<\/strong>: Mit unseren OEM- und ODM-Services k\u00f6nnen Sie die neue Karaffe auf Ihre Bed\u00fcrfnisse zuschneiden - passen Sie das Aussehen und das Fassungsverm\u00f6gen an oder f\u00fcgen Sie Ihr Markenlogo hinzu, um ein einzigartiges, marktf\u00e4higes Produkt zu schaffen.<\/div>\n<\/li>\n<\/ul>\n<\/div>\n<\/div>\n<\/div>\n<div class=\"answer-action-bar-pgm2JD answer-action-bar flex flex-col justify-end\" data-testid=\"message_action_bar\">\n<div class=\"container-rxM4SW flex flex-row items-start w-full self-center\" data-message-action-bar=\"1\">\n<div class=\"left-Y7jNAM\">\u00a0<\/div>\n<\/div>\n<\/div>\n<\/div>\n<\/div>\n<\/div>\n<\/div>\n<\/div>\n<\/div>\n<\/div>\n<\/div>","protected":false},"featured_media":11287,"comment_status":"open","ping_status":"closed","template":"","meta":[],"product_cat":[54],"product_tag":[66,78,85],"class_list":{"0":"post-11308","1":"product","2":"type-product","3":"status-publish","4":"has-post-thumbnail","6":"product_cat-thermal-carafe-wholesale","7":"product_tag-wholesale-1000ml-thermos-carafe","8":"product_tag-wholesale-1500ml-thermos-carafe","9":"product_tag-wholesale-stainless-steel-liner-thermos-carafe","11":"first","12":"instock","13":"shipping-taxable","14":"product-type-simple"},"_links":{"self":[{"href":"https:\/\/moyahousehold.com\/de\/wp-json\/wp\/v2\/product\/11308","targetHints":{"allow":["GET"]}}],"collection":[{"href":"https:\/\/moyahousehold.com\/de\/wp-json\/wp\/v2\/product"}],"about":[{"href":"https:\/\/moyahousehold.com\/de\/wp-json\/wp\/v2\/types\/product"}],"replies":[{"embeddable":true,"href":"https:\/\/moyahousehold.com\/de\/wp-json\/wp\/v2\/comments?post=11308"}],"version-history":[{"count":0,"href":"https:\/\/moyahousehold.com\/de\/wp-json\/wp\/v2\/product\/11308\/revisions"}],"wp:featuredmedia":[{"embeddable":true,"href":"https:\/\/moyahousehold.com\/de\/wp-json\/wp\/v2\/media\/11287"}],"wp:attachment":[{"href":"https:\/\/moyahousehold.com\/de\/wp-json\/wp\/v2\/media?parent=11308"}],"wp:term":[{"taxonomy":"product_cat","embeddable":true,"href":"https:\/\/moyahousehold.com\/de\/wp-json\/wp\/v2\/product_cat?post=11308"},{"taxonomy":"product_tag","embeddable":true,"href":"https:\/\/moyahousehold.com\/de\/wp-json\/wp\/v2\/product_tag?post=11308"}],"curies":[{"name":"wp","href":"https:\/\/api.w.org\/{rel}","templated":true}]}}