{"id":11318,"date":"2025-07-12T02:52:48","date_gmt":"2025-07-12T02:52:48","guid":{"rendered":"https:\/\/moyahousehold.com\/?post_type=product&#038;p=11318"},"modified":"2025-07-12T07:23:48","modified_gmt":"2025-07-12T07:23:48","slug":"wholesale-insulated-water-dispenser-2000ml-vacuum-thermal-insulation-for-home-office-use","status":"publish","type":"product","link":"https:\/\/moyahousehold.com\/de\/produkt\/wholesale-insulated-water-dispenser-2000ml-vacuum-thermal-insulation-for-home-office-use\/","title":{"rendered":"Gro\u00dfhandel isoliert Wasserspender 2000ML: Vakuum-W\u00e4rmeisolierung f\u00fcr Home Office verwenden"},"content":{"rendered":"<div class=\"wp-block-columns is-layout-flex wp-container-core-columns-is-layout-9d6595d7 wp-block-columns-is-layout-flex\">\n<div class=\"wp-block-column is-layout-flow wp-block-column-is-layout-flow\">\n<h3 class=\"wp-block-heading\">Parameter des isolierten Wasserspenders<\/h3>\n\n\n\n<p><strong>Modellnummer<\/strong>:MY0014<br><strong>Material<\/strong>:304 Edelstahl +PP + Borosilikat+ Kieselgel<br><strong>Dimension:<\/strong>230x176x324mm<br><strong>Farbe<\/strong>:schwarz\/beige\/stahl<br><strong>BPA-frei<\/strong><\/p>\n\n\n\n<h3 class=\"wp-block-heading\">Individuelle Thermoskannen-Optionen<\/h3>\n\n\n\n<p><strong>Logo<\/strong>: Individuelle Gestaltung Ihres Markenlogos auf Produkt und Verpackung.<br><strong>Logo-Optionen<\/strong>: gedrucktes Logo, lasergraviertes Logo, etc.<br><strong>Muster<\/strong>: Druckmuster.<br><strong>Drucktechnik<\/strong>Wassertransferdruck, Siebdruck, W\u00e4rmetransferdruck, Sublimationstransfer, etc.<br><strong>Verpackung:<\/strong> Farbkasten<br><a href=\"https:\/\/moyahousehold.com\/de\/individuelle-losung\/\" target=\"_blank\" rel=\"noreferrer noopener\"><strong>Erfahren Sie mehr \u00fcber individuelle Thermosl\u00f6sungen<\/strong><\/a><\/p>\n<\/div>\n<\/div>\n\n\n\n<div class=\"wp-block-columns is-layout-flex wp-container-core-columns-is-layout-9d6595d7 wp-block-columns-is-layout-flex\">\n<div class=\"wp-block-column is-layout-flow wp-block-column-is-layout-flow\">\n<figure class=\"wp-block-image size-full\"><img fetchpriority=\"high\" decoding=\"async\" width=\"3842\" height=\"3842\" src=\"https:\/\/moyahousehold.com\/wp-content\/uploads\/2025\/07\/Simple-pneumatic-thermos-flask-3.webp\" alt=\"Einfache pneumatische Thermoskanne\" class=\"wp-image-11330\" srcset=\"https:\/\/moyahousehold.com\/wp-content\/uploads\/2025\/07\/Simple-pneumatic-thermos-flask-3.webp 3842w, https:\/\/moyahousehold.com\/wp-content\/uploads\/2025\/07\/Simple-pneumatic-thermos-flask-3-300x300.webp 300w, https:\/\/moyahousehold.com\/wp-content\/uploads\/2025\/07\/Simple-pneumatic-thermos-flask-3-150x150.webp 150w, https:\/\/moyahousehold.com\/wp-content\/uploads\/2025\/07\/Simple-pneumatic-thermos-flask-3-768x768.webp 768w, https:\/\/moyahousehold.com\/wp-content\/uploads\/2025\/07\/Simple-pneumatic-thermos-flask-3-12x12.webp 12w, https:\/\/moyahousehold.com\/wp-content\/uploads\/2025\/07\/Simple-pneumatic-thermos-flask-3-285x285.webp 285w, https:\/\/moyahousehold.com\/wp-content\/uploads\/2025\/07\/Simple-pneumatic-thermos-flask-3-1600x1600.webp 1600w, https:\/\/moyahousehold.com\/wp-content\/uploads\/2025\/07\/Simple-pneumatic-thermos-flask-3-270x270.webp 270w, https:\/\/moyahousehold.com\/wp-content\/uploads\/2025\/07\/Simple-pneumatic-thermos-flask-3-540x540.webp 540w, https:\/\/moyahousehold.com\/wp-content\/uploads\/2025\/07\/Simple-pneumatic-thermos-flask-3-660x660.webp 660w\" sizes=\"(max-width: 3842px) 100vw, 3842px\" \/><\/figure>\n<\/div>\n\n\n\n<div class=\"wp-block-column is-layout-flow wp-block-column-is-layout-flow\">\n<figure class=\"wp-block-image size-full\"><img decoding=\"async\" width=\"3633\" height=\"3633\" src=\"https:\/\/moyahousehold.com\/wp-content\/uploads\/2025\/07\/Simple-pneumatic-thermos-flask-2.webp\" alt=\"Einfache pneumatische Thermoskanne\" class=\"wp-image-11329\" srcset=\"https:\/\/moyahousehold.com\/wp-content\/uploads\/2025\/07\/Simple-pneumatic-thermos-flask-2.webp 3633w, https:\/\/moyahousehold.com\/wp-content\/uploads\/2025\/07\/Simple-pneumatic-thermos-flask-2-300x300.webp 300w, https:\/\/moyahousehold.com\/wp-content\/uploads\/2025\/07\/Simple-pneumatic-thermos-flask-2-150x150.webp 150w, https:\/\/moyahousehold.com\/wp-content\/uploads\/2025\/07\/Simple-pneumatic-thermos-flask-2-768x768.webp 768w, https:\/\/moyahousehold.com\/wp-content\/uploads\/2025\/07\/Simple-pneumatic-thermos-flask-2-12x12.webp 12w, https:\/\/moyahousehold.com\/wp-content\/uploads\/2025\/07\/Simple-pneumatic-thermos-flask-2-285x285.webp 285w, https:\/\/moyahousehold.com\/wp-content\/uploads\/2025\/07\/Simple-pneumatic-thermos-flask-2-1600x1600.webp 1600w, https:\/\/moyahousehold.com\/wp-content\/uploads\/2025\/07\/Simple-pneumatic-thermos-flask-2-270x270.webp 270w, https:\/\/moyahousehold.com\/wp-content\/uploads\/2025\/07\/Simple-pneumatic-thermos-flask-2-540x540.webp 540w, https:\/\/moyahousehold.com\/wp-content\/uploads\/2025\/07\/Simple-pneumatic-thermos-flask-2-660x660.webp 660w\" sizes=\"(max-width: 3633px) 100vw, 3633px\" \/><\/figure>\n<\/div>\n<\/div>\n\n\n\n<p><\/p>","protected":false},"excerpt":{"rendered":"<div class=\"ace-line heading-h1\" dir=\"auto\" data-node=\"true\"><span data-leaf=\"true\"><span class=\"lb\">Neue Version: 2500ml Isolierter Druckkessel mit Glaseinlage<\/span><\/span><span data-string=\"true\" data-enter=\"true\" data-leaf=\"true\">\u200b<\/span><\/div>\n<div class=\"ace-line\" dir=\"auto\" data-node=\"true\"><span data-leaf=\"true\"><span class=\"lb\">Dieser neu auf den Markt gebrachte isolierte 2500-ml-Wasserkocher mit Glaseinsatz h\u00e4lt die Innentemperatur von Getr\u00e4nken \u00fcber einen l\u00e4ngeren Zeitraum aufrecht. Durch sein geringes Gewicht und den bequemen Griff ist er besonders transportabel. Er ist ideal f\u00fcr die Versorgung mehrerer Personen und eignet sich perfekt f\u00fcr Familienfeiern, B\u00fcros oder Outdoor-Abenteuer.<\/span><\/span><span data-string=\"true\" data-enter=\"true\" data-leaf=\"true\">\u200b<\/span><\/div>\n<div class=\"ace-line heading-h2\" dir=\"auto\" data-node=\"true\"><span data-leaf=\"true\"><span class=\"lb\">Eigenschaften des 2500ML isolierten Druckkessels mit Glaseinsatz<\/span><\/span><span data-string=\"true\" data-enter=\"true\" data-leaf=\"true\">\u200b<\/span><\/div>\n<div class=\"ace-line list-div\" dir=\"auto\" data-node=\"true\">\n<ul class=\"list-bullet1 r-list r-list-bullet\">\n<li><span data-leaf=\"true\"><span class=\"lb\">M\u00fchelose Bedienung<\/span><\/span><span data-leaf=\"true\"><span class=\"lb\">: Dank des druckbasierten Designs l\u00f6st ein einfacher Knopfdruck die automatische Ausgabe von Wasser oder Getr\u00e4nken aus, was das Ausgie\u00dfen unglaublich schnell und bequem macht.<\/span><\/span><span data-string=\"true\" data-enter=\"true\" data-leaf=\"true\">\u200b<\/span><\/li>\n<\/ul>\n<\/div>\n<div class=\"ace-line list-div\" dir=\"auto\" data-node=\"true\">\n<ul class=\"list-bullet1 r-list r-list-bullet\">\n<li><span data-leaf=\"true\"><span class=\"lb\">Hervorragende D\u00e4mmleistung<\/span><\/span><span data-leaf=\"true\"><span class=\"lb\">: Dank der doppellagigen Vakuumisolierung h\u00e4lt dieser Wasserkocher die ideale Temperatur von hei\u00dfen und kalten Getr\u00e4nken aufrecht, sodass jeder Schluck ein Genuss ist.<\/span><\/span><span data-string=\"true\" data-enter=\"true\" data-leaf=\"true\">\u200b<\/span><\/li>\n<\/ul>\n<\/div>\n<div class=\"ace-line list-div\" dir=\"auto\" data-node=\"true\">\n<ul class=\"list-bullet1 r-list r-list-bullet\">\n<li><span data-leaf=\"true\"><span class=\"lb\">Gro\u00dfz\u00fcgige Kapazit\u00e4t<\/span><\/span><span data-leaf=\"true\"><span class=\"lb\">: Mit einem Fassungsverm\u00f6gen von 2,5 Litern deckt er den regelm\u00e4\u00dfigen Bedarf an Getr\u00e4nken bei Partys und Zusammenk\u00fcnften und erspart Ihnen das h\u00e4ufige Nachf\u00fcllen.<\/span><\/span><span data-string=\"true\" data-enter=\"true\" data-leaf=\"true\">\u200b<\/span><\/li>\n<\/ul>\n<\/div>\n<div class=\"ace-line list-div\" dir=\"auto\" data-node=\"true\">\n<ul class=\"list-bullet1 r-list r-list-bullet\">\n<li><span data-leaf=\"true\"><span class=\"lb\">Hochgradig tragbar<\/span><\/span><span data-leaf=\"true\"><span class=\"lb\">: Sein geringes Gewicht, seine kompakte Form und sein einfach zu transportierendes Design machen ihn zu einer hervorragenden Wahl f\u00fcr Outdoor-Aktivit\u00e4ten, Reisen oder Campingausfl\u00fcge.<\/span><\/span><span data-string=\"true\" data-enter=\"true\" data-leaf=\"true\">\u200b<\/span><\/li>\n<\/ul>\n<\/div>\n<div class=\"ace-line list-div\" dir=\"auto\" data-node=\"true\">\n<ul class=\"list-bullet1 r-list r-list-bullet\">\n<li><span data-leaf=\"true\"><span class=\"lb\">Leicht zu reinigen<\/span><\/span><span data-leaf=\"true\"><span class=\"lb\">: Der Wasserkocher kann leicht zerlegt werden, so dass der Benutzer jeden Winkel w\u00e4hrend des Gebrauchs gr\u00fcndlich reinigen kann.<\/span><\/span><span data-string=\"true\" data-enter=\"true\" data-leaf=\"true\">\u200b<\/span><\/li>\n<\/ul>\n<\/div>\n<div class=\"ace-line list-div\" dir=\"auto\" data-node=\"true\">\n<ul class=\"list-bullet1 r-list r-list-bullet\">\n<li><span data-leaf=\"true\"><span class=\"lb\">Umweltfreundliches Design<\/span><\/span><span data-leaf=\"true\"><span class=\"lb\">: Sein Design ist nicht nur praktisch, sondern folgt auch umweltfreundlichen Prinzipien. Dieser isolierte Wasserkocher ist immer wieder verwendbar und tr\u00e4gt dazu bei, den Verbrauch von Einweg-Plastikflaschen zu reduzieren und so einen umweltfreundlicheren Lebensstil zu f\u00f6rdern.<\/span><\/span><span data-string=\"true\" data-enter=\"true\" data-leaf=\"true\">\u200b<\/span><\/li>\n<\/ul>\n<\/div>","protected":false},"featured_media":11332,"comment_status":"closed","ping_status":"closed","template":"","meta":[],"product_cat":[54],"product_tag":[85],"class_list":{"0":"post-11318","1":"product","2":"type-product","3":"status-publish","4":"has-post-thumbnail","6":"product_cat-thermal-carafe-wholesale","7":"product_tag-wholesale-stainless-steel-liner-thermos-carafe","9":"first","10":"instock","11":"shipping-taxable","12":"product-type-simple"},"_links":{"self":[{"href":"https:\/\/moyahousehold.com\/de\/wp-json\/wp\/v2\/product\/11318","targetHints":{"allow":["GET"]}}],"collection":[{"href":"https:\/\/moyahousehold.com\/de\/wp-json\/wp\/v2\/product"}],"about":[{"href":"https:\/\/moyahousehold.com\/de\/wp-json\/wp\/v2\/types\/product"}],"replies":[{"embeddable":true,"href":"https:\/\/moyahousehold.com\/de\/wp-json\/wp\/v2\/comments?post=11318"}],"version-history":[{"count":0,"href":"https:\/\/moyahousehold.com\/de\/wp-json\/wp\/v2\/product\/11318\/revisions"}],"wp:featuredmedia":[{"embeddable":true,"href":"https:\/\/moyahousehold.com\/de\/wp-json\/wp\/v2\/media\/11332"}],"wp:attachment":[{"href":"https:\/\/moyahousehold.com\/de\/wp-json\/wp\/v2\/media?parent=11318"}],"wp:term":[{"taxonomy":"product_cat","embeddable":true,"href":"https:\/\/moyahousehold.com\/de\/wp-json\/wp\/v2\/product_cat?post=11318"},{"taxonomy":"product_tag","embeddable":true,"href":"https:\/\/moyahousehold.com\/de\/wp-json\/wp\/v2\/product_tag?post=11318"}],"curies":[{"name":"wp","href":"https:\/\/api.w.org\/{rel}","templated":true}]}}