{"id":11343,"date":"2025-07-12T08:37:19","date_gmt":"2025-07-12T08:37:19","guid":{"rendered":"https:\/\/moyahousehold.com\/?post_type=product&#038;p=11343"},"modified":"2025-07-13T01:55:18","modified_gmt":"2025-07-13T01:55:18","slug":"stainless-steel-food-storage-container-with-transparent-lid-durable-visible-storage-solution","status":"publish","type":"product","link":"https:\/\/moyahousehold.com\/de\/produkt\/stainless-steel-food-storage-container-with-transparent-lid-durable-visible-storage-solution\/","title":{"rendered":"Lebensmittelbeh\u00e4lter aus Edelstahl mit transparentem Deckel Dauerhafte und sichtbare Aufbewahrungsl\u00f6sung"},"content":{"rendered":"<p><strong>Material:<\/strong> 304 + ABS<strong> <\/strong><\/p>\n\n\n\n<p><strong>Farbe:<\/strong> Stahl\/Beige\/Khaki<\/p>\n\n\n\n<figure class=\"wp-block-table\"><table class=\"has-fixed-layout\"><tbody><tr><td>Artikel<\/td><td>Material<\/td><td>Kapazit\u00e4t<\/td><td>Gr\u00f6\u00dfe\/PCS<\/td><td>PCS\/Koffer<\/td><td>N.W.\/PCS<\/td><td>G.W.\/Fall<\/td><\/tr><tr><td>MYZT010<\/td><td rowspan=\"6\">304+ABS<\/td><td>700ml<\/td><td>16.5*12.5*5<\/td><td>84<\/td><td>0.19<\/td><td>17.9&nbsp;<\/td><\/tr><tr><td>MYZT011<\/td><td>1100ml<\/td><td>20.5*15.5*5.3<\/td><td>56<\/td><td>0.27<\/td><td>16.5&nbsp;<\/td><\/tr><tr><td>MYZT012<\/td><td>1700ml<\/td><td>24.5*18*5.8<\/td><td>42<\/td><td>0.4<\/td><td>18.4&nbsp;<\/td><\/tr><tr><td>MYZT013<\/td><td>1000ml<\/td><td>16.5*12.5*7.3<\/td><td>72<\/td><td>0.23<\/td><td>18.3&nbsp;<\/td><\/tr><tr><td>MYZT014<\/td><td>1800ml<\/td><td>20.5*15.5*8.3<\/td><td>48<\/td><td>0.34<\/td><td>18.4&nbsp;<\/td><\/tr><tr><td>MYZT015<\/td><td>3000ml<\/td><td>24.5*19*9.2<\/td><td>36<\/td><td>0.5<\/td><td>20.3&nbsp;<\/td><\/tr><\/tbody><\/table><\/figure>\n\n\n\n<h3 class=\"wp-block-heading\">Individuelle Lunchbox-Optionen<\/h3>\n\n\n\n<p><strong>Logo<\/strong>: Gestalten Sie Ihr Markenlogo auf der Bento-Box aus Edelstahl und der Verpackung.<br><strong>Logo-Optionen<\/strong>: gedrucktes Logo, lasergraviertes Logo, etc.<br><strong>Muster<\/strong>: Druckmuster auf Produkten und Verpackungen.<br><strong>Drucktechnik<\/strong>Wassertransferdruck, Siebdruck, W\u00e4rmetransferdruck, Sublimationstransfer, etc.<br><strong>Verpackung:<\/strong>Farbkasten.<br><a href=\"https:\/\/moyahousehold.com\/de\/individuelle-losung\/\"><strong>Erfahren Sie mehr \u00fcber individuelle L\u00f6sungen f\u00fcr Lunchpakete.<\/strong><\/a><\/p>\n\n\n\n<div class=\"wp-block-columns is-layout-flex wp-container-core-columns-is-layout-9d6595d7 wp-block-columns-is-layout-flex\">\n<div class=\"wp-block-column is-layout-flow wp-block-column-is-layout-flow\">\n<figure class=\"wp-block-image size-full\"><img fetchpriority=\"high\" decoding=\"async\" width=\"3959\" height=\"3959\" src=\"https:\/\/moyahousehold.com\/wp-content\/uploads\/2025\/07\/ZT-\u7d20\u7f8e\u4fdd\u9c9c\u76d2-16_\u526f\u672c.webp\" alt=\"Transparent lid stainless steel food storage box\" class=\"wp-image-11360\" srcset=\"https:\/\/moyahousehold.com\/wp-content\/uploads\/2025\/07\/ZT-\u7d20\u7f8e\u4fdd\u9c9c\u76d2-16_\u526f\u672c.webp 3959w, https:\/\/moyahousehold.com\/wp-content\/uploads\/2025\/07\/ZT-\u7d20\u7f8e\u4fdd\u9c9c\u76d2-16_\u526f\u672c-300x300.webp 300w, https:\/\/moyahousehold.com\/wp-content\/uploads\/2025\/07\/ZT-\u7d20\u7f8e\u4fdd\u9c9c\u76d2-16_\u526f\u672c-150x150.webp 150w, https:\/\/moyahousehold.com\/wp-content\/uploads\/2025\/07\/ZT-\u7d20\u7f8e\u4fdd\u9c9c\u76d2-16_\u526f\u672c-768x768.webp 768w, https:\/\/moyahousehold.com\/wp-content\/uploads\/2025\/07\/ZT-\u7d20\u7f8e\u4fdd\u9c9c\u76d2-16_\u526f\u672c-12x12.webp 12w, https:\/\/moyahousehold.com\/wp-content\/uploads\/2025\/07\/ZT-\u7d20\u7f8e\u4fdd\u9c9c\u76d2-16_\u526f\u672c-285x285.webp 285w, https:\/\/moyahousehold.com\/wp-content\/uploads\/2025\/07\/ZT-\u7d20\u7f8e\u4fdd\u9c9c\u76d2-16_\u526f\u672c-1600x1600.webp 1600w, https:\/\/moyahousehold.com\/wp-content\/uploads\/2025\/07\/ZT-\u7d20\u7f8e\u4fdd\u9c9c\u76d2-16_\u526f\u672c-270x270.webp 270w, https:\/\/moyahousehold.com\/wp-content\/uploads\/2025\/07\/ZT-\u7d20\u7f8e\u4fdd\u9c9c\u76d2-16_\u526f\u672c-540x540.webp 540w, https:\/\/moyahousehold.com\/wp-content\/uploads\/2025\/07\/ZT-\u7d20\u7f8e\u4fdd\u9c9c\u76d2-16_\u526f\u672c-660x660.webp 660w\" sizes=\"(max-width: 3959px) 100vw, 3959px\" \/><\/figure>\n<\/div>\n\n\n\n<div class=\"wp-block-column is-layout-flow wp-block-column-is-layout-flow\">\n<figure class=\"wp-block-image size-full\"><img decoding=\"async\" width=\"4149\" height=\"4149\" src=\"https:\/\/moyahousehold.com\/wp-content\/uploads\/2025\/07\/ZT-\u7d20\u7f8e\u4fdd\u9c9c\u76d2-21_\u526f\u672c.webp\" alt=\"Transparent lid stainless steel food storage box\" class=\"wp-image-11361\" srcset=\"https:\/\/moyahousehold.com\/wp-content\/uploads\/2025\/07\/ZT-\u7d20\u7f8e\u4fdd\u9c9c\u76d2-21_\u526f\u672c.webp 4149w, https:\/\/moyahousehold.com\/wp-content\/uploads\/2025\/07\/ZT-\u7d20\u7f8e\u4fdd\u9c9c\u76d2-21_\u526f\u672c-300x300.webp 300w, https:\/\/moyahousehold.com\/wp-content\/uploads\/2025\/07\/ZT-\u7d20\u7f8e\u4fdd\u9c9c\u76d2-21_\u526f\u672c-150x150.webp 150w, https:\/\/moyahousehold.com\/wp-content\/uploads\/2025\/07\/ZT-\u7d20\u7f8e\u4fdd\u9c9c\u76d2-21_\u526f\u672c-768x768.webp 768w, https:\/\/moyahousehold.com\/wp-content\/uploads\/2025\/07\/ZT-\u7d20\u7f8e\u4fdd\u9c9c\u76d2-21_\u526f\u672c-12x12.webp 12w, https:\/\/moyahousehold.com\/wp-content\/uploads\/2025\/07\/ZT-\u7d20\u7f8e\u4fdd\u9c9c\u76d2-21_\u526f\u672c-285x285.webp 285w, https:\/\/moyahousehold.com\/wp-content\/uploads\/2025\/07\/ZT-\u7d20\u7f8e\u4fdd\u9c9c\u76d2-21_\u526f\u672c-1600x1600.webp 1600w, https:\/\/moyahousehold.com\/wp-content\/uploads\/2025\/07\/ZT-\u7d20\u7f8e\u4fdd\u9c9c\u76d2-21_\u526f\u672c-270x270.webp 270w, https:\/\/moyahousehold.com\/wp-content\/uploads\/2025\/07\/ZT-\u7d20\u7f8e\u4fdd\u9c9c\u76d2-21_\u526f\u672c-540x540.webp 540w, https:\/\/moyahousehold.com\/wp-content\/uploads\/2025\/07\/ZT-\u7d20\u7f8e\u4fdd\u9c9c\u76d2-21_\u526f\u672c-660x660.webp 660w\" sizes=\"(max-width: 4149px) 100vw, 4149px\" \/><\/figure>\n<\/div>\n<\/div>\n\n\n\n<div class=\"wp-block-columns is-layout-flex wp-container-core-columns-is-layout-9d6595d7 wp-block-columns-is-layout-flex\">\n<div class=\"wp-block-column is-layout-flow wp-block-column-is-layout-flow\">\n<figure class=\"wp-block-image size-full\"><img decoding=\"async\" width=\"4037\" height=\"4037\" src=\"https:\/\/moyahousehold.com\/wp-content\/uploads\/2025\/07\/ZT-\u7d20\u7f8e\u4fdd\u9c9c\u76d2-26_\u526f\u672c.webp\" alt=\"Transparent lid stainless steel food storage box\" class=\"wp-image-11362\" srcset=\"https:\/\/moyahousehold.com\/wp-content\/uploads\/2025\/07\/ZT-\u7d20\u7f8e\u4fdd\u9c9c\u76d2-26_\u526f\u672c.webp 4037w, https:\/\/moyahousehold.com\/wp-content\/uploads\/2025\/07\/ZT-\u7d20\u7f8e\u4fdd\u9c9c\u76d2-26_\u526f\u672c-300x300.webp 300w, https:\/\/moyahousehold.com\/wp-content\/uploads\/2025\/07\/ZT-\u7d20\u7f8e\u4fdd\u9c9c\u76d2-26_\u526f\u672c-150x150.webp 150w, https:\/\/moyahousehold.com\/wp-content\/uploads\/2025\/07\/ZT-\u7d20\u7f8e\u4fdd\u9c9c\u76d2-26_\u526f\u672c-768x768.webp 768w, https:\/\/moyahousehold.com\/wp-content\/uploads\/2025\/07\/ZT-\u7d20\u7f8e\u4fdd\u9c9c\u76d2-26_\u526f\u672c-12x12.webp 12w, https:\/\/moyahousehold.com\/wp-content\/uploads\/2025\/07\/ZT-\u7d20\u7f8e\u4fdd\u9c9c\u76d2-26_\u526f\u672c-285x285.webp 285w, https:\/\/moyahousehold.com\/wp-content\/uploads\/2025\/07\/ZT-\u7d20\u7f8e\u4fdd\u9c9c\u76d2-26_\u526f\u672c-1600x1600.webp 1600w, https:\/\/moyahousehold.com\/wp-content\/uploads\/2025\/07\/ZT-\u7d20\u7f8e\u4fdd\u9c9c\u76d2-26_\u526f\u672c-270x270.webp 270w, https:\/\/moyahousehold.com\/wp-content\/uploads\/2025\/07\/ZT-\u7d20\u7f8e\u4fdd\u9c9c\u76d2-26_\u526f\u672c-540x540.webp 540w, https:\/\/moyahousehold.com\/wp-content\/uploads\/2025\/07\/ZT-\u7d20\u7f8e\u4fdd\u9c9c\u76d2-26_\u526f\u672c-660x660.webp 660w\" sizes=\"(max-width: 4037px) 100vw, 4037px\" \/><\/figure>\n<\/div>\n\n\n\n<div class=\"wp-block-column is-layout-flow wp-block-column-is-layout-flow\">\n<figure class=\"wp-block-image size-full\"><img loading=\"lazy\" decoding=\"async\" width=\"3807\" height=\"3807\" src=\"https:\/\/moyahousehold.com\/wp-content\/uploads\/2025\/07\/ZT-\u7d20\u7f8e\u4fdd\u9c9c\u76d2-9_\u526f\u672c.webp\" alt=\"Transparent lid stainless steel food storage box\" class=\"wp-image-11359\" srcset=\"https:\/\/moyahousehold.com\/wp-content\/uploads\/2025\/07\/ZT-\u7d20\u7f8e\u4fdd\u9c9c\u76d2-9_\u526f\u672c.webp 3807w, https:\/\/moyahousehold.com\/wp-content\/uploads\/2025\/07\/ZT-\u7d20\u7f8e\u4fdd\u9c9c\u76d2-9_\u526f\u672c-300x300.webp 300w, https:\/\/moyahousehold.com\/wp-content\/uploads\/2025\/07\/ZT-\u7d20\u7f8e\u4fdd\u9c9c\u76d2-9_\u526f\u672c-150x150.webp 150w, https:\/\/moyahousehold.com\/wp-content\/uploads\/2025\/07\/ZT-\u7d20\u7f8e\u4fdd\u9c9c\u76d2-9_\u526f\u672c-768x768.webp 768w, https:\/\/moyahousehold.com\/wp-content\/uploads\/2025\/07\/ZT-\u7d20\u7f8e\u4fdd\u9c9c\u76d2-9_\u526f\u672c-12x12.webp 12w, https:\/\/moyahousehold.com\/wp-content\/uploads\/2025\/07\/ZT-\u7d20\u7f8e\u4fdd\u9c9c\u76d2-9_\u526f\u672c-285x285.webp 285w, https:\/\/moyahousehold.com\/wp-content\/uploads\/2025\/07\/ZT-\u7d20\u7f8e\u4fdd\u9c9c\u76d2-9_\u526f\u672c-1600x1600.webp 1600w, https:\/\/moyahousehold.com\/wp-content\/uploads\/2025\/07\/ZT-\u7d20\u7f8e\u4fdd\u9c9c\u76d2-9_\u526f\u672c-270x270.webp 270w, https:\/\/moyahousehold.com\/wp-content\/uploads\/2025\/07\/ZT-\u7d20\u7f8e\u4fdd\u9c9c\u76d2-9_\u526f\u672c-540x540.webp 540w, https:\/\/moyahousehold.com\/wp-content\/uploads\/2025\/07\/ZT-\u7d20\u7f8e\u4fdd\u9c9c\u76d2-9_\u526f\u672c-660x660.webp 660w\" sizes=\"(max-width: 3807px) 100vw, 3807px\" \/><\/figure>\n<\/div>\n<\/div>\n\n\n\n<p><\/p>","protected":false},"excerpt":{"rendered":"<h1 class=\"header-vfC6AV auto-hide-last-sibling-br\">Wholesale Stainless Steel Oil Pot with Transparent Lid: Durable, Visible &amp; Practical<\/h1>\n<h2 class=\"header-vfC6AV auto-hide-last-sibling-br\">Wesentliche Vorteile<\/h2>\n<ul class=\"auto-hide-last-sibling-br\">\n<li><strong>Food &#8211; Grade Stainless Steel<\/strong>: Crafted from premium, food &#8211; grade stainless steel. Non &#8211; toxic, corrosion &#8211; resistant, easy to clean. Safe for direct contact with oil and food, ensuring health.<\/li>\n<li><strong>Transparent Lid Design<\/strong>: Equipped with a clear, shatter &#8211; resistant lid. Allows easy visibility of oil levels, convenient for checking and refilling. Also helps keep dust out, maintaining oil cleanliness.<\/li>\n<li><strong>Ergonomic Handle &amp; Spout<\/strong>: Features an ergonomic handle for a comfortable grip. The precision &#8211; designed spout enables controlled, drip &#8211; free pouring, reducing mess during use.<\/li>\n<li><strong>Vielseitige Anwendung<\/strong>: Suitable for various cooking oils like olive oil, vegetable oil. Ideal for home kitchens, restaurants, or catering services. Perfect for daily cooking, frying, and baking tasks.<\/li>\n<li><strong>Bulk Purchase Benefits<\/strong>: Attractive wholesale pricing for retailers, restaurants, and bulk buyers. Larger orders enjoy more discounts, with flexible cooperation to cut procurement costs.<\/li>\n<\/ul>","protected":false},"featured_media":11354,"comment_status":"closed","ping_status":"closed","template":"","meta":[],"product_cat":[57],"product_tag":[87,92],"class_list":{"0":"post-11343","1":"product","2":"type-product","3":"status-publish","4":"has-post-thumbnail","6":"product_cat-food-storage-container-wholesale","7":"product_tag-wholesale-multi-compartment-lunch-box","8":"product_tag-wholesale-rectangle-lunch-box","10":"first","11":"instock","12":"shipping-taxable","13":"product-type-simple"},"_links":{"self":[{"href":"https:\/\/moyahousehold.com\/de\/wp-json\/wp\/v2\/product\/11343","targetHints":{"allow":["GET"]}}],"collection":[{"href":"https:\/\/moyahousehold.com\/de\/wp-json\/wp\/v2\/product"}],"about":[{"href":"https:\/\/moyahousehold.com\/de\/wp-json\/wp\/v2\/types\/product"}],"replies":[{"embeddable":true,"href":"https:\/\/moyahousehold.com\/de\/wp-json\/wp\/v2\/comments?post=11343"}],"version-history":[{"count":0,"href":"https:\/\/moyahousehold.com\/de\/wp-json\/wp\/v2\/product\/11343\/revisions"}],"wp:featuredmedia":[{"embeddable":true,"href":"https:\/\/moyahousehold.com\/de\/wp-json\/wp\/v2\/media\/11354"}],"wp:attachment":[{"href":"https:\/\/moyahousehold.com\/de\/wp-json\/wp\/v2\/media?parent=11343"}],"wp:term":[{"taxonomy":"product_cat","embeddable":true,"href":"https:\/\/moyahousehold.com\/de\/wp-json\/wp\/v2\/product_cat?post=11343"},{"taxonomy":"product_tag","embeddable":true,"href":"https:\/\/moyahousehold.com\/de\/wp-json\/wp\/v2\/product_tag?post=11343"}],"curies":[{"name":"wp","href":"https:\/\/api.w.org\/{rel}","templated":true}]}}