{"id":11365,"date":"2025-07-13T07:06:59","date_gmt":"2025-07-13T07:06:59","guid":{"rendered":"https:\/\/moyahousehold.com\/?post_type=product&#038;p=11365"},"modified":"2025-07-13T07:48:29","modified_gmt":"2025-07-13T07:48:29","slug":"stainless-steel-striped-bottom-food-container-leakproof-fresh-keeping-box","status":"publish","type":"product","link":"https:\/\/moyahousehold.com\/de\/produkt\/stainless-steel-striped-bottom-food-container-leakproof-fresh-keeping-box\/","title":{"rendered":"Lebensmittelbeh\u00e4lter aus Edelstahl mit gestreiftem Boden Auslaufsichere Frischhaltebox"},"content":{"rendered":"<p><strong>Material:<\/strong> 304 + PE<\/p>\n\n\n\n<p><strong>Farbe:<\/strong> Stahl<\/p>\n\n\n\n<figure class=\"wp-block-table\"><table class=\"has-fixed-layout\"><tbody><tr><td>Artikel<\/td><td>Material<\/td><td>Kapazit\u00e4t<\/td><td>Gr\u00f6\u00dfe\/PCS<\/td><td>PCS\/Koffer<\/td><td>N.W.\/PCS<\/td><td>G.W.\/Fall<\/td><\/tr><tr><td>MYZT001<\/td><td rowspan=\"6\">304+PE Deckel<br>+Silikon<\/td><td>700ml<\/td><td>16.1*11.9*4.4<\/td><td>84<\/td><td>0.19<\/td><td>18.0&nbsp;<\/td><\/tr><tr><td>MYZT002<\/td><td>1100ml<\/td><td>19.6*14.9*4.8<\/td><td>56<\/td><td>0.27<\/td><td>17.1&nbsp;<\/td><\/tr><tr><td>MYZT003<\/td><td>1700ml<\/td><td>23.7*18.2*5.4<\/td><td>42<\/td><td>0.4<\/td><td>18.8&nbsp;<\/td><\/tr><tr><td>MYZT004<\/td><td>1000ml<\/td><td>16.1*11.9*6.6<\/td><td>72<\/td><td>0.3<\/td><td>23.6&nbsp;<\/td><\/tr><tr><td>MYZT005<\/td><td>1800ml<\/td><td>19.6*14.9*7.8<\/td><td>48<\/td><td>0.35<\/td><td>18.8&nbsp;<\/td><\/tr><tr><td>MYZT006<\/td><td>3000ml<\/td><td>23.7*18.2*8.8<\/td><td>36<\/td><td>0.5<\/td><td>20.0&nbsp;<\/td><\/tr><\/tbody><\/table><\/figure>\n\n\n\n<h3 class=\"wp-block-heading\">Individuelle Lunchbox-Optionen<\/h3>\n\n\n\n<p><strong>Logo<\/strong>: Gestalten Sie Ihr Markenlogo auf der Bento-Box aus Edelstahl und der Verpackung.<br><strong>Logo-Optionen<\/strong>: gedrucktes Logo, lasergraviertes Logo, etc.<br><strong>Muster<\/strong>: Druckmuster auf Produkten und Verpackungen.<br><strong>Drucktechnik<\/strong>Wassertransferdruck, Siebdruck, W\u00e4rmetransferdruck, Sublimationstransfer, etc.<br><strong>Verpackung:<\/strong>Farbkasten.<br><a href=\"https:\/\/moyahousehold.com\/de\/individuelle-losung\/\"><strong>Erfahren Sie mehr \u00fcber individuelle L\u00f6sungen f\u00fcr Lunchpakete.<\/strong><\/a><\/p>\n\n\n\n<div class=\"wp-block-columns is-layout-flex wp-container-core-columns-is-layout-9d6595d7 wp-block-columns-is-layout-flex\">\n<div class=\"wp-block-column is-layout-flow wp-block-column-is-layout-flow\">\n<figure class=\"wp-block-image size-full\"><img fetchpriority=\"high\" decoding=\"async\" width=\"3438\" height=\"3438\" src=\"https:\/\/moyahousehold.com\/wp-content\/uploads\/2025\/07\/Stainless-steel-food-storage-box-with-striped-bottom-5.webp\" alt=\"Vorratsdose aus Edelstahl mit gestreiftem Boden\" class=\"wp-image-11370\" srcset=\"https:\/\/moyahousehold.com\/wp-content\/uploads\/2025\/07\/Stainless-steel-food-storage-box-with-striped-bottom-5.webp 3438w, https:\/\/moyahousehold.com\/wp-content\/uploads\/2025\/07\/Stainless-steel-food-storage-box-with-striped-bottom-5-300x300.webp 300w, https:\/\/moyahousehold.com\/wp-content\/uploads\/2025\/07\/Stainless-steel-food-storage-box-with-striped-bottom-5-150x150.webp 150w, https:\/\/moyahousehold.com\/wp-content\/uploads\/2025\/07\/Stainless-steel-food-storage-box-with-striped-bottom-5-768x768.webp 768w, https:\/\/moyahousehold.com\/wp-content\/uploads\/2025\/07\/Stainless-steel-food-storage-box-with-striped-bottom-5-12x12.webp 12w, https:\/\/moyahousehold.com\/wp-content\/uploads\/2025\/07\/Stainless-steel-food-storage-box-with-striped-bottom-5-285x285.webp 285w, https:\/\/moyahousehold.com\/wp-content\/uploads\/2025\/07\/Stainless-steel-food-storage-box-with-striped-bottom-5-1600x1600.webp 1600w, https:\/\/moyahousehold.com\/wp-content\/uploads\/2025\/07\/Stainless-steel-food-storage-box-with-striped-bottom-5-270x270.webp 270w, https:\/\/moyahousehold.com\/wp-content\/uploads\/2025\/07\/Stainless-steel-food-storage-box-with-striped-bottom-5-540x540.webp 540w, https:\/\/moyahousehold.com\/wp-content\/uploads\/2025\/07\/Stainless-steel-food-storage-box-with-striped-bottom-5-660x660.webp 660w\" sizes=\"(max-width: 3438px) 100vw, 3438px\" \/><\/figure>\n<\/div>\n\n\n\n<div class=\"wp-block-column is-layout-flow wp-block-column-is-layout-flow\">\n<figure class=\"wp-block-image size-full\"><img decoding=\"async\" width=\"3627\" height=\"3627\" src=\"https:\/\/moyahousehold.com\/wp-content\/uploads\/2025\/07\/Stainless-steel-food-storage-box-with-striped-bottom-4.webp\" alt=\"Vorratsdose aus Edelstahl mit gestreiftem Boden\" class=\"wp-image-11369\" srcset=\"https:\/\/moyahousehold.com\/wp-content\/uploads\/2025\/07\/Stainless-steel-food-storage-box-with-striped-bottom-4.webp 3627w, https:\/\/moyahousehold.com\/wp-content\/uploads\/2025\/07\/Stainless-steel-food-storage-box-with-striped-bottom-4-300x300.webp 300w, https:\/\/moyahousehold.com\/wp-content\/uploads\/2025\/07\/Stainless-steel-food-storage-box-with-striped-bottom-4-150x150.webp 150w, https:\/\/moyahousehold.com\/wp-content\/uploads\/2025\/07\/Stainless-steel-food-storage-box-with-striped-bottom-4-768x768.webp 768w, https:\/\/moyahousehold.com\/wp-content\/uploads\/2025\/07\/Stainless-steel-food-storage-box-with-striped-bottom-4-12x12.webp 12w, https:\/\/moyahousehold.com\/wp-content\/uploads\/2025\/07\/Stainless-steel-food-storage-box-with-striped-bottom-4-285x285.webp 285w, https:\/\/moyahousehold.com\/wp-content\/uploads\/2025\/07\/Stainless-steel-food-storage-box-with-striped-bottom-4-1600x1600.webp 1600w, https:\/\/moyahousehold.com\/wp-content\/uploads\/2025\/07\/Stainless-steel-food-storage-box-with-striped-bottom-4-270x270.webp 270w, https:\/\/moyahousehold.com\/wp-content\/uploads\/2025\/07\/Stainless-steel-food-storage-box-with-striped-bottom-4-540x540.webp 540w, https:\/\/moyahousehold.com\/wp-content\/uploads\/2025\/07\/Stainless-steel-food-storage-box-with-striped-bottom-4-660x660.webp 660w\" sizes=\"(max-width: 3627px) 100vw, 3627px\" \/><\/figure>\n<\/div>\n<\/div>\n\n\n\n<div class=\"wp-block-columns is-layout-flex wp-container-core-columns-is-layout-9d6595d7 wp-block-columns-is-layout-flex\">\n<div class=\"wp-block-column is-layout-flow wp-block-column-is-layout-flow\">\n<figure class=\"wp-block-image size-full\"><img decoding=\"async\" width=\"3611\" height=\"3611\" src=\"https:\/\/moyahousehold.com\/wp-content\/uploads\/2025\/07\/Stainless-steel-food-storage-box-with-striped-bottom-3.webp\" alt=\"Vorratsdose aus Edelstahl mit gestreiftem Boden\" class=\"wp-image-11368\" srcset=\"https:\/\/moyahousehold.com\/wp-content\/uploads\/2025\/07\/Stainless-steel-food-storage-box-with-striped-bottom-3.webp 3611w, https:\/\/moyahousehold.com\/wp-content\/uploads\/2025\/07\/Stainless-steel-food-storage-box-with-striped-bottom-3-300x300.webp 300w, https:\/\/moyahousehold.com\/wp-content\/uploads\/2025\/07\/Stainless-steel-food-storage-box-with-striped-bottom-3-150x150.webp 150w, https:\/\/moyahousehold.com\/wp-content\/uploads\/2025\/07\/Stainless-steel-food-storage-box-with-striped-bottom-3-768x768.webp 768w, https:\/\/moyahousehold.com\/wp-content\/uploads\/2025\/07\/Stainless-steel-food-storage-box-with-striped-bottom-3-12x12.webp 12w, https:\/\/moyahousehold.com\/wp-content\/uploads\/2025\/07\/Stainless-steel-food-storage-box-with-striped-bottom-3-285x285.webp 285w, https:\/\/moyahousehold.com\/wp-content\/uploads\/2025\/07\/Stainless-steel-food-storage-box-with-striped-bottom-3-1600x1600.webp 1600w, https:\/\/moyahousehold.com\/wp-content\/uploads\/2025\/07\/Stainless-steel-food-storage-box-with-striped-bottom-3-270x270.webp 270w, https:\/\/moyahousehold.com\/wp-content\/uploads\/2025\/07\/Stainless-steel-food-storage-box-with-striped-bottom-3-540x540.webp 540w, https:\/\/moyahousehold.com\/wp-content\/uploads\/2025\/07\/Stainless-steel-food-storage-box-with-striped-bottom-3-660x660.webp 660w\" sizes=\"(max-width: 3611px) 100vw, 3611px\" \/><\/figure>\n<\/div>\n\n\n\n<div class=\"wp-block-column is-layout-flow wp-block-column-is-layout-flow\">\n<figure class=\"wp-block-image size-full\"><img loading=\"lazy\" decoding=\"async\" width=\"3648\" height=\"3648\" src=\"https:\/\/moyahousehold.com\/wp-content\/uploads\/2025\/07\/Stainless-steel-food-storage-box-with-striped-bottom-2.webp\" alt=\"Vorratsdose aus Edelstahl mit gestreiftem Boden\" class=\"wp-image-11367\" srcset=\"https:\/\/moyahousehold.com\/wp-content\/uploads\/2025\/07\/Stainless-steel-food-storage-box-with-striped-bottom-2.webp 3648w, https:\/\/moyahousehold.com\/wp-content\/uploads\/2025\/07\/Stainless-steel-food-storage-box-with-striped-bottom-2-300x300.webp 300w, https:\/\/moyahousehold.com\/wp-content\/uploads\/2025\/07\/Stainless-steel-food-storage-box-with-striped-bottom-2-150x150.webp 150w, https:\/\/moyahousehold.com\/wp-content\/uploads\/2025\/07\/Stainless-steel-food-storage-box-with-striped-bottom-2-768x768.webp 768w, https:\/\/moyahousehold.com\/wp-content\/uploads\/2025\/07\/Stainless-steel-food-storage-box-with-striped-bottom-2-12x12.webp 12w, https:\/\/moyahousehold.com\/wp-content\/uploads\/2025\/07\/Stainless-steel-food-storage-box-with-striped-bottom-2-285x285.webp 285w, https:\/\/moyahousehold.com\/wp-content\/uploads\/2025\/07\/Stainless-steel-food-storage-box-with-striped-bottom-2-1600x1600.webp 1600w, https:\/\/moyahousehold.com\/wp-content\/uploads\/2025\/07\/Stainless-steel-food-storage-box-with-striped-bottom-2-270x270.webp 270w, https:\/\/moyahousehold.com\/wp-content\/uploads\/2025\/07\/Stainless-steel-food-storage-box-with-striped-bottom-2-540x540.webp 540w, https:\/\/moyahousehold.com\/wp-content\/uploads\/2025\/07\/Stainless-steel-food-storage-box-with-striped-bottom-2-660x660.webp 660w\" sizes=\"(max-width: 3648px) 100vw, 3648px\" \/><\/figure>\n<\/div>\n<\/div>\n\n\n\n<p><\/p>","protected":false},"excerpt":{"rendered":"<div class=\"inter-jQQQ8P\">\n<div class=\"container-PrUkKo\">\n<div class=\"item-hGGxLi\">\n<div class=\"container-arOxqB chrome70-container\">\n<div class=\"inner-FyM8gE inner-item-swzCut\" data-target-id=\"message-box-target-id\" data-testid=\"union_message\">\n<div class=\"message-block-container-aFugD6\" data-testid=\"message-block-container\">\n<div class=\"flex flex-row w-full w-full max-w-full s-font-base text-s-color-text-secondary p-0 rounded-s-radius-s bg-transparent group data-[attr=select-mode]:-mt-10 data-[attr=select-mode]:py-10 data-[attr=select-mode]:px-16 data-[attr=select-mode]:sm:p-10 data-[attr=select-mode]:hover:bg-s-color-bg-base data-[attr=select-mode]:hover:rounded-s-radius-xs data-[attr=select-mode]:has-[:checked]:bg-s-color-bg-trans data-[attr=select-mode]:has-[:checked]:rounded-s-radius-xs data-[attr=select-mode]:pointer-events-none\" data-testid=\"receive_message\">\n<div class=\"flex flex-col flex-grow max-w-full min-w-0\">\n<div class=\"flex flex-row w-full\" data-testid=\"message_content\" data-message-id=\"12046627427058690\">\n<div class=\"w-full\" data-plugin-identifier=\"Symbol(infra:receive-message-box:text)\">\n<div class=\"container-ZYIsnH flow-markdown-body theme-samantha-Nbr9UN\" dir=\"ltr\" data-testid=\"message_text_content\" data-show-indicator=\"false\">\n<h1 class=\"header-vfC6AV auto-hide-last-sibling-br\">Gro\u00dfhandel Edelstahl gestreift - Bottom Food Storage Container: Frischhaltend, langlebig &amp; praktisch<\/h1>\n<h2 class=\"header-vfC6AV auto-hide-last-sibling-br\">Wesentliche Vorteile<\/h2>\n<div class=\"auto-hide-last-sibling-br paragraph-JOTKXA paragraph-element br-paragraph-space\">\u2705\u00a0<strong>Lebensmittelechtes Edelstahlgeh\u00e4use<\/strong>Gefertigt aus hochwertigem, lebensmittelechtem Edelstahl. Ungiftig, korrosionsbest\u00e4ndig und leicht zu reinigen. Sicher f\u00fcr den direkten Kontakt mit Lebensmitteln, um die Frische und Gesundheit der Lebensmittel zu gew\u00e4hrleisten.<\/div>\n<p><br class=\"container-utlnW2 wrapper-d0Cc1k undefined\" \/><\/p>\n<div class=\"auto-hide-last-sibling-br paragraph-JOTKXA paragraph-element br-paragraph-space\">\u2705\u00a0<strong>Gestreift - Unteres Design<\/strong>\uff1aMit einem einzigartigen gestreiften Boden aus Edelstahl. Verbessert die Stabilit\u00e4t beim Aufstellen, nicht leicht zu verrutschen. Auch f\u00fcgt einen Hauch von Stil zu Ihrer K\u00fcche Lagerung.<\/div>\n<p><br class=\"container-utlnW2 wrapper-d0Cc1k undefined\" \/><\/p>\n<div class=\"auto-hide-last-sibling-br paragraph-JOTKXA paragraph-element br-paragraph-space\">\u2705\u00a0<strong>Airtight Fresh - Leistung bewahren<\/strong>\uff1aEntworfen mit einer dicht schlie\u00dfenden Struktur. Schlie\u00dft die Feuchtigkeit und den Geschmack der Lebensmittel ein und verhindert effektiv das Eindringen von Luft und den Verderb der Lebensmittel. H\u00e4lt die Zutaten l\u00e4nger frisch.<\/div>\n<p><br class=\"container-utlnW2 wrapper-d0Cc1k undefined\" \/><\/p>\n<div class=\"auto-hide-last-sibling-br paragraph-JOTKXA paragraph-element br-paragraph-space\">\u2705\u00a0<strong>Vielseitige Anwendung<\/strong>Geeignet f\u00fcr die Aufbewahrung verschiedener Lebensmittel wie Obst, Gem\u00fcse, Reste. Ideal f\u00fcr Hausk\u00fcchen, Picknicks oder Gastronomiebetriebe. Perfekt f\u00fcr die t\u00e4gliche Aufbewahrung von Lebensmitteln, f\u00fcr die Zubereitung von Mahlzeiten und f\u00fcr den Bedarf unterwegs.<\/div>\n<p><br class=\"container-utlnW2 wrapper-d0Cc1k undefined\" \/><\/p>\n<div class=\"auto-hide-last-sibling-br paragraph-JOTKXA paragraph-element br-paragraph-space\">\u2705\u00a0<strong>Gro\u00dfeinkaufsvorteile<\/strong>\uff1aAttraktive Gro\u00dfhandelspreise f\u00fcr Einzelh\u00e4ndler, Catering-Unternehmen und Gro\u00dfabnehmer. Bei gr\u00f6\u00dferen Bestellungen gibt es mehr Rabatte und eine flexible Zusammenarbeit zur Senkung der Beschaffungskosten.<\/div>\n<\/div>\n<\/div>\n<\/div>\n<\/div>\n<\/div>\n<\/div>\n<\/div>\n<\/div>\n<\/div>\n<\/div>\n<\/div>","protected":false},"featured_media":11371,"comment_status":"closed","ping_status":"closed","template":"","meta":[],"product_cat":[57],"product_tag":[87,92],"class_list":{"0":"post-11365","1":"product","2":"type-product","3":"status-publish","4":"has-post-thumbnail","6":"product_cat-food-storage-container-wholesale","7":"product_tag-wholesale-multi-compartment-lunch-box","8":"product_tag-wholesale-rectangle-lunch-box","10":"first","11":"instock","12":"shipping-taxable","13":"product-type-simple"},"_links":{"self":[{"href":"https:\/\/moyahousehold.com\/de\/wp-json\/wp\/v2\/product\/11365","targetHints":{"allow":["GET"]}}],"collection":[{"href":"https:\/\/moyahousehold.com\/de\/wp-json\/wp\/v2\/product"}],"about":[{"href":"https:\/\/moyahousehold.com\/de\/wp-json\/wp\/v2\/types\/product"}],"replies":[{"embeddable":true,"href":"https:\/\/moyahousehold.com\/de\/wp-json\/wp\/v2\/comments?post=11365"}],"version-history":[{"count":0,"href":"https:\/\/moyahousehold.com\/de\/wp-json\/wp\/v2\/product\/11365\/revisions"}],"wp:featuredmedia":[{"embeddable":true,"href":"https:\/\/moyahousehold.com\/de\/wp-json\/wp\/v2\/media\/11371"}],"wp:attachment":[{"href":"https:\/\/moyahousehold.com\/de\/wp-json\/wp\/v2\/media?parent=11365"}],"wp:term":[{"taxonomy":"product_cat","embeddable":true,"href":"https:\/\/moyahousehold.com\/de\/wp-json\/wp\/v2\/product_cat?post=11365"},{"taxonomy":"product_tag","embeddable":true,"href":"https:\/\/moyahousehold.com\/de\/wp-json\/wp\/v2\/product_tag?post=11365"}],"curies":[{"name":"wp","href":"https:\/\/api.w.org\/{rel}","templated":true}]}}