{"id":11379,"date":"2025-07-15T06:43:23","date_gmt":"2025-07-15T06:43:23","guid":{"rendered":"https:\/\/moyahousehold.com\/?post_type=product&#038;p=11379"},"modified":"2025-07-15T07:58:59","modified_gmt":"2025-07-15T07:58:59","slug":"new-striped-bottom-stainless-steel-glass-as-lid-food-container-with-pull-ring-vent","status":"publish","type":"product","link":"https:\/\/moyahousehold.com\/de\/produkt\/new-striped-bottom-stainless-steel-glass-as-lid-food-container-with-pull-ring-vent\/","title":{"rendered":"Neu Gestreifter Boden Edelstahl Glas AS Deckel Lebensmittelbeh\u00e4lter mit Pull Ring Vent"},"content":{"rendered":"<p><strong>Material:<\/strong> 304 + Glas\/AS-Deckel <strong> Farbe:<\/strong> Stahl\/Beige\/Khaki<\/p>\n\n\n\n<figure class=\"wp-block-table\"><table class=\"has-fixed-layout\"><tbody><tr><td>Artikel<\/td><td>Material<\/td><td>Farbe<\/td><td>Kapazit\u00e4t<\/td><td>Gr\u00f6\u00dfe\/PCS<\/td><td>PCS\/Koffer<\/td><td>N.W.\/PCS<\/td><td>G.W.\/Fall<\/td><\/tr><tr><td>MYJD377<\/td><td rowspan=\"15\">304+Glas\/AS+PP+Silikon<\/td><td rowspan=\"15\">Beige\/Khaki<\/td><td>580ml<\/td><td>18.2*12*6.7<\/td><td>80<\/td><td>0.15<\/td><td>14.0&nbsp;<\/td><\/tr><tr><td>MYJD378<\/td><td>880ml<\/td><td>18.2*12*9.2<\/td><td>60<\/td><td>0.19<\/td><td>13.4&nbsp;<\/td><\/tr><tr><td>MYJD379<\/td><td>1180ml<\/td><td>18.2*12*11.6<\/td><td>50<\/td><td>0.23<\/td><td>13.5&nbsp;<\/td><\/tr><tr><td>MYJD380<\/td><td>1000ml<\/td><td>22*15.4*6.7<\/td><td>56<\/td><td>0.23<\/td><td>14.9&nbsp;<\/td><\/tr><tr><td>MYJD381<\/td><td>1600ml<\/td><td>22*15.4*9.2<\/td><td>40<\/td><td>0.27<\/td><td>12.8&nbsp;<\/td><\/tr><tr><td>MYJD382<\/td><td>2100ml<\/td><td>22*15.4*11.6<\/td><td>32<\/td><td>0.34<\/td><td>12.9&nbsp;<\/td><\/tr><tr><td>MYJD383<\/td><td>1500ml<\/td><td>25.7*19*6.7<\/td><td>48<\/td><td>0.29<\/td><td>15.9&nbsp;<\/td><\/tr><tr><td>MYJD384<\/td><td>2300ml<\/td><td>25.7*19*9.2<\/td><td>36<\/td><td>0.34<\/td><td>14.2&nbsp;<\/td><\/tr><tr><td>MYJD385<\/td><td>3100ml<\/td><td>25.7*19*11.6<\/td><td>24<\/td><td>0.38<\/td><td>11.1&nbsp;<\/td><\/tr><tr><td>MYJD386<\/td><td>1100ml<\/td><td>19.2*19.2*6.7<\/td><td>60<\/td><td>0.43<\/td><td>27.8&nbsp;<\/td><\/tr><tr><td>MYJD387<\/td><td>1700ml<\/td><td>19.2*19.2*9.2<\/td><td>36<\/td><td>0.47<\/td><td>18.9&nbsp;<\/td><\/tr><tr><td>MYJD388<\/td><td>2300ml<\/td><td>19.2*19.2*11.6<\/td><td>24<\/td><td>0.54<\/td><td>15.0&nbsp;<\/td><\/tr><tr><td>MYJD389<\/td><td>450ml<\/td><td>15*15*6.3<\/td><td>80<\/td><td>0.23<\/td><td>20.4&nbsp;<\/td><\/tr><tr><td>MYJD390<\/td><td>680ml<\/td><td>15*15*8.7<\/td><td>56<\/td><td>0.25<\/td><td>16.0&nbsp;<\/td><\/tr><tr><td>MYJD391<\/td><td>900ml<\/td><td>15*15*10.8<\/td><td>40<\/td><td>0.28<\/td><td>13.2&nbsp;<\/td><\/tr><tr><td>MYJD362<\/td><td rowspan=\"15\">304+Glas\/AS+PP+Silikon<\/td><td rowspan=\"15\">Stahl+Gr\u00fcn\/Braun<\/td><td>580ml<\/td><td>17*10.6*5.2<\/td><td>80<\/td><td>0.15<\/td><td>14.0&nbsp;<\/td><\/tr><tr><td>MYJD363<\/td><td>880ml<\/td><td>17*10.6*7.7<\/td><td>60<\/td><td>0.19<\/td><td>13.4&nbsp;<\/td><\/tr><tr><td>MYJD364<\/td><td>1180ml<\/td><td>17*10.6*10.3<\/td><td>50<\/td><td>0.23<\/td><td>13.5&nbsp;<\/td><\/tr><tr><td>MYJD365<\/td><td>1000ml<\/td><td>20.8*14.1*5.2<\/td><td>56<\/td><td>0.23<\/td><td>14.9&nbsp;<\/td><\/tr><tr><td>MYJD366<\/td><td>1600ml<\/td><td>20.8*14.1*7.7<\/td><td>40<\/td><td>0.27<\/td><td>12.8&nbsp;<\/td><\/tr><tr><td>MYJD367<\/td><td>2100ml<\/td><td>20.8*14.1*10.3<\/td><td>32<\/td><td>0.34<\/td><td>12.9&nbsp;<\/td><\/tr><tr><td>MYJD368<\/td><td>1500ml<\/td><td>24.3*17.5*5.2<\/td><td>48<\/td><td>0.29<\/td><td>15.9&nbsp;<\/td><\/tr><tr><td>MYJD369<\/td><td>2300ml<\/td><td>24.3*17.5*7.7<\/td><td>36<\/td><td>0.34<\/td><td>14.2&nbsp;<\/td><\/tr><tr><td>MYJD370<\/td><td>3100ml<\/td><td>24.3*17.5*10.3<\/td><td>24<\/td><td>0.38<\/td><td>11.1&nbsp;<\/td><\/tr><tr><td>MYJD371<\/td><td>1100ml<\/td><td>19.2*19.2*6.7<\/td><td>60<\/td><td>0.43<\/td><td>27.8&nbsp;<\/td><\/tr><tr><td>MYJD372<\/td><td>1700ml<\/td><td>19.2*19.2*9.2<\/td><td>36<\/td><td>0.47<\/td><td>18.9&nbsp;<\/td><\/tr><tr><td>MYJD373<\/td><td>2300ml<\/td><td>19.2*19.2*11.6<\/td><td>24<\/td><td>0.54<\/td><td>15.0&nbsp;<\/td><\/tr><tr><td>MYJD374<\/td><td>450ml<\/td><td>15*6.3<\/td><td>80<\/td><td>0.23<\/td><td>20.4&nbsp;<\/td><\/tr><tr><td>MYJD375<\/td><td>680ml<\/td><td>15*8.7<\/td><td>56<\/td><td>0.25<\/td><td>16.0&nbsp;<\/td><\/tr><tr><td>MYJD376<\/td><td>900ml<\/td><td>15*10.8<\/td><td>40<\/td><td>0.28<\/td><td>13.2&nbsp;<\/td><\/tr><\/tbody><\/table><\/figure>\n\n\n\n<h3 class=\"wp-block-heading\">Individuelle Lunchbox-Optionen<\/h3>\n\n\n\n<p><strong>Logo<\/strong>: Gestalten Sie Ihr Markenlogo auf der Bento-Box aus Edelstahl und der Verpackung.<br><strong>Logo-Optionen<\/strong>: gedrucktes Logo, lasergraviertes Logo, etc.<br><strong>Muster<\/strong>: Druckmuster auf Produkten und Verpackungen.<br><strong>Drucktechnik<\/strong>Wassertransferdruck, Siebdruck, W\u00e4rmetransferdruck, Sublimationstransfer, etc.<br><strong>Verpackung:<\/strong>Farbkasten.<br><a href=\"https:\/\/moyahousehold.com\/de\/individuelle-losung\/\"><strong>Erfahren Sie mehr \u00fcber individuelle L\u00f6sungen f\u00fcr Lunchpakete.<\/strong><\/a><\/p>\n\n\n\n<div class=\"wp-block-columns is-layout-flex wp-container-core-columns-is-layout-9d6595d7 wp-block-columns-is-layout-flex\">\n<div class=\"wp-block-column is-layout-flow wp-block-column-is-layout-flow\">\n<figure class=\"wp-block-image size-full\"><img fetchpriority=\"high\" decoding=\"async\" width=\"3861\" height=\"3861\" src=\"https:\/\/moyahousehold.com\/wp-content\/uploads\/2025\/07\/New-glass-covered-food-storage-container-15.webp\" alt=\"Neuer Vorratsbeh\u00e4lter f\u00fcr Lebensmittel mit Glasabdeckung\" class=\"wp-image-11398\" srcset=\"https:\/\/moyahousehold.com\/wp-content\/uploads\/2025\/07\/New-glass-covered-food-storage-container-15.webp 3861w, https:\/\/moyahousehold.com\/wp-content\/uploads\/2025\/07\/New-glass-covered-food-storage-container-15-300x300.webp 300w, https:\/\/moyahousehold.com\/wp-content\/uploads\/2025\/07\/New-glass-covered-food-storage-container-15-150x150.webp 150w, https:\/\/moyahousehold.com\/wp-content\/uploads\/2025\/07\/New-glass-covered-food-storage-container-15-768x768.webp 768w, https:\/\/moyahousehold.com\/wp-content\/uploads\/2025\/07\/New-glass-covered-food-storage-container-15-12x12.webp 12w, https:\/\/moyahousehold.com\/wp-content\/uploads\/2025\/07\/New-glass-covered-food-storage-container-15-285x285.webp 285w, https:\/\/moyahousehold.com\/wp-content\/uploads\/2025\/07\/New-glass-covered-food-storage-container-15-1600x1600.webp 1600w, https:\/\/moyahousehold.com\/wp-content\/uploads\/2025\/07\/New-glass-covered-food-storage-container-15-270x270.webp 270w, https:\/\/moyahousehold.com\/wp-content\/uploads\/2025\/07\/New-glass-covered-food-storage-container-15-540x540.webp 540w, https:\/\/moyahousehold.com\/wp-content\/uploads\/2025\/07\/New-glass-covered-food-storage-container-15-660x660.webp 660w\" sizes=\"(max-width: 3861px) 100vw, 3861px\" \/><\/figure>\n<\/div>\n\n\n\n<div class=\"wp-block-column is-layout-flow wp-block-column-is-layout-flow\">\n<figure class=\"wp-block-image size-full\"><img decoding=\"async\" width=\"3837\" height=\"3837\" src=\"https:\/\/moyahousehold.com\/wp-content\/uploads\/2025\/07\/New-glass-covered-food-storage-container-1.webp\" alt=\"Neuer Vorratsbeh\u00e4lter f\u00fcr Lebensmittel mit Glasabdeckung\" class=\"wp-image-11384\" srcset=\"https:\/\/moyahousehold.com\/wp-content\/uploads\/2025\/07\/New-glass-covered-food-storage-container-1.webp 3837w, https:\/\/moyahousehold.com\/wp-content\/uploads\/2025\/07\/New-glass-covered-food-storage-container-1-300x300.webp 300w, https:\/\/moyahousehold.com\/wp-content\/uploads\/2025\/07\/New-glass-covered-food-storage-container-1-150x150.webp 150w, https:\/\/moyahousehold.com\/wp-content\/uploads\/2025\/07\/New-glass-covered-food-storage-container-1-768x768.webp 768w, https:\/\/moyahousehold.com\/wp-content\/uploads\/2025\/07\/New-glass-covered-food-storage-container-1-12x12.webp 12w, https:\/\/moyahousehold.com\/wp-content\/uploads\/2025\/07\/New-glass-covered-food-storage-container-1-285x285.webp 285w, https:\/\/moyahousehold.com\/wp-content\/uploads\/2025\/07\/New-glass-covered-food-storage-container-1-1600x1600.webp 1600w, https:\/\/moyahousehold.com\/wp-content\/uploads\/2025\/07\/New-glass-covered-food-storage-container-1-270x270.webp 270w, https:\/\/moyahousehold.com\/wp-content\/uploads\/2025\/07\/New-glass-covered-food-storage-container-1-540x540.webp 540w, https:\/\/moyahousehold.com\/wp-content\/uploads\/2025\/07\/New-glass-covered-food-storage-container-1-660x660.webp 660w\" sizes=\"(max-width: 3837px) 100vw, 3837px\" \/><\/figure>\n<\/div>\n<\/div>\n\n\n\n<div class=\"wp-block-columns is-layout-flex wp-container-core-columns-is-layout-9d6595d7 wp-block-columns-is-layout-flex\">\n<div class=\"wp-block-column is-layout-flow wp-block-column-is-layout-flow\">\n<figure class=\"wp-block-image size-full\"><img decoding=\"async\" width=\"3710\" height=\"3710\" src=\"https:\/\/moyahousehold.com\/wp-content\/uploads\/2025\/07\/New-AS-lid-food-storage-container-1.webp\" alt=\"Neuer Vorratsbeh\u00e4lter f\u00fcr Lebensmittel mit Glasabdeckung\" class=\"wp-image-11380\" srcset=\"https:\/\/moyahousehold.com\/wp-content\/uploads\/2025\/07\/New-AS-lid-food-storage-container-1.webp 3710w, https:\/\/moyahousehold.com\/wp-content\/uploads\/2025\/07\/New-AS-lid-food-storage-container-1-300x300.webp 300w, https:\/\/moyahousehold.com\/wp-content\/uploads\/2025\/07\/New-AS-lid-food-storage-container-1-150x150.webp 150w, https:\/\/moyahousehold.com\/wp-content\/uploads\/2025\/07\/New-AS-lid-food-storage-container-1-768x768.webp 768w, https:\/\/moyahousehold.com\/wp-content\/uploads\/2025\/07\/New-AS-lid-food-storage-container-1-12x12.webp 12w, https:\/\/moyahousehold.com\/wp-content\/uploads\/2025\/07\/New-AS-lid-food-storage-container-1-285x285.webp 285w, https:\/\/moyahousehold.com\/wp-content\/uploads\/2025\/07\/New-AS-lid-food-storage-container-1-1600x1600.webp 1600w, https:\/\/moyahousehold.com\/wp-content\/uploads\/2025\/07\/New-AS-lid-food-storage-container-1-270x270.webp 270w, https:\/\/moyahousehold.com\/wp-content\/uploads\/2025\/07\/New-AS-lid-food-storage-container-1-540x540.webp 540w, https:\/\/moyahousehold.com\/wp-content\/uploads\/2025\/07\/New-AS-lid-food-storage-container-1-660x660.webp 660w\" sizes=\"(max-width: 3710px) 100vw, 3710px\" \/><\/figure>\n<\/div>\n\n\n\n<div class=\"wp-block-column is-layout-flow wp-block-column-is-layout-flow\">\n<figure class=\"wp-block-image size-full\"><img loading=\"lazy\" decoding=\"async\" width=\"3870\" height=\"3870\" src=\"https:\/\/moyahousehold.com\/wp-content\/uploads\/2025\/07\/New-AS-lid-food-storage-container-3.webp\" alt=\"Neuer Vorratsbeh\u00e4lter f\u00fcr Lebensmittel mit Glasabdeckung\" class=\"wp-image-11382\" srcset=\"https:\/\/moyahousehold.com\/wp-content\/uploads\/2025\/07\/New-AS-lid-food-storage-container-3.webp 3870w, https:\/\/moyahousehold.com\/wp-content\/uploads\/2025\/07\/New-AS-lid-food-storage-container-3-300x300.webp 300w, https:\/\/moyahousehold.com\/wp-content\/uploads\/2025\/07\/New-AS-lid-food-storage-container-3-150x150.webp 150w, https:\/\/moyahousehold.com\/wp-content\/uploads\/2025\/07\/New-AS-lid-food-storage-container-3-768x768.webp 768w, https:\/\/moyahousehold.com\/wp-content\/uploads\/2025\/07\/New-AS-lid-food-storage-container-3-12x12.webp 12w, https:\/\/moyahousehold.com\/wp-content\/uploads\/2025\/07\/New-AS-lid-food-storage-container-3-285x285.webp 285w, https:\/\/moyahousehold.com\/wp-content\/uploads\/2025\/07\/New-AS-lid-food-storage-container-3-1600x1600.webp 1600w, https:\/\/moyahousehold.com\/wp-content\/uploads\/2025\/07\/New-AS-lid-food-storage-container-3-270x270.webp 270w, https:\/\/moyahousehold.com\/wp-content\/uploads\/2025\/07\/New-AS-lid-food-storage-container-3-540x540.webp 540w, https:\/\/moyahousehold.com\/wp-content\/uploads\/2025\/07\/New-AS-lid-food-storage-container-3-660x660.webp 660w\" sizes=\"(max-width: 3870px) 100vw, 3870px\" \/><\/figure>\n<\/div>\n<\/div>\n\n\n\n<p><\/p>","protected":false},"excerpt":{"rendered":"<h1 class=\"header-vfC6AV auto-hide-last-sibling-br\">Gro\u00dfhandel gestreift - Boden Edelstahl frisch - halten Container: Glas\/AS-Deckel, Pull - Ring Vent, Neue Ankunft<\/h1>\n<h2 class=\"header-vfC6AV auto-hide-last-sibling-br\">Zentrale Produktvorteile<\/h2>\n<h3 class=\"header-vfC6AV auto-hide-last-sibling-br\">Lebensmittelgeeignetes Material aus Edelstahl<\/h3>\n<div class=\"auto-hide-last-sibling-br paragraph-JOTKXA paragraph-element br-paragraph-space\">Hergestellt aus hochwertigem, lebensmittelechtem Edelstahl, zertifiziert von ma\u00dfgeblichen Stellen. Ungiftig, korrosionsbest\u00e4ndig, geruchsneutral. Leicht zu reinigen, sicher f\u00fcr den direkten Kontakt mit Lebensmitteln, sch\u00fctzt die Gesundheit der Ern\u00e4hrung.<\/div>\n<h3 class=\"header-vfC6AV auto-hide-last-sibling-br\">Glas\/AS-Deckel mit Zug - Ringventile<\/h3>\n<div class=\"auto-hide-last-sibling-br paragraph-JOTKXA paragraph-element br-paragraph-space\">Ausgestattet mit einem Glas- oder AS-Deckel, der mit einer Zugringentl\u00fcftung versehen ist. Bildet einen wirksamen luftdichten Raum mit dem Silikondichtungsring. Blockiert Luft, Feuchtigkeit, verhindert Geruchsmischung und Verderb, verl\u00e4ngert die Frische. Gut geeignet f\u00fcr die Lagerung im K\u00fchlschrank und bei Raumtemperatur.<\/div>\n<h3 class=\"header-vfC6AV auto-hide-last-sibling-br\">Gestreift - Unteres Design<\/h3>\n<div class=\"auto-hide-last-sibling-br paragraph-JOTKXA paragraph-element br-paragraph-space\">Einzigartiger gestreifter Boden f\u00fcr mehr \u00c4sthetik und Anti-Rutsch-Funktion. Verbessert die Produkttextur, geeignet f\u00fcr verschiedene Szenarien.<\/div>\n<h3 class=\"header-vfC6AV auto-hide-last-sibling-br\">Verschiedene Gr\u00f6\u00dfen und Spezifikationen<\/h3>\n<div class=\"auto-hide-last-sibling-br paragraph-JOTKXA paragraph-element br-paragraph-space\">Bietet eine Reihe von Gr\u00f6\u00dfen, von Mini f\u00fcr Saucen\/Snacks bis zu gro\u00df f\u00fcr Familienmahlzeiten. Passt sich an unterschiedliche Aufbewahrungsbed\u00fcrfnisse an.<\/div>\n<h3 class=\"header-vfC6AV auto-hide-last-sibling-br\">Anpassungsdienste<\/h3>\n<div class=\"auto-hide-last-sibling-br paragraph-JOTKXA paragraph-element br-paragraph-space\">Unterst\u00fctzt OEM &amp; ODM: Passen Sie Deckelmuster (Glas\/AS), Beh\u00e4lterfarben und Logos an. Ideal f\u00fcr den pers\u00f6nlichen Gebrauch, Firmengeschenke, Erstellung exklusiver Produkte.<\/div>\n<h3 class=\"header-vfC6AV auto-hide-last-sibling-br\">Rabatte bei Gro\u00dfeinkauf<\/h3>\n<div class=\"auto-hide-last-sibling-br paragraph-JOTKXA paragraph-element br-paragraph-space\">Attraktive Preise f\u00fcr Gro\u00dfh\u00e4ndler, Einzelh\u00e4ndler und Unternehmen. Gr\u00f6\u00dfere Bestellungen, h\u00f6here Rabatte. Flexible Modelle senken die Beschaffungskosten.<\/div>","protected":false},"featured_media":11390,"comment_status":"closed","ping_status":"closed","template":"","meta":[],"product_cat":[57],"product_tag":[87,92],"class_list":{"0":"post-11379","1":"product","2":"type-product","3":"status-publish","4":"has-post-thumbnail","6":"product_cat-food-storage-container-wholesale","7":"product_tag-wholesale-multi-compartment-lunch-box","8":"product_tag-wholesale-rectangle-lunch-box","10":"first","11":"instock","12":"shipping-taxable","13":"product-type-simple"},"_links":{"self":[{"href":"https:\/\/moyahousehold.com\/de\/wp-json\/wp\/v2\/product\/11379","targetHints":{"allow":["GET"]}}],"collection":[{"href":"https:\/\/moyahousehold.com\/de\/wp-json\/wp\/v2\/product"}],"about":[{"href":"https:\/\/moyahousehold.com\/de\/wp-json\/wp\/v2\/types\/product"}],"replies":[{"embeddable":true,"href":"https:\/\/moyahousehold.com\/de\/wp-json\/wp\/v2\/comments?post=11379"}],"version-history":[{"count":1,"href":"https:\/\/moyahousehold.com\/de\/wp-json\/wp\/v2\/product\/11379\/revisions"}],"predecessor-version":[{"id":11830,"href":"https:\/\/moyahousehold.com\/de\/wp-json\/wp\/v2\/product\/11379\/revisions\/11830"}],"wp:featuredmedia":[{"embeddable":true,"href":"https:\/\/moyahousehold.com\/de\/wp-json\/wp\/v2\/media\/11390"}],"wp:attachment":[{"href":"https:\/\/moyahousehold.com\/de\/wp-json\/wp\/v2\/media?parent=11379"}],"wp:term":[{"taxonomy":"product_cat","embeddable":true,"href":"https:\/\/moyahousehold.com\/de\/wp-json\/wp\/v2\/product_cat?post=11379"},{"taxonomy":"product_tag","embeddable":true,"href":"https:\/\/moyahousehold.com\/de\/wp-json\/wp\/v2\/product_tag?post=11379"}],"curies":[{"name":"wp","href":"https:\/\/api.w.org\/{rel}","templated":true}]}}