{"id":11450,"date":"2025-07-15T08:23:54","date_gmt":"2025-07-15T08:23:54","guid":{"rendered":"https:\/\/moyahousehold.com\/?post_type=product&#038;p=11450"},"modified":"2026-04-15T01:46:47","modified_gmt":"2026-04-15T01:46:47","slug":"new-stainless-steel-salad-bowl-with-lid-volume-markings-fresh-keeping-kitchenware","status":"publish","type":"product","link":"https:\/\/moyahousehold.com\/de\/produkt\/new-stainless-steel-salad-bowl-with-lid-volume-markings-fresh-keeping-kitchenware\/","title":{"rendered":"Neu Salatsch\u00fcssel aus Edelstahl mit Deckel &amp; Volumenmarkierung, Fresh - keeping Kitchenware"},"content":{"rendered":"<div class=\"wp-block-columns is-layout-flex wp-container-core-columns-is-layout-9d6595d7 wp-block-columns-is-layout-flex\">\n<div class=\"wp-block-column is-layout-flow wp-block-column-is-layout-flow\">\n<h3 class=\"wp-block-heading\">Parameter der anpassbaren Salatsch\u00fcssel<\/h3>\n\n\n\n<figure class=\"wp-block-table\"><table class=\"has-fixed-layout\"><tbody><tr><td><strong>Artikel<\/strong><\/td><td><strong>Material<\/strong><\/td><td><strong>Farbe<\/strong><\/td><td><strong>Kapazit\u00e4t<\/strong><\/td><td><strong>Gr\u00f6\u00dfe\/PCS<\/strong><\/td><td><strong>PCS\/Koffer<\/strong><\/td><td><strong>N.W.\/PCS<\/strong><\/td><td><strong>G.W.\/Fall<\/strong><\/td><\/tr><tr><td>MYTY016<\/td><td rowspan=\"5\">304\/201<\/td><td rowspan=\"5\">Stahl<\/td><td>16cm<\/td><td>16*16*7<\/td><td>120<\/td><td>0.10&nbsp;<\/td><td>14<\/td><\/tr><tr><td>MYTY017<\/td><td>19cm<\/td><td>19*19*8<\/td><td>100<\/td><td>0.20&nbsp;<\/td><td>22<\/td><\/tr><tr><td>MYTY018<\/td><td>22cm<\/td><td>22*22*10<\/td><td>80<\/td><td>0.20&nbsp;<\/td><td>18<\/td><\/tr><tr><td>MYTY019<\/td><td>25cm<\/td><td>25*25*10.5<\/td><td>60<\/td><td>0.20&nbsp;<\/td><td>14<\/td><\/tr><tr><td>MYTY020<\/td><td>28cm<\/td><td>28*28*12<\/td><td>40<\/td><td>0.20&nbsp;<\/td><td>10<\/td><\/tr><\/tbody><\/table><\/figure>\n\n\n\n<h3 class=\"wp-block-heading\">Optionen f\u00fcr individuelle Salatsch\u00fcsseln<\/h3>\n\n\n\n<p><strong>Logo<\/strong>: Individuelle Gestaltung von Lebensmittelbeh\u00e4ltern und -verpackungen mit Ihrem Markenlogo.<br><strong>Logo Options<\/strong>: gedrucktes Logo, lasergraviertes Logo, etc.<br><strong>Muster<\/strong>: Druckmuster auf Salatsch\u00fcssel.<br><strong>Printing Technology<\/strong>:  screen transfer, heat transfer, water transfer printing to add patterns to your products.<br><b>Paket:<\/b> Farbkasten.<br><a href=\"https:\/\/moyahousehold.com\/de\/individuelle-losung\/\"><strong>Mehr Anpassungsm\u00f6glichkeiten entdecken<\/strong><\/a><\/p>\n<\/div>\n<\/div>\n\n\n\n<div class=\"wp-block-columns is-layout-flex wp-container-core-columns-is-layout-9d6595d7 wp-block-columns-is-layout-flex\">\n<div class=\"wp-block-column is-layout-flow wp-block-column-is-layout-flow\">\n<figure class=\"wp-block-image size-full\"><img fetchpriority=\"high\" decoding=\"async\" width=\"3957\" height=\"3957\" src=\"https:\/\/moyahousehold.com\/wp-content\/uploads\/2025\/07\/Stainless-steel-salad-bowl-with-cover-2.webp\" alt=\"Salatsch\u00fcssel aus Edelstahl mit Deckel\" class=\"wp-image-11439\" srcset=\"https:\/\/moyahousehold.com\/wp-content\/uploads\/2025\/07\/Stainless-steel-salad-bowl-with-cover-2.webp 3957w, https:\/\/moyahousehold.com\/wp-content\/uploads\/2025\/07\/Stainless-steel-salad-bowl-with-cover-2-300x300.webp 300w, https:\/\/moyahousehold.com\/wp-content\/uploads\/2025\/07\/Stainless-steel-salad-bowl-with-cover-2-150x150.webp 150w, https:\/\/moyahousehold.com\/wp-content\/uploads\/2025\/07\/Stainless-steel-salad-bowl-with-cover-2-768x768.webp 768w, https:\/\/moyahousehold.com\/wp-content\/uploads\/2025\/07\/Stainless-steel-salad-bowl-with-cover-2-12x12.webp 12w, https:\/\/moyahousehold.com\/wp-content\/uploads\/2025\/07\/Stainless-steel-salad-bowl-with-cover-2-285x285.webp 285w, https:\/\/moyahousehold.com\/wp-content\/uploads\/2025\/07\/Stainless-steel-salad-bowl-with-cover-2-1600x1600.webp 1600w, https:\/\/moyahousehold.com\/wp-content\/uploads\/2025\/07\/Stainless-steel-salad-bowl-with-cover-2-270x270.webp 270w, https:\/\/moyahousehold.com\/wp-content\/uploads\/2025\/07\/Stainless-steel-salad-bowl-with-cover-2-540x540.webp 540w, https:\/\/moyahousehold.com\/wp-content\/uploads\/2025\/07\/Stainless-steel-salad-bowl-with-cover-2-660x660.webp 660w\" sizes=\"(max-width: 3957px) 100vw, 3957px\" \/><\/figure>\n<\/div>\n\n\n\n<div class=\"wp-block-column is-layout-flow wp-block-column-is-layout-flow\">\n<figure class=\"wp-block-image size-full\"><img decoding=\"async\" width=\"4046\" height=\"4046\" src=\"https:\/\/moyahousehold.com\/wp-content\/uploads\/2025\/07\/Stainless-steel-salad-bowl-with-cover-3.webp\" alt=\"Salatsch\u00fcssel aus Edelstahl mit Deckel\" class=\"wp-image-11440\" srcset=\"https:\/\/moyahousehold.com\/wp-content\/uploads\/2025\/07\/Stainless-steel-salad-bowl-with-cover-3.webp 4046w, https:\/\/moyahousehold.com\/wp-content\/uploads\/2025\/07\/Stainless-steel-salad-bowl-with-cover-3-300x300.webp 300w, https:\/\/moyahousehold.com\/wp-content\/uploads\/2025\/07\/Stainless-steel-salad-bowl-with-cover-3-150x150.webp 150w, https:\/\/moyahousehold.com\/wp-content\/uploads\/2025\/07\/Stainless-steel-salad-bowl-with-cover-3-768x768.webp 768w, https:\/\/moyahousehold.com\/wp-content\/uploads\/2025\/07\/Stainless-steel-salad-bowl-with-cover-3-12x12.webp 12w, https:\/\/moyahousehold.com\/wp-content\/uploads\/2025\/07\/Stainless-steel-salad-bowl-with-cover-3-285x285.webp 285w, https:\/\/moyahousehold.com\/wp-content\/uploads\/2025\/07\/Stainless-steel-salad-bowl-with-cover-3-1600x1600.webp 1600w, https:\/\/moyahousehold.com\/wp-content\/uploads\/2025\/07\/Stainless-steel-salad-bowl-with-cover-3-270x270.webp 270w, https:\/\/moyahousehold.com\/wp-content\/uploads\/2025\/07\/Stainless-steel-salad-bowl-with-cover-3-540x540.webp 540w, https:\/\/moyahousehold.com\/wp-content\/uploads\/2025\/07\/Stainless-steel-salad-bowl-with-cover-3-660x660.webp 660w\" sizes=\"(max-width: 4046px) 100vw, 4046px\" \/><\/figure>\n<\/div>\n<\/div>\n\n\n\n<div class=\"wp-block-columns is-layout-flex wp-container-core-columns-is-layout-9d6595d7 wp-block-columns-is-layout-flex\">\n<div class=\"wp-block-column is-layout-flow wp-block-column-is-layout-flow\"><\/div>\n\n\n\n<div class=\"wp-block-column is-layout-flow wp-block-column-is-layout-flow\"><\/div>\n<\/div>\n\n\n\n<p><\/p>","protected":false},"excerpt":{"rendered":"<div class=\"inter-jQQQ8P\">\n<div class=\"container-PrUkKo\">\n<div class=\"item-hGGxLi\">\n<div class=\"container-arOxqB chrome70-container\">\n<div class=\"inner-FyM8gE inner-item-swzCut\" data-target-id=\"message-box-target-id\" data-testid=\"union_message\">\n<div class=\"message-block-container-aFugD6\" data-testid=\"message-block-container\">\n<div class=\"flex flex-row w-full w-full max-w-full s-font-base text-s-color-text-secondary p-0 rounded-s-radius-s bg-transparent group data-[attr=select-mode]:-mt-10 data-[attr=select-mode]:py-10 data-[attr=select-mode]:px-16 data-[attr=select-mode]:sm:p-10 data-[attr=select-mode]:hover:bg-s-color-bg-base data-[attr=select-mode]:hover:rounded-s-radius-xs data-[attr=select-mode]:has-[:checked]:bg-s-color-bg-trans data-[attr=select-mode]:has-[:checked]:rounded-s-radius-xs data-[attr=select-mode]:pointer-events-none\" data-testid=\"receive_message\">\n<div class=\"flex flex-col flex-grow max-w-full min-w-0\">\n<div class=\"flex flex-row w-full\" data-testid=\"message_content\" data-message-id=\"12338308568531714\">\n<div class=\"w-full\" data-plugin-identifier=\"Symbol(infra:receive-message-box:text)\">\n<div class=\"container-ZYIsnH flow-markdown-body theme-samantha-Nbr9UN\" dir=\"ltr\" data-testid=\"message_text_content\" data-show-indicator=\"false\">\n<h3 class=\"header-vfC6AV auto-hide-last-sibling-br\">Merkmale und Vorteile der anpassbaren Salatsch\u00fcssel<\/h3>\n<h3 class=\"header-vfC6AV auto-hide-last-sibling-br\">304 Edelstahl Material<\/h3>\n<div class=\"auto-hide-last-sibling-br paragraph-JOTKXA paragraph-element br-paragraph-space\">Gefertigt aus hochwertigem Edelstahl 304, mit polierter Innenwand. Sie verhindert effektiv das Anhaften von Lebensmitteln, macht die Reinigung zum Kinderspiel und sorgt f\u00fcr eine lange Haltbarkeit.<\/div>\n<h3 class=\"header-vfC6AV auto-hide-last-sibling-br\">Eingebaute Lautst\u00e4rkemarkierungen<\/h3>\n<div class=\"auto-hide-last-sibling-br paragraph-JOTKXA paragraph-element br-paragraph-space\">Diese Salatsch\u00fcssel verf\u00fcgt \u00fcber klare und leicht ablesbare Mengenmarkierungen. Sie hilft Ihnen, die Mengen der Zutaten genau zu kontrollieren, Verschwendung zu vermeiden und den perfekten Geschmack f\u00fcr jedes Gericht zu garantieren.<\/div>\n<h3 class=\"header-vfC6AV auto-hide-last-sibling-br\">Vielseitige Verwendung<\/h3>\n<div class=\"auto-hide-last-sibling-br paragraph-JOTKXA paragraph-element br-paragraph-space\">Nicht nur f\u00fcr Salate! Ideal zum Waschen von Reis, zum Reinigen von Gem\u00fcse und Obst oder zum Abseihen von kleink\u00f6rnigen Zutaten, um verschiedene K\u00fcchenanforderungen zu erf\u00fcllen.<\/div>\n<h3 class=\"header-vfC6AV auto-hide-last-sibling-br\">Versiegelte Deckeldesigns<\/h3>\n<div class=\"auto-hide-last-sibling-br paragraph-JOTKXA paragraph-element br-paragraph-space\">Ausgestattet mit einem gut sitzenden Deckel, bildet sie einen luftdichten Raum. H\u00e4lt den Inhalt frisch, ob zur Aufbewahrung von vorbereiteten Zutaten oder Salatresten.<\/div>\n<h3 class=\"header-vfC6AV auto-hide-last-sibling-br\">Anpassungsdienste<\/h3>\n<div class=\"auto-hide-last-sibling-br paragraph-JOTKXA paragraph-element br-paragraph-space\">Als Hersteller bieten wir OEM- und ODM-Optionen. Passen Sie Aussehen, Gr\u00f6\u00dfe und Logo an, um Ihre einzigartige, auf Ihre Marke abgestimmte Salatsch\u00fcssel zu kreieren. Kontaktieren Sie uns f\u00fcr ma\u00dfgeschneiderte L\u00f6sungen.<\/div>\n<\/div>\n<\/div>\n<\/div>\n<\/div>\n<\/div>\n<\/div>\n<\/div>\n<\/div>\n<\/div>\n<\/div>\n<\/div>","protected":false},"featured_media":11438,"comment_status":"open","ping_status":"closed","template":"","meta":[],"product_cat":[55],"product_tag":[],"class_list":{"0":"post-11450","1":"product","2":"type-product","3":"status-publish","4":"has-post-thumbnail","6":"product_cat-salad-bowl-wholesale","8":"first","9":"instock","10":"shipping-taxable","11":"product-type-simple"},"_links":{"self":[{"href":"https:\/\/moyahousehold.com\/de\/wp-json\/wp\/v2\/product\/11450","targetHints":{"allow":["GET"]}}],"collection":[{"href":"https:\/\/moyahousehold.com\/de\/wp-json\/wp\/v2\/product"}],"about":[{"href":"https:\/\/moyahousehold.com\/de\/wp-json\/wp\/v2\/types\/product"}],"replies":[{"embeddable":true,"href":"https:\/\/moyahousehold.com\/de\/wp-json\/wp\/v2\/comments?post=11450"}],"version-history":[{"count":1,"href":"https:\/\/moyahousehold.com\/de\/wp-json\/wp\/v2\/product\/11450\/revisions"}],"predecessor-version":[{"id":13085,"href":"https:\/\/moyahousehold.com\/de\/wp-json\/wp\/v2\/product\/11450\/revisions\/13085"}],"wp:featuredmedia":[{"embeddable":true,"href":"https:\/\/moyahousehold.com\/de\/wp-json\/wp\/v2\/media\/11438"}],"wp:attachment":[{"href":"https:\/\/moyahousehold.com\/de\/wp-json\/wp\/v2\/media?parent=11450"}],"wp:term":[{"taxonomy":"product_cat","embeddable":true,"href":"https:\/\/moyahousehold.com\/de\/wp-json\/wp\/v2\/product_cat?post=11450"},{"taxonomy":"product_tag","embeddable":true,"href":"https:\/\/moyahousehold.com\/de\/wp-json\/wp\/v2\/product_tag?post=11450"}],"curies":[{"name":"wp","href":"https:\/\/api.w.org\/{rel}","templated":true}]}}