{"id":11453,"date":"2025-07-15T08:48:34","date_gmt":"2025-07-15T08:48:34","guid":{"rendered":"https:\/\/moyahousehold.com\/?post_type=product&#038;p=11453"},"modified":"2026-03-27T02:38:07","modified_gmt":"2026-03-27T02:38:07","slug":"new-section-stainless-steel-lunch-container-stackable-easy-clean-fresh-keeping-design","status":"publish","type":"product","link":"https:\/\/moyahousehold.com\/de\/produkt\/new-section-stainless-steel-lunch-container-stackable-easy-clean-fresh-keeping-design\/","title":{"rendered":"Neuer Abschnitt Edelstahl-Lunch-Container: Stapelbar, leicht zu reinigen, Frischhaltedesign"},"content":{"rendered":"<h2 class=\"wp-block-heading\">Parameter der Multi Compartment Kids' Lunch Box f\u00fcr die Schule<\/h2>\n\n\n\n<p><strong>Material:<\/strong> 304 + PP <strong> Farbe:<\/strong> Beige\/Khaki\/Blue\/Brown<\/p>\n\n\n\n<figure class=\"wp-block-table\"><table class=\"has-fixed-layout\"><tbody><tr><td>Artikel<\/td><td>Material<\/td><td>Farbe<\/td><td>Kapazit\u00e4t<\/td><td>Gr\u00f6\u00dfe\/PCS<\/td><td>PCS\/Koffer<\/td><td>N.W.\/PCS<\/td><td>G.W.\/Fall<\/td><\/tr><tr><td>MYSK034<\/td><td>304+PP+<br>Silikon<\/td><td>Beige\/Khaki\/<br>Blue\/Brown<\/td><td>2000ml<br>4 grids\/5 grids<\/td><td>30*23*8<\/td><td>24<\/td><td>0.81&nbsp;<\/td><td>24.37&nbsp;<\/td><\/tr><\/tbody><\/table><\/figure>\n\n\n\n<h3 class=\"wp-block-heading\">Individuelle Lunchbox-Optionen<\/h3>\n\n\n\n<p><strong>Logo<\/strong>: Gestalten Sie Ihr Markenlogo auf der Bento-Box aus Edelstahl und der Verpackung.<br><strong>Logo-Optionen<\/strong>: gedrucktes Logo, lasergraviertes Logo, etc.<br><strong>Muster<\/strong>: Druckmuster auf Produkten und Verpackungen.<br><strong>Drucktechnik<\/strong>Wassertransferdruck, Siebdruck, W\u00e4rmetransferdruck, Sublimationstransfer, etc.<br><strong>Verpackung:<\/strong>Farbkasten.<br><a href=\"https:\/\/moyahousehold.com\/de\/individuelle-losung\/\"><strong>Erfahren Sie mehr \u00fcber individuelle L\u00f6sungen f\u00fcr Lunchpakete.<\/strong><\/a><\/p>\n\n\n\n<div class=\"wp-block-columns is-layout-flex wp-container-core-columns-is-layout-9d6595d7 wp-block-columns-is-layout-flex\">\n<div class=\"wp-block-column is-layout-flow wp-block-column-is-layout-flow\">\n<figure class=\"wp-block-image size-full\"><img fetchpriority=\"high\" decoding=\"async\" width=\"3976\" height=\"3976\" src=\"https:\/\/moyahousehold.com\/wp-content\/uploads\/2025\/07\/Stainless-steel-lunch-box-with-compartments-6.webp\" alt=\"Brotdose aus Edelstahl mit F\u00e4chern\" class=\"wp-image-11522\" srcset=\"https:\/\/moyahousehold.com\/wp-content\/uploads\/2025\/07\/Stainless-steel-lunch-box-with-compartments-6.webp 3976w, https:\/\/moyahousehold.com\/wp-content\/uploads\/2025\/07\/Stainless-steel-lunch-box-with-compartments-6-300x300.webp 300w, https:\/\/moyahousehold.com\/wp-content\/uploads\/2025\/07\/Stainless-steel-lunch-box-with-compartments-6-150x150.webp 150w, https:\/\/moyahousehold.com\/wp-content\/uploads\/2025\/07\/Stainless-steel-lunch-box-with-compartments-6-768x768.webp 768w, https:\/\/moyahousehold.com\/wp-content\/uploads\/2025\/07\/Stainless-steel-lunch-box-with-compartments-6-12x12.webp 12w, https:\/\/moyahousehold.com\/wp-content\/uploads\/2025\/07\/Stainless-steel-lunch-box-with-compartments-6-285x285.webp 285w, https:\/\/moyahousehold.com\/wp-content\/uploads\/2025\/07\/Stainless-steel-lunch-box-with-compartments-6-1600x1600.webp 1600w, https:\/\/moyahousehold.com\/wp-content\/uploads\/2025\/07\/Stainless-steel-lunch-box-with-compartments-6-270x270.webp 270w, https:\/\/moyahousehold.com\/wp-content\/uploads\/2025\/07\/Stainless-steel-lunch-box-with-compartments-6-540x540.webp 540w, https:\/\/moyahousehold.com\/wp-content\/uploads\/2025\/07\/Stainless-steel-lunch-box-with-compartments-6-660x660.webp 660w\" sizes=\"(max-width: 3976px) 100vw, 3976px\" \/><\/figure>\n<\/div>\n\n\n\n<div class=\"wp-block-column is-layout-flow wp-block-column-is-layout-flow\">\n<figure class=\"wp-block-image size-full\"><img decoding=\"async\" width=\"4160\" height=\"4160\" src=\"https:\/\/moyahousehold.com\/wp-content\/uploads\/2025\/07\/Stainless-steel-lunch-box-with-compartments-7.webp\" alt=\"Brotdose aus Edelstahl mit F\u00e4chern\" class=\"wp-image-11523\" srcset=\"https:\/\/moyahousehold.com\/wp-content\/uploads\/2025\/07\/Stainless-steel-lunch-box-with-compartments-7.webp 4160w, https:\/\/moyahousehold.com\/wp-content\/uploads\/2025\/07\/Stainless-steel-lunch-box-with-compartments-7-300x300.webp 300w, https:\/\/moyahousehold.com\/wp-content\/uploads\/2025\/07\/Stainless-steel-lunch-box-with-compartments-7-150x150.webp 150w, https:\/\/moyahousehold.com\/wp-content\/uploads\/2025\/07\/Stainless-steel-lunch-box-with-compartments-7-768x768.webp 768w, https:\/\/moyahousehold.com\/wp-content\/uploads\/2025\/07\/Stainless-steel-lunch-box-with-compartments-7-12x12.webp 12w, https:\/\/moyahousehold.com\/wp-content\/uploads\/2025\/07\/Stainless-steel-lunch-box-with-compartments-7-285x285.webp 285w, https:\/\/moyahousehold.com\/wp-content\/uploads\/2025\/07\/Stainless-steel-lunch-box-with-compartments-7-1600x1600.webp 1600w, https:\/\/moyahousehold.com\/wp-content\/uploads\/2025\/07\/Stainless-steel-lunch-box-with-compartments-7-270x270.webp 270w, https:\/\/moyahousehold.com\/wp-content\/uploads\/2025\/07\/Stainless-steel-lunch-box-with-compartments-7-540x540.webp 540w, https:\/\/moyahousehold.com\/wp-content\/uploads\/2025\/07\/Stainless-steel-lunch-box-with-compartments-7-660x660.webp 660w\" sizes=\"(max-width: 4160px) 100vw, 4160px\" \/><\/figure>\n<\/div>\n<\/div>\n\n\n\n<div class=\"wp-block-columns is-layout-flex wp-container-core-columns-is-layout-9d6595d7 wp-block-columns-is-layout-flex\">\n<div class=\"wp-block-column is-layout-flow wp-block-column-is-layout-flow\">\n<figure class=\"wp-block-image size-full\"><img decoding=\"async\" width=\"3865\" height=\"3865\" src=\"https:\/\/moyahousehold.com\/wp-content\/uploads\/2025\/07\/Stainless-steel-lunch-box-with-compartments-5.webp\" alt=\"Brotdose aus Edelstahl mit F\u00e4chern\" class=\"wp-image-11521\" srcset=\"https:\/\/moyahousehold.com\/wp-content\/uploads\/2025\/07\/Stainless-steel-lunch-box-with-compartments-5.webp 3865w, https:\/\/moyahousehold.com\/wp-content\/uploads\/2025\/07\/Stainless-steel-lunch-box-with-compartments-5-300x300.webp 300w, https:\/\/moyahousehold.com\/wp-content\/uploads\/2025\/07\/Stainless-steel-lunch-box-with-compartments-5-150x150.webp 150w, https:\/\/moyahousehold.com\/wp-content\/uploads\/2025\/07\/Stainless-steel-lunch-box-with-compartments-5-768x768.webp 768w, https:\/\/moyahousehold.com\/wp-content\/uploads\/2025\/07\/Stainless-steel-lunch-box-with-compartments-5-12x12.webp 12w, https:\/\/moyahousehold.com\/wp-content\/uploads\/2025\/07\/Stainless-steel-lunch-box-with-compartments-5-285x285.webp 285w, https:\/\/moyahousehold.com\/wp-content\/uploads\/2025\/07\/Stainless-steel-lunch-box-with-compartments-5-1600x1600.webp 1600w, https:\/\/moyahousehold.com\/wp-content\/uploads\/2025\/07\/Stainless-steel-lunch-box-with-compartments-5-270x270.webp 270w, https:\/\/moyahousehold.com\/wp-content\/uploads\/2025\/07\/Stainless-steel-lunch-box-with-compartments-5-540x540.webp 540w, https:\/\/moyahousehold.com\/wp-content\/uploads\/2025\/07\/Stainless-steel-lunch-box-with-compartments-5-660x660.webp 660w\" sizes=\"(max-width: 3865px) 100vw, 3865px\" \/><\/figure>\n<\/div>\n\n\n\n<div class=\"wp-block-column is-layout-flow wp-block-column-is-layout-flow\">\n<figure class=\"wp-block-image size-full\"><img loading=\"lazy\" decoding=\"async\" width=\"3883\" height=\"3883\" src=\"https:\/\/moyahousehold.com\/wp-content\/uploads\/2025\/07\/Stainless-steel-lunch-box-with-compartments.webp\" alt=\"Brotdose aus Edelstahl mit F\u00e4chern\" class=\"wp-image-11524\" srcset=\"https:\/\/moyahousehold.com\/wp-content\/uploads\/2025\/07\/Stainless-steel-lunch-box-with-compartments.webp 3883w, https:\/\/moyahousehold.com\/wp-content\/uploads\/2025\/07\/Stainless-steel-lunch-box-with-compartments-300x300.webp 300w, https:\/\/moyahousehold.com\/wp-content\/uploads\/2025\/07\/Stainless-steel-lunch-box-with-compartments-150x150.webp 150w, https:\/\/moyahousehold.com\/wp-content\/uploads\/2025\/07\/Stainless-steel-lunch-box-with-compartments-768x768.webp 768w, https:\/\/moyahousehold.com\/wp-content\/uploads\/2025\/07\/Stainless-steel-lunch-box-with-compartments-12x12.webp 12w, https:\/\/moyahousehold.com\/wp-content\/uploads\/2025\/07\/Stainless-steel-lunch-box-with-compartments-285x285.webp 285w, https:\/\/moyahousehold.com\/wp-content\/uploads\/2025\/07\/Stainless-steel-lunch-box-with-compartments-1600x1600.webp 1600w, https:\/\/moyahousehold.com\/wp-content\/uploads\/2025\/07\/Stainless-steel-lunch-box-with-compartments-270x270.webp 270w, https:\/\/moyahousehold.com\/wp-content\/uploads\/2025\/07\/Stainless-steel-lunch-box-with-compartments-540x540.webp 540w, https:\/\/moyahousehold.com\/wp-content\/uploads\/2025\/07\/Stainless-steel-lunch-box-with-compartments-660x660.webp 660w\" sizes=\"(max-width: 3883px) 100vw, 3883px\" \/><\/figure>\n<\/div>\n<\/div>","protected":false},"excerpt":{"rendered":"<h2 class=\"header-vfC6AV auto-hide-last-sibling-br\">Hochwertige Qualit\u00e4t und praktisches Design<\/h2>\n<div class=\"auto-hide-last-sibling-br paragraph-JOTKXA paragraph-element br-paragraph-space\">Diese aus lebensmittelechtem Edelstahl 304 gefertigte Bento-Box ist mit mehreren F\u00e4chern ausgestattet (erh\u00e4ltlich mit 4 oder 5 F\u00e4chern), die eine einfache Klassifizierung der verschiedenen Lebensmittel erm\u00f6glichen. Sie ist ideal f\u00fcr Studenten und B\u00fcroangestellte und sorgt daf\u00fcr, dass die Mahlzeiten frisch, geordnet und ohne Unordnung bleiben. Mit Gro\u00dfabnehmerrabatten und Unterst\u00fctzung f\u00fcr OEM- und ODM-Anpassungen freuen wir uns auf die Zusammenarbeit mit Ihnen, um Ihre spezifischen Anforderungen zu erf\u00fcllen.<\/div>\n<h2 class=\"header-vfC6AV auto-hide-last-sibling-br\">Eigenschaften der Multi - Compartment Edelstahl Lunch Box<\/h2>\n<h3 class=\"header-vfC6AV auto-hide-last-sibling-br\">1. Stilvolles &amp; funktionales Design<\/h3>\n<div class=\"auto-hide-last-sibling-br paragraph-JOTKXA paragraph-element br-paragraph-space\">Die schlichte beige Farbe und das minimalistische Aussehen passen gut zu verschiedenen Stilen. Die kompakte, tragbare Form passt leicht in Taschen f\u00fcr Mahlzeiten unterwegs. Der integrierte Griff am Deckel sorgt f\u00fcr zus\u00e4tzlichen Komfort beim Tragen.<\/div>\n<h3 class=\"header-vfC6AV auto-hide-last-sibling-br\">2. Smart Compartment System<\/h3>\n<div class=\"auto-hide-last-sibling-br paragraph-JOTKXA paragraph-element br-paragraph-space\">In 4 oder 5 separaten F\u00e4chern werden Gerichte wie Salate, Hauptgerichte und Snacks getrennt aufbewahrt, so dass sich die Aromen nicht vermischen. Hilft bei der Portionskontrolle und eignet sich daher f\u00fcr ausgewogene Di\u00e4ten und das Ern\u00e4hrungsmanagement. Jedes Fach hat die richtige Gr\u00f6\u00dfe f\u00fcr unterschiedliche Lebensmittelportionen.<\/div>\n<h3 class=\"header-vfC6AV auto-hide-last-sibling-br\">3. Sicheres und zertifiziertes Material<\/h3>\n<div class=\"auto-hide-last-sibling-br paragraph-JOTKXA paragraph-element br-paragraph-space\">Hergestellt aus lebensmittelechtem Edelstahl 100%, frei von BPA und sch\u00e4dlichen Chemikalien. Zertifiziert nach den einschl\u00e4gigen Lebensmittelsicherheitsstandards, um die Einhaltung der internationalen Anforderungen an die Lebensmittelsicherheit zu gew\u00e4hrleisten. Die glatten Kanten verhindern Kratzer w\u00e4hrend des Gebrauchs.<\/div>\n<h3 class=\"header-vfC6AV auto-hide-last-sibling-br\">4. Luftdicht und lecksicher - Leistung<\/h3>\n<div class=\"auto-hide-last-sibling-br paragraph-JOTKXA paragraph-element br-paragraph-space\">Ausgestattet mit einem dicht schlie\u00dfenden Deckel und einem zuverl\u00e4ssigen Versiegelungssystem, h\u00e4lt er Luft und Feuchtigkeit effektiv fern. Das luftdichte Design h\u00e4lt Lebensmittel l\u00e4nger frisch, egal ob sie im K\u00fchlschrank oder bei Raumtemperatur aufbewahrt werden. Es kann das Auslaufen von Suppen oder So\u00dfen verhindern und h\u00e4lt die Beutel sauber.<\/div>\n<h3 class=\"header-vfC6AV auto-hide-last-sibling-br\">5. Benutzerfreundliche Details<\/h3>\n<div class=\"auto-hide-last-sibling-br paragraph-JOTKXA paragraph-element br-paragraph-space\">Der Deckel ist so konzipiert, dass er sich leicht \u00f6ffnen und schlie\u00dfen l\u00e4sst und f\u00fcr Menschen unterschiedlichen Alters geeignet ist. Leicht und kompakt, passt nahtlos in Schultaschen oder Rucks\u00e4cke, ohne aufzutragen. Die Oberfl\u00e4che ist leicht zu reinigen und spart Zeit und M\u00fche bei der t\u00e4glichen Pflege.<\/div>\n<h2 class=\"header-vfC6AV auto-hide-last-sibling-br\">Anpassungsdienste<\/h2>\n<div class=\"auto-hide-last-sibling-br paragraph-JOTKXA paragraph-element br-paragraph-space\">Als professioneller Hersteller von Lunchboxen bieten wir umfassende OEM- und ODM-L\u00f6sungen:<\/div>\n<ul class=\"auto-hide-last-sibling-br\">\n<li><strong>OEM<\/strong>: Passen Sie Logos, Aufdrucke oder Verpackungen an Ihre Markenidentit\u00e4t an. Sie k\u00f6nnen auch verschiedene Farben f\u00fcr die \u00e4u\u00dfere H\u00fclle w\u00e4hlen, die zu Ihrem Markenstil passen.<\/li>\n<li><strong>ODM<\/strong>: Wir arbeiten am Produktdesign mit, von der Anordnung der F\u00e4cher (Anpassung der Anzahl und Gr\u00f6\u00dfe der F\u00e4cher) bis hin zur Materialausf\u00fchrung, um einzigartige, marktgerechte L\u00f6sungen zu schaffen. Wir k\u00f6nnen auch die Dichtungsstruktur optimieren oder spezielle funktionale Designs entsprechend Ihren Anforderungen hinzuf\u00fcgen.<\/li>\n<\/ul>","protected":false},"featured_media":11536,"comment_status":"closed","ping_status":"closed","template":"","meta":[],"product_cat":[58],"product_tag":[87,92],"class_list":{"0":"post-11453","1":"product","2":"type-product","3":"status-publish","4":"has-post-thumbnail","6":"product_cat-lunch-box-wholesale","7":"product_tag-wholesale-multi-compartment-lunch-box","8":"product_tag-wholesale-rectangle-lunch-box","10":"first","11":"instock","12":"shipping-taxable","13":"product-type-simple"},"_links":{"self":[{"href":"https:\/\/moyahousehold.com\/de\/wp-json\/wp\/v2\/product\/11453","targetHints":{"allow":["GET"]}}],"collection":[{"href":"https:\/\/moyahousehold.com\/de\/wp-json\/wp\/v2\/product"}],"about":[{"href":"https:\/\/moyahousehold.com\/de\/wp-json\/wp\/v2\/types\/product"}],"replies":[{"embeddable":true,"href":"https:\/\/moyahousehold.com\/de\/wp-json\/wp\/v2\/comments?post=11453"}],"version-history":[{"count":3,"href":"https:\/\/moyahousehold.com\/de\/wp-json\/wp\/v2\/product\/11453\/revisions"}],"predecessor-version":[{"id":12095,"href":"https:\/\/moyahousehold.com\/de\/wp-json\/wp\/v2\/product\/11453\/revisions\/12095"}],"wp:featuredmedia":[{"embeddable":true,"href":"https:\/\/moyahousehold.com\/de\/wp-json\/wp\/v2\/media\/11536"}],"wp:attachment":[{"href":"https:\/\/moyahousehold.com\/de\/wp-json\/wp\/v2\/media?parent=11453"}],"wp:term":[{"taxonomy":"product_cat","embeddable":true,"href":"https:\/\/moyahousehold.com\/de\/wp-json\/wp\/v2\/product_cat?post=11453"},{"taxonomy":"product_tag","embeddable":true,"href":"https:\/\/moyahousehold.com\/de\/wp-json\/wp\/v2\/product_tag?post=11453"}],"curies":[{"name":"wp","href":"https:\/\/api.w.org\/{rel}","templated":true}]}}