{"id":11539,"date":"2025-07-15T09:13:31","date_gmt":"2025-07-15T09:13:31","guid":{"rendered":"https:\/\/moyahousehold.com\/?post_type=product&#038;p=11539"},"modified":"2025-07-16T01:57:40","modified_gmt":"2025-07-16T01:57:40","slug":"stainless-steel-instant-noodle-cup-airtight-lid-easy-clean-perfect-for-office-travel-meals","status":"publish","type":"product","link":"https:\/\/moyahousehold.com\/de\/produkt\/stainless-steel-instant-noodle-cup-airtight-lid-easy-clean-perfect-for-office-travel-meals\/","title":{"rendered":"Edelstahl Instant-Nudeltasse mit luftdichtem Deckel, leicht zu reinigen, perfekt f\u00fcr B\u00fcro- und Reisemahlzeiten"},"content":{"rendered":"<p><strong>Material:<\/strong> 304 + PP <strong> Farbe:<\/strong> Beige\/Khaki<\/p>\n\n\n\n<figure class=\"wp-block-table\"><table class=\"has-fixed-layout\"><tbody><tr><td>Artikel<\/td><td>Material<\/td><td>Farbe<\/td><td>Kapazit\u00e4t<\/td><td>Gr\u00f6\u00dfe\/PCS<\/td><td>PCS\/Koffer<\/td><td>N.W.\/PCS<\/td><td>G.W.\/Fall<\/td><\/tr><tr><td>MYSK049<\/td><td>304+PP<\/td><td>Beige\/Khaki<\/td><td>1200ml<\/td><td>15.5*15.5*10<\/td><td>60<\/td><td>0.23<\/td><td>18.80&nbsp;<\/td><\/tr><\/tbody><\/table><\/figure>\n\n\n\n<h3 class=\"wp-block-heading\">Individuelle Lunchbox-Optionen<\/h3>\n\n\n\n<p><strong>Logo<\/strong>: Gestalten Sie Ihr Markenlogo auf der Bento-Box aus Edelstahl und der Verpackung.<br><strong>Logo-Optionen<\/strong>: gedrucktes Logo, lasergraviertes Logo, etc.<br><strong>Muster<\/strong>: Druckmuster auf Produkten und Verpackungen.<br><strong>Drucktechnik<\/strong>Wassertransferdruck, Siebdruck, W\u00e4rmetransferdruck, Sublimationstransfer, etc.<br><strong>Verpackung:<\/strong>Farbkasten.<br><a href=\"https:\/\/moyahousehold.com\/de\/individuelle-losung\/\"><strong>Erfahren Sie mehr \u00fcber individuelle L\u00f6sungen f\u00fcr Lunchpakete.<\/strong><\/a><\/p>\n\n\n\n<div class=\"wp-block-columns is-layout-flex wp-container-core-columns-is-layout-9d6595d7 wp-block-columns-is-layout-flex\">\n<div class=\"wp-block-column is-layout-flow wp-block-column-is-layout-flow\">\n<figure class=\"wp-block-image size-full\"><img fetchpriority=\"high\" decoding=\"async\" width=\"3516\" height=\"3516\" src=\"https:\/\/moyahousehold.com\/wp-content\/uploads\/2025\/07\/Stainless-steel-instant-noodle-bowl-2.webp\" alt=\"Instant-Nudelschale aus Edelstahl\" class=\"wp-image-11512\" srcset=\"https:\/\/moyahousehold.com\/wp-content\/uploads\/2025\/07\/Stainless-steel-instant-noodle-bowl-2.webp 3516w, https:\/\/moyahousehold.com\/wp-content\/uploads\/2025\/07\/Stainless-steel-instant-noodle-bowl-2-300x300.webp 300w, https:\/\/moyahousehold.com\/wp-content\/uploads\/2025\/07\/Stainless-steel-instant-noodle-bowl-2-150x150.webp 150w, https:\/\/moyahousehold.com\/wp-content\/uploads\/2025\/07\/Stainless-steel-instant-noodle-bowl-2-768x768.webp 768w, https:\/\/moyahousehold.com\/wp-content\/uploads\/2025\/07\/Stainless-steel-instant-noodle-bowl-2-12x12.webp 12w, https:\/\/moyahousehold.com\/wp-content\/uploads\/2025\/07\/Stainless-steel-instant-noodle-bowl-2-285x285.webp 285w, https:\/\/moyahousehold.com\/wp-content\/uploads\/2025\/07\/Stainless-steel-instant-noodle-bowl-2-1600x1600.webp 1600w, https:\/\/moyahousehold.com\/wp-content\/uploads\/2025\/07\/Stainless-steel-instant-noodle-bowl-2-270x270.webp 270w, https:\/\/moyahousehold.com\/wp-content\/uploads\/2025\/07\/Stainless-steel-instant-noodle-bowl-2-540x540.webp 540w, https:\/\/moyahousehold.com\/wp-content\/uploads\/2025\/07\/Stainless-steel-instant-noodle-bowl-2-660x660.webp 660w\" sizes=\"(max-width: 3516px) 100vw, 3516px\" \/><\/figure>\n<\/div>\n\n\n\n<div class=\"wp-block-column is-layout-flow wp-block-column-is-layout-flow\">\n<figure class=\"wp-block-image size-full\"><img decoding=\"async\" width=\"3132\" height=\"3132\" src=\"https:\/\/moyahousehold.com\/wp-content\/uploads\/2025\/07\/Stainless-steel-instant-noodle-bowl-1.webp\" alt=\"Instant-Nudelschale aus Edelstahl\" class=\"wp-image-11511\" srcset=\"https:\/\/moyahousehold.com\/wp-content\/uploads\/2025\/07\/Stainless-steel-instant-noodle-bowl-1.webp 3132w, https:\/\/moyahousehold.com\/wp-content\/uploads\/2025\/07\/Stainless-steel-instant-noodle-bowl-1-300x300.webp 300w, https:\/\/moyahousehold.com\/wp-content\/uploads\/2025\/07\/Stainless-steel-instant-noodle-bowl-1-150x150.webp 150w, https:\/\/moyahousehold.com\/wp-content\/uploads\/2025\/07\/Stainless-steel-instant-noodle-bowl-1-768x768.webp 768w, https:\/\/moyahousehold.com\/wp-content\/uploads\/2025\/07\/Stainless-steel-instant-noodle-bowl-1-12x12.webp 12w, https:\/\/moyahousehold.com\/wp-content\/uploads\/2025\/07\/Stainless-steel-instant-noodle-bowl-1-285x285.webp 285w, https:\/\/moyahousehold.com\/wp-content\/uploads\/2025\/07\/Stainless-steel-instant-noodle-bowl-1-1600x1600.webp 1600w, https:\/\/moyahousehold.com\/wp-content\/uploads\/2025\/07\/Stainless-steel-instant-noodle-bowl-1-270x270.webp 270w, https:\/\/moyahousehold.com\/wp-content\/uploads\/2025\/07\/Stainless-steel-instant-noodle-bowl-1-540x540.webp 540w, https:\/\/moyahousehold.com\/wp-content\/uploads\/2025\/07\/Stainless-steel-instant-noodle-bowl-1-660x660.webp 660w\" sizes=\"(max-width: 3132px) 100vw, 3132px\" \/><\/figure>\n<\/div>\n<\/div>\n\n\n\n<div class=\"wp-block-columns is-layout-flex wp-container-core-columns-is-layout-9d6595d7 wp-block-columns-is-layout-flex\">\n<div class=\"wp-block-column is-layout-flow wp-block-column-is-layout-flow\">\n<figure class=\"wp-block-image size-full\"><img decoding=\"async\" width=\"3648\" height=\"3648\" src=\"https:\/\/moyahousehold.com\/wp-content\/uploads\/2025\/07\/Stainless-steel-instant-noodle-bowl-3.webp\" alt=\"Instant-Nudelschale aus Edelstahl\" class=\"wp-image-11513\" srcset=\"https:\/\/moyahousehold.com\/wp-content\/uploads\/2025\/07\/Stainless-steel-instant-noodle-bowl-3.webp 3648w, https:\/\/moyahousehold.com\/wp-content\/uploads\/2025\/07\/Stainless-steel-instant-noodle-bowl-3-300x300.webp 300w, https:\/\/moyahousehold.com\/wp-content\/uploads\/2025\/07\/Stainless-steel-instant-noodle-bowl-3-150x150.webp 150w, https:\/\/moyahousehold.com\/wp-content\/uploads\/2025\/07\/Stainless-steel-instant-noodle-bowl-3-768x768.webp 768w, https:\/\/moyahousehold.com\/wp-content\/uploads\/2025\/07\/Stainless-steel-instant-noodle-bowl-3-12x12.webp 12w, https:\/\/moyahousehold.com\/wp-content\/uploads\/2025\/07\/Stainless-steel-instant-noodle-bowl-3-285x285.webp 285w, https:\/\/moyahousehold.com\/wp-content\/uploads\/2025\/07\/Stainless-steel-instant-noodle-bowl-3-1600x1600.webp 1600w, https:\/\/moyahousehold.com\/wp-content\/uploads\/2025\/07\/Stainless-steel-instant-noodle-bowl-3-270x270.webp 270w, https:\/\/moyahousehold.com\/wp-content\/uploads\/2025\/07\/Stainless-steel-instant-noodle-bowl-3-540x540.webp 540w, https:\/\/moyahousehold.com\/wp-content\/uploads\/2025\/07\/Stainless-steel-instant-noodle-bowl-3-660x660.webp 660w\" sizes=\"(max-width: 3648px) 100vw, 3648px\" \/><\/figure>\n<\/div>\n\n\n\n<div class=\"wp-block-column is-layout-flow wp-block-column-is-layout-flow\">\n<figure class=\"wp-block-image size-full\"><img loading=\"lazy\" decoding=\"async\" width=\"3328\" height=\"3328\" src=\"https:\/\/moyahousehold.com\/wp-content\/uploads\/2025\/07\/Stainless-steel-instant-noodle-bowl-4.webp\" alt=\"Instant-Nudelschale aus Edelstahl\" class=\"wp-image-11514\" srcset=\"https:\/\/moyahousehold.com\/wp-content\/uploads\/2025\/07\/Stainless-steel-instant-noodle-bowl-4.webp 3328w, https:\/\/moyahousehold.com\/wp-content\/uploads\/2025\/07\/Stainless-steel-instant-noodle-bowl-4-300x300.webp 300w, https:\/\/moyahousehold.com\/wp-content\/uploads\/2025\/07\/Stainless-steel-instant-noodle-bowl-4-150x150.webp 150w, https:\/\/moyahousehold.com\/wp-content\/uploads\/2025\/07\/Stainless-steel-instant-noodle-bowl-4-768x768.webp 768w, https:\/\/moyahousehold.com\/wp-content\/uploads\/2025\/07\/Stainless-steel-instant-noodle-bowl-4-12x12.webp 12w, https:\/\/moyahousehold.com\/wp-content\/uploads\/2025\/07\/Stainless-steel-instant-noodle-bowl-4-285x285.webp 285w, https:\/\/moyahousehold.com\/wp-content\/uploads\/2025\/07\/Stainless-steel-instant-noodle-bowl-4-1600x1600.webp 1600w, https:\/\/moyahousehold.com\/wp-content\/uploads\/2025\/07\/Stainless-steel-instant-noodle-bowl-4-270x270.webp 270w, https:\/\/moyahousehold.com\/wp-content\/uploads\/2025\/07\/Stainless-steel-instant-noodle-bowl-4-540x540.webp 540w, https:\/\/moyahousehold.com\/wp-content\/uploads\/2025\/07\/Stainless-steel-instant-noodle-bowl-4-660x660.webp 660w\" sizes=\"(max-width: 3328px) 100vw, 3328px\" \/><\/figure>\n<\/div>\n<\/div>","protected":false},"excerpt":{"rendered":"<h2 class=\"header-vfC6AV auto-hide-last-sibling-br\">Hochwertige Qualit\u00e4t und praktisches Design<\/h2>\n<div class=\"auto-hide-last-sibling-br paragraph-JOTKXA paragraph-element br-paragraph-space\">Diese aus lebensmittelechtem Edelstahl 304 gefertigten Instant-Nudelschalen sind langlebig und benutzerfreundlich und eignen sich ideal f\u00fcr Instant-Nudeln, Suppen oder schnelle Mahlzeiten. Sie eignen sich perfekt f\u00fcr Studenten, B\u00fcroangestellte und Reisende, da sie ein bequemes, unauff\u00e4lliges Essen gew\u00e4hrleisten. Mit Gro\u00dfabnehmerrabatten und Unterst\u00fctzung f\u00fcr OEM- und ODM-Anpassungen freuen wir uns auf die Zusammenarbeit mit Ihnen, um Ihre spezifischen Anforderungen zu erf\u00fcllen.<\/div>\n<h2 class=\"header-vfC6AV auto-hide-last-sibling-br\">Eigenschaften der Instant-Nudelsch\u00fcssel aus Edelstahl<\/h2>\n<h3 class=\"header-vfC6AV auto-hide-last-sibling-br\">1. Funktionelles und attraktives Design<\/h3>\n<div class=\"auto-hide-last-sibling-br paragraph-JOTKXA paragraph-element br-paragraph-space\">Leuchtende Farben (z. B. rot, blau, wei\u00df) und schlanke Linien verleihen den Mahlzeiten einen modernen Touch. Die weite \u00d6ffnung erleichtert das Umr\u00fchren und Essen, und die kompakte Gr\u00f6\u00dfe passt gut in die Lunchpakete oder Rucks\u00e4cke.<\/div>\n<h3 class=\"header-vfC6AV auto-hide-last-sibling-br\">2. W\u00e4rmespeichernde &amp; leckdichte Struktur<\/h3>\n<div class=\"auto-hide-last-sibling-br paragraph-JOTKXA paragraph-element br-paragraph-space\">Ausgestattet mit einem dicht schlie\u00dfenden Deckel und einem Silikondichtungsring, der einen luftdichten Raum bildet. Schlie\u00dft die W\u00e4rme effektiv ein, um Nudeln warm zu halten, verhindert das Versch\u00fctten von Fl\u00fcssigkeit w\u00e4hrend des Transports und vermeidet den Verlust von Feuchtigkeit - so bleiben die Mahlzeiten frisch und geschmackvoll.<\/div>\n<h3 class=\"header-vfC6AV auto-hide-last-sibling-br\">3. Sicheres und zertifiziertes Material<\/h3>\n<div class=\"auto-hide-last-sibling-br paragraph-JOTKXA paragraph-element br-paragraph-space\">Hergestellt aus Edelstahl 100% in Lebensmittelqualit\u00e4t 304, frei von BPA und sch\u00e4dlichen Chemikalien. ISO- und FDA-zertifiziert, um die Einhaltung der internationalen Lebensmittelsicherheitsstandards f\u00fcr den direkten Kontakt mit Lebensmitteln zu gew\u00e4hrleisten.<\/div>\n<h3 class=\"header-vfC6AV auto-hide-last-sibling-br\">4. Vielseitig und einfach zu bedienen<\/h3>\n<div class=\"auto-hide-last-sibling-br paragraph-JOTKXA paragraph-element br-paragraph-space\">Sie eignet sich nicht nur f\u00fcr Instant-Nudeln, sondern auch f\u00fcr Suppen, Haferflocken und sogar f\u00fcr kleine Snacks. Die glatte Innenwand klebt nicht und l\u00e4sst sich schnell und einfach mit der Hand oder in der Sp\u00fclmaschine reinigen.<\/div>\n<h3 class=\"header-vfC6AV auto-hide-last-sibling-br\">5. Benutzerfreundliche Details<\/h3>\n<div class=\"auto-hide-last-sibling-br paragraph-JOTKXA paragraph-element br-paragraph-space\">Der Deckel l\u00e4sst sich leicht \u00f6ffnen, auch mit einer Hand, was Frustrationen vermeidet. Die hitzebest\u00e4ndige Au\u00dfenschicht verhindert Verbrennungen und ist sicher f\u00fcr die Handhabung von hei\u00dfen Lebensmitteln. Leichte Bauweise vermeidet zus\u00e4tzliches Volumen in den Taschen.<\/div>\n<h2 class=\"header-vfC6AV auto-hide-last-sibling-br\">Anpassungsdienste<\/h2>\n<div class=\"auto-hide-last-sibling-br paragraph-JOTKXA paragraph-element br-paragraph-space\">Als ein f\u00fchrender Hersteller von K\u00fcchenger\u00e4ten bieten wir umfassende OEM- und ODM-L\u00f6sungen an:<\/div>\n<p>&nbsp;<\/p>\n<ul class=\"auto-hide-last-sibling-br\">\n<li><strong>OEM<\/strong>: Passen Sie Logos, Drucke (z. B. Cartoon-Muster, Markenslogans) oder Verpackungen an Ihre Markenidentit\u00e4t an.<\/li>\n<li><strong>ODM<\/strong>: Arbeiten Sie am Produktdesign mit, von der Anpassung des Fassungsverm\u00f6gens der Schale (500 ml bis 1200 ml) bis hin zu zus\u00e4tzlichen Funktionen wie integrierten Sieben oder doppelwandiger Isolierung, um einzigartige, marktgerechte Instant-Nudelschalen zu schaffen.<\/li>\n<\/ul>","protected":false},"featured_media":11516,"comment_status":"closed","ping_status":"closed","template":"","meta":[],"product_cat":[58],"product_tag":[87,92],"class_list":{"0":"post-11539","1":"product","2":"type-product","3":"status-publish","4":"has-post-thumbnail","6":"product_cat-lunch-box-wholesale","7":"product_tag-wholesale-multi-compartment-lunch-box","8":"product_tag-wholesale-rectangle-lunch-box","10":"first","11":"instock","12":"shipping-taxable","13":"product-type-simple"},"_links":{"self":[{"href":"https:\/\/moyahousehold.com\/de\/wp-json\/wp\/v2\/product\/11539","targetHints":{"allow":["GET"]}}],"collection":[{"href":"https:\/\/moyahousehold.com\/de\/wp-json\/wp\/v2\/product"}],"about":[{"href":"https:\/\/moyahousehold.com\/de\/wp-json\/wp\/v2\/types\/product"}],"replies":[{"embeddable":true,"href":"https:\/\/moyahousehold.com\/de\/wp-json\/wp\/v2\/comments?post=11539"}],"version-history":[{"count":0,"href":"https:\/\/moyahousehold.com\/de\/wp-json\/wp\/v2\/product\/11539\/revisions"}],"wp:featuredmedia":[{"embeddable":true,"href":"https:\/\/moyahousehold.com\/de\/wp-json\/wp\/v2\/media\/11516"}],"wp:attachment":[{"href":"https:\/\/moyahousehold.com\/de\/wp-json\/wp\/v2\/media?parent=11539"}],"wp:term":[{"taxonomy":"product_cat","embeddable":true,"href":"https:\/\/moyahousehold.com\/de\/wp-json\/wp\/v2\/product_cat?post=11539"},{"taxonomy":"product_tag","embeddable":true,"href":"https:\/\/moyahousehold.com\/de\/wp-json\/wp\/v2\/product_tag?post=11539"}],"curies":[{"name":"wp","href":"https:\/\/api.w.org\/{rel}","templated":true}]}}