{"id":11542,"date":"2025-07-16T02:06:46","date_gmt":"2025-07-16T02:06:46","guid":{"rendered":"https:\/\/moyahousehold.com\/?post_type=product&#038;p=11542"},"modified":"2025-07-16T03:07:24","modified_gmt":"2025-07-16T03:07:24","slug":"stainless-steel-multi-layer-lunch-container-heat-retaining-durable-fits-snacks-main-dishes","status":"publish","type":"product","link":"https:\/\/moyahousehold.com\/de\/produkt\/stainless-steel-multi-layer-lunch-container-heat-retaining-durable-fits-snacks-main-dishes\/","title":{"rendered":"Edelstahl-Mehrschicht-Lunch-Container Hitzebest\u00e4ndig Langlebig Passend f\u00fcr Snacks und Hauptgerichte"},"content":{"rendered":"<p><strong>Material:<\/strong> 304 + PP <strong> Farbe:<\/strong> Beige\/Khaki<\/p>\n\n\n\n<figure class=\"wp-block-table\"><table class=\"has-fixed-layout\"><tbody><tr><td>Artikel<\/td><td>Material<\/td><td>Farbe<\/td><td>Kapazit\u00e4t<\/td><td>Gr\u00f6\u00dfe\/PCS<\/td><td>PCS\/Koffer<\/td><td>N.W.\/PCS<\/td><td>G.W.\/Fall<\/td><\/tr><tr><td>MYSK037<\/td><td rowspan=\"4\">304+PP+Silikon<\/td><td rowspan=\"4\">Beige\/Khaki\/Kamel<\/td><td>1 Schicht-1050ml<\/td><td>16*14.5*13<\/td><td>60<\/td><td>0.31&nbsp;<\/td><td>23.78&nbsp;<\/td><\/tr><tr><td>MYSK038<\/td><td>2 Schichten-1750ml<\/td><td>16*14.5*19.3<\/td><td>36<\/td><td>0.51&nbsp;<\/td><td>23.36&nbsp;<\/td><\/tr><tr><td>MYSK039<\/td><td>3 Schichten-2450ml<\/td><td>16*14.5*25.6<\/td><td>24<\/td><td>0.71&nbsp;<\/td><td>21.97&nbsp;<\/td><\/tr><tr><td>MYSK040<\/td><td>4 Schichten-3150ml<\/td><td>16*14.5*31.9<\/td><td>24<\/td><td>0.89&nbsp;<\/td><td>26.26&nbsp;<\/td><\/tr><\/tbody><\/table><\/figure>\n\n\n\n<h3 class=\"wp-block-heading\">Individuelle Lunchbox-Optionen<\/h3>\n\n\n\n<p><strong>Logo<\/strong>: Gestalten Sie Ihr Markenlogo auf der Bento-Box aus Edelstahl und der Verpackung.<br><strong>Logo-Optionen<\/strong>: gedrucktes Logo, lasergraviertes Logo, etc.<br><strong>Muster<\/strong>: Druckmuster auf Produkten und Verpackungen.<br><strong>Drucktechnik<\/strong>Wassertransferdruck, Siebdruck, W\u00e4rmetransferdruck, Sublimationstransfer, etc.<br><strong>Verpackung:<\/strong>Farbkasten.<br><a href=\"https:\/\/moyahousehold.com\/de\/individuelle-losung\/\"><strong>Erfahren Sie mehr \u00fcber individuelle L\u00f6sungen f\u00fcr Lunchpakete.<\/strong><\/a><\/p>\n\n\n\n<div class=\"wp-block-columns is-layout-flex wp-container-core-columns-is-layout-9d6595d7 wp-block-columns-is-layout-flex\">\n<div class=\"wp-block-column is-layout-flow wp-block-column-is-layout-flow\">\n<figure class=\"wp-block-image size-full\"><img fetchpriority=\"high\" decoding=\"async\" width=\"3320\" height=\"3320\" src=\"https:\/\/moyahousehold.com\/wp-content\/uploads\/2025\/07\/Stainless-steel-multi-layer-lunch-box-5.webp\" alt=\"Mehrschichtige Lunchbox aus Edelstahl\" class=\"wp-image-11529\" srcset=\"https:\/\/moyahousehold.com\/wp-content\/uploads\/2025\/07\/Stainless-steel-multi-layer-lunch-box-5.webp 3320w, https:\/\/moyahousehold.com\/wp-content\/uploads\/2025\/07\/Stainless-steel-multi-layer-lunch-box-5-300x300.webp 300w, https:\/\/moyahousehold.com\/wp-content\/uploads\/2025\/07\/Stainless-steel-multi-layer-lunch-box-5-150x150.webp 150w, https:\/\/moyahousehold.com\/wp-content\/uploads\/2025\/07\/Stainless-steel-multi-layer-lunch-box-5-768x768.webp 768w, https:\/\/moyahousehold.com\/wp-content\/uploads\/2025\/07\/Stainless-steel-multi-layer-lunch-box-5-12x12.webp 12w, https:\/\/moyahousehold.com\/wp-content\/uploads\/2025\/07\/Stainless-steel-multi-layer-lunch-box-5-285x285.webp 285w, https:\/\/moyahousehold.com\/wp-content\/uploads\/2025\/07\/Stainless-steel-multi-layer-lunch-box-5-1600x1600.webp 1600w, https:\/\/moyahousehold.com\/wp-content\/uploads\/2025\/07\/Stainless-steel-multi-layer-lunch-box-5-270x270.webp 270w, https:\/\/moyahousehold.com\/wp-content\/uploads\/2025\/07\/Stainless-steel-multi-layer-lunch-box-5-540x540.webp 540w, https:\/\/moyahousehold.com\/wp-content\/uploads\/2025\/07\/Stainless-steel-multi-layer-lunch-box-5-660x660.webp 660w\" sizes=\"(max-width: 3320px) 100vw, 3320px\" \/><\/figure>\n<\/div>\n\n\n\n<div class=\"wp-block-column is-layout-flow wp-block-column-is-layout-flow\">\n<figure class=\"wp-block-image size-full\"><img decoding=\"async\" width=\"3504\" height=\"3504\" src=\"https:\/\/moyahousehold.com\/wp-content\/uploads\/2025\/07\/Stainless-steel-multi-layer-lunch-box-6.webp\" alt=\"Mehrschichtige Lunchbox aus Edelstahl\" class=\"wp-image-11530\" srcset=\"https:\/\/moyahousehold.com\/wp-content\/uploads\/2025\/07\/Stainless-steel-multi-layer-lunch-box-6.webp 3504w, https:\/\/moyahousehold.com\/wp-content\/uploads\/2025\/07\/Stainless-steel-multi-layer-lunch-box-6-300x300.webp 300w, https:\/\/moyahousehold.com\/wp-content\/uploads\/2025\/07\/Stainless-steel-multi-layer-lunch-box-6-150x150.webp 150w, https:\/\/moyahousehold.com\/wp-content\/uploads\/2025\/07\/Stainless-steel-multi-layer-lunch-box-6-768x768.webp 768w, https:\/\/moyahousehold.com\/wp-content\/uploads\/2025\/07\/Stainless-steel-multi-layer-lunch-box-6-12x12.webp 12w, https:\/\/moyahousehold.com\/wp-content\/uploads\/2025\/07\/Stainless-steel-multi-layer-lunch-box-6-285x285.webp 285w, https:\/\/moyahousehold.com\/wp-content\/uploads\/2025\/07\/Stainless-steel-multi-layer-lunch-box-6-1600x1600.webp 1600w, https:\/\/moyahousehold.com\/wp-content\/uploads\/2025\/07\/Stainless-steel-multi-layer-lunch-box-6-270x270.webp 270w, https:\/\/moyahousehold.com\/wp-content\/uploads\/2025\/07\/Stainless-steel-multi-layer-lunch-box-6-540x540.webp 540w, https:\/\/moyahousehold.com\/wp-content\/uploads\/2025\/07\/Stainless-steel-multi-layer-lunch-box-6-660x660.webp 660w\" sizes=\"(max-width: 3504px) 100vw, 3504px\" \/><\/figure>\n<\/div>\n<\/div>\n\n\n\n<div class=\"wp-block-columns is-layout-flex wp-container-core-columns-is-layout-9d6595d7 wp-block-columns-is-layout-flex\">\n<div class=\"wp-block-column is-layout-flow wp-block-column-is-layout-flow\">\n<figure class=\"wp-block-image size-full\"><img decoding=\"async\" width=\"3648\" height=\"3648\" src=\"https:\/\/moyahousehold.com\/wp-content\/uploads\/2025\/07\/Stainless-steel-multi-layer-lunch-box-7.webp\" alt=\"Mehrschichtige Lunchbox aus Edelstahl\" class=\"wp-image-11531\" srcset=\"https:\/\/moyahousehold.com\/wp-content\/uploads\/2025\/07\/Stainless-steel-multi-layer-lunch-box-7.webp 3648w, https:\/\/moyahousehold.com\/wp-content\/uploads\/2025\/07\/Stainless-steel-multi-layer-lunch-box-7-300x300.webp 300w, https:\/\/moyahousehold.com\/wp-content\/uploads\/2025\/07\/Stainless-steel-multi-layer-lunch-box-7-150x150.webp 150w, https:\/\/moyahousehold.com\/wp-content\/uploads\/2025\/07\/Stainless-steel-multi-layer-lunch-box-7-768x768.webp 768w, https:\/\/moyahousehold.com\/wp-content\/uploads\/2025\/07\/Stainless-steel-multi-layer-lunch-box-7-12x12.webp 12w, https:\/\/moyahousehold.com\/wp-content\/uploads\/2025\/07\/Stainless-steel-multi-layer-lunch-box-7-285x285.webp 285w, https:\/\/moyahousehold.com\/wp-content\/uploads\/2025\/07\/Stainless-steel-multi-layer-lunch-box-7-1600x1600.webp 1600w, https:\/\/moyahousehold.com\/wp-content\/uploads\/2025\/07\/Stainless-steel-multi-layer-lunch-box-7-270x270.webp 270w, https:\/\/moyahousehold.com\/wp-content\/uploads\/2025\/07\/Stainless-steel-multi-layer-lunch-box-7-540x540.webp 540w, https:\/\/moyahousehold.com\/wp-content\/uploads\/2025\/07\/Stainless-steel-multi-layer-lunch-box-7-660x660.webp 660w\" sizes=\"(max-width: 3648px) 100vw, 3648px\" \/><\/figure>\n<\/div>\n\n\n\n<div class=\"wp-block-column is-layout-flow wp-block-column-is-layout-flow\">\n<figure class=\"wp-block-image size-full\"><img loading=\"lazy\" decoding=\"async\" width=\"3357\" height=\"3357\" src=\"https:\/\/moyahousehold.com\/wp-content\/uploads\/2025\/07\/Stainless-steel-multi-layer-lunch-box-8.webp\" alt=\"Mehrschichtige Lunchbox aus Edelstahl\" class=\"wp-image-11532\" srcset=\"https:\/\/moyahousehold.com\/wp-content\/uploads\/2025\/07\/Stainless-steel-multi-layer-lunch-box-8.webp 3357w, https:\/\/moyahousehold.com\/wp-content\/uploads\/2025\/07\/Stainless-steel-multi-layer-lunch-box-8-300x300.webp 300w, https:\/\/moyahousehold.com\/wp-content\/uploads\/2025\/07\/Stainless-steel-multi-layer-lunch-box-8-150x150.webp 150w, https:\/\/moyahousehold.com\/wp-content\/uploads\/2025\/07\/Stainless-steel-multi-layer-lunch-box-8-768x768.webp 768w, https:\/\/moyahousehold.com\/wp-content\/uploads\/2025\/07\/Stainless-steel-multi-layer-lunch-box-8-12x12.webp 12w, https:\/\/moyahousehold.com\/wp-content\/uploads\/2025\/07\/Stainless-steel-multi-layer-lunch-box-8-285x285.webp 285w, https:\/\/moyahousehold.com\/wp-content\/uploads\/2025\/07\/Stainless-steel-multi-layer-lunch-box-8-1600x1600.webp 1600w, https:\/\/moyahousehold.com\/wp-content\/uploads\/2025\/07\/Stainless-steel-multi-layer-lunch-box-8-270x270.webp 270w, https:\/\/moyahousehold.com\/wp-content\/uploads\/2025\/07\/Stainless-steel-multi-layer-lunch-box-8-540x540.webp 540w, https:\/\/moyahousehold.com\/wp-content\/uploads\/2025\/07\/Stainless-steel-multi-layer-lunch-box-8-660x660.webp 660w\" sizes=\"(max-width: 3357px) 100vw, 3357px\" \/><\/figure>\n<\/div>\n<\/div>","protected":false},"excerpt":{"rendered":"<h2 class=\"header-vfC6AV auto-hide-last-sibling-br\">Hochwertige Qualit\u00e4t und praktisches Design<\/h2>\n<div class=\"auto-hide-last-sibling-br paragraph-JOTKXA paragraph-element br-paragraph-space\">Diese aus lebensmittelechtem 304er Edelstahl gefertigten Lunchboxen verf\u00fcgen \u00fcber eine mehrschichtige Struktur (erh\u00e4ltlich in 2 bis 4 Schichten), die eine separate Aufbewahrung verschiedener Lebensmittel erm\u00f6glicht. Sie sind ideal f\u00fcr Studenten, B\u00fcroangestellte und Reisende und sorgen daf\u00fcr, dass die Mahlzeiten frisch, organisiert und sauber bleiben. Mit Gro\u00dfabnehmerrabatten und Unterst\u00fctzung f\u00fcr OEM- und ODM-Anpassungen freuen wir uns auf die Zusammenarbeit mit Ihnen, um Ihre spezifischen Anforderungen zu erf\u00fcllen.<\/div>\n<h2 class=\"header-vfC6AV auto-hide-last-sibling-br\">Merkmale der mehrschichtigen Edelstahl-Lunchbox<\/h2>\n<h3 class=\"header-vfC6AV auto-hide-last-sibling-br\">1. Stilvolles &amp; funktionales Design<\/h3>\n<div class=\"auto-hide-last-sibling-br paragraph-JOTKXA paragraph-element br-paragraph-space\">Glatte Metallic-Oberfl\u00e4chen oder anpassbare Farben (z. B. mattschwarz, cremefarben) f\u00fcgen sich in die unterschiedlichsten \u00c4sthetiken ein. Das stapelbare Design spart Platz im Schrank, w\u00e4hrend der verst\u00e4rkte Griff an der Oberseite ein einfaches Tragen erm\u00f6glicht - kompakt genug, um in Rucks\u00e4cken oder Arbeitstaschen Platz zu finden, ohne aufzutragen.<\/div>\n<h3 class=\"header-vfC6AV auto-hide-last-sibling-br\">2. Intelligentes mehrschichtiges System<\/h3>\n<div class=\"auto-hide-last-sibling-br paragraph-JOTKXA paragraph-element br-paragraph-space\">2-4 unabh\u00e4ngige Schichten halten Suppen, Hauptgerichte, Beilagen und Snacks vollst\u00e4ndig voneinander getrennt und verhindern, dass sich die Aromen vermischen oder durchweichen. Jede Schicht hat ein ma\u00dfgeschneidertes Fassungsverm\u00f6gen (250ml-600ml), um die Portionskontrolle zu unterst\u00fctzen - perfekt f\u00fcr ausgewogene Di\u00e4ten und Ern\u00e4hrungsmanagement.<\/div>\n<h3 class=\"header-vfC6AV auto-hide-last-sibling-br\">3. Sicheres und zertifiziertes Material<\/h3>\n<div class=\"auto-hide-last-sibling-br paragraph-JOTKXA paragraph-element br-paragraph-space\">Hergestellt aus lebensmittelechtem 304er-Edelstahl 100%, frei von BPA und sch\u00e4dlichen Chemikalien. Zertifiziert nach internationalen Lebensmittelsicherheitsstandards (z. B. FDA, LFGB), um einen sicheren direkten Kontakt mit hei\u00dfen oder kalten Lebensmitteln zu gew\u00e4hrleisten. Glatte, polierte Kanten verhindern Kratzer w\u00e4hrend des Gebrauchs.<\/div>\n<h3 class=\"header-vfC6AV auto-hide-last-sibling-br\">4. Luftdicht &amp; lecksicher Leistung<\/h3>\n<div class=\"auto-hide-last-sibling-br paragraph-JOTKXA paragraph-element br-paragraph-space\">Jede Schicht ist mit einem Deckel mit Silikondichtung versehen, der eine luftdichte Barriere bildet. Sie bewahrt die Frische \u00fcber Stunden (geeignet f\u00fcr die Lagerung im K\u00fchlschrank oder bei Raumtemperatur) und verhindert das Auslaufen von Fl\u00fcssigkeiten wie Br\u00fchen oder Dressings und h\u00e4lt die Beutel sauber.<\/div>\n<h3 class=\"header-vfC6AV auto-hide-last-sibling-br\">5. Benutzerfreundliche Details<\/h3>\n<div class=\"auto-hide-last-sibling-br paragraph-JOTKXA paragraph-element br-paragraph-space\">Die Deckel sind mit griffigen Laschen versehen, die sich m\u00fchelos \u00f6ffnen lassen - sowohl f\u00fcr Kinder als auch f\u00fcr Erwachsene geeignet. Leicht und dennoch haltbar, mit rostfreien Oberfl\u00e4chen, die f\u00fcr eine schnelle Reinigung in der Sp\u00fclmaschine geeignet sind. Die abnehmbaren Lagen erm\u00f6glichen eine flexible Nutzung (z. B. eine Lage f\u00fcr Snacks).<\/div>","protected":false},"featured_media":11525,"comment_status":"closed","ping_status":"closed","template":"","meta":[],"product_cat":[58],"product_tag":[87,92],"class_list":{"0":"post-11542","1":"product","2":"type-product","3":"status-publish","4":"has-post-thumbnail","6":"product_cat-lunch-box-wholesale","7":"product_tag-wholesale-multi-compartment-lunch-box","8":"product_tag-wholesale-rectangle-lunch-box","10":"first","11":"instock","12":"shipping-taxable","13":"product-type-simple"},"_links":{"self":[{"href":"https:\/\/moyahousehold.com\/de\/wp-json\/wp\/v2\/product\/11542","targetHints":{"allow":["GET"]}}],"collection":[{"href":"https:\/\/moyahousehold.com\/de\/wp-json\/wp\/v2\/product"}],"about":[{"href":"https:\/\/moyahousehold.com\/de\/wp-json\/wp\/v2\/types\/product"}],"replies":[{"embeddable":true,"href":"https:\/\/moyahousehold.com\/de\/wp-json\/wp\/v2\/comments?post=11542"}],"version-history":[{"count":0,"href":"https:\/\/moyahousehold.com\/de\/wp-json\/wp\/v2\/product\/11542\/revisions"}],"wp:featuredmedia":[{"embeddable":true,"href":"https:\/\/moyahousehold.com\/de\/wp-json\/wp\/v2\/media\/11525"}],"wp:attachment":[{"href":"https:\/\/moyahousehold.com\/de\/wp-json\/wp\/v2\/media?parent=11542"}],"wp:term":[{"taxonomy":"product_cat","embeddable":true,"href":"https:\/\/moyahousehold.com\/de\/wp-json\/wp\/v2\/product_cat?post=11542"},{"taxonomy":"product_tag","embeddable":true,"href":"https:\/\/moyahousehold.com\/de\/wp-json\/wp\/v2\/product_tag?post=11542"}],"curies":[{"name":"wp","href":"https:\/\/api.w.org\/{rel}","templated":true}]}}