{"id":11545,"date":"2025-07-16T03:10:53","date_gmt":"2025-07-16T03:10:53","guid":{"rendered":"https:\/\/moyahousehold.com\/?post_type=product&#038;p=11545"},"modified":"2025-07-16T03:16:13","modified_gmt":"2025-07-16T03:16:13","slug":"striped-bottom-stainless-steel-storage-box-clear-pe-lid-leakproof-ideal-for-food-preservation","status":"publish","type":"product","link":"https:\/\/moyahousehold.com\/de\/produkt\/striped-bottom-stainless-steel-storage-box-clear-pe-lid-leakproof-ideal-for-food-preservation\/","title":{"rendered":"Aufbewahrungsbox mit gestreiftem Boden aus Edelstahl Klarer PE-Deckel Auslaufsicher Ideal f\u00fcr die Lebensmittelkonservierung"},"content":{"rendered":"<p><strong>Material:<\/strong> 304 + PE-Deckel <strong> Farbe:<\/strong> Stahl<\/p>\n\n\n\n<figure class=\"wp-block-table\"><table class=\"has-fixed-layout\"><tbody><tr><td>Artikel<\/td><td>Material<\/td><td>Farbe<\/td><td>Kapazit\u00e4t<\/td><td>Gr\u00f6\u00dfe\/PCS<\/td><td>PCS\/Koffer<\/td><td>N.W.\/PCS<\/td><td>G.W.\/Fall<\/td><\/tr><tr><td>MYJD323<\/td><td rowspan=\"9\">SUS304+PE<\/td><td rowspan=\"9\">Stahl+Wei\u00df<\/td><td>580ml<\/td><td>17*10.6*5.2<\/td><td>80<\/td><td>0.15&nbsp;<\/td><td>13.84&nbsp;<\/td><\/tr><tr><td>MYJD324<\/td><td>880ml<\/td><td>17*10.6*7.7<\/td><td>60<\/td><td>0.19&nbsp;<\/td><td>13.34&nbsp;<\/td><\/tr><tr><td>MYJD325<\/td><td>1180ml<\/td><td>17*10.6*10.3<\/td><td>50<\/td><td>0.23&nbsp;<\/td><td>13.55&nbsp;<\/td><\/tr><tr><td>MYJD326<\/td><td>1000ml<\/td><td>20.8*14.1*5.2<\/td><td>56<\/td><td>0.23&nbsp;<\/td><td>14.60&nbsp;<\/td><\/tr><tr><td>MYJD327<\/td><td>1600ml<\/td><td>20.8*14.1*7.7<\/td><td>40<\/td><td>0.27&nbsp;<\/td><td>12.72&nbsp;<\/td><\/tr><tr><td>MYJD328<\/td><td>2100ml<\/td><td>20.8*14.1*10.3<\/td><td>32<\/td><td>0.34&nbsp;<\/td><td>12.88&nbsp;<\/td><\/tr><tr><td>MYJD329<\/td><td>1500ml<\/td><td>24.3*17.5*5.2<\/td><td>48<\/td><td>0.29&nbsp;<\/td><td>16.02&nbsp;<\/td><\/tr><tr><td>MYJD330<\/td><td>2300ml<\/td><td>24.3*17.5*7.7<\/td><td>36<\/td><td>0.34&nbsp;<\/td><td>14.06&nbsp;<\/td><\/tr><tr><td>MYJD331<\/td><td>3100ml<\/td><td>24.3*17.5*10.3<\/td><td>24<\/td><td>0.38&nbsp;<\/td><td>11.05&nbsp;<\/td><\/tr><\/tbody><\/table><\/figure>\n\n\n\n<h3 class=\"wp-block-heading\">Individuelle Lunchbox-Optionen<\/h3>\n\n\n\n<p><strong>Logo<\/strong>: Gestalten Sie Ihr Markenlogo auf der Bento-Box aus Edelstahl und der Verpackung.<br><strong>Logo-Optionen<\/strong>: gedrucktes Logo, lasergraviertes Logo, etc.<br><strong>Muster<\/strong>: Druckmuster auf Produkten und Verpackungen.<br><strong>Drucktechnik<\/strong>Wassertransferdruck, Siebdruck, W\u00e4rmetransferdruck, Sublimationstransfer, etc.<br><strong>Verpackung:<\/strong>Farbkasten.<br><a href=\"https:\/\/moyahousehold.com\/de\/individuelle-losung\/\"><strong>Erfahren Sie mehr \u00fcber individuelle L\u00f6sungen f\u00fcr Lunchpakete.<\/strong><\/a><\/p>\n\n\n\n<div class=\"wp-block-columns is-layout-flex wp-container-core-columns-is-layout-9d6595d7 wp-block-columns-is-layout-flex\">\n<div class=\"wp-block-column is-layout-flow wp-block-column-is-layout-flow\">\n<figure class=\"wp-block-image size-full\"><img fetchpriority=\"high\" decoding=\"async\" width=\"3602\" height=\"3602\" src=\"https:\/\/moyahousehold.com\/wp-content\/uploads\/2025\/07\/PE-lid-food-storage-container-12.webp\" alt=\"PE-Deckel Lebensmittelbeh\u00e4lter\" class=\"wp-image-11509\" srcset=\"https:\/\/moyahousehold.com\/wp-content\/uploads\/2025\/07\/PE-lid-food-storage-container-12.webp 3602w, https:\/\/moyahousehold.com\/wp-content\/uploads\/2025\/07\/PE-lid-food-storage-container-12-300x300.webp 300w, https:\/\/moyahousehold.com\/wp-content\/uploads\/2025\/07\/PE-lid-food-storage-container-12-150x150.webp 150w, https:\/\/moyahousehold.com\/wp-content\/uploads\/2025\/07\/PE-lid-food-storage-container-12-768x768.webp 768w, https:\/\/moyahousehold.com\/wp-content\/uploads\/2025\/07\/PE-lid-food-storage-container-12-12x12.webp 12w, https:\/\/moyahousehold.com\/wp-content\/uploads\/2025\/07\/PE-lid-food-storage-container-12-285x285.webp 285w, https:\/\/moyahousehold.com\/wp-content\/uploads\/2025\/07\/PE-lid-food-storage-container-12-1600x1600.webp 1600w, https:\/\/moyahousehold.com\/wp-content\/uploads\/2025\/07\/PE-lid-food-storage-container-12-270x270.webp 270w, https:\/\/moyahousehold.com\/wp-content\/uploads\/2025\/07\/PE-lid-food-storage-container-12-540x540.webp 540w, https:\/\/moyahousehold.com\/wp-content\/uploads\/2025\/07\/PE-lid-food-storage-container-12-660x660.webp 660w\" sizes=\"(max-width: 3602px) 100vw, 3602px\" \/><\/figure>\n<\/div>\n\n\n\n<div class=\"wp-block-column is-layout-flow wp-block-column-is-layout-flow\">\n<figure class=\"wp-block-image size-full\"><img decoding=\"async\" width=\"3878\" height=\"3878\" src=\"https:\/\/moyahousehold.com\/wp-content\/uploads\/2025\/07\/PE-lid-food-storage-container-11.webp\" alt=\"PE-Deckel Lebensmittelbeh\u00e4lter\" class=\"wp-image-11508\" srcset=\"https:\/\/moyahousehold.com\/wp-content\/uploads\/2025\/07\/PE-lid-food-storage-container-11.webp 3878w, https:\/\/moyahousehold.com\/wp-content\/uploads\/2025\/07\/PE-lid-food-storage-container-11-300x300.webp 300w, https:\/\/moyahousehold.com\/wp-content\/uploads\/2025\/07\/PE-lid-food-storage-container-11-150x150.webp 150w, https:\/\/moyahousehold.com\/wp-content\/uploads\/2025\/07\/PE-lid-food-storage-container-11-768x768.webp 768w, https:\/\/moyahousehold.com\/wp-content\/uploads\/2025\/07\/PE-lid-food-storage-container-11-12x12.webp 12w, https:\/\/moyahousehold.com\/wp-content\/uploads\/2025\/07\/PE-lid-food-storage-container-11-285x285.webp 285w, https:\/\/moyahousehold.com\/wp-content\/uploads\/2025\/07\/PE-lid-food-storage-container-11-1600x1600.webp 1600w, https:\/\/moyahousehold.com\/wp-content\/uploads\/2025\/07\/PE-lid-food-storage-container-11-270x270.webp 270w, https:\/\/moyahousehold.com\/wp-content\/uploads\/2025\/07\/PE-lid-food-storage-container-11-540x540.webp 540w, https:\/\/moyahousehold.com\/wp-content\/uploads\/2025\/07\/PE-lid-food-storage-container-11-660x660.webp 660w\" sizes=\"(max-width: 3878px) 100vw, 3878px\" \/><\/figure>\n<\/div>\n<\/div>\n\n\n\n<div class=\"wp-block-columns is-layout-flex wp-container-core-columns-is-layout-9d6595d7 wp-block-columns-is-layout-flex\">\n<div class=\"wp-block-column is-layout-flow wp-block-column-is-layout-flow\">\n<figure class=\"wp-block-image size-full\"><img decoding=\"async\" width=\"3803\" height=\"3803\" src=\"https:\/\/moyahousehold.com\/wp-content\/uploads\/2025\/07\/PE-lid-food-storage-container-10.webp\" alt=\"PE-Deckel Lebensmittelbeh\u00e4lter\" class=\"wp-image-11507\" srcset=\"https:\/\/moyahousehold.com\/wp-content\/uploads\/2025\/07\/PE-lid-food-storage-container-10.webp 3803w, https:\/\/moyahousehold.com\/wp-content\/uploads\/2025\/07\/PE-lid-food-storage-container-10-300x300.webp 300w, https:\/\/moyahousehold.com\/wp-content\/uploads\/2025\/07\/PE-lid-food-storage-container-10-150x150.webp 150w, https:\/\/moyahousehold.com\/wp-content\/uploads\/2025\/07\/PE-lid-food-storage-container-10-768x768.webp 768w, https:\/\/moyahousehold.com\/wp-content\/uploads\/2025\/07\/PE-lid-food-storage-container-10-12x12.webp 12w, https:\/\/moyahousehold.com\/wp-content\/uploads\/2025\/07\/PE-lid-food-storage-container-10-285x285.webp 285w, https:\/\/moyahousehold.com\/wp-content\/uploads\/2025\/07\/PE-lid-food-storage-container-10-1600x1600.webp 1600w, https:\/\/moyahousehold.com\/wp-content\/uploads\/2025\/07\/PE-lid-food-storage-container-10-270x270.webp 270w, https:\/\/moyahousehold.com\/wp-content\/uploads\/2025\/07\/PE-lid-food-storage-container-10-540x540.webp 540w, https:\/\/moyahousehold.com\/wp-content\/uploads\/2025\/07\/PE-lid-food-storage-container-10-660x660.webp 660w\" sizes=\"(max-width: 3803px) 100vw, 3803px\" \/><\/figure>\n<\/div>\n\n\n\n<div class=\"wp-block-column is-layout-flow wp-block-column-is-layout-flow\">\n<figure class=\"wp-block-image size-full\"><img loading=\"lazy\" decoding=\"async\" width=\"3736\" height=\"3736\" src=\"https:\/\/moyahousehold.com\/wp-content\/uploads\/2025\/07\/PE-lid-food-storage-container-8.webp\" alt=\"PE-Deckel Lebensmittelbeh\u00e4lter\" class=\"wp-image-11505\" srcset=\"https:\/\/moyahousehold.com\/wp-content\/uploads\/2025\/07\/PE-lid-food-storage-container-8.webp 3736w, https:\/\/moyahousehold.com\/wp-content\/uploads\/2025\/07\/PE-lid-food-storage-container-8-300x300.webp 300w, https:\/\/moyahousehold.com\/wp-content\/uploads\/2025\/07\/PE-lid-food-storage-container-8-150x150.webp 150w, https:\/\/moyahousehold.com\/wp-content\/uploads\/2025\/07\/PE-lid-food-storage-container-8-768x768.webp 768w, https:\/\/moyahousehold.com\/wp-content\/uploads\/2025\/07\/PE-lid-food-storage-container-8-12x12.webp 12w, https:\/\/moyahousehold.com\/wp-content\/uploads\/2025\/07\/PE-lid-food-storage-container-8-285x285.webp 285w, https:\/\/moyahousehold.com\/wp-content\/uploads\/2025\/07\/PE-lid-food-storage-container-8-1600x1600.webp 1600w, https:\/\/moyahousehold.com\/wp-content\/uploads\/2025\/07\/PE-lid-food-storage-container-8-270x270.webp 270w, https:\/\/moyahousehold.com\/wp-content\/uploads\/2025\/07\/PE-lid-food-storage-container-8-540x540.webp 540w, https:\/\/moyahousehold.com\/wp-content\/uploads\/2025\/07\/PE-lid-food-storage-container-8-660x660.webp 660w\" sizes=\"(max-width: 3736px) 100vw, 3736px\" \/><\/figure>\n<\/div>\n<\/div>\n\n\n\n<p><\/p>","protected":false},"excerpt":{"rendered":"<h2 class=\"header-vfC6AV auto-hide-last-sibling-br\">Hochwertige Qualit\u00e4t und praktisches Design<\/h2>\n<div class=\"auto-hide-last-sibling-br paragraph-JOTKXA paragraph-element br-paragraph-space\">Die aus lebensmittelechtem Edelstahl gefertigten Vorratsbeh\u00e4lter mit gestreiftem Boden und transparentem PE-Deckel sind ideal, um Obst, Essensreste oder Trockenprodukte frisch zu halten. Perfekt f\u00fcr den Gebrauch zu Hause, in der K\u00fcche oder beim Picknick, um sicherzustellen, dass die Lebensmittel geordnet, sichtbar und ohne Unordnung bleiben. Mit Gro\u00dfabnehmerrabatten und Unterst\u00fctzung f\u00fcr OEM- und ODM-Anpassungen freuen wir uns auf die Zusammenarbeit mit Ihnen, um Ihre spezifischen Anforderungen zu erf\u00fcllen.<\/div>\n<h2 class=\"header-vfC6AV auto-hide-last-sibling-br\">Eigenschaften von Edelstahl Lebensmittelbeh\u00e4ltern<\/h2>\n<h3 class=\"header-vfC6AV auto-hide-last-sibling-br\">1. Stilvolles &amp; funktionales Design<\/h3>\n<div class=\"auto-hide-last-sibling-br paragraph-JOTKXA paragraph-element br-paragraph-space\">Der einzigartige gestreifte Boden sorgt f\u00fcr \u00c4sthetik und Rutschfestigkeit und erh\u00f6ht die Stabilit\u00e4t auf Arbeitsfl\u00e4chen. Der durchsichtige PE-Deckel erm\u00f6glicht eine einfache Identifizierung des Inhalts auf einen Blick. Kompakt und stapelbar, spart Platz im K\u00fchlschrank oder Schrank.<\/div>\n<h3 class=\"header-vfC6AV auto-hide-last-sibling-br\">2. Effiziente Frischeerhaltung<\/h3>\n<div class=\"auto-hide-last-sibling-br paragraph-JOTKXA paragraph-element br-paragraph-space\">Der dicht schlie\u00dfende PE-Deckel mit Silikondichtring bildet eine luftdichte Barriere. H\u00e4lt Luft und Feuchtigkeit ab, verhindert Geruchsvermischung und Verderb und verl\u00e4ngert die Frische von Lebensmitteln - geeignet f\u00fcr die Lagerung im K\u00fchlschrank und bei Raumtemperatur.<\/div>\n<h3 class=\"header-vfC6AV auto-hide-last-sibling-br\">3. Sicheres und langlebiges Material<\/h3>\n<div class=\"auto-hide-last-sibling-br paragraph-JOTKXA paragraph-element br-paragraph-space\">Hergestellt aus lebensmittelechtem Edelstahl 100%, frei von BPA und sch\u00e4dlichen Chemikalien. Der klare PE-Deckel ist ungiftig, robust und sicher f\u00fcr den direkten Kontakt mit Lebensmitteln. Zertifiziert durch relevante Lebensmittelsicherheitsstandards, die eine zuverl\u00e4ssige Verwendung gew\u00e4hrleisten.<\/div>\n<h3 class=\"header-vfC6AV auto-hide-last-sibling-br\">4. Benutzerfreundliche Details<\/h3>\n<div class=\"auto-hide-last-sibling-br paragraph-JOTKXA paragraph-element br-paragraph-space\">Der PE-Deckel l\u00e4sst sich leicht \u00f6ffnen und schlie\u00dfen und hat einen glatten Rand, der sanft zu den H\u00e4nden ist. Das Geh\u00e4use aus rostfreiem Stahl ist korrosionsbest\u00e4ndig und leicht zu reinigen, w\u00e4hrend der gestreifte Boden im t\u00e4glichen Gebrauch keine Kratzer verursacht.<\/div>\n<h3 class=\"header-vfC6AV auto-hide-last-sibling-br\">5. Vielseitige Gr\u00f6\u00dfen<\/h3>\n<div class=\"auto-hide-last-sibling-br paragraph-JOTKXA paragraph-element br-paragraph-space\">Erh\u00e4ltlich in verschiedenen Fassungsverm\u00f6gen (200ml-2L), von klein f\u00fcr Gew\u00fcrze bis hin zu gro\u00df f\u00fcr die Reste der Familie, um den verschiedenen Aufbewahrungsbed\u00fcrfnissen im t\u00e4glichen Leben oder in kommerziellen Umgebungen gerecht zu werden.<\/div>","protected":false},"featured_media":11510,"comment_status":"closed","ping_status":"closed","template":"","meta":[],"product_cat":[57],"product_tag":[87,92],"class_list":{"0":"post-11545","1":"product","2":"type-product","3":"status-publish","4":"has-post-thumbnail","6":"product_cat-food-storage-container-wholesale","7":"product_tag-wholesale-multi-compartment-lunch-box","8":"product_tag-wholesale-rectangle-lunch-box","10":"first","11":"instock","12":"shipping-taxable","13":"product-type-simple"},"_links":{"self":[{"href":"https:\/\/moyahousehold.com\/de\/wp-json\/wp\/v2\/product\/11545","targetHints":{"allow":["GET"]}}],"collection":[{"href":"https:\/\/moyahousehold.com\/de\/wp-json\/wp\/v2\/product"}],"about":[{"href":"https:\/\/moyahousehold.com\/de\/wp-json\/wp\/v2\/types\/product"}],"replies":[{"embeddable":true,"href":"https:\/\/moyahousehold.com\/de\/wp-json\/wp\/v2\/comments?post=11545"}],"version-history":[{"count":1,"href":"https:\/\/moyahousehold.com\/de\/wp-json\/wp\/v2\/product\/11545\/revisions"}],"predecessor-version":[{"id":11812,"href":"https:\/\/moyahousehold.com\/de\/wp-json\/wp\/v2\/product\/11545\/revisions\/11812"}],"wp:featuredmedia":[{"embeddable":true,"href":"https:\/\/moyahousehold.com\/de\/wp-json\/wp\/v2\/media\/11510"}],"wp:attachment":[{"href":"https:\/\/moyahousehold.com\/de\/wp-json\/wp\/v2\/media?parent=11545"}],"wp:term":[{"taxonomy":"product_cat","embeddable":true,"href":"https:\/\/moyahousehold.com\/de\/wp-json\/wp\/v2\/product_cat?post=11545"},{"taxonomy":"product_tag","embeddable":true,"href":"https:\/\/moyahousehold.com\/de\/wp-json\/wp\/v2\/product_tag?post=11545"}],"curies":[{"name":"wp","href":"https:\/\/api.w.org\/{rel}","templated":true}]}}