{"id":11548,"date":"2025-07-16T03:16:37","date_gmt":"2025-07-16T03:16:37","guid":{"rendered":"https:\/\/moyahousehold.com\/?post_type=product&#038;p=11548"},"modified":"2026-03-27T02:30:03","modified_gmt":"2026-03-27T02:30:03","slug":"stainless-steel-food-container-with-striped-base-clear-as-lid-wide-latches-airtight-seal-ideal-for-freshness-preservation","status":"publish","type":"product","link":"https:\/\/moyahousehold.com\/de\/produkt\/stainless-steel-food-container-with-striped-base-clear-as-lid-wide-latches-airtight-seal-ideal-for-freshness-preservation\/","title":{"rendered":"Lebensmittelbeh\u00e4lter aus Edelstahl mit gestreiftem Boden Klarer AS-Deckel Breite Verschl\u00fcsse Luftdichter Verschluss Ideal f\u00fcr Frischhaltung"},"content":{"rendered":"<p><strong>Material:<\/strong> 304 +AS-Deckel <strong> Farbe:<\/strong> Stahl\/Beige\/Khaki<\/p>\n\n\n\n<figure class=\"wp-block-table\"><table class=\"has-fixed-layout\"><tbody><tr><td>Artikel<\/td><td>Material<\/td><td>Farbe<\/td><td>Kapazit\u00e4t<\/td><td>Gr\u00f6\u00dfe\/PCS<\/td><td>PCS\/Koffer<\/td><td>N.W.\/PCS<\/td><td>G.W.\/Fall<\/td><\/tr><tr><td>MYJD392<\/td><td rowspan=\"10\">304+AS+PP+<br>Silikon<\/td><td rowspan=\"10\">Steel+Green\/<br>Brown<\/td><td>520ml<\/td><td>15.4*10.5*6.5<\/td><td>80<\/td><td>0.20&nbsp;<\/td><td>17.60&nbsp;<\/td><\/tr><tr><td>MYJD393<\/td><td>720ml<\/td><td>15.4*10.5*8.4<\/td><td>60<\/td><td>0.22&nbsp;<\/td><td>14.90&nbsp;<\/td><\/tr><tr><td>MYJD394<\/td><td>900ml<\/td><td>18.5*13.8*6.5<\/td><td>56<\/td><td>0.28&nbsp;<\/td><td>17.57&nbsp;<\/td><\/tr><tr><td>MYJD395<\/td><td>1200ml<\/td><td>18.5*13.8*8.4<\/td><td>48<\/td><td>0.30&nbsp;<\/td><td>16.35&nbsp;<\/td><\/tr><tr><td>MYJD396<\/td><td>1500ml<\/td><td>22.8*17.2*6.5<\/td><td>48<\/td><td>0.42&nbsp;<\/td><td>21.97&nbsp;<\/td><\/tr><tr><td>MYJD397<\/td><td>2000ml<\/td><td>22.8*17.2*8.4<\/td><td>36<\/td><td>0.47&nbsp;<\/td><td>18.78&nbsp;<\/td><\/tr><tr><td>MYJD398<\/td><td>700ml<\/td><td>14*14*6.5<\/td><td>64<\/td><td>0.20&nbsp;<\/td><td>14.86&nbsp;<\/td><\/tr><tr><td>MYJD399<\/td><td>950ml<\/td><td>14*14*8.4<\/td><td>48<\/td><td>0.22&nbsp;<\/td><td>12.56&nbsp;<\/td><\/tr><tr><td>MYJD400<\/td><td>500ml<\/td><td>14*14*6.5<\/td><td>96<\/td><td>0.19&nbsp;<\/td><td>19.76&nbsp;<\/td><\/tr><tr><td>MYJD401<\/td><td>720ml<\/td><td>14*14*8.4<\/td><td>72<\/td><td>0.21&nbsp;<\/td><td>16.83&nbsp;<\/td><\/tr><tr><td>MYJD402<\/td><td rowspan=\"10\">304+AS+PP+<br>Silikon<\/td><td rowspan=\"10\">Beige\/Khaki<\/td><td>520ml<\/td><td>15.4*10.5*6.5<\/td><td>80<\/td><td>0.20&nbsp;<\/td><td>17.76&nbsp;<\/td><\/tr><tr><td>MYJD403<\/td><td>720ml<\/td><td>15.4*10.5*8.4<\/td><td>60<\/td><td>0.22&nbsp;<\/td><td>15.08&nbsp;<\/td><\/tr><tr><td>MYJD404<\/td><td>900ml<\/td><td>18.5*13.8*6.5<\/td><td>56<\/td><td>0.28&nbsp;<\/td><td>17.90&nbsp;<\/td><\/tr><tr><td>MYJD405<\/td><td>1200ml<\/td><td>18.5*13.8*8.4<\/td><td>48<\/td><td>0.30&nbsp;<\/td><td>16.59&nbsp;<\/td><\/tr><tr><td>MYJD406<\/td><td>1500ml<\/td><td>22.8*17.2*6.5<\/td><td>48<\/td><td>0.42&nbsp;<\/td><td>21.97&nbsp;<\/td><\/tr><tr><td>MYJD407<\/td><td>2000ml<\/td><td>22.8*17.2*8.4<\/td><td>36<\/td><td>0.48&nbsp;<\/td><td>19.21&nbsp;<\/td><\/tr><tr><td>MYJD408<\/td><td>700ml<\/td><td>14*14*6.5<\/td><td>64<\/td><td>0.22&nbsp;<\/td><td>16.14&nbsp;<\/td><\/tr><tr><td>MYJD409<\/td><td>950ml<\/td><td>14*14*8.4<\/td><td>48<\/td><td>0.24&nbsp;<\/td><td>13.66&nbsp;<\/td><\/tr><tr><td>MYJD410<\/td><td>500ml<\/td><td>14*14*6.5<\/td><td>96<\/td><td>0.19&nbsp;<\/td><td>19.76&nbsp;<\/td><\/tr><tr><td>MYJD411<\/td><td>720ml<\/td><td>14*14*8.4<\/td><td>72<\/td><td>0.21&nbsp;<\/td><td>16.98&nbsp;<\/td><\/tr><\/tbody><\/table><\/figure>\n\n\n\n<h3 class=\"wp-block-heading\">Individuelle Lunchbox-Optionen<\/h3>\n\n\n\n<p><strong>Logo<\/strong>: Gestalten Sie Ihr Markenlogo auf der Bento-Box aus Edelstahl und der Verpackung.<br><strong>Logo-Optionen<\/strong>: gedrucktes Logo, lasergraviertes Logo, etc.<br><strong>Muster<\/strong>: Druckmuster auf Produkten und Verpackungen.<br><strong>Drucktechnik<\/strong>Wassertransferdruck, Siebdruck, W\u00e4rmetransferdruck, Sublimationstransfer, etc.<br><strong>Verpackung:<\/strong>Farbkasten.<br><a href=\"https:\/\/moyahousehold.com\/de\/individuelle-losung\/\"><strong>Erfahren Sie mehr \u00fcber individuelle L\u00f6sungen f\u00fcr Lunchpakete.<\/strong><\/a><\/p>\n\n\n\n<div class=\"wp-block-columns is-layout-flex wp-container-core-columns-is-layout-9d6595d7 wp-block-columns-is-layout-flex\">\n<div class=\"wp-block-column is-layout-flow wp-block-column-is-layout-flow\">\n<figure class=\"wp-block-image size-full\"><img fetchpriority=\"high\" decoding=\"async\" width=\"4037\" height=\"4037\" src=\"https:\/\/moyahousehold.com\/wp-content\/uploads\/2025\/07\/AS-cover-food-storage-container.webp\" alt=\"AS-Deckel Lebensmittelbeh\u00e4lter\" class=\"wp-image-11497\" srcset=\"https:\/\/moyahousehold.com\/wp-content\/uploads\/2025\/07\/AS-cover-food-storage-container.webp 4037w, https:\/\/moyahousehold.com\/wp-content\/uploads\/2025\/07\/AS-cover-food-storage-container-300x300.webp 300w, https:\/\/moyahousehold.com\/wp-content\/uploads\/2025\/07\/AS-cover-food-storage-container-150x150.webp 150w, https:\/\/moyahousehold.com\/wp-content\/uploads\/2025\/07\/AS-cover-food-storage-container-768x768.webp 768w, https:\/\/moyahousehold.com\/wp-content\/uploads\/2025\/07\/AS-cover-food-storage-container-12x12.webp 12w, https:\/\/moyahousehold.com\/wp-content\/uploads\/2025\/07\/AS-cover-food-storage-container-285x285.webp 285w, https:\/\/moyahousehold.com\/wp-content\/uploads\/2025\/07\/AS-cover-food-storage-container-1600x1600.webp 1600w, https:\/\/moyahousehold.com\/wp-content\/uploads\/2025\/07\/AS-cover-food-storage-container-270x270.webp 270w, https:\/\/moyahousehold.com\/wp-content\/uploads\/2025\/07\/AS-cover-food-storage-container-540x540.webp 540w, https:\/\/moyahousehold.com\/wp-content\/uploads\/2025\/07\/AS-cover-food-storage-container-660x660.webp 660w\" sizes=\"(max-width: 4037px) 100vw, 4037px\" \/><\/figure>\n<\/div>\n\n\n\n<div class=\"wp-block-column is-layout-flow wp-block-column-is-layout-flow\">\n<figure class=\"wp-block-image size-full\"><img decoding=\"async\" width=\"3953\" height=\"3953\" src=\"https:\/\/moyahousehold.com\/wp-content\/uploads\/2025\/07\/AS-cover-food-storage-container-41.webp\" alt=\"AS-Deckel Lebensmittelbeh\u00e4lter\" class=\"wp-image-11496\" srcset=\"https:\/\/moyahousehold.com\/wp-content\/uploads\/2025\/07\/AS-cover-food-storage-container-41.webp 3953w, https:\/\/moyahousehold.com\/wp-content\/uploads\/2025\/07\/AS-cover-food-storage-container-41-300x300.webp 300w, https:\/\/moyahousehold.com\/wp-content\/uploads\/2025\/07\/AS-cover-food-storage-container-41-150x150.webp 150w, https:\/\/moyahousehold.com\/wp-content\/uploads\/2025\/07\/AS-cover-food-storage-container-41-768x768.webp 768w, https:\/\/moyahousehold.com\/wp-content\/uploads\/2025\/07\/AS-cover-food-storage-container-41-12x12.webp 12w, https:\/\/moyahousehold.com\/wp-content\/uploads\/2025\/07\/AS-cover-food-storage-container-41-285x285.webp 285w, https:\/\/moyahousehold.com\/wp-content\/uploads\/2025\/07\/AS-cover-food-storage-container-41-1600x1600.webp 1600w, https:\/\/moyahousehold.com\/wp-content\/uploads\/2025\/07\/AS-cover-food-storage-container-41-270x270.webp 270w, https:\/\/moyahousehold.com\/wp-content\/uploads\/2025\/07\/AS-cover-food-storage-container-41-540x540.webp 540w, https:\/\/moyahousehold.com\/wp-content\/uploads\/2025\/07\/AS-cover-food-storage-container-41-660x660.webp 660w\" sizes=\"(max-width: 3953px) 100vw, 3953px\" \/><\/figure>\n<\/div>\n<\/div>\n\n\n\n<div class=\"wp-block-columns is-layout-flex wp-container-core-columns-is-layout-9d6595d7 wp-block-columns-is-layout-flex\">\n<div class=\"wp-block-column is-layout-flow wp-block-column-is-layout-flow\">\n<figure class=\"wp-block-image size-full\"><img decoding=\"async\" width=\"3903\" height=\"3903\" src=\"https:\/\/moyahousehold.com\/wp-content\/uploads\/2025\/07\/AS-cover-food-storage-container-1.webp\" alt=\"AS-Deckel Lebensmittelbeh\u00e4lter\" class=\"wp-image-11454\" srcset=\"https:\/\/moyahousehold.com\/wp-content\/uploads\/2025\/07\/AS-cover-food-storage-container-1.webp 3903w, https:\/\/moyahousehold.com\/wp-content\/uploads\/2025\/07\/AS-cover-food-storage-container-1-300x300.webp 300w, https:\/\/moyahousehold.com\/wp-content\/uploads\/2025\/07\/AS-cover-food-storage-container-1-150x150.webp 150w, https:\/\/moyahousehold.com\/wp-content\/uploads\/2025\/07\/AS-cover-food-storage-container-1-768x768.webp 768w, https:\/\/moyahousehold.com\/wp-content\/uploads\/2025\/07\/AS-cover-food-storage-container-1-12x12.webp 12w, https:\/\/moyahousehold.com\/wp-content\/uploads\/2025\/07\/AS-cover-food-storage-container-1-285x285.webp 285w, https:\/\/moyahousehold.com\/wp-content\/uploads\/2025\/07\/AS-cover-food-storage-container-1-1600x1600.webp 1600w, https:\/\/moyahousehold.com\/wp-content\/uploads\/2025\/07\/AS-cover-food-storage-container-1-270x270.webp 270w, https:\/\/moyahousehold.com\/wp-content\/uploads\/2025\/07\/AS-cover-food-storage-container-1-540x540.webp 540w, https:\/\/moyahousehold.com\/wp-content\/uploads\/2025\/07\/AS-cover-food-storage-container-1-660x660.webp 660w\" sizes=\"(max-width: 3903px) 100vw, 3903px\" \/><\/figure>\n<\/div>\n\n\n\n<div class=\"wp-block-column is-layout-flow wp-block-column-is-layout-flow\">\n<figure class=\"wp-block-image size-full\"><img loading=\"lazy\" decoding=\"async\" width=\"4160\" height=\"4160\" src=\"https:\/\/moyahousehold.com\/wp-content\/uploads\/2025\/07\/AS-cover-food-storage-container-2.webp\" alt=\"AS-Deckel Lebensmittelbeh\u00e4lter\" class=\"wp-image-11455\" srcset=\"https:\/\/moyahousehold.com\/wp-content\/uploads\/2025\/07\/AS-cover-food-storage-container-2.webp 4160w, https:\/\/moyahousehold.com\/wp-content\/uploads\/2025\/07\/AS-cover-food-storage-container-2-300x300.webp 300w, https:\/\/moyahousehold.com\/wp-content\/uploads\/2025\/07\/AS-cover-food-storage-container-2-150x150.webp 150w, https:\/\/moyahousehold.com\/wp-content\/uploads\/2025\/07\/AS-cover-food-storage-container-2-768x768.webp 768w, https:\/\/moyahousehold.com\/wp-content\/uploads\/2025\/07\/AS-cover-food-storage-container-2-12x12.webp 12w, https:\/\/moyahousehold.com\/wp-content\/uploads\/2025\/07\/AS-cover-food-storage-container-2-285x285.webp 285w, https:\/\/moyahousehold.com\/wp-content\/uploads\/2025\/07\/AS-cover-food-storage-container-2-1600x1600.webp 1600w, https:\/\/moyahousehold.com\/wp-content\/uploads\/2025\/07\/AS-cover-food-storage-container-2-270x270.webp 270w, https:\/\/moyahousehold.com\/wp-content\/uploads\/2025\/07\/AS-cover-food-storage-container-2-540x540.webp 540w, https:\/\/moyahousehold.com\/wp-content\/uploads\/2025\/07\/AS-cover-food-storage-container-2-660x660.webp 660w\" sizes=\"(max-width: 4160px) 100vw, 4160px\" \/><\/figure>\n<\/div>\n<\/div>\n\n\n\n<p><\/p>","protected":false},"excerpt":{"rendered":"<div class=\"inter-jQQQ8P\">\n<div class=\"container-PrUkKo\">\n<div class=\"item-hGGxLi\">\n<div class=\"container-arOxqB chrome70-container\">\n<div class=\"inner-FyM8gE inner-item-swzCut\" data-target-id=\"message-box-target-id\" data-testid=\"union_message\">\n<div class=\"message-block-container-aFugD6\" data-testid=\"message-block-container\">\n<div class=\"flex flex-row w-full w-full max-w-full s-font-base text-s-color-text-secondary p-0 rounded-s-radius-s bg-transparent group data-[attr=select-mode]:-mt-10 data-[attr=select-mode]:py-10 data-[attr=select-mode]:px-16 data-[attr=select-mode]:sm:p-10 data-[attr=select-mode]:hover:bg-s-color-bg-base data-[attr=select-mode]:hover:rounded-s-radius-xs data-[attr=select-mode]:has-[:checked]:bg-s-color-bg-trans data-[attr=select-mode]:has-[:checked]:rounded-s-radius-xs data-[attr=select-mode]:pointer-events-none\" data-testid=\"receive_message\">\n<div class=\"flex flex-col flex-grow max-w-full min-w-0\">\n<div class=\"flex flex-row w-full\" data-testid=\"message_content\" data-message-id=\"12422009564245506\">\n<div class=\"w-full\" data-plugin-identifier=\"Symbol(infra:receive-message-box:text)\">\n<div class=\"container-ZYIsnH flow-markdown-body theme-samantha-Nbr9UN\" dir=\"ltr\" data-testid=\"message_text_content\" data-show-indicator=\"false\">\n<h2 class=\"header-vfC6AV auto-hide-last-sibling-br\">Hochwertige Qualit\u00e4t und praktisches Design<\/h2>\n<div class=\"auto-hide-last-sibling-br paragraph-JOTKXA paragraph-element br-paragraph-space\">Diese aus lebensmittelechtem Edelstahl gefertigten Vorratsbeh\u00e4lter mit gestreiftem Boden, transparentem AS-Deckel und breiten Verschl\u00fcssen sind ideal, um Obst, Essensreste oder Trockenwaren frisch zu halten. Sie eignen sich perfekt f\u00fcr den Einsatz zu Hause, in der K\u00fcche oder im Freien und sorgen daf\u00fcr, dass die Lebensmittel geordnet, sichtbar und sicher verschlossen bleiben. Mit Gro\u00dfabnehmerrabatten und Unterst\u00fctzung f\u00fcr OEM- und ODM-Anpassungen freuen wir uns auf die Zusammenarbeit mit Ihnen, um Ihre spezifischen Anforderungen zu erf\u00fcllen.<\/div>\n<h2 class=\"header-vfC6AV auto-hide-last-sibling-br\">Eigenschaften von Edelstahl Lebensmittelbeh\u00e4ltern<\/h2>\n<h3 class=\"header-vfC6AV auto-hide-last-sibling-br\">1. Stilvolles &amp; funktionales Design<\/h3>\n<div class=\"auto-hide-last-sibling-br paragraph-JOTKXA paragraph-element br-paragraph-space\">Der einzigartige gestreifte Boden sorgt f\u00fcr eine \u00e4sthetische Note und verbessert die Rutschfestigkeit auf verschiedenen Oberfl\u00e4chen. Der durchsichtige AS-Deckel erm\u00f6glicht eine einfache Identifizierung des Inhalts auf einen Blick. Kompakt und stapelbar, spart er Platz in K\u00fchlschr\u00e4nken, Schr\u00e4nken oder Picknickk\u00f6rben.<\/div>\n<h3 class=\"header-vfC6AV auto-hide-last-sibling-br\">2. Effiziente Frischeerhaltung<\/h3>\n<div class=\"auto-hide-last-sibling-br paragraph-JOTKXA paragraph-element br-paragraph-space\">Breite Verschl\u00fcsse schlie\u00dfen fest mit dem AS-Deckel ab und bilden zusammen mit einem Silikondichtungsring eine starke, luftdichte Barriere. H\u00e4lt Luft und Feuchtigkeit ab, verhindert Geruchsvermischung und Verderb und verl\u00e4ngert die Frische der Lebensmittel - geeignet f\u00fcr die Lagerung im K\u00fchlschrank und bei Raumtemperatur.<\/div>\n<h3 class=\"header-vfC6AV auto-hide-last-sibling-br\">3. Sicheres und langlebiges Material<\/h3>\n<div class=\"auto-hide-last-sibling-br paragraph-JOTKXA paragraph-element br-paragraph-space\">Hergestellt aus lebensmittelechtem Edelstahl 100%, frei von BPA und sch\u00e4dlichen Chemikalien. Der AS-Deckel ist bruchsicher, ungiftig und sicher f\u00fcr den direkten Kontakt mit Lebensmitteln. Zertifiziert nach den einschl\u00e4gigen Lebensmittelsicherheitsstandards, um eine zuverl\u00e4ssige und dauerhafte Verwendung zu gew\u00e4hrleisten.<\/div>\n<h3 class=\"header-vfC6AV auto-hide-last-sibling-br\">4. Benutzerfreundliche Details<\/h3>\n<div class=\"auto-hide-last-sibling-br paragraph-JOTKXA paragraph-element br-paragraph-space\">Die breiten Verschl\u00fcsse sind so konzipiert, dass sie sich leicht \u00f6ffnen und schlie\u00dfen lassen und nur wenig Kraftaufwand erfordern - f\u00fcr Erwachsene und Kinder gleicherma\u00dfen geeignet. Das Geh\u00e4use aus rostfreiem Stahl ist korrosionsbest\u00e4ndig und leicht zu reinigen, w\u00e4hrend der gestreifte Boden im t\u00e4glichen Gebrauch keine Kratzer verursacht.<\/div>\n<h3 class=\"header-vfC6AV auto-hide-last-sibling-br\">5. Vielseitige Gr\u00f6\u00dfen<\/h3>\n<div class=\"auto-hide-last-sibling-br paragraph-JOTKXA paragraph-element br-paragraph-space\">Erh\u00e4ltlich in verschiedenen Fassungsverm\u00f6gen (250ml-2,5L), von klein f\u00fcr Gew\u00fcrze oder Snacks bis zu gro\u00df f\u00fcr Familienportionen, die sich an die verschiedenen Aufbewahrungsbed\u00fcrfnisse im t\u00e4glichen Leben oder in kommerziellen Umgebungen anpassen lassen.<\/div>\n<\/div>\n<\/div>\n<\/div>\n<\/div>\n<\/div>\n<\/div>\n<\/div>\n<\/div>\n<\/div>\n<\/div>\n<\/div>","protected":false},"featured_media":11470,"comment_status":"closed","ping_status":"closed","template":"","meta":[],"product_cat":[57],"product_tag":[87,92],"class_list":{"0":"post-11548","1":"product","2":"type-product","3":"status-publish","4":"has-post-thumbnail","6":"product_cat-food-storage-container-wholesale","7":"product_tag-wholesale-multi-compartment-lunch-box","8":"product_tag-wholesale-rectangle-lunch-box","10":"first","11":"instock","12":"shipping-taxable","13":"product-type-simple"},"_links":{"self":[{"href":"https:\/\/moyahousehold.com\/de\/wp-json\/wp\/v2\/product\/11548","targetHints":{"allow":["GET"]}}],"collection":[{"href":"https:\/\/moyahousehold.com\/de\/wp-json\/wp\/v2\/product"}],"about":[{"href":"https:\/\/moyahousehold.com\/de\/wp-json\/wp\/v2\/types\/product"}],"replies":[{"embeddable":true,"href":"https:\/\/moyahousehold.com\/de\/wp-json\/wp\/v2\/comments?post=11548"}],"version-history":[{"count":1,"href":"https:\/\/moyahousehold.com\/de\/wp-json\/wp\/v2\/product\/11548\/revisions"}],"predecessor-version":[{"id":12089,"href":"https:\/\/moyahousehold.com\/de\/wp-json\/wp\/v2\/product\/11548\/revisions\/12089"}],"wp:featuredmedia":[{"embeddable":true,"href":"https:\/\/moyahousehold.com\/de\/wp-json\/wp\/v2\/media\/11470"}],"wp:attachment":[{"href":"https:\/\/moyahousehold.com\/de\/wp-json\/wp\/v2\/media?parent=11548"}],"wp:term":[{"taxonomy":"product_cat","embeddable":true,"href":"https:\/\/moyahousehold.com\/de\/wp-json\/wp\/v2\/product_cat?post=11548"},{"taxonomy":"product_tag","embeddable":true,"href":"https:\/\/moyahousehold.com\/de\/wp-json\/wp\/v2\/product_tag?post=11548"}],"curies":[{"name":"wp","href":"https:\/\/api.w.org\/{rel}","templated":true}]}}