{"id":11815,"date":"2025-12-27T03:21:32","date_gmt":"2025-12-27T02:49:20","guid":{"rendered":"https:\/\/moyahousehold.com\/?post_type=product&#038;p=11815"},"modified":"2025-12-27T03:32:55","modified_gmt":"2025-12-27T03:32:55","slug":"breathable-button-stainless-steel-food-container-keep-food-fresh-longer-with-secure-seal-portable-design","status":"publish","type":"product","link":"https:\/\/moyahousehold.com\/de\/produkt\/breathable-button-stainless-steel-food-container-keep-food-fresh-longer-with-secure-seal-portable-design\/","title":{"rendered":"Atmungsaktiver Edelstahl-Lebensmittelbeh\u00e4lter mit Knopf: Halten Sie Lebensmittel l\u00e4nger frisch mit sicherem Verschluss und tragbarem Design"},"content":{"rendered":"<h2 class=\"wp-block-heading\">Parameter der Multi Compartment Kids' Lunch Box f\u00fcr die Schule<\/h2>\n\n\n\n<p><strong>Material:<\/strong> 304 + PP+Silikon <strong> Farbe:<\/strong> Beige<\/p>\n\n\n\n<figure class=\"wp-block-table\"><table class=\"has-fixed-layout\"><tbody><tr><td>Artikel<\/td><td>Material<\/td><td>Farbe<\/td><td>Kapazit\u00e4t<\/td><td>Gr\u00f6\u00dfe\/PCS<\/td><td>PCS\/Koffer<\/td><td>N.W.\/PCS<\/td><td>G.W.\/Fall<\/td><\/tr><tr><td>MYJX362<\/td><td>304+PP+Silikon<\/td><td>Beige<\/td><td>1200-3900ML<\/td><td>72*50*52<\/td><td>48<\/td><td>0.81&nbsp;<\/td><td>24.37&nbsp;<\/td><\/tr><\/tbody><\/table><\/figure>\n\n\n\n<h3 class=\"wp-block-heading\">Individuelle Lunchbox-Optionen<\/h3>\n\n\n\n<p><strong>Logo<\/strong>: Gestalten Sie Ihr Markenlogo auf der Bento-Box aus Edelstahl und der Verpackung.<br><strong>Logo-Optionen<\/strong>: gedrucktes Logo, lasergraviertes Logo, etc.<br><strong>Muster<\/strong>: Druckmuster auf Produkten und Verpackungen.<br><strong>Drucktechnik<\/strong>Wassertransferdruck, Siebdruck, W\u00e4rmetransferdruck, Sublimationstransfer, etc.<br><strong>Verpackung:<\/strong>Farbkasten.<br><a href=\"https:\/\/moyahousehold.com\/de\/individuelle-losung\/\"><strong>Erfahren Sie mehr \u00fcber individuelle L\u00f6sungen f\u00fcr Lunchpakete.<\/strong><\/a><\/p>\n\n\n\n<div class=\"wp-block-columns is-layout-flex wp-container-core-columns-is-layout-9d6595d7 wp-block-columns-is-layout-flex\">\n<div class=\"wp-block-column is-layout-flow wp-block-column-is-layout-flow\" style=\"flex-basis:100%\">\n<div class=\"wp-block-group is-nowrap is-layout-flex wp-container-core-group-is-layout-ad2f72ca wp-block-group-is-layout-flex\">\n<div class=\"wp-block-columns is-layout-flex wp-container-core-columns-is-layout-9d6595d7 wp-block-columns-is-layout-flex\">\n<div class=\"wp-block-column is-layout-flow wp-block-column-is-layout-flow\">\n<figure class=\"wp-block-image size-full\"><img fetchpriority=\"high\" decoding=\"async\" width=\"800\" height=\"800\" src=\"https:\/\/moyahousehold.com\/wp-content\/uploads\/2025\/12\/moya-Stainless-steel-304.webp\" alt=\"\" class=\"wp-image-11821\" srcset=\"https:\/\/moyahousehold.com\/wp-content\/uploads\/2025\/12\/moya-Stainless-steel-304.webp 800w, https:\/\/moyahousehold.com\/wp-content\/uploads\/2025\/12\/moya-Stainless-steel-304-300x300.webp 300w, https:\/\/moyahousehold.com\/wp-content\/uploads\/2025\/12\/moya-Stainless-steel-304-150x150.webp 150w, https:\/\/moyahousehold.com\/wp-content\/uploads\/2025\/12\/moya-Stainless-steel-304-768x768.webp 768w, https:\/\/moyahousehold.com\/wp-content\/uploads\/2025\/12\/moya-Stainless-steel-304-12x12.webp 12w, https:\/\/moyahousehold.com\/wp-content\/uploads\/2025\/12\/moya-Stainless-steel-304-285x285.webp 285w, https:\/\/moyahousehold.com\/wp-content\/uploads\/2025\/12\/moya-Stainless-steel-304-270x270.webp 270w, https:\/\/moyahousehold.com\/wp-content\/uploads\/2025\/12\/moya-Stainless-steel-304-540x540.webp 540w, https:\/\/moyahousehold.com\/wp-content\/uploads\/2025\/12\/moya-Stainless-steel-304-660x660.webp 660w\" sizes=\"(max-width: 800px) 100vw, 800px\" \/><\/figure>\n<\/div>\n\n\n\n<div class=\"wp-block-column is-layout-flow wp-block-column-is-layout-flow\">\n<figure class=\"wp-block-image size-full\"><img decoding=\"async\" width=\"800\" height=\"800\" src=\"https:\/\/moyahousehold.com\/wp-content\/uploads\/2025\/12\/Factory-wholesale-1.webp\" alt=\"\" class=\"wp-image-11819\" srcset=\"https:\/\/moyahousehold.com\/wp-content\/uploads\/2025\/12\/Factory-wholesale-1.webp 800w, https:\/\/moyahousehold.com\/wp-content\/uploads\/2025\/12\/Factory-wholesale-1-300x300.webp 300w, https:\/\/moyahousehold.com\/wp-content\/uploads\/2025\/12\/Factory-wholesale-1-150x150.webp 150w, https:\/\/moyahousehold.com\/wp-content\/uploads\/2025\/12\/Factory-wholesale-1-768x768.webp 768w, https:\/\/moyahousehold.com\/wp-content\/uploads\/2025\/12\/Factory-wholesale-1-12x12.webp 12w, https:\/\/moyahousehold.com\/wp-content\/uploads\/2025\/12\/Factory-wholesale-1-285x285.webp 285w, https:\/\/moyahousehold.com\/wp-content\/uploads\/2025\/12\/Factory-wholesale-1-270x270.webp 270w, https:\/\/moyahousehold.com\/wp-content\/uploads\/2025\/12\/Factory-wholesale-1-540x540.webp 540w, https:\/\/moyahousehold.com\/wp-content\/uploads\/2025\/12\/Factory-wholesale-1-660x660.webp 660w\" sizes=\"(max-width: 800px) 100vw, 800px\" \/><\/figure>\n<\/div>\n<\/div>\n<\/div>\n<\/div>\n<\/div>\n\n\n\n<div class=\"wp-block-columns is-layout-flex wp-container-core-columns-is-layout-9d6595d7 wp-block-columns-is-layout-flex\">\n<div class=\"wp-block-column is-layout-flow wp-block-column-is-layout-flow\">\n<figure class=\"wp-block-image size-full\"><img decoding=\"async\" width=\"800\" height=\"800\" src=\"https:\/\/moyahousehold.com\/wp-content\/uploads\/2025\/12\/food-storage-box.webp\" alt=\"\" class=\"wp-image-11820\" srcset=\"https:\/\/moyahousehold.com\/wp-content\/uploads\/2025\/12\/food-storage-box.webp 800w, https:\/\/moyahousehold.com\/wp-content\/uploads\/2025\/12\/food-storage-box-300x300.webp 300w, https:\/\/moyahousehold.com\/wp-content\/uploads\/2025\/12\/food-storage-box-150x150.webp 150w, https:\/\/moyahousehold.com\/wp-content\/uploads\/2025\/12\/food-storage-box-768x768.webp 768w, https:\/\/moyahousehold.com\/wp-content\/uploads\/2025\/12\/food-storage-box-12x12.webp 12w, https:\/\/moyahousehold.com\/wp-content\/uploads\/2025\/12\/food-storage-box-285x285.webp 285w, https:\/\/moyahousehold.com\/wp-content\/uploads\/2025\/12\/food-storage-box-270x270.webp 270w, https:\/\/moyahousehold.com\/wp-content\/uploads\/2025\/12\/food-storage-box-540x540.webp 540w, https:\/\/moyahousehold.com\/wp-content\/uploads\/2025\/12\/food-storage-box-660x660.webp 660w\" sizes=\"(max-width: 800px) 100vw, 800px\" \/><\/figure>\n<\/div>\n\n\n\n<div class=\"wp-block-column is-layout-flow wp-block-column-is-layout-flow\">\n<figure class=\"wp-block-image size-full\"><img loading=\"lazy\" decoding=\"async\" width=\"800\" height=\"800\" src=\"https:\/\/moyahousehold.com\/wp-content\/uploads\/2025\/12\/Stainless-steel-food-storage-box.webp\" alt=\"\" class=\"wp-image-11822\" srcset=\"https:\/\/moyahousehold.com\/wp-content\/uploads\/2025\/12\/Stainless-steel-food-storage-box.webp 800w, https:\/\/moyahousehold.com\/wp-content\/uploads\/2025\/12\/Stainless-steel-food-storage-box-300x300.webp 300w, https:\/\/moyahousehold.com\/wp-content\/uploads\/2025\/12\/Stainless-steel-food-storage-box-150x150.webp 150w, https:\/\/moyahousehold.com\/wp-content\/uploads\/2025\/12\/Stainless-steel-food-storage-box-768x768.webp 768w, https:\/\/moyahousehold.com\/wp-content\/uploads\/2025\/12\/Stainless-steel-food-storage-box-12x12.webp 12w, https:\/\/moyahousehold.com\/wp-content\/uploads\/2025\/12\/Stainless-steel-food-storage-box-285x285.webp 285w, https:\/\/moyahousehold.com\/wp-content\/uploads\/2025\/12\/Stainless-steel-food-storage-box-270x270.webp 270w, https:\/\/moyahousehold.com\/wp-content\/uploads\/2025\/12\/Stainless-steel-food-storage-box-540x540.webp 540w, https:\/\/moyahousehold.com\/wp-content\/uploads\/2025\/12\/Stainless-steel-food-storage-box-660x660.webp 660w\" sizes=\"(max-width: 800px) 100vw, 800px\" \/><\/figure>\n<\/div>\n<\/div>","protected":false},"excerpt":{"rendered":"<h2 class=\"header-vfC6AV auto-hide-last-sibling-br\">Hochwertige Qualit\u00e4t und praktisches Design<\/h2>\n<div class=\"auto-hide-last-sibling-br paragraph-JOTKXA paragraph-element br-paragraph-space\">Diese aus lebensmittelechtem Edelstahl 304 gefertigte Bento-Box ist mit mehreren F\u00e4chern ausgestattet (erh\u00e4ltlich mit 4 oder 5 F\u00e4chern), die eine einfache Klassifizierung der verschiedenen Lebensmittel erm\u00f6glichen. Sie ist ideal f\u00fcr Studenten und B\u00fcroangestellte und sorgt daf\u00fcr, dass die Mahlzeiten frisch, geordnet und ohne Unordnung bleiben. Mit Gro\u00dfabnehmerrabatten und Unterst\u00fctzung f\u00fcr OEM- und ODM-Anpassungen freuen wir uns auf die Zusammenarbeit mit Ihnen, um Ihre spezifischen Anforderungen zu erf\u00fcllen.<\/div>\n<h1 class=\"header-iWP5WJ auto-hide-last-sibling-br\">Tragbare Lunchbox aus Edelstahl - Ihr perfekter Essensbegleiter f\u00fcr unterwegs<\/h1>\n<h3 class=\"header-iWP5WJ auto-hide-last-sibling-br\">\ud83c\udf1f Kernvorteil<\/h3>\n<div class=\"auto-hide-last-sibling-br paragraph-pP9ZLC paragraph-element br-paragraph-space\"><strong>Lebensmittelgeeigneter Edelstahl, BPA-frei<\/strong>\u00a0- Robust, geruchsfrei, leicht zu reinigen, sicher f\u00fcr den t\u00e4glichen Gebrauch.<\/div>\n<h3 class=\"header-iWP5WJ auto-hide-last-sibling-br\">\u2705 Auslaufsicher und frischhaltend<\/h3>\n<div class=\"auto-hide-last-sibling-br paragraph-pP9ZLC paragraph-element br-paragraph-space\"><strong>4-seitige Clipdichtung + Silikondichtung<\/strong>\u00a0- Kein Auslaufen;\u00a0<strong>atmungsaktiver Druckentlastungsknopf<\/strong>\u00a0- H\u00e4lt die Lebensmittel l\u00e4nger frisch.<\/div>\n<h3 class=\"header-iWP5WJ auto-hide-last-sibling-br\">\ud83c\udf92 Leicht zu transportieren<\/h3>\n<div class=\"auto-hide-last-sibling-br paragraph-pP9ZLC paragraph-element br-paragraph-space\"><strong>Ergonomischer U-f\u00f6rmiger Griff<\/strong>\u00a0- Einfach zu greifen und mitzunehmen; leichtes Design f\u00fcr Rucks\u00e4cke\/Taschen.<\/div>\n<h3 class=\"header-iWP5WJ auto-hide-last-sibling-br\">\ud83d\udc40 Bequemes Design<\/h3>\n<div class=\"auto-hide-last-sibling-br paragraph-pP9ZLC paragraph-element br-paragraph-space\"><strong>Transparenter Deckel<\/strong>\u00a0- Pr\u00fcfen Sie den Inhalt, ohne ihn zu \u00f6ffnen;\u00a0<strong>kompatibler trennbarer Teiler<\/strong>\u00a0- Keine gemischten Geschmacksrichtungen mehr.<\/div>\n<h3 class=\"header-iWP5WJ auto-hide-last-sibling-br\">\ud83c\udfaf Multiszenen-Einsatz<\/h3>\n<div class=\"auto-hide-last-sibling-br paragraph-pP9ZLC paragraph-element br-paragraph-space\">Perfekt f\u00fcr Mittagessen im B\u00fcro, Picknicks im Freien, Reisen und die t\u00e4gliche Aufbewahrung - ein Muss f\u00fcr vielbesch\u00e4ftigte Arbeitnehmer und Outdoor-Liebhaber.<\/div>\n<h3 class=\"header-iWP5WJ auto-hide-last-sibling-br\">\u267b\ufe0f Umweltfreundliche Wahl<\/h3>\n<div class=\"auto-hide-last-sibling-br paragraph-pP9ZLC paragraph-element br-paragraph-space\">Wiederverwendbare Alternative zu Einweg-Plastikbeh\u00e4ltern - Tun Sie Ihren Teil f\u00fcr den Planeten!<\/div>\n<h2 class=\"header-vfC6AV auto-hide-last-sibling-br\">Anpassungsdienste<\/h2>\n<div class=\"auto-hide-last-sibling-br paragraph-JOTKXA paragraph-element br-paragraph-space\">Als professioneller Hersteller von Lunchboxen bieten wir umfassende OEM- und ODM-L\u00f6sungen:<\/div>\n<ul class=\"auto-hide-last-sibling-br\">\n<li><strong>OEM<\/strong>: Passen Sie Logos, Aufdrucke oder Verpackungen an Ihre Markenidentit\u00e4t an. Sie k\u00f6nnen auch verschiedene Farben f\u00fcr die \u00e4u\u00dfere H\u00fclle w\u00e4hlen, die zu Ihrem Markenstil passen.<\/li>\n<li><strong>ODM<\/strong>: Wir arbeiten am Produktdesign mit, von der Anordnung der F\u00e4cher (Anpassung der Anzahl und Gr\u00f6\u00dfe der F\u00e4cher) bis hin zur Materialausf\u00fchrung, um einzigartige, marktgerechte L\u00f6sungen zu schaffen. Wir k\u00f6nnen auch die Dichtungsstruktur optimieren oder spezielle funktionale Designs entsprechend Ihren Anforderungen hinzuf\u00fcgen.<\/li>\n<\/ul>","protected":false},"featured_media":11824,"comment_status":"closed","ping_status":"closed","template":"","meta":[],"product_cat":[58],"product_tag":[87,92],"class_list":{"0":"post-11815","1":"product","2":"type-product","3":"status-publish","4":"has-post-thumbnail","6":"product_cat-lunch-box-wholesale","7":"product_tag-wholesale-multi-compartment-lunch-box","8":"product_tag-wholesale-rectangle-lunch-box","10":"first","11":"instock","12":"shipping-taxable","13":"product-type-simple"},"_links":{"self":[{"href":"https:\/\/moyahousehold.com\/de\/wp-json\/wp\/v2\/product\/11815","targetHints":{"allow":["GET"]}}],"collection":[{"href":"https:\/\/moyahousehold.com\/de\/wp-json\/wp\/v2\/product"}],"about":[{"href":"https:\/\/moyahousehold.com\/de\/wp-json\/wp\/v2\/types\/product"}],"replies":[{"embeddable":true,"href":"https:\/\/moyahousehold.com\/de\/wp-json\/wp\/v2\/comments?post=11815"}],"version-history":[{"count":3,"href":"https:\/\/moyahousehold.com\/de\/wp-json\/wp\/v2\/product\/11815\/revisions"}],"predecessor-version":[{"id":12091,"href":"https:\/\/moyahousehold.com\/de\/wp-json\/wp\/v2\/product\/11815\/revisions\/12091"}],"wp:featuredmedia":[{"embeddable":true,"href":"https:\/\/moyahousehold.com\/de\/wp-json\/wp\/v2\/media\/11824"}],"wp:attachment":[{"href":"https:\/\/moyahousehold.com\/de\/wp-json\/wp\/v2\/media?parent=11815"}],"wp:term":[{"taxonomy":"product_cat","embeddable":true,"href":"https:\/\/moyahousehold.com\/de\/wp-json\/wp\/v2\/product_cat?post=11815"},{"taxonomy":"product_tag","embeddable":true,"href":"https:\/\/moyahousehold.com\/de\/wp-json\/wp\/v2\/product_tag?post=11815"}],"curies":[{"name":"wp","href":"https:\/\/api.w.org\/{rel}","templated":true}]}}