{"id":11828,"date":"2026-01-05T08:29:38","date_gmt":"2025-12-27T03:33:50","guid":{"rendered":"https:\/\/moyahousehold.com\/?post_type=product&#038;p=11828"},"modified":"2026-01-05T08:30:11","modified_gmt":"2026-01-05T08:30:11","slug":"vase-inspired-insulated-carafe-304-stainless-steel-glass-liner-long-lasting-temperature-retention-stylish-home-essential","status":"publish","type":"product","link":"https:\/\/moyahousehold.com\/de\/produkt\/vase-inspired-insulated-carafe-304-stainless-steel-glass-liner-long-lasting-temperature-retention-stylish-home-essential\/","title":{"rendered":"Vase-inspirierte Isolierkaraffe | 304 Edelstahl &amp; Glaseinsatz, lang anhaltende Temperaturerhaltung, stilvolles Wohnaccessoire"},"content":{"rendered":"<h3 class=\"wp-block-heading\">Parameter der vakuumisolierten Kaffeekaraffe<\/h3>\n\n\n\n<div class=\"wp-block-group\"><div class=\"wp-block-group__inner-container is-layout-constrained wp-block-group-is-layout-constrained\">\n<figure class=\"wp-block-table\"><table class=\"has-fixed-layout\"><tbody><tr><td>Kapazit\u00e4t<\/td><td>Material<\/td><td>Gr\u00f6\u00dfe des Produkts<\/td><td>Menge pro Kiste<\/td><td>Farbe<\/td><\/tr><tr><td rowspan=\"2\">1.0L<\/td><td rowspan=\"2\">ABS, PP, Hochborosilikatglas, Akazienholz, Silikon<\/td><td rowspan=\"2\">12.5*9.7*7.2<\/td><td rowspan=\"2\">12<\/td><td rowspan=\"2\">Khaki\/Grau\/Schwarz<\/td><\/tr><\/tbody><\/table><\/figure>\n<\/div><\/div>\n\n\n\n<h3 class=\"wp-block-heading\"><\/h3>\n\n\n\n<p>Individuelle Kaffeekannen-Optionen<\/p>\n\n\n\n<p><strong>Deckel: <\/strong>PP-Druckdeckel<br><strong>Logo:<\/strong> Ihr eigenes Markenlogo auf Produkt und Verpackung.<br><strong>Logo-Optionen:<\/strong> gedrucktes Logo, lasergraviertes Logo, usw.<br><strong>Muster: <\/strong>Druck von Mustern auf Thermosflaschen.<br><strong>Drucktechnik: <\/strong>Wassertransferdruck, Siebdruck, W\u00e4rmetransferdruck, Sublimationstransfer und mehr.<br><strong>Verpackung:<\/strong> Farbkasten<br><a href=\"https:\/\/moyahousehold.com\/de\/individuelle-losung\/\"><strong>Entdecken Sie weitere individuelle L\u00f6sungen f\u00fcr Kaffeekaraffen.<\/strong><\/a><\/p>\n\n\n\n<div class=\"wp-block-columns is-layout-flex wp-container-core-columns-is-layout-9d6595d7 wp-block-columns-is-layout-flex\">\n<div class=\"wp-block-column is-layout-flow wp-block-column-is-layout-flow\">\n<figure class=\"wp-block-image size-full\"><img fetchpriority=\"high\" decoding=\"async\" width=\"1000\" height=\"1500\" src=\"https:\/\/moyahousehold.com\/wp-content\/uploads\/2025\/12\/Best-stainless-steel-coffee-maker-for-home-use.webp\" alt=\"Kaffeemaschine aus rostfreiem Stahl (French Press)\" class=\"wp-image-11835\" srcset=\"https:\/\/moyahousehold.com\/wp-content\/uploads\/2025\/12\/Best-stainless-steel-coffee-maker-for-home-use.webp 1000w, https:\/\/moyahousehold.com\/wp-content\/uploads\/2025\/12\/Best-stainless-steel-coffee-maker-for-home-use-200x300.webp 200w, https:\/\/moyahousehold.com\/wp-content\/uploads\/2025\/12\/Best-stainless-steel-coffee-maker-for-home-use-768x1152.webp 768w, https:\/\/moyahousehold.com\/wp-content\/uploads\/2025\/12\/Best-stainless-steel-coffee-maker-for-home-use-8x12.webp 8w, https:\/\/moyahousehold.com\/wp-content\/uploads\/2025\/12\/Best-stainless-steel-coffee-maker-for-home-use-285x428.webp 285w, https:\/\/moyahousehold.com\/wp-content\/uploads\/2025\/12\/Best-stainless-steel-coffee-maker-for-home-use-440x660.webp 440w, https:\/\/moyahousehold.com\/wp-content\/uploads\/2025\/12\/Best-stainless-steel-coffee-maker-for-home-use-100x150.webp 100w\" sizes=\"(max-width: 1000px) 100vw, 1000px\" \/><figcaption class=\"wp-element-caption\">Kaffeemaschine aus lebensmittelechtem 304-Edelstahl<\/figcaption><\/figure>\n<\/div>\n\n\n\n<div class=\"wp-block-column is-layout-flow wp-block-column-is-layout-flow\">\n<figure class=\"wp-block-image size-full\"><img decoding=\"async\" width=\"1000\" height=\"1500\" src=\"https:\/\/moyahousehold.com\/wp-content\/uploads\/2025\/12\/Stainless-steel-French-press-coffee-maker.webp\" alt=\"Edelstahl-Kaffeemaschine zum \u00dcbergie\u00dfen\" class=\"wp-image-11842\" srcset=\"https:\/\/moyahousehold.com\/wp-content\/uploads\/2025\/12\/Stainless-steel-French-press-coffee-maker.webp 1000w, https:\/\/moyahousehold.com\/wp-content\/uploads\/2025\/12\/Stainless-steel-French-press-coffee-maker-200x300.webp 200w, https:\/\/moyahousehold.com\/wp-content\/uploads\/2025\/12\/Stainless-steel-French-press-coffee-maker-768x1152.webp 768w, https:\/\/moyahousehold.com\/wp-content\/uploads\/2025\/12\/Stainless-steel-French-press-coffee-maker-8x12.webp 8w, https:\/\/moyahousehold.com\/wp-content\/uploads\/2025\/12\/Stainless-steel-French-press-coffee-maker-285x428.webp 285w, https:\/\/moyahousehold.com\/wp-content\/uploads\/2025\/12\/Stainless-steel-French-press-coffee-maker-440x660.webp 440w, https:\/\/moyahousehold.com\/wp-content\/uploads\/2025\/12\/Stainless-steel-French-press-coffee-maker-100x150.webp 100w\" sizes=\"(max-width: 1000px) 100vw, 1000px\" \/><figcaption class=\"wp-element-caption\">Home Barista Edelstahl-Kaffeemaschine zum \u00dcbergie\u00dfen<\/figcaption><\/figure>\n<\/div>\n<\/div>\n\n\n\n<p>Ihr neues Lieblingsgetr\u00e4nkegeschirr, das sich mit&nbsp;<em>stilvolles Vasen-Design<\/em>&nbsp;mit unschlagbarer Leistung: unser isolierter Krug aus Edelstahl 304.<\/p>\n\n\n\n<p>Dieser Krug aus lebensmittelechtem Edelstahl 304 (rostfrei, BPA-frei und sicher f\u00fcr alle Getr\u00e4nke) speichert die Temperatur f\u00fcr&nbsp;<strong>6-12 Stunden<\/strong>-Halten Sie den Morgenkaffee bis zum Mittagessen hei\u00df und die eisgek\u00fchlte Limonade den ganzen Nachmittag k\u00fchl.<\/p>\n\n\n\n<p>Die schlanke, geschwungene Vasenform ist nicht nur eine Augenweide: Der breite Griff liegt bequem in der Hand und erm\u00f6glicht ein auslaufsicheres Ausgie\u00dfen, w\u00e4hrend der auslaufsichere Deckel dicht abschlie\u00dft (kein Chaos in der Tasche oder im K\u00fchlschrank).<\/p>\n\n\n\n<p>Perfekt f\u00fcr:<\/p>\n\n\n\n<div class=\"wp-block-group is-nowrap is-layout-flex wp-container-core-group-is-layout-ad2f72ca wp-block-group-is-layout-flex\">\n<p>\u2705 Dinnerpartys zu Hause (servieren Sie hei\u00dfen Tee\/Wein in einem auff\u00e4lligen Gef\u00e4\u00df)<\/p>\n<\/div>\n\n\n\n<p>\u2705 B\u00fcroschreibtische (halten das t\u00e4gliche Gebr\u00e4u warm, ohne auf Dekoration zu verzichten)<\/p>\n\n\n\n<p>Picknick am Wochenende (leicht, haltbar und stundenlang temperaturbest\u00e4ndig)<\/p>\n\n\n\n<p>Verbessern Sie Ihr Trinkspiel mit einem funktionierenden Krug&nbsp;<em>so schwer, wie es aussieht<\/em>-in den Warenkorb legen, bevor es ausverkauft ist!<\/p>\n\n\n\n<figure class=\"wp-block-gallery has-nested-images columns-default wp-block-gallery-1 is-layout-flex wp-block-gallery-is-layout-flex\">\n<figure class=\"wp-block-image size-large\"><img decoding=\"async\" width=\"1125\" height=\"1500\" data-id=\"11860\" src=\"https:\/\/moyahousehold.com\/wp-content\/uploads\/2026\/01\/Affordable-stainless-steel-pour-over-coffee-pot-2.webp\" alt=\"\" class=\"wp-image-11860\" srcset=\"https:\/\/moyahousehold.com\/wp-content\/uploads\/2026\/01\/Affordable-stainless-steel-pour-over-coffee-pot-2.webp 1125w, https:\/\/moyahousehold.com\/wp-content\/uploads\/2026\/01\/Affordable-stainless-steel-pour-over-coffee-pot-2-225x300.webp 225w, https:\/\/moyahousehold.com\/wp-content\/uploads\/2026\/01\/Affordable-stainless-steel-pour-over-coffee-pot-2-768x1024.webp 768w, https:\/\/moyahousehold.com\/wp-content\/uploads\/2026\/01\/Affordable-stainless-steel-pour-over-coffee-pot-2-9x12.webp 9w, https:\/\/moyahousehold.com\/wp-content\/uploads\/2026\/01\/Affordable-stainless-steel-pour-over-coffee-pot-2-285x380.webp 285w, https:\/\/moyahousehold.com\/wp-content\/uploads\/2026\/01\/Affordable-stainless-steel-pour-over-coffee-pot-2-495x660.webp 495w, https:\/\/moyahousehold.com\/wp-content\/uploads\/2026\/01\/Affordable-stainless-steel-pour-over-coffee-pot-2-113x150.webp 113w\" sizes=\"(max-width: 1125px) 100vw, 1125px\" \/><\/figure>\n\n\n\n<figure class=\"wp-block-image size-large\"><img loading=\"lazy\" decoding=\"async\" width=\"1000\" height=\"1500\" data-id=\"11859\" src=\"https:\/\/moyahousehold.com\/wp-content\/uploads\/2026\/01\/Best-stainless-steel-coffee-maker-for-home-use.webp\" alt=\"\" class=\"wp-image-11859\" srcset=\"https:\/\/moyahousehold.com\/wp-content\/uploads\/2026\/01\/Best-stainless-steel-coffee-maker-for-home-use.webp 1000w, https:\/\/moyahousehold.com\/wp-content\/uploads\/2026\/01\/Best-stainless-steel-coffee-maker-for-home-use-200x300.webp 200w, https:\/\/moyahousehold.com\/wp-content\/uploads\/2026\/01\/Best-stainless-steel-coffee-maker-for-home-use-768x1152.webp 768w, https:\/\/moyahousehold.com\/wp-content\/uploads\/2026\/01\/Best-stainless-steel-coffee-maker-for-home-use-8x12.webp 8w, https:\/\/moyahousehold.com\/wp-content\/uploads\/2026\/01\/Best-stainless-steel-coffee-maker-for-home-use-285x428.webp 285w, https:\/\/moyahousehold.com\/wp-content\/uploads\/2026\/01\/Best-stainless-steel-coffee-maker-for-home-use-440x660.webp 440w, https:\/\/moyahousehold.com\/wp-content\/uploads\/2026\/01\/Best-stainless-steel-coffee-maker-for-home-use-100x150.webp 100w\" sizes=\"(max-width: 1000px) 100vw, 1000px\" \/><\/figure>\n<\/figure>\n\n\n\n<p>Ganz gleich, ob Sie G\u00e4ste bewirten, Ihre t\u00e4glichen Getr\u00e4nke zubereiten oder Ihrer Arbeitsplatte eine schicke Note verleihen m\u00f6chten - dieser vasenf\u00f6rmige Isolierkrug erf\u00fcllt alle Anforderungen. Langlebig, stilvoll und so konzipiert, dass jeder Schluck perfekt ist. Geben Sie sich nicht mit langweiligem Trinkgeschirr zufrieden: Holen Sie sich Ihren Krug noch heute und verbessern Sie Ihre Trinkgewohnheiten!<\/p>\n\n\n\n<figure class=\"wp-block-gallery has-nested-images columns-default is-cropped wp-block-gallery-2 is-layout-flex wp-block-gallery-is-layout-flex\">\n<figure class=\"wp-block-image size-large\"><img loading=\"lazy\" decoding=\"async\" width=\"1000\" height=\"1500\" data-id=\"11861\" src=\"https:\/\/moyahousehold.com\/wp-content\/uploads\/2026\/01\/Food-grade-304-stainless-steel-coffee-maker.webp\" alt=\"\" class=\"wp-image-11861\" srcset=\"https:\/\/moyahousehold.com\/wp-content\/uploads\/2026\/01\/Food-grade-304-stainless-steel-coffee-maker.webp 1000w, https:\/\/moyahousehold.com\/wp-content\/uploads\/2026\/01\/Food-grade-304-stainless-steel-coffee-maker-200x300.webp 200w, https:\/\/moyahousehold.com\/wp-content\/uploads\/2026\/01\/Food-grade-304-stainless-steel-coffee-maker-768x1152.webp 768w, https:\/\/moyahousehold.com\/wp-content\/uploads\/2026\/01\/Food-grade-304-stainless-steel-coffee-maker-8x12.webp 8w, https:\/\/moyahousehold.com\/wp-content\/uploads\/2026\/01\/Food-grade-304-stainless-steel-coffee-maker-285x428.webp 285w, https:\/\/moyahousehold.com\/wp-content\/uploads\/2026\/01\/Food-grade-304-stainless-steel-coffee-maker-440x660.webp 440w, https:\/\/moyahousehold.com\/wp-content\/uploads\/2026\/01\/Food-grade-304-stainless-steel-coffee-maker-100x150.webp 100w\" sizes=\"(max-width: 1000px) 100vw, 1000px\" \/><\/figure>\n\n\n\n<figure class=\"wp-block-image size-large\"><img loading=\"lazy\" decoding=\"async\" width=\"1000\" height=\"1500\" data-id=\"11862\" src=\"https:\/\/moyahousehold.com\/wp-content\/uploads\/2026\/01\/Rust-proof-stainless-steel-coffee-pot-2.webp\" alt=\"\" class=\"wp-image-11862\" srcset=\"https:\/\/moyahousehold.com\/wp-content\/uploads\/2026\/01\/Rust-proof-stainless-steel-coffee-pot-2.webp 1000w, https:\/\/moyahousehold.com\/wp-content\/uploads\/2026\/01\/Rust-proof-stainless-steel-coffee-pot-2-200x300.webp 200w, https:\/\/moyahousehold.com\/wp-content\/uploads\/2026\/01\/Rust-proof-stainless-steel-coffee-pot-2-768x1152.webp 768w, https:\/\/moyahousehold.com\/wp-content\/uploads\/2026\/01\/Rust-proof-stainless-steel-coffee-pot-2-8x12.webp 8w, https:\/\/moyahousehold.com\/wp-content\/uploads\/2026\/01\/Rust-proof-stainless-steel-coffee-pot-2-285x428.webp 285w, https:\/\/moyahousehold.com\/wp-content\/uploads\/2026\/01\/Rust-proof-stainless-steel-coffee-pot-2-440x660.webp 440w, https:\/\/moyahousehold.com\/wp-content\/uploads\/2026\/01\/Rust-proof-stainless-steel-coffee-pot-2-100x150.webp 100w\" sizes=\"(max-width: 1000px) 100vw, 1000px\" \/><\/figure>\n<\/figure>","protected":false},"excerpt":{"rendered":"<div class=\"inter-jQQQ8P\">\n<div class=\"container-PrUkKo\">\n<div class=\"item-hGGxLi\">\n<div class=\"container-arOxqB chrome70-container\">\n<div class=\"inner-FyM8gE inner-item-swzCut\" data-target-id=\"message-box-target-id\" data-testid=\"union_message\">\n<div class=\"message-block-container-aFugD6\" data-testid=\"message-block-container\">\n<div class=\"flex flex-row w-full w-full max-w-full s-font-base text-s-color-text-secondary p-0 rounded-s-radius-s bg-transparent group data-[attr=select-mode]:-mt-10 data-[attr=select-mode]:py-10 data-[attr=select-mode]:px-16 data-[attr=select-mode]:sm:p-10 data-[attr=select-mode]:hover:bg-s-color-bg-base data-[attr=select-mode]:hover:rounded-s-radius-xs data-[attr=select-mode]:has-[:checked]:bg-s-color-bg-trans data-[attr=select-mode]:has-[:checked]:rounded-s-radius-xs data-[attr=select-mode]:pointer-events-none\" data-testid=\"receive_message\">\n<div class=\"flex flex-col flex-grow max-w-full min-w-0\">\n<div class=\"flex flex-row w-full\" data-testid=\"message_content\" data-message-id=\"11906409299183362\">\n<div class=\"w-full\" data-plugin-identifier=\"Symbol(receive-write-text-content)\">\n<div class=\"container-ZYIsnH flow-markdown-body theme-samantha-Nbr9UN\" dir=\"ltr\" data-testid=\"message_text_content\" data-show-indicator=\"false\">\n<h1 class=\"header-vfC6AV auto-hide-last-sibling-br\">Neuerscheinung: Isolierte Kaffeekaraffe mit Glaseinsatz<\/h1>\n<div class=\"auto-hide-last-sibling-br paragraph-JOTKXA paragraph-element br-paragraph-space\">Diese neu auf den Markt gebrachte isolierte Kaffeekaraffe zeichnet sich durch eine au\u00dfergew\u00f6hnliche W\u00e4rmespeicherung aus, gepaart mit einer praktischen Ein-Knopf-Ausgabe f\u00fcr m\u00fchelosen Gebrauch. Ihr schlankes, minimalistisches Aussehen macht sie zu einem perfekten Begleiter f\u00fcr zu Hause und im B\u00fcro. Wir bieten Gro\u00dfhandelsservices f\u00fcr diese neue emaillierte Isolierkanne sowie flexible Anpassungsl\u00f6sungen an - Sie k\u00f6nnen sich jederzeit an uns wenden.<\/div>\n<h2 class=\"header-vfC6AV auto-hide-last-sibling-br\">Eigenschaften der neuen isolierten Kaffeekaraffe mit Glaseinsatz<\/h2>\n<ul class=\"auto-hide-last-sibling-br\">\n<li>\n<div class=\"auto-hide-last-sibling-br paragraph-JOTKXA paragraph-element br-paragraph-space\"><strong>Schlankes und zeitloses Design<\/strong>: Mit ihrer minimalistischen \u00c4sthetik und den klassischen Farben Schwarz und Beige f\u00fcgt sich diese neue Karaffe nahtlos in Wohn-, B\u00fcro- oder Gesch\u00e4ftsr\u00e4ume ein und verleiht ihnen einen Hauch von schlichter Eleganz.<\/div>\n<\/li>\n<li>\n<div class=\"auto-hide-last-sibling-br paragraph-JOTKXA paragraph-element br-paragraph-space\"><strong>Premium Glas Liner<\/strong>: Der hochwertige Innenbeh\u00e4lter aus Glas sorgt f\u00fcr Langlebigkeit und bewahrt den reinen Geschmack von Wasser, Kaffee und anderen Getr\u00e4nken - frei von unerw\u00fcnschten Ger\u00fcchen oder R\u00fcckst\u00e4nden, was ein sicheres Trinkerlebnis garantiert.<\/div>\n<\/li>\n<li>\n<div class=\"auto-hide-last-sibling-br paragraph-JOTKXA paragraph-element br-paragraph-space\"><strong>Bedienung mit einem Knopfdruck<\/strong>: Der innovative One-Touch-Mechanismus macht das m\u00fchsame Ausgie\u00dfen herk\u00f6mmlicher Thermokaraffen \u00fcberfl\u00fcssig und erm\u00f6glicht ein schnelles und einfaches Ausgie\u00dfen, sogar mit einer Hand.<\/div>\n<\/li>\n<li>\n<div class=\"auto-hide-last-sibling-br paragraph-JOTKXA paragraph-element br-paragraph-space\"><strong>Langanhaltende Temperaturspeicherung<\/strong>: Dank der fortschrittlichen Vakuum-Isolationstechnologie h\u00e4lt diese neue Karaffe Fl\u00fcssigkeiten \u00fcber einen l\u00e4ngeren Zeitraum hei\u00df und sorgt daf\u00fcr, dass Kaffee, Tee und andere Hei\u00dfgetr\u00e4nke ihre optimale Trinktemperatur behalten.<\/div>\n<\/li>\n<li>\n<div class=\"auto-hide-last-sibling-br paragraph-JOTKXA paragraph-element br-paragraph-space\"><strong>Wettbewerbsf\u00e4hige Gro\u00dfhandelspreise<\/strong>: Die Hersteller von Moya bieten f\u00fcr diese Neuerscheinung \u00e4u\u00dferst wettbewerbsf\u00e4hige Gro\u00dfhandelspreise an, die sich an Einzelh\u00e4ndler, Gro\u00dfh\u00e4ndler und Gro\u00dfabnehmer in der Foodservice-Branche richten.<\/div>\n<\/li>\n<li>\n<div class=\"auto-hide-last-sibling-br paragraph-JOTKXA paragraph-element br-paragraph-space\"><strong>OEM- und ODM-Anpassung<\/strong>: Mit unseren OEM- und ODM-Services k\u00f6nnen Sie die neue Karaffe auf Ihre Bed\u00fcrfnisse zuschneiden - passen Sie das Aussehen und das Fassungsverm\u00f6gen an oder f\u00fcgen Sie Ihr Markenlogo hinzu, um ein einzigartiges, marktf\u00e4higes Produkt zu schaffen.<\/div>\n<\/li>\n<\/ul>\n<\/div>\n<\/div>\n<\/div>\n<div class=\"answer-action-bar-pgm2JD answer-action-bar flex flex-col justify-end\" data-testid=\"message_action_bar\">\n<div class=\"container-rxM4SW flex flex-row items-start w-full self-center\" data-message-action-bar=\"1\">\n<div class=\"left-Y7jNAM\">\u00a0<\/div>\n<\/div>\n<\/div>\n<\/div>\n<\/div>\n<\/div>\n<\/div>\n<\/div>\n<\/div>\n<\/div>\n<\/div>","protected":false},"featured_media":11832,"comment_status":"open","ping_status":"closed","template":"","meta":[],"product_cat":[54],"product_tag":[66,78,85],"class_list":{"0":"post-11828","1":"product","2":"type-product","3":"status-publish","4":"has-post-thumbnail","6":"product_cat-thermal-carafe-wholesale","7":"product_tag-wholesale-1000ml-thermos-carafe","8":"product_tag-wholesale-1500ml-thermos-carafe","9":"product_tag-wholesale-stainless-steel-liner-thermos-carafe","11":"first","12":"instock","13":"shipping-taxable","14":"product-type-simple"},"_links":{"self":[{"href":"https:\/\/moyahousehold.com\/de\/wp-json\/wp\/v2\/product\/11828","targetHints":{"allow":["GET"]}}],"collection":[{"href":"https:\/\/moyahousehold.com\/de\/wp-json\/wp\/v2\/product"}],"about":[{"href":"https:\/\/moyahousehold.com\/de\/wp-json\/wp\/v2\/types\/product"}],"replies":[{"embeddable":true,"href":"https:\/\/moyahousehold.com\/de\/wp-json\/wp\/v2\/comments?post=11828"}],"version-history":[{"count":3,"href":"https:\/\/moyahousehold.com\/de\/wp-json\/wp\/v2\/product\/11828\/revisions"}],"predecessor-version":[{"id":11863,"href":"https:\/\/moyahousehold.com\/de\/wp-json\/wp\/v2\/product\/11828\/revisions\/11863"}],"wp:featuredmedia":[{"embeddable":true,"href":"https:\/\/moyahousehold.com\/de\/wp-json\/wp\/v2\/media\/11832"}],"wp:attachment":[{"href":"https:\/\/moyahousehold.com\/de\/wp-json\/wp\/v2\/media?parent=11828"}],"wp:term":[{"taxonomy":"product_cat","embeddable":true,"href":"https:\/\/moyahousehold.com\/de\/wp-json\/wp\/v2\/product_cat?post=11828"},{"taxonomy":"product_tag","embeddable":true,"href":"https:\/\/moyahousehold.com\/de\/wp-json\/wp\/v2\/product_tag?post=11828"}],"curies":[{"name":"wp","href":"https:\/\/api.w.org\/{rel}","templated":true}]}}