{"id":11864,"date":"2026-01-06T07:43:46","date_gmt":"2026-01-06T07:05:00","guid":{"rendered":"https:\/\/moyahousehold.com\/?post_type=product&#038;p=11864"},"modified":"2026-04-15T06:40:49","modified_gmt":"2026-04-15T06:40:49","slug":"304-stainless-steel-mixing-bowl-your-ultimate-kitchen-prep-tool","status":"publish","type":"product","link":"https:\/\/moyahousehold.com\/de\/produkt\/304-stainless-steel-mixing-bowl-your-ultimate-kitchen-prep-tool\/","title":{"rendered":"304 Stainless Steel Mixing Bowl | Your Ultimate Kitchen Prep Tool"},"content":{"rendered":"<figure class=\"wp-block-image size-full\"><img fetchpriority=\"high\" decoding=\"async\" width=\"800\" height=\"800\" src=\"https:\/\/moyahousehold.com\/wp-content\/uploads\/2026\/01\/durable-kitchen-bowls-for-home-cooks.webp\" alt=\"\" class=\"wp-image-11866\" srcset=\"https:\/\/moyahousehold.com\/wp-content\/uploads\/2026\/01\/durable-kitchen-bowls-for-home-cooks.webp 800w, https:\/\/moyahousehold.com\/wp-content\/uploads\/2026\/01\/durable-kitchen-bowls-for-home-cooks-300x300.webp 300w, https:\/\/moyahousehold.com\/wp-content\/uploads\/2026\/01\/durable-kitchen-bowls-for-home-cooks-150x150.webp 150w, https:\/\/moyahousehold.com\/wp-content\/uploads\/2026\/01\/durable-kitchen-bowls-for-home-cooks-768x768.webp 768w, https:\/\/moyahousehold.com\/wp-content\/uploads\/2026\/01\/durable-kitchen-bowls-for-home-cooks-12x12.webp 12w, https:\/\/moyahousehold.com\/wp-content\/uploads\/2026\/01\/durable-kitchen-bowls-for-home-cooks-285x285.webp 285w, https:\/\/moyahousehold.com\/wp-content\/uploads\/2026\/01\/durable-kitchen-bowls-for-home-cooks-270x270.webp 270w, https:\/\/moyahousehold.com\/wp-content\/uploads\/2026\/01\/durable-kitchen-bowls-for-home-cooks-540x540.webp 540w, https:\/\/moyahousehold.com\/wp-content\/uploads\/2026\/01\/durable-kitchen-bowls-for-home-cooks-660x660.webp 660w\" sizes=\"(max-width: 800px) 100vw, 800px\" \/><\/figure>\n\n\n\n<h3 class=\"wp-block-heading\">Parameters of Stainless Steel Mixing Bowl<\/h3>\n\n\n\n<p><strong>Material:<\/strong> 304 Edelstahl  <strong> Farbe:<\/strong> Silber<\/p>\n\n\n\n<figure class=\"wp-block-table\"><table class=\"has-fixed-layout\"><tbody><tr><td class=\"has-text-align-center\" data-align=\"center\"><strong>Artikel<\/strong><\/td><td><strong>Material<\/strong><\/td><td><strong>Farbe<\/strong><\/td><td><strong>PCS\/Koffer<\/strong><\/td><td><strong>Kapazit\u00e4t<\/strong><\/td><td><strong>G.W.\/Fall<\/strong><\/td><\/tr><tr><td class=\"has-text-align-center\" data-align=\"center\">MYDS016<\/td><td rowspan=\"6\">304 Edelstahl<\/td><td rowspan=\"6\">Silber<\/td><td rowspan=\"6\">180<\/td><td>300ML<\/td><td>12.7<\/td><\/tr><tr><td class=\"has-text-align-center\" data-align=\"center\">MYDS017<\/td><td>500ML<\/td><td>19<\/td><\/tr><tr><td class=\"has-text-align-center\" data-align=\"center\">MYDS018<\/td><td>900ML<\/td><td>24.5<\/td><\/tr><tr><td class=\"has-text-align-center\" data-align=\"center\">MYDS019<\/td><td>300ML Mit Griff<\/td><td>16.9<\/td><\/tr><tr><td class=\"has-text-align-center\" data-align=\"center\">MYDS020<\/td><td>500ML Mit Griff<\/td><td>22.5<\/td><\/tr><tr><td class=\"has-text-align-center\" data-align=\"center\">MYDS021<\/td><td>900ML Mit Griff<\/td><td>30.5<\/td><\/tr><\/tbody><\/table><\/figure>\n\n\n\n<h3 class=\"wp-block-heading\">Optionen f\u00fcr benutzerdefinierte Kocht\u00f6pfe<\/h3>\n\n\n\n<p><strong>Logo<\/strong>: Gestalten Sie Ihr Markenlogo auf der Edelstahlsch\u00fcssel und der Verpackung.<br><strong>Logo Options<\/strong>: gedrucktes Logo, lasergraviertes Logo, etc.<br><strong>Muster<\/strong>: Druckmuster auf Produkten und Verpackungen.<br><strong>Printing Technology<\/strong>Wassertransferdruck, Siebdruck, W\u00e4rmetransferdruck, Sublimationstransfer, etc.<br><strong>Verpackung:<\/strong>Farbkasten.<br><a href=\"https:\/\/moyahousehold.com\/de\/individuelle-losung\/\"><strong>Erfahren Sie mehr \u00fcber individuelle L\u00f6sungen f\u00fcr Lunchpakete.<\/strong><\/a><\/p>\n\n\n\n<div class=\"wp-block-columns is-layout-flex wp-container-core-columns-is-layout-9d6595d7 wp-block-columns-is-layout-flex\">\n<div class=\"wp-block-column is-layout-flow wp-block-column-is-layout-flow\" style=\"flex-basis:100%\">\n<div class=\"wp-block-group is-nowrap is-layout-flex wp-container-core-group-is-layout-ad2f72ca wp-block-group-is-layout-flex\">\n<div class=\"wp-block-columns is-layout-flex wp-container-core-columns-is-layout-9d6595d7 wp-block-columns-is-layout-flex\">\n<div class=\"wp-block-column is-layout-flow wp-block-column-is-layout-flow\">\n<figure class=\"wp-block-image size-full\"><img decoding=\"async\" width=\"800\" height=\"800\" src=\"https:\/\/moyahousehold.com\/wp-content\/uploads\/2026\/01\/food-grade-304-stainless-steel-mixing-bowls-with-measurements.webp\" alt=\"R\u00fchrsch\u00fcsseln aus Edelstahl 304 mit Griff\" class=\"wp-image-11868\" srcset=\"https:\/\/moyahousehold.com\/wp-content\/uploads\/2026\/01\/food-grade-304-stainless-steel-mixing-bowls-with-measurements.webp 800w, https:\/\/moyahousehold.com\/wp-content\/uploads\/2026\/01\/food-grade-304-stainless-steel-mixing-bowls-with-measurements-300x300.webp 300w, https:\/\/moyahousehold.com\/wp-content\/uploads\/2026\/01\/food-grade-304-stainless-steel-mixing-bowls-with-measurements-150x150.webp 150w, https:\/\/moyahousehold.com\/wp-content\/uploads\/2026\/01\/food-grade-304-stainless-steel-mixing-bowls-with-measurements-768x768.webp 768w, https:\/\/moyahousehold.com\/wp-content\/uploads\/2026\/01\/food-grade-304-stainless-steel-mixing-bowls-with-measurements-12x12.webp 12w, https:\/\/moyahousehold.com\/wp-content\/uploads\/2026\/01\/food-grade-304-stainless-steel-mixing-bowls-with-measurements-285x285.webp 285w, https:\/\/moyahousehold.com\/wp-content\/uploads\/2026\/01\/food-grade-304-stainless-steel-mixing-bowls-with-measurements-270x270.webp 270w, https:\/\/moyahousehold.com\/wp-content\/uploads\/2026\/01\/food-grade-304-stainless-steel-mixing-bowls-with-measurements-540x540.webp 540w, https:\/\/moyahousehold.com\/wp-content\/uploads\/2026\/01\/food-grade-304-stainless-steel-mixing-bowls-with-measurements-660x660.webp 660w\" sizes=\"(max-width: 800px) 100vw, 800px\" \/><\/figure>\n<\/div>\n\n\n\n<div class=\"wp-block-column is-layout-flow wp-block-column-is-layout-flow\">\n<figure class=\"wp-block-image size-full\"><img decoding=\"async\" width=\"800\" height=\"800\" src=\"https:\/\/moyahousehold.com\/wp-content\/uploads\/2026\/01\/non-deformable-kitchen-mixing-bowls-set.webp\" alt=\"\" class=\"wp-image-11869\" srcset=\"https:\/\/moyahousehold.com\/wp-content\/uploads\/2026\/01\/non-deformable-kitchen-mixing-bowls-set.webp 800w, https:\/\/moyahousehold.com\/wp-content\/uploads\/2026\/01\/non-deformable-kitchen-mixing-bowls-set-300x300.webp 300w, https:\/\/moyahousehold.com\/wp-content\/uploads\/2026\/01\/non-deformable-kitchen-mixing-bowls-set-150x150.webp 150w, https:\/\/moyahousehold.com\/wp-content\/uploads\/2026\/01\/non-deformable-kitchen-mixing-bowls-set-768x768.webp 768w, https:\/\/moyahousehold.com\/wp-content\/uploads\/2026\/01\/non-deformable-kitchen-mixing-bowls-set-12x12.webp 12w, https:\/\/moyahousehold.com\/wp-content\/uploads\/2026\/01\/non-deformable-kitchen-mixing-bowls-set-285x285.webp 285w, https:\/\/moyahousehold.com\/wp-content\/uploads\/2026\/01\/non-deformable-kitchen-mixing-bowls-set-270x270.webp 270w, https:\/\/moyahousehold.com\/wp-content\/uploads\/2026\/01\/non-deformable-kitchen-mixing-bowls-set-540x540.webp 540w, https:\/\/moyahousehold.com\/wp-content\/uploads\/2026\/01\/non-deformable-kitchen-mixing-bowls-set-660x660.webp 660w\" sizes=\"(max-width: 800px) 100vw, 800px\" \/><\/figure>\n<\/div>\n<\/div>\n<\/div>\n<\/div>\n<\/div>\n\n\n\n<p><strong>Kurzer \u00dcberblick: <\/strong>Suchen Sie nach einer haltbaren, sicheren und vielseitigen R\u00fchrsch\u00fcssel, die Ihr Koch- und Backerlebnis aufwertet? Unsere R\u00fchrsch\u00fcssel aus Edelstahl 304 ist die perfekte Wahl! Diese Sch\u00fcssel aus lebensmittelechtem Edelstahl 304 mit hitzebest\u00e4ndigem Griff und klaren Messmarkierungen ist ideal f\u00fcr alles, vom Vorbereiten von Eiern und Mischen von Salaten bis zum Backen von Kuchen und Aufbewahren von Resten. Sie ist leicht zu reinigen, bruchsicher und geruchsneutral - Schluss mit unordentlichen, fadenscheinigen K\u00fcchensch\u00fcsseln, jetzt k\u00f6nnen Sie m\u00fchelos Mahlzeiten zubereiten!<\/p>\n\n\n\n<figure class=\"wp-block-gallery has-nested-images columns-default is-cropped wp-block-gallery-1 is-layout-flex wp-block-gallery-is-layout-flex\">\n<figure class=\"wp-block-image size-large\"><img loading=\"lazy\" decoding=\"async\" width=\"1000\" height=\"1500\" data-id=\"11870\" src=\"https:\/\/moyahousehold.com\/wp-content\/uploads\/2026\/01\/304-stainless-steel-mixing-bowls-with-handle-1.webp\" alt=\"\" class=\"wp-image-11870\" srcset=\"https:\/\/moyahousehold.com\/wp-content\/uploads\/2026\/01\/304-stainless-steel-mixing-bowls-with-handle-1.webp 1000w, https:\/\/moyahousehold.com\/wp-content\/uploads\/2026\/01\/304-stainless-steel-mixing-bowls-with-handle-1-200x300.webp 200w, https:\/\/moyahousehold.com\/wp-content\/uploads\/2026\/01\/304-stainless-steel-mixing-bowls-with-handle-1-768x1152.webp 768w, https:\/\/moyahousehold.com\/wp-content\/uploads\/2026\/01\/304-stainless-steel-mixing-bowls-with-handle-1-8x12.webp 8w, https:\/\/moyahousehold.com\/wp-content\/uploads\/2026\/01\/304-stainless-steel-mixing-bowls-with-handle-1-285x428.webp 285w, https:\/\/moyahousehold.com\/wp-content\/uploads\/2026\/01\/304-stainless-steel-mixing-bowls-with-handle-1-440x660.webp 440w, https:\/\/moyahousehold.com\/wp-content\/uploads\/2026\/01\/304-stainless-steel-mixing-bowls-with-handle-1-100x150.webp 100w\" sizes=\"(max-width: 1000px) 100vw, 1000px\" \/><\/figure>\n\n\n\n<figure class=\"wp-block-image size-large\"><img loading=\"lazy\" decoding=\"async\" width=\"1000\" height=\"1500\" data-id=\"11871\" src=\"https:\/\/moyahousehold.com\/wp-content\/uploads\/2026\/01\/easy-clean-non-stick-mixing-bowls.webp\" alt=\"\" class=\"wp-image-11871\" srcset=\"https:\/\/moyahousehold.com\/wp-content\/uploads\/2026\/01\/easy-clean-non-stick-mixing-bowls.webp 1000w, https:\/\/moyahousehold.com\/wp-content\/uploads\/2026\/01\/easy-clean-non-stick-mixing-bowls-200x300.webp 200w, https:\/\/moyahousehold.com\/wp-content\/uploads\/2026\/01\/easy-clean-non-stick-mixing-bowls-768x1152.webp 768w, https:\/\/moyahousehold.com\/wp-content\/uploads\/2026\/01\/easy-clean-non-stick-mixing-bowls-8x12.webp 8w, https:\/\/moyahousehold.com\/wp-content\/uploads\/2026\/01\/easy-clean-non-stick-mixing-bowls-285x428.webp 285w, https:\/\/moyahousehold.com\/wp-content\/uploads\/2026\/01\/easy-clean-non-stick-mixing-bowls-440x660.webp 440w, https:\/\/moyahousehold.com\/wp-content\/uploads\/2026\/01\/easy-clean-non-stick-mixing-bowls-100x150.webp 100w\" sizes=\"(max-width: 1000px) 100vw, 1000px\" \/><\/figure>\n<\/figure>\n\n\n\n<h3 class=\"wp-block-heading\">1. Lebensmittelgeeigneter 304-Edelstahl: Sicherheit zuerst f\u00fcr Sie und Ihre Familie<\/h3>\n\n\n\n<p>Gesundheit ist die erste Wahl: Hergestellt aus hochwertigem Edelstahl 304, korrosionsbest\u00e4ndig, rostfrei und ungiftig. Keine Geruchsaufnahme auch bei sauren\/alkalischen Zutaten (Zitronen, Eier usw.), sicher zum Marinieren, Mischen und Aufbewahren von Lebensmitteln.<\/p>\n\n\n\n<h3 class=\"wp-block-heading\">2. Hitzebest\u00e4ndiger Griff: Sicher und stabil zu halten, auch mit hei\u00dfen Lebensmitteln<\/h3>\n\n\n\n<p>Hitzebest\u00e4ndiger Griff: Bleibt k\u00fchl, wenn Sie hei\u00dfe Speisen (Suppen, Eint\u00f6pfe usw.) halten, ergonomisches Design sorgt f\u00fcr einen festen Griff. Verhindert Abrutschen und Verbr\u00fchen, praktisch f\u00fcr schnelles Umf\u00fcllen von Speisen.<\/p>\n\n\n\n<h3 class=\"wp-block-heading\">3. Eingebaute Messmarkierungen: Pr\u00e4zises Vorbereiten - jedes Mal<\/h3>\n\n\n\n<p>Vergessen Sie das Jonglieren mit mehreren Messbechern und L\u00f6ffeln - unsere R\u00fchrsch\u00fcssel hat klare, leicht lesbare Messmarkierungen (ml &amp; cup) auf der Innenseite aufgedruckt. Ganz gleich, ob Sie einen Kuchen backen, der genaue Mengen an Milch und Mehl erfordert, oder eine So\u00dfe anr\u00fchren, die pr\u00e4zise gew\u00fcrzt werden muss, diese Markierungen erleichtern das Abmessen direkt in der Sch\u00fcssel. Sparen Sie Zeit, reduzieren Sie den Reinigungsaufwand und erzielen Sie jedes Mal gleichbleibende Ergebnisse.<\/p>\n\n\n\n<h3 class=\"wp-block-heading\">4. Practical Size: Ideal for Multiple Kitchen Tasks<\/h3>\n\n\n\n<p>With a practical capacity, this mixing bowl is designed to cover most of your daily kitchen needs. Use it for prepping eggs, mixing spices, marinating small portions of meat, mixing salads, or storing leftovers. The compact design also saves space in your kitchen cabinet\u2014easy to store without cluttering shelves!<\/p>\n\n\n\n<figure class=\"wp-block-gallery has-nested-images columns-default is-cropped wp-block-gallery-2 is-layout-flex wp-block-gallery-is-layout-flex\">\n<figure class=\"wp-block-image size-large\"><img loading=\"lazy\" decoding=\"async\" width=\"1000\" height=\"1500\" data-id=\"11880\" src=\"https:\/\/moyahousehold.com\/wp-content\/uploads\/2026\/01\/measuring-mixing-bowls-set.webp\" alt=\"\" class=\"wp-image-11880\" srcset=\"https:\/\/moyahousehold.com\/wp-content\/uploads\/2026\/01\/measuring-mixing-bowls-set.webp 1000w, https:\/\/moyahousehold.com\/wp-content\/uploads\/2026\/01\/measuring-mixing-bowls-set-200x300.webp 200w, https:\/\/moyahousehold.com\/wp-content\/uploads\/2026\/01\/measuring-mixing-bowls-set-768x1152.webp 768w, https:\/\/moyahousehold.com\/wp-content\/uploads\/2026\/01\/measuring-mixing-bowls-set-8x12.webp 8w, https:\/\/moyahousehold.com\/wp-content\/uploads\/2026\/01\/measuring-mixing-bowls-set-285x428.webp 285w, https:\/\/moyahousehold.com\/wp-content\/uploads\/2026\/01\/measuring-mixing-bowls-set-440x660.webp 440w, https:\/\/moyahousehold.com\/wp-content\/uploads\/2026\/01\/measuring-mixing-bowls-set-100x150.webp 100w\" sizes=\"(max-width: 1000px) 100vw, 1000px\" \/><\/figure>\n\n\n\n<figure class=\"wp-block-image size-large\"><img loading=\"lazy\" decoding=\"async\" width=\"1000\" height=\"1500\" data-id=\"11881\" src=\"https:\/\/moyahousehold.com\/wp-content\/uploads\/2026\/01\/salad-mixing-bowls-for-cooking.webp\" alt=\"\" class=\"wp-image-11881\" srcset=\"https:\/\/moyahousehold.com\/wp-content\/uploads\/2026\/01\/salad-mixing-bowls-for-cooking.webp 1000w, https:\/\/moyahousehold.com\/wp-content\/uploads\/2026\/01\/salad-mixing-bowls-for-cooking-200x300.webp 200w, https:\/\/moyahousehold.com\/wp-content\/uploads\/2026\/01\/salad-mixing-bowls-for-cooking-768x1152.webp 768w, https:\/\/moyahousehold.com\/wp-content\/uploads\/2026\/01\/salad-mixing-bowls-for-cooking-8x12.webp 8w, https:\/\/moyahousehold.com\/wp-content\/uploads\/2026\/01\/salad-mixing-bowls-for-cooking-285x428.webp 285w, https:\/\/moyahousehold.com\/wp-content\/uploads\/2026\/01\/salad-mixing-bowls-for-cooking-440x660.webp 440w, https:\/\/moyahousehold.com\/wp-content\/uploads\/2026\/01\/salad-mixing-bowls-for-cooking-100x150.webp 100w\" sizes=\"(max-width: 1000px) 100vw, 1000px\" \/><\/figure>\n<\/figure>\n\n\n\n<p><\/p>","protected":false},"excerpt":{"rendered":"<h2 class=\"header-vfC6AV auto-hide-last-sibling-br\">Anpassungsdienste<\/h2>\n<div class=\"auto-hide-last-sibling-br paragraph-JOTKXA paragraph-element br-paragraph-space\">Als professioneller Hersteller von Lunchboxen bieten wir umfassende OEM- und ODM-L\u00f6sungen:<\/div>\n<ul class=\"auto-hide-last-sibling-br\">\n<li><strong>OEM<\/strong>: Passen Sie Logos, Aufdrucke oder Verpackungen an Ihre Markenidentit\u00e4t an. Sie k\u00f6nnen auch verschiedene Farben f\u00fcr die \u00e4u\u00dfere H\u00fclle w\u00e4hlen, die zu Ihrem Markenstil passen.<\/li>\n<li><strong>ODM<\/strong>: Wir arbeiten am Produktdesign mit, von der Anordnung der F\u00e4cher (Anpassung der Anzahl und Gr\u00f6\u00dfe der F\u00e4cher) bis hin zur Materialausf\u00fchrung, um einzigartige, marktgerechte L\u00f6sungen zu schaffen. Wir k\u00f6nnen auch die Dichtungsstruktur optimieren oder spezielle funktionale Designs entsprechend Ihren Anforderungen hinzuf\u00fcgen.<\/li>\n<\/ul>","protected":false},"featured_media":11874,"comment_status":"closed","ping_status":"closed","template":"","meta":[],"product_cat":[58],"product_tag":[87,92],"class_list":{"0":"post-11864","1":"product","2":"type-product","3":"status-publish","4":"has-post-thumbnail","6":"product_cat-lunch-box-wholesale","7":"product_tag-wholesale-multi-compartment-lunch-box","8":"product_tag-wholesale-rectangle-lunch-box","10":"first","11":"instock","12":"shipping-taxable","13":"product-type-simple"},"_links":{"self":[{"href":"https:\/\/moyahousehold.com\/de\/wp-json\/wp\/v2\/product\/11864","targetHints":{"allow":["GET"]}}],"collection":[{"href":"https:\/\/moyahousehold.com\/de\/wp-json\/wp\/v2\/product"}],"about":[{"href":"https:\/\/moyahousehold.com\/de\/wp-json\/wp\/v2\/types\/product"}],"replies":[{"embeddable":true,"href":"https:\/\/moyahousehold.com\/de\/wp-json\/wp\/v2\/comments?post=11864"}],"version-history":[{"count":1,"href":"https:\/\/moyahousehold.com\/de\/wp-json\/wp\/v2\/product\/11864\/revisions"}],"predecessor-version":[{"id":13117,"href":"https:\/\/moyahousehold.com\/de\/wp-json\/wp\/v2\/product\/11864\/revisions\/13117"}],"wp:featuredmedia":[{"embeddable":true,"href":"https:\/\/moyahousehold.com\/de\/wp-json\/wp\/v2\/media\/11874"}],"wp:attachment":[{"href":"https:\/\/moyahousehold.com\/de\/wp-json\/wp\/v2\/media?parent=11864"}],"wp:term":[{"taxonomy":"product_cat","embeddable":true,"href":"https:\/\/moyahousehold.com\/de\/wp-json\/wp\/v2\/product_cat?post=11864"},{"taxonomy":"product_tag","embeddable":true,"href":"https:\/\/moyahousehold.com\/de\/wp-json\/wp\/v2\/product_tag?post=11864"}],"curies":[{"name":"wp","href":"https:\/\/api.w.org\/{rel}","templated":true}]}}