{"id":11885,"date":"2026-01-07T07:49:17","date_gmt":"2026-01-07T07:27:51","guid":{"rendered":"https:\/\/moyahousehold.com\/?post_type=product&#038;p=11885"},"modified":"2026-04-15T06:44:14","modified_gmt":"2026-04-15T06:44:14","slug":"moya-304-stainless-steel-deep-mixing-bowl-your-go-to-tool-for-mess-free-baking-cooking","status":"publish","type":"product","link":"https:\/\/moyahousehold.com\/de\/produkt\/moya-304-stainless-steel-deep-mixing-bowl-your-go-to-tool-for-mess-free-baking-cooking\/","title":{"rendered":"MOYA 304 Edelstahl R\u00fchrsch\u00fcssel - Ihr Werkzeug f\u00fcr unproblematisches Backen und Kochen"},"content":{"rendered":"<figure class=\"wp-block-image size-full\"><img fetchpriority=\"high\" decoding=\"async\" width=\"2000\" height=\"1328\" src=\"https:\/\/moyahousehold.com\/wp-content\/uploads\/2026\/01\/304-stainless-steel-mixing-bowl.webp\" alt=\"\" class=\"wp-image-11886\" srcset=\"https:\/\/moyahousehold.com\/wp-content\/uploads\/2026\/01\/304-stainless-steel-mixing-bowl.webp 2000w, https:\/\/moyahousehold.com\/wp-content\/uploads\/2026\/01\/304-stainless-steel-mixing-bowl-300x199.webp 300w, https:\/\/moyahousehold.com\/wp-content\/uploads\/2026\/01\/304-stainless-steel-mixing-bowl-768x510.webp 768w, https:\/\/moyahousehold.com\/wp-content\/uploads\/2026\/01\/304-stainless-steel-mixing-bowl-18x12.webp 18w, https:\/\/moyahousehold.com\/wp-content\/uploads\/2026\/01\/304-stainless-steel-mixing-bowl-285x189.webp 285w, https:\/\/moyahousehold.com\/wp-content\/uploads\/2026\/01\/304-stainless-steel-mixing-bowl-1600x1062.webp 1600w, https:\/\/moyahousehold.com\/wp-content\/uploads\/2026\/01\/304-stainless-steel-mixing-bowl-660x438.webp 660w, https:\/\/moyahousehold.com\/wp-content\/uploads\/2026\/01\/304-stainless-steel-mixing-bowl-150x100.webp 150w\" sizes=\"(max-width: 2000px) 100vw, 2000px\" \/><figcaption class=\"wp-element-caption\"><br><\/figcaption><\/figure>\n\n\n\n<h3 class=\"wp-block-heading\">Parameters of Stainless Steel Deep Mixing Bowl<\/h3>\n\n\n\n<p><strong>Material:<\/strong> 304 Edelstahl+Silikon <strong> Farbe:<\/strong> Silber<\/p>\n\n\n\n<figure class=\"wp-block-table\"><table class=\"has-fixed-layout\"><tbody><tr><td class=\"has-text-align-center\" data-align=\"center\"><strong>Artikel<\/strong><\/td><td class=\"has-text-align-center\" data-align=\"center\"><strong>Material<\/strong><\/td><td class=\"has-text-align-center\" data-align=\"center\"><strong>Farbe<\/strong><\/td><td class=\"has-text-align-center\" data-align=\"center\"><strong>Gr\u00f6\u00dfe des Produkts<\/strong><\/td><td class=\"has-text-align-center\" data-align=\"center\"><strong>Gr\u00f6\u00dfe des Produkts<\/strong><\/td><\/tr><tr><td class=\"has-text-align-center\" data-align=\"center\">MYDS022<\/td><td class=\"has-text-align-center\" data-align=\"center\" rowspan=\"2\">304<\/td><td class=\"has-text-align-center\" data-align=\"center\" rowspan=\"2\">Silber<\/td><td class=\"has-text-align-center\" data-align=\"center\">3000ML<\/td><td class=\"has-text-align-center\" data-align=\"center\">19*19*13<\/td><\/tr><tr><td class=\"has-text-align-center\" data-align=\"center\">MYDS023<\/td><td class=\"has-text-align-center\" data-align=\"center\">3600ML<\/td><td class=\"has-text-align-center\" data-align=\"center\">21*21*14<\/td><\/tr><tr><td class=\"has-text-align-center\" data-align=\"center\">MYDS024<\/td><td class=\"has-text-align-center\" data-align=\"center\" rowspan=\"2\">304 + Silicone<\/td><td class=\"has-text-align-center\" data-align=\"center\" rowspan=\"2\">Silver + Red<\/td><td class=\"has-text-align-center\" data-align=\"center\">3000ML<\/td><td class=\"has-text-align-center\" data-align=\"center\">19*19*13<\/td><\/tr><tr><td class=\"has-text-align-center\" data-align=\"center\">MYDS025<\/td><td class=\"has-text-align-center\" data-align=\"center\">3600ML<\/td><td class=\"has-text-align-center\" data-align=\"center\">21*21*14<\/td><\/tr><\/tbody><\/table><\/figure>\n\n\n\n<h3 class=\"wp-block-heading\">Optionen f\u00fcr benutzerdefinierte Kocht\u00f6pfe<\/h3>\n\n\n\n<p><strong>Logo<\/strong>: Gestalten Sie Ihr Markenlogo auf der Edelstahlsch\u00fcssel und der Verpackung.<br><strong>Logo Options<\/strong>: gedrucktes Logo, lasergraviertes Logo, etc.<br><strong>Muster<\/strong>: Druckmuster auf Produkten und Verpackungen.<br><strong>Printing Technology<\/strong>Wassertransferdruck, Siebdruck, W\u00e4rmetransferdruck, Sublimationstransfer, usw.<br><strong>Verpackung:<\/strong> Farbkasten.<br><a href=\"https:\/\/moyahousehold.com\/de\/individuelle-losung\/\"><strong>Erfahren Sie mehr \u00fcber individuelle L\u00f6sungen f\u00fcr Lunchpakete.<\/strong><\/a><\/p>\n\n\n\n<div class=\"wp-block-columns is-layout-flex wp-container-core-columns-is-layout-9d6595d7 wp-block-columns-is-layout-flex\">\n<div class=\"wp-block-column is-layout-flow wp-block-column-is-layout-flow\" style=\"flex-basis:100%\">\n<div class=\"wp-block-group is-nowrap is-layout-flex wp-container-core-group-is-layout-ad2f72ca wp-block-group-is-layout-flex\">\n<div class=\"wp-block-columns is-layout-flex wp-container-core-columns-is-layout-9d6595d7 wp-block-columns-is-layout-flex\">\n<div class=\"wp-block-column is-layout-flow wp-block-column-is-layout-flow\">\n<figure class=\"wp-block-image size-full\"><img decoding=\"async\" width=\"800\" height=\"800\" src=\"https:\/\/moyahousehold.com\/wp-content\/uploads\/2026\/01\/salad-mixing-bowl.webp\" alt=\"\" class=\"wp-image-11891\" srcset=\"https:\/\/moyahousehold.com\/wp-content\/uploads\/2026\/01\/salad-mixing-bowl.webp 800w, https:\/\/moyahousehold.com\/wp-content\/uploads\/2026\/01\/salad-mixing-bowl-300x300.webp 300w, https:\/\/moyahousehold.com\/wp-content\/uploads\/2026\/01\/salad-mixing-bowl-150x150.webp 150w, https:\/\/moyahousehold.com\/wp-content\/uploads\/2026\/01\/salad-mixing-bowl-768x768.webp 768w, https:\/\/moyahousehold.com\/wp-content\/uploads\/2026\/01\/salad-mixing-bowl-12x12.webp 12w, https:\/\/moyahousehold.com\/wp-content\/uploads\/2026\/01\/salad-mixing-bowl-285x285.webp 285w, https:\/\/moyahousehold.com\/wp-content\/uploads\/2026\/01\/salad-mixing-bowl-270x270.webp 270w, https:\/\/moyahousehold.com\/wp-content\/uploads\/2026\/01\/salad-mixing-bowl-540x540.webp 540w, https:\/\/moyahousehold.com\/wp-content\/uploads\/2026\/01\/salad-mixing-bowl-660x660.webp 660w\" sizes=\"(max-width: 800px) 100vw, 800px\" \/><\/figure>\n<\/div>\n\n\n\n<div class=\"wp-block-column is-layout-flow wp-block-column-is-layout-flow\">\n<figure class=\"wp-block-image size-full\"><img decoding=\"async\" width=\"800\" height=\"800\" src=\"https:\/\/moyahousehold.com\/wp-content\/uploads\/2026\/01\/mess-free-mixing-bowl.webp\" alt=\"\" class=\"wp-image-11892\" srcset=\"https:\/\/moyahousehold.com\/wp-content\/uploads\/2026\/01\/mess-free-mixing-bowl.webp 800w, https:\/\/moyahousehold.com\/wp-content\/uploads\/2026\/01\/mess-free-mixing-bowl-300x300.webp 300w, https:\/\/moyahousehold.com\/wp-content\/uploads\/2026\/01\/mess-free-mixing-bowl-150x150.webp 150w, https:\/\/moyahousehold.com\/wp-content\/uploads\/2026\/01\/mess-free-mixing-bowl-768x768.webp 768w, https:\/\/moyahousehold.com\/wp-content\/uploads\/2026\/01\/mess-free-mixing-bowl-12x12.webp 12w, https:\/\/moyahousehold.com\/wp-content\/uploads\/2026\/01\/mess-free-mixing-bowl-285x285.webp 285w, https:\/\/moyahousehold.com\/wp-content\/uploads\/2026\/01\/mess-free-mixing-bowl-270x270.webp 270w, https:\/\/moyahousehold.com\/wp-content\/uploads\/2026\/01\/mess-free-mixing-bowl-540x540.webp 540w, https:\/\/moyahousehold.com\/wp-content\/uploads\/2026\/01\/mess-free-mixing-bowl-660x660.webp 660w\" sizes=\"(max-width: 800px) 100vw, 800px\" \/><figcaption class=\"wp-element-caption\"><br><\/figcaption><\/figure>\n<\/div>\n<\/div>\n<\/div>\n<\/div>\n<\/div>\n\n\n\n<figure class=\"wp-block-gallery has-nested-images columns-default is-cropped wp-block-gallery-1 is-layout-flex wp-block-gallery-is-layout-flex\">\n<figure class=\"wp-block-image size-full\"><img loading=\"lazy\" decoding=\"async\" width=\"1200\" height=\"1600\" data-id=\"11893\" src=\"https:\/\/moyahousehold.com\/wp-content\/uploads\/2026\/01\/anti-splash-mixing-bowl-1.webp\" alt=\"\" class=\"wp-image-11893\" srcset=\"https:\/\/moyahousehold.com\/wp-content\/uploads\/2026\/01\/anti-splash-mixing-bowl-1.webp 1200w, https:\/\/moyahousehold.com\/wp-content\/uploads\/2026\/01\/anti-splash-mixing-bowl-1-225x300.webp 225w, https:\/\/moyahousehold.com\/wp-content\/uploads\/2026\/01\/anti-splash-mixing-bowl-1-768x1024.webp 768w, https:\/\/moyahousehold.com\/wp-content\/uploads\/2026\/01\/anti-splash-mixing-bowl-1-9x12.webp 9w, https:\/\/moyahousehold.com\/wp-content\/uploads\/2026\/01\/anti-splash-mixing-bowl-1-285x380.webp 285w, https:\/\/moyahousehold.com\/wp-content\/uploads\/2026\/01\/anti-splash-mixing-bowl-1-495x660.webp 495w, https:\/\/moyahousehold.com\/wp-content\/uploads\/2026\/01\/anti-splash-mixing-bowl-1-113x150.webp 113w\" sizes=\"(max-width: 1200px) 100vw, 1200px\" \/><\/figure>\n\n\n\n<figure class=\"wp-block-image size-full\"><img loading=\"lazy\" decoding=\"async\" width=\"1125\" height=\"1500\" data-id=\"11894\" src=\"https:\/\/moyahousehold.com\/wp-content\/uploads\/2026\/01\/deep-mixing-bowl.webp\" alt=\"\" class=\"wp-image-11894\" srcset=\"https:\/\/moyahousehold.com\/wp-content\/uploads\/2026\/01\/deep-mixing-bowl.webp 1125w, https:\/\/moyahousehold.com\/wp-content\/uploads\/2026\/01\/deep-mixing-bowl-225x300.webp 225w, https:\/\/moyahousehold.com\/wp-content\/uploads\/2026\/01\/deep-mixing-bowl-768x1024.webp 768w, https:\/\/moyahousehold.com\/wp-content\/uploads\/2026\/01\/deep-mixing-bowl-9x12.webp 9w, https:\/\/moyahousehold.com\/wp-content\/uploads\/2026\/01\/deep-mixing-bowl-285x380.webp 285w, https:\/\/moyahousehold.com\/wp-content\/uploads\/2026\/01\/deep-mixing-bowl-495x660.webp 495w, https:\/\/moyahousehold.com\/wp-content\/uploads\/2026\/01\/deep-mixing-bowl-113x150.webp 113w\" sizes=\"(max-width: 1125px) 100vw, 1125px\" \/><figcaption class=\"wp-element-caption\">Zutat Marinierschale\n<\/figcaption><\/figure>\n<\/figure>\n\n\n\n<h3 class=\"wp-block-heading\"><strong>1. Edelstahl 304 in Lebensmittelqualit\u00e4t: Sicher und langlebig<\/strong><\/h3>\n\n\n\n<p>Der 100% ist aus hochwertigem Edelstahl 304 gefertigt, lebensmittelecht, BPA-frei und rost- und geruchsresistent. Geeignet zum Marinieren, Mischen von Teigen oder Aufbewahren von Salaten, ohne mit Lebensmitteln zu reagieren.<\/p>\n\n\n\n<p><strong>2. Vertieftes Anti-Spritz-Design<\/strong><\/p>\n\n\n\n<p>Die 5 Zoll tiefe Sch\u00fcssel h\u00e4lt Spritzer beim Schlagen von Eischnee, Sahne oder R\u00fchrteig wirksam zur\u00fcck und sorgt so f\u00fcr eine saubere K\u00fcche und weniger Zeitaufwand beim Aufr\u00e4umen.<\/p>\n\n\n\n<p><strong>3. Zwei Messmarken (ml\/oz)<\/strong><\/p>\n\n\n\n<p>Mit der \u00fcbersichtlichen Doppelskala an der Innenwand k\u00f6nnen Sie Fl\u00fcssigkeiten und trockene Zutaten direkt in der Sch\u00fcssel abmessen, ohne zus\u00e4tzliche Messbecher zu ben\u00f6tigen.<\/p>\n\n\n\n<p><strong>4. Rutschfester Silikonboden<\/strong><\/p>\n\n\n\n<p>Der hochwertige Silikonring am Boden sorgt daf\u00fcr, dass die Sch\u00fcssel auch bei kr\u00e4ftigem Schlagen oder Mixen stabil auf jeder Arbeitsplatte steht und nicht ausrutscht.<\/p>\n\n\n\n<p><strong>5. Stapelbar und leicht zu reinigen<\/strong><\/p>\n\n\n\n<p>Glatt polierte Innenseite f\u00fcr einfache Reinigung (sp\u00fclmaschinenfest). Das stapelbare Design spart Platz im Schrank und sorgt f\u00fcr Ordnung in Ihrer K\u00fcche.<\/p>\n\n\n\n<figure class=\"wp-block-gallery has-nested-images columns-default is-cropped wp-block-gallery-2 is-layout-flex wp-block-gallery-is-layout-flex\">\n<figure class=\"wp-block-image size-full\"><img loading=\"lazy\" decoding=\"async\" width=\"1200\" height=\"1800\" data-id=\"11896\" src=\"https:\/\/moyahousehold.com\/wp-content\/uploads\/2026\/01\/mixing-bowl-with-measurement-marks.webp\" alt=\"\" class=\"wp-image-11896\" srcset=\"https:\/\/moyahousehold.com\/wp-content\/uploads\/2026\/01\/mixing-bowl-with-measurement-marks.webp 1200w, https:\/\/moyahousehold.com\/wp-content\/uploads\/2026\/01\/mixing-bowl-with-measurement-marks-200x300.webp 200w, https:\/\/moyahousehold.com\/wp-content\/uploads\/2026\/01\/mixing-bowl-with-measurement-marks-768x1152.webp 768w, https:\/\/moyahousehold.com\/wp-content\/uploads\/2026\/01\/mixing-bowl-with-measurement-marks-8x12.webp 8w, https:\/\/moyahousehold.com\/wp-content\/uploads\/2026\/01\/mixing-bowl-with-measurement-marks-285x428.webp 285w, https:\/\/moyahousehold.com\/wp-content\/uploads\/2026\/01\/mixing-bowl-with-measurement-marks-440x660.webp 440w, https:\/\/moyahousehold.com\/wp-content\/uploads\/2026\/01\/mixing-bowl-with-measurement-marks-100x150.webp 100w\" sizes=\"(max-width: 1200px) 100vw, 1200px\" \/><\/figure>\n\n\n\n<figure class=\"wp-block-image size-full\"><img loading=\"lazy\" decoding=\"async\" width=\"1000\" height=\"1500\" data-id=\"11897\" src=\"https:\/\/moyahousehold.com\/wp-content\/uploads\/2026\/01\/non-slip-mixing-bowl.webp\" alt=\"\" class=\"wp-image-11897\" srcset=\"https:\/\/moyahousehold.com\/wp-content\/uploads\/2026\/01\/non-slip-mixing-bowl.webp 1000w, https:\/\/moyahousehold.com\/wp-content\/uploads\/2026\/01\/non-slip-mixing-bowl-200x300.webp 200w, https:\/\/moyahousehold.com\/wp-content\/uploads\/2026\/01\/non-slip-mixing-bowl-768x1152.webp 768w, https:\/\/moyahousehold.com\/wp-content\/uploads\/2026\/01\/non-slip-mixing-bowl-8x12.webp 8w, https:\/\/moyahousehold.com\/wp-content\/uploads\/2026\/01\/non-slip-mixing-bowl-285x428.webp 285w, https:\/\/moyahousehold.com\/wp-content\/uploads\/2026\/01\/non-slip-mixing-bowl-440x660.webp 440w, https:\/\/moyahousehold.com\/wp-content\/uploads\/2026\/01\/non-slip-mixing-bowl-100x150.webp 100w\" sizes=\"(max-width: 1000px) 100vw, 1000px\" \/><\/figure>\n<\/figure>\n\n\n\n<p><\/p>","protected":false},"excerpt":{"rendered":"<h2 class=\"header-vfC6AV auto-hide-last-sibling-br\">Anpassungsdienste<\/h2>\n<div class=\"auto-hide-last-sibling-br paragraph-JOTKXA paragraph-element br-paragraph-space\">Als professioneller Hersteller von Lunchboxen bieten wir umfassende OEM- und ODM-L\u00f6sungen:<\/div>\n<ul class=\"auto-hide-last-sibling-br\">\n<li><strong>OEM<\/strong>: Passen Sie Logos, Aufdrucke oder Verpackungen an Ihre Markenidentit\u00e4t an. Sie k\u00f6nnen auch verschiedene Farben f\u00fcr die \u00e4u\u00dfere H\u00fclle w\u00e4hlen, die zu Ihrem Markenstil passen.<\/li>\n<li><strong>ODM<\/strong>: Wir arbeiten am Produktdesign mit, von der Anordnung der F\u00e4cher (Anpassung der Anzahl und Gr\u00f6\u00dfe der F\u00e4cher) bis hin zur Materialausf\u00fchrung, um einzigartige, marktgerechte L\u00f6sungen zu schaffen. Wir k\u00f6nnen auch die Dichtungsstruktur optimieren oder spezielle funktionale Designs entsprechend Ihren Anforderungen hinzuf\u00fcgen.<\/li>\n<\/ul>","protected":false},"featured_media":11902,"comment_status":"closed","ping_status":"closed","template":"","meta":[],"product_cat":[58],"product_tag":[87,92],"class_list":{"0":"post-11885","1":"product","2":"type-product","3":"status-publish","4":"has-post-thumbnail","6":"product_cat-lunch-box-wholesale","7":"product_tag-wholesale-multi-compartment-lunch-box","8":"product_tag-wholesale-rectangle-lunch-box","10":"first","11":"instock","12":"shipping-taxable","13":"product-type-simple"},"_links":{"self":[{"href":"https:\/\/moyahousehold.com\/de\/wp-json\/wp\/v2\/product\/11885","targetHints":{"allow":["GET"]}}],"collection":[{"href":"https:\/\/moyahousehold.com\/de\/wp-json\/wp\/v2\/product"}],"about":[{"href":"https:\/\/moyahousehold.com\/de\/wp-json\/wp\/v2\/types\/product"}],"replies":[{"embeddable":true,"href":"https:\/\/moyahousehold.com\/de\/wp-json\/wp\/v2\/comments?post=11885"}],"version-history":[{"count":1,"href":"https:\/\/moyahousehold.com\/de\/wp-json\/wp\/v2\/product\/11885\/revisions"}],"predecessor-version":[{"id":13119,"href":"https:\/\/moyahousehold.com\/de\/wp-json\/wp\/v2\/product\/11885\/revisions\/13119"}],"wp:featuredmedia":[{"embeddable":true,"href":"https:\/\/moyahousehold.com\/de\/wp-json\/wp\/v2\/media\/11902"}],"wp:attachment":[{"href":"https:\/\/moyahousehold.com\/de\/wp-json\/wp\/v2\/media?parent=11885"}],"wp:term":[{"taxonomy":"product_cat","embeddable":true,"href":"https:\/\/moyahousehold.com\/de\/wp-json\/wp\/v2\/product_cat?post=11885"},{"taxonomy":"product_tag","embeddable":true,"href":"https:\/\/moyahousehold.com\/de\/wp-json\/wp\/v2\/product_tag?post=11885"}],"curies":[{"name":"wp","href":"https:\/\/api.w.org\/{rel}","templated":true}]}}