{"id":11904,"date":"2026-01-07T08:49:59","date_gmt":"2026-01-07T08:11:58","guid":{"rendered":"https:\/\/moyahousehold.com\/?post_type=product&#038;p=11904"},"modified":"2026-04-15T06:49:34","modified_gmt":"2026-04-15T06:49:34","slug":"304-stainless-steel-detachable-food-containers-with-removable-silicone-seal-leak-proof-stackable-multi-size-for-meal-prep-travel-and-kitchen-storage","status":"publish","type":"product","link":"https:\/\/moyahousehold.com\/de\/produkt\/304-stainless-steel-detachable-food-containers-with-removable-silicone-seal-leak-proof-stackable-multi-size-for-meal-prep-travel-and-kitchen-storage\/","title":{"rendered":"Abnehmbare Lebensmittelbeh\u00e4lter aus Edelstahl 304 mit abnehmbarer Silikondichtung - auslaufsicher, stapelbar und in verschiedenen Gr\u00f6\u00dfen f\u00fcr die Zubereitung von Mahlzeiten, Reisen und die Aufbewahrung in der K\u00fcche"},"content":{"rendered":"<figure class=\"wp-block-image size-full\"><img fetchpriority=\"high\" decoding=\"async\" width=\"1125\" height=\"1500\" src=\"https:\/\/moyahousehold.com\/wp-content\/uploads\/2026\/01\/304-stainless-steel-detachable-food-container-with-silicone-seal.webp\" alt=\"\" class=\"wp-image-11906\" srcset=\"https:\/\/moyahousehold.com\/wp-content\/uploads\/2026\/01\/304-stainless-steel-detachable-food-container-with-silicone-seal.webp 1125w, https:\/\/moyahousehold.com\/wp-content\/uploads\/2026\/01\/304-stainless-steel-detachable-food-container-with-silicone-seal-225x300.webp 225w, https:\/\/moyahousehold.com\/wp-content\/uploads\/2026\/01\/304-stainless-steel-detachable-food-container-with-silicone-seal-768x1024.webp 768w, https:\/\/moyahousehold.com\/wp-content\/uploads\/2026\/01\/304-stainless-steel-detachable-food-container-with-silicone-seal-9x12.webp 9w, https:\/\/moyahousehold.com\/wp-content\/uploads\/2026\/01\/304-stainless-steel-detachable-food-container-with-silicone-seal-285x380.webp 285w, https:\/\/moyahousehold.com\/wp-content\/uploads\/2026\/01\/304-stainless-steel-detachable-food-container-with-silicone-seal-495x660.webp 495w, https:\/\/moyahousehold.com\/wp-content\/uploads\/2026\/01\/304-stainless-steel-detachable-food-container-with-silicone-seal-113x150.webp 113w\" sizes=\"(max-width: 1125px) 100vw, 1125px\" \/><\/figure>\n\n\n\n<h3 class=\"wp-block-heading\">Parameter von Lebensmittelbeh\u00e4ltern<\/h3>\n\n\n\n<p><strong>Material:<\/strong> 304 Edelstahl+Silikon <strong> Farbe:<\/strong> Schwarz\/Wei\u00df<\/p>\n\n\n\n<figure class=\"wp-block-table\"><table class=\"has-fixed-layout\"><tbody><tr><td class=\"has-text-align-center\" data-align=\"center\"><strong>Artikel<\/strong><\/td><td class=\"has-text-align-center\" data-align=\"center\"><strong>Material<\/strong><\/td><td class=\"has-text-align-center\" data-align=\"center\"><strong>Farbe<\/strong><\/td><td class=\"has-text-align-center\" data-align=\"center\"><strong>Gr\u00f6\u00dfe des Produkts<\/strong><\/td><\/tr><tr><td class=\"has-text-align-center\" data-align=\"center\">MYJD370<\/td><td class=\"has-text-align-center\" data-align=\"center\" rowspan=\"10\">304+PP+Silikon<\/td><td class=\"has-text-align-center\" data-align=\"center\" rowspan=\"10\">Schwarz\/Wei\u00df<\/td><td class=\"has-text-align-center\" data-align=\"center\">400ML<\/td><\/tr><tr><td class=\"has-text-align-center\" data-align=\"center\">MYJD371<\/td><td class=\"has-text-align-center\" data-align=\"center\">600ML<\/td><\/tr><tr><td class=\"has-text-align-center\" data-align=\"center\">MYJD372<\/td><td class=\"has-text-align-center\" data-align=\"center\">655NL<\/td><\/tr><tr><td class=\"has-text-align-center\" data-align=\"center\">MYJD373<\/td><td class=\"has-text-align-center\" data-align=\"center\">950ML<\/td><\/tr><tr><td class=\"has-text-align-center\" data-align=\"center\">MYJD374<\/td><td class=\"has-text-align-center\" data-align=\"center\">1000ML<\/td><\/tr><tr><td class=\"has-text-align-center\" data-align=\"center\">MYJD375<\/td><td class=\"has-text-align-center\" data-align=\"center\">1100ML<\/td><\/tr><tr><td class=\"has-text-align-center\" data-align=\"center\">MYJD376<\/td><td class=\"has-text-align-center\" data-align=\"center\">1500ML<\/td><\/tr><tr><td class=\"has-text-align-center\" data-align=\"center\">MYJD377<\/td><td class=\"has-text-align-center\" data-align=\"center\">1800ML<\/td><\/tr><tr><td class=\"has-text-align-center\" data-align=\"center\">MYJD378<\/td><td class=\"has-text-align-center\" data-align=\"center\">2500ML<\/td><\/tr><tr><td class=\"has-text-align-center\" data-align=\"center\">MYJD379<\/td><td class=\"has-text-align-center\" data-align=\"center\">2800ML<\/td><\/tr><\/tbody><\/table><\/figure>\n\n\n\n<h3 class=\"wp-block-heading\">Kundenspezifische Optionen f\u00fcr Frischhalteboxen<\/h3>\n\n\n\n<p><strong>Logo<\/strong>: Gestalten Sie Ihr Markenlogo auf der Edelstahlsch\u00fcssel und der Verpackung.<br><strong>Logo-Optionen<\/strong>: gedrucktes Logo, lasergraviertes Logo, etc.<br><strong>Muster<\/strong>: Druckmuster auf Produkten und Verpackungen.<br><strong>Drucktechnik<\/strong>Wassertransferdruck, Siebdruck, W\u00e4rmetransferdruck, Sublimationstransfer, etc.<br><strong>Verpackung:<\/strong>Farbkasten.<br><a href=\"https:\/\/moyahousehold.com\/de\/individuelle-losung\/\"><strong>Erfahren Sie mehr \u00fcber individuelle L\u00f6sungen f\u00fcr Lunchpakete.<\/strong><\/a><\/p>\n\n\n\n<div class=\"wp-block-columns is-layout-flex wp-container-core-columns-is-layout-9d6595d7 wp-block-columns-is-layout-flex\">\n<div class=\"wp-block-column is-layout-flow wp-block-column-is-layout-flow\" style=\"flex-basis:100%\">\n<div class=\"wp-block-group is-nowrap is-layout-flex wp-container-core-group-is-layout-ad2f72ca wp-block-group-is-layout-flex\">\n<div class=\"wp-block-columns is-layout-flex wp-container-core-columns-is-layout-9d6595d7 wp-block-columns-is-layout-flex\">\n<div class=\"wp-block-column is-layout-flow wp-block-column-is-layout-flow\">\n<figure class=\"wp-block-image size-full\"><img decoding=\"async\" width=\"800\" height=\"800\" src=\"https:\/\/moyahousehold.com\/wp-content\/uploads\/2026\/01\/heat-resistant-food-container.webp\" alt=\"\" class=\"wp-image-11909\" srcset=\"https:\/\/moyahousehold.com\/wp-content\/uploads\/2026\/01\/heat-resistant-food-container.webp 800w, https:\/\/moyahousehold.com\/wp-content\/uploads\/2026\/01\/heat-resistant-food-container-300x300.webp 300w, https:\/\/moyahousehold.com\/wp-content\/uploads\/2026\/01\/heat-resistant-food-container-150x150.webp 150w, https:\/\/moyahousehold.com\/wp-content\/uploads\/2026\/01\/heat-resistant-food-container-768x768.webp 768w, https:\/\/moyahousehold.com\/wp-content\/uploads\/2026\/01\/heat-resistant-food-container-12x12.webp 12w, https:\/\/moyahousehold.com\/wp-content\/uploads\/2026\/01\/heat-resistant-food-container-285x285.webp 285w, https:\/\/moyahousehold.com\/wp-content\/uploads\/2026\/01\/heat-resistant-food-container-270x270.webp 270w, https:\/\/moyahousehold.com\/wp-content\/uploads\/2026\/01\/heat-resistant-food-container-540x540.webp 540w, https:\/\/moyahousehold.com\/wp-content\/uploads\/2026\/01\/heat-resistant-food-container-660x660.webp 660w\" sizes=\"(max-width: 800px) 100vw, 800px\" \/><\/figure>\n<\/div>\n\n\n\n<div class=\"wp-block-column is-layout-flow wp-block-column-is-layout-flow\">\n<figure class=\"wp-block-image size-full\"><img decoding=\"async\" width=\"800\" height=\"800\" src=\"https:\/\/moyahousehold.com\/wp-content\/uploads\/2026\/01\/easy-to-clean-food-container.webp\" alt=\"\" class=\"wp-image-11907\" srcset=\"https:\/\/moyahousehold.com\/wp-content\/uploads\/2026\/01\/easy-to-clean-food-container.webp 800w, https:\/\/moyahousehold.com\/wp-content\/uploads\/2026\/01\/easy-to-clean-food-container-300x300.webp 300w, https:\/\/moyahousehold.com\/wp-content\/uploads\/2026\/01\/easy-to-clean-food-container-150x150.webp 150w, https:\/\/moyahousehold.com\/wp-content\/uploads\/2026\/01\/easy-to-clean-food-container-768x768.webp 768w, https:\/\/moyahousehold.com\/wp-content\/uploads\/2026\/01\/easy-to-clean-food-container-12x12.webp 12w, https:\/\/moyahousehold.com\/wp-content\/uploads\/2026\/01\/easy-to-clean-food-container-285x285.webp 285w, https:\/\/moyahousehold.com\/wp-content\/uploads\/2026\/01\/easy-to-clean-food-container-270x270.webp 270w, https:\/\/moyahousehold.com\/wp-content\/uploads\/2026\/01\/easy-to-clean-food-container-540x540.webp 540w, https:\/\/moyahousehold.com\/wp-content\/uploads\/2026\/01\/easy-to-clean-food-container-660x660.webp 660w\" sizes=\"(max-width: 800px) 100vw, 800px\" \/><\/figure>\n<\/div>\n<\/div>\n<\/div>\n<\/div>\n<\/div>\n\n\n\n<figure class=\"wp-block-gallery has-nested-images columns-default is-cropped wp-block-gallery-1 is-layout-flex wp-block-gallery-is-layout-flex\">\n<figure class=\"wp-block-image size-full is-style-default\"><img loading=\"lazy\" decoding=\"async\" width=\"1125\" height=\"1500\" data-id=\"11919\" src=\"https:\/\/moyahousehold.com\/wp-content\/uploads\/2026\/01\/detachable-food-storage-container-1.webp\" alt=\"\" class=\"wp-image-11919\" srcset=\"https:\/\/moyahousehold.com\/wp-content\/uploads\/2026\/01\/detachable-food-storage-container-1.webp 1125w, https:\/\/moyahousehold.com\/wp-content\/uploads\/2026\/01\/detachable-food-storage-container-1-225x300.webp 225w, https:\/\/moyahousehold.com\/wp-content\/uploads\/2026\/01\/detachable-food-storage-container-1-768x1024.webp 768w, https:\/\/moyahousehold.com\/wp-content\/uploads\/2026\/01\/detachable-food-storage-container-1-9x12.webp 9w, https:\/\/moyahousehold.com\/wp-content\/uploads\/2026\/01\/detachable-food-storage-container-1-285x380.webp 285w, https:\/\/moyahousehold.com\/wp-content\/uploads\/2026\/01\/detachable-food-storage-container-1-495x660.webp 495w, https:\/\/moyahousehold.com\/wp-content\/uploads\/2026\/01\/detachable-food-storage-container-1-113x150.webp 113w\" sizes=\"(max-width: 1125px) 100vw, 1125px\" \/><\/figure>\n\n\n\n<figure class=\"wp-block-image size-full is-style-default\"><img loading=\"lazy\" decoding=\"async\" width=\"1125\" height=\"1500\" data-id=\"11918\" src=\"https:\/\/moyahousehold.com\/wp-content\/uploads\/2026\/01\/multi-size-food-container.webp\" alt=\"\" class=\"wp-image-11918\" srcset=\"https:\/\/moyahousehold.com\/wp-content\/uploads\/2026\/01\/multi-size-food-container.webp 1125w, https:\/\/moyahousehold.com\/wp-content\/uploads\/2026\/01\/multi-size-food-container-225x300.webp 225w, https:\/\/moyahousehold.com\/wp-content\/uploads\/2026\/01\/multi-size-food-container-768x1024.webp 768w, https:\/\/moyahousehold.com\/wp-content\/uploads\/2026\/01\/multi-size-food-container-9x12.webp 9w, https:\/\/moyahousehold.com\/wp-content\/uploads\/2026\/01\/multi-size-food-container-285x380.webp 285w, https:\/\/moyahousehold.com\/wp-content\/uploads\/2026\/01\/multi-size-food-container-495x660.webp 495w, https:\/\/moyahousehold.com\/wp-content\/uploads\/2026\/01\/multi-size-food-container-113x150.webp 113w\" sizes=\"(max-width: 1125px) 100vw, 1125px\" \/><\/figure>\n<\/figure>\n\n\n\n<p>1.<strong>Konstruktion aus lebensmittelechtem 304-Edelstahl<\/strong><\/p>\n\n\n\n<p>Unsere Beh\u00e4lter sind aus hochwertigem Edelstahl 304 gefertigt, einem Material, dem K\u00f6che und Fachleute der Lebensmittelindustrie weltweit vertrauen. Es ist ungiftig, BPA-frei und frei von sch\u00e4dlichen Chemikalien, damit Ihre Lebensmittel rein und unverf\u00e4lscht bleiben. Anders als Kunststoff nimmt es keine Flecken, Ger\u00fcche oder Aromen von scharfen Lebensmitteln wie Knoblauch, Tomatenso\u00dfe oder Curry an - so bleiben Ihre Beh\u00e4lter bei jedem Gebrauch frisch und sauber.<\/p>\n\n\n\n<p>2.<strong>Abnehmbare Silikondichtung f\u00fcr un\u00fcbertroffenen Auslaufschutz<\/strong><\/p>\n\n\n\n<p>Jeder Container ist mit einem <strong>abnehmbares, hochelastisches Silikondichtungsband<\/strong> die eine luft- und wasserdichte Barriere bildet. Verabschieden Sie sich von versch\u00fctteten Lebensmitteln in Ihrer Tasche, im Auto oder im K\u00fchlschrank! Der Silikonstreifen bewahrt die Frische, verhindert das Austrocknen von Lebensmitteln und verhindert eine Kreuzkontamination zwischen verschiedenen Lebensmitteln. Und das Beste ist, dass die Dichtung vollst\u00e4ndig abnehmbar ist - so l\u00e4sst sich jeder Winkel leicht reinigen, und es gibt keine versteckten Verschmutzungen oder Bakterienablagerungen.<\/p>\n\n\n\n<p>3.<strong>Abnehmbare Konstruktion f\u00fcr gr\u00fcndliche Reinigung und Vielseitigkeit<\/strong><\/p>\n\n\n\n<p>Dank des abnehmbaren Geh\u00e4uses und Deckels (und der abnehmbaren Silikondichtung) k\u00f6nnen Sie den Beh\u00e4lter f\u00fcr eine gr\u00fcndliche Reinigung komplett auseinandernehmen. Kein Kampf mehr mit schwer zug\u00e4nglichen Ecken oder eingeklemmten Lebensmittelpartikeln! F\u00fcr zus\u00e4tzlichen Komfort ist er sp\u00fclmaschinenfest, und die robuste Konstruktion sorgt daf\u00fcr, dass er sich auch bei h\u00e4ufigem Waschen nicht verzieht oder besch\u00e4digt wird.<\/p>\n\n\n\n<p>4.<strong>Stapelbar &amp; platzsparendes Design<\/strong><\/p>\n\n\n\n<p>Mit ihrer schlanken, einheitlichen Form lassen sich unsere Edelstahlbeh\u00e4lter sauber aufeinander stapeln und sparen so wertvollen Platz in Ihrem K\u00fchlschrank, Gefrierschrank oder Ihren K\u00fcchenschr\u00e4nken. Ganz gleich, ob Sie eine kleine Wohnk\u00fcche oder eine gut gef\u00fcllte Familienk\u00fcche haben, diese Beh\u00e4lter helfen Ihnen, Ordnung zu halten, ohne Ihren Platz zu \u00fcberladen.<\/p>\n\n\n\n<p>5.<strong>Hitze- und k\u00e4ltebest\u00e4ndig f\u00fcr den Einsatz an mehreren Schaupl\u00e4tzen<\/strong><\/p>\n\n\n\n<p>Unsere Beh\u00e4lter sind f\u00fcr extreme Temperaturen ausgelegt, von -20\u00b0C (gefriersicher) bis 100\u00b0C (hitzebest\u00e4ndig). Verwenden Sie sie zum Aufbewahren von gefrorenen Smoothies, zum K\u00fchlen von frischen Salaten oder zum Warmhalten von Resten f\u00fcr eine schnelle Mahlzeit. Sie eignen sich perfekt f\u00fcr zu Hause, im B\u00fcro, auf Reisen, beim Picknick und beim Camping - und sind damit eine vielseitige Erg\u00e4nzung f\u00fcr Ihren Alltag.<\/p>\n\n\n\n<figure class=\"wp-block-gallery has-nested-images columns-default is-cropped wp-block-gallery-2 is-layout-flex wp-block-gallery-is-layout-flex\">\n<figure class=\"wp-block-image size-full\"><img loading=\"lazy\" decoding=\"async\" width=\"1125\" height=\"1500\" data-id=\"11917\" src=\"https:\/\/moyahousehold.com\/wp-content\/uploads\/2026\/01\/stainless-steel-lunch-box.webp\" alt=\"\" class=\"wp-image-11917\" srcset=\"https:\/\/moyahousehold.com\/wp-content\/uploads\/2026\/01\/stainless-steel-lunch-box.webp 1125w, https:\/\/moyahousehold.com\/wp-content\/uploads\/2026\/01\/stainless-steel-lunch-box-225x300.webp 225w, https:\/\/moyahousehold.com\/wp-content\/uploads\/2026\/01\/stainless-steel-lunch-box-768x1024.webp 768w, https:\/\/moyahousehold.com\/wp-content\/uploads\/2026\/01\/stainless-steel-lunch-box-9x12.webp 9w, https:\/\/moyahousehold.com\/wp-content\/uploads\/2026\/01\/stainless-steel-lunch-box-285x380.webp 285w, https:\/\/moyahousehold.com\/wp-content\/uploads\/2026\/01\/stainless-steel-lunch-box-495x660.webp 495w, https:\/\/moyahousehold.com\/wp-content\/uploads\/2026\/01\/stainless-steel-lunch-box-113x150.webp 113w\" sizes=\"(max-width: 1125px) 100vw, 1125px\" \/><\/figure>\n\n\n\n<figure class=\"wp-block-image size-full\"><img loading=\"lazy\" decoding=\"async\" width=\"1125\" height=\"1500\" data-id=\"11921\" src=\"https:\/\/moyahousehold.com\/wp-content\/uploads\/2026\/01\/leak-proof-food-container.webp\" alt=\"\" class=\"wp-image-11921\" srcset=\"https:\/\/moyahousehold.com\/wp-content\/uploads\/2026\/01\/leak-proof-food-container.webp 1125w, https:\/\/moyahousehold.com\/wp-content\/uploads\/2026\/01\/leak-proof-food-container-225x300.webp 225w, https:\/\/moyahousehold.com\/wp-content\/uploads\/2026\/01\/leak-proof-food-container-768x1024.webp 768w, https:\/\/moyahousehold.com\/wp-content\/uploads\/2026\/01\/leak-proof-food-container-9x12.webp 9w, https:\/\/moyahousehold.com\/wp-content\/uploads\/2026\/01\/leak-proof-food-container-285x380.webp 285w, https:\/\/moyahousehold.com\/wp-content\/uploads\/2026\/01\/leak-proof-food-container-495x660.webp 495w, https:\/\/moyahousehold.com\/wp-content\/uploads\/2026\/01\/leak-proof-food-container-113x150.webp 113w\" sizes=\"(max-width: 1125px) 100vw, 1125px\" \/><\/figure>\n<\/figure>\n\n\n\n<p><\/p>","protected":false},"excerpt":{"rendered":"<h2 class=\"header-vfC6AV auto-hide-last-sibling-br\">Anpassungsdienste<\/h2>\n<div class=\"auto-hide-last-sibling-br paragraph-JOTKXA paragraph-element br-paragraph-space\">Als professioneller Hersteller von Lunchboxen bieten wir umfassende OEM- und ODM-L\u00f6sungen:<\/div>\n<ul class=\"auto-hide-last-sibling-br\">\n<li><strong>OEM<\/strong>: Passen Sie Logos, Aufdrucke oder Verpackungen an Ihre Markenidentit\u00e4t an. Sie k\u00f6nnen auch verschiedene Farben f\u00fcr die \u00e4u\u00dfere H\u00fclle w\u00e4hlen, die zu Ihrem Markenstil passen.<\/li>\n<li><strong>ODM<\/strong>: Wir arbeiten am Produktdesign mit, von der Anordnung der F\u00e4cher (Anpassung der Anzahl und Gr\u00f6\u00dfe der F\u00e4cher) bis hin zur Materialausf\u00fchrung, um einzigartige, marktgerechte L\u00f6sungen zu schaffen. Wir k\u00f6nnen auch die Dichtungsstruktur optimieren oder spezielle funktionale Designs entsprechend Ihren Anforderungen hinzuf\u00fcgen.<\/li>\n<\/ul>","protected":false},"featured_media":11905,"comment_status":"closed","ping_status":"closed","template":"","meta":[],"product_cat":[58],"product_tag":[87,92],"class_list":{"0":"post-11904","1":"product","2":"type-product","3":"status-publish","4":"has-post-thumbnail","6":"product_cat-lunch-box-wholesale","7":"product_tag-wholesale-multi-compartment-lunch-box","8":"product_tag-wholesale-rectangle-lunch-box","10":"first","11":"instock","12":"shipping-taxable","13":"product-type-simple"},"_links":{"self":[{"href":"https:\/\/moyahousehold.com\/de\/wp-json\/wp\/v2\/product\/11904","targetHints":{"allow":["GET"]}}],"collection":[{"href":"https:\/\/moyahousehold.com\/de\/wp-json\/wp\/v2\/product"}],"about":[{"href":"https:\/\/moyahousehold.com\/de\/wp-json\/wp\/v2\/types\/product"}],"replies":[{"embeddable":true,"href":"https:\/\/moyahousehold.com\/de\/wp-json\/wp\/v2\/comments?post=11904"}],"version-history":[{"count":1,"href":"https:\/\/moyahousehold.com\/de\/wp-json\/wp\/v2\/product\/11904\/revisions"}],"predecessor-version":[{"id":13121,"href":"https:\/\/moyahousehold.com\/de\/wp-json\/wp\/v2\/product\/11904\/revisions\/13121"}],"wp:featuredmedia":[{"embeddable":true,"href":"https:\/\/moyahousehold.com\/de\/wp-json\/wp\/v2\/media\/11905"}],"wp:attachment":[{"href":"https:\/\/moyahousehold.com\/de\/wp-json\/wp\/v2\/media?parent=11904"}],"wp:term":[{"taxonomy":"product_cat","embeddable":true,"href":"https:\/\/moyahousehold.com\/de\/wp-json\/wp\/v2\/product_cat?post=11904"},{"taxonomy":"product_tag","embeddable":true,"href":"https:\/\/moyahousehold.com\/de\/wp-json\/wp\/v2\/product_tag?post=11904"}],"curies":[{"name":"wp","href":"https:\/\/api.w.org\/{rel}","templated":true}]}}