{"id":11936,"date":"2026-01-09T09:30:08","date_gmt":"2026-01-09T09:16:39","guid":{"rendered":"https:\/\/moyahousehold.com\/?post_type=product&#038;p=11936"},"modified":"2026-01-09T09:31:10","modified_gmt":"2026-01-09T09:31:10","slug":"sus-304-stainless-steel-creamy-white-tri-ply-steel-cookware-set-detachable-handle-deepened-design","status":"publish","type":"product","link":"https:\/\/moyahousehold.com\/de\/produkt\/sus-304-stainless-steel-creamy-white-tri-ply-steel-cookware-set-detachable-handle-deepened-design\/","title":{"rendered":"SUS 304 Edelstahl cremewei\u00dfes dreilagiges Stahl-Kochgeschirr-Set - abnehmbarer Griff &amp; vertieftes Design"},"content":{"rendered":"<p>All-in-One T\u00f6pfe und Pfannen f\u00fcr sicheres und stilvolles Kochen<\/p>\n\n\n\n<figure class=\"wp-block-image size-full is-style-default\"><img fetchpriority=\"high\" decoding=\"async\" width=\"800\" height=\"800\" src=\"https:\/\/moyahousehold.com\/wp-content\/uploads\/2026\/01\/4-piece-cookware-set.webp\" alt=\"\" class=\"wp-image-11937\" srcset=\"https:\/\/moyahousehold.com\/wp-content\/uploads\/2026\/01\/4-piece-cookware-set.webp 800w, https:\/\/moyahousehold.com\/wp-content\/uploads\/2026\/01\/4-piece-cookware-set-300x300.webp 300w, https:\/\/moyahousehold.com\/wp-content\/uploads\/2026\/01\/4-piece-cookware-set-150x150.webp 150w, https:\/\/moyahousehold.com\/wp-content\/uploads\/2026\/01\/4-piece-cookware-set-768x768.webp 768w, https:\/\/moyahousehold.com\/wp-content\/uploads\/2026\/01\/4-piece-cookware-set-12x12.webp 12w, https:\/\/moyahousehold.com\/wp-content\/uploads\/2026\/01\/4-piece-cookware-set-285x285.webp 285w, https:\/\/moyahousehold.com\/wp-content\/uploads\/2026\/01\/4-piece-cookware-set-270x270.webp 270w, https:\/\/moyahousehold.com\/wp-content\/uploads\/2026\/01\/4-piece-cookware-set-540x540.webp 540w, https:\/\/moyahousehold.com\/wp-content\/uploads\/2026\/01\/4-piece-cookware-set-660x660.webp 660w\" sizes=\"(max-width: 800px) 100vw, 800px\" \/><figcaption class=\"wp-element-caption\">leicht zu reinigender, abnehmbarer Lebensmittelbeh\u00e4lter aus Edelstahl f\u00fcr die Zubereitung von Mahlzeiten<\/figcaption><\/figure>\n\n\n\n<p><strong>Material:<\/strong> 304 Edelstahl+Drei Schichten aus Stahl <strong> Farbe:<\/strong> Beige<\/p>\n\n\n\n<h3 class=\"wp-block-heading\"><\/h3>\n\n\n\n<figure class=\"wp-block-table\"><table class=\"has-fixed-layout\"><tbody><tr><td class=\"has-text-align-center\" data-align=\"center\"><strong>Artikel<\/strong><\/td><td class=\"has-text-align-center\" data-align=\"center\"><strong>Material<\/strong><\/td><td class=\"has-text-align-center\" data-align=\"center\"><strong>Farbe<\/strong><\/td><\/tr><tr><td class=\"has-text-align-center\" data-align=\"center\">MYHL031<\/td><td class=\"has-text-align-center\" data-align=\"center\" rowspan=\"3\">SUS304, drei Schichten aus Stahl<\/td><td class=\"has-text-align-center\" data-align=\"center\" rowspan=\"3\">Beige<\/td><\/tr><tr><td class=\"has-text-align-center\" data-align=\"center\">MYHL032<\/td><\/tr><tr><td class=\"has-text-align-center\" data-align=\"center\">MYHL033<\/td><\/tr><\/tbody><\/table><\/figure>\n\n\n\n<h3 class=\"wp-block-heading\">Kundenspezifische Topf-Optionen<\/h3>\n\n\n\n<p><strong>Logo<\/strong>: Gestalten Sie Ihr Markenlogo auf dem Edelstahltopf und der Verpackung.<br><strong>Logo-Optionen<\/strong>: gedrucktes Logo, lasergraviertes Logo, etc.<br><strong>Muster<\/strong>: Druckmuster auf Produkten und Verpackungen.<br><strong>Drucktechnik<\/strong>Wassertransferdruck, Siebdruck, W\u00e4rmetransferdruck, Sublimationstransfer, etc.<br><strong>Verpackung:<\/strong>Farbkasten.<br><a href=\"https:\/\/moyahousehold.com\/de\/individuelle-losung\/\"><strong>Erfahren Sie mehr \u00fcber ma\u00dfgeschneiderte L\u00f6sungen f\u00fcr T\u00f6pfe.<\/strong><\/a><\/p>\n\n\n\n<div class=\"wp-block-columns is-layout-flex wp-container-core-columns-is-layout-9d6595d7 wp-block-columns-is-layout-flex\">\n<div class=\"wp-block-column is-layout-flow wp-block-column-is-layout-flow\" style=\"flex-basis:100%\">\n<div class=\"wp-block-group is-nowrap is-layout-flex wp-container-core-group-is-layout-ad2f72ca wp-block-group-is-layout-flex\">\n<div class=\"wp-block-columns is-layout-flex wp-container-core-columns-is-layout-9d6595d7 wp-block-columns-is-layout-flex\">\n<div class=\"wp-block-column is-layout-flow wp-block-column-is-layout-flow\">\n<figure class=\"wp-block-image size-full\"><img decoding=\"async\" width=\"800\" height=\"800\" src=\"https:\/\/moyahousehold.com\/wp-content\/uploads\/2026\/01\/Creamy-white-cookware-set.webp\" alt=\"\" class=\"wp-image-11940\" srcset=\"https:\/\/moyahousehold.com\/wp-content\/uploads\/2026\/01\/Creamy-white-cookware-set.webp 800w, https:\/\/moyahousehold.com\/wp-content\/uploads\/2026\/01\/Creamy-white-cookware-set-300x300.webp 300w, https:\/\/moyahousehold.com\/wp-content\/uploads\/2026\/01\/Creamy-white-cookware-set-150x150.webp 150w, https:\/\/moyahousehold.com\/wp-content\/uploads\/2026\/01\/Creamy-white-cookware-set-768x768.webp 768w, https:\/\/moyahousehold.com\/wp-content\/uploads\/2026\/01\/Creamy-white-cookware-set-12x12.webp 12w, https:\/\/moyahousehold.com\/wp-content\/uploads\/2026\/01\/Creamy-white-cookware-set-285x285.webp 285w, https:\/\/moyahousehold.com\/wp-content\/uploads\/2026\/01\/Creamy-white-cookware-set-270x270.webp 270w, https:\/\/moyahousehold.com\/wp-content\/uploads\/2026\/01\/Creamy-white-cookware-set-540x540.webp 540w, https:\/\/moyahousehold.com\/wp-content\/uploads\/2026\/01\/Creamy-white-cookware-set-660x660.webp 660w\" sizes=\"(max-width: 800px) 100vw, 800px\" \/><\/figure>\n<\/div>\n\n\n\n<div class=\"wp-block-column is-layout-flow wp-block-column-is-layout-flow\">\n<figure class=\"wp-block-image size-full\"><img decoding=\"async\" width=\"800\" height=\"800\" src=\"https:\/\/moyahousehold.com\/wp-content\/uploads\/2026\/01\/Detachable-handle-cookware.webp\" alt=\"\" class=\"wp-image-11941\" srcset=\"https:\/\/moyahousehold.com\/wp-content\/uploads\/2026\/01\/Detachable-handle-cookware.webp 800w, https:\/\/moyahousehold.com\/wp-content\/uploads\/2026\/01\/Detachable-handle-cookware-300x300.webp 300w, https:\/\/moyahousehold.com\/wp-content\/uploads\/2026\/01\/Detachable-handle-cookware-150x150.webp 150w, https:\/\/moyahousehold.com\/wp-content\/uploads\/2026\/01\/Detachable-handle-cookware-768x768.webp 768w, https:\/\/moyahousehold.com\/wp-content\/uploads\/2026\/01\/Detachable-handle-cookware-12x12.webp 12w, https:\/\/moyahousehold.com\/wp-content\/uploads\/2026\/01\/Detachable-handle-cookware-285x285.webp 285w, https:\/\/moyahousehold.com\/wp-content\/uploads\/2026\/01\/Detachable-handle-cookware-270x270.webp 270w, https:\/\/moyahousehold.com\/wp-content\/uploads\/2026\/01\/Detachable-handle-cookware-540x540.webp 540w, https:\/\/moyahousehold.com\/wp-content\/uploads\/2026\/01\/Detachable-handle-cookware-660x660.webp 660w\" sizes=\"(max-width: 800px) 100vw, 800px\" \/><\/figure>\n<\/div>\n<\/div>\n<\/div>\n<\/div>\n<\/div>\n\n\n\n<div class=\"wp-block-columns is-layout-flex wp-container-core-columns-is-layout-9d6595d7 wp-block-columns-is-layout-flex\">\n<div class=\"wp-block-column is-layout-flow wp-block-column-is-layout-flow\"><\/div>\n\n\n\n<div class=\"wp-block-column is-layout-flow wp-block-column-is-layout-flow\"><\/div>\n<\/div>\n\n\n\n<p>\ud83c\udf1f Erh\u00f6hen Sie Ihr K\u00fcchenerlebnis mit dem cremewei\u00dfen dreilagigen Stahlkochgeschirr \ud83c\udf1f<\/p>\n\n\n\n<p>Haben Sie genug von \u00fcberf\u00fcllten K\u00fcchenschr\u00e4nken? Genervt von verbr\u00fchten H\u00e4nden beim Kochen? Frustriert von schwer zu reinigendem Kochgeschirr? Unser 4-teiliges Tri-Ply Steel Cookware Set ist hier, um alle Ihre K\u00fcchenprobleme zu l\u00f6sen! Die Kombination aus hochwertigen Materialien, praktischem Design und eleganter \u00c4sthetik macht es nicht nur zu einem Kochgeschirr, sondern auch zu einer perfekten Erg\u00e4nzung f\u00fcr Ihr modernes Zuhause.<\/p>\n\n\n\n<figure class=\"wp-block-gallery has-nested-images columns-default is-cropped wp-block-gallery-1 is-layout-flex wp-block-gallery-is-layout-flex\">\n<figure class=\"wp-block-image size-full is-style-default\"><img loading=\"lazy\" decoding=\"async\" width=\"1500\" height=\"2000\" data-id=\"11942\" src=\"https:\/\/moyahousehold.com\/wp-content\/uploads\/2026\/01\/4-piece-tri-ply-steel-cookware-set-milk-pot-soup-pot-frying-pan.webp\" alt=\"\" class=\"wp-image-11942\" srcset=\"https:\/\/moyahousehold.com\/wp-content\/uploads\/2026\/01\/4-piece-tri-ply-steel-cookware-set-milk-pot-soup-pot-frying-pan.webp 1500w, https:\/\/moyahousehold.com\/wp-content\/uploads\/2026\/01\/4-piece-tri-ply-steel-cookware-set-milk-pot-soup-pot-frying-pan-225x300.webp 225w, https:\/\/moyahousehold.com\/wp-content\/uploads\/2026\/01\/4-piece-tri-ply-steel-cookware-set-milk-pot-soup-pot-frying-pan-768x1024.webp 768w, https:\/\/moyahousehold.com\/wp-content\/uploads\/2026\/01\/4-piece-tri-ply-steel-cookware-set-milk-pot-soup-pot-frying-pan-9x12.webp 9w, https:\/\/moyahousehold.com\/wp-content\/uploads\/2026\/01\/4-piece-tri-ply-steel-cookware-set-milk-pot-soup-pot-frying-pan-285x380.webp 285w, https:\/\/moyahousehold.com\/wp-content\/uploads\/2026\/01\/4-piece-tri-ply-steel-cookware-set-milk-pot-soup-pot-frying-pan-495x660.webp 495w, https:\/\/moyahousehold.com\/wp-content\/uploads\/2026\/01\/4-piece-tri-ply-steel-cookware-set-milk-pot-soup-pot-frying-pan-113x150.webp 113w\" sizes=\"(max-width: 1500px) 100vw, 1500px\" \/><\/figure>\n\n\n\n<figure class=\"wp-block-image size-full is-style-default\"><img loading=\"lazy\" decoding=\"async\" width=\"1500\" height=\"2000\" data-id=\"11943\" src=\"https:\/\/moyahousehold.com\/wp-content\/uploads\/2026\/01\/Creamy-white-deepened-pot-cookware-set.webp\" alt=\"\" class=\"wp-image-11943\" srcset=\"https:\/\/moyahousehold.com\/wp-content\/uploads\/2026\/01\/Creamy-white-deepened-pot-cookware-set.webp 1500w, https:\/\/moyahousehold.com\/wp-content\/uploads\/2026\/01\/Creamy-white-deepened-pot-cookware-set-225x300.webp 225w, https:\/\/moyahousehold.com\/wp-content\/uploads\/2026\/01\/Creamy-white-deepened-pot-cookware-set-768x1024.webp 768w, https:\/\/moyahousehold.com\/wp-content\/uploads\/2026\/01\/Creamy-white-deepened-pot-cookware-set-9x12.webp 9w, https:\/\/moyahousehold.com\/wp-content\/uploads\/2026\/01\/Creamy-white-deepened-pot-cookware-set-285x380.webp 285w, https:\/\/moyahousehold.com\/wp-content\/uploads\/2026\/01\/Creamy-white-deepened-pot-cookware-set-495x660.webp 495w, https:\/\/moyahousehold.com\/wp-content\/uploads\/2026\/01\/Creamy-white-deepened-pot-cookware-set-113x150.webp 113w\" sizes=\"(max-width: 1500px) 100vw, 1500px\" \/><\/figure>\n<\/figure>\n\n\n\n<h2 class=\"wp-block-heading\"><\/h2>\n\n\n\n<h3 class=\"wp-block-heading\"><\/h3>\n\n\n\n<p><strong>\u2728 Die wichtigsten Vorteile, die den Unterschied ausmachen<\/strong><\/p>\n\n\n\n<h3 class=\"wp-block-heading\">1. Hochwertige Tri-Ply-Stahlbasis - gleichm\u00e4\u00dfige Erw\u00e4rmung &amp; langlebig<\/h3>\n\n\n\n<p>Das aus hochwertigem Dreilagenstahl gefertigte Kochgeschirr sorgt f\u00fcr eine schnelle und gleichm\u00e4\u00dfige W\u00e4rmeverteilung und verhindert so hei\u00dfe Stellen, an denen das Essen anbrennen k\u00f6nnte. Die robuste Stahlkonstruktion garantiert eine lange Nutzungsdauer und ist resistent gegen Verformung und Verschlei\u00df. Es ist sicher f\u00fcr den Kontakt mit Lebensmitteln und ist die zuverl\u00e4ssige Wahl f\u00fcr das Kochen mit der Familie.<\/p>\n\n\n\n<h3 class=\"wp-block-heading\">2. Abnehmbarer Handgriff - platzsparend und flexibel<\/h3>\n\n\n\n<p>Der abnehmbare Griff erm\u00f6glicht es Ihnen, ihn nach dem Kochen m\u00fchelos abzunehmen. Stapeln Sie die T\u00f6pfe und Pfannen ordentlich im Schrank und sparen Sie so 50% an Stauraum - ideal f\u00fcr kleine K\u00fcchen, Wohnungen oder Wohnmobile. Der Griff ist au\u00dferdem ergonomisch geformt, mit einem rutschfesten Griff, der sich k\u00fchl anf\u00fchlt und eine bequeme und sichere Bedienung gew\u00e4hrleistet.<\/p>\n\n\n\n<h3 class=\"wp-block-heading\">3. Vertiefter Topfk\u00f6rper - Anti-Splatter &amp; Anti-Scald<\/h3>\n\n\n\n<p>Die speziell vertiefte Topfmulde verhindert \u00d6lspritzer beim Braten und Kochen und h\u00e4lt Ihre K\u00fcche sauber. Gleichzeitig vergr\u00f6\u00dfert das vertiefte Design den Abstand zwischen Ihren H\u00e4nden und der Hitzequelle, wodurch Verbr\u00fchungen effektiv vermieden werden und das Kochen f\u00fcr alle sicherer wird.<\/p>\n\n\n\n<h3 class=\"wp-block-heading\">4. Cremewei\u00dfe, matte Beschichtung - stilvoll und leicht zu reinigen<\/h3>\n\n\n\n<p>Das elegante, cremewei\u00dfe, matte \u00c4u\u00dfere verleiht Ihrer K\u00fcche einen Hauch von Minimalismus und passt zu allen Einrichtungsstilen der K\u00fcche. Die glatte Beschichtung ist superleicht zu reinigen - einfach mit einem feuchten Tuch abwischen oder mit Wasser absp\u00fclen, kein m\u00fchsames Schrubben n\u00f6tig, das spart Zeit und M\u00fche.<\/p>\n\n\n\n<h3 class=\"wp-block-heading\">5. 6-teiliges Komplettset - deckt alle Kochszenarien ab<\/h3>\n\n\n\n<p>Das Set besteht aus einem Milchtopf, einem Suppentopf, einer flachen Bratpfanne und einer tiefen Bratpfanne und erf\u00fcllt alle Ihre t\u00e4glichen Kochbed\u00fcrfnisse - vom Milchkochen, Suppe kochen, Eier braten bis hin zum Braten von Gem\u00fcse. Geeignet f\u00fcr Gasherde, Induktionsherde und andere g\u00e4ngige Herde, vielseitig und praktisch.<\/p>\n\n\n\n<figure class=\"wp-block-gallery has-nested-images columns-default is-cropped wp-block-gallery-2 is-layout-flex wp-block-gallery-is-layout-flex\">\n<figure class=\"wp-block-image size-full\"><img loading=\"lazy\" decoding=\"async\" width=\"1500\" height=\"2000\" data-id=\"11944\" src=\"https:\/\/moyahousehold.com\/wp-content\/uploads\/2026\/01\/Detachable-handle-cookware-set-for-small-kitchen.webp\" alt=\"\" class=\"wp-image-11944\" srcset=\"https:\/\/moyahousehold.com\/wp-content\/uploads\/2026\/01\/Detachable-handle-cookware-set-for-small-kitchen.webp 1500w, https:\/\/moyahousehold.com\/wp-content\/uploads\/2026\/01\/Detachable-handle-cookware-set-for-small-kitchen-225x300.webp 225w, https:\/\/moyahousehold.com\/wp-content\/uploads\/2026\/01\/Detachable-handle-cookware-set-for-small-kitchen-768x1024.webp 768w, https:\/\/moyahousehold.com\/wp-content\/uploads\/2026\/01\/Detachable-handle-cookware-set-for-small-kitchen-9x12.webp 9w, https:\/\/moyahousehold.com\/wp-content\/uploads\/2026\/01\/Detachable-handle-cookware-set-for-small-kitchen-285x380.webp 285w, https:\/\/moyahousehold.com\/wp-content\/uploads\/2026\/01\/Detachable-handle-cookware-set-for-small-kitchen-495x660.webp 495w, https:\/\/moyahousehold.com\/wp-content\/uploads\/2026\/01\/Detachable-handle-cookware-set-for-small-kitchen-113x150.webp 113w\" sizes=\"(max-width: 1500px) 100vw, 1500px\" \/><\/figure>\n\n\n\n<figure class=\"wp-block-image size-full\"><img loading=\"lazy\" decoding=\"async\" width=\"1500\" height=\"2000\" data-id=\"11945\" src=\"https:\/\/moyahousehold.com\/wp-content\/uploads\/2026\/01\/Deepened-anti-scald-tri-ply-steel-cookware.webp\" alt=\"\" class=\"wp-image-11945\" srcset=\"https:\/\/moyahousehold.com\/wp-content\/uploads\/2026\/01\/Deepened-anti-scald-tri-ply-steel-cookware.webp 1500w, https:\/\/moyahousehold.com\/wp-content\/uploads\/2026\/01\/Deepened-anti-scald-tri-ply-steel-cookware-225x300.webp 225w, https:\/\/moyahousehold.com\/wp-content\/uploads\/2026\/01\/Deepened-anti-scald-tri-ply-steel-cookware-768x1024.webp 768w, https:\/\/moyahousehold.com\/wp-content\/uploads\/2026\/01\/Deepened-anti-scald-tri-ply-steel-cookware-9x12.webp 9w, https:\/\/moyahousehold.com\/wp-content\/uploads\/2026\/01\/Deepened-anti-scald-tri-ply-steel-cookware-285x380.webp 285w, https:\/\/moyahousehold.com\/wp-content\/uploads\/2026\/01\/Deepened-anti-scald-tri-ply-steel-cookware-495x660.webp 495w, https:\/\/moyahousehold.com\/wp-content\/uploads\/2026\/01\/Deepened-anti-scald-tri-ply-steel-cookware-113x150.webp 113w\" sizes=\"(max-width: 1500px) 100vw, 1500px\" \/><\/figure>\n<\/figure>\n\n\n\n<h3 class=\"wp-block-heading\"><\/h3>\n\n\n\n<p>\ud83c\udfe1 Warum sollten Sie sich f\u00fcr unser Kochgeschirr-Set entscheiden?<\/p>\n\n\n\n<p>Komplettes 4-teiliges Set f\u00fcr alle Kochbed\u00fcrfnisse<\/p>\n\n\n\n<p>Hochwertiger dreilagiger Stahl f\u00fcr sicheres und effizientes Kochen<\/p>\n\n\n\n<p>Abnehmbarer Griff f\u00fcr platzsparende Aufbewahrung<\/p>\n\n\n\n<p>Vertieftes Design zum Schutz gegen Spritzer und Verbr\u00fchungen<\/p>\n\n\n\n<p>Elegantes cremewei\u00dfes Aussehen, das Ihre K\u00fcche versch\u00f6nert<\/p>\n\n\n\n<p>Leicht zu reinigen und kompatibel mit mehreren Herden<\/p>\n\n\n\n<figure class=\"wp-block-gallery has-nested-images columns-default is-cropped wp-block-gallery-3 is-layout-flex wp-block-gallery-is-layout-flex\">\n<figure class=\"wp-block-image size-large\"><img loading=\"lazy\" decoding=\"async\" width=\"1500\" height=\"2000\" data-id=\"11947\" src=\"https:\/\/moyahousehold.com\/wp-content\/uploads\/2026\/01\/Easy-clean-tri-ply-steel-cookware-for-home-1.webp\" alt=\"\" class=\"wp-image-11947\" srcset=\"https:\/\/moyahousehold.com\/wp-content\/uploads\/2026\/01\/Easy-clean-tri-ply-steel-cookware-for-home-1.webp 1500w, https:\/\/moyahousehold.com\/wp-content\/uploads\/2026\/01\/Easy-clean-tri-ply-steel-cookware-for-home-1-225x300.webp 225w, https:\/\/moyahousehold.com\/wp-content\/uploads\/2026\/01\/Easy-clean-tri-ply-steel-cookware-for-home-1-768x1024.webp 768w, https:\/\/moyahousehold.com\/wp-content\/uploads\/2026\/01\/Easy-clean-tri-ply-steel-cookware-for-home-1-9x12.webp 9w, https:\/\/moyahousehold.com\/wp-content\/uploads\/2026\/01\/Easy-clean-tri-ply-steel-cookware-for-home-1-285x380.webp 285w, https:\/\/moyahousehold.com\/wp-content\/uploads\/2026\/01\/Easy-clean-tri-ply-steel-cookware-for-home-1-495x660.webp 495w, https:\/\/moyahousehold.com\/wp-content\/uploads\/2026\/01\/Easy-clean-tri-ply-steel-cookware-for-home-1-113x150.webp 113w\" sizes=\"(max-width: 1500px) 100vw, 1500px\" \/><\/figure>\n\n\n\n<figure class=\"wp-block-image size-large\"><img loading=\"lazy\" decoding=\"async\" width=\"1500\" height=\"2000\" data-id=\"11948\" src=\"https:\/\/moyahousehold.com\/wp-content\/uploads\/2026\/01\/Modern-creamy-white-kitchen-cookware-set.webp\" alt=\"\" class=\"wp-image-11948\" srcset=\"https:\/\/moyahousehold.com\/wp-content\/uploads\/2026\/01\/Modern-creamy-white-kitchen-cookware-set.webp 1500w, https:\/\/moyahousehold.com\/wp-content\/uploads\/2026\/01\/Modern-creamy-white-kitchen-cookware-set-225x300.webp 225w, https:\/\/moyahousehold.com\/wp-content\/uploads\/2026\/01\/Modern-creamy-white-kitchen-cookware-set-768x1024.webp 768w, https:\/\/moyahousehold.com\/wp-content\/uploads\/2026\/01\/Modern-creamy-white-kitchen-cookware-set-9x12.webp 9w, https:\/\/moyahousehold.com\/wp-content\/uploads\/2026\/01\/Modern-creamy-white-kitchen-cookware-set-285x380.webp 285w, https:\/\/moyahousehold.com\/wp-content\/uploads\/2026\/01\/Modern-creamy-white-kitchen-cookware-set-495x660.webp 495w, https:\/\/moyahousehold.com\/wp-content\/uploads\/2026\/01\/Modern-creamy-white-kitchen-cookware-set-113x150.webp 113w\" sizes=\"(max-width: 1500px) 100vw, 1500px\" \/><\/figure>\n<\/figure>\n\n\n\n<p>Ganz gleich, ob Sie Kochanf\u00e4nger oder erfahrener Koch sind, dieses Kochgeschirr-Set wird Ihr K\u00fcchenleben einfacher und angenehmer machen. Es ist nicht nur ein Werkzeug, sondern ein Begleiter, der Ihren t\u00e4glichen Mahlzeiten W\u00e4rme verleiht.<\/p>\n\n\n\n<p><strong>\ud83d\udc49 Jetzt in den Warenkorb legen &amp; Ihre K\u00fcche umgestalten!<\/strong><\/p>\n\n\n\n<p><\/p>","protected":false},"excerpt":{"rendered":"<h2 class=\"header-vfC6AV auto-hide-last-sibling-br\">Anpassungsdienste<\/h2>\n<div class=\"auto-hide-last-sibling-br paragraph-JOTKXA paragraph-element br-paragraph-space\">Als professioneller Hersteller von Lunchboxen bieten wir umfassende OEM- und ODM-L\u00f6sungen:<\/div>\n<ul class=\"auto-hide-last-sibling-br\">\n<li><strong>OEM<\/strong>: Passen Sie Logos, Aufdrucke oder Verpackungen an Ihre Markenidentit\u00e4t an. Sie k\u00f6nnen auch verschiedene Farben f\u00fcr die \u00e4u\u00dfere H\u00fclle w\u00e4hlen, die zu Ihrem Markenstil passen.<\/li>\n<li><strong>ODM<\/strong>: Wir arbeiten am Produktdesign mit, von der Anordnung der F\u00e4cher (Anpassung der Anzahl und Gr\u00f6\u00dfe der F\u00e4cher) bis hin zur Materialausf\u00fchrung, um einzigartige, marktgerechte L\u00f6sungen zu schaffen. Wir k\u00f6nnen auch die Dichtungsstruktur optimieren oder spezielle funktionale Designs entsprechend Ihren Anforderungen hinzuf\u00fcgen.<\/li>\n<\/ul>","protected":false},"featured_media":11938,"comment_status":"closed","ping_status":"closed","template":"","meta":[],"product_cat":[58],"product_tag":[87,92],"class_list":{"0":"post-11936","1":"product","2":"type-product","3":"status-publish","4":"has-post-thumbnail","6":"product_cat-lunch-box-wholesale","7":"product_tag-wholesale-multi-compartment-lunch-box","8":"product_tag-wholesale-rectangle-lunch-box","10":"first","11":"instock","12":"shipping-taxable","13":"product-type-simple"},"_links":{"self":[{"href":"https:\/\/moyahousehold.com\/de\/wp-json\/wp\/v2\/product\/11936","targetHints":{"allow":["GET"]}}],"collection":[{"href":"https:\/\/moyahousehold.com\/de\/wp-json\/wp\/v2\/product"}],"about":[{"href":"https:\/\/moyahousehold.com\/de\/wp-json\/wp\/v2\/types\/product"}],"replies":[{"embeddable":true,"href":"https:\/\/moyahousehold.com\/de\/wp-json\/wp\/v2\/comments?post=11936"}],"version-history":[{"count":1,"href":"https:\/\/moyahousehold.com\/de\/wp-json\/wp\/v2\/product\/11936\/revisions"}],"predecessor-version":[{"id":11949,"href":"https:\/\/moyahousehold.com\/de\/wp-json\/wp\/v2\/product\/11936\/revisions\/11949"}],"wp:featuredmedia":[{"embeddable":true,"href":"https:\/\/moyahousehold.com\/de\/wp-json\/wp\/v2\/media\/11938"}],"wp:attachment":[{"href":"https:\/\/moyahousehold.com\/de\/wp-json\/wp\/v2\/media?parent=11936"}],"wp:term":[{"taxonomy":"product_cat","embeddable":true,"href":"https:\/\/moyahousehold.com\/de\/wp-json\/wp\/v2\/product_cat?post=11936"},{"taxonomy":"product_tag","embeddable":true,"href":"https:\/\/moyahousehold.com\/de\/wp-json\/wp\/v2\/product_tag?post=11936"}],"curies":[{"name":"wp","href":"https:\/\/api.w.org\/{rel}","templated":true}]}}