{"id":11950,"date":"2026-01-12T10:12:44","date_gmt":"2026-01-12T09:54:34","guid":{"rendered":"https:\/\/moyahousehold.com\/?post_type=product&#038;p=11950"},"modified":"2026-04-06T01:24:09","modified_gmt":"2026-04-06T01:24:09","slug":"moya-304-stainless-steel-food-containers-with-glass-lid-leak-proof-microwave-safe-for-kitchen-meal-prep","status":"publish","type":"product","link":"https:\/\/moyahousehold.com\/de\/produkt\/moya-304-stainless-steel-food-containers-with-glass-lid-leak-proof-microwave-safe-for-kitchen-meal-prep\/","title":{"rendered":"MOYA 304 Edelstahl Lebensmittelbeh\u00e4lter mit Glasdeckel - auslaufsicher, mikrowellengeeignet f\u00fcr K\u00fcche &amp; Essenszubereitung"},"content":{"rendered":"<figure class=\"wp-block-image size-full\"><img fetchpriority=\"high\" decoding=\"async\" width=\"2141\" height=\"2854\" src=\"https:\/\/moyahousehold.com\/wp-content\/uploads\/2026\/01\/304-stainless-steel-food-containers.webp\" alt=\"\" class=\"wp-image-11951\" srcset=\"https:\/\/moyahousehold.com\/wp-content\/uploads\/2026\/01\/304-stainless-steel-food-containers.webp 2141w, https:\/\/moyahousehold.com\/wp-content\/uploads\/2026\/01\/304-stainless-steel-food-containers-225x300.webp 225w, https:\/\/moyahousehold.com\/wp-content\/uploads\/2026\/01\/304-stainless-steel-food-containers-768x1024.webp 768w, https:\/\/moyahousehold.com\/wp-content\/uploads\/2026\/01\/304-stainless-steel-food-containers-9x12.webp 9w, https:\/\/moyahousehold.com\/wp-content\/uploads\/2026\/01\/304-stainless-steel-food-containers-285x380.webp 285w, https:\/\/moyahousehold.com\/wp-content\/uploads\/2026\/01\/304-stainless-steel-food-containers-1600x2133.webp 1600w, https:\/\/moyahousehold.com\/wp-content\/uploads\/2026\/01\/304-stainless-steel-food-containers-495x660.webp 495w, https:\/\/moyahousehold.com\/wp-content\/uploads\/2026\/01\/304-stainless-steel-food-containers-113x150.webp 113w\" sizes=\"(max-width: 2141px) 100vw, 2141px\" \/><\/figure>\n\n\n\n<p><strong>Material:<\/strong> 304 Edelstahl+Silikon+Glas <strong> Farbe:<\/strong> Beige<\/p>\n\n\n\n<figure class=\"wp-block-table\"><table class=\"has-fixed-layout\"><tbody><tr><td class=\"has-text-align-center\" data-align=\"center\"><strong>Artikel<\/strong><\/td><td class=\"has-text-align-center\" data-align=\"center\"><strong>Material<\/strong><\/td><td class=\"has-text-align-center\" data-align=\"center\"><strong>Farbe<\/strong><\/td><td class=\"has-text-align-center\" data-align=\"center\"><strong>Kapazit\u00e4t<\/strong><\/td><\/tr><tr><td class=\"has-text-align-center\" data-align=\"center\">MYJD390<\/td><td class=\"has-text-align-center\" data-align=\"center\" rowspan=\"9\">304+Glas+Silikon<\/td><td class=\"has-text-align-center\" data-align=\"center\" rowspan=\"9\">Beige<\/td><td class=\"has-text-align-center\" data-align=\"center\">300ML<\/td><\/tr><tr><td class=\"has-text-align-center\" data-align=\"center\">MYJD391<\/td><td class=\"has-text-align-center\" data-align=\"center\">500ML<\/td><\/tr><tr><td class=\"has-text-align-center\" data-align=\"center\">MYJD392<\/td><td class=\"has-text-align-center\" data-align=\"center\">600ML<\/td><\/tr><tr><td class=\"has-text-align-center\" data-align=\"center\">MYJD393<\/td><td class=\"has-text-align-center\" data-align=\"center\">700ML<\/td><\/tr><tr><td class=\"has-text-align-center\" data-align=\"center\">MYJD394<\/td><td class=\"has-text-align-center\" data-align=\"center\">1100ML<\/td><\/tr><tr><td class=\"has-text-align-center\" data-align=\"center\">MYJD395<\/td><td class=\"has-text-align-center\" data-align=\"center\">1400ML<\/td><\/tr><tr><td class=\"has-text-align-center\" data-align=\"center\">MYJD396<\/td><td class=\"has-text-align-center\" data-align=\"center\">1700ML<\/td><\/tr><tr><td class=\"has-text-align-center\" data-align=\"center\">MYJD397<\/td><td class=\"has-text-align-center\" data-align=\"center\">2400ML<\/td><\/tr><tr><td class=\"has-text-align-center\" data-align=\"center\">MYJD398<\/td><td class=\"has-text-align-center\" data-align=\"center\">3200ML<\/td><\/tr><\/tbody><\/table><\/figure>\n\n\n\n<h3 class=\"wp-block-heading\">Kundenspezifische Optionen f\u00fcr Frischhalteboxen<\/h3>\n\n\n\n<p><strong>Logo<\/strong>: Customize your brand logo on the stainless steel cooking bowl and packaging.<br><strong>Logo Options<\/strong>: Printed logo, laser engraved logo, etc.<br><strong>Muster<\/strong>: Printing patterns on products and packaging.<br><strong>Printing Technology<\/strong>: Water transfer printing, silk screen printing, heat transfer printing, sublimation transfer, etc.<br><strong>Verpackung:<\/strong> Color box.<br><a href=\"https:\/\/moyahousehold.com\/de\/individuelle-losung\/\"><strong>Erfahren Sie mehr \u00fcber individuelle L\u00f6sungen f\u00fcr Lunchpakete.<\/strong><\/a><\/p>\n\n\n\n<div class=\"wp-block-columns is-layout-flex wp-container-core-columns-is-layout-9d6595d7 wp-block-columns-is-layout-flex\">\n<div class=\"wp-block-column is-layout-flow wp-block-column-is-layout-flow\" style=\"flex-basis:100%\">\n<div class=\"wp-block-group is-nowrap is-layout-flex wp-container-core-group-is-layout-ad2f72ca wp-block-group-is-layout-flex\">\n<div class=\"wp-block-columns is-layout-flex wp-container-core-columns-is-layout-9d6595d7 wp-block-columns-is-layout-flex\">\n<div class=\"wp-block-column is-layout-flow wp-block-column-is-layout-flow\">\n<figure class=\"wp-block-image size-full\"><img decoding=\"async\" width=\"800\" height=\"800\" src=\"https:\/\/moyahousehold.com\/wp-content\/uploads\/2026\/01\/easy-open-food-containers-with-glass-lid.webp\" alt=\"\" class=\"wp-image-11952\" srcset=\"https:\/\/moyahousehold.com\/wp-content\/uploads\/2026\/01\/easy-open-food-containers-with-glass-lid.webp 800w, https:\/\/moyahousehold.com\/wp-content\/uploads\/2026\/01\/easy-open-food-containers-with-glass-lid-300x300.webp 300w, https:\/\/moyahousehold.com\/wp-content\/uploads\/2026\/01\/easy-open-food-containers-with-glass-lid-150x150.webp 150w, https:\/\/moyahousehold.com\/wp-content\/uploads\/2026\/01\/easy-open-food-containers-with-glass-lid-768x768.webp 768w, https:\/\/moyahousehold.com\/wp-content\/uploads\/2026\/01\/easy-open-food-containers-with-glass-lid-12x12.webp 12w, https:\/\/moyahousehold.com\/wp-content\/uploads\/2026\/01\/easy-open-food-containers-with-glass-lid-285x285.webp 285w, https:\/\/moyahousehold.com\/wp-content\/uploads\/2026\/01\/easy-open-food-containers-with-glass-lid-270x270.webp 270w, https:\/\/moyahousehold.com\/wp-content\/uploads\/2026\/01\/easy-open-food-containers-with-glass-lid-540x540.webp 540w, https:\/\/moyahousehold.com\/wp-content\/uploads\/2026\/01\/easy-open-food-containers-with-glass-lid-660x660.webp 660w\" sizes=\"(max-width: 800px) 100vw, 800px\" \/><\/figure>\n<\/div>\n\n\n\n<div class=\"wp-block-column is-layout-flow wp-block-column-is-layout-flow\">\n<figure class=\"wp-block-image size-full\"><img decoding=\"async\" width=\"800\" height=\"800\" src=\"https:\/\/moyahousehold.com\/wp-content\/uploads\/2026\/01\/multi-size-food-storage-set.webp\" alt=\"\" class=\"wp-image-11953\" srcset=\"https:\/\/moyahousehold.com\/wp-content\/uploads\/2026\/01\/multi-size-food-storage-set.webp 800w, https:\/\/moyahousehold.com\/wp-content\/uploads\/2026\/01\/multi-size-food-storage-set-300x300.webp 300w, https:\/\/moyahousehold.com\/wp-content\/uploads\/2026\/01\/multi-size-food-storage-set-150x150.webp 150w, https:\/\/moyahousehold.com\/wp-content\/uploads\/2026\/01\/multi-size-food-storage-set-768x768.webp 768w, https:\/\/moyahousehold.com\/wp-content\/uploads\/2026\/01\/multi-size-food-storage-set-12x12.webp 12w, https:\/\/moyahousehold.com\/wp-content\/uploads\/2026\/01\/multi-size-food-storage-set-285x285.webp 285w, https:\/\/moyahousehold.com\/wp-content\/uploads\/2026\/01\/multi-size-food-storage-set-270x270.webp 270w, https:\/\/moyahousehold.com\/wp-content\/uploads\/2026\/01\/multi-size-food-storage-set-540x540.webp 540w, https:\/\/moyahousehold.com\/wp-content\/uploads\/2026\/01\/multi-size-food-storage-set-660x660.webp 660w\" sizes=\"(max-width: 800px) 100vw, 800px\" \/><\/figure>\n<\/div>\n<\/div>\n<\/div>\n<\/div>\n<\/div>\n\n\n\n<p>Sind Sie es leid, sich mit stinkenden Plastikbeh\u00e4ltern herumzuschlagen, mit undichten Stellen in Ihrer Tasche oder mit der Sorge, dass sch\u00e4dliche Chemikalien in Ihre Lebensmittel gelangen k\u00f6nnten? Ganz gleich, ob Sie die w\u00f6chentlichen Mahlzeiten f\u00fcr die Arbeit vorbereiten, Reste im K\u00fchlschrank aufbewahren oder Snacks f\u00fcr einen Familienausflug einpacken, der richtige Lebensmittelbeh\u00e4lter kann das Chaos in Ordnung bringen. Unser 304 Edelstahl-Lebensmittelbeh\u00e4lter mit Glasdeckel wurde entwickelt, um all diese Probleme zu l\u00f6sen. Er vereint lebensmittelechte Materialien, zuverl\u00e4ssige Dichtigkeit und Vielseitigkeit, um Ihr t\u00e4gliches Leben einfacher und ges\u00fcnder zu machen.<\/p>\n\n\n\n<figure class=\"wp-block-gallery has-nested-images columns-default is-cropped wp-block-gallery-1 is-layout-flex wp-block-gallery-is-layout-flex\">\n<figure class=\"wp-block-image size-full is-style-default\"><img loading=\"lazy\" decoding=\"async\" width=\"1650\" height=\"2200\" data-id=\"11956\" src=\"https:\/\/moyahousehold.com\/wp-content\/uploads\/2026\/01\/food-grade-stainless-steel-storage-containers-for-kitchen.webp\" alt=\"\" class=\"wp-image-11956\" srcset=\"https:\/\/moyahousehold.com\/wp-content\/uploads\/2026\/01\/food-grade-stainless-steel-storage-containers-for-kitchen.webp 1650w, https:\/\/moyahousehold.com\/wp-content\/uploads\/2026\/01\/food-grade-stainless-steel-storage-containers-for-kitchen-225x300.webp 225w, https:\/\/moyahousehold.com\/wp-content\/uploads\/2026\/01\/food-grade-stainless-steel-storage-containers-for-kitchen-768x1024.webp 768w, https:\/\/moyahousehold.com\/wp-content\/uploads\/2026\/01\/food-grade-stainless-steel-storage-containers-for-kitchen-9x12.webp 9w, https:\/\/moyahousehold.com\/wp-content\/uploads\/2026\/01\/food-grade-stainless-steel-storage-containers-for-kitchen-285x380.webp 285w, https:\/\/moyahousehold.com\/wp-content\/uploads\/2026\/01\/food-grade-stainless-steel-storage-containers-for-kitchen-1600x2133.webp 1600w, https:\/\/moyahousehold.com\/wp-content\/uploads\/2026\/01\/food-grade-stainless-steel-storage-containers-for-kitchen-495x660.webp 495w, https:\/\/moyahousehold.com\/wp-content\/uploads\/2026\/01\/food-grade-stainless-steel-storage-containers-for-kitchen-113x150.webp 113w\" sizes=\"(max-width: 1650px) 100vw, 1650px\" \/><\/figure>\n\n\n\n<figure class=\"wp-block-image size-full is-style-default\"><img loading=\"lazy\" decoding=\"async\" width=\"1650\" height=\"2200\" data-id=\"11957\" src=\"https:\/\/moyahousehold.com\/wp-content\/uploads\/2026\/01\/glass-lid-food-storage-boxes.webp\" alt=\"\" class=\"wp-image-11957\" srcset=\"https:\/\/moyahousehold.com\/wp-content\/uploads\/2026\/01\/glass-lid-food-storage-boxes.webp 1650w, https:\/\/moyahousehold.com\/wp-content\/uploads\/2026\/01\/glass-lid-food-storage-boxes-225x300.webp 225w, https:\/\/moyahousehold.com\/wp-content\/uploads\/2026\/01\/glass-lid-food-storage-boxes-768x1024.webp 768w, https:\/\/moyahousehold.com\/wp-content\/uploads\/2026\/01\/glass-lid-food-storage-boxes-9x12.webp 9w, https:\/\/moyahousehold.com\/wp-content\/uploads\/2026\/01\/glass-lid-food-storage-boxes-285x380.webp 285w, https:\/\/moyahousehold.com\/wp-content\/uploads\/2026\/01\/glass-lid-food-storage-boxes-1600x2133.webp 1600w, https:\/\/moyahousehold.com\/wp-content\/uploads\/2026\/01\/glass-lid-food-storage-boxes-495x660.webp 495w, https:\/\/moyahousehold.com\/wp-content\/uploads\/2026\/01\/glass-lid-food-storage-boxes-113x150.webp 113w\" sizes=\"(max-width: 1650px) 100vw, 1650px\" \/><\/figure>\n<\/figure>\n\n\n\n<p><strong>Geh\u00e4use aus lebensmittelechtem 304-Edelstahl<\/strong>: Der aus hochwertigem Edelstahl 304 gefertigte Beh\u00e4lter ist ungiftig, geruchsneutral und korrosionsbest\u00e4ndig. Er rostet nicht und verformt sich auch bei l\u00e4ngerem Gebrauch nicht, damit Ihre Lebensmittel bei jeder Mahlzeit rein und sicher bleiben.<\/p>\n\n\n\n<p><strong>Transparenter Glasdeckel mit Silikon-\u00d6ffnung<\/strong>: Dank des durchsichtigen Glasdeckels k\u00f6nnen Sie den Inhalt auf einen Blick sehen, ohne ihn \u00f6ffnen zu m\u00fcssen - kein W\u00fchlen mehr im K\u00fchlschrank! Die integrierte Silikonentl\u00fcftung kann gedr\u00fcckt werden, um den Druck abzulassen. So l\u00e4sst sich der Deckel nach dem Erhitzen leicht \u00f6ffnen und verhindert, dass er bei der Aufbewahrung hei\u00dfer Lebensmittel verstopft.<\/p>\n\n\n\n<p><strong>Leckagesicheres Dichtungsdesign<\/strong>: Ausgestattet mit einer hochwertigen Silikondichtung und einer dicht schlie\u00dfenden Struktur bietet er doppelten Schutz gegen Auslaufen und Versch\u00fctten. F\u00fchlen Sie sich sicher, wenn Sie Suppen, So\u00dfen oder Eint\u00f6pfe in Ihrer Tasche transportieren - keine unsch\u00f6nen Unf\u00e4lle mehr.<\/p>\n\n\n\n<p><strong>Mikrowellen- und k\u00fchlschranksicher<\/strong>: Nahtloser Wechsel zwischen Aufbewahrung und Erw\u00e4rmung. Er kann in der Mikrowelle (bei Bedarf den Deckel abnehmen) und im K\u00fchlschrank verwendet werden und vertr\u00e4gt m\u00fchelos sowohl hohe als auch niedrige Temperaturen. Ein Beh\u00e4lter f\u00fcr alle Ihre Bed\u00fcrfnisse - Sie m\u00fcssen nicht mehr zwischen verschiedenen Gerichten wechseln.<\/p>\n\n\n\n<p><strong>Stapelbar f\u00fcr Platzersparnis<\/strong>: Dank einheitlicher Abmessungen lassen sich mehrere Beh\u00e4lter ordentlich in Ihrem K\u00fchlschrank oder Schrank stapeln, was den Stauraum maximiert und f\u00fcr Ordnung in Ihrer K\u00fcche sorgt. Erh\u00e4ltlich in verschiedenen Gr\u00f6\u00dfen f\u00fcr unterschiedliche Portionen von Mahlzeiten, Obst oder Trockenwaren.<\/p>\n\n\n\n<p><strong>Leicht zu reinigen und langlebig<\/strong>: Die glatte Oberfl\u00e4che des Edelstahlgeh\u00e4uses und des Glasdeckels hinterl\u00e4sst keine toten Ecken, so dass Sie sie in Sekundenschnelle mit einer einfachen Sp\u00fclung reinigen k\u00f6nnen. Im Gegensatz zu zerbrechlichen Kunststoffbeh\u00e4ltern ist die Stahl-Glas-Kombination bruch- und sturzsicher, was eine lange Nutzungsdauer erm\u00f6glicht und Ihnen langfristig Geld spart.<\/p>\n\n\n\n<figure class=\"wp-block-gallery has-nested-images columns-default is-cropped wp-block-gallery-2 is-layout-flex wp-block-gallery-is-layout-flex\">\n<figure class=\"wp-block-image size-full\"><img loading=\"lazy\" decoding=\"async\" width=\"1650\" height=\"2200\" data-id=\"11958\" src=\"https:\/\/moyahousehold.com\/wp-content\/uploads\/2026\/01\/glass-lid-leak-proof-meal-prep-containers.webp\" alt=\"\" class=\"wp-image-11958\" srcset=\"https:\/\/moyahousehold.com\/wp-content\/uploads\/2026\/01\/glass-lid-leak-proof-meal-prep-containers.webp 1650w, https:\/\/moyahousehold.com\/wp-content\/uploads\/2026\/01\/glass-lid-leak-proof-meal-prep-containers-225x300.webp 225w, https:\/\/moyahousehold.com\/wp-content\/uploads\/2026\/01\/glass-lid-leak-proof-meal-prep-containers-768x1024.webp 768w, https:\/\/moyahousehold.com\/wp-content\/uploads\/2026\/01\/glass-lid-leak-proof-meal-prep-containers-9x12.webp 9w, https:\/\/moyahousehold.com\/wp-content\/uploads\/2026\/01\/glass-lid-leak-proof-meal-prep-containers-285x380.webp 285w, https:\/\/moyahousehold.com\/wp-content\/uploads\/2026\/01\/glass-lid-leak-proof-meal-prep-containers-1600x2133.webp 1600w, https:\/\/moyahousehold.com\/wp-content\/uploads\/2026\/01\/glass-lid-leak-proof-meal-prep-containers-495x660.webp 495w, https:\/\/moyahousehold.com\/wp-content\/uploads\/2026\/01\/glass-lid-leak-proof-meal-prep-containers-113x150.webp 113w\" sizes=\"(max-width: 1650px) 100vw, 1650px\" \/><\/figure>\n\n\n\n<figure class=\"wp-block-image size-full\"><img loading=\"lazy\" decoding=\"async\" width=\"1650\" height=\"2200\" data-id=\"11959\" src=\"https:\/\/moyahousehold.com\/wp-content\/uploads\/2026\/01\/leak-proof-food-containers.webp\" alt=\"\" class=\"wp-image-11959\" srcset=\"https:\/\/moyahousehold.com\/wp-content\/uploads\/2026\/01\/leak-proof-food-containers.webp 1650w, https:\/\/moyahousehold.com\/wp-content\/uploads\/2026\/01\/leak-proof-food-containers-225x300.webp 225w, https:\/\/moyahousehold.com\/wp-content\/uploads\/2026\/01\/leak-proof-food-containers-768x1024.webp 768w, https:\/\/moyahousehold.com\/wp-content\/uploads\/2026\/01\/leak-proof-food-containers-9x12.webp 9w, https:\/\/moyahousehold.com\/wp-content\/uploads\/2026\/01\/leak-proof-food-containers-285x380.webp 285w, https:\/\/moyahousehold.com\/wp-content\/uploads\/2026\/01\/leak-proof-food-containers-1600x2133.webp 1600w, https:\/\/moyahousehold.com\/wp-content\/uploads\/2026\/01\/leak-proof-food-containers-495x660.webp 495w, https:\/\/moyahousehold.com\/wp-content\/uploads\/2026\/01\/leak-proof-food-containers-113x150.webp 113w\" sizes=\"(max-width: 1650px) 100vw, 1650px\" \/><\/figure>\n<\/figure>\n\n\n\n<p><\/p>","protected":false},"excerpt":{"rendered":"<h2 class=\"header-vfC6AV auto-hide-last-sibling-br\">Anpassungsdienste<\/h2>\n<div class=\"auto-hide-last-sibling-br paragraph-JOTKXA paragraph-element br-paragraph-space\">Als professioneller Hersteller von Lunchboxen bieten wir umfassende OEM- und ODM-L\u00f6sungen:<\/div>\n<ul class=\"auto-hide-last-sibling-br\">\n<li><strong>OEM<\/strong>: Passen Sie Logos, Aufdrucke oder Verpackungen an Ihre Markenidentit\u00e4t an. Sie k\u00f6nnen auch verschiedene Farben f\u00fcr die \u00e4u\u00dfere H\u00fclle w\u00e4hlen, die zu Ihrem Markenstil passen.<\/li>\n<li><strong>ODM<\/strong>: Wir arbeiten am Produktdesign mit, von der Anordnung der F\u00e4cher (Anpassung der Anzahl und Gr\u00f6\u00dfe der F\u00e4cher) bis hin zur Materialausf\u00fchrung, um einzigartige, marktgerechte L\u00f6sungen zu schaffen. Wir k\u00f6nnen auch die Dichtungsstruktur optimieren oder spezielle funktionale Designs entsprechend Ihren Anforderungen hinzuf\u00fcgen.<\/li>\n<\/ul>","protected":false},"featured_media":12616,"comment_status":"closed","ping_status":"closed","template":"","meta":[],"product_cat":[58],"product_tag":[87,92],"class_list":{"0":"post-11950","1":"product","2":"type-product","3":"status-publish","4":"has-post-thumbnail","6":"product_cat-lunch-box-wholesale","7":"product_tag-wholesale-multi-compartment-lunch-box","8":"product_tag-wholesale-rectangle-lunch-box","10":"first","11":"instock","12":"shipping-taxable","13":"product-type-simple"},"_links":{"self":[{"href":"https:\/\/moyahousehold.com\/de\/wp-json\/wp\/v2\/product\/11950","targetHints":{"allow":["GET"]}}],"collection":[{"href":"https:\/\/moyahousehold.com\/de\/wp-json\/wp\/v2\/product"}],"about":[{"href":"https:\/\/moyahousehold.com\/de\/wp-json\/wp\/v2\/types\/product"}],"replies":[{"embeddable":true,"href":"https:\/\/moyahousehold.com\/de\/wp-json\/wp\/v2\/comments?post=11950"}],"version-history":[{"count":2,"href":"https:\/\/moyahousehold.com\/de\/wp-json\/wp\/v2\/product\/11950\/revisions"}],"predecessor-version":[{"id":12621,"href":"https:\/\/moyahousehold.com\/de\/wp-json\/wp\/v2\/product\/11950\/revisions\/12621"}],"wp:featuredmedia":[{"embeddable":true,"href":"https:\/\/moyahousehold.com\/de\/wp-json\/wp\/v2\/media\/12616"}],"wp:attachment":[{"href":"https:\/\/moyahousehold.com\/de\/wp-json\/wp\/v2\/media?parent=11950"}],"wp:term":[{"taxonomy":"product_cat","embeddable":true,"href":"https:\/\/moyahousehold.com\/de\/wp-json\/wp\/v2\/product_cat?post=11950"},{"taxonomy":"product_tag","embeddable":true,"href":"https:\/\/moyahousehold.com\/de\/wp-json\/wp\/v2\/product_tag?post=11950"}],"curies":[{"name":"wp","href":"https:\/\/api.w.org\/{rel}","templated":true}]}}