{"id":12012,"date":"2026-03-27T02:43:25","date_gmt":"2026-03-26T02:18:41","guid":{"rendered":"https:\/\/moyahousehold.com\/?post_type=product&#038;p=12012"},"modified":"2026-04-15T07:17:45","modified_gmt":"2026-04-15T07:17:45","slug":"moya-304-stainless-steel-food-containers-glass-lid-leak-proof-microwave-safe","status":"publish","type":"product","link":"https:\/\/moyahousehold.com\/de\/produkt\/moya-304-stainless-steel-food-containers-glass-lid-leak-proof-microwave-safe\/","title":{"rendered":"MOYA 304 Stainless Steel Food Containers | Glass Lid | Leak-Proof &amp; Microwave Safe"},"content":{"rendered":"<figure class=\"wp-block-image size-full\"><img fetchpriority=\"high\" decoding=\"async\" width=\"2109\" height=\"2813\" src=\"https:\/\/moyahousehold.com\/wp-content\/uploads\/2026\/03\/8.jpg\" alt=\"Lebensmittelbeh\u00e4lter aus Edelstahl 304 mit Silikonentl\u00fcftung\" class=\"wp-image-12041\" srcset=\"https:\/\/moyahousehold.com\/wp-content\/uploads\/2026\/03\/8.jpg 2109w, https:\/\/moyahousehold.com\/wp-content\/uploads\/2026\/03\/8-225x300.jpg 225w, https:\/\/moyahousehold.com\/wp-content\/uploads\/2026\/03\/8-768x1024.jpg 768w, https:\/\/moyahousehold.com\/wp-content\/uploads\/2026\/03\/8-9x12.jpg 9w, https:\/\/moyahousehold.com\/wp-content\/uploads\/2026\/03\/8-285x380.jpg 285w, https:\/\/moyahousehold.com\/wp-content\/uploads\/2026\/03\/8-1600x2134.jpg 1600w, https:\/\/moyahousehold.com\/wp-content\/uploads\/2026\/03\/8-495x660.jpg 495w, https:\/\/moyahousehold.com\/wp-content\/uploads\/2026\/03\/8-112x150.jpg 112w\" sizes=\"(max-width: 2109px) 100vw, 2109px\" \/><\/figure>\n\n\n\n<h3 class=\"wp-block-heading\">Food Container Size &amp; Material Specifications<\/h3>\n\n\n\n<p><strong>Material:<\/strong> 304 Edelstahl+Silikon+Glas <strong> Farbe:<\/strong> Nature<\/p>\n\n\n\n<figure class=\"wp-block-table\"><table class=\"has-fixed-layout\"><tbody><tr><td class=\"has-text-align-center\" data-align=\"center\"><strong>Artikel<\/strong><\/td><td class=\"has-text-align-center\" data-align=\"center\"><strong>Material<\/strong><\/td><td class=\"has-text-align-center\" data-align=\"center\"><strong>Farbe<\/strong><\/td><td class=\"has-text-align-center\" data-align=\"center\"><strong>Kapazit\u00e4t<\/strong><\/td><\/tr><tr><td class=\"has-text-align-center\" data-align=\"center\">MYJD399<\/td><td class=\"has-text-align-center\" data-align=\"center\" rowspan=\"9\">304+Glas+Silikon<\/td><td class=\"has-text-align-center\" data-align=\"center\" rowspan=\"9\">Nature<\/td><td class=\"has-text-align-center\" data-align=\"center\">300ML<\/td><\/tr><tr><td class=\"has-text-align-center\" data-align=\"center\">MYJD400<\/td><td class=\"has-text-align-center\" data-align=\"center\">500ML<\/td><\/tr><tr><td class=\"has-text-align-center\" data-align=\"center\">MYJD401<\/td><td class=\"has-text-align-center\" data-align=\"center\">600ML<\/td><\/tr><tr><td class=\"has-text-align-center\" data-align=\"center\">MYJD402<\/td><td class=\"has-text-align-center\" data-align=\"center\">700ML<\/td><\/tr><tr><td class=\"has-text-align-center\" data-align=\"center\">MYJD403<\/td><td class=\"has-text-align-center\" data-align=\"center\">1100ML<\/td><\/tr><tr><td class=\"has-text-align-center\" data-align=\"center\">MYJD404<\/td><td class=\"has-text-align-center\" data-align=\"center\">1400ML<\/td><\/tr><tr><td class=\"has-text-align-center\" data-align=\"center\">MYJD405<\/td><td class=\"has-text-align-center\" data-align=\"center\">1700ML<\/td><\/tr><tr><td class=\"has-text-align-center\" data-align=\"center\">MYJD406<\/td><td class=\"has-text-align-center\" data-align=\"center\">2400ML<\/td><\/tr><tr><td class=\"has-text-align-center\" data-align=\"center\">MYJD407<\/td><td class=\"has-text-align-center\" data-align=\"center\">3200ML<\/td><\/tr><\/tbody><\/table><\/figure>\n\n\n\n<h3 class=\"wp-block-heading\">Kundenspezifische Optionen f\u00fcr Frischhalteboxen<\/h3>\n\n\n\n<p><strong>Logo<\/strong>: Gestalten Sie Ihr Markenlogo auf der Edelstahlsch\u00fcssel und der Verpackung.<br><strong>Logo-Optionen<\/strong>: gedrucktes Logo, lasergraviertes Logo, etc.<br><strong>Muster<\/strong>: Druckmuster auf Produkten und Verpackungen.<br><strong>Drucktechnik<\/strong>Wassertransferdruck, Siebdruck, W\u00e4rmetransferdruck, Sublimationstransfer, etc.<br><strong>Verpackung:<\/strong>Farbkasten.<br><a href=\"https:\/\/moyahousehold.com\/de\/individuelle-losung\/\"><strong>Erfahren Sie mehr \u00fcber individuelle L\u00f6sungen f\u00fcr Lunchpakete.<\/strong><\/a><\/p>\n\n\n\n<div class=\"wp-block-columns is-layout-flex wp-container-core-columns-is-layout-9d6595d7 wp-block-columns-is-layout-flex\">\n<div class=\"wp-block-column is-layout-flow wp-block-column-is-layout-flow\" style=\"flex-basis:100%\">\n<div class=\"wp-block-group is-nowrap is-layout-flex wp-container-core-group-is-layout-ad2f72ca wp-block-group-is-layout-flex\">\n<div class=\"wp-block-columns is-layout-flex wp-container-core-columns-is-layout-9d6595d7 wp-block-columns-is-layout-flex\">\n<div class=\"wp-block-column is-layout-flow wp-block-column-is-layout-flow\">\n<figure class=\"wp-block-image size-full\"><img decoding=\"async\" width=\"800\" height=\"800\" src=\"https:\/\/moyahousehold.com\/wp-content\/uploads\/2026\/03\/4_1.png\" alt=\"easy-open food containers with glass lid\" class=\"wp-image-12015\" srcset=\"https:\/\/moyahousehold.com\/wp-content\/uploads\/2026\/03\/4_1.png 800w, https:\/\/moyahousehold.com\/wp-content\/uploads\/2026\/03\/4_1-300x300.png 300w, https:\/\/moyahousehold.com\/wp-content\/uploads\/2026\/03\/4_1-150x150.png 150w, https:\/\/moyahousehold.com\/wp-content\/uploads\/2026\/03\/4_1-768x768.png 768w, https:\/\/moyahousehold.com\/wp-content\/uploads\/2026\/03\/4_1-12x12.png 12w, https:\/\/moyahousehold.com\/wp-content\/uploads\/2026\/03\/4_1-285x285.png 285w, https:\/\/moyahousehold.com\/wp-content\/uploads\/2026\/03\/4_1-270x270.png 270w, https:\/\/moyahousehold.com\/wp-content\/uploads\/2026\/03\/4_1-540x540.png 540w, https:\/\/moyahousehold.com\/wp-content\/uploads\/2026\/03\/4_1-660x660.png 660w\" sizes=\"(max-width: 800px) 100vw, 800px\" \/><\/figure>\n<\/div>\n\n\n\n<div class=\"wp-block-column is-layout-flow wp-block-column-is-layout-flow\">\n<figure class=\"wp-block-image size-full\"><img decoding=\"async\" width=\"800\" height=\"800\" src=\"https:\/\/moyahousehold.com\/wp-content\/uploads\/2026\/03\/3_1.png\" alt=\"multi-size food storage set\" class=\"wp-image-12016\" srcset=\"https:\/\/moyahousehold.com\/wp-content\/uploads\/2026\/03\/3_1.png 800w, https:\/\/moyahousehold.com\/wp-content\/uploads\/2026\/03\/3_1-300x300.png 300w, https:\/\/moyahousehold.com\/wp-content\/uploads\/2026\/03\/3_1-150x150.png 150w, https:\/\/moyahousehold.com\/wp-content\/uploads\/2026\/03\/3_1-768x768.png 768w, https:\/\/moyahousehold.com\/wp-content\/uploads\/2026\/03\/3_1-12x12.png 12w, https:\/\/moyahousehold.com\/wp-content\/uploads\/2026\/03\/3_1-285x285.png 285w, https:\/\/moyahousehold.com\/wp-content\/uploads\/2026\/03\/3_1-270x270.png 270w, https:\/\/moyahousehold.com\/wp-content\/uploads\/2026\/03\/3_1-540x540.png 540w, https:\/\/moyahousehold.com\/wp-content\/uploads\/2026\/03\/3_1-660x660.png 660w\" sizes=\"(max-width: 800px) 100vw, 800px\" \/><\/figure>\n<\/div>\n<\/div>\n<\/div>\n<\/div>\n<\/div>\n\n\n\n<figure class=\"wp-block-gallery has-nested-images columns-default is-cropped wp-block-gallery-1 is-layout-flex wp-block-gallery-is-layout-flex\">\n<figure class=\"wp-block-image size-full is-style-default\"><img loading=\"lazy\" decoding=\"async\" width=\"1650\" height=\"2250\" data-id=\"12017\" src=\"https:\/\/moyahousehold.com\/wp-content\/uploads\/2026\/03\/4.png\" alt=\"glass lid food storage boxes\" class=\"wp-image-12017\" srcset=\"https:\/\/moyahousehold.com\/wp-content\/uploads\/2026\/03\/4.png 1650w, https:\/\/moyahousehold.com\/wp-content\/uploads\/2026\/03\/4-220x300.png 220w, https:\/\/moyahousehold.com\/wp-content\/uploads\/2026\/03\/4-768x1047.png 768w, https:\/\/moyahousehold.com\/wp-content\/uploads\/2026\/03\/4-9x12.png 9w, https:\/\/moyahousehold.com\/wp-content\/uploads\/2026\/03\/4-285x389.png 285w, https:\/\/moyahousehold.com\/wp-content\/uploads\/2026\/03\/4-1600x2182.png 1600w, https:\/\/moyahousehold.com\/wp-content\/uploads\/2026\/03\/4-484x660.png 484w, https:\/\/moyahousehold.com\/wp-content\/uploads\/2026\/03\/4-110x150.png 110w\" sizes=\"(max-width: 1650px) 100vw, 1650px\" \/><\/figure>\n\n\n\n<figure class=\"wp-block-image size-full is-style-default\"><img loading=\"lazy\" decoding=\"async\" width=\"1650\" height=\"2250\" data-id=\"12018\" src=\"https:\/\/moyahousehold.com\/wp-content\/uploads\/2026\/03\/6.png\" alt=\"food-grade stainless steel storage containers for kitchen\" class=\"wp-image-12018\" srcset=\"https:\/\/moyahousehold.com\/wp-content\/uploads\/2026\/03\/6.png 1650w, https:\/\/moyahousehold.com\/wp-content\/uploads\/2026\/03\/6-220x300.png 220w, https:\/\/moyahousehold.com\/wp-content\/uploads\/2026\/03\/6-768x1047.png 768w, https:\/\/moyahousehold.com\/wp-content\/uploads\/2026\/03\/6-9x12.png 9w, https:\/\/moyahousehold.com\/wp-content\/uploads\/2026\/03\/6-285x389.png 285w, https:\/\/moyahousehold.com\/wp-content\/uploads\/2026\/03\/6-1600x2182.png 1600w, https:\/\/moyahousehold.com\/wp-content\/uploads\/2026\/03\/6-484x660.png 484w, https:\/\/moyahousehold.com\/wp-content\/uploads\/2026\/03\/6-110x150.png 110w\" sizes=\"(max-width: 1650px) 100vw, 1650px\" \/><\/figure>\n<\/figure>\n\n\n\n<p><strong>Geh\u00e4use aus lebensmittelechtem 304-Edelstahl<\/strong>: Der aus hochwertigem Edelstahl 304 gefertigte Beh\u00e4lter ist ungiftig, geruchsneutral und korrosionsbest\u00e4ndig. Er rostet nicht und verformt sich auch bei l\u00e4ngerem Gebrauch nicht, damit Ihre Lebensmittel bei jeder Mahlzeit rein und sicher bleiben.<\/p>\n\n\n\n<p><strong>Transparenter Glasdeckel mit Silikon-\u00d6ffnung<\/strong>: Dank des durchsichtigen Glasdeckels k\u00f6nnen Sie den Inhalt auf einen Blick sehen, ohne ihn \u00f6ffnen zu m\u00fcssen - kein W\u00fchlen mehr im K\u00fchlschrank! Die integrierte Silikonentl\u00fcftung kann gedr\u00fcckt werden, um den Druck abzulassen. So l\u00e4sst sich der Deckel nach dem Erhitzen leicht \u00f6ffnen und verhindert, dass er bei der Aufbewahrung hei\u00dfer Lebensmittel verstopft.<\/p>\n\n\n\n<p><strong>Leckagesicheres Dichtungsdesign<\/strong>: Ausgestattet mit einer hochwertigen Silikondichtung und einer dicht schlie\u00dfenden Struktur bietet er doppelten Schutz gegen Auslaufen und Versch\u00fctten. F\u00fchlen Sie sich sicher, wenn Sie Suppen, So\u00dfen oder Eint\u00f6pfe in Ihrer Tasche transportieren - keine unsch\u00f6nen Unf\u00e4lle mehr.<\/p>\n\n\n\n<p><strong>Mikrowellen- und k\u00fchlschranksicher<\/strong>: Nahtloser Wechsel zwischen Aufbewahrung und Erw\u00e4rmung. Er kann in der Mikrowelle (bei Bedarf den Deckel abnehmen) und im K\u00fchlschrank verwendet werden und vertr\u00e4gt m\u00fchelos sowohl hohe als auch niedrige Temperaturen. Ein Beh\u00e4lter f\u00fcr alle Ihre Bed\u00fcrfnisse - Sie m\u00fcssen nicht mehr zwischen verschiedenen Gerichten wechseln.<\/p>\n\n\n\n<p><\/p>","protected":false},"excerpt":{"rendered":"<h2 class=\"header-vfC6AV auto-hide-last-sibling-br\">Anpassungsdienste<\/h2>\n<div class=\"auto-hide-last-sibling-br paragraph-JOTKXA paragraph-element br-paragraph-space\">Als professioneller Hersteller von Lunchboxen bieten wir umfassende OEM- und ODM-L\u00f6sungen:<\/div>\n<ul class=\"auto-hide-last-sibling-br\">\n<li><strong>OEM<\/strong>: Passen Sie Logos, Aufdrucke oder Verpackungen an Ihre Markenidentit\u00e4t an. Sie k\u00f6nnen auch verschiedene Farben f\u00fcr die \u00e4u\u00dfere H\u00fclle w\u00e4hlen, die zu Ihrem Markenstil passen.<\/li>\n<li><strong>ODM<\/strong>: Wir arbeiten am Produktdesign mit, von der Anordnung der F\u00e4cher (Anpassung der Anzahl und Gr\u00f6\u00dfe der F\u00e4cher) bis hin zur Materialausf\u00fchrung, um einzigartige, marktgerechte L\u00f6sungen zu schaffen. Wir k\u00f6nnen auch die Dichtungsstruktur optimieren oder spezielle funktionale Designs entsprechend Ihren Anforderungen hinzuf\u00fcgen.<\/li>\n<\/ul>","protected":false},"featured_media":12022,"comment_status":"closed","ping_status":"closed","template":"","meta":[],"product_cat":[58],"product_tag":[87,92],"class_list":{"0":"post-12012","1":"product","2":"type-product","3":"status-publish","4":"has-post-thumbnail","6":"product_cat-lunch-box-wholesale","7":"product_tag-wholesale-multi-compartment-lunch-box","8":"product_tag-wholesale-rectangle-lunch-box","10":"first","11":"instock","12":"shipping-taxable","13":"product-type-simple"},"_links":{"self":[{"href":"https:\/\/moyahousehold.com\/de\/wp-json\/wp\/v2\/product\/12012","targetHints":{"allow":["GET"]}}],"collection":[{"href":"https:\/\/moyahousehold.com\/de\/wp-json\/wp\/v2\/product"}],"about":[{"href":"https:\/\/moyahousehold.com\/de\/wp-json\/wp\/v2\/types\/product"}],"replies":[{"embeddable":true,"href":"https:\/\/moyahousehold.com\/de\/wp-json\/wp\/v2\/comments?post=12012"}],"version-history":[{"count":1,"href":"https:\/\/moyahousehold.com\/de\/wp-json\/wp\/v2\/product\/12012\/revisions"}],"predecessor-version":[{"id":13131,"href":"https:\/\/moyahousehold.com\/de\/wp-json\/wp\/v2\/product\/12012\/revisions\/13131"}],"wp:featuredmedia":[{"embeddable":true,"href":"https:\/\/moyahousehold.com\/de\/wp-json\/wp\/v2\/media\/12022"}],"wp:attachment":[{"href":"https:\/\/moyahousehold.com\/de\/wp-json\/wp\/v2\/media?parent=12012"}],"wp:term":[{"taxonomy":"product_cat","embeddable":true,"href":"https:\/\/moyahousehold.com\/de\/wp-json\/wp\/v2\/product_cat?post=12012"},{"taxonomy":"product_tag","embeddable":true,"href":"https:\/\/moyahousehold.com\/de\/wp-json\/wp\/v2\/product_tag?post=12012"}],"curies":[{"name":"wp","href":"https:\/\/api.w.org\/{rel}","templated":true}]}}