{"id":12047,"date":"2026-03-26T10:06:42","date_gmt":"2026-03-26T09:13:54","guid":{"rendered":"https:\/\/moyahousehold.com\/?post_type=product&#038;p=12047"},"modified":"2026-04-02T02:19:17","modified_gmt":"2026-04-02T02:19:17","slug":"polished-stainless-steel-salad-bowl-set-grater-transparent-lids-nestable-moya","status":"publish","type":"product","link":"https:\/\/moyahousehold.com\/de\/produkt\/polished-stainless-steel-salad-bowl-set-grater-transparent-lids-nestable-moya\/","title":{"rendered":"Polished Stainless Steel Salad Bowl Set | Grater &amp; Transparent Lids | Nestable \u2014 MOYA"},"content":{"rendered":"<div class=\"wp-block-columns is-layout-flex wp-container-core-columns-is-layout-9d6595d7 wp-block-columns-is-layout-flex\">\n<div class=\"wp-block-column is-layout-flow wp-block-column-is-layout-flow\">\n<h3 class=\"wp-block-heading\">Parameter der anpassbaren Salatsch\u00fcssel<\/h3>\n\n\n\n<figure class=\"wp-block-table\"><table class=\"has-fixed-layout\"><tbody><tr><td>Artikel<\/td><td>Material<\/td><td>Farbe<\/td><td>Kapazit\u00e4t<\/td><td>Gr\u00f6\u00dfe\/PCS<\/td><td>N.W.\/PCS<\/td><td>G.W.\/Fall<\/td><\/tr><tr><td>MYDS026<\/td><td rowspan=\"5\">Bowl:201<br>Planer:430<br>Lid:AS+PE<\/td><td rowspan=\"5\">Stahl<\/td><td>16\/20\/24cm<\/td><td>16cm:17.36*10.2<br>20cm:21.4*12.6<br>24cm:25.4*14.3<\/td><td>1.54<\/td><td>2.04<\/td><\/tr><\/tbody><\/table><\/figure>\n\n\n\n<h3 class=\"wp-block-heading\">Optionen f\u00fcr individuelle Salatsch\u00fcsseln<\/h3>\n\n\n\n<p><strong>Logo<\/strong>: Custom your brand logo on food containers and package.<br><strong>Logo-Optionen<\/strong>: Wir bieten Ihnen die M\u00f6glichkeit, Ihr Logo per Lasergravur oder Thermotransfer auf die Salatsch\u00fcssel aufzubringen.<br><strong>Muster<\/strong>: Printing patterns on salad bowl.<br><strong>Drucktechnik<\/strong>: Wir bieten Siebdruck, Thermotransferdruck und Wassertransferdruck an, um Ihre Produkte mit Mustern zu versehen.<br><strong>Paket<\/strong>Sie k\u00f6nnen uns die Datei schicken und wir werden die Salatsch\u00fcssel Farbkasten f\u00fcr Sie anpassen.<br><a href=\"https:\/\/moyahousehold.com\/de\/individuelle-losung\/\"><strong>Mehr Anpassungsm\u00f6glichkeiten entdecken<\/strong><\/a><\/p>\n<\/div>\n<\/div>\n\n\n\n<div class=\"wp-block-columns is-layout-flex wp-container-core-columns-is-layout-9d6595d7 wp-block-columns-is-layout-flex\">\n<div class=\"wp-block-column is-layout-flow wp-block-column-is-layout-flow\">\n<figure class=\"wp-block-image size-full\"><img fetchpriority=\"high\" decoding=\"async\" width=\"800\" height=\"800\" src=\"https:\/\/moyahousehold.com\/wp-content\/uploads\/2026\/03\/5.jpg\" alt=\"Salatsch\u00fcssel aus Edelstahl mit Deckel\" class=\"wp-image-12053\" srcset=\"https:\/\/moyahousehold.com\/wp-content\/uploads\/2026\/03\/5.jpg 800w, https:\/\/moyahousehold.com\/wp-content\/uploads\/2026\/03\/5-300x300.jpg 300w, https:\/\/moyahousehold.com\/wp-content\/uploads\/2026\/03\/5-150x150.jpg 150w, https:\/\/moyahousehold.com\/wp-content\/uploads\/2026\/03\/5-768x768.jpg 768w, https:\/\/moyahousehold.com\/wp-content\/uploads\/2026\/03\/5-12x12.jpg 12w, https:\/\/moyahousehold.com\/wp-content\/uploads\/2026\/03\/5-285x285.jpg 285w, https:\/\/moyahousehold.com\/wp-content\/uploads\/2026\/03\/5-270x270.jpg 270w, https:\/\/moyahousehold.com\/wp-content\/uploads\/2026\/03\/5-540x540.jpg 540w, https:\/\/moyahousehold.com\/wp-content\/uploads\/2026\/03\/5-660x660.jpg 660w\" sizes=\"(max-width: 800px) 100vw, 800px\" \/><\/figure>\n<\/div>\n\n\n\n<div class=\"wp-block-column is-layout-flow wp-block-column-is-layout-flow\">\n<figure class=\"wp-block-image size-full\"><img decoding=\"async\" width=\"800\" height=\"800\" src=\"https:\/\/moyahousehold.com\/wp-content\/uploads\/2026\/03\/3.jpg\" alt=\"Salatsch\u00fcssel aus Edelstahl mit Deckel\" class=\"wp-image-12051\" srcset=\"https:\/\/moyahousehold.com\/wp-content\/uploads\/2026\/03\/3.jpg 800w, https:\/\/moyahousehold.com\/wp-content\/uploads\/2026\/03\/3-300x300.jpg 300w, https:\/\/moyahousehold.com\/wp-content\/uploads\/2026\/03\/3-150x150.jpg 150w, https:\/\/moyahousehold.com\/wp-content\/uploads\/2026\/03\/3-768x768.jpg 768w, https:\/\/moyahousehold.com\/wp-content\/uploads\/2026\/03\/3-12x12.jpg 12w, https:\/\/moyahousehold.com\/wp-content\/uploads\/2026\/03\/3-285x285.jpg 285w, https:\/\/moyahousehold.com\/wp-content\/uploads\/2026\/03\/3-270x270.jpg 270w, https:\/\/moyahousehold.com\/wp-content\/uploads\/2026\/03\/3-540x540.jpg 540w, https:\/\/moyahousehold.com\/wp-content\/uploads\/2026\/03\/3-660x660.jpg 660w\" sizes=\"(max-width: 800px) 100vw, 800px\" \/><\/figure>\n<\/div>\n<\/div>\n\n\n\n<div class=\"wp-block-columns is-layout-flex wp-container-core-columns-is-layout-9d6595d7 wp-block-columns-is-layout-flex\">\n<div class=\"wp-block-column is-layout-flow wp-block-column-is-layout-flow\">\n<figure class=\"wp-block-image size-full\"><img decoding=\"async\" width=\"800\" height=\"800\" src=\"https:\/\/moyahousehold.com\/wp-content\/uploads\/2026\/03\/4.jpg\" alt=\"Salatsch\u00fcssel aus Edelstahl mit Deckel\" class=\"wp-image-12052\" srcset=\"https:\/\/moyahousehold.com\/wp-content\/uploads\/2026\/03\/4.jpg 800w, https:\/\/moyahousehold.com\/wp-content\/uploads\/2026\/03\/4-300x300.jpg 300w, https:\/\/moyahousehold.com\/wp-content\/uploads\/2026\/03\/4-150x150.jpg 150w, https:\/\/moyahousehold.com\/wp-content\/uploads\/2026\/03\/4-768x768.jpg 768w, https:\/\/moyahousehold.com\/wp-content\/uploads\/2026\/03\/4-12x12.jpg 12w, https:\/\/moyahousehold.com\/wp-content\/uploads\/2026\/03\/4-285x285.jpg 285w, https:\/\/moyahousehold.com\/wp-content\/uploads\/2026\/03\/4-270x270.jpg 270w, https:\/\/moyahousehold.com\/wp-content\/uploads\/2026\/03\/4-540x540.jpg 540w, https:\/\/moyahousehold.com\/wp-content\/uploads\/2026\/03\/4-660x660.jpg 660w\" sizes=\"(max-width: 800px) 100vw, 800px\" \/><\/figure>\n<\/div>\n\n\n\n<div class=\"wp-block-column is-layout-flow wp-block-column-is-layout-flow\">\n<figure class=\"wp-block-image size-full\"><img loading=\"lazy\" decoding=\"async\" width=\"800\" height=\"800\" src=\"https:\/\/moyahousehold.com\/wp-content\/uploads\/2026\/03\/2.jpg\" alt=\"Salatsch\u00fcssel aus Edelstahl mit Deckel\" class=\"wp-image-12050\" srcset=\"https:\/\/moyahousehold.com\/wp-content\/uploads\/2026\/03\/2.jpg 800w, https:\/\/moyahousehold.com\/wp-content\/uploads\/2026\/03\/2-300x300.jpg 300w, https:\/\/moyahousehold.com\/wp-content\/uploads\/2026\/03\/2-150x150.jpg 150w, https:\/\/moyahousehold.com\/wp-content\/uploads\/2026\/03\/2-768x768.jpg 768w, https:\/\/moyahousehold.com\/wp-content\/uploads\/2026\/03\/2-12x12.jpg 12w, https:\/\/moyahousehold.com\/wp-content\/uploads\/2026\/03\/2-285x285.jpg 285w, https:\/\/moyahousehold.com\/wp-content\/uploads\/2026\/03\/2-270x270.jpg 270w, https:\/\/moyahousehold.com\/wp-content\/uploads\/2026\/03\/2-540x540.jpg 540w, https:\/\/moyahousehold.com\/wp-content\/uploads\/2026\/03\/2-660x660.jpg 660w\" sizes=\"(max-width: 800px) 100vw, 800px\" \/><\/figure>\n<\/div>\n<\/div>\n\n\n\n<div class=\"wp-block-columns is-layout-flex wp-container-core-columns-is-layout-9d6595d7 wp-block-columns-is-layout-flex\">\n<div class=\"wp-block-column is-layout-flow wp-block-column-is-layout-flow\">\n<figure class=\"wp-block-image size-full\"><img loading=\"lazy\" decoding=\"async\" width=\"4160\" height=\"6240\" src=\"https:\/\/moyahousehold.com\/wp-content\/uploads\/2026\/03\/2-1.jpg\" alt=\"Salatsch\u00fcssel aus Edelstahl mit Deckel\" class=\"wp-image-12058\" srcset=\"https:\/\/moyahousehold.com\/wp-content\/uploads\/2026\/03\/2-1.jpg 4160w, https:\/\/moyahousehold.com\/wp-content\/uploads\/2026\/03\/2-1-200x300.jpg 200w, https:\/\/moyahousehold.com\/wp-content\/uploads\/2026\/03\/2-1-768x1152.jpg 768w, https:\/\/moyahousehold.com\/wp-content\/uploads\/2026\/03\/2-1-8x12.jpg 8w, https:\/\/moyahousehold.com\/wp-content\/uploads\/2026\/03\/2-1-285x428.jpg 285w, https:\/\/moyahousehold.com\/wp-content\/uploads\/2026\/03\/2-1-1600x2400.jpg 1600w, https:\/\/moyahousehold.com\/wp-content\/uploads\/2026\/03\/2-1-440x660.jpg 440w, https:\/\/moyahousehold.com\/wp-content\/uploads\/2026\/03\/2-1-100x150.jpg 100w\" sizes=\"(max-width: 4160px) 100vw, 4160px\" \/><\/figure>\n<\/div>\n\n\n\n<div class=\"wp-block-column is-layout-flow wp-block-column-is-layout-flow\">\n<figure class=\"wp-block-image size-full\"><img loading=\"lazy\" decoding=\"async\" width=\"4160\" height=\"6240\" src=\"https:\/\/moyahousehold.com\/wp-content\/uploads\/2026\/03\/6-1.jpg\" alt=\"Salatsch\u00fcssel aus Edelstahl mit Deckel\" class=\"wp-image-12056\" srcset=\"https:\/\/moyahousehold.com\/wp-content\/uploads\/2026\/03\/6-1.jpg 4160w, https:\/\/moyahousehold.com\/wp-content\/uploads\/2026\/03\/6-1-200x300.jpg 200w, https:\/\/moyahousehold.com\/wp-content\/uploads\/2026\/03\/6-1-768x1152.jpg 768w, https:\/\/moyahousehold.com\/wp-content\/uploads\/2026\/03\/6-1-8x12.jpg 8w, https:\/\/moyahousehold.com\/wp-content\/uploads\/2026\/03\/6-1-285x428.jpg 285w, https:\/\/moyahousehold.com\/wp-content\/uploads\/2026\/03\/6-1-1600x2400.jpg 1600w, https:\/\/moyahousehold.com\/wp-content\/uploads\/2026\/03\/6-1-440x660.jpg 440w, https:\/\/moyahousehold.com\/wp-content\/uploads\/2026\/03\/6-1-100x150.jpg 100w\" sizes=\"(max-width: 4160px) 100vw, 4160px\" \/><\/figure>\n<\/div>\n<\/div>\n\n\n\n<p><\/p>","protected":false},"excerpt":{"rendered":"<div class=\"inter-jQQQ8P\">\n<div class=\"container-PrUkKo\">\n<div class=\"item-hGGxLi\">\n<div class=\"container-arOxqB chrome70-container\">\n<div class=\"inner-FyM8gE inner-item-swzCut\" data-target-id=\"message-box-target-id\" data-testid=\"union_message\">\n<div class=\"message-block-container-aFugD6\" data-testid=\"message-block-container\">\n<div class=\"flex flex-row w-full w-full max-w-full s-font-base text-s-color-text-secondary p-0 rounded-s-radius-s bg-transparent group data-[attr=select-mode]:-mt-10 data-[attr=select-mode]:py-10 data-[attr=select-mode]:px-16 data-[attr=select-mode]:sm:p-10 data-[attr=select-mode]:hover:bg-s-color-bg-base data-[attr=select-mode]:hover:rounded-s-radius-xs data-[attr=select-mode]:has-[:checked]:bg-s-color-bg-trans data-[attr=select-mode]:has-[:checked]:rounded-s-radius-xs data-[attr=select-mode]:pointer-events-none\" data-testid=\"receive_message\">\n<div class=\"flex flex-col flex-grow max-w-full min-w-0\">\n<div class=\"flex flex-row w-full\" data-testid=\"message_content\" data-message-id=\"12338308568531714\">\n<div class=\"w-full\" data-plugin-identifier=\"Symbol(infra:receive-message-box:text)\">\n<div class=\"container-ZYIsnH flow-markdown-body theme-samantha-Nbr9UN\" dir=\"ltr\" data-testid=\"message_text_content\" data-show-indicator=\"false\">\n<h3 class=\"header-vfC6AV auto-hide-last-sibling-br\">Merkmale und Vorteile der anpassbaren Salatsch\u00fcssel<\/h3>\n<h3 class=\"header-vfC6AV auto-hide-last-sibling-br\">201 Stainless Steel Material<\/h3>\n<div class=\"auto-hide-last-sibling-br paragraph-JOTKXA paragraph-element br-paragraph-space\">Crafted from high &#8211; quality 201 stainless steel, with the inner wall polished. It effectively prevents food from sticking, making cleaning a breeze, and ensures long &#8211; lasting durability.<\/div>\n<h3 class=\"header-vfC6AV auto-hide-last-sibling-br\">Eingebaute Lautst\u00e4rkemarkierungen<\/h3>\n<div class=\"auto-hide-last-sibling-br paragraph-JOTKXA paragraph-element br-paragraph-space\">Diese Salatsch\u00fcssel verf\u00fcgt \u00fcber klare und leicht ablesbare Mengenmarkierungen. Sie hilft Ihnen, die Mengen der Zutaten genau zu kontrollieren, Verschwendung zu vermeiden und den perfekten Geschmack f\u00fcr jedes Gericht zu garantieren.<\/div>\n<h3 class=\"header-vfC6AV auto-hide-last-sibling-br\">Vielseitige Verwendung<\/h3>\n<div class=\"auto-hide-last-sibling-br paragraph-JOTKXA paragraph-element br-paragraph-space\">Nicht nur f\u00fcr Salate! Ideal zum Waschen von Reis, zum Reinigen von Gem\u00fcse und Obst oder zum Abseihen von kleink\u00f6rnigen Zutaten, um verschiedene K\u00fcchenanforderungen zu erf\u00fcllen.<\/div>\n<h3 class=\"header-vfC6AV auto-hide-last-sibling-br\">Versiegelte Deckeldesigns<\/h3>\n<div class=\"auto-hide-last-sibling-br paragraph-JOTKXA paragraph-element br-paragraph-space\">Ausgestattet mit einem gut sitzenden Deckel, bildet sie einen luftdichten Raum. H\u00e4lt den Inhalt frisch, ob zur Aufbewahrung von vorbereiteten Zutaten oder Salatresten.<\/div>\n<h3 class=\"header-vfC6AV auto-hide-last-sibling-br\">Anpassungsdienste<\/h3>\n<div class=\"auto-hide-last-sibling-br paragraph-JOTKXA paragraph-element br-paragraph-space\">Als Hersteller bieten wir OEM- und ODM-Optionen. Passen Sie Aussehen, Gr\u00f6\u00dfe und Logo an, um Ihre einzigartige, auf Ihre Marke abgestimmte Salatsch\u00fcssel zu kreieren. Kontaktieren Sie uns f\u00fcr ma\u00dfgeschneiderte L\u00f6sungen.<\/div>\n<\/div>\n<\/div>\n<\/div>\n<\/div>\n<\/div>\n<\/div>\n<\/div>\n<\/div>\n<\/div>\n<\/div>\n<\/div>","protected":false},"featured_media":12048,"comment_status":"open","ping_status":"closed","template":"","meta":[],"product_cat":[55],"product_tag":[114,112,110],"class_list":{"0":"post-12047","1":"product","2":"type-product","3":"status-publish","4":"has-post-thumbnail","6":"product_cat-salad-bowl-wholesale","7":"product_tag-breakfest-cup","8":"product_tag-mixing-bowl","9":"product_tag-salad-bowl","11":"first","12":"instock","13":"shipping-taxable","14":"product-type-simple"},"_links":{"self":[{"href":"https:\/\/moyahousehold.com\/de\/wp-json\/wp\/v2\/product\/12047","targetHints":{"allow":["GET"]}}],"collection":[{"href":"https:\/\/moyahousehold.com\/de\/wp-json\/wp\/v2\/product"}],"about":[{"href":"https:\/\/moyahousehold.com\/de\/wp-json\/wp\/v2\/types\/product"}],"replies":[{"embeddable":true,"href":"https:\/\/moyahousehold.com\/de\/wp-json\/wp\/v2\/comments?post=12047"}],"version-history":[{"count":0,"href":"https:\/\/moyahousehold.com\/de\/wp-json\/wp\/v2\/product\/12047\/revisions"}],"wp:featuredmedia":[{"embeddable":true,"href":"https:\/\/moyahousehold.com\/de\/wp-json\/wp\/v2\/media\/12048"}],"wp:attachment":[{"href":"https:\/\/moyahousehold.com\/de\/wp-json\/wp\/v2\/media?parent=12047"}],"wp:term":[{"taxonomy":"product_cat","embeddable":true,"href":"https:\/\/moyahousehold.com\/de\/wp-json\/wp\/v2\/product_cat?post=12047"},{"taxonomy":"product_tag","embeddable":true,"href":"https:\/\/moyahousehold.com\/de\/wp-json\/wp\/v2\/product_tag?post=12047"}],"curies":[{"name":"wp","href":"https:\/\/api.w.org\/{rel}","templated":true}]}}