{"id":12073,"date":"2026-03-27T02:59:28","date_gmt":"2026-03-27T01:21:00","guid":{"rendered":"https:\/\/moyahousehold.com\/?post_type=product&#038;p=12073"},"modified":"2026-03-27T03:39:25","modified_gmt":"2026-03-27T03:39:25","slug":"moya-800ml-304-stainless-steel-mixing-bowl-leak-proof-food-container-with-handle-measurement-markings","status":"publish","type":"product","link":"https:\/\/moyahousehold.com\/de\/produkt\/moya-800ml-304-stainless-steel-mixing-bowl-leak-proof-food-container-with-handle-measurement-markings\/","title":{"rendered":"MOYA 800ml 304 Stainless Steel Mixing Bowl | Leak-Proof Food Container with Handle &amp; Measurement Markings"},"content":{"rendered":"<figure class=\"wp-block-image size-full\"><img fetchpriority=\"high\" decoding=\"async\" width=\"800\" height=\"800\" src=\"https:\/\/moyahousehold.com\/wp-content\/uploads\/2026\/03\/4-1.png\" alt=\"R\u00fchrsch\u00fcsseln aus Edelstahl 304 mit Griff\" class=\"wp-image-12074\" srcset=\"https:\/\/moyahousehold.com\/wp-content\/uploads\/2026\/03\/4-1.png 800w, https:\/\/moyahousehold.com\/wp-content\/uploads\/2026\/03\/4-1-300x300.png 300w, https:\/\/moyahousehold.com\/wp-content\/uploads\/2026\/03\/4-1-150x150.png 150w, https:\/\/moyahousehold.com\/wp-content\/uploads\/2026\/03\/4-1-768x768.png 768w, https:\/\/moyahousehold.com\/wp-content\/uploads\/2026\/03\/4-1-12x12.png 12w, https:\/\/moyahousehold.com\/wp-content\/uploads\/2026\/03\/4-1-285x285.png 285w, https:\/\/moyahousehold.com\/wp-content\/uploads\/2026\/03\/4-1-270x270.png 270w, https:\/\/moyahousehold.com\/wp-content\/uploads\/2026\/03\/4-1-540x540.png 540w, https:\/\/moyahousehold.com\/wp-content\/uploads\/2026\/03\/4-1-660x660.png 660w\" sizes=\"(max-width: 800px) 100vw, 800px\" \/><\/figure>\n\n\n\n<p><strong>Material:<\/strong> 304 Edelstahl <strong> Farbe:<\/strong> Silber<\/p>\n\n\n\n<figure class=\"wp-block-table\"><table class=\"has-fixed-layout\"><tbody><tr><td class=\"has-text-align-center\" data-align=\"center\"><strong>Artikel<\/strong><\/td><td><strong>Material<\/strong><\/td><td><strong>Kapazit\u00e4t<\/strong><\/td><\/tr><tr><td class=\"has-text-align-center\" data-align=\"center\">MYBX014<\/td><td rowspan=\"6\">304 Edelstahl<\/td><td>220ML<\/td><\/tr><tr><td class=\"has-text-align-center\" data-align=\"center\">MYBX015<\/td><td>800ML With handle<\/td><\/tr><\/tbody><\/table><\/figure>\n\n\n\n<h3 class=\"wp-block-heading\">Custom Cooking Bowl Options<\/h3>\n\n\n\n<p><strong>Logo<\/strong>: Gestalten Sie Ihr Markenlogo auf der Edelstahlsch\u00fcssel und der Verpackung.<br><strong>Logo-Optionen<\/strong>: gedrucktes Logo, lasergraviertes Logo, etc.<br><strong>Muster<\/strong>: Druckmuster auf Produkten und Verpackungen.<br><strong>Drucktechnik<\/strong>Wassertransferdruck, Siebdruck, W\u00e4rmetransferdruck, Sublimationstransfer, etc.<br><strong>Verpackung:<\/strong>Farbkasten.<br><a href=\"https:\/\/moyahousehold.com\/de\/individuelle-losung\/\"><strong>Erfahren Sie mehr \u00fcber individuelle L\u00f6sungen f\u00fcr Lunchpakete.<\/strong><\/a><\/p>\n\n\n\n<div class=\"wp-block-columns is-layout-flex wp-container-core-columns-is-layout-9d6595d7 wp-block-columns-is-layout-flex\">\n<div class=\"wp-block-column is-layout-flow wp-block-column-is-layout-flow\" style=\"flex-basis:100%\">\n<div class=\"wp-block-group is-nowrap is-layout-flex wp-container-core-group-is-layout-ad2f72ca wp-block-group-is-layout-flex\">\n<div class=\"wp-block-columns is-layout-flex wp-container-core-columns-is-layout-9d6595d7 wp-block-columns-is-layout-flex\">\n<div class=\"wp-block-column is-layout-flow wp-block-column-is-layout-flow\">\n<figure class=\"wp-block-image size-full\"><img decoding=\"async\" width=\"800\" height=\"800\" src=\"https:\/\/moyahousehold.com\/wp-content\/uploads\/2026\/03\/6-1.png\" alt=\"R\u00fchrsch\u00fcsseln aus Edelstahl 304 mit Griff\" class=\"wp-image-12076\" srcset=\"https:\/\/moyahousehold.com\/wp-content\/uploads\/2026\/03\/6-1.png 800w, https:\/\/moyahousehold.com\/wp-content\/uploads\/2026\/03\/6-1-300x300.png 300w, https:\/\/moyahousehold.com\/wp-content\/uploads\/2026\/03\/6-1-150x150.png 150w, https:\/\/moyahousehold.com\/wp-content\/uploads\/2026\/03\/6-1-768x768.png 768w, https:\/\/moyahousehold.com\/wp-content\/uploads\/2026\/03\/6-1-12x12.png 12w, https:\/\/moyahousehold.com\/wp-content\/uploads\/2026\/03\/6-1-285x285.png 285w, https:\/\/moyahousehold.com\/wp-content\/uploads\/2026\/03\/6-1-270x270.png 270w, https:\/\/moyahousehold.com\/wp-content\/uploads\/2026\/03\/6-1-540x540.png 540w, https:\/\/moyahousehold.com\/wp-content\/uploads\/2026\/03\/6-1-660x660.png 660w\" sizes=\"(max-width: 800px) 100vw, 800px\" \/><\/figure>\n<\/div>\n\n\n\n<div class=\"wp-block-column is-layout-flow wp-block-column-is-layout-flow\">\n<figure class=\"wp-block-image size-full\"><img decoding=\"async\" width=\"800\" height=\"800\" src=\"https:\/\/moyahousehold.com\/wp-content\/uploads\/2026\/03\/5-2.png\" alt=\"R\u00fchrsch\u00fcsseln aus Edelstahl 304 mit Griff\" class=\"wp-image-12075\" srcset=\"https:\/\/moyahousehold.com\/wp-content\/uploads\/2026\/03\/5-2.png 800w, https:\/\/moyahousehold.com\/wp-content\/uploads\/2026\/03\/5-2-300x300.png 300w, https:\/\/moyahousehold.com\/wp-content\/uploads\/2026\/03\/5-2-150x150.png 150w, https:\/\/moyahousehold.com\/wp-content\/uploads\/2026\/03\/5-2-768x768.png 768w, https:\/\/moyahousehold.com\/wp-content\/uploads\/2026\/03\/5-2-12x12.png 12w, https:\/\/moyahousehold.com\/wp-content\/uploads\/2026\/03\/5-2-285x285.png 285w, https:\/\/moyahousehold.com\/wp-content\/uploads\/2026\/03\/5-2-270x270.png 270w, https:\/\/moyahousehold.com\/wp-content\/uploads\/2026\/03\/5-2-540x540.png 540w, https:\/\/moyahousehold.com\/wp-content\/uploads\/2026\/03\/5-2-660x660.png 660w\" sizes=\"(max-width: 800px) 100vw, 800px\" \/><\/figure>\n<\/div>\n<\/div>\n<\/div>\n<\/div>\n<\/div>\n\n\n\n<p><strong>Kurzer \u00dcberblick: <\/strong>Suchen Sie nach einer haltbaren, sicheren und vielseitigen R\u00fchrsch\u00fcssel, die Ihr Koch- und Backerlebnis aufwertet? Unsere R\u00fchrsch\u00fcssel aus Edelstahl 304 ist die perfekte Wahl! Diese Sch\u00fcssel aus lebensmittelechtem Edelstahl 304 mit hitzebest\u00e4ndigem Griff und klaren Messmarkierungen ist ideal f\u00fcr alles, vom Vorbereiten von Eiern und Mischen von Salaten bis zum Backen von Kuchen und Aufbewahren von Resten. Sie ist leicht zu reinigen, bruchsicher und geruchsneutral - Schluss mit unordentlichen, fadenscheinigen K\u00fcchensch\u00fcsseln, jetzt k\u00f6nnen Sie m\u00fchelos Mahlzeiten zubereiten!<\/p>\n\n\n\n<figure class=\"wp-block-gallery has-nested-images columns-default is-cropped wp-block-gallery-2 is-layout-flex wp-block-gallery-is-layout-flex\">\n<figure class=\"wp-block-image size-full is-style-default\"><img loading=\"lazy\" decoding=\"async\" width=\"3840\" height=\"5760\" data-id=\"12081\" src=\"https:\/\/moyahousehold.com\/wp-content\/uploads\/2026\/03\/2-3.jpg\" alt=\"R\u00fchrsch\u00fcsseln aus Edelstahl 304 mit Griff\" class=\"wp-image-12081\" srcset=\"https:\/\/moyahousehold.com\/wp-content\/uploads\/2026\/03\/2-3.jpg 3840w, https:\/\/moyahousehold.com\/wp-content\/uploads\/2026\/03\/2-3-200x300.jpg 200w, https:\/\/moyahousehold.com\/wp-content\/uploads\/2026\/03\/2-3-768x1152.jpg 768w, https:\/\/moyahousehold.com\/wp-content\/uploads\/2026\/03\/2-3-8x12.jpg 8w, https:\/\/moyahousehold.com\/wp-content\/uploads\/2026\/03\/2-3-285x428.jpg 285w, https:\/\/moyahousehold.com\/wp-content\/uploads\/2026\/03\/2-3-1600x2400.jpg 1600w, https:\/\/moyahousehold.com\/wp-content\/uploads\/2026\/03\/2-3-440x660.jpg 440w, https:\/\/moyahousehold.com\/wp-content\/uploads\/2026\/03\/2-3-100x150.jpg 100w\" sizes=\"(max-width: 3840px) 100vw, 3840px\" \/><\/figure>\n\n\n\n<figure class=\"wp-block-image size-full wp-duotone-unset-1\"><img loading=\"lazy\" decoding=\"async\" width=\"3840\" height=\"5760\" data-id=\"12083\" src=\"https:\/\/moyahousehold.com\/wp-content\/uploads\/2026\/03\/4-4.jpg\" alt=\"R\u00fchrsch\u00fcsseln aus Edelstahl 304 mit Griff\" class=\"wp-image-12083\" srcset=\"https:\/\/moyahousehold.com\/wp-content\/uploads\/2026\/03\/4-4.jpg 3840w, https:\/\/moyahousehold.com\/wp-content\/uploads\/2026\/03\/4-4-200x300.jpg 200w, https:\/\/moyahousehold.com\/wp-content\/uploads\/2026\/03\/4-4-768x1152.jpg 768w, https:\/\/moyahousehold.com\/wp-content\/uploads\/2026\/03\/4-4-8x12.jpg 8w, https:\/\/moyahousehold.com\/wp-content\/uploads\/2026\/03\/4-4-285x428.jpg 285w, https:\/\/moyahousehold.com\/wp-content\/uploads\/2026\/03\/4-4-1600x2400.jpg 1600w, https:\/\/moyahousehold.com\/wp-content\/uploads\/2026\/03\/4-4-440x660.jpg 440w, https:\/\/moyahousehold.com\/wp-content\/uploads\/2026\/03\/4-4-100x150.jpg 100w\" sizes=\"(max-width: 3840px) 100vw, 3840px\" \/><\/figure>\n<\/figure>\n\n\n\n<h2 class=\"wp-block-heading\">Warum sollten Sie sich f\u00fcr unsere R\u00fchrsch\u00fcssel aus Edelstahl 304 entscheiden?<\/h2>\n\n\n\n<p>Kochen und Backen sollte Spa\u00df machen und nicht frustrieren. Deshalb haben wir diese R\u00fchrsch\u00fcssel entwickelt, um die h\u00e4ufigsten Probleme in der K\u00fcche zu l\u00f6sen. Ganz gleich, ob Sie zu Hause kochen, backen oder vielbesch\u00e4ftigte Eltern sind, diese Sch\u00fcssel wird Ihr Lieblingswerkzeug f\u00fcr alle Aufgaben bei der Zubereitung von Mahlzeiten sein.<\/p>\n\n\n\n<div class=\"wp-block-columns is-layout-flex wp-container-core-columns-is-layout-9d6595d7 wp-block-columns-is-layout-flex\">\n<div class=\"wp-block-column is-layout-flow wp-block-column-is-layout-flow\">\n<figure class=\"wp-block-image size-full\"><img loading=\"lazy\" decoding=\"async\" width=\"3840\" height=\"5760\" src=\"https:\/\/moyahousehold.com\/wp-content\/uploads\/2026\/03\/3-3.jpg\" alt=\"R\u00fchrsch\u00fcsseln aus Edelstahl 304 mit Griff\" class=\"wp-image-12082\" srcset=\"https:\/\/moyahousehold.com\/wp-content\/uploads\/2026\/03\/3-3.jpg 3840w, https:\/\/moyahousehold.com\/wp-content\/uploads\/2026\/03\/3-3-200x300.jpg 200w, https:\/\/moyahousehold.com\/wp-content\/uploads\/2026\/03\/3-3-768x1152.jpg 768w, https:\/\/moyahousehold.com\/wp-content\/uploads\/2026\/03\/3-3-8x12.jpg 8w, https:\/\/moyahousehold.com\/wp-content\/uploads\/2026\/03\/3-3-285x428.jpg 285w, https:\/\/moyahousehold.com\/wp-content\/uploads\/2026\/03\/3-3-1600x2400.jpg 1600w, https:\/\/moyahousehold.com\/wp-content\/uploads\/2026\/03\/3-3-440x660.jpg 440w, https:\/\/moyahousehold.com\/wp-content\/uploads\/2026\/03\/3-3-100x150.jpg 100w\" sizes=\"(max-width: 3840px) 100vw, 3840px\" \/><\/figure>\n<\/div>\n\n\n\n<div class=\"wp-block-column is-layout-flow wp-block-column-is-layout-flow\">\n<figure class=\"wp-block-image size-full\"><img loading=\"lazy\" decoding=\"async\" width=\"3840\" height=\"5760\" src=\"https:\/\/moyahousehold.com\/wp-content\/uploads\/2026\/03\/5-3.jpg\" alt=\"R\u00fchrsch\u00fcsseln aus Edelstahl 304 mit Griff\" class=\"wp-image-12084\" srcset=\"https:\/\/moyahousehold.com\/wp-content\/uploads\/2026\/03\/5-3.jpg 3840w, https:\/\/moyahousehold.com\/wp-content\/uploads\/2026\/03\/5-3-200x300.jpg 200w, https:\/\/moyahousehold.com\/wp-content\/uploads\/2026\/03\/5-3-768x1152.jpg 768w, https:\/\/moyahousehold.com\/wp-content\/uploads\/2026\/03\/5-3-8x12.jpg 8w, https:\/\/moyahousehold.com\/wp-content\/uploads\/2026\/03\/5-3-285x428.jpg 285w, https:\/\/moyahousehold.com\/wp-content\/uploads\/2026\/03\/5-3-1600x2400.jpg 1600w, https:\/\/moyahousehold.com\/wp-content\/uploads\/2026\/03\/5-3-440x660.jpg 440w, https:\/\/moyahousehold.com\/wp-content\/uploads\/2026\/03\/5-3-100x150.jpg 100w\" sizes=\"(max-width: 3840px) 100vw, 3840px\" \/><\/figure>\n<\/div>\n<\/div>\n\n\n\n<h3 class=\"wp-block-heading\">1. Lebensmittelgeeigneter 304-Edelstahl: Sicherheit zuerst f\u00fcr Sie und Ihre Familie<\/h3>\n\n\n\n<p>Gesundheit ist die erste Wahl: Hergestellt aus hochwertigem Edelstahl 304, korrosionsbest\u00e4ndig, rostfrei und ungiftig. Keine Geruchsaufnahme auch bei sauren\/alkalischen Zutaten (Zitronen, Eier usw.), sicher zum Marinieren, Mischen und Aufbewahren von Lebensmitteln.<\/p>\n\n\n\n<h3 class=\"wp-block-heading\">2. Hitzebest\u00e4ndiger Griff: Sicher und stabil zu halten, auch mit hei\u00dfen Lebensmitteln<\/h3>\n\n\n\n<p>Hitzebest\u00e4ndiger Griff: Bleibt k\u00fchl, wenn Sie hei\u00dfe Speisen (Suppen, Eint\u00f6pfe usw.) halten, ergonomisches Design sorgt f\u00fcr einen festen Griff. Verhindert Abrutschen und Verbr\u00fchen, praktisch f\u00fcr schnelles Umf\u00fcllen von Speisen.<\/p>\n\n\n\n<h3 class=\"wp-block-heading\">3. Eingebaute Messmarkierungen: Pr\u00e4zises Vorbereiten - jedes Mal<\/h3>\n\n\n\n<p>Vergessen Sie das Jonglieren mit mehreren Messbechern und L\u00f6ffeln - unsere R\u00fchrsch\u00fcssel hat klare, leicht lesbare Messmarkierungen (ml &amp; cup) auf der Innenseite aufgedruckt. Ganz gleich, ob Sie einen Kuchen backen, der genaue Mengen an Milch und Mehl erfordert, oder eine So\u00dfe anr\u00fchren, die pr\u00e4zise gew\u00fcrzt werden muss, diese Markierungen erleichtern das Abmessen direkt in der Sch\u00fcssel. Sparen Sie Zeit, reduzieren Sie den Reinigungsaufwand und erzielen Sie jedes Mal gleichbleibende Ergebnisse.<\/p>\n\n\n\n<h3 class=\"wp-block-heading\">4. Verdickt &amp; bruchsicher: Langlebig f\u00fcr den t\u00e4glichen Gebrauch<\/h3>\n\n\n\n<p>In der K\u00fcche kann es chaotisch zugehen, aber Ihre Sch\u00fcssel muss nicht zerbrechlich sein. Unsere R\u00fchrsch\u00fcssel ist f\u00fcr zus\u00e4tzliche Haltbarkeit verdickt - sie verbiegt sich nicht, verzieht sich nicht und bricht nicht, selbst wenn Sie sie versehentlich fallen lassen (ja, selbst wenn Ihre Kinder sie von der Arbeitsplatte sto\u00dfen!). Im Gegensatz zu Glas- oder Keramiksch\u00fcsseln, die leicht zerbrechen, ist diese Edelstahlsch\u00fcssel so gebaut, dass sie jahrelang im t\u00e4glichen Gebrauch h\u00e4lt. Perfekt f\u00fcr vielbesch\u00e4ftigte Haushalte, Wohnmobile oder das Kochen im Freien.<\/p>\n\n\n\n<h3 class=\"wp-block-heading\">5. Leicht zu reinigen &amp; Antihaft-\u00d6l: Weniger Zeit zum Schrubben, mehr Zeit zum Genie\u00dfen<\/h3>\n\n\n\n<p>Niemand verbringt gern Stunden mit dem Schrubben von schmutzigem Geschirr. Die glatte Oberfl\u00e4che unserer Sch\u00fcssel aus 304er-Edelstahl klebt nicht an \u00d6l und Essensresten - einfach mit Wasser absp\u00fclen und mit einem Tuch abwischen, und sie ist in Sekunden sauber. Au\u00dferdem ist sie sp\u00fclmaschinenfest, sodass Sie sie problemlos in der Sp\u00fclmaschine reinigen k\u00f6nnen. Ideal, wenn Sie eine Dinnerparty veranstalten oder eine gro\u00dfe Mahlzeit kochen und keine Zeit haben, das Geschirr von Hand zu sp\u00fclen.<\/p>\n\n\n\n<h3 class=\"wp-block-heading\">6. Praktische Gr\u00f6\u00dfe: Ideal f\u00fcr mehrere Aufgaben in der K\u00fcche<\/h3>\n\n\n\n<p>With a practical capacity (220ML\/800ML), this mixing bowl is designed to cover most of your daily kitchen needs. Use it for prepping eggs, mixing spices, marinating small portions of meat, mixing salads, or storing leftovers. The compact design also saves space in your kitchen cabinet\u2014easy to store without cluttering shelves!<\/p>\n\n\n\n<p><\/p>","protected":false},"excerpt":{"rendered":"<h2 class=\"header-vfC6AV auto-hide-last-sibling-br\">Anpassungsdienste<\/h2>\n<div class=\"auto-hide-last-sibling-br paragraph-JOTKXA paragraph-element br-paragraph-space\">Als professioneller Hersteller von Lunchboxen bieten wir umfassende OEM- und ODM-L\u00f6sungen:<\/div>\n<ul class=\"auto-hide-last-sibling-br\">\n<li><strong>OEM<\/strong>: Passen Sie Logos, Aufdrucke oder Verpackungen an Ihre Markenidentit\u00e4t an. Sie k\u00f6nnen auch verschiedene Farben f\u00fcr die \u00e4u\u00dfere H\u00fclle w\u00e4hlen, die zu Ihrem Markenstil passen.<\/li>\n<li><strong>ODM<\/strong>: Wir arbeiten am Produktdesign mit, von der Anordnung der F\u00e4cher (Anpassung der Anzahl und Gr\u00f6\u00dfe der F\u00e4cher) bis hin zur Materialausf\u00fchrung, um einzigartige, marktgerechte L\u00f6sungen zu schaffen. Wir k\u00f6nnen auch die Dichtungsstruktur optimieren oder spezielle funktionale Designs entsprechend Ihren Anforderungen hinzuf\u00fcgen.<\/li>\n<\/ul>","protected":false},"featured_media":12077,"comment_status":"closed","ping_status":"closed","template":"","meta":[],"product_cat":[55],"product_tag":[113,111,112,110],"class_list":{"0":"post-12073","1":"product","2":"type-product","3":"status-publish","4":"has-post-thumbnail","6":"product_cat-salad-bowl-wholesale","7":"product_tag-breakfast-cup","8":"product_tag-cooking-bowl","9":"product_tag-mixing-bowl","10":"product_tag-salad-bowl","12":"first","13":"instock","14":"shipping-taxable","15":"product-type-simple"},"_links":{"self":[{"href":"https:\/\/moyahousehold.com\/de\/wp-json\/wp\/v2\/product\/12073","targetHints":{"allow":["GET"]}}],"collection":[{"href":"https:\/\/moyahousehold.com\/de\/wp-json\/wp\/v2\/product"}],"about":[{"href":"https:\/\/moyahousehold.com\/de\/wp-json\/wp\/v2\/types\/product"}],"replies":[{"embeddable":true,"href":"https:\/\/moyahousehold.com\/de\/wp-json\/wp\/v2\/comments?post=12073"}],"version-history":[{"count":0,"href":"https:\/\/moyahousehold.com\/de\/wp-json\/wp\/v2\/product\/12073\/revisions"}],"wp:featuredmedia":[{"embeddable":true,"href":"https:\/\/moyahousehold.com\/de\/wp-json\/wp\/v2\/media\/12077"}],"wp:attachment":[{"href":"https:\/\/moyahousehold.com\/de\/wp-json\/wp\/v2\/media?parent=12073"}],"wp:term":[{"taxonomy":"product_cat","embeddable":true,"href":"https:\/\/moyahousehold.com\/de\/wp-json\/wp\/v2\/product_cat?post=12073"},{"taxonomy":"product_tag","embeddable":true,"href":"https:\/\/moyahousehold.com\/de\/wp-json\/wp\/v2\/product_tag?post=12073"}],"curies":[{"name":"wp","href":"https:\/\/api.w.org\/{rel}","templated":true}]}}