{"id":12128,"date":"2026-03-27T08:46:25","date_gmt":"2026-03-27T07:50:35","guid":{"rendered":"https:\/\/moyahousehold.com\/?post_type=product&#038;p=12128"},"modified":"2026-03-27T08:49:44","modified_gmt":"2026-03-27T08:49:44","slug":"moya-food-grade-304-stainless-steel-airtight-storage-box-multi-grid-insulated-fresh-keeping-container","status":"publish","type":"product","link":"https:\/\/moyahousehold.com\/de\/produkt\/moya-food-grade-304-stainless-steel-airtight-storage-box-multi-grid-insulated-fresh-keeping-container\/","title":{"rendered":"MOYA Food-Grade 304 Stainless Steel Airtight Storage Box | Multi-Grid Insulated Fresh-Keeping Container"},"content":{"rendered":"<h2 class=\"wp-block-heading\">Parameters of Multi-Grid Lunch Box<\/h2>\n\n\n\n<p><strong>Material:<\/strong> SUS304 + PP + Silicone <strong> Farbe:<\/strong> Beige\/Khaki<\/p>\n\n\n\n<figure class=\"wp-block-table\"><table class=\"has-fixed-layout\"><tbody><tr><td>Artikel<\/td><td>Kapazit\u00e4t<\/td><td>Gr\u00f6\u00dfe\/PCS<\/td><td>N.W.\/PCS<\/td><td>G.W.\/CTN<\/td><\/tr><tr><td>MYJD442<\/td><td>740ML\/3 Grids<\/td><td>22.5*15.2*7<\/td><td>0.46<\/td><td>18.6<\/td><\/tr><tr><td>MYJD443<\/td><td>700ML\/4 Grids<\/td><td>22.5*15.2*7<\/td><td>0.46<\/td><td>18.6<\/td><\/tr><tr><td>MYJD444<\/td><td>720ML\/2 Grids<\/td><td>27.3*11.2*6.5<\/td><td>0.42<\/td><td>22.2<\/td><\/tr><tr><td>MYJD445<\/td><td>650ML\/3 Grids<\/td><td>27.3*11.2*6.5<\/td><td>0.43<\/td><td>22.5<\/td><\/tr><tr><td>MYJD446<\/td><td>1400ML\/4 Grids<\/td><td>27*21.1*7.2<\/td><td>0.77<\/td><td>20.5<\/td><\/tr><tr><td>MYJD447<\/td><td>1350ML\/5 Grids<\/td><td>27*21.1*7.2<\/td><td>0.77<\/td><td>20.5<\/td><\/tr><\/tbody><\/table><\/figure>\n\n\n\n<h3 class=\"wp-block-heading\">Individuelle Lunchbox-Optionen<\/h3>\n\n\n\n<p><strong>Logo<\/strong>: Gestalten Sie Ihr Markenlogo auf der Bento-Box aus Edelstahl und der Verpackung.<br><strong>Logo-Optionen<\/strong>: gedrucktes Logo, lasergraviertes Logo, etc.<br><strong>Muster<\/strong>: Druck von individuellen Mustern auf Produkte und Verpackungen.<br><strong>Drucktechnik<\/strong>Wassertransferdruck, Siebdruck, W\u00e4rmetransferdruck, Sublimationstransfer, etc.<br><strong>Paket<\/strong>:Farbkasten.<br><a href=\"https:\/\/moyahousehold.com\/de\/individuelle-losung\/\"><strong>Erfahren Sie mehr \u00fcber individuelle L\u00f6sungen f\u00fcr Lunchpakete.<\/strong><\/a><\/p>\n\n\n\n<div class=\"wp-block-columns is-layout-flex wp-container-core-columns-is-layout-9d6595d7 wp-block-columns-is-layout-flex\">\n<div class=\"wp-block-column is-layout-flow wp-block-column-is-layout-flow\">\n<figure class=\"wp-block-image size-full\"><img fetchpriority=\"high\" decoding=\"async\" width=\"800\" height=\"800\" src=\"https:\/\/moyahousehold.com\/wp-content\/uploads\/2026\/03\/2-7.jpg\" alt=\"MOYA 304 Stainless Steel Bento Box with Open Compartments\" class=\"wp-image-12132\" srcset=\"https:\/\/moyahousehold.com\/wp-content\/uploads\/2026\/03\/2-7.jpg 800w, https:\/\/moyahousehold.com\/wp-content\/uploads\/2026\/03\/2-7-300x300.jpg 300w, https:\/\/moyahousehold.com\/wp-content\/uploads\/2026\/03\/2-7-150x150.jpg 150w, https:\/\/moyahousehold.com\/wp-content\/uploads\/2026\/03\/2-7-768x768.jpg 768w, https:\/\/moyahousehold.com\/wp-content\/uploads\/2026\/03\/2-7-12x12.jpg 12w, https:\/\/moyahousehold.com\/wp-content\/uploads\/2026\/03\/2-7-285x285.jpg 285w, https:\/\/moyahousehold.com\/wp-content\/uploads\/2026\/03\/2-7-270x270.jpg 270w, https:\/\/moyahousehold.com\/wp-content\/uploads\/2026\/03\/2-7-540x540.jpg 540w, https:\/\/moyahousehold.com\/wp-content\/uploads\/2026\/03\/2-7-660x660.jpg 660w\" sizes=\"(max-width: 800px) 100vw, 800px\" \/><\/figure>\n<\/div>\n\n\n\n<div class=\"wp-block-column is-layout-flow wp-block-column-is-layout-flow\">\n<figure class=\"wp-block-image size-full\"><img decoding=\"async\" width=\"800\" height=\"800\" src=\"https:\/\/moyahousehold.com\/wp-content\/uploads\/2026\/03\/5-6.jpg\" alt=\"MOYA 304 Stainless Steel Bento Box with Open Compartments\" class=\"wp-image-12135\" srcset=\"https:\/\/moyahousehold.com\/wp-content\/uploads\/2026\/03\/5-6.jpg 800w, https:\/\/moyahousehold.com\/wp-content\/uploads\/2026\/03\/5-6-300x300.jpg 300w, https:\/\/moyahousehold.com\/wp-content\/uploads\/2026\/03\/5-6-150x150.jpg 150w, https:\/\/moyahousehold.com\/wp-content\/uploads\/2026\/03\/5-6-768x768.jpg 768w, https:\/\/moyahousehold.com\/wp-content\/uploads\/2026\/03\/5-6-12x12.jpg 12w, https:\/\/moyahousehold.com\/wp-content\/uploads\/2026\/03\/5-6-285x285.jpg 285w, https:\/\/moyahousehold.com\/wp-content\/uploads\/2026\/03\/5-6-270x270.jpg 270w, https:\/\/moyahousehold.com\/wp-content\/uploads\/2026\/03\/5-6-540x540.jpg 540w, https:\/\/moyahousehold.com\/wp-content\/uploads\/2026\/03\/5-6-660x660.jpg 660w\" sizes=\"(max-width: 800px) 100vw, 800px\" \/><\/figure>\n<\/div>\n<\/div>\n\n\n\n<div class=\"wp-block-columns is-layout-flex wp-container-core-columns-is-layout-9d6595d7 wp-block-columns-is-layout-flex\">\n<div class=\"wp-block-column is-layout-flow wp-block-column-is-layout-flow\">\n<figure class=\"wp-block-image size-full\"><img decoding=\"async\" width=\"4160\" height=\"6240\" src=\"https:\/\/moyahousehold.com\/wp-content\/uploads\/2026\/03\/4-9.jpg\" alt=\"MOYA 304 Stainless Steel Bento Box with Open Compartments\" class=\"wp-image-12139\" srcset=\"https:\/\/moyahousehold.com\/wp-content\/uploads\/2026\/03\/4-9.jpg 4160w, https:\/\/moyahousehold.com\/wp-content\/uploads\/2026\/03\/4-9-200x300.jpg 200w, https:\/\/moyahousehold.com\/wp-content\/uploads\/2026\/03\/4-9-768x1152.jpg 768w, https:\/\/moyahousehold.com\/wp-content\/uploads\/2026\/03\/4-9-8x12.jpg 8w, https:\/\/moyahousehold.com\/wp-content\/uploads\/2026\/03\/4-9-285x428.jpg 285w, https:\/\/moyahousehold.com\/wp-content\/uploads\/2026\/03\/4-9-1600x2400.jpg 1600w, https:\/\/moyahousehold.com\/wp-content\/uploads\/2026\/03\/4-9-440x660.jpg 440w, https:\/\/moyahousehold.com\/wp-content\/uploads\/2026\/03\/4-9-100x150.jpg 100w\" sizes=\"(max-width: 4160px) 100vw, 4160px\" \/><\/figure>\n<\/div>\n\n\n\n<div class=\"wp-block-column is-layout-flow wp-block-column-is-layout-flow\">\n<figure class=\"wp-block-image size-full\"><img loading=\"lazy\" decoding=\"async\" width=\"4160\" height=\"6240\" src=\"https:\/\/moyahousehold.com\/wp-content\/uploads\/2026\/03\/3-8.jpg\" alt=\"MOYA 304 Stainless Steel Bento Box with Open Compartments\" class=\"wp-image-12138\" srcset=\"https:\/\/moyahousehold.com\/wp-content\/uploads\/2026\/03\/3-8.jpg 4160w, https:\/\/moyahousehold.com\/wp-content\/uploads\/2026\/03\/3-8-200x300.jpg 200w, https:\/\/moyahousehold.com\/wp-content\/uploads\/2026\/03\/3-8-768x1152.jpg 768w, https:\/\/moyahousehold.com\/wp-content\/uploads\/2026\/03\/3-8-8x12.jpg 8w, https:\/\/moyahousehold.com\/wp-content\/uploads\/2026\/03\/3-8-285x428.jpg 285w, https:\/\/moyahousehold.com\/wp-content\/uploads\/2026\/03\/3-8-1600x2400.jpg 1600w, https:\/\/moyahousehold.com\/wp-content\/uploads\/2026\/03\/3-8-440x660.jpg 440w, https:\/\/moyahousehold.com\/wp-content\/uploads\/2026\/03\/3-8-100x150.jpg 100w\" sizes=\"(max-width: 4160px) 100vw, 4160px\" \/><\/figure>\n<\/div>\n<\/div>\n\n\n\n<div class=\"wp-block-columns is-layout-flex wp-container-core-columns-is-layout-9d6595d7 wp-block-columns-is-layout-flex\">\n<div class=\"wp-block-column is-layout-flow wp-block-column-is-layout-flow\">\n<figure class=\"wp-block-image size-full\"><img loading=\"lazy\" decoding=\"async\" width=\"4160\" height=\"6240\" src=\"https:\/\/moyahousehold.com\/wp-content\/uploads\/2026\/03\/1-9.jpg\" alt=\"MOYA 304 Stainless Steel Bento Box with Open Compartments\" class=\"wp-image-12136\" srcset=\"https:\/\/moyahousehold.com\/wp-content\/uploads\/2026\/03\/1-9.jpg 4160w, https:\/\/moyahousehold.com\/wp-content\/uploads\/2026\/03\/1-9-200x300.jpg 200w, https:\/\/moyahousehold.com\/wp-content\/uploads\/2026\/03\/1-9-768x1152.jpg 768w, https:\/\/moyahousehold.com\/wp-content\/uploads\/2026\/03\/1-9-8x12.jpg 8w, https:\/\/moyahousehold.com\/wp-content\/uploads\/2026\/03\/1-9-285x428.jpg 285w, https:\/\/moyahousehold.com\/wp-content\/uploads\/2026\/03\/1-9-1600x2400.jpg 1600w, https:\/\/moyahousehold.com\/wp-content\/uploads\/2026\/03\/1-9-440x660.jpg 440w, https:\/\/moyahousehold.com\/wp-content\/uploads\/2026\/03\/1-9-100x150.jpg 100w\" sizes=\"(max-width: 4160px) 100vw, 4160px\" \/><\/figure>\n<\/div>\n\n\n\n<div class=\"wp-block-column is-layout-flow wp-block-column-is-layout-flow\">\n<figure class=\"wp-block-image size-full\"><img loading=\"lazy\" decoding=\"async\" width=\"4160\" height=\"6240\" src=\"https:\/\/moyahousehold.com\/wp-content\/uploads\/2026\/03\/2-8.jpg\" alt=\"MOYA 304 Stainless Steel Bento Box with Open Compartments\" class=\"wp-image-12137\" srcset=\"https:\/\/moyahousehold.com\/wp-content\/uploads\/2026\/03\/2-8.jpg 4160w, https:\/\/moyahousehold.com\/wp-content\/uploads\/2026\/03\/2-8-200x300.jpg 200w, https:\/\/moyahousehold.com\/wp-content\/uploads\/2026\/03\/2-8-768x1152.jpg 768w, https:\/\/moyahousehold.com\/wp-content\/uploads\/2026\/03\/2-8-8x12.jpg 8w, https:\/\/moyahousehold.com\/wp-content\/uploads\/2026\/03\/2-8-285x428.jpg 285w, https:\/\/moyahousehold.com\/wp-content\/uploads\/2026\/03\/2-8-1600x2400.jpg 1600w, https:\/\/moyahousehold.com\/wp-content\/uploads\/2026\/03\/2-8-440x660.jpg 440w, https:\/\/moyahousehold.com\/wp-content\/uploads\/2026\/03\/2-8-100x150.jpg 100w\" sizes=\"(max-width: 4160px) 100vw, 4160px\" \/><\/figure>\n<\/div>\n<\/div>","protected":false},"excerpt":{"rendered":"<p>Wholesale stainless steel Multi-grid lunch box, with a portable design, suitable for taking out. The multi-grid design allows users to easily bring a variety of food. As a professional lunch box manufacturer, we provide wholesale and customized lunch box services. Wholesalers, retailers and schools with relevant needs are welcome to contact us.<\/p>\n<h3>Parameters Of Stainless Steel Multi-Grid Lunch Box<\/h3>\n<p><strong>Hochwertige Materialien:<\/strong> Diese Lunchbox ist aus hochwertigem 304er Edelstahl gefertigt, der kein BPA enth\u00e4lt und sich sehr gut eignet, um eine Vielzahl von hei\u00dfen und kalten Speisen lange aufzubewahren.<\/p>\n<p>&nbsp;<\/p>\n<p><strong>Leicht zu reinigen:<\/strong> Die Innenfl\u00e4che der Brotdose ist poliert. F\u00fcr die t\u00e4gliche Reinigung gen\u00fcgt es, sie abzusp\u00fclen oder abzuwischen, um Flecken leicht zu entfernen. Au\u00dferdem kann sie in der Sp\u00fclmaschine gereinigt werden, damit Sie Zeit sparen.<\/p>\n<p>&nbsp;<\/p>\n<p><strong>Multi-Grid design:<\/strong> This stainless steel lunch box has multi grid to store wet and dry foods separately, keeping each food fresh and original.<\/p>\n<p>&nbsp;<\/p>\n<p><strong>Multi-Szenario-Anwendung:<\/strong> Diese Lunchbox aus Edelstahl ist leicht zu transportieren und eignet sich f\u00fcr den Gebrauch zu Hause, im B\u00fcro, auf Reisen und beim Essengehen.<\/p>\n<p>&nbsp;<\/p>\n<p><strong>Praktisches Design:<\/strong> Diese Lunchbox aus Edelstahl verf\u00fcgt \u00fcber einen eingebauten Dichtungsring aus hochwertigem, lebensmittelechtem Silikon und einen festen Verschluss, der das Auslaufen von Suppe und anderen Fl\u00fcssigkeiten wirksam verhindert, wodurch sie sich sehr gut zum Mitnehmen eignet.<\/p>\n<p>&nbsp;<\/p>\n<p><strong>OEM&amp;ODM-Anpassung:<\/strong> Als Hersteller von Brotdosen im Gro\u00dfhandel bieten wir umfassende kundenspezifische L\u00f6sungen f\u00fcr Brotdosen. Einschlie\u00dflich kundenspezifischer Aussehen Farbe, Kapazit\u00e4t Design und Markenlogo.<\/p>","protected":false},"featured_media":12131,"comment_status":"closed","ping_status":"closed","template":"","meta":[],"product_cat":[58],"product_tag":[87,92],"class_list":{"0":"post-12128","1":"product","2":"type-product","3":"status-publish","4":"has-post-thumbnail","6":"product_cat-lunch-box-wholesale","7":"product_tag-wholesale-multi-compartment-lunch-box","8":"product_tag-wholesale-rectangle-lunch-box","10":"first","11":"instock","12":"shipping-taxable","13":"product-type-simple"},"_links":{"self":[{"href":"https:\/\/moyahousehold.com\/de\/wp-json\/wp\/v2\/product\/12128","targetHints":{"allow":["GET"]}}],"collection":[{"href":"https:\/\/moyahousehold.com\/de\/wp-json\/wp\/v2\/product"}],"about":[{"href":"https:\/\/moyahousehold.com\/de\/wp-json\/wp\/v2\/types\/product"}],"replies":[{"embeddable":true,"href":"https:\/\/moyahousehold.com\/de\/wp-json\/wp\/v2\/comments?post=12128"}],"version-history":[{"count":0,"href":"https:\/\/moyahousehold.com\/de\/wp-json\/wp\/v2\/product\/12128\/revisions"}],"wp:featuredmedia":[{"embeddable":true,"href":"https:\/\/moyahousehold.com\/de\/wp-json\/wp\/v2\/media\/12131"}],"wp:attachment":[{"href":"https:\/\/moyahousehold.com\/de\/wp-json\/wp\/v2\/media?parent=12128"}],"wp:term":[{"taxonomy":"product_cat","embeddable":true,"href":"https:\/\/moyahousehold.com\/de\/wp-json\/wp\/v2\/product_cat?post=12128"},{"taxonomy":"product_tag","embeddable":true,"href":"https:\/\/moyahousehold.com\/de\/wp-json\/wp\/v2\/product_tag?post=12128"}],"curies":[{"name":"wp","href":"https:\/\/api.w.org\/{rel}","templated":true}]}}