{"id":12152,"date":"2026-03-28T02:49:40","date_gmt":"2026-03-28T01:58:22","guid":{"rendered":"https:\/\/moyahousehold.com\/?post_type=product&#038;p=12152"},"modified":"2026-03-28T02:50:13","modified_gmt":"2026-03-28T02:50:13","slug":"moya-304-stainless-steel-insulated-carafe-with-aluminum-handle-eco-friendly-one-button-dispensing-airtight-leak-proof-thermal-carafe-for-home-office-party","status":"publish","type":"product","link":"https:\/\/moyahousehold.com\/de\/produkt\/moya-304-stainless-steel-insulated-carafe-with-aluminum-handle-eco-friendly-one-button-dispensing-airtight-leak-proof-thermal-carafe-for-home-office-party\/","title":{"rendered":"MOYA 304 Stainless Steel Insulated Carafe with Aluminum Handle &#8211; Eco-Friendly One-Button Dispensing, Airtight &amp; Leak-Proof Thermal Carafe for Home, Office &amp; Party"},"content":{"rendered":"<h3 class=\"wp-block-heading\">Parameter der Isolierkanne im D\u00e4nemark-Stil<\/h3>\n\n\n\n<figure class=\"wp-block-table\"><table><tbody><tr><td>Produktname<\/td><td>Farbe<\/td><td>Material<\/td><td>Gr\u00f6\u00dfe des Produkts<\/td><td>Net Weight(kg)<\/td><\/tr><tr><td>1.0L thermos jug with aluminum handle<\/td><td>Nature<\/td><td>PP,304 stainless steel\uff0cSilicone, Aluminum handle<\/td><td>177*110*211mm<\/td><td>1.4<\/td><\/tr><tr><td>1.5L thermos jug with aluminum handle<\/td><td>Nature<\/td><td>PP,304 stainless steel\uff0cSilicone, Aluminum handle<\/td><td>193*120*252mm<\/td><td>1.5<\/td><\/tr><\/tbody><\/table><\/figure>\n\n\n\n<h3 class=\"wp-block-heading\">Kundenspezifische Optionen f\u00fcr Thermokaraffen<\/h3>\n\n\n\n<p><strong>Logo: <\/strong>Ihr Markenlogo auf der Thermokaraffe und der Verpackung anbringen.<br><strong>Logo-Optionen: <\/strong>gedrucktes Logo, lasergraviertes Logo, usw.<br><strong>Muster: <\/strong>Druckmuster<br><strong>Drucktechnik:<\/strong> Wassertransferdruck, Siebdruck, W\u00e4rmetransferdruck, Sublimationstransfer, etc. <br><strong>Verpackung: <\/strong>Farbkasten<br><a href=\"https:\/\/moyahousehold.com\/de\/individuelle-losung\/\"><strong>Entdecken Sie mehr \u00fcber die individuelle Gestaltung von Thermokaraffen<\/strong><\/a><\/p>\n\n\n\n<div class=\"wp-block-columns is-layout-flex wp-container-core-columns-is-layout-9d6595d7 wp-block-columns-is-layout-flex\">\n<div class=\"wp-block-column is-layout-flow wp-block-column-is-layout-flow\">\n<figure class=\"wp-block-image size-full\"><img fetchpriority=\"high\" decoding=\"async\" width=\"800\" height=\"800\" src=\"https:\/\/moyahousehold.com\/wp-content\/uploads\/2026\/03\/2.png\" alt=\"MOYA 304 Stainless Steel Insulated Thermal Carafe with Aluminum Handle, Denmark Style, One-Button Dispensing, Airtight Leak-Proof, for Home Office Party Use\" class=\"wp-image-12157\" srcset=\"https:\/\/moyahousehold.com\/wp-content\/uploads\/2026\/03\/2.png 800w, https:\/\/moyahousehold.com\/wp-content\/uploads\/2026\/03\/2-300x300.png 300w, https:\/\/moyahousehold.com\/wp-content\/uploads\/2026\/03\/2-150x150.png 150w, https:\/\/moyahousehold.com\/wp-content\/uploads\/2026\/03\/2-768x768.png 768w, https:\/\/moyahousehold.com\/wp-content\/uploads\/2026\/03\/2-12x12.png 12w, https:\/\/moyahousehold.com\/wp-content\/uploads\/2026\/03\/2-285x285.png 285w, https:\/\/moyahousehold.com\/wp-content\/uploads\/2026\/03\/2-270x270.png 270w, https:\/\/moyahousehold.com\/wp-content\/uploads\/2026\/03\/2-540x540.png 540w, https:\/\/moyahousehold.com\/wp-content\/uploads\/2026\/03\/2-660x660.png 660w\" sizes=\"(max-width: 800px) 100vw, 800px\" \/><\/figure>\n<\/div>\n\n\n\n<div class=\"wp-block-column is-layout-flow wp-block-column-is-layout-flow\">\n<figure class=\"wp-block-image size-full\"><img decoding=\"async\" width=\"800\" height=\"800\" src=\"https:\/\/moyahousehold.com\/wp-content\/uploads\/2026\/03\/4-2.png\" alt=\"MOYA 304 Stainless Steel Insulated Thermal Carafe with Aluminum Handle, Denmark Style, One-Button Dispensing, Airtight Leak-Proof, for Home Office Party Use\" class=\"wp-image-12153\" srcset=\"https:\/\/moyahousehold.com\/wp-content\/uploads\/2026\/03\/4-2.png 800w, https:\/\/moyahousehold.com\/wp-content\/uploads\/2026\/03\/4-2-300x300.png 300w, https:\/\/moyahousehold.com\/wp-content\/uploads\/2026\/03\/4-2-150x150.png 150w, https:\/\/moyahousehold.com\/wp-content\/uploads\/2026\/03\/4-2-768x768.png 768w, https:\/\/moyahousehold.com\/wp-content\/uploads\/2026\/03\/4-2-12x12.png 12w, https:\/\/moyahousehold.com\/wp-content\/uploads\/2026\/03\/4-2-285x285.png 285w, https:\/\/moyahousehold.com\/wp-content\/uploads\/2026\/03\/4-2-270x270.png 270w, https:\/\/moyahousehold.com\/wp-content\/uploads\/2026\/03\/4-2-540x540.png 540w, https:\/\/moyahousehold.com\/wp-content\/uploads\/2026\/03\/4-2-660x660.png 660w\" sizes=\"(max-width: 800px) 100vw, 800px\" \/><\/figure>\n<\/div>\n<\/div>\n\n\n\n<div class=\"wp-block-columns is-layout-flex wp-container-core-columns-is-layout-9d6595d7 wp-block-columns-is-layout-flex\">\n<div class=\"wp-block-column is-layout-flow wp-block-column-is-layout-flow\">\n<figure class=\"wp-block-image size-full\"><img decoding=\"async\" width=\"800\" height=\"800\" src=\"https:\/\/moyahousehold.com\/wp-content\/uploads\/2026\/03\/6-2.png\" alt=\"MOYA 304 Stainless Steel Insulated Thermal Carafe with Aluminum Handle, Denmark Style, One-Button Dispensing, Airtight Leak-Proof, for Home Office Party Use\" class=\"wp-image-12155\" srcset=\"https:\/\/moyahousehold.com\/wp-content\/uploads\/2026\/03\/6-2.png 800w, https:\/\/moyahousehold.com\/wp-content\/uploads\/2026\/03\/6-2-300x300.png 300w, https:\/\/moyahousehold.com\/wp-content\/uploads\/2026\/03\/6-2-150x150.png 150w, https:\/\/moyahousehold.com\/wp-content\/uploads\/2026\/03\/6-2-768x768.png 768w, https:\/\/moyahousehold.com\/wp-content\/uploads\/2026\/03\/6-2-12x12.png 12w, https:\/\/moyahousehold.com\/wp-content\/uploads\/2026\/03\/6-2-285x285.png 285w, https:\/\/moyahousehold.com\/wp-content\/uploads\/2026\/03\/6-2-270x270.png 270w, https:\/\/moyahousehold.com\/wp-content\/uploads\/2026\/03\/6-2-540x540.png 540w, https:\/\/moyahousehold.com\/wp-content\/uploads\/2026\/03\/6-2-660x660.png 660w\" sizes=\"(max-width: 800px) 100vw, 800px\" \/><\/figure>\n<\/div>\n\n\n\n<div class=\"wp-block-column is-layout-flow wp-block-column-is-layout-flow\">\n<figure class=\"wp-block-image size-full\"><img loading=\"lazy\" decoding=\"async\" width=\"800\" height=\"800\" src=\"https:\/\/moyahousehold.com\/wp-content\/uploads\/2026\/03\/5-3.png\" alt=\"MOYA 304 Stainless Steel Insulated Thermal Carafe with Aluminum Handle, Denmark Style, One-Button Dispensing, Airtight Leak-Proof, for Home Office Party Use\" class=\"wp-image-12154\" srcset=\"https:\/\/moyahousehold.com\/wp-content\/uploads\/2026\/03\/5-3.png 800w, https:\/\/moyahousehold.com\/wp-content\/uploads\/2026\/03\/5-3-300x300.png 300w, https:\/\/moyahousehold.com\/wp-content\/uploads\/2026\/03\/5-3-150x150.png 150w, https:\/\/moyahousehold.com\/wp-content\/uploads\/2026\/03\/5-3-768x768.png 768w, https:\/\/moyahousehold.com\/wp-content\/uploads\/2026\/03\/5-3-12x12.png 12w, https:\/\/moyahousehold.com\/wp-content\/uploads\/2026\/03\/5-3-285x285.png 285w, https:\/\/moyahousehold.com\/wp-content\/uploads\/2026\/03\/5-3-270x270.png 270w, https:\/\/moyahousehold.com\/wp-content\/uploads\/2026\/03\/5-3-540x540.png 540w, https:\/\/moyahousehold.com\/wp-content\/uploads\/2026\/03\/5-3-660x660.png 660w\" sizes=\"(max-width: 800px) 100vw, 800px\" \/><\/figure>\n<\/div>\n<\/div>","protected":false},"excerpt":{"rendered":"<h1 class=\"header-vfC6AV auto-hide-last-sibling-br\">Gro\u00dfhandel D\u00e4nischer Stil Thermoskanne<\/h1>\n<div class=\"auto-hide-last-sibling-br paragraph-JOTKXA paragraph-element br-paragraph-space\">Diese Isolierkanne im d\u00e4nischen Stil bietet mit ihrem schlichten, \u00e4sthetischen Design ein hervorragendes visuelles Erlebnis. Der Holzgriff liegt gut in der Hand und verleiht Ihrem Zuhause einen Hauch von nat\u00fcrlicher Eleganz. Praktischerweise verf\u00fcgt sie \u00fcber ein doppelschichtiges Vakuumdesign, das Getr\u00e4nke bis zu 24 Stunden lang auf ihrer urspr\u00fcnglichen Temperatur halten kann. Bitte kontaktieren Sie uns f\u00fcr ein Angebot.<\/div>\n<h2 class=\"header-vfC6AV auto-hide-last-sibling-br\">Merkmale der Thermischen Isolierkanne<\/h2>\n<ul class=\"auto-hide-last-sibling-br\">\n<li><strong>Einfaches Design<\/strong>: Diese Thermoskanne verf\u00fcgt \u00fcber ein minimalistisches, \u00e4sthetisches Designkonzept, das einen eleganten und modernen Look bietet. Sie l\u00e4sst sich leicht in verschiedene Wohn-, B\u00fcro- oder Hotelumgebungen integrieren.<\/li>\n<li><strong>Griff aus Holz<\/strong>: Diese Thermoskanne ist mit einem ergonomischen Holzgriff ausgestattet, der f\u00fcr ein angenehmes Gef\u00fchl in der Hand sorgt und den Komfort erh\u00f6ht.<\/li>\n<li><strong>Hervorragende W\u00e4rmed\u00e4mmleistung<\/strong>: Die doppelschichtige Vakuum-Isolationstechnologie reduziert effektiv den W\u00e4rmeverlust und h\u00e4lt die Temperatur der Getr\u00e4nke \u00fcber einen l\u00e4ngeren Zeitraum aufrecht.<\/li>\n<li><strong>Umweltfreundliche Materialien<\/strong>: Die Isolierkanne besteht aus BPA-freien, umweltfreundlichen Materialien, die den internationalen Umweltstandards entsprechen und verhindern, dass sch\u00e4dliche Substanzen in den menschlichen K\u00f6rper gelangen.<\/li>\n<li><strong>Wasserabgabe mit einem Knopfdruck<\/strong>: Das einzigartige Design des Ausgie\u00dfers macht das Ausgie\u00dfen sanfter und kontrollierbarer und verhindert das Verspritzen von Wasser. Sie eignet sich zum Ausgie\u00dfen von Tee, Kaffee und hei\u00dfem Wasser.<\/li>\n<li><strong>Design mit kleiner Kapazit\u00e4t<\/strong>: The 1.0L\/1.5L capacity is ideal for personal or small family use, meeting the daily drinking needs of a single person and the requirements for short trips.<\/li>\n<li><strong>OEM- und ODM-Anpassungsl\u00f6sungen<\/strong>: Moya, der Hersteller von Thermokaraffen, kann das Aussehen des Produkts, das Fassungsverm\u00f6gen, die Farbe, das Markenlogo und vieles mehr an die individuellen Bed\u00fcrfnisse der Kunden anpassen.<\/li>\n<\/ul>","protected":false},"featured_media":12159,"comment_status":"closed","ping_status":"closed","template":"","meta":[],"product_cat":[54],"product_tag":[66,115,85],"class_list":{"0":"post-12152","1":"product","2":"type-product","3":"status-publish","4":"has-post-thumbnail","6":"product_cat-thermal-carafe-wholesale","7":"product_tag-wholesale-1000ml-thermos-carafe","8":"product_tag-1-5l-thermos-jug","9":"product_tag-wholesale-stainless-steel-liner-thermos-carafe","11":"first","12":"instock","13":"shipping-taxable","14":"product-type-simple"},"_links":{"self":[{"href":"https:\/\/moyahousehold.com\/de\/wp-json\/wp\/v2\/product\/12152","targetHints":{"allow":["GET"]}}],"collection":[{"href":"https:\/\/moyahousehold.com\/de\/wp-json\/wp\/v2\/product"}],"about":[{"href":"https:\/\/moyahousehold.com\/de\/wp-json\/wp\/v2\/types\/product"}],"replies":[{"embeddable":true,"href":"https:\/\/moyahousehold.com\/de\/wp-json\/wp\/v2\/comments?post=12152"}],"version-history":[{"count":0,"href":"https:\/\/moyahousehold.com\/de\/wp-json\/wp\/v2\/product\/12152\/revisions"}],"wp:featuredmedia":[{"embeddable":true,"href":"https:\/\/moyahousehold.com\/de\/wp-json\/wp\/v2\/media\/12159"}],"wp:attachment":[{"href":"https:\/\/moyahousehold.com\/de\/wp-json\/wp\/v2\/media?parent=12152"}],"wp:term":[{"taxonomy":"product_cat","embeddable":true,"href":"https:\/\/moyahousehold.com\/de\/wp-json\/wp\/v2\/product_cat?post=12152"},{"taxonomy":"product_tag","embeddable":true,"href":"https:\/\/moyahousehold.com\/de\/wp-json\/wp\/v2\/product_tag?post=12152"}],"curies":[{"name":"wp","href":"https:\/\/api.w.org\/{rel}","templated":true}]}}