{"id":12162,"date":"2026-03-28T03:22:27","date_gmt":"2026-03-28T02:56:09","guid":{"rendered":"https:\/\/moyahousehold.com\/?post_type=product&#038;p=12162"},"modified":"2026-03-28T03:23:19","modified_gmt":"2026-03-28T03:23:19","slug":"round-304-stainless-steel-food-storage-jars-with-airtight-lids-premium-bulk-food-canisters-for-kitchen-organization","status":"publish","type":"product","link":"https:\/\/moyahousehold.com\/de\/produkt\/round-304-stainless-steel-food-storage-jars-with-airtight-lids-premium-bulk-food-canisters-for-kitchen-organization\/","title":{"rendered":"Round 304 Stainless Steel Food Storage Jars with Airtight Lids | Premium Bulk Food Canisters for Kitchen Organization"},"content":{"rendered":"<div class=\"wp-block-columns is-layout-flex wp-container-core-columns-is-layout-9d6595d7 wp-block-columns-is-layout-flex\">\n<div class=\"wp-block-column is-layout-flow wp-block-column-is-layout-flow\">\n<h3 class=\"wp-block-heading\">Parameter von Lebensmittelbeh\u00e4ltern mit Deckeln<\/h3>\n\n\n\n<figure class=\"wp-block-table\"><table class=\"has-fixed-layout\"><tbody><tr><td>Artikel<\/td><td>Material<\/td><td>Kapazit\u00e4t<\/td><td>Gr\u00f6\u00dfe\/PCS<\/td><td>N.W.\/PCS<\/td><\/tr><tr><td>MYJD448<\/td><td>304+PP+Silikon<\/td><td>350ml<\/td><td>10.5*10.5*6<\/td><td>0.09<\/td><\/tr><tr><td>MYJD449<\/td><td>304+PP+Silikon<\/td><td>550ml<\/td><td>13*13*6.5<\/td><td>0.13<\/td><\/tr><\/tbody><\/table><\/figure>\n<\/div>\n<\/div>\n\n\n\n<h3 class=\"wp-block-heading\">Kundenspezifische Optionen f\u00fcr Lebensmittelbeh\u00e4lter<\/h3>\n\n\n\n<p><strong>Logo<\/strong>: Individuelle Gestaltung Ihres Markenlogos auf Produkten und Verpackungen.<br><strong>Deckel<\/strong>: PP lid<br><strong>Logo-Optionen<\/strong>: gedrucktes Logo, lasergraviertes Logo, etc.<br><strong>Muster<\/strong>Druckmuster auf Lebensmittelbeh\u00e4ltern.<br><strong>Drucktechnik<\/strong>Wassertransferdruck, Siebdruck, W\u00e4rmetransferdruck, usw.<br><strong>Paket:<\/strong> Farbkasten.<br><a href=\"https:\/\/moyahousehold.com\/de\/individuelle-losung\/\" data-type=\"page\" data-id=\"2817\" target=\"_blank\" rel=\"noreferrer noopener\"><strong>Entdecken Sie weitere individuelle L\u00f6sungen f\u00fcr Lebensmittelbeh\u00e4lter.<\/strong><\/a><\/p>\n\n\n\n<div class=\"wp-block-columns is-layout-flex wp-container-core-columns-is-layout-9d6595d7 wp-block-columns-is-layout-flex\">\n<div class=\"wp-block-column is-layout-flow wp-block-column-is-layout-flow\">\n<figure class=\"wp-block-image size-full\"><img fetchpriority=\"high\" decoding=\"async\" width=\"800\" height=\"800\" src=\"https:\/\/moyahousehold.com\/wp-content\/uploads\/2026\/03\/2-9.jpg\" alt=\"MOYA 304 Stainless Steel Airtight Food Storage Containers with Lids, Leakproof Stackable Lunch Boxes for Fridge Freezer Office Student Use\" class=\"wp-image-12167\" srcset=\"https:\/\/moyahousehold.com\/wp-content\/uploads\/2026\/03\/2-9.jpg 800w, https:\/\/moyahousehold.com\/wp-content\/uploads\/2026\/03\/2-9-300x300.jpg 300w, https:\/\/moyahousehold.com\/wp-content\/uploads\/2026\/03\/2-9-150x150.jpg 150w, https:\/\/moyahousehold.com\/wp-content\/uploads\/2026\/03\/2-9-768x768.jpg 768w, https:\/\/moyahousehold.com\/wp-content\/uploads\/2026\/03\/2-9-12x12.jpg 12w, https:\/\/moyahousehold.com\/wp-content\/uploads\/2026\/03\/2-9-285x285.jpg 285w, https:\/\/moyahousehold.com\/wp-content\/uploads\/2026\/03\/2-9-270x270.jpg 270w, https:\/\/moyahousehold.com\/wp-content\/uploads\/2026\/03\/2-9-540x540.jpg 540w, https:\/\/moyahousehold.com\/wp-content\/uploads\/2026\/03\/2-9-660x660.jpg 660w\" sizes=\"(max-width: 800px) 100vw, 800px\" \/><\/figure>\n<\/div>\n\n\n\n<div class=\"wp-block-column is-layout-flow wp-block-column-is-layout-flow\">\n<figure class=\"wp-block-image size-full\"><img decoding=\"async\" width=\"800\" height=\"800\" src=\"https:\/\/moyahousehold.com\/wp-content\/uploads\/2026\/03\/5-7.jpg\" alt=\"MOYA 304 Stainless Steel Airtight Food Storage Containers with Lids, Leakproof Stackable Lunch Boxes for Fridge Freezer Office Student Use\" class=\"wp-image-12164\" srcset=\"https:\/\/moyahousehold.com\/wp-content\/uploads\/2026\/03\/5-7.jpg 800w, https:\/\/moyahousehold.com\/wp-content\/uploads\/2026\/03\/5-7-300x300.jpg 300w, https:\/\/moyahousehold.com\/wp-content\/uploads\/2026\/03\/5-7-150x150.jpg 150w, https:\/\/moyahousehold.com\/wp-content\/uploads\/2026\/03\/5-7-768x768.jpg 768w, https:\/\/moyahousehold.com\/wp-content\/uploads\/2026\/03\/5-7-12x12.jpg 12w, https:\/\/moyahousehold.com\/wp-content\/uploads\/2026\/03\/5-7-285x285.jpg 285w, https:\/\/moyahousehold.com\/wp-content\/uploads\/2026\/03\/5-7-270x270.jpg 270w, https:\/\/moyahousehold.com\/wp-content\/uploads\/2026\/03\/5-7-540x540.jpg 540w, https:\/\/moyahousehold.com\/wp-content\/uploads\/2026\/03\/5-7-660x660.jpg 660w\" sizes=\"(max-width: 800px) 100vw, 800px\" \/><\/figure>\n<\/div>\n<\/div>\n\n\n\n<div class=\"wp-block-columns is-layout-flex wp-container-core-columns-is-layout-9d6595d7 wp-block-columns-is-layout-flex\">\n<div class=\"wp-block-column is-layout-flow wp-block-column-is-layout-flow\">\n<div class=\"wp-block-columns is-layout-flex wp-container-core-columns-is-layout-9d6595d7 wp-block-columns-is-layout-flex\">\n<div class=\"wp-block-column is-layout-flow wp-block-column-is-layout-flow\">\n<figure class=\"wp-block-image size-full\"><img decoding=\"async\" width=\"800\" height=\"800\" src=\"https:\/\/moyahousehold.com\/wp-content\/uploads\/2026\/03\/3-9.jpg\" alt=\"MOYA 304 Stainless Steel Airtight Food Storage Containers with Lids, Leakproof Stackable Lunch Boxes for Fridge Freezer Office Student Use\" class=\"wp-image-12168\" srcset=\"https:\/\/moyahousehold.com\/wp-content\/uploads\/2026\/03\/3-9.jpg 800w, https:\/\/moyahousehold.com\/wp-content\/uploads\/2026\/03\/3-9-300x300.jpg 300w, https:\/\/moyahousehold.com\/wp-content\/uploads\/2026\/03\/3-9-150x150.jpg 150w, https:\/\/moyahousehold.com\/wp-content\/uploads\/2026\/03\/3-9-768x768.jpg 768w, https:\/\/moyahousehold.com\/wp-content\/uploads\/2026\/03\/3-9-12x12.jpg 12w, https:\/\/moyahousehold.com\/wp-content\/uploads\/2026\/03\/3-9-285x285.jpg 285w, https:\/\/moyahousehold.com\/wp-content\/uploads\/2026\/03\/3-9-270x270.jpg 270w, https:\/\/moyahousehold.com\/wp-content\/uploads\/2026\/03\/3-9-540x540.jpg 540w, https:\/\/moyahousehold.com\/wp-content\/uploads\/2026\/03\/3-9-660x660.jpg 660w\" sizes=\"(max-width: 800px) 100vw, 800px\" \/><\/figure>\n<\/div>\n\n\n\n<div class=\"wp-block-column is-layout-flow wp-block-column-is-layout-flow\">\n<figure class=\"wp-block-image size-full\"><img loading=\"lazy\" decoding=\"async\" width=\"800\" height=\"800\" src=\"https:\/\/moyahousehold.com\/wp-content\/uploads\/2026\/03\/4-10.jpg\" alt=\"MOYA 304 Stainless Steel Airtight Food Storage Containers with Lids, Leakproof Stackable Lunch Boxes for Fridge Freezer Office Student Use\" class=\"wp-image-12163\" srcset=\"https:\/\/moyahousehold.com\/wp-content\/uploads\/2026\/03\/4-10.jpg 800w, https:\/\/moyahousehold.com\/wp-content\/uploads\/2026\/03\/4-10-300x300.jpg 300w, https:\/\/moyahousehold.com\/wp-content\/uploads\/2026\/03\/4-10-150x150.jpg 150w, https:\/\/moyahousehold.com\/wp-content\/uploads\/2026\/03\/4-10-768x768.jpg 768w, https:\/\/moyahousehold.com\/wp-content\/uploads\/2026\/03\/4-10-12x12.jpg 12w, https:\/\/moyahousehold.com\/wp-content\/uploads\/2026\/03\/4-10-285x285.jpg 285w, https:\/\/moyahousehold.com\/wp-content\/uploads\/2026\/03\/4-10-270x270.jpg 270w, https:\/\/moyahousehold.com\/wp-content\/uploads\/2026\/03\/4-10-540x540.jpg 540w, https:\/\/moyahousehold.com\/wp-content\/uploads\/2026\/03\/4-10-660x660.jpg 660w\" sizes=\"(max-width: 800px) 100vw, 800px\" \/><\/figure>\n<\/div>\n<\/div>\n<\/div>\n<\/div>","protected":false},"excerpt":{"rendered":"<p>Wholesale bulk food storage jars with lids, can effectively store dry goods, spices, grains, nuts and other foods, keep food fresh and flavorful, is an ideal choice for retailers, catering and commercial kitchens. This food jar has a cute design and we provide a variety of capacity options, welcome B2B buyers to contact us.<\/p>\n<h3>Eigenschaften von Lebensmittelbeh\u00e4ltern mit Deckeln<\/h3>\n<p><strong>Gesundheit und Sicherheit:<\/strong> Der Beh\u00e4lter ist aus lebensmittelechtem Edelstahl und Glas hergestellt, ohne BPA, sehr sicher, geeignet f\u00fcr Tee, Kaffeebohnen und andere Lebensmittel. Die Ern\u00e4hrung der Familie ist gesund.<\/p>\n<p><strong>Gute Abdichtungsleistung:<\/strong> Ausgestattet mit fortschrittlichen Dichtungsringen sind der Deckel und das Glas sehr dicht, Luft, Feuchtigkeit und Staub k\u00f6nnen nicht eindringen, so dass die Lebensmittel frisch bleiben und l\u00e4nger halten.<\/p>\n<p><strong>Mehrere Kapazit\u00e4ten verf\u00fcgbar:<\/strong> Es gibt viele verschiedene Gr\u00f6\u00dfen von Einmachgl\u00e4sern, kleine k\u00f6nnen f\u00fcr Snacks verwendet werden, gro\u00dfe f\u00fcr Grundnahrungsmittel. Egal, ob f\u00fcr den pers\u00f6nlichen Gebrauch, f\u00fcr Picknicks oder f\u00fcr gro\u00dfe Vorr\u00e4te, Sie werden das Richtige finden.<\/p>\n<p><strong>Unterst\u00fctzung von Anpassungen:<\/strong> Wir k\u00f6nnen Produkte nach Kundenwunsch anpassen, z. B. Farben \u00e4ndern, LOGO aufdrucken oder Funktionen optimieren. Besonders geeignet f\u00fcr Kunden, die in gro\u00dfen Mengen kaufen, wie Einzelh\u00e4ndler oder Geschenkh\u00e4ndler.<\/p>","protected":false},"featured_media":12166,"comment_status":"closed","ping_status":"closed","template":"","meta":[],"product_cat":[57],"product_tag":[98],"class_list":{"0":"post-12162","1":"product","2":"type-product","3":"status-publish","4":"has-post-thumbnail","6":"product_cat-food-storage-container-wholesale","7":"product_tag-wholesale-round-food-storage-containers","9":"first","10":"instock","11":"shipping-taxable","12":"product-type-simple"},"_links":{"self":[{"href":"https:\/\/moyahousehold.com\/de\/wp-json\/wp\/v2\/product\/12162","targetHints":{"allow":["GET"]}}],"collection":[{"href":"https:\/\/moyahousehold.com\/de\/wp-json\/wp\/v2\/product"}],"about":[{"href":"https:\/\/moyahousehold.com\/de\/wp-json\/wp\/v2\/types\/product"}],"replies":[{"embeddable":true,"href":"https:\/\/moyahousehold.com\/de\/wp-json\/wp\/v2\/comments?post=12162"}],"version-history":[{"count":0,"href":"https:\/\/moyahousehold.com\/de\/wp-json\/wp\/v2\/product\/12162\/revisions"}],"wp:featuredmedia":[{"embeddable":true,"href":"https:\/\/moyahousehold.com\/de\/wp-json\/wp\/v2\/media\/12166"}],"wp:attachment":[{"href":"https:\/\/moyahousehold.com\/de\/wp-json\/wp\/v2\/media?parent=12162"}],"wp:term":[{"taxonomy":"product_cat","embeddable":true,"href":"https:\/\/moyahousehold.com\/de\/wp-json\/wp\/v2\/product_cat?post=12162"},{"taxonomy":"product_tag","embeddable":true,"href":"https:\/\/moyahousehold.com\/de\/wp-json\/wp\/v2\/product_tag?post=12162"}],"curies":[{"name":"wp","href":"https:\/\/api.w.org\/{rel}","templated":true}]}}