{"id":12198,"date":"2026-03-28T06:53:11","date_gmt":"2026-03-28T06:21:30","guid":{"rendered":"https:\/\/moyahousehold.com\/?post_type=product&#038;p=12198"},"modified":"2026-03-28T06:57:25","modified_gmt":"2026-03-28T06:57:25","slug":"moya-2-compartment-304-stainless-steel-lunch-box-leakproof-silicone-seal-multifunctional-food-storage-container-for-freshness-preservation","status":"publish","type":"product","link":"https:\/\/moyahousehold.com\/de\/produkt\/moya-2-compartment-304-stainless-steel-lunch-box-leakproof-silicone-seal-multifunctional-food-storage-container-for-freshness-preservation\/","title":{"rendered":"MOYA 2-Compartment 304 Stainless Steel Lunch Box | Leakproof Silicone Seal, Multifunctional Food Storage Container for Freshness Preservation"},"content":{"rendered":"<div class=\"wp-block-columns is-layout-flex wp-container-core-columns-is-layout-9d6595d7 wp-block-columns-is-layout-flex\">\n<div class=\"wp-block-column is-layout-flow wp-block-column-is-layout-flow\">\n<h3 class=\"wp-block-heading\">Parameter eines gro\u00dfen Edelstahlbeh\u00e4lters<\/h3>\n\n\n\n<div class=\"wp-block-group\"><div class=\"wp-block-group__inner-container is-layout-constrained wp-block-group-is-layout-constrained\">\n<figure class=\"wp-block-table\"><table><tbody><tr><td>Artikel NO<\/td><td>Kapazit\u00e4t<\/td><td>Gr\u00f6\u00dfe\/PCS<\/td><td>PCS\/Koffer<\/td><\/tr><tr><td>MYJD408<\/td><td>550ml\/2 Grids<\/td><td>14.5*10.7*7.5<\/td><td>60<\/td><\/tr><tr><td>MYJD409<\/td><td>850ml\/2 Grids<\/td><td>17*11.8*8<\/td><td>48<\/td><\/tr><tr><td>MYJD410<\/td><td>1500ml\/2 Grids<\/td><td>19.8*14.5*10<\/td><td>36<\/td><\/tr><tr><td>MYJD411<\/td><td>550ml<\/td><td>11.5*7.9*7.5<\/td><td>120<\/td><\/tr><tr><td>MYJD412<\/td><td>850ml<\/td><td>13.5*9.5*8.5<\/td><td>96<\/td><\/tr><tr><td>MYJD413<\/td><td>1500ml<\/td><td>16*11*9.5<\/td><td>60<\/td><\/tr><tr><td>MYJD414<\/td><td>2800ml<\/td><td>19*13*12.5<\/td><td>36<\/td><\/tr><\/tbody><\/table><\/figure>\n<\/div><\/div>\n<\/div>\n<\/div>\n\n\n\n<h3 class=\"wp-block-heading\">Individuelle Optionen f\u00fcr gro\u00dfe Edelstahl-Lebensmittelbeh\u00e4lter<\/h3>\n\n\n\n<p><strong>Logo<\/strong>: Ihr Markenlogo auf Produkt und Verpackung.<br><strong>Deckel<\/strong>: PP lid<br><strong>Logo-Optionen<\/strong>: gedrucktes Logo, lasergraviertes Logo, etc.<br><strong>Muster<\/strong>Druck von Mustern auf Lebensmittelbeh\u00e4ltern.<br><strong>Drucktechnik<\/strong>Wassertransferdruck, Siebdruck, W\u00e4rmetransferdruck, usw.<br><strong>Paket<\/strong>:Farbkasten<br><a href=\"https:\/\/moyahousehold.com\/de\/individuelle-losung\/\" data-type=\"page\" data-id=\"2817\"><strong>Mehr Anpassungsm\u00f6glichkeiten entdecken<\/strong><\/a><\/p>\n\n\n\n<div class=\"wp-block-columns is-layout-flex wp-container-core-columns-is-layout-9d6595d7 wp-block-columns-is-layout-flex\">\n<div class=\"wp-block-column is-layout-flow wp-block-column-is-layout-flow\">\n<figure class=\"wp-block-image size-full\"><img fetchpriority=\"high\" decoding=\"async\" width=\"800\" height=\"800\" src=\"https:\/\/moyahousehold.com\/wp-content\/uploads\/2026\/03\/1-1.png\" alt=\"MOYA 304 Stainless Steel Food Storage Containers | 2-Compartment Leakproof Lunch Boxes with Clear Lids, Stackable for Meal Prep &amp; Fridge Organization\" class=\"wp-image-12202\" srcset=\"https:\/\/moyahousehold.com\/wp-content\/uploads\/2026\/03\/1-1.png 800w, https:\/\/moyahousehold.com\/wp-content\/uploads\/2026\/03\/1-1-300x300.png 300w, https:\/\/moyahousehold.com\/wp-content\/uploads\/2026\/03\/1-1-150x150.png 150w, https:\/\/moyahousehold.com\/wp-content\/uploads\/2026\/03\/1-1-768x768.png 768w, https:\/\/moyahousehold.com\/wp-content\/uploads\/2026\/03\/1-1-12x12.png 12w, https:\/\/moyahousehold.com\/wp-content\/uploads\/2026\/03\/1-1-285x285.png 285w, https:\/\/moyahousehold.com\/wp-content\/uploads\/2026\/03\/1-1-270x270.png 270w, https:\/\/moyahousehold.com\/wp-content\/uploads\/2026\/03\/1-1-540x540.png 540w, https:\/\/moyahousehold.com\/wp-content\/uploads\/2026\/03\/1-1-660x660.png 660w\" sizes=\"(max-width: 800px) 100vw, 800px\" \/><\/figure>\n<\/div>\n\n\n\n<div class=\"wp-block-column is-layout-flow wp-block-column-is-layout-flow\">\n<figure class=\"wp-block-image size-full\"><img decoding=\"async\" width=\"800\" height=\"800\" src=\"https:\/\/moyahousehold.com\/wp-content\/uploads\/2026\/03\/6-3.png\" alt=\"MOYA 304 Stainless Steel Food Storage Containers | 2-Compartment Leakproof Lunch Boxes with Clear Lids, Stackable for Meal Prep &amp; Fridge Organization\" class=\"wp-image-12200\" srcset=\"https:\/\/moyahousehold.com\/wp-content\/uploads\/2026\/03\/6-3.png 800w, https:\/\/moyahousehold.com\/wp-content\/uploads\/2026\/03\/6-3-300x300.png 300w, https:\/\/moyahousehold.com\/wp-content\/uploads\/2026\/03\/6-3-150x150.png 150w, https:\/\/moyahousehold.com\/wp-content\/uploads\/2026\/03\/6-3-768x768.png 768w, https:\/\/moyahousehold.com\/wp-content\/uploads\/2026\/03\/6-3-12x12.png 12w, https:\/\/moyahousehold.com\/wp-content\/uploads\/2026\/03\/6-3-285x285.png 285w, https:\/\/moyahousehold.com\/wp-content\/uploads\/2026\/03\/6-3-270x270.png 270w, https:\/\/moyahousehold.com\/wp-content\/uploads\/2026\/03\/6-3-540x540.png 540w, https:\/\/moyahousehold.com\/wp-content\/uploads\/2026\/03\/6-3-660x660.png 660w\" sizes=\"(max-width: 800px) 100vw, 800px\" \/><\/figure>\n<\/div>\n<\/div>\n\n\n\n<div class=\"wp-block-columns is-layout-flex wp-container-core-columns-is-layout-9d6595d7 wp-block-columns-is-layout-flex\">\n<div class=\"wp-block-column is-layout-flow wp-block-column-is-layout-flow\">\n<figure class=\"wp-block-image size-full\"><img decoding=\"async\" width=\"800\" height=\"800\" src=\"https:\/\/moyahousehold.com\/wp-content\/uploads\/2026\/03\/4-3.png\" alt=\"MOYA 304 Stainless Steel Food Storage Containers | 2-Compartment Leakproof Lunch Boxes with Clear Lids, Stackable for Meal Prep &amp; Fridge Organization\" class=\"wp-image-12205\" srcset=\"https:\/\/moyahousehold.com\/wp-content\/uploads\/2026\/03\/4-3.png 800w, https:\/\/moyahousehold.com\/wp-content\/uploads\/2026\/03\/4-3-300x300.png 300w, https:\/\/moyahousehold.com\/wp-content\/uploads\/2026\/03\/4-3-150x150.png 150w, https:\/\/moyahousehold.com\/wp-content\/uploads\/2026\/03\/4-3-768x768.png 768w, https:\/\/moyahousehold.com\/wp-content\/uploads\/2026\/03\/4-3-12x12.png 12w, https:\/\/moyahousehold.com\/wp-content\/uploads\/2026\/03\/4-3-285x285.png 285w, https:\/\/moyahousehold.com\/wp-content\/uploads\/2026\/03\/4-3-270x270.png 270w, https:\/\/moyahousehold.com\/wp-content\/uploads\/2026\/03\/4-3-540x540.png 540w, https:\/\/moyahousehold.com\/wp-content\/uploads\/2026\/03\/4-3-660x660.png 660w\" sizes=\"(max-width: 800px) 100vw, 800px\" \/><\/figure>\n<\/div>\n\n\n\n<div class=\"wp-block-column is-layout-flow wp-block-column-is-layout-flow\">\n<figure class=\"wp-block-image size-full\"><img loading=\"lazy\" decoding=\"async\" width=\"800\" height=\"800\" src=\"https:\/\/moyahousehold.com\/wp-content\/uploads\/2026\/03\/2-1.png\" alt=\"MOYA 304 Stainless Steel Food Storage Containers | 2-Compartment Leakproof Lunch Boxes with Clear Lids, Stackable for Meal Prep &amp; Fridge Organization\" class=\"wp-image-12203\" srcset=\"https:\/\/moyahousehold.com\/wp-content\/uploads\/2026\/03\/2-1.png 800w, https:\/\/moyahousehold.com\/wp-content\/uploads\/2026\/03\/2-1-300x300.png 300w, https:\/\/moyahousehold.com\/wp-content\/uploads\/2026\/03\/2-1-150x150.png 150w, https:\/\/moyahousehold.com\/wp-content\/uploads\/2026\/03\/2-1-768x768.png 768w, https:\/\/moyahousehold.com\/wp-content\/uploads\/2026\/03\/2-1-12x12.png 12w, https:\/\/moyahousehold.com\/wp-content\/uploads\/2026\/03\/2-1-285x285.png 285w, https:\/\/moyahousehold.com\/wp-content\/uploads\/2026\/03\/2-1-270x270.png 270w, https:\/\/moyahousehold.com\/wp-content\/uploads\/2026\/03\/2-1-540x540.png 540w, https:\/\/moyahousehold.com\/wp-content\/uploads\/2026\/03\/2-1-660x660.png 660w\" sizes=\"(max-width: 800px) 100vw, 800px\" \/><\/figure>\n<\/div>\n<\/div>\n\n\n\n<p><\/p>","protected":false},"excerpt":{"rendered":"<p>Wir bieten gro\u00dfe Lebensmittelbeh\u00e4lter aus rostfreiem Stahl zu Fabrikpreisen an, wobei Sie aus einer Vielzahl von Fassungsverm\u00f6gen und Designs w\u00e4hlen k\u00f6nnen. Das gro\u00dfe Fassungsverm\u00f6gen eignet sich perfekt f\u00fcr die Aufbewahrung verschiedener Arten von Lebensmitteln, und die gro\u00dfen Edelstahlbeh\u00e4lter in einer Vielzahl von Formen k\u00f6nnen vern\u00fcnftig aufeinander abgestimmt werden, um verschiedene Lebensmittel zu trennen, einschlie\u00dflich rechteckig und quadratisch. Er ist eine perfekte Aufbewahrungsl\u00f6sung f\u00fcr private K\u00fcchen und gewerbliche Restaurants. Dieser gro\u00dfe Lebensmittelbeh\u00e4lter aus Stahl ist formsch\u00f6n und stilvoll und l\u00e4sst sich perfekt in verschiedene K\u00fcchenstile integrieren. Wir bieten auch OEM- und ODM-Dienstleistungen f\u00fcr kundenspezifische Lebensmittelbeh\u00e4lter an. Wenn Sie einen gr\u00f6\u00dferen Edelstahlbeh\u00e4lter ben\u00f6tigen, k\u00f6nnen Sie uns f\u00fcr eine individuelle Anpassung kontaktieren.<\/p>\n<h3>Merkmale und Vorteile des gro\u00dfen Lebensmittelbeh\u00e4lters aus Edelstahl<\/h3>\n<p>1. die gro\u00dfen Lebensmittelbeh\u00e4lter aus Stahl haben eine gute S\u00e4ure- und Laugenbest\u00e4ndigkeit und eignen sich f\u00fcr die Aufbewahrung verschiedener saurer und alkalischer Lebensmittel.<\/p>\n<p>2. die gro\u00dfen Edelstahlbeh\u00e4lter sind aus Edelstahl 304 gefertigt;<\/p>\n<p>3. das verdickte Design des Lebensmittelbeh\u00e4lters erh\u00f6ht die Sto\u00dffestigkeit des Beh\u00e4lters, so dass er sich nicht so leicht verformt und sicherer zu benutzen ist.<\/p>\n<p>4. verbessert und verdickt, best\u00e4ndig gegen hohe Temperaturen und Korrosion; leicht zu reinigen und langlebiger;<\/p>\n<p>5) Auch nach langem Gebrauch bleibt dieser gro\u00dfe Edelstahlbeh\u00e4lter f\u00fcr Lebensmittel so hell und sauber wie neu.<\/p>\n<p>6. der elektrolytische Prozess im Inneren der Box ist glatt und rund, leicht zu reinigen, und es gibt keinen Restgeruch bei der Lagerung von Lebensmitteln;<\/p>\n<p>7. verbreiterter Dichtungsring aus Silikon, dicht schlie\u00dfend, rundum auslaufsicher, frisch und feuchtigkeitsdicht, auslaufsicher;<\/p>\n<p>8. der verdickte Kastendeckel des Edelstahlbeh\u00e4lters ist nicht leicht verformbar;<\/p>\n<p>9.As a professional food container manufacturer,we provice OEM&amp;ODM customized stainless steel food containers solution.<\/a><\/strong><\/p>","protected":false},"featured_media":12208,"comment_status":"open","ping_status":"closed","template":"","meta":[],"product_cat":[57],"product_tag":[95,99,100],"class_list":{"0":"post-12198","1":"product","2":"type-product","3":"status-publish","4":"has-post-thumbnail","6":"product_cat-food-storage-container-wholesale","7":"product_tag-wholesale-food-storage-containers-with-date-dial","8":"product_tag-wholesale-rectangle-food-storage-containers","9":"product_tag-wholesale-square-food-storage-containers","11":"first","12":"instock","13":"shipping-taxable","14":"product-type-simple"},"_links":{"self":[{"href":"https:\/\/moyahousehold.com\/de\/wp-json\/wp\/v2\/product\/12198","targetHints":{"allow":["GET"]}}],"collection":[{"href":"https:\/\/moyahousehold.com\/de\/wp-json\/wp\/v2\/product"}],"about":[{"href":"https:\/\/moyahousehold.com\/de\/wp-json\/wp\/v2\/types\/product"}],"replies":[{"embeddable":true,"href":"https:\/\/moyahousehold.com\/de\/wp-json\/wp\/v2\/comments?post=12198"}],"version-history":[{"count":0,"href":"https:\/\/moyahousehold.com\/de\/wp-json\/wp\/v2\/product\/12198\/revisions"}],"wp:featuredmedia":[{"embeddable":true,"href":"https:\/\/moyahousehold.com\/de\/wp-json\/wp\/v2\/media\/12208"}],"wp:attachment":[{"href":"https:\/\/moyahousehold.com\/de\/wp-json\/wp\/v2\/media?parent=12198"}],"wp:term":[{"taxonomy":"product_cat","embeddable":true,"href":"https:\/\/moyahousehold.com\/de\/wp-json\/wp\/v2\/product_cat?post=12198"},{"taxonomy":"product_tag","embeddable":true,"href":"https:\/\/moyahousehold.com\/de\/wp-json\/wp\/v2\/product_tag?post=12198"}],"curies":[{"name":"wp","href":"https:\/\/api.w.org\/{rel}","templated":true}]}}