{"id":12241,"date":"2026-03-30T02:27:13","date_gmt":"2026-03-30T02:01:38","guid":{"rendered":"https:\/\/moyahousehold.com\/?post_type=product&#038;p=12241"},"modified":"2026-04-15T06:20:26","modified_gmt":"2026-04-15T06:20:26","slug":"moya-eco-friendly-304-stainless-steel-steamer-anti-scald-splash-proof-lid-dishwasher-safe-kitchen-cookware","status":"publish","type":"product","link":"https:\/\/moyahousehold.com\/de\/produkt\/moya-eco-friendly-304-stainless-steel-steamer-anti-scald-splash-proof-lid-dishwasher-safe-kitchen-cookware\/","title":{"rendered":"MOYA Eco-Friendly 304 Stainless Steel Steamer | Anti-Scald &amp; Splash-Proof Lid | Dishwasher Safe Kitchen Cookware"},"content":{"rendered":"<figure class=\"wp-block-image size-full is-style-default\"><img fetchpriority=\"high\" decoding=\"async\" width=\"800\" height=\"800\" src=\"https:\/\/moyahousehold.com\/wp-content\/uploads\/2026\/03\/1-2.png\" alt=\"304 Stainless Steel Steamer Pot with Steamer Basket, Glass Lid &amp; Anti-Scald Handles for Kitchen Cooking\" class=\"wp-image-12248\" srcset=\"https:\/\/moyahousehold.com\/wp-content\/uploads\/2026\/03\/1-2.png 800w, https:\/\/moyahousehold.com\/wp-content\/uploads\/2026\/03\/1-2-300x300.png 300w, https:\/\/moyahousehold.com\/wp-content\/uploads\/2026\/03\/1-2-150x150.png 150w, https:\/\/moyahousehold.com\/wp-content\/uploads\/2026\/03\/1-2-768x768.png 768w, https:\/\/moyahousehold.com\/wp-content\/uploads\/2026\/03\/1-2-12x12.png 12w, https:\/\/moyahousehold.com\/wp-content\/uploads\/2026\/03\/1-2-285x285.png 285w, https:\/\/moyahousehold.com\/wp-content\/uploads\/2026\/03\/1-2-270x270.png 270w, https:\/\/moyahousehold.com\/wp-content\/uploads\/2026\/03\/1-2-540x540.png 540w, https:\/\/moyahousehold.com\/wp-content\/uploads\/2026\/03\/1-2-660x660.png 660w\" sizes=\"(max-width: 800px) 100vw, 800px\" \/><\/figure>\n\n\n\n<h3 class=\"wp-block-heading\">Parameters of Stainless Steel Steamer<\/h3>\n\n\n\n<p><strong>Material:<\/strong> 304 Stainless Steel+Glass+ Wood <strong> Farbe:<\/strong> Nature<\/p>\n\n\n\n<figure class=\"wp-block-table\"><table class=\"has-fixed-layout\"><tbody><tr><td class=\"has-text-align-center\" data-align=\"center\"><strong>Artikel<\/strong><\/td><td class=\"has-text-align-center\" data-align=\"center\"><strong>Material<\/strong><\/td><td class=\"has-text-align-center\" data-align=\"center\"><strong>Farbe<\/strong><\/td><td class=\"has-text-align-center\" data-align=\"center\"><strong>Kapazit\u00e4t<\/strong><\/td><td class=\"has-text-align-center\" data-align=\"center\"><strong>Gr\u00f6\u00dfe<\/strong><\/td><td class=\"has-text-align-center\" data-align=\"center\"><strong>Verpackung<\/strong><br><strong>Gr\u00f6\u00dfe<\/strong><\/td><td class=\"has-text-align-center\" data-align=\"center\"><strong>N.W.\/PCS<\/strong><\/td><\/tr><tr><td class=\"has-text-align-center\" data-align=\"center\">MYHL030<\/td><td class=\"has-text-align-center\" data-align=\"center\" rowspan=\"10\">304 Stainless Steel+Glass+<br>Wood<\/td><td class=\"has-text-align-center\" data-align=\"center\" rowspan=\"10\">Nature<\/td><td class=\"has-text-align-center\" data-align=\"center\">9L<\/td><td class=\"has-text-align-center\" data-align=\"center\">26cm<\/td><td class=\"has-text-align-center\" data-align=\"center\">27.6*27.9*30.1<\/td><td class=\"has-text-align-center\" data-align=\"center\">4.21<\/td><\/tr><tr><td class=\"has-text-align-center\" data-align=\"center\">MYHL030<\/td><td class=\"has-text-align-center\" data-align=\"center\">11L<\/td><td class=\"has-text-align-center\" data-align=\"center\">28cm<\/td><td class=\"has-text-align-center\" data-align=\"center\">29.6*29.9*30.2<\/td><td class=\"has-text-align-center\" data-align=\"center\">4.62<\/td><\/tr><\/tbody><\/table><\/figure>\n\n\n\n<h3 class=\"wp-block-heading\">Kundenspezifische Topf-Optionen<\/h3>\n\n\n\n<p><strong>Logo<\/strong>: Gestalten Sie Ihr Markenlogo auf dem Edelstahltopf und der Verpackung.<br><strong>Logo Options<\/strong>: gedrucktes Logo, lasergraviertes Logo, etc.<br><strong>Muster<\/strong>: Druckmuster auf Produkten und Verpackungen.<br><strong>Printing Technology<\/strong>Wassertransferdruck, Siebdruck, W\u00e4rmetransferdruck, Sublimationstransfer, usw.<br><strong>Verpackung:<\/strong> Farbkasten.<br><a href=\"https:\/\/moyahousehold.com\/de\/individuelle-losung\/\"><strong>Erfahren Sie mehr \u00fcber ma\u00dfgeschneiderte L\u00f6sungen f\u00fcr T\u00f6pfe.<\/strong><\/a><\/p>\n\n\n\n<div class=\"wp-block-columns is-layout-flex wp-container-core-columns-is-layout-9d6595d7 wp-block-columns-is-layout-flex\">\n<div class=\"wp-block-column is-layout-flow wp-block-column-is-layout-flow\" style=\"flex-basis:100%\">\n<div class=\"wp-block-group is-nowrap is-layout-flex wp-container-core-group-is-layout-ad2f72ca wp-block-group-is-layout-flex\">\n<div class=\"wp-block-columns is-layout-flex wp-container-core-columns-is-layout-9d6595d7 wp-block-columns-is-layout-flex\">\n<div class=\"wp-block-column is-layout-flow wp-block-column-is-layout-flow\">\n<figure class=\"wp-block-image\"><img decoding=\"async\" width=\"800\" height=\"800\" src=\"https:\/\/moyahousehold.com\/wp-content\/uploads\/2026\/03\/2-2.png\" alt=\"304 Stainless Steel Steamer Pot with Steamer Basket, Glass Lid &amp; Anti-Scald Handles for Kitchen Cooking\" class=\"wp-image-12249\" srcset=\"https:\/\/moyahousehold.com\/wp-content\/uploads\/2026\/03\/2-2.png 800w, https:\/\/moyahousehold.com\/wp-content\/uploads\/2026\/03\/2-2-300x300.png 300w, https:\/\/moyahousehold.com\/wp-content\/uploads\/2026\/03\/2-2-150x150.png 150w, https:\/\/moyahousehold.com\/wp-content\/uploads\/2026\/03\/2-2-768x768.png 768w, https:\/\/moyahousehold.com\/wp-content\/uploads\/2026\/03\/2-2-12x12.png 12w, https:\/\/moyahousehold.com\/wp-content\/uploads\/2026\/03\/2-2-285x285.png 285w, https:\/\/moyahousehold.com\/wp-content\/uploads\/2026\/03\/2-2-270x270.png 270w, https:\/\/moyahousehold.com\/wp-content\/uploads\/2026\/03\/2-2-540x540.png 540w, https:\/\/moyahousehold.com\/wp-content\/uploads\/2026\/03\/2-2-660x660.png 660w\" sizes=\"(max-width: 800px) 100vw, 800px\" \/><\/figure>\n<\/div>\n\n\n\n<div class=\"wp-block-column is-layout-flow wp-block-column-is-layout-flow\">\n<figure class=\"wp-block-image size-full\"><img decoding=\"async\" width=\"800\" height=\"800\" src=\"https:\/\/moyahousehold.com\/wp-content\/uploads\/2026\/03\/6-4.png\" alt=\"304 Stainless Steel Steamer Pot with Steamer Basket, Glass Lid &amp; Anti-Scald Handles for Kitchen Cooking\" class=\"wp-image-12244\" srcset=\"https:\/\/moyahousehold.com\/wp-content\/uploads\/2026\/03\/6-4.png 800w, https:\/\/moyahousehold.com\/wp-content\/uploads\/2026\/03\/6-4-300x300.png 300w, https:\/\/moyahousehold.com\/wp-content\/uploads\/2026\/03\/6-4-150x150.png 150w, https:\/\/moyahousehold.com\/wp-content\/uploads\/2026\/03\/6-4-768x768.png 768w, https:\/\/moyahousehold.com\/wp-content\/uploads\/2026\/03\/6-4-12x12.png 12w, https:\/\/moyahousehold.com\/wp-content\/uploads\/2026\/03\/6-4-285x285.png 285w, https:\/\/moyahousehold.com\/wp-content\/uploads\/2026\/03\/6-4-270x270.png 270w, https:\/\/moyahousehold.com\/wp-content\/uploads\/2026\/03\/6-4-540x540.png 540w, https:\/\/moyahousehold.com\/wp-content\/uploads\/2026\/03\/6-4-660x660.png 660w\" sizes=\"(max-width: 800px) 100vw, 800px\" \/><\/figure>\n<\/div>\n<\/div>\n<\/div>\n<\/div>\n<\/div>\n\n\n\n<div class=\"wp-block-columns is-layout-flex wp-container-core-columns-is-layout-9d6595d7 wp-block-columns-is-layout-flex\">\n<div class=\"wp-block-column is-layout-flow wp-block-column-is-layout-flow\">\n<figure class=\"wp-block-image size-full\"><img loading=\"lazy\" decoding=\"async\" width=\"800\" height=\"800\" src=\"https:\/\/moyahousehold.com\/wp-content\/uploads\/2026\/03\/7-1.png\" alt=\"304 Stainless Steel Steamer Pot with Steamer Basket, Glass Lid &amp; Anti-Scald Handles for Kitchen Cooking\" class=\"wp-image-12245\" srcset=\"https:\/\/moyahousehold.com\/wp-content\/uploads\/2026\/03\/7-1.png 800w, https:\/\/moyahousehold.com\/wp-content\/uploads\/2026\/03\/7-1-300x300.png 300w, https:\/\/moyahousehold.com\/wp-content\/uploads\/2026\/03\/7-1-150x150.png 150w, https:\/\/moyahousehold.com\/wp-content\/uploads\/2026\/03\/7-1-768x768.png 768w, https:\/\/moyahousehold.com\/wp-content\/uploads\/2026\/03\/7-1-12x12.png 12w, https:\/\/moyahousehold.com\/wp-content\/uploads\/2026\/03\/7-1-285x285.png 285w, https:\/\/moyahousehold.com\/wp-content\/uploads\/2026\/03\/7-1-270x270.png 270w, https:\/\/moyahousehold.com\/wp-content\/uploads\/2026\/03\/7-1-540x540.png 540w, https:\/\/moyahousehold.com\/wp-content\/uploads\/2026\/03\/7-1-660x660.png 660w\" sizes=\"(max-width: 800px) 100vw, 800px\" \/><\/figure>\n<\/div>\n\n\n\n<div class=\"wp-block-column is-layout-flow wp-block-column-is-layout-flow\">\n<figure class=\"wp-block-image size-full\"><img loading=\"lazy\" decoding=\"async\" width=\"800\" height=\"800\" src=\"https:\/\/moyahousehold.com\/wp-content\/uploads\/2026\/03\/3-3.png\" alt=\"304 Stainless Steel Steamer Pot with Steamer Basket, Glass Lid &amp; Anti-Scald Handles for Kitchen Cooking\" class=\"wp-image-12250\" srcset=\"https:\/\/moyahousehold.com\/wp-content\/uploads\/2026\/03\/3-3.png 800w, https:\/\/moyahousehold.com\/wp-content\/uploads\/2026\/03\/3-3-300x300.png 300w, https:\/\/moyahousehold.com\/wp-content\/uploads\/2026\/03\/3-3-150x150.png 150w, https:\/\/moyahousehold.com\/wp-content\/uploads\/2026\/03\/3-3-768x768.png 768w, https:\/\/moyahousehold.com\/wp-content\/uploads\/2026\/03\/3-3-12x12.png 12w, https:\/\/moyahousehold.com\/wp-content\/uploads\/2026\/03\/3-3-285x285.png 285w, https:\/\/moyahousehold.com\/wp-content\/uploads\/2026\/03\/3-3-270x270.png 270w, https:\/\/moyahousehold.com\/wp-content\/uploads\/2026\/03\/3-3-540x540.png 540w, https:\/\/moyahousehold.com\/wp-content\/uploads\/2026\/03\/3-3-660x660.png 660w\" sizes=\"(max-width: 800px) 100vw, 800px\" \/><\/figure>\n<\/div>\n<\/div>\n\n\n\n<p>\ud83c\udf1f Elevate Your Kitchen with Our Nature 304 Tri-Ply Pot &amp; Steamer Set \ud83c\udf1f<\/p>\n\n\n\n<p>Sind Sie auf der Suche nach Kochgeschirr, das sich nahtlos in die <strong>Eleganz<\/strong>, <strong>Haltbarkeit<\/strong> und <strong>Vielseitigkeit<\/strong>? Look no further than our 304 tri-ply pot and steamer set \u2014 the perfect addition to transform your daily cooking into a delightful experience. Whether you\u2019re simmering a warm bowl of soup, steaming fresh veggies, this set has got you covered.<\/p>\n\n\n\n<figure class=\"wp-block-gallery has-nested-images columns-default is-cropped wp-block-gallery-1 is-layout-flex wp-block-gallery-is-layout-flex\">\n<figure class=\"wp-block-image size-full is-style-default\"><img loading=\"lazy\" decoding=\"async\" width=\"4893\" height=\"6523\" data-id=\"12253\" src=\"https:\/\/moyahousehold.com\/wp-content\/uploads\/2026\/03\/1-14.jpg\" alt=\"304 Stainless Steel Steamer Pot with Steamer Basket, Glass Lid &amp; Anti-Scald Handles for Kitchen Cooking\" class=\"wp-image-12253\" srcset=\"https:\/\/moyahousehold.com\/wp-content\/uploads\/2026\/03\/1-14.jpg 4893w, https:\/\/moyahousehold.com\/wp-content\/uploads\/2026\/03\/1-14-225x300.jpg 225w, https:\/\/moyahousehold.com\/wp-content\/uploads\/2026\/03\/1-14-768x1024.jpg 768w, https:\/\/moyahousehold.com\/wp-content\/uploads\/2026\/03\/1-14-9x12.jpg 9w, https:\/\/moyahousehold.com\/wp-content\/uploads\/2026\/03\/1-14-285x380.jpg 285w, https:\/\/moyahousehold.com\/wp-content\/uploads\/2026\/03\/1-14-1600x2133.jpg 1600w, https:\/\/moyahousehold.com\/wp-content\/uploads\/2026\/03\/1-14-495x660.jpg 495w, https:\/\/moyahousehold.com\/wp-content\/uploads\/2026\/03\/1-14-113x150.jpg 113w\" sizes=\"(max-width: 4893px) 100vw, 4893px\" \/><\/figure>\n\n\n\n<figure class=\"wp-block-image size-full is-style-default\"><img loading=\"lazy\" decoding=\"async\" width=\"4633\" height=\"6177\" data-id=\"12252\" src=\"https:\/\/moyahousehold.com\/wp-content\/uploads\/2026\/03\/2-12.jpg\" alt=\"304 Stainless Steel Steamer Pot with Steamer Basket, Glass Lid &amp; Anti-Scald Handles for Kitchen Cooking\" class=\"wp-image-12252\" srcset=\"https:\/\/moyahousehold.com\/wp-content\/uploads\/2026\/03\/2-12.jpg 4633w, https:\/\/moyahousehold.com\/wp-content\/uploads\/2026\/03\/2-12-225x300.jpg 225w, https:\/\/moyahousehold.com\/wp-content\/uploads\/2026\/03\/2-12-768x1024.jpg 768w, https:\/\/moyahousehold.com\/wp-content\/uploads\/2026\/03\/2-12-9x12.jpg 9w, https:\/\/moyahousehold.com\/wp-content\/uploads\/2026\/03\/2-12-285x380.jpg 285w, https:\/\/moyahousehold.com\/wp-content\/uploads\/2026\/03\/2-12-1600x2133.jpg 1600w, https:\/\/moyahousehold.com\/wp-content\/uploads\/2026\/03\/2-12-495x660.jpg 495w, https:\/\/moyahousehold.com\/wp-content\/uploads\/2026\/03\/2-12-113x150.jpg 113w\" sizes=\"(max-width: 4633px) 100vw, 4633px\" \/><\/figure>\n<\/figure>\n\n\n\n<h2 class=\"wp-block-heading\"><\/h2>\n\n\n\n<p><strong>\u2728 Die wichtigsten Vorteile, die den Unterschied ausmachen<\/strong><\/p>\n\n\n\n<h3 class=\"wp-block-heading\"><strong>Premium 304 Tri-Ply Konstruktion<\/strong><\/h3>\n\n\n\n<p>Dieses Kochgeschirr besteht aus lebensmittelechtem Edelstahl 304 und einem dreilagigen Boden und gew\u00e4hrleistet <strong>gleichm\u00e4\u00dfige W\u00e4rmeverteilung<\/strong> \u00fcber die gesamte Oberfl\u00e4che, sodass keine hei\u00dfen Stellen entstehen, an denen Lebensmittel anbrennen. Es ist korrosionsbest\u00e4ndig, rostfrei und 100% sicher f\u00fcr alle Ihre kulinarischen Kreationen.<\/p>\n\n\n\n<p><strong>Hitzebest\u00e4ndiger, ergonomischer Handgriff<\/strong><\/p>\n\n\n\n<p>Der einzigartig gestaltete Griff verf\u00fcgt \u00fcber eine hervorragende W\u00e4rmeisolierung, so dass Ihre H\u00e4nde auch bei l\u00e4ngeren Kochvorg\u00e4ngen vor Verbr\u00fchungen gesch\u00fctzt sind. Seine ergonomische Form passt bequem in Ihre Handfl\u00e4che und erm\u00f6glicht ein einfaches Anheben und Ausgie\u00dfen, ohne Ihre Handgelenke zu belasten.<\/p>\n\n\n\n<p><strong>All-in-One-Dampf- und Kochfunktion<\/strong><\/p>\n\n\n\n<p>Zum Topfset geh\u00f6rt ein passender Dampfgarer, mit dem Sie in Sekundenschnelle zwischen Kochen und D\u00e4mpfen wechseln k\u00f6nnen. Kochen Sie einen deftigen Eintopf und d\u00e4mpfen Sie gleichzeitig Kn\u00f6del - das spart Zeit und Energie und macht mehrg\u00e4ngige Mahlzeiten zum Kinderspiel.<\/p>\n\n\n\n<p><strong>Leicht zu reinigen &amp; Universalherd<\/strong><\/p>\n\n\n\n<p>Die glatte, porenfreie Oberfl\u00e4che verhindert das Anhaften von Lebensmitteln und macht die Reinigung so einfach wie ein kurzes Absp\u00fclen mit Wasser. Es ist mit Gas-, Elektro-, Keramik- und Induktionsherden kompatibel, sodass Sie es unabh\u00e4ngig von der Art Ihres Kochfeldes verwenden k\u00f6nnen.<\/p>\n\n\n\n<figure class=\"wp-block-gallery has-nested-images columns-default is-cropped wp-block-gallery-2 is-layout-flex wp-block-gallery-is-layout-flex\">\n<figure class=\"wp-block-image size-full\"><img loading=\"lazy\" decoding=\"async\" width=\"5097\" height=\"6796\" data-id=\"12255\" src=\"https:\/\/moyahousehold.com\/wp-content\/uploads\/2026\/03\/6-12.jpg\" alt=\"304 Stainless Steel Steamer Pot with Steamer Basket, Glass Lid &amp; Anti-Scald Handles for Kitchen Cooking\" class=\"wp-image-12255\" srcset=\"https:\/\/moyahousehold.com\/wp-content\/uploads\/2026\/03\/6-12.jpg 5097w, https:\/\/moyahousehold.com\/wp-content\/uploads\/2026\/03\/6-12-225x300.jpg 225w, https:\/\/moyahousehold.com\/wp-content\/uploads\/2026\/03\/6-12-768x1024.jpg 768w, https:\/\/moyahousehold.com\/wp-content\/uploads\/2026\/03\/6-12-9x12.jpg 9w, https:\/\/moyahousehold.com\/wp-content\/uploads\/2026\/03\/6-12-285x380.jpg 285w, https:\/\/moyahousehold.com\/wp-content\/uploads\/2026\/03\/6-12-1600x2133.jpg 1600w, https:\/\/moyahousehold.com\/wp-content\/uploads\/2026\/03\/6-12-495x660.jpg 495w, https:\/\/moyahousehold.com\/wp-content\/uploads\/2026\/03\/6-12-113x150.jpg 113w\" sizes=\"(max-width: 5097px) 100vw, 5097px\" \/><\/figure>\n\n\n\n<figure class=\"wp-block-image size-full\"><img loading=\"lazy\" decoding=\"async\" width=\"5007\" height=\"6676\" data-id=\"12254\" src=\"https:\/\/moyahousehold.com\/wp-content\/uploads\/2026\/03\/5-10.jpg\" alt=\"304 Stainless Steel Steamer Pot with Steamer Basket, Glass Lid &amp; Anti-Scald Handles for Kitchen Cooking\" class=\"wp-image-12254\" srcset=\"https:\/\/moyahousehold.com\/wp-content\/uploads\/2026\/03\/5-10.jpg 5007w, https:\/\/moyahousehold.com\/wp-content\/uploads\/2026\/03\/5-10-225x300.jpg 225w, https:\/\/moyahousehold.com\/wp-content\/uploads\/2026\/03\/5-10-768x1024.jpg 768w, https:\/\/moyahousehold.com\/wp-content\/uploads\/2026\/03\/5-10-9x12.jpg 9w, https:\/\/moyahousehold.com\/wp-content\/uploads\/2026\/03\/5-10-285x380.jpg 285w, https:\/\/moyahousehold.com\/wp-content\/uploads\/2026\/03\/5-10-1600x2133.jpg 1600w, https:\/\/moyahousehold.com\/wp-content\/uploads\/2026\/03\/5-10-495x660.jpg 495w, https:\/\/moyahousehold.com\/wp-content\/uploads\/2026\/03\/5-10-113x150.jpg 113w\" sizes=\"(max-width: 5007px) 100vw, 5007px\" \/><\/figure>\n<\/figure>\n\n\n\n<p><\/p>","protected":false},"excerpt":{"rendered":"<h2 class=\"header-vfC6AV auto-hide-last-sibling-br\">Anpassungsdienste<\/h2>\n<div class=\"auto-hide-last-sibling-br paragraph-JOTKXA paragraph-element br-paragraph-space\">As a professional kitchenware manufacturer, we provide comprehensive OEM &amp; ODM solutions:<\/div>\n<ul class=\"auto-hide-last-sibling-br\">\n<li><strong>OEM<\/strong>: Passen Sie Logos, Aufdrucke oder Verpackungen an Ihre Markenidentit\u00e4t an. Sie k\u00f6nnen auch verschiedene Farben f\u00fcr die \u00e4u\u00dfere H\u00fclle w\u00e4hlen, die zu Ihrem Markenstil passen.<\/li>\n<li><strong>ODM<\/strong>: Wir arbeiten am Produktdesign mit, von der Anordnung der F\u00e4cher (Anpassung der Anzahl und Gr\u00f6\u00dfe der F\u00e4cher) bis hin zur Materialausf\u00fchrung, um einzigartige, marktgerechte L\u00f6sungen zu schaffen. Wir k\u00f6nnen auch die Dichtungsstruktur optimieren oder spezielle funktionale Designs entsprechend Ihren Anforderungen hinzuf\u00fcgen.<\/li>\n<\/ul>","protected":false},"featured_media":12251,"comment_status":"closed","ping_status":"closed","template":"","meta":[],"product_cat":[58],"product_tag":[87,92],"class_list":{"0":"post-12241","1":"product","2":"type-product","3":"status-publish","4":"has-post-thumbnail","6":"product_cat-lunch-box-wholesale","7":"product_tag-wholesale-multi-compartment-lunch-box","8":"product_tag-wholesale-rectangle-lunch-box","10":"first","11":"instock","12":"shipping-taxable","13":"product-type-simple"},"_links":{"self":[{"href":"https:\/\/moyahousehold.com\/de\/wp-json\/wp\/v2\/product\/12241","targetHints":{"allow":["GET"]}}],"collection":[{"href":"https:\/\/moyahousehold.com\/de\/wp-json\/wp\/v2\/product"}],"about":[{"href":"https:\/\/moyahousehold.com\/de\/wp-json\/wp\/v2\/types\/product"}],"replies":[{"embeddable":true,"href":"https:\/\/moyahousehold.com\/de\/wp-json\/wp\/v2\/comments?post=12241"}],"version-history":[{"count":1,"href":"https:\/\/moyahousehold.com\/de\/wp-json\/wp\/v2\/product\/12241\/revisions"}],"predecessor-version":[{"id":13108,"href":"https:\/\/moyahousehold.com\/de\/wp-json\/wp\/v2\/product\/12241\/revisions\/13108"}],"wp:featuredmedia":[{"embeddable":true,"href":"https:\/\/moyahousehold.com\/de\/wp-json\/wp\/v2\/media\/12251"}],"wp:attachment":[{"href":"https:\/\/moyahousehold.com\/de\/wp-json\/wp\/v2\/media?parent=12241"}],"wp:term":[{"taxonomy":"product_cat","embeddable":true,"href":"https:\/\/moyahousehold.com\/de\/wp-json\/wp\/v2\/product_cat?post=12241"},{"taxonomy":"product_tag","embeddable":true,"href":"https:\/\/moyahousehold.com\/de\/wp-json\/wp\/v2\/product_tag?post=12241"}],"curies":[{"name":"wp","href":"https:\/\/api.w.org\/{rel}","templated":true}]}}