{"id":12328,"date":"2026-03-31T03:47:44","date_gmt":"2026-03-31T01:36:51","guid":{"rendered":"https:\/\/moyahousehold.com\/?post_type=product&#038;p=12328"},"modified":"2026-04-15T06:17:39","modified_gmt":"2026-04-15T06:17:39","slug":"moya-creative-stainless-steel-vacuum-container-colorful-rectangle-food-coffee-bean-storage-with-heat-retention","status":"publish","type":"product","link":"https:\/\/moyahousehold.com\/de\/produkt\/moya-creative-stainless-steel-vacuum-container-colorful-rectangle-food-coffee-bean-storage-with-heat-retention\/","title":{"rendered":"MOYA Creative Stainless Steel Vacuum Container | Colorful Rectangle Food &amp; Coffee Bean Storage with Heat Retention"},"content":{"rendered":"<h3 class=\"wp-block-heading\">Parameters of Stackable Vacuum Container<\/h3>\n\n\n\n<p><strong>Material:<\/strong> 304 + PP  <strong> Farbe:<\/strong> Rosa\/Gr\u00fcn\/Beige\/Stahl<\/p>\n\n\n\n<figure class=\"wp-block-table\"><table class=\"has-fixed-layout\"><tbody><tr><td><strong>Artikel<\/strong><\/td><td><strong>Material<\/strong><\/td><td><strong>Kapazit\u00e4t<\/strong><\/td><td><strong>Gr\u00f6\u00dfe\/PCS<\/strong><\/td><td><strong>PCS\/Koffer<\/strong><\/td><td><strong>N.W.\/PCS<\/strong><\/td><\/tr><tr><td>MYHL001<\/td><td rowspan=\"3\">SUS304 + PP<\/td><td>750ML<\/td><td>14.3*14.3*9.3<\/td><td>48<\/td><td>0.32<\/td><\/tr><tr><td>MYHL002<\/td><td>1100ML<\/td><td>14.3*14.3*11.7<\/td><td>48<\/td><td>0.35<\/td><\/tr><tr><td>MYHL003<\/td><td>1600ML<\/td><td>14.3*14.3*14.7<\/td><td>48<\/td><td>0.4<\/td><\/tr><\/tbody><\/table><\/figure>\n\n\n\n<h3 class=\"wp-block-heading\">Customized Vacuum Container Options<\/h3>\n\n\n\n<p><strong>Logo: <\/strong>Gestalten Sie Ihr Markenlogo auf Bento-Boxen und Verpackungen.<br><strong>Logo Options:<\/strong> Printed logo, laser engraved logo, etc.<br><strong>Muster: <\/strong>Druckmuster <br><strong>Printing Technology: <\/strong>Water transfer printing, silk screen printing, heat transfer printing, sublimation transfer, etc.<br><strong>Verpackung: <\/strong>Color box<br><a href=\"https:\/\/moyahousehold.com\/de\/individuelle-losung\/\"><strong>Erfahren Sie mehr \u00fcber ma\u00dfgeschneiderte Bento-Box-L\u00f6sungen<\/strong><\/a><\/p>\n\n\n\n<div class=\"wp-block-columns is-layout-flex wp-container-core-columns-is-layout-9d6595d7 wp-block-columns-is-layout-flex\">\n<div class=\"wp-block-column is-layout-flow wp-block-column-is-layout-flow\">\n<figure class=\"wp-block-image size-full\"><img fetchpriority=\"high\" decoding=\"async\" width=\"800\" height=\"800\" src=\"https:\/\/moyahousehold.com\/wp-content\/uploads\/2026\/03\/ML-\u771f\u7a7a\u5bc6\u5c01\u7f50-19.jpg\" alt=\"MOYA Stainless Steel Vacuum Airtight Canister Set for Coffee Beans, Tea &amp; Food Storage with Colorful Options\" class=\"wp-image-12332\" srcset=\"https:\/\/moyahousehold.com\/wp-content\/uploads\/2026\/03\/ML-\u771f\u7a7a\u5bc6\u5c01\u7f50-19.jpg 800w, https:\/\/moyahousehold.com\/wp-content\/uploads\/2026\/03\/ML-\u771f\u7a7a\u5bc6\u5c01\u7f50-19-300x300.jpg 300w, https:\/\/moyahousehold.com\/wp-content\/uploads\/2026\/03\/ML-\u771f\u7a7a\u5bc6\u5c01\u7f50-19-150x150.jpg 150w, https:\/\/moyahousehold.com\/wp-content\/uploads\/2026\/03\/ML-\u771f\u7a7a\u5bc6\u5c01\u7f50-19-768x768.jpg 768w, https:\/\/moyahousehold.com\/wp-content\/uploads\/2026\/03\/ML-\u771f\u7a7a\u5bc6\u5c01\u7f50-19-12x12.jpg 12w, https:\/\/moyahousehold.com\/wp-content\/uploads\/2026\/03\/ML-\u771f\u7a7a\u5bc6\u5c01\u7f50-19-285x285.jpg 285w, https:\/\/moyahousehold.com\/wp-content\/uploads\/2026\/03\/ML-\u771f\u7a7a\u5bc6\u5c01\u7f50-19-270x270.jpg 270w, https:\/\/moyahousehold.com\/wp-content\/uploads\/2026\/03\/ML-\u771f\u7a7a\u5bc6\u5c01\u7f50-19-540x540.jpg 540w, https:\/\/moyahousehold.com\/wp-content\/uploads\/2026\/03\/ML-\u771f\u7a7a\u5bc6\u5c01\u7f50-19-660x660.jpg 660w\" sizes=\"(max-width: 800px) 100vw, 800px\" \/><\/figure>\n<\/div>\n\n\n\n<div class=\"wp-block-column is-layout-flow wp-block-column-is-layout-flow\">\n<figure class=\"wp-block-image size-full\"><img decoding=\"async\" width=\"800\" height=\"800\" src=\"https:\/\/moyahousehold.com\/wp-content\/uploads\/2026\/03\/ML-\u771f\u7a7a\u5bc6\u5c01\u7f50-15.jpg\" alt=\"MOYA Stainless Steel Vacuum Airtight Canister Set for Coffee Beans, Tea &amp; Food Storage with Colorful Options\" class=\"wp-image-12331\" srcset=\"https:\/\/moyahousehold.com\/wp-content\/uploads\/2026\/03\/ML-\u771f\u7a7a\u5bc6\u5c01\u7f50-15.jpg 800w, https:\/\/moyahousehold.com\/wp-content\/uploads\/2026\/03\/ML-\u771f\u7a7a\u5bc6\u5c01\u7f50-15-300x300.jpg 300w, https:\/\/moyahousehold.com\/wp-content\/uploads\/2026\/03\/ML-\u771f\u7a7a\u5bc6\u5c01\u7f50-15-150x150.jpg 150w, https:\/\/moyahousehold.com\/wp-content\/uploads\/2026\/03\/ML-\u771f\u7a7a\u5bc6\u5c01\u7f50-15-768x768.jpg 768w, https:\/\/moyahousehold.com\/wp-content\/uploads\/2026\/03\/ML-\u771f\u7a7a\u5bc6\u5c01\u7f50-15-12x12.jpg 12w, https:\/\/moyahousehold.com\/wp-content\/uploads\/2026\/03\/ML-\u771f\u7a7a\u5bc6\u5c01\u7f50-15-285x285.jpg 285w, https:\/\/moyahousehold.com\/wp-content\/uploads\/2026\/03\/ML-\u771f\u7a7a\u5bc6\u5c01\u7f50-15-270x270.jpg 270w, https:\/\/moyahousehold.com\/wp-content\/uploads\/2026\/03\/ML-\u771f\u7a7a\u5bc6\u5c01\u7f50-15-540x540.jpg 540w, https:\/\/moyahousehold.com\/wp-content\/uploads\/2026\/03\/ML-\u771f\u7a7a\u5bc6\u5c01\u7f50-15-660x660.jpg 660w\" sizes=\"(max-width: 800px) 100vw, 800px\" \/><\/figure>\n<\/div>\n<\/div>\n\n\n\n<div class=\"wp-block-columns is-layout-flex wp-container-core-columns-is-layout-9d6595d7 wp-block-columns-is-layout-flex\">\n<div class=\"wp-block-column is-layout-flow wp-block-column-is-layout-flow\">\n<figure class=\"wp-block-image size-full\"><img decoding=\"async\" width=\"800\" height=\"800\" src=\"https:\/\/moyahousehold.com\/wp-content\/uploads\/2026\/03\/\u771f\u7a7a\u5bc6\u5c01\u7f50-7.jpg\" alt=\"MOYA Stainless Steel Vacuum Airtight Canister Set for Coffee Beans, Tea &amp; Food Storage with Colorful Options\" class=\"wp-image-12340\" srcset=\"https:\/\/moyahousehold.com\/wp-content\/uploads\/2026\/03\/\u771f\u7a7a\u5bc6\u5c01\u7f50-7.jpg 800w, https:\/\/moyahousehold.com\/wp-content\/uploads\/2026\/03\/\u771f\u7a7a\u5bc6\u5c01\u7f50-7-300x300.jpg 300w, https:\/\/moyahousehold.com\/wp-content\/uploads\/2026\/03\/\u771f\u7a7a\u5bc6\u5c01\u7f50-7-150x150.jpg 150w, https:\/\/moyahousehold.com\/wp-content\/uploads\/2026\/03\/\u771f\u7a7a\u5bc6\u5c01\u7f50-7-768x768.jpg 768w, https:\/\/moyahousehold.com\/wp-content\/uploads\/2026\/03\/\u771f\u7a7a\u5bc6\u5c01\u7f50-7-12x12.jpg 12w, https:\/\/moyahousehold.com\/wp-content\/uploads\/2026\/03\/\u771f\u7a7a\u5bc6\u5c01\u7f50-7-285x285.jpg 285w, https:\/\/moyahousehold.com\/wp-content\/uploads\/2026\/03\/\u771f\u7a7a\u5bc6\u5c01\u7f50-7-270x270.jpg 270w, https:\/\/moyahousehold.com\/wp-content\/uploads\/2026\/03\/\u771f\u7a7a\u5bc6\u5c01\u7f50-7-540x540.jpg 540w, https:\/\/moyahousehold.com\/wp-content\/uploads\/2026\/03\/\u771f\u7a7a\u5bc6\u5c01\u7f50-7-660x660.jpg 660w\" sizes=\"(max-width: 800px) 100vw, 800px\" \/><\/figure>\n<\/div>\n\n\n\n<div class=\"wp-block-column is-layout-flow wp-block-column-is-layout-flow\">\n<figure class=\"wp-block-image size-full\"><img loading=\"lazy\" decoding=\"async\" width=\"800\" height=\"800\" src=\"https:\/\/moyahousehold.com\/wp-content\/uploads\/2026\/03\/ML-\u771f\u7a7a\u5bc6\u5c01\u7f50-38.jpg\" alt=\"MOYA Stainless Steel Vacuum Airtight Canister Set for Coffee Beans, Tea &amp; Food Storage with Colorful Options\" class=\"wp-image-12335\" srcset=\"https:\/\/moyahousehold.com\/wp-content\/uploads\/2026\/03\/ML-\u771f\u7a7a\u5bc6\u5c01\u7f50-38.jpg 800w, https:\/\/moyahousehold.com\/wp-content\/uploads\/2026\/03\/ML-\u771f\u7a7a\u5bc6\u5c01\u7f50-38-300x300.jpg 300w, https:\/\/moyahousehold.com\/wp-content\/uploads\/2026\/03\/ML-\u771f\u7a7a\u5bc6\u5c01\u7f50-38-150x150.jpg 150w, https:\/\/moyahousehold.com\/wp-content\/uploads\/2026\/03\/ML-\u771f\u7a7a\u5bc6\u5c01\u7f50-38-768x768.jpg 768w, https:\/\/moyahousehold.com\/wp-content\/uploads\/2026\/03\/ML-\u771f\u7a7a\u5bc6\u5c01\u7f50-38-12x12.jpg 12w, https:\/\/moyahousehold.com\/wp-content\/uploads\/2026\/03\/ML-\u771f\u7a7a\u5bc6\u5c01\u7f50-38-285x285.jpg 285w, https:\/\/moyahousehold.com\/wp-content\/uploads\/2026\/03\/ML-\u771f\u7a7a\u5bc6\u5c01\u7f50-38-270x270.jpg 270w, https:\/\/moyahousehold.com\/wp-content\/uploads\/2026\/03\/ML-\u771f\u7a7a\u5bc6\u5c01\u7f50-38-540x540.jpg 540w, https:\/\/moyahousehold.com\/wp-content\/uploads\/2026\/03\/ML-\u771f\u7a7a\u5bc6\u5c01\u7f50-38-660x660.jpg 660w\" sizes=\"(max-width: 800px) 100vw, 800px\" \/><\/figure>\n<\/div>\n<\/div>\n\n\n\n<div class=\"wp-block-columns is-layout-flex wp-container-core-columns-is-layout-9d6595d7 wp-block-columns-is-layout-flex\">\n<div class=\"wp-block-column is-layout-flow wp-block-column-is-layout-flow\">\n<figure class=\"wp-block-image size-full\"><img loading=\"lazy\" decoding=\"async\" width=\"3170\" height=\"4226\" src=\"https:\/\/moyahousehold.com\/wp-content\/uploads\/2026\/03\/ML-\u771f\u7a7a\u5bc6\u5c01\u7f50-93.jpg\" alt=\"MOYA Stainless Steel Vacuum Airtight Canister Set for Coffee Beans, Tea &amp; Food Storage with Colorful Options\" class=\"wp-image-12344\" srcset=\"https:\/\/moyahousehold.com\/wp-content\/uploads\/2026\/03\/ML-\u771f\u7a7a\u5bc6\u5c01\u7f50-93.jpg 3170w, https:\/\/moyahousehold.com\/wp-content\/uploads\/2026\/03\/ML-\u771f\u7a7a\u5bc6\u5c01\u7f50-93-225x300.jpg 225w, https:\/\/moyahousehold.com\/wp-content\/uploads\/2026\/03\/ML-\u771f\u7a7a\u5bc6\u5c01\u7f50-93-768x1024.jpg 768w, https:\/\/moyahousehold.com\/wp-content\/uploads\/2026\/03\/ML-\u771f\u7a7a\u5bc6\u5c01\u7f50-93-9x12.jpg 9w, https:\/\/moyahousehold.com\/wp-content\/uploads\/2026\/03\/ML-\u771f\u7a7a\u5bc6\u5c01\u7f50-93-285x380.jpg 285w, https:\/\/moyahousehold.com\/wp-content\/uploads\/2026\/03\/ML-\u771f\u7a7a\u5bc6\u5c01\u7f50-93-1600x2133.jpg 1600w, https:\/\/moyahousehold.com\/wp-content\/uploads\/2026\/03\/ML-\u771f\u7a7a\u5bc6\u5c01\u7f50-93-495x660.jpg 495w, https:\/\/moyahousehold.com\/wp-content\/uploads\/2026\/03\/ML-\u771f\u7a7a\u5bc6\u5c01\u7f50-93-113x150.jpg 113w\" sizes=\"(max-width: 3170px) 100vw, 3170px\" \/><\/figure>\n<\/div>\n\n\n\n<div class=\"wp-block-column is-layout-flow wp-block-column-is-layout-flow\">\n<figure class=\"wp-block-image size-full\"><img loading=\"lazy\" decoding=\"async\" width=\"3571\" height=\"4761\" src=\"https:\/\/moyahousehold.com\/wp-content\/uploads\/2026\/03\/ML-\u771f\u7a7a\u5bc6\u5c01\u7f50-92.jpg\" alt=\"MOYA Stainless Steel Vacuum Airtight Canister Set for Coffee Beans, Tea &amp; Food Storage with Colorful Options\" class=\"wp-image-12343\" srcset=\"https:\/\/moyahousehold.com\/wp-content\/uploads\/2026\/03\/ML-\u771f\u7a7a\u5bc6\u5c01\u7f50-92.jpg 3571w, https:\/\/moyahousehold.com\/wp-content\/uploads\/2026\/03\/ML-\u771f\u7a7a\u5bc6\u5c01\u7f50-92-225x300.jpg 225w, https:\/\/moyahousehold.com\/wp-content\/uploads\/2026\/03\/ML-\u771f\u7a7a\u5bc6\u5c01\u7f50-92-768x1024.jpg 768w, https:\/\/moyahousehold.com\/wp-content\/uploads\/2026\/03\/ML-\u771f\u7a7a\u5bc6\u5c01\u7f50-92-9x12.jpg 9w, https:\/\/moyahousehold.com\/wp-content\/uploads\/2026\/03\/ML-\u771f\u7a7a\u5bc6\u5c01\u7f50-92-285x380.jpg 285w, https:\/\/moyahousehold.com\/wp-content\/uploads\/2026\/03\/ML-\u771f\u7a7a\u5bc6\u5c01\u7f50-92-1600x2133.jpg 1600w, https:\/\/moyahousehold.com\/wp-content\/uploads\/2026\/03\/ML-\u771f\u7a7a\u5bc6\u5c01\u7f50-92-495x660.jpg 495w, https:\/\/moyahousehold.com\/wp-content\/uploads\/2026\/03\/ML-\u771f\u7a7a\u5bc6\u5c01\u7f50-92-113x150.jpg 113w\" sizes=\"(max-width: 3571px) 100vw, 3571px\" \/><\/figure>\n<\/div>\n<\/div>","protected":false},"excerpt":{"rendered":"<h3 class=\"header-ZWWO7s auto-hide-last-sibling-br\">Wholesale Detachable Liner Vacuum Container with Ceramic, Glass &amp; Stainless Steel Options<\/h3>\n<div class=\"auto-hide-last-sibling-br paragraph-jgxDqs paragraph-element br-paragraph-space\">Discover our versatile Vacuum Container featuring detachable liners in premium ceramic, and stainless steel\u2014designed for modern lifestyles that demand functionality, hygiene, and style. Perfect for meal prepping, on-the-go dining, or eco-conscious consumers, these Vacuum Container combine durability with easy maintenance. We offer wholesale pricing and full customization services for bulk orders\u2014contact us to explore partnership opportunities!<\/div>\n<h3 class=\"header-ZWWO7s auto-hide-last-sibling-br\">Hauptmerkmale und Vorteile<\/h3>\n<h4 class=\"header-ZWWO7s auto-hide-last-sibling-br\">1.\u00a0<strong>Edelstahl-Liner<\/strong>:<\/h4>\n<ul class=\"auto-hide-last-sibling-br\">\n<li style=\"list-style-type: none\">\n<ul class=\"auto-hide-last-sibling-br\">\n<li>Der lebensmittelechte 304er Stahl garantiert Langlebigkeit und Korrosionsbest\u00e4ndigkeit.<\/li>\n<li>Leicht und perfekt f\u00fcr kalte Mahlzeiten, Snacks oder auslaufsichere Aufbewahrung.<\/li>\n<\/ul>\n<\/li>\n<\/ul>\n<h4 class=\"header-ZWWO7s auto-hide-last-sibling-br\">2.\u00a0<strong>Abnehmbare Konstruktion f\u00fcr einfache Wartung<\/strong><\/h4>\n<ul class=\"auto-hide-last-sibling-br\">\n<li>Die Liner lassen sich f\u00fcr eine gr\u00fcndliche Reinigung von der Au\u00dfenh\u00fclle trennen (keine schwer zug\u00e4nglichen Ecken).<\/li>\n<li>Auswechselbare Einlagen verl\u00e4ngern die Lebensdauer des Produkts - tauschen Sie die Materialien je nach Mahlzeitentyp oder Vorlieben aus.<\/li>\n<\/ul>\n<h4 class=\"header-ZWWO7s auto-hide-last-sibling-br\">3.\u00a0<strong>Lecksichere und isolierte Konstruktion<\/strong><\/h4>\n<ul class=\"auto-hide-last-sibling-br\">\n<li>Deckel mit Silikondichtung verhindern das Auslaufen von Fl\u00fcssigkeiten, geeignet f\u00fcr Suppen, Salate oder So\u00dfen.<\/li>\n<li>Walled outer shells provide thermal insulation:\n<ul class=\"auto-hide-last-sibling-br\">\n<li>H\u00e4lt hei\u00dfe Speisen 4-6 Stunden lang warm*.<\/li>\n<li>Maintains cold items fresh for 6\u20138 hours<\/li>\n<\/ul>\n<\/li>\n<\/ul>\n<p>&nbsp;<\/p>\n<div class=\"auto-hide-last-sibling-br paragraph-jgxDqs paragraph-element br-paragraph-space\">\n<h4 class=\"header-ZWWO7s auto-hide-last-sibling-br\">4.\u00a0<strong>Umweltvertr\u00e4gliche und sichere Materialien<\/strong><\/h4>\n<ul class=\"auto-hide-last-sibling-br\">\n<li>Alle Eins\u00e4tze und Schalen sind BPA-frei, FDA-zertifiziert und entsprechen den EU-Normen f\u00fcr Lebensmittelsicherheit.<\/li>\n<li>Keramik- und Glaseins\u00e4tze sind ungiftig und frei von Schwermetallen, ideal f\u00fcr gesundheitsbewusste Nutzer.<\/li>\n<\/ul>\n<h3 class=\"header-ZWWO7s auto-hide-last-sibling-br\">Gro\u00dfhandel und kundenspezifische Dienstleistungen<\/h3>\n<div class=\"auto-hide-last-sibling-br paragraph-jgxDqs paragraph-element br-paragraph-space\">Als ein f\u00fchrender Hersteller bieten wir:<\/div>\n<p>&nbsp;<\/p>\n<ul class=\"auto-hide-last-sibling-br\">\n<li><strong>Rabatte bei Gro\u00dfbestellungen<\/strong>: Konkurrenzf\u00e4hige Preise f\u00fcr Bestellungen \u2265200 St\u00fcck, mit ma\u00dfgeschneiderten Angeboten f\u00fcr Gro\u00dfauftr\u00e4ge.<\/li>\n<li><strong>OEM\/ODM-F\u00e4higkeiten<\/strong>:\n<ul class=\"auto-hide-last-sibling-br\">\n<li><strong>Branding<\/strong>: Einbringen von Logos durch Laser\u00e4tzung, Siebdruck oder gepr\u00e4gte Etiketten.<\/li>\n<li><strong>Ma\u00dfgeschneiderte Liner<\/strong>: Beschaffen Sie spezielle Materialien (z. B. farbige Keramik, gemustertes Glas) oder passen Sie die Dicke der Auskleidung an.<\/li>\n<li><strong>Verpackung<\/strong>: Entwerfen Sie individuelle Schachteln, Eins\u00e4tze oder umweltfreundliche Verpackungen, um die Attraktivit\u00e4t f\u00fcr den Einzelhandel zu erh\u00f6hen.<\/li>\n<\/ul>\n<\/li>\n<li><strong>Musterpr\u00fcfung<\/strong>: Fordern Sie kostenlose Muster an, um Materialqualit\u00e4t, Funktionalit\u00e4t und Design vor einer Gro\u00dfbestellung zu beurteilen.<\/li>\n<\/ul>\n<\/div>","protected":false},"featured_media":12330,"comment_status":"closed","ping_status":"closed","template":"","meta":[],"product_cat":[58],"product_tag":[86,124,91,123],"class_list":{"0":"post-12328","1":"product","2":"type-product","3":"status-publish","4":"has-post-thumbnail","6":"product_cat-lunch-box-wholesale","7":"product_tag-wholesale-insulated-lunch-box","8":"product_tag-luch-box","9":"product_tag-wholesale-round-lunch-box","10":"product_tag-vacuum-container","12":"first","13":"instock","14":"shipping-taxable","15":"product-type-simple"},"_links":{"self":[{"href":"https:\/\/moyahousehold.com\/de\/wp-json\/wp\/v2\/product\/12328","targetHints":{"allow":["GET"]}}],"collection":[{"href":"https:\/\/moyahousehold.com\/de\/wp-json\/wp\/v2\/product"}],"about":[{"href":"https:\/\/moyahousehold.com\/de\/wp-json\/wp\/v2\/types\/product"}],"replies":[{"embeddable":true,"href":"https:\/\/moyahousehold.com\/de\/wp-json\/wp\/v2\/comments?post=12328"}],"version-history":[{"count":2,"href":"https:\/\/moyahousehold.com\/de\/wp-json\/wp\/v2\/product\/12328\/revisions"}],"predecessor-version":[{"id":13105,"href":"https:\/\/moyahousehold.com\/de\/wp-json\/wp\/v2\/product\/12328\/revisions\/13105"}],"wp:featuredmedia":[{"embeddable":true,"href":"https:\/\/moyahousehold.com\/de\/wp-json\/wp\/v2\/media\/12330"}],"wp:attachment":[{"href":"https:\/\/moyahousehold.com\/de\/wp-json\/wp\/v2\/media?parent=12328"}],"wp:term":[{"taxonomy":"product_cat","embeddable":true,"href":"https:\/\/moyahousehold.com\/de\/wp-json\/wp\/v2\/product_cat?post=12328"},{"taxonomy":"product_tag","embeddable":true,"href":"https:\/\/moyahousehold.com\/de\/wp-json\/wp\/v2\/product_tag?post=12328"}],"curies":[{"name":"wp","href":"https:\/\/api.w.org\/{rel}","templated":true}]}}