{"id":12426,"date":"2026-04-01T06:19:36","date_gmt":"2026-04-01T05:39:43","guid":{"rendered":"https:\/\/moyahousehold.com\/?post_type=product&#038;p=12426"},"modified":"2026-04-01T06:21:48","modified_gmt":"2026-04-01T06:21:48","slug":"eco-friendly-food-grade-stainless-steel-soup-jar-airtight-leakproof-stackable-korean-style-food-storage-container","status":"publish","type":"product","link":"https:\/\/moyahousehold.com\/de\/produkt\/eco-friendly-food-grade-stainless-steel-soup-jar-airtight-leakproof-stackable-korean-style-food-storage-container\/","title":{"rendered":"Eco-Friendly Food Grade Stainless Steel Soup Jar | Airtight Leakproof Stackable Korean Style Food Storage Container"},"content":{"rendered":"<h2 class=\"wp-block-heading\">Parameters of Stackable Soup Jar<\/h2>\n\n\n\n<p><strong>Material:<\/strong> Outer 201 + Inner 304 + PP+ Silicone <strong> Farbe:<\/strong> Beige\/Khaki\/Nature<\/p>\n\n\n\n<figure class=\"wp-block-table\"><table><tbody><tr><td>Modellnummer<\/td><td>Kapazit\u00e4t<\/td><td>PCS\/Koffer<\/td><\/tr><tr><td>MYCQH003<\/td><td>Small*1 + Big*1<\/td><td>36<\/td><\/tr><tr><td>MYCQH004<\/td><td>Small*2 + Big*1<\/td><td>24<\/td><\/tr><tr><td>MYCQH005<\/td><td>Small*2 + Big*2<\/td><td>18<\/td><\/tr><\/tbody><\/table><\/figure>\n\n\n\n<h3 class=\"wp-block-heading\">Customized Soup Jar Options<\/h3>\n\n\n\n<p><strong>Logo: <\/strong>Gestalten Sie Ihr Markenlogo auf Bento-Boxen und Verpackungen.<br><strong>Logo-Optionen:<\/strong> Printed logo, laser engraved logo, etc.<br><strong>Muster: <\/strong>Druckmuster <br><strong>Drucktechnik: <\/strong>Water transfer printing, silk screen printing, heat transfer printing, sublimation transfer, etc.<br><strong>Verpackung: <\/strong>Color box<br><a href=\"https:\/\/moyahousehold.com\/de\/individuelle-losung\/\"><strong>Erfahren Sie mehr \u00fcber ma\u00dfgeschneiderte Bento-Box-L\u00f6sungen<\/strong><\/a><\/p>\n\n\n\n<div class=\"wp-block-columns is-layout-flex wp-container-core-columns-is-layout-9d6595d7 wp-block-columns-is-layout-flex\">\n<div class=\"wp-block-column is-layout-flow wp-block-column-is-layout-flow\">\n<figure class=\"wp-block-image size-full\"><img fetchpriority=\"high\" decoding=\"async\" width=\"800\" height=\"800\" src=\"https:\/\/moyahousehold.com\/wp-content\/uploads\/2026\/04\/5.png\" alt=\"Stackable Stainless Steel Vacuum Insulated Soup Jar Set with Insulated Lunch Bag\" class=\"wp-image-12433\" srcset=\"https:\/\/moyahousehold.com\/wp-content\/uploads\/2026\/04\/5.png 800w, https:\/\/moyahousehold.com\/wp-content\/uploads\/2026\/04\/5-300x300.png 300w, https:\/\/moyahousehold.com\/wp-content\/uploads\/2026\/04\/5-150x150.png 150w, https:\/\/moyahousehold.com\/wp-content\/uploads\/2026\/04\/5-768x768.png 768w, https:\/\/moyahousehold.com\/wp-content\/uploads\/2026\/04\/5-12x12.png 12w, https:\/\/moyahousehold.com\/wp-content\/uploads\/2026\/04\/5-285x285.png 285w, https:\/\/moyahousehold.com\/wp-content\/uploads\/2026\/04\/5-270x270.png 270w, https:\/\/moyahousehold.com\/wp-content\/uploads\/2026\/04\/5-540x540.png 540w, https:\/\/moyahousehold.com\/wp-content\/uploads\/2026\/04\/5-660x660.png 660w\" sizes=\"(max-width: 800px) 100vw, 800px\" \/><\/figure>\n<\/div>\n\n\n\n<div class=\"wp-block-column is-layout-flow wp-block-column-is-layout-flow\">\n<figure class=\"wp-block-image size-full\"><img decoding=\"async\" width=\"800\" height=\"800\" src=\"https:\/\/moyahousehold.com\/wp-content\/uploads\/2026\/04\/3.png\" alt=\"Stackable Stainless Steel Vacuum Insulated Soup Jar Set with Insulated Lunch Bag\" class=\"wp-image-12437\" srcset=\"https:\/\/moyahousehold.com\/wp-content\/uploads\/2026\/04\/3.png 800w, https:\/\/moyahousehold.com\/wp-content\/uploads\/2026\/04\/3-300x300.png 300w, https:\/\/moyahousehold.com\/wp-content\/uploads\/2026\/04\/3-150x150.png 150w, https:\/\/moyahousehold.com\/wp-content\/uploads\/2026\/04\/3-768x768.png 768w, https:\/\/moyahousehold.com\/wp-content\/uploads\/2026\/04\/3-12x12.png 12w, https:\/\/moyahousehold.com\/wp-content\/uploads\/2026\/04\/3-285x285.png 285w, https:\/\/moyahousehold.com\/wp-content\/uploads\/2026\/04\/3-270x270.png 270w, https:\/\/moyahousehold.com\/wp-content\/uploads\/2026\/04\/3-540x540.png 540w, https:\/\/moyahousehold.com\/wp-content\/uploads\/2026\/04\/3-660x660.png 660w\" sizes=\"(max-width: 800px) 100vw, 800px\" \/><\/figure>\n<\/div>\n<\/div>\n\n\n\n<div class=\"wp-block-columns is-layout-flex wp-container-core-columns-is-layout-9d6595d7 wp-block-columns-is-layout-flex\">\n<div class=\"wp-block-column is-layout-flow wp-block-column-is-layout-flow\">\n<figure class=\"wp-block-image size-full\"><img decoding=\"async\" width=\"800\" height=\"800\" src=\"https:\/\/moyahousehold.com\/wp-content\/uploads\/2026\/04\/4.png\" alt=\"Stackable Stainless Steel Vacuum Insulated Soup Jar Set with Insulated Lunch Bag\" class=\"wp-image-12432\" srcset=\"https:\/\/moyahousehold.com\/wp-content\/uploads\/2026\/04\/4.png 800w, https:\/\/moyahousehold.com\/wp-content\/uploads\/2026\/04\/4-300x300.png 300w, https:\/\/moyahousehold.com\/wp-content\/uploads\/2026\/04\/4-150x150.png 150w, https:\/\/moyahousehold.com\/wp-content\/uploads\/2026\/04\/4-768x768.png 768w, https:\/\/moyahousehold.com\/wp-content\/uploads\/2026\/04\/4-12x12.png 12w, https:\/\/moyahousehold.com\/wp-content\/uploads\/2026\/04\/4-285x285.png 285w, https:\/\/moyahousehold.com\/wp-content\/uploads\/2026\/04\/4-270x270.png 270w, https:\/\/moyahousehold.com\/wp-content\/uploads\/2026\/04\/4-540x540.png 540w, https:\/\/moyahousehold.com\/wp-content\/uploads\/2026\/04\/4-660x660.png 660w\" sizes=\"(max-width: 800px) 100vw, 800px\" \/><\/figure>\n<\/div>\n\n\n\n<div class=\"wp-block-column is-layout-flow wp-block-column-is-layout-flow\">\n<figure class=\"wp-block-image size-full\"><img loading=\"lazy\" decoding=\"async\" width=\"800\" height=\"800\" src=\"https:\/\/moyahousehold.com\/wp-content\/uploads\/2026\/04\/1.png\" alt=\"Stackable Stainless Steel Vacuum Insulated Soup Jar Set with Insulated Lunch Bag\" class=\"wp-image-12436\" srcset=\"https:\/\/moyahousehold.com\/wp-content\/uploads\/2026\/04\/1.png 800w, https:\/\/moyahousehold.com\/wp-content\/uploads\/2026\/04\/1-300x300.png 300w, https:\/\/moyahousehold.com\/wp-content\/uploads\/2026\/04\/1-150x150.png 150w, https:\/\/moyahousehold.com\/wp-content\/uploads\/2026\/04\/1-768x768.png 768w, https:\/\/moyahousehold.com\/wp-content\/uploads\/2026\/04\/1-12x12.png 12w, https:\/\/moyahousehold.com\/wp-content\/uploads\/2026\/04\/1-285x285.png 285w, https:\/\/moyahousehold.com\/wp-content\/uploads\/2026\/04\/1-270x270.png 270w, https:\/\/moyahousehold.com\/wp-content\/uploads\/2026\/04\/1-540x540.png 540w, https:\/\/moyahousehold.com\/wp-content\/uploads\/2026\/04\/1-660x660.png 660w\" sizes=\"(max-width: 800px) 100vw, 800px\" \/><\/figure>\n<\/div>\n<\/div>\n\n\n\n<div class=\"wp-block-columns is-layout-flex wp-container-core-columns-is-layout-9d6595d7 wp-block-columns-is-layout-flex\">\n<div class=\"wp-block-column is-layout-flow wp-block-column-is-layout-flow\">\n<figure class=\"wp-block-image size-full\"><img loading=\"lazy\" decoding=\"async\" width=\"4160\" height=\"6240\" src=\"https:\/\/moyahousehold.com\/wp-content\/uploads\/2026\/04\/3.jpg\" alt=\"Stackable Stainless Steel Vacuum Insulated Soup Jar Set with Insulated Lunch Bag\" class=\"wp-image-12434\" srcset=\"https:\/\/moyahousehold.com\/wp-content\/uploads\/2026\/04\/3.jpg 4160w, https:\/\/moyahousehold.com\/wp-content\/uploads\/2026\/04\/3-200x300.jpg 200w, https:\/\/moyahousehold.com\/wp-content\/uploads\/2026\/04\/3-768x1152.jpg 768w, https:\/\/moyahousehold.com\/wp-content\/uploads\/2026\/04\/3-8x12.jpg 8w, https:\/\/moyahousehold.com\/wp-content\/uploads\/2026\/04\/3-285x428.jpg 285w, https:\/\/moyahousehold.com\/wp-content\/uploads\/2026\/04\/3-1600x2400.jpg 1600w, https:\/\/moyahousehold.com\/wp-content\/uploads\/2026\/04\/3-440x660.jpg 440w, https:\/\/moyahousehold.com\/wp-content\/uploads\/2026\/04\/3-100x150.jpg 100w\" sizes=\"(max-width: 4160px) 100vw, 4160px\" \/><\/figure>\n<\/div>\n\n\n\n<div class=\"wp-block-column is-layout-flow wp-block-column-is-layout-flow\">\n<figure class=\"wp-block-image size-full\"><img loading=\"lazy\" decoding=\"async\" width=\"4160\" height=\"6240\" src=\"https:\/\/moyahousehold.com\/wp-content\/uploads\/2026\/04\/5.jpg\" alt=\"Stackable Stainless Steel Vacuum Insulated Soup Jar Set with Insulated Lunch Bag\" class=\"wp-image-12435\" srcset=\"https:\/\/moyahousehold.com\/wp-content\/uploads\/2026\/04\/5.jpg 4160w, https:\/\/moyahousehold.com\/wp-content\/uploads\/2026\/04\/5-200x300.jpg 200w, https:\/\/moyahousehold.com\/wp-content\/uploads\/2026\/04\/5-768x1152.jpg 768w, https:\/\/moyahousehold.com\/wp-content\/uploads\/2026\/04\/5-8x12.jpg 8w, https:\/\/moyahousehold.com\/wp-content\/uploads\/2026\/04\/5-285x428.jpg 285w, https:\/\/moyahousehold.com\/wp-content\/uploads\/2026\/04\/5-1600x2400.jpg 1600w, https:\/\/moyahousehold.com\/wp-content\/uploads\/2026\/04\/5-440x660.jpg 440w, https:\/\/moyahousehold.com\/wp-content\/uploads\/2026\/04\/5-100x150.jpg 100w\" sizes=\"(max-width: 4160px) 100vw, 4160px\" \/><\/figure>\n<\/div>\n<\/div>","protected":false},"excerpt":{"rendered":"<p>Wholesale stackable round soup jar. This macaron color round insulated soup jar is not only stylish in design, but also has good heat preservation effect, which can keep food warm for up to 8-10 hours. It is made of medical grade 304 steel, which is not only more durable but also better protects your health. We not only provide lunch box wholesale service, but also provide professional customized soup jar solutions. Welcome to contact us.<\/p>\n<h3>Features and Benefits of Stackable Round Soup Jar<\/h3>\n<p><strong>Modisch und h\u00fcbsch anzusehen<\/strong>Mode Macaron Farbe Aussehen, niedlich Runde Design, einfach, voller Vitalit\u00e4t.<\/p>\n<p><strong>Stapelbares Design:<\/strong> The soup jar adopts a stackable design, which can be easily stacked and saves storage space.<\/p>\n<p><strong>Leicht und praktisch:<\/strong> Klein und leicht, einfach zu tragen, geeignet f\u00fcr verschiedene Gelegenheiten, kann beim Ausgehen, Arbeiten, Fitness, etc. verwendet werden.<\/p>\n<p><strong>Hochwertiger Liner:<\/strong> The lining of the cute round soup jar is made of medical-grade 304 stainless steel to ensure food safety and health.<\/p>\n<p><strong>PP-Schale:<\/strong>\u00a0 PP is used in the round soup jar shell, which will be more durable and improve the insulation effect to prevent outside temperature fluctuations from affecting the inner temperature.<\/p>\n<p><strong>Ausgezeichnete Isolierwirkung:<\/strong> Das Vakuumschichtdesign sorgt f\u00fcr einen hervorragenden Isolationseffekt und h\u00e4lt die Temperatur und die N\u00e4hrstoffe effektiv fest.<\/p>","protected":false},"featured_media":12428,"comment_status":"closed","ping_status":"closed","template":"","meta":[],"product_cat":[58],"product_tag":[86,91],"class_list":{"0":"post-12426","1":"product","2":"type-product","3":"status-publish","4":"has-post-thumbnail","6":"product_cat-lunch-box-wholesale","7":"product_tag-wholesale-insulated-lunch-box","8":"product_tag-wholesale-round-lunch-box","10":"first","11":"instock","12":"shipping-taxable","13":"product-type-simple"},"_links":{"self":[{"href":"https:\/\/moyahousehold.com\/de\/wp-json\/wp\/v2\/product\/12426","targetHints":{"allow":["GET"]}}],"collection":[{"href":"https:\/\/moyahousehold.com\/de\/wp-json\/wp\/v2\/product"}],"about":[{"href":"https:\/\/moyahousehold.com\/de\/wp-json\/wp\/v2\/types\/product"}],"replies":[{"embeddable":true,"href":"https:\/\/moyahousehold.com\/de\/wp-json\/wp\/v2\/comments?post=12426"}],"version-history":[{"count":0,"href":"https:\/\/moyahousehold.com\/de\/wp-json\/wp\/v2\/product\/12426\/revisions"}],"wp:featuredmedia":[{"embeddable":true,"href":"https:\/\/moyahousehold.com\/de\/wp-json\/wp\/v2\/media\/12428"}],"wp:attachment":[{"href":"https:\/\/moyahousehold.com\/de\/wp-json\/wp\/v2\/media?parent=12426"}],"wp:term":[{"taxonomy":"product_cat","embeddable":true,"href":"https:\/\/moyahousehold.com\/de\/wp-json\/wp\/v2\/product_cat?post=12426"},{"taxonomy":"product_tag","embeddable":true,"href":"https:\/\/moyahousehold.com\/de\/wp-json\/wp\/v2\/product_tag?post=12426"}],"curies":[{"name":"wp","href":"https:\/\/api.w.org\/{rel}","templated":true}]}}